{"id":1512,"date":"2021-12-13T07:19:45","date_gmt":"2021-12-13T07:19:45","guid":{"rendered":"https:\/\/taizyagromachine.com\/?p=1512"},"modified":"2024-02-06T10:28:46","modified_gmt":"2024-02-06T02:28:46","slug":"60tpd-rice-mill-plant","status":"publish","type":"product","link":"https:\/\/taizyagromachine.com\/es\/product\/60tpd-rice-mill-plant\/","title":{"rendered":"Planta de procesamiento de molino de arroz 60TPD"},"content":{"rendered":"<p class=\"translation-block\"><strong>Planta de procesamiento de molino de arroz de 60 TPD<\/strong> es un equipo de procesamiento de arroz con una capacidad de 60 toneladas por d\u00eda. Esta unidad de procesamiento de molino de arroz presenta una alta tasa de arroz fino y una baja tasa de rotura debido a tecnolog\u00eda avanzada. Integra destonado, descascarillado de arroz, molienda de arroz, clasificaci\u00f3n de arroz, clasificaci\u00f3n por color y envasado. <\/p>    <p>Por lo tanto, es una excelente planta de molino de arroz para la f\u00e1brica de molienda de arroz y los propietarios de granjas. Adem\u00e1s, podemos proporcionar una planta de molino de arroz completa de 60 tpd de acuerdo con sus demandas. Adem\u00e1s, esta fresadora de arroz comercial es suministrada directamente por la f\u00e1brica, por lo que se puede garantizar la calidad. <\/p>    <p>\u00bfTiene inter\u00e9s en equipos de molienda de arroz? \u00a1Bienvenido, cont\u00e1ctenos para m\u00e1s detalles!<\/p>    <figure class=\"wp-block-embed is-type-video is-provider-youtube wp-block-embed-youtube wp-embed-aspect-16-9 wp-has-aspect-ratio\"><div class=\"wp-block-embed__wrapper\"> <iframe loading=\"lazy\" title=\"Revelando excelencia: \u00a1Exhibici\u00f3n y demostraci\u00f3n de la fresadora de arroz de 60 toneladas! \ud83c\udf3e\u2728#ricemill #ricemilling\" width=\"500\" height=\"281\" src=\"https:\/\/www.youtube.com\/embed\/DFJ1pZxTMuU?feature=oembed\" frameborder=\"0\" allow=\"accelerometer; autoplay; clipboard-write; encrypted-media; gyroscope; picture-in-picture; web-share\" referrerpolicy=\"strict-origin-when-cross-origin\" allowfullscreen><\/iframe> <\/div><figcaption class=\"wp-element-caption\">V\u00eddeo de introducci\u00f3n y funcionamiento del molino de arroz. <\/figcaption><\/figure>    <h2 class=\"wp-block-heading\"><strong>\u00bfQu\u00e9 m\u00e1quina se utiliza en la molienda de arroz?<\/strong><\/h2>    <p>Nuestra planta procesadora de molino de arroz de 60 tpd viene en diferentes configuraciones, con diferentes configuraciones combinadas con diferentes n\u00fameros de m\u00e1quinas, pero en t\u00e9rminos generales, el equipo en la unidad de molienda es m\u00e1s o menos el mismo. <\/p>    <figure class=\"wp-block-gallery aligncenter has-nested-images columns-default is-cropped wp-block-gallery-2 is-layout-flex wp-block-gallery-is-layout-flex\"> <figure class=\"wp-block-image size-large\"><img loading=\"lazy\" decoding=\"async\" width=\"720\" height=\"540\" data-id=\"6384\" src=\"https:\/\/taizyagromachine.com\/wp-content\/uploads\/2021\/12\/auto-rice-mill-plant-with-3-rice-millers.webp\" alt=\"Planta de molino de arroz autom\u00e1tico con 3 molineros de arroz.\" class=\"wp-image-6384\"\/><figcaption class=\"wp-element-caption\">Planta de molino de arroz autom\u00e1tico con 3 molineros de arroz.<\/figcaption><\/figure>    <figure class=\"wp-block-image size-large\"><img loading=\"lazy\" decoding=\"async\" width=\"720\" height=\"540\" data-id=\"6385\" src=\"https:\/\/taizyagromachine.com\/wp-content\/uploads\/2021\/12\/industrial-rice-milling-machine-with-2-rice-millers.webp\" alt=\"Fresadora de arroz industrial con 2 molineros de arroz.\" class=\"wp-image-6385\"\/><figcaption class=\"wp-element-caption\">Fresadora de arroz industrial con 2 molineros de arroz.<\/figcaption><\/figure> <\/figure>    <p>La lista de m\u00e1quinas utilizadas en el molino de arroz se muestra a continuaci\u00f3n:<\/p>    <p class=\"translation-block\"><strong>Pre-limpiador y destonador<\/strong>: Retire piedras, tierra, paja, semillas de hierba y otras impurezas del arroz en c\u00e1scara. Utilizando cribado y clasificaci\u00f3n por viento, asegura que el arroz en c\u00e1scara que entra en el siguiente proceso est\u00e9 limpio y libre de impurezas.<\/p>    <p class=\"translation-block\"><strong>Descascarillador de arroz<\/strong>: Separe la c\u00e1scara exterior (cascarilla) del grano interior (arroz integral) del arroz en c\u00e1scara mediante fuerza mec\u00e1nica para realizar el proceso de descascarillado.<\/p>    <p class=\"translation-block\"><strong>Separador de arroz en c\u00e1scara por gravedad<\/strong>: Separe eficazmente la mezcla (arroz integral y salvado) obtenida despu\u00e9s del descascarillado, para separar el arroz integral del salvado y mejorar la pureza del arroz integral.<\/p>    <p class=\"translation-block\"><strong>M\u00e1quina de molienda de arroz<\/strong>: Adoptando el principio de molienda, la capa de salvado en la superficie del arroz integral se elimina gradualmente sin destruir el endospermo del arroz, y se obtiene arroz blanco. Dependiendo de los requisitos del proceso, puede ser necesario pasar por varios procesos de pulido para garantizar la calidad.<\/p>    <p class=\"translation-block\"><strong>M\u00e1quina pulidora<\/strong>: Pula el arroz molido para eliminar a\u00fan m\u00e1s el salvado microsc\u00f3pico residual y dar al arroz una apariencia suave y brillante para mejorar su valor comercial.<\/p>    <p class=\"translation-block\"><strong>Clasificador de arroz<\/strong>: Seg\u00fan el tama\u00f1o, la forma y la calidad de las part\u00edculas de arroz, se realizan cribados y clasificaciones para garantizar que el producto final sea de especificaci\u00f3n uniforme y cumpla con los requisitos de los diferentes mercados para el tama\u00f1o del grano de arroz.<\/p>    <p class=\"translation-block\"><strong>Clasificador por color<\/strong>: Identifique y rechace productos defectuosos como granos de diferente color y granos enfermos a trav\u00e9s de sensores fotoel\u00e9ctricos, para mejorar la calidad general y la seguridad alimentaria del arroz terminado.<\/p>    <p class=\"translation-block\"><strong>M\u00e1quina envasadora<\/strong>: Pesaje, llenado, sellado y marcado autom\u00e1ticos, completando el envasado estandarizado de los productos, lo cual es conveniente para el transporte, almacenamiento y venta.<\/p>    <figure class=\"wp-block-gallery aligncenter has-nested-images columns-default is-cropped wp-block-gallery-3 is-layout-flex wp-block-gallery-is-layout-flex\"> <figure class=\"wp-block-image size-large\"><img loading=\"lazy\" decoding=\"async\" width=\"720\" height=\"540\" data-id=\"6391\" src=\"https:\/\/taizyagromachine.com\/wp-content\/uploads\/2021\/12\/complete-rice-milling-plant-machinery-in-the-rice-mill-factory.webp\" alt=\"Maquinaria completa de la planta de molienda de arroz en la f\u00e1brica de molino de arroz.\" class=\"wp-image-6391\"\/><figcaption class=\"wp-element-caption\">Maquinaria completa de la planta de molienda de arroz en la f\u00e1brica de molino de arroz.<\/figcaption><\/figure>    <figure class=\"wp-block-image size-large\"><img loading=\"lazy\" decoding=\"async\" width=\"720\" height=\"540\" data-id=\"6392\" src=\"https:\/\/taizyagromachine.com\/wp-content\/uploads\/2021\/12\/machine-for-rice-mill.webp\" alt=\"maquina para molino de arroz\" class=\"wp-image-6392\"\/><figcaption class=\"wp-element-caption\">maquina para molino de arroz<\/figcaption><\/figure> <\/figure>    <h2 class=\"wp-block-heading\"><strong>Par\u00e1metros t\u00e9cnicos de la moderna planta de molino de arroz<\/strong><\/h2>    <figure class=\"wp-block-table\"><table><tbody><tr><td>Marca<\/td><td>Taizy<\/td><\/tr><tr><td>Nombre de la m\u00e1quina<\/td><td>Planta de molino de arroz 60TPD<\/td><\/tr><tr><td>Modelo<\/td><td>MCTP60<\/td><\/tr><tr><td>capacidad<\/td><td>2200-2600kg\/hora<\/td><\/tr><tr><td>Grano aplicable<\/td><td>arroz con c\u00e1scara<\/td><\/tr><tr><td>Fuerza<\/td><td>143kw<\/td><\/tr><tr><td>Tama\u00f1o<\/td><td>13500*2900*4500mm<\/td><\/tr><\/tbody><\/table><figcaption class=\"wp-element-caption\">Par\u00e1metros t\u00e9cnicos de la planta procesadora de molino de arroz para la venta.<\/figcaption><\/figure>    <h2 class=\"wp-block-heading\"><strong>Estructura de la planta de procesamiento de molino de arroz autom\u00e1tico de 60 tpd a la venta<\/strong><\/h2>    <p>En Taizy Machine Company, la moderna planta de molino de arroz de 60 tpd a la venta incluye limpiadora, despedregadora, descascaradora de arroz, tres molinos de arroz y clasificadora de arroz blanco.<\/p>   <div class=\"wp-block-image\"> <figure class=\"aligncenter size-full\"><img loading=\"lazy\" decoding=\"async\" width=\"720\" height=\"540\" src=\"https:\/\/taizyagromachine.com\/wp-content\/uploads\/2022\/02\/structure-of-60t.jpg\" alt=\"Estructura de la planta de molino de arroz de 60 tpd.\" class=\"wp-image-2034\" srcset=\"https:\/\/taizyagromachine.com\/wp-content\/uploads\/2022\/02\/structure-of-60t.jpg 720w, https:\/\/taizyagromachine.com\/wp-content\/uploads\/2022\/02\/structure-of-60t-300x225.jpg 300w\" sizes=\"auto, (max-width: 720px) 100vw, 720px\" \/><figcaption class=\"wp-element-caption\">Estructura de la planta de procesamiento de molino de arroz de 60 tpd.<\/figcaption><\/figure> <\/div>   <h2 class=\"wp-block-heading\" id=\"process-flow-chart\"><strong>Diagrama de flujo del proceso de la planta procesadora de molino de arroz<\/strong><\/h2>    <p>En este diagrama de flujo se puede ver c\u00f3mo funciona la planta de molienda de arroz. Le ayuda significativamente a comprender el proceso de trabajo y a familiarizarse con la planta de m\u00e1quinas.<\/p>   <div class=\"wp-block-image\"> <figure class=\"aligncenter size-full\"><img loading=\"lazy\" decoding=\"async\" width=\"720\" height=\"540\" src=\"https:\/\/taizyagromachine.com\/wp-content\/uploads\/2022\/02\/work-flow-38tpd.jpg\" alt=\"flujo de trabajo de la planta procesadora de molino de arroz\" class=\"wp-image-1983\" srcset=\"https:\/\/taizyagromachine.com\/wp-content\/uploads\/2022\/02\/work-flow-38tpd.jpg 720w, https:\/\/taizyagromachine.com\/wp-content\/uploads\/2022\/02\/work-flow-38tpd-300x225.jpg 300w\" sizes=\"auto, (max-width: 720px) 100vw, 720px\" \/><figcaption class=\"wp-element-caption\">flujo de trabajo de la planta procesadora de molino de arroz<\/figcaption><\/figure> <\/div>   <h2 class=\"wp-block-heading\" id=\"advantages\"><strong>Ventajas de la m\u00e1quina de molino de arroz combinada<\/strong><\/h2>    <ul class=\"wp-block-list\"> <li>Las m\u00e1quinas individuales para la planta de molino de arroz de 60tdp se muestran en una l\u00ednea, ordenadas y hermosas.<\/li>    <li>La parte de molienda de arroz del equipo adopta tecnolog\u00eda avanzada de molienda de arroz, baja temperatura del arroz, poco salvado y baja tasa de rotura.<\/li>    <li>La operaci\u00f3n principal se concentra en un lado, conveniente para operar.<\/li>    <li>Ahorro de energ\u00eda, protecci\u00f3n del medio ambiente, operaci\u00f3n simple, mantenimiento conveniente y durabilidad.<\/li>    <li>Gran capacidad, velocidad r\u00e1pida, rendimiento estable.<\/li>    <li>Colocaci\u00f3n diferente. Podemos recomendarle la planta de molino de arroz de 60 tpd adecuada para satisfacer sus necesidades.<\/li> <\/ul>    <h2 class=\"wp-block-heading\" id=\"machines-that-can-be-equipped\"><strong>M\u00e1quinas opcionales para unidad completa de molino de arroz<\/strong><\/h2>    <p>La m\u00e1quina de planta procesadora de molino de arroz de 60 tpd tiene diferentes ubicaciones para lograr el objetivo requerido. Basado en esta planta de molino de arroz de 60 tpd, tambi\u00e9n tenemos otras m\u00e1quinas para colocar.<\/p>    <p class=\"translation-block\"><strong>Pulidora de arroz<\/strong><\/p>    <p>Esta m\u00e1quina se utiliza para la l\u00ednea de producci\u00f3n de molinos de arroz y funciona para hacer que el arroz sea m\u00e1s blanco y suave.<\/p>    <p class=\"translation-block\"><strong>Clasificador por color<\/strong><\/p>    <p>El clasificador de color puede diferenciar entre arroz blanco bueno y arroz negro con moho. Para el arroz blanco de buena calidad, ayuda mucho.<\/p>    <p class=\"translation-block\"><strong>M\u00e1quina envasadora<\/strong><\/p>    <p>Debido a que el objetivo final es la comercializaci\u00f3n del arroz blanco, el paquete es el paso necesario. Esta m\u00e1quina empacadora para esta planta de molienda de arroz var\u00eda entre 5 kg y 50 kg. Por tanto, es muy pr\u00e1ctico.<\/p>    <p>De lo anterior, podemos encontrar que una l\u00ednea completa de producci\u00f3n de molino de arroz para la venta tiene una ubicaci\u00f3n diferente para satisfacer los requisitos de su negocio.<\/p>   <div class=\"wp-block-image\"> <figure class=\"aligncenter size-full\"><img loading=\"lazy\" decoding=\"async\" width=\"720\" height=\"540\" src=\"https:\/\/taizyagromachine.com\/wp-content\/uploads\/2022\/02\/60tpd-complete-rice-mill-production-line.jpg\" alt=\"L\u00ednea completa de producci\u00f3n de molino de arroz de 60 tpd\" class=\"wp-image-2035\" srcset=\"https:\/\/taizyagromachine.com\/wp-content\/uploads\/2022\/02\/60tpd-complete-rice-mill-production-line.jpg 720w, https:\/\/taizyagromachine.com\/wp-content\/uploads\/2022\/02\/60tpd-complete-rice-mill-production-line-300x225.jpg 300w\" sizes=\"auto, (max-width: 720px) 100vw, 720px\" \/><figcaption class=\"wp-element-caption\">L\u00ednea completa de producci\u00f3n de molino de arroz de 60 tpd<\/figcaption><\/figure> <\/div>   <h2 class=\"wp-block-heading\"><strong>Servicio ofrecido en fresadora de arroz combinada<\/strong><\/h2>    <p>Para las unidades de molienda de arroz, se puede proporcionar la siguiente gama de servicios:<\/p>    <ul class=\"wp-block-list\"> <li><strong>Venta y personalizaci\u00f3n de equipos.<\/strong>: Proporcionar juegos completos de equipos para plantas de procesamiento de molinos de arroz con diferentes escalas de producci\u00f3n, como <a href=\"https:\/\/taizyagromachine.com\/es\/product\/15tpd-rice-mill-plant\/\">Unidad de molino de arroz 15TPD<\/a>, 25TPD, etc., y podemos personalizar las fresadoras de arroz con especificaciones y configuraciones especiales seg\u00fan sus necesidades.<\/li>    <li><strong>Asesoramiento t\u00e9cnico y dise\u00f1o.<\/strong>: De acuerdo con sus necesidades espec\u00edficas, las caracter\u00edsticas de la materia prima y las condiciones del sitio, brindamos servicios profesionales de consultor\u00eda t\u00e9cnica y dise\u00f1o de l\u00ednea de producci\u00f3n de molienda de arroz.<\/li>    <li><strong>Soporte y mantenimiento postventa<\/strong>: Reparaci\u00f3n o sustituci\u00f3n gratuita de piezas defectuosas durante el per\u00edodo de garant\u00eda del equipo; Proporcionar soporte t\u00e9cnico oportuno y servicios de mantenimiento pagados fuera del per\u00edodo de garant\u00eda.<\/li>    <li><strong>Suministro de piezas<\/strong>: Suministro a largo plazo de todo tipo de repuestos originales requeridos por la planta procesadora del molino de arroz, para asegurar la calidad y compatibilidad de los repuestos requeridos en el proceso de uso del equipo.<\/li> <\/ul>    <figure class=\"wp-block-gallery aligncenter has-nested-images columns-default is-cropped wp-block-gallery-4 is-layout-flex wp-block-gallery-is-layout-flex\"> <figure class=\"wp-block-image size-large\"><img loading=\"lazy\" decoding=\"async\" width=\"720\" height=\"540\" data-id=\"6394\" src=\"https:\/\/taizyagromachine.com\/wp-content\/uploads\/2021\/12\/industrial-rice-milling-machine-for-sale.webp\" alt=\"Venta de fresadora de arroz industrial.\" class=\"wp-image-6394\"\/><figcaption class=\"wp-element-caption\">Venta de fresadora de arroz industrial.<\/figcaption><\/figure>    <figure class=\"wp-block-image size-large\"><img loading=\"lazy\" decoding=\"async\" width=\"720\" height=\"540\" data-id=\"6395\" src=\"https:\/\/taizyagromachine.com\/wp-content\/uploads\/2021\/12\/rice-mill-processing-plant-for-sale.webp\" alt=\"planta procesadora de molino de arroz para la venta\" class=\"wp-image-6395\"\/><figcaption class=\"wp-element-caption\">planta procesadora de molino de arroz para la venta<\/figcaption><\/figure> <\/figure>    <h2 class=\"wp-block-heading\"><strong>\u00a1Inicie el negocio de molienda de arroz ahora!<\/strong><\/h2>    <p class=\"translation-block\">Cont\u00e1ctenos r\u00e1pidamente, dise\u00f1aremos una combinaci\u00f3n de m\u00e1quinas razonable para usted de acuerdo con sus necesidades espec\u00edficas, para satisfacer las diferentes necesidades de llevar a cabo la <a href=\"https:\/\/en.wikipedia.org\/wiki\/Rice_mill\" target=\"_blank\" rel=\"noopener\">molienda de arroz<\/a>.<\/p>","protected":false},"excerpt":{"rendered":"<p>La planta de procesamiento de molino de arroz 60TPD producir\u00e1 arroz blanco comestible para la venta, con una capacidad de 60 toneladas por d\u00eda, desde la molienda hasta el envasado de arroz. Presentamos todas las m\u00e1quinas utilizadas en el molino de arroz.<\/p>","protected":false},"author":1,"featured_media":2033,"parent":0,"template":"","tags":[],"product-type":[18],"class_list":["post-1512","product","type-product","status-publish","has-post-thumbnail","hentry","product-type-rice-mill"],"_links":{"self":[{"href":"https:\/\/taizyagromachine.com\/es\/wp-json\/wp\/v2\/product\/1512","targetHints":{"allow":["GET"]}}],"collection":[{"href":"https:\/\/taizyagromachine.com\/es\/wp-json\/wp\/v2\/product"}],"about":[{"href":"https:\/\/taizyagromachine.com\/es\/wp-json\/wp\/v2\/types\/product"}],"author":[{"embeddable":true,"href":"https:\/\/taizyagromachine.com\/es\/wp-json\/wp\/v2\/users\/1"}],"wp:featuredmedia":[{"embeddable":true,"href":"https:\/\/taizyagromachine.com\/es\/wp-json\/wp\/v2\/media\/2033"}],"wp:attachment":[{"href":"https:\/\/taizyagromachine.com\/es\/wp-json\/wp\/v2\/media?parent=1512"}],"wp:term":[{"taxonomy":"post_tag","embeddable":true,"href":"https:\/\/taizyagromachine.com\/es\/wp-json\/wp\/v2\/tags?post=1512"},{"taxonomy":"product-type","embeddable":true,"href":"https:\/\/taizyagromachine.com\/es\/wp-json\/wp\/v2\/product-type?post=1512"}],"curies":[{"name":"wp","href":"https:\/\/api.w.org\/{rel}","templated":true}]}}