{"id":1535,"date":"2021-12-14T06:35:13","date_gmt":"2021-12-14T06:35:13","guid":{"rendered":"https:\/\/taizyagromachine.com\/?p=1535"},"modified":"2022-09-29T11:16:10","modified_gmt":"2022-09-29T03:16:10","slug":"vibration-cleaner","status":"publish","type":"product","link":"https:\/\/taizyagromachine.com\/es\/product\/vibration-cleaner\/","title":{"rendered":"Limpiador por vibraci\u00f3n"},"content":{"rendered":"<p class=\"translation-block\"><strong>Limpiador por vibraci\u00f3n<\/strong> est\u00e1 limpiando las impurezas grandes, peque\u00f1as y ligeras de los granos. Especialmente, en la planta completa de molino de arroz de gran capacidad, la m\u00e1quina limpiadora vibratoria de arroz paddy es el paso inicial y necesario. Es adecuada no solo para arroz paddy sino tambi\u00e9n para trigo, cacahuetes, s\u00e9samo, soja, etc. Adem\u00e1s, est\u00e1 equipada con dos motores de vibraci\u00f3n. A veces, se utiliza para clasificar productos semiprocesados o terminados. En resumen, la m\u00e1quina tamiz vibratorio es necesaria para la planta completa de molienda de arroz. Si tiene alguna duda, \u00a1bienvenido a <a href=\"https:\/\/taizyagromachine.com\/es\/contact\/\" target=\"_blank\" rel=\"noreferrer noopener\">contactarnos<\/a> para m\u00e1s detalles!<\/p>    <h2 class=\"wp-block-heading\" id=\"structure-of-paddy-vibration-cleaner\"><strong>Estructura del limpiador por vibraci\u00f3n Paddy<\/strong><\/h2>    <p>Nuestra m\u00e1quina incluye entrada, salida respectivamente para impurezas y arroz con c\u00e1scara, y motor de vibraci\u00f3n.<\/p>   <div class=\"wp-block-image\"> <figure class=\"aligncenter size-full\"><img loading=\"lazy\" decoding=\"async\" width=\"720\" height=\"540\" src=\"https:\/\/taizyagromachine.com\/wp-content\/uploads\/2022\/01\/structure-of-vibration-cleaner.jpg\" alt=\"estructura del limpiador por vibraci\u00f3n\" class=\"wp-image-1869\"\/><figcaption>estructura del limpiador por vibraci\u00f3n<\/figcaption><\/figure> <\/div>   <h2 class=\"wp-block-heading\" id=\"advantages-of-vibrating-sieve-cleaner\"><strong>Ventajas del limpiador de tamiz vibratorio<\/strong><strong><\/strong><\/h2>    <ul class=\"wp-block-list\" type=\"1\"><li>Estructura razonable, s\u00faper calidad, rendimiento estable.<\/li><li>Alta eficiencia de limpieza y bajo consumo energ\u00e9tico.<\/li><li>M\u00e1quinas peque\u00f1as, que ocupan poco espacio.<\/li><li>Marca reconocida en los mercados internacionales.<\/li><li>Personalizaci\u00f3n. Puedes combinar los tamices correspondientes a base de arroz con c\u00e1scara.<\/li><\/ul>    <h2 class=\"wp-block-heading\" id=\"working-principle\"><strong>Principio de funcionamiento<\/strong><strong><\/strong><\/h2>    <p class=\"translation-block\">El limpiador por vibraci\u00f3n realiza su trabajo seg\u00fan el tama\u00f1o de orificio de la malla. Por ejemplo, en la moderna <a href=\"https:\/\/taizyagromachine.com\/es\/product\/solutions\/\" target=\"_blank\" rel=\"noreferrer noopener\">l\u00ednea de producci\u00f3n de molino de arroz a la venta<\/a>, la m\u00e1quina de limpieza por vibraci\u00f3n adopta una malla de dos capas. En t\u00e9rminos generales, tiene tres salidas. Una es para las impurezas grandes, otra para las impurezas peque\u00f1as y ligeras, y la otra para el arroz paddy. Es f\u00e1cil de entender. Si tiene alguna duda, \u00a1ponte en contacto con nosotros para obtener m\u00e1s informaci\u00f3n!<\/p>    <figure class=\"wp-block-embed is-type-video is-provider-youtube wp-block-embed-youtube wp-embed-aspect-16-9 wp-has-aspect-ratio\"><div class=\"wp-block-embed__wrapper\"> <iframe loading=\"lazy\" title=\"El limpiador por vibraci\u00f3n funciona para limpiar las impurezas del arroz con c\u00e1scara en la planta del molino de arroz.\" width=\"500\" height=\"281\" src=\"https:\/\/www.youtube.com\/embed\/L9lQfmDcAsw?feature=oembed\" frameborder=\"0\" allow=\"accelerometer; autoplay; clipboard-write; encrypted-media; gyroscope; picture-in-picture; web-share\" referrerpolicy=\"strict-origin-when-cross-origin\" allowfullscreen><\/iframe> <\/div><\/figure>","protected":false},"excerpt":{"rendered":"<p>Vibration cleaner\u00a0is cleaning the large, small, and light impurities from grains. Especially, in the large capacity complete rice mill plant, the paddy vibrating cleaner machine is the initial and necessary step. It\u2019s suitable for not only paddy rice but also wheat, peanuts, sesame, soybeans, etc. Besides, it is equipped with two vibration motors. Sometimes, it [&hellip;]<\/p>\n","protected":false},"author":1,"featured_media":1867,"parent":0,"template":"","tags":[],"product-type":[18],"class_list":["post-1535","product","type-product","status-publish","has-post-thumbnail","hentry","product-type-rice-mill"],"_links":{"self":[{"href":"https:\/\/taizyagromachine.com\/es\/wp-json\/wp\/v2\/product\/1535","targetHints":{"allow":["GET"]}}],"collection":[{"href":"https:\/\/taizyagromachine.com\/es\/wp-json\/wp\/v2\/product"}],"about":[{"href":"https:\/\/taizyagromachine.com\/es\/wp-json\/wp\/v2\/types\/product"}],"author":[{"embeddable":true,"href":"https:\/\/taizyagromachine.com\/es\/wp-json\/wp\/v2\/users\/1"}],"wp:featuredmedia":[{"embeddable":true,"href":"https:\/\/taizyagromachine.com\/es\/wp-json\/wp\/v2\/media\/1867"}],"wp:attachment":[{"href":"https:\/\/taizyagromachine.com\/es\/wp-json\/wp\/v2\/media?parent=1535"}],"wp:term":[{"taxonomy":"post_tag","embeddable":true,"href":"https:\/\/taizyagromachine.com\/es\/wp-json\/wp\/v2\/tags?post=1535"},{"taxonomy":"product-type","embeddable":true,"href":"https:\/\/taizyagromachine.com\/es\/wp-json\/wp\/v2\/product-type?post=1535"}],"curies":[{"name":"wp","href":"https:\/\/api.w.org\/{rel}","templated":true}]}}