{"id":1560,"date":"2021-12-15T08:25:49","date_gmt":"2021-12-15T08:25:49","guid":{"rendered":"https:\/\/taizyagromachine.com\/?p=1560"},"modified":"2025-01-02T13:54:13","modified_gmt":"2025-01-02T05:54:13","slug":"rice-grader","status":"publish","type":"product","link":"https:\/\/taizyagromachine.com\/es\/product\/rice-grader\/","title":{"rendered":"Clasificador de arroz"},"content":{"rendered":"<p class=\"translation-block\">El **clasificador de arroz** separa el arroz blanco entero y el arroz blanco roto seg\u00fan el tama\u00f1o. Pertenece a la serie MMJP de clasificadores de arroz blanco, con un papel importante en la planta de procesamiento de arroz. A menudo, se utiliza en la <a href=\"https:\/\/taizyagromachine.com\/es\/product\/solutions\/\" target=\"_blank\" rel=\"noreferrer noopener\">l\u00ednea de producci\u00f3n de planta de molino de arroz totalmente autom\u00e1tica<\/a>. En general, tienen di\u00e1metros en sus apariencias. Adem\u00e1s, hay una bola de goma en la pantalla. Esto se debe a que la bola sirve para limpiar el <a href=\"https:\/\/en.wikipedia.org\/wiki\/Clog\" target=\"_blank\" rel=\"noreferrer noopener\">atasco<\/a> del tamiz. En diferentes plantas de molino de arroz, puede aplicar m\u00e1quinas clasificadoras de arroz de diferente capacidad. Adem\u00e1s, el clasificador de arroz y el clasificador de color pueden cambiar la secuencia. \u00a1Bienvenido a contactarnos para m\u00e1s detalles!<\/p>    <h2 class=\"wp-block-heading\" id=\"advantages-of-rice-grading-machine\"><strong>Ventajas de la clasificadora de arroz<\/strong><\/h2>    <ul class=\"wp-block-list\" type=\"1\"><li>Estructura razonable, funcionamiento estable, s\u00faper calidad.<\/li><li>Alta eficiencia en el trabajo y bajo consumo de energ\u00eda.<\/li><li>No se obstruyen f\u00e1cilmente para las pantallas, debido al equipo de limpieza autom\u00e1tico.<\/li><li>Larga vida \u00fatil, f\u00e1cil de operar y mantener.<\/li><li>Criba multicapa disponible, aplicable a diferentes capacidades de clasificaci\u00f3n de arroz.<\/li><li>Poco ruido, gran adaptabilidad, alto rendimiento.<\/li><\/ul>    <figure class=\"wp-block-gallery has-nested-images columns-default is-cropped wp-block-gallery-2 is-layout-flex wp-block-gallery-is-layout-flex\"> <figure class=\"wp-block-image size-large\"><img loading=\"lazy\" decoding=\"async\" width=\"720\" height=\"540\" data-id=\"1890\" src=\"https:\/\/taizyagromachine.com\/wp-content\/uploads\/2022\/02\/screen-rice-grader.jpg\" alt=\"pantalla\" class=\"wp-image-1890\"\/><figcaption>pantalla<\/figcaption><\/figure>    <figure class=\"wp-block-image size-large\"><img loading=\"lazy\" decoding=\"async\" width=\"720\" height=\"540\" data-id=\"1891\" src=\"https:\/\/taizyagromachine.com\/wp-content\/uploads\/2022\/02\/separating-rice.jpg\" alt=\"clasificar arroz\" class=\"wp-image-1891\"\/><figcaption>clasificar arroz<\/figcaption><\/figure> <\/figure>    <h2 class=\"wp-block-heading\" id=\"rice-grader-machine-price\"><strong>R<\/strong><strong>hielo <\/strong><strong>GRAMO<\/strong><strong>rader <\/strong><strong>METRO<\/strong><strong>dolorido <\/strong><strong>PAG<\/strong><strong>arroz<\/strong><strong><\/strong><\/h2>    <p class=\"translation-block\">Como <a href=\"https:\/\/taizyagromachine.com\/es\/\" target=\"_blank\" rel=\"noreferrer noopener\">fabricante y proveedor profesional de molinos de arroz<\/a>, contamos con varias plantas de molino de arroz. La planta de molino de arroz completa necesita un clasificador de arroz correspondiente. Sin embargo, la diferente producci\u00f3n necesita un separador de arroz correspondiente. El precio de la m\u00e1quina clasificadora de arroz var\u00eda. Por lo tanto, d\u00edganos sus requisitos y le recomendaremos el adecuado, \u00a1y le enviaremos el mejor precio lo antes posible!<\/p>   <div class=\"wp-block-image\"> <figure class=\"aligncenter size-full\"><img loading=\"lazy\" decoding=\"async\" width=\"720\" height=\"540\" src=\"https:\/\/taizyagromachine.com\/wp-content\/uploads\/2022\/02\/functions-in-the-complete-ric-emill-plant.jpg\" alt=\"Funciones en toda la planta de molienda de arroz.\" class=\"wp-image-1893\"\/><figcaption>Funciones en toda la planta de molienda de arroz.<\/figcaption><\/figure> <\/div>","protected":false},"excerpt":{"rendered":"<p>Rice grader\u00a0is separating the whole white rice and broken white rice according to size. It belongs to MMJP series white rice grader, an important role in the rice processing plant. Often, it is used in the fully automatic rice mill plant production line. Generally speaking, there are diameters in their appearances. Besides, there is the [&hellip;]<\/p>\n","protected":false},"author":1,"featured_media":1889,"parent":0,"template":"","tags":[],"product-type":[18],"class_list":["post-1560","product","type-product","status-publish","has-post-thumbnail","hentry","product-type-rice-mill"],"_links":{"self":[{"href":"https:\/\/taizyagromachine.com\/es\/wp-json\/wp\/v2\/product\/1560","targetHints":{"allow":["GET"]}}],"collection":[{"href":"https:\/\/taizyagromachine.com\/es\/wp-json\/wp\/v2\/product"}],"about":[{"href":"https:\/\/taizyagromachine.com\/es\/wp-json\/wp\/v2\/types\/product"}],"author":[{"embeddable":true,"href":"https:\/\/taizyagromachine.com\/es\/wp-json\/wp\/v2\/users\/1"}],"wp:featuredmedia":[{"embeddable":true,"href":"https:\/\/taizyagromachine.com\/es\/wp-json\/wp\/v2\/media\/1889"}],"wp:attachment":[{"href":"https:\/\/taizyagromachine.com\/es\/wp-json\/wp\/v2\/media?parent=1560"}],"wp:term":[{"taxonomy":"post_tag","embeddable":true,"href":"https:\/\/taizyagromachine.com\/es\/wp-json\/wp\/v2\/tags?post=1560"},{"taxonomy":"product-type","embeddable":true,"href":"https:\/\/taizyagromachine.com\/es\/wp-json\/wp\/v2\/product-type?post=1560"}],"curies":[{"name":"wp","href":"https:\/\/api.w.org\/{rel}","templated":true}]}}