{"id":1601,"date":"2021-12-18T01:14:32","date_gmt":"2021-12-18T01:14:32","guid":{"rendered":"https:\/\/taizyagromachine.com\/?p=1601"},"modified":"2025-01-02T13:52:00","modified_gmt":"2025-01-02T05:52:00","slug":"emery-roller-rice-mill-machine","status":"publish","type":"product","link":"https:\/\/taizyagromachine.com\/es\/product\/emery-roller-rice-mill-machine\/","title":{"rendered":"M\u00e1quina de molino de arroz con rodillo de esmeril"},"content":{"rendered":"<p class=\"translation-block\"><strong>La m\u00e1quina de molino de arroz con rodillos de esmeril<\/strong> es el equipo ideal para procesar arroz integral en arroz blanco. Generalmente, este equipo de molienda de arroz con rodillos de esmeril se llama serie MNMS. Esta m\u00e1quina de molienda de arroz tiene amplias aplicaciones en la planta de molienda de arroz y en la <a href=\"https:\/\/taizyagromachine.com\/es\/product\/solutions\/\" target=\"_blank\" rel=\"noreferrer noopener\">l\u00ednea de producci\u00f3n de molino de arroz<\/a>. Adem\u00e1s, tiene las ventajas de una estructura simple, f\u00e1cil operaci\u00f3n y mantenimiento conveniente. Lo que es m\u00e1s importante, es m\u00e1s adecuada para arroz de forma larga. \u00a1Por favor, cont\u00e1ctenos para m\u00e1s detalles!<\/p>   <div class=\"wp-block-image\"> <figure class=\"aligncenter size-full\"><img loading=\"lazy\" decoding=\"async\" width=\"720\" height=\"540\" src=\"https:\/\/taizyagromachine.com\/wp-content\/uploads\/2022\/02\/emery-roller-rice-mill-machine.jpg\" alt=\"molino de arroz con rodillo de esmeril\" class=\"wp-image-1903\"\/><figcaption>molino de arroz con rodillo de esmeril<\/figcaption><\/figure> <\/div>   <h2 class=\"wp-block-heading\" id=\"structure-of-rice-milling-machine-for-sale\"><strong>Estructura de la fresadora de arroz a la venta<\/strong><\/h2>   <div class=\"wp-block-image\"> <figure class=\"aligncenter size-full\"><img loading=\"lazy\" decoding=\"async\" width=\"720\" height=\"540\" src=\"https:\/\/taizyagromachine.com\/wp-content\/uploads\/2022\/02\/machine-structure-emery-roll-rice-mill-machine.jpg\" alt=\"estructura de la m\u00e1quina\" class=\"wp-image-1905\"\/><figcaption>estructura de la m\u00e1quina<\/figcaption><\/figure> <\/div>   <h2 class=\"wp-block-heading\" id=\"features\"><strong>Caracter\u00edsticas de la m\u00e1quina de molino de arroz con rodillo de esmeril<\/strong><\/h2>    <ul class=\"wp-block-list\" type=\"1\"><li>Estructura razonable, buena calidad, rendimiento estable.<\/li><li>Alto volumen de producci\u00f3n, menos arroz partido.<\/li><li>F\u00e1cil de controlar y ajustar para obtener arroz de alta calidad y precisi\u00f3n.<\/li><li>Tecnolog\u00eda fina y amplia practicabilidad.<\/li><li>Varios modelos para satisfacer sus necesidades.<\/li><\/ul>    <h2 class=\"wp-block-heading\" id=\"machine-details\"><strong>Detalles de la m\u00e1quina<\/strong><strong><\/strong><\/h2>    <h3 class=\"wp-block-heading\" id=\"emery-roller\">rodillo de esmeril<\/h3>    <p>Este rodillo de esmeril se utiliza en el molino de arroz para moler el arroz integral. Tiene las ventajas de un bajo consumo de energ\u00eda, un alto rendimiento de arroz y una alta eficiencia de producci\u00f3n.<\/p>   <div class=\"wp-block-image\"> <figure class=\"aligncenter size-full\"><img loading=\"lazy\" decoding=\"async\" width=\"720\" height=\"450\" src=\"https:\/\/taizyagromachine.com\/wp-content\/uploads\/2022\/02\/emery-roller.jpg\" alt=\"rodillo de esmeril\" class=\"wp-image-1908\"\/><figcaption>rodillo de esmeril<\/figcaption><\/figure> <\/div>   <h3 class=\"wp-block-heading\" id=\"feed-hopper\">Tolva de alimentaci\u00f3n<\/h3>    <p>Tiene una ventana visual, conveniente para observar la velocidad del arroz integral. Adem\u00e1s, tiene un tablero de instrumentos. Desde el tablero, puede observar con precisi\u00f3n la presi\u00f3n de alimentaci\u00f3n.<\/p>    <h3 class=\"wp-block-heading\" id=\"blower\">Soplador<\/h3>    <p>El soplador adopta el material de aluminio y tiene una mejor extensi\u00f3n. Por tanto, tiene un buen rendimiento mec\u00e1nico.<\/p>   <div class=\"wp-block-image\"> <figure class=\"aligncenter size-full\"><img loading=\"lazy\" decoding=\"async\" width=\"720\" height=\"450\" src=\"https:\/\/taizyagromachine.com\/wp-content\/uploads\/2022\/02\/air-cleaner.jpg\" alt=\"soplador\" class=\"wp-image-1907\"\/><figcaption>soplador<\/figcaption><\/figure> <\/div>   <h3 class=\"wp-block-heading\" id=\"outlet\">Salida<\/h3>    <p class=\"translation-block\">Desde la salida, podemos observar si hay un problema con la calidad del arroz, y es claro para la <a href=\"https:\/\/en.wikipedia.org\/wiki\/Bran\" target=\"_blank\" rel=\"noreferrer noopener\">separaci\u00f3n del salvado<\/a> del arroz.<\/p>    <h2 class=\"wp-block-heading\" id=\"functions-in-complete-rice-mill-plant\"><strong>Funciones en la planta completa de molino de arroz<\/strong><strong><\/strong><\/h2>    <p>La fresadora de arroz con rodillo de esmeril juega un papel muy importante en la unidad de molienda de arroz integrada. Como todos sabemos, la fresadora de arroz es un paso imprescindible en el proceso. Su funci\u00f3n principal es moler el arroz integral hasta convertirlo en arroz blanco. Y la capacidad var\u00eda junto con las diferentes l\u00edneas de producci\u00f3n de molinos de arroz. Entonces, el precio de la planta del molino de arroz es diferente. Si no tiene idea sobre la fresadora de arroz, \u00a1cont\u00e1ctenos para obtener ayuda!<\/p>   <div class=\"wp-block-image\"> <figure class=\"aligncenter size-full\"><img loading=\"lazy\" decoding=\"async\" width=\"720\" height=\"540\" src=\"https:\/\/taizyagromachine.com\/wp-content\/uploads\/2022\/02\/functions-in-the-complete-ric-emill-plant.jpg\" alt=\"Funciones en toda la planta de molienda de arroz.\" class=\"wp-image-1893\"\/><figcaption>Funciones en toda la planta de molienda de arroz.<\/figcaption><\/figure> <\/div>","protected":false},"excerpt":{"rendered":"<p>Emery roller rice mill machine&nbsp;is the ideal equipment for processing brown rice into white rice. Generally, this emery roller rice milling equipment is called as MNMS series. This rice milling machine has wide applications in the rice milling plant and rice mill production line. Besides, it has the advantages of simple structure, easy operation, and [&hellip;]<\/p>\n","protected":false},"author":1,"featured_media":1903,"parent":0,"template":"","tags":[],"product-type":[18],"class_list":["post-1601","product","type-product","status-publish","has-post-thumbnail","hentry","product-type-rice-mill"],"_links":{"self":[{"href":"https:\/\/taizyagromachine.com\/es\/wp-json\/wp\/v2\/product\/1601","targetHints":{"allow":["GET"]}}],"collection":[{"href":"https:\/\/taizyagromachine.com\/es\/wp-json\/wp\/v2\/product"}],"about":[{"href":"https:\/\/taizyagromachine.com\/es\/wp-json\/wp\/v2\/types\/product"}],"author":[{"embeddable":true,"href":"https:\/\/taizyagromachine.com\/es\/wp-json\/wp\/v2\/users\/1"}],"wp:featuredmedia":[{"embeddable":true,"href":"https:\/\/taizyagromachine.com\/es\/wp-json\/wp\/v2\/media\/1903"}],"wp:attachment":[{"href":"https:\/\/taizyagromachine.com\/es\/wp-json\/wp\/v2\/media?parent=1601"}],"wp:term":[{"taxonomy":"post_tag","embeddable":true,"href":"https:\/\/taizyagromachine.com\/es\/wp-json\/wp\/v2\/tags?post=1601"},{"taxonomy":"product-type","embeddable":true,"href":"https:\/\/taizyagromachine.com\/es\/wp-json\/wp\/v2\/product-type?post=1601"}],"curies":[{"name":"wp","href":"https:\/\/api.w.org\/{rel}","templated":true}]}}