{"id":1622,"date":"2021-12-18T01:14:22","date_gmt":"2021-12-18T01:14:22","guid":{"rendered":"https:\/\/taizyagromachine.com\/?p=1622"},"modified":"2025-01-02T13:52:32","modified_gmt":"2025-01-02T05:52:32","slug":"gravity-paddy-separator","status":"publish","type":"product","link":"https:\/\/taizyagromachine.com\/es\/product\/gravity-paddy-separator\/","title":{"rendered":"Separador de arroz por gravedad"},"content":{"rendered":"<p class=\"translation-block\"><strong>El separador de arroz por gravedad<\/strong> se utiliza para dividir arroz integral del arroz paddy seg\u00fan la gravedad. Generalmente, lo llamamos serie MGCZ. En la planta de procesamiento de arroz, no solo mejora enormemente la producci\u00f3n de arroz entero, sino que tambi\u00e9n promueve enormemente el beneficio econ\u00f3mico. Hay varios modelos de separadores de arroz paddy por gravedad a la venta. Para la planta de molino de arroz de gran capacidad, este separador por gravedad se coloca individualmente. En comparaci\u00f3n con la planta de molino de arroz grande, para la configuraci\u00f3n est\u00e1ndar y de peque\u00f1a capacidad, el separador por gravedad siempre se ubica en la parte superior de la m\u00e1quina de molienda de arroz. \u00a1Bienvenido a ponerte en contacto con nosotros para m\u00e1s detalles!<\/p>    <h2 class=\"wp-block-heading\" id=\"gravity-separator-design\"><strong>Dise\u00f1o de separador por gravedad<\/strong><\/h2>    <p>Este separador de arroz por gravedad tiene un dise\u00f1o \u00fanico y simple. El motor de cobre proporciona la energ\u00eda necesaria para que esta m\u00e1quina funcione, y el tamiz determina separar el arroz con c\u00e1scara y el arroz integral. Se complementan y son indispensables.<\/p>    <figure class=\"wp-block-gallery has-nested-images columns-default is-cropped wp-block-gallery-2 is-layout-flex wp-block-gallery-is-layout-flex\"> <figure class=\"wp-block-image size-large\"><img loading=\"lazy\" decoding=\"async\" width=\"720\" height=\"540\" data-id=\"1897\" src=\"https:\/\/taizyagromachine.com\/wp-content\/uploads\/2022\/02\/copper-motor-gravity-separator.jpg\" alt=\"motor de cobre\" class=\"wp-image-1897\"\/><figcaption>motor de cobre<\/figcaption><\/figure>    <figure class=\"wp-block-image size-large\"><img loading=\"lazy\" decoding=\"async\" width=\"720\" height=\"540\" data-id=\"1898\" src=\"https:\/\/taizyagromachine.com\/wp-content\/uploads\/2022\/02\/sieve-plate.jpg\" alt=\"plato tamiz\" class=\"wp-image-1898\"\/><figcaption>plato tamiz<\/figcaption><\/figure> <\/figure>    <h2 class=\"wp-block-heading\" id=\"features\"><strong>Caracter\u00edsticas<\/strong><strong><\/strong><\/h2>    <ul class=\"wp-block-list\" type=\"1\"><li>Operaci\u00f3n f\u00e1cil, construcci\u00f3n compacta y rendimiento constante.<\/li><li>Amplias aplicaciones. Porque esta m\u00e1quina se puede aplicar tanto al arroz integral de grano largo como al de grano redondo.<\/li><li>El dise\u00f1o de equilibrio \u00fanico proporciona un excelente rendimiento del mecanismo.<\/li><li>Baricentro mec\u00e1nico bajo, propiedad de procesamiento estable y rotativa razonable.<\/li><li>Varios modelos satisfacen los diferentes requisitos de los clientes.<\/li><\/ul>    <h2 class=\"wp-block-heading\" id=\"gravity-separator-working-principle\"><strong>Principio de funcionamiento del separador por gravedad<\/strong><strong><\/strong><\/h2>    <p class=\"translation-block\">En la planta de molino de arroz totalmente autom\u00e1tica integrada, el separador de arroz paddy por gravedad es esencial. Debido a los diferentes <a href=\"https:\/\/en.wikipedia.org\/wiki\/Gravity\" target=\"_blank\" rel=\"noreferrer noopener\">coeficientes de gravedad<\/a> y fricci\u00f3n, el arroz paddy y el arroz integral se separan junto con el movimiento rec\u00edproco de los tamices.<\/p>    <h2 class=\"wp-block-heading\" id=\"conclusion\"><strong>Conclusi\u00f3n<\/strong><strong><\/strong><\/h2>    <p class=\"translation-block\">En la empresa Taizy, el separador de arroz paddy por gravedad siempre se est\u00e1 colocalizando con la <a href=\"https:\/\/taizyagromachine.com\/es\/product\/solutions\/\" target=\"_blank\" rel=\"noreferrer noopener\">l\u00ednea de producci\u00f3n de molino de arroz<\/a>. Diferentes l\u00edneas completas de molienda de arroz deben coincidir con el separador por gravedad correspondiente. Por lo tanto, el precio del separador por gravedad var\u00eda junto con las diferentes capacidades de las plantas de molienda de arroz. Adem\u00e1s, al igual que el clasificador de arroz, <a href=\"https:\/\/taizyagromachine.com\/es\/product\/vibration-cleaner\/\" target=\"_blank\" rel=\"noreferrer noopener\">limpiador por vibraci\u00f3n<\/a>, etc. \u00bfC\u00f3mo colocalizar una planta de molino de arroz adecuada para tu negocio? Puedes decirnos tus necesidades detalladas, y luego nuestro gerente de ventas profesional proporcionar\u00e1 las soluciones apropiadas para satisfacerte.<\/p>   <div class=\"wp-block-image\"> <figure class=\"aligncenter size-full\"><img loading=\"lazy\" decoding=\"async\" width=\"720\" height=\"540\" src=\"https:\/\/taizyagromachine.com\/wp-content\/uploads\/2022\/02\/functions-in-the-complete-ric-emill-plant.jpg\" alt=\"Funciones en toda la planta de molienda de arroz.\" class=\"wp-image-1893\"\/><figcaption>Funciones en toda la planta de molienda de arroz.<\/figcaption><\/figure> <\/div>","protected":false},"excerpt":{"rendered":"<p>Gravity paddy separator&nbsp;is to divide brown rice from the paddy rice according to gravity.&nbsp;Generally, we call it MGCZ series. In the rice processing plant, it not only improves whole rice output greatly, also promotes economic benefit enormously. There are various models of gravity paddy rice separator for sale. For the large capacity rice mill plant, [&hellip;]<\/p>\n","protected":false},"author":1,"featured_media":1896,"parent":0,"template":"","tags":[],"product-type":[18],"class_list":["post-1622","product","type-product","status-publish","has-post-thumbnail","hentry","product-type-rice-mill"],"_links":{"self":[{"href":"https:\/\/taizyagromachine.com\/es\/wp-json\/wp\/v2\/product\/1622","targetHints":{"allow":["GET"]}}],"collection":[{"href":"https:\/\/taizyagromachine.com\/es\/wp-json\/wp\/v2\/product"}],"about":[{"href":"https:\/\/taizyagromachine.com\/es\/wp-json\/wp\/v2\/types\/product"}],"author":[{"embeddable":true,"href":"https:\/\/taizyagromachine.com\/es\/wp-json\/wp\/v2\/users\/1"}],"wp:featuredmedia":[{"embeddable":true,"href":"https:\/\/taizyagromachine.com\/es\/wp-json\/wp\/v2\/media\/1896"}],"wp:attachment":[{"href":"https:\/\/taizyagromachine.com\/es\/wp-json\/wp\/v2\/media?parent=1622"}],"wp:term":[{"taxonomy":"post_tag","embeddable":true,"href":"https:\/\/taizyagromachine.com\/es\/wp-json\/wp\/v2\/tags?post=1622"},{"taxonomy":"product-type","embeddable":true,"href":"https:\/\/taizyagromachine.com\/es\/wp-json\/wp\/v2\/product-type?post=1622"}],"curies":[{"name":"wp","href":"https:\/\/api.w.org\/{rel}","templated":true}]}}