{"id":1646,"date":"2022-01-20T08:04:29","date_gmt":"2022-01-20T08:04:29","guid":{"rendered":"https:\/\/taizyagromachine.com\/"},"modified":"2025-01-02T13:54:01","modified_gmt":"2025-01-02T05:54:01","slug":"paddy-wheat-thresher-for-sorghum-rice-beans-rapeseed","status":"publish","type":"product","link":"https:\/\/taizyagromachine.com\/es\/product\/paddy-wheat-thresher-for-sorghum-rice-beans-rapeseed\/","title":{"rendered":"Trilladora de trigo con c\u00e1scara para sorgo, arroz, frijoles y colza"},"content":{"rendered":"<p class=\"translation-block\"><strong>Desgranadora de arroz Paddy<\/strong> se utiliza principalmente para desgranar arroz paddy y trigo. Tambi\u00e9n es adecuada para <a href=\"https:\/\/en.wikipedia.org\/wiki\/Sorghum\" target=\"_blank\" rel=\"noreferrer noopener\">sorgo<\/a> y frijoles. Una cosa m\u00e1s que necesita atenci\u00f3n es que debemos personalizar la m\u00e1quina para desgranar frijoles. Eso se debe a las diferentes velocidades del husillo. Adem\u00e1s, esta desgranadora de arroz pertenece a la serie 5TD. El modelo presentado hoy es 5TD-125. Este tipo de desgranadora de trigo adopta una limpieza de aire doble para eliminar las impurezas. Debido a la mayor capacidad, podemos equipar el motor el\u00e9ctrico o el motor di\u00e9sel como sistema de potencia. \u00a1Bienvenido a contactarnos para m\u00e1s informaci\u00f3n! \u00a1Responderemos muy pronto!<\/p>    <h2 class=\"wp-block-heading\" id=\"h-characteristics-of-paddy-wheat-thresher\"><strong>Caracter\u00edsticas de la trilladora de trigo con c\u00e1scara<\/strong><\/h2>    <ul class=\"wp-block-list\" type=\"1\"><li>Estructura razonable, alta tasa de trilla, baja tasa de p\u00e9rdidas.<\/li><li>Purificadores de aire dobles. Es mejor eliminar las impurezas para que el arroz con c\u00e1scara y el trigo est\u00e9n m\u00e1s limpios.<\/li><li>Configuraci\u00f3n basada en las demandas de los clientes. Como <a href=\"https:\/\/taizyagromachine.com\/es\/\" target=\"_blank\" rel=\"noreferrer noopener\">una empresa experimentada y profesional<\/a>, nuestra trilladora de trigo puede colocar las ruedas, el bastidor, la toma de fuerza, etc. Por supuesto, el precio de la trilladora de arroz var\u00eda.<\/li><li>Personaliza la trilladora de arroz si los cultivos son frijoles. Debido a las diferentes velocidades, la trilladora de trigo y arroz se puede personalizar.<\/li><li>Cambiando tamiz por c\u00e1scara de trigo correspondiente, arroz.<\/li><\/ul>    <h2 class=\"wp-block-heading\" id=\"h-paddy-wheat-thresher-structure\"><strong>Estructura de trilladora de trigo con c\u00e1scara<\/strong><strong><\/strong><\/h2>    <p>En comparaci\u00f3n con la trilladora de trigo peque\u00f1a, este tipo tiene gran capacidad. Consta de entrada de alimentaci\u00f3n, salida de impurezas, malla de criba, ventiladores y soporte. Consider\u00e1ndolo todo, es f\u00e1cil de entender y operar.<\/p>    <figure class=\"wp-block-gallery aligncenter has-nested-images columns-default is-cropped wp-block-gallery-2 is-layout-flex wp-block-gallery-is-layout-flex\"> <figure class=\"wp-block-image size-large\"><img loading=\"lazy\" decoding=\"async\" width=\"720\" height=\"540\" data-id=\"1648\" src=\"https:\/\/taizyagromachine.com\/wp-content\/uploads\/2022\/01\/structure-125.jpg\" alt=\"estructura de la trilladora de trigo con c\u00e1scara\" class=\"wp-image-1648\"\/><figcaption>estructura<\/figcaption><\/figure>    <figure class=\"wp-block-image size-large\"><img loading=\"lazy\" decoding=\"async\" width=\"720\" height=\"540\" data-id=\"1649\" src=\"https:\/\/taizyagromachine.com\/wp-content\/uploads\/2022\/01\/structure-side-125.jpg\" alt=\"estructura con toma de fuerza\" class=\"wp-image-1649\"\/><figcaption>estructura con toma de fuerza<\/figcaption><\/figure> <\/figure>    <h2 class=\"wp-block-heading\" id=\"h-applications-of-rice-thresher\"><strong>Aplicaciones de la trilladora de arroz<\/strong><\/h2>    <p>En t\u00e9rminos generales, la trilladora de trigo con c\u00e1scara es adecuada para arroz, trigo, sorgo, frijoles, colza, etc. Excepto los frijoles, para otros solo reemplaza el tamiz y luego trilla los cultivos.<\/p>    <figure class=\"wp-block-gallery aligncenter has-nested-images columns-default is-cropped wp-block-gallery-3 is-layout-flex wp-block-gallery-is-layout-flex\"> <figure class=\"wp-block-image size-large\"><img loading=\"lazy\" decoding=\"async\" width=\"720\" height=\"300\" data-id=\"1650\" src=\"https:\/\/taizyagromachine.com\/wp-content\/uploads\/2022\/01\/applications-125.jpg\" alt=\"trigo aplicable, arroz\" class=\"wp-image-1650\"\/><figcaption>trigo aplicable, arroz<\/figcaption><\/figure> <\/figure>    <figure class=\"wp-block-gallery aligncenter has-nested-images columns-default is-cropped wp-block-gallery-4 is-layout-flex wp-block-gallery-is-layout-flex\"> <figure class=\"wp-block-image size-large\"><img loading=\"lazy\" decoding=\"async\" width=\"720\" height=\"300\" data-id=\"1651\" src=\"https:\/\/taizyagromachine.com\/wp-content\/uploads\/2022\/01\/applications-beans-125.jpg\" alt=\"frijoles aplicables\" class=\"wp-image-1651\"\/><figcaption>frijoles aplicables<\/figcaption><\/figure>    <figure class=\"wp-block-image size-large\"><img loading=\"lazy\" decoding=\"async\" width=\"720\" height=\"300\" data-id=\"1653\" src=\"https:\/\/taizyagromachine.com\/wp-content\/uploads\/2022\/01\/applications-rapeseed-125-1.jpg\" alt=\"colza aplicable\" class=\"wp-image-1653\"\/><figcaption>colza aplicable<\/figcaption><\/figure> <\/figure>    <h2 class=\"wp-block-heading\" id=\"h-successful-case-5td-125-paddy-thresher-exported-to-zimbabwe\"><strong>Caso exitoso: Trilladora de arroz 5TD-125 exportada a Zimbabwe<\/strong><strong><\/strong><\/h2>    <p>Un cliente de Zimbabwe pregunt\u00f3 por la trilladora de trigo para sus explotaciones de trigo. Requer\u00eda una gran capacidad de 1200 kg por hora seg\u00fan la escala de su granja. Por eso, nuestra directora de ventas, Lena, le recomend\u00f3 el 5TD-125. Esta trilladora de arroz con c\u00e1scara puede equiparse con ruedas grandes, soportes y tambi\u00e9n toma de fuerza para conectar con el tractor. Cliente de Zimbabwe en comparaci\u00f3n con otras empresas tambi\u00e9n. Finalmente, nos hizo un pedido a nosotros, Taizy Agro Machine Company. Y me devolvi\u00f3 la foto de comentarios, que se enumera a continuaci\u00f3n.<\/p>    <figure class=\"wp-block-gallery aligncenter has-nested-images columns-default is-cropped wp-block-gallery-5 is-layout-flex wp-block-gallery-is-layout-flex\"> <figure class=\"wp-block-image size-large\"><img loading=\"lazy\" decoding=\"async\" width=\"720\" height=\"300\" data-id=\"1654\" src=\"https:\/\/taizyagromachine.com\/wp-content\/uploads\/2022\/01\/check-scene.jpg\" alt=\"escena de control\" class=\"wp-image-1654\"\/><figcaption>comprobar escena<\/figcaption><\/figure>    <figure class=\"wp-block-image size-large\"><img loading=\"lazy\" decoding=\"async\" width=\"720\" height=\"300\" data-id=\"1655\" src=\"https:\/\/taizyagromachine.com\/wp-content\/uploads\/2022\/01\/working-scene.jpg\" alt=\"escena de trabajo\" class=\"wp-image-1655\"\/><figcaption>escena de trabajo<\/figcaption><\/figure> <\/figure>    <figure class=\"wp-block-gallery aligncenter has-nested-images columns-default is-cropped wp-block-gallery-6 is-layout-flex wp-block-gallery-is-layout-flex\"> <figure class=\"wp-block-image size-large\"><img loading=\"lazy\" decoding=\"async\" width=\"720\" height=\"300\" data-id=\"1656\" src=\"https:\/\/taizyagromachine.com\/wp-content\/uploads\/2022\/01\/threshing-effect.jpg\" alt=\"efecto de trilla\" class=\"wp-image-1656\"\/><figcaption>efecto de trilla<\/figcaption><\/figure> <\/figure>","protected":false},"excerpt":{"rendered":"<p>Paddy wheat thresher\u00a0is mainly to thresh the paddy rice and wheat. Also, it\u2019s suitable for sorghum and beans. One more thing needing attention is that we should customize the machine of shelling beans. That\u2019s because of the different spindle speeds. What\u2019s more, this rice thresher belongs to the 5TD series. The model introduced today is [&hellip;]<\/p>\n","protected":false},"author":1,"featured_media":2144,"parent":0,"template":"","tags":[],"product-type":[20],"class_list":["post-1646","product","type-product","status-publish","has-post-thumbnail","hentry","product-type-rice-and-wheat-machine"],"_links":{"self":[{"href":"https:\/\/taizyagromachine.com\/es\/wp-json\/wp\/v2\/product\/1646","targetHints":{"allow":["GET"]}}],"collection":[{"href":"https:\/\/taizyagromachine.com\/es\/wp-json\/wp\/v2\/product"}],"about":[{"href":"https:\/\/taizyagromachine.com\/es\/wp-json\/wp\/v2\/types\/product"}],"author":[{"embeddable":true,"href":"https:\/\/taizyagromachine.com\/es\/wp-json\/wp\/v2\/users\/1"}],"wp:featuredmedia":[{"embeddable":true,"href":"https:\/\/taizyagromachine.com\/es\/wp-json\/wp\/v2\/media\/2144"}],"wp:attachment":[{"href":"https:\/\/taizyagromachine.com\/es\/wp-json\/wp\/v2\/media?parent=1646"}],"wp:term":[{"taxonomy":"post_tag","embeddable":true,"href":"https:\/\/taizyagromachine.com\/es\/wp-json\/wp\/v2\/tags?post=1646"},{"taxonomy":"product-type","embeddable":true,"href":"https:\/\/taizyagromachine.com\/es\/wp-json\/wp\/v2\/product-type?post=1646"}],"curies":[{"name":"wp","href":"https:\/\/api.w.org\/{rel}","templated":true}]}}