{"id":1671,"date":"2022-01-21T08:59:57","date_gmt":"2022-01-21T08:59:57","guid":{"rendered":"https:\/\/taizyagromachine.com\/"},"modified":"2025-01-02T13:52:52","modified_gmt":"2025-01-02T05:52:52","slug":"groundnut-sheller","status":"publish","type":"product","link":"https:\/\/taizyagromachine.com\/es\/product\/groundnut-sheller\/","title":{"rendered":"Desgranadora de man\u00ed"},"content":{"rendered":"<p class=\"translation-block\">La <strong>desgranadora de cacahuetes<\/strong> est\u00e1 especialmente dise\u00f1ada para separar las c\u00e1scaras y los granos de cacahuete, sin da\u00f1ar los granos. Este tipo pertenece a la serie TBH, y el modelo presentado hoy es el TBH-800. Esta desgranadora de cacahuetes puede utilizar un motor el\u00e9ctrico, un motor de gasolina o un motor di\u00e9sel como sistema de potencia. Adem\u00e1s, esta m\u00e1quina desgranadora de cacahuetes a la venta instala dos tamices en su interior. Por lo tanto, dispone de dos ventiladores. Es m\u00e1s, esta m\u00e1quina quitac\u00e1scaras de cacahuete puede realizar un doble desgranado. Por supuesto, es muy pr\u00e1ctica. Si tiene tierras de cultivo de cacahuetes, puede comprar una m\u00e1quina desgranadora de cacahuetes para su hogar. \u00a1Esperamos sus consultas!<\/p>   <div class=\"wp-block-image\"> <figure class=\"aligncenter size-full\"><img loading=\"lazy\" decoding=\"async\" width=\"720\" height=\"540\" src=\"https:\/\/taizyagromachine.com\/wp-content\/uploads\/2022\/01\/peanut-sheller.jpg\" alt=\"desgranadora de man\u00ed-desgranadora de man\u00ed\" class=\"wp-image-1672\"\/><figcaption class=\"wp-element-caption\">desgranadora de man\u00ed<\/figcaption><\/figure> <\/div>   <h2 class=\"wp-block-heading\" id=\"h-working-process-of-groundnut-sheller\"><strong>Proceso de trabajo de la desgranadora de man\u00ed<\/strong><\/h2>    <ol class=\"wp-block-list\" type=\"1\"> <li>Introduzca man\u00ed en el tambor delantero a trav\u00e9s de la tolva de alimentaci\u00f3n.<\/li>    <li>Los cacahuetes se pelar\u00e1n mediante la rotaci\u00f3n del manguito de suspensi\u00f3n y la fuerza de fricci\u00f3n de la placa c\u00f3ncava.<\/li>    <li>La semilla y la c\u00e1scara del man\u00ed separadas caen. A trav\u00e9s del canal de viento, la fuerza del viento expulsa la c\u00e1scara del man\u00ed para la selecci\u00f3n primaria.<\/li>    <li>El grano de man\u00ed y el man\u00ed sin c\u00e1scara llegan juntos al separador por gravedad para su selecci\u00f3n.<\/li>    <li>Los granos de man\u00ed seleccionados saldr\u00e1n por la salida del grano de man\u00ed. Mientras el man\u00ed sin c\u00e1scara regresa al transportador de viento, prep\u00e1rese para comenzar a pelarlo dos veces.<\/li>    <li>Contin\u00fae con el paso 3, la desgranadora de man\u00ed finalmente lograr\u00e1 el desgranado completo.<\/li> <\/ol>    <h2 class=\"wp-block-heading\" id=\"h-advantages-of-peanut-sheller-for-sale\"><strong>Ventajas de la desgranadora de man\u00ed a la venta<\/strong><strong><\/strong><\/h2>    <ul class=\"wp-block-list\" type=\"1\"> <li>Descascarado y cribado autom\u00e1tico de man\u00ed. Complete autom\u00e1ticamente el descascarillado del man\u00ed y el descascarado dos veces. Separe los granos de man\u00ed en mal estado. &nbsp;<\/li>    <li>Estructura compacta, operaci\u00f3n flexible, f\u00e1cil mantenimiento.<\/li>    <li>Alta eficiencia de descascarado, alto rendimiento, ahorro de mano de obra.<\/li>    <li>Todo el marco de la desgranadora de man\u00ed adopta acero de alta calidad, duradero.<\/li>    <li>La tasa de bombardeo puede ser \u226595%, adem\u00e1s, la tasa de rotura es\u22645%.<\/li> <\/ul>   <div class=\"wp-block-image\"> <figure class=\"aligncenter size-full\"><img loading=\"lazy\" decoding=\"async\" width=\"720\" height=\"150\" src=\"https:\/\/taizyagromachine.com\/wp-content\/uploads\/2022\/01\/features-of-peanut-husk-removing-machine.jpg\" alt=\"rodillo, pantalla y otros\" class=\"wp-image-1673\"\/><figcaption class=\"wp-element-caption\">rodillo, pantalla y otros<\/figcaption><\/figure> <\/div>   <h2 class=\"wp-block-heading\" id=\"h-groundnut-peeling-machine-design\"><strong>Dise\u00f1o de m\u00e1quina peladora de man\u00ed<\/strong><\/h2>    <p class=\"translation-block\">Como <a href=\"https:\/\/taizyagromachine.com\/es\/\" target=\"_blank\" rel=\"noreferrer noopener\">fabricante profesional de m\u00e1quinas desgranadoras de cacahuetes<\/a>, nosotros, Taizy Company, somos de confianza. La m\u00e1quina desgranadora de cacahuetes incluye una tolva de alimentaci\u00f3n, una salida para el grano de cacahuete y una salida para la c\u00e1scara de cacahuete.<\/p>   <div class=\"wp-block-image\"> <figure class=\"aligncenter size-full\"><img loading=\"lazy\" decoding=\"async\" width=\"720\" height=\"540\" src=\"https:\/\/taizyagromachine.com\/wp-content\/uploads\/2022\/01\/structure-of-peanut-shelling-machine.jpg\" alt=\"estructura de la m\u00e1quina descascaradora de man\u00ed\" class=\"wp-image-1674\"\/><figcaption class=\"wp-element-caption\">estructura de la m\u00e1quina descascaradora de man\u00ed<\/figcaption><\/figure> <\/div>   <h2 class=\"wp-block-heading\" id=\"h-conclusion\"><strong>Conclusi\u00f3n: aplicaciones de la desgranadora de man\u00ed<\/strong><\/h2>    <p class=\"translation-block\">El equipo de procesamiento de cacahuetes puede procesar las c\u00e1scaras y los granos de cacahuete enteros. Los granos de cacahuete pueden servir como alimento o como materia prima para las refiner\u00edas de aceite. Adem\u00e1s, las c\u00e1scaras de cacahuete se pueden utilizar para <a href=\"https:\/\/cornmachines.com\/pellet-mill-machine\/\" target=\"_blank\" rel=\"noreferrer noopener\">fabricar pellets de madera<\/a> o briquetas de carb\u00f3n vegetal como combustible.<\/p>    <p>En definitiva, la m\u00e1quina peladora de man\u00ed es completamente adecuada para operaciones de pelado de man\u00ed de:<\/p>    <p class=\"translation-block\"><em><strong>hogares individuales de procesamiento de cacahuetes<\/strong><\/em><\/p>    <p class=\"translation-block\"><em><strong>almacenes de granos <\/strong><\/em><\/p>    <p class=\"translation-block\"><em><strong>plantas procesadoras de aceite e industrias alimentarias<\/strong><\/em><\/p>    <p>Es un buen equipo de descascarado de man\u00ed para inversiones en vastas \u00e1reas de producci\u00f3n de man\u00ed y hogares profesionales individuales.<\/p>   <div class=\"wp-block-image\"> <figure class=\"aligncenter size-full\"><img loading=\"lazy\" decoding=\"async\" width=\"720\" height=\"400\" src=\"https:\/\/taizyagromachine.com\/wp-content\/uploads\/2022\/01\/strength-machine-display.jpg\" alt=\"fuerza de f\u00e1brica\" class=\"wp-image-1675\"\/><figcaption class=\"wp-element-caption\">fuerza de f\u00e1brica<\/figcaption><\/figure> <\/div>   <h2 class=\"wp-block-heading\"><strong>Video de trabajo de la m\u00e1quina desgranadora de man\u00ed TBH-800<\/strong><\/h2>    <figure class=\"wp-block-embed is-type-video is-provider-youtube wp-block-embed-youtube wp-embed-aspect-16-9 wp-has-aspect-ratio\"><div class=\"wp-block-embed__wrapper\"> <iframe loading=\"lazy\" title=\"Desgranadora de man\u00ed de alta eficiencia: m\u00e1quina descascaradora de man\u00ed popular en el cultivo de man\u00ed #peanuts\" width=\"500\" height=\"281\" src=\"https:\/\/www.youtube.com\/embed\/3O-OeI0zGjE?feature=oembed\" frameborder=\"0\" allow=\"accelerometer; autoplay; clipboard-write; encrypted-media; gyroscope; picture-in-picture; web-share\" referrerpolicy=\"strict-origin-when-cross-origin\" allowfullscreen><\/iframe> <\/div><\/figure>","protected":false},"excerpt":{"rendered":"<p>Groundnut sheller&nbsp;is specially designed for separating peanut shells and kernels, without damage to kernels. This type belongs to TBH series, and today model introduced is TBH-800. This groundnut sheller can use the electric motor, gasoline engine, or diesel engine as the power system. Besides, this peanut shelling machine for sale installs two screens inside. Thus, [&hellip;]<\/p>\n","protected":false},"author":1,"featured_media":1672,"parent":0,"template":"","tags":[],"product-type":[21],"class_list":["post-1671","product","type-product","status-publish","has-post-thumbnail","hentry","product-type-peanut-machine"],"_links":{"self":[{"href":"https:\/\/taizyagromachine.com\/es\/wp-json\/wp\/v2\/product\/1671","targetHints":{"allow":["GET"]}}],"collection":[{"href":"https:\/\/taizyagromachine.com\/es\/wp-json\/wp\/v2\/product"}],"about":[{"href":"https:\/\/taizyagromachine.com\/es\/wp-json\/wp\/v2\/types\/product"}],"author":[{"embeddable":true,"href":"https:\/\/taizyagromachine.com\/es\/wp-json\/wp\/v2\/users\/1"}],"wp:featuredmedia":[{"embeddable":true,"href":"https:\/\/taizyagromachine.com\/es\/wp-json\/wp\/v2\/media\/1672"}],"wp:attachment":[{"href":"https:\/\/taizyagromachine.com\/es\/wp-json\/wp\/v2\/media?parent=1671"}],"wp:term":[{"taxonomy":"post_tag","embeddable":true,"href":"https:\/\/taizyagromachine.com\/es\/wp-json\/wp\/v2\/tags?post=1671"},{"taxonomy":"product-type","embeddable":true,"href":"https:\/\/taizyagromachine.com\/es\/wp-json\/wp\/v2\/product-type?post=1671"}],"curies":[{"name":"wp","href":"https:\/\/api.w.org\/{rel}","templated":true}]}}