{"id":1849,"date":"2022-01-25T07:19:19","date_gmt":"2022-01-25T07:19:19","guid":{"rendered":"https:\/\/taizyagromachine.com\/"},"modified":"2025-01-02T13:49:54","modified_gmt":"2025-01-02T05:49:54","slug":"combined-groundnut-sheller-and-cleaner-for-sale","status":"publish","type":"product","link":"https:\/\/taizyagromachine.com\/es\/product\/combined-groundnut-sheller-and-cleaner-for-sale\/","title":{"rendered":"Venta de desgranadora y limpiadora combinada de man\u00ed"},"content":{"rendered":"<p class=\"translation-block\"><strong>La desgranadora y limpiadora de cacahuetes<\/strong> se combina con equipos de limpieza y trilla, especialmente para cacahuetes. Hoy se presenta el modelo 6BHX-3500. Esta <a href=\"https:\/\/taizyagromachine.com\/es\/product\/combined-groundnut-shelling-and-cleaning-machine\/\" target=\"_blank\" rel=\"noreferrer noopener\">unidad de desgranado de cacahuetes<\/a> tiene el dise\u00f1o m\u00e1s reciente. Adem\u00e1s, la desgranadora de cacahuetes combinada en venta tiene las ventajas de ventas directas de f\u00e1brica, alta tasa de desgranado y gran capacidad. Tambi\u00e9n, esta m\u00e1quina desgranadora de cacahuetes pertenece a modelos respetuosos con el medio ambiente. En Taizy Agro Machine Company, este tipo de desgranadora de cacahuetes tiene tres tamices para un desgranado mucho m\u00e1s limpio. \u00a1Bienvenido a contactarnos para m\u00e1s clasificaciones!<\/p>    <h2 class=\"wp-block-heading\" id=\"h-why-using-combined-groundnut-shelling-and-cleaning-machine\"><strong>\u00bfPor qu\u00e9 utilizar una m\u00e1quina combinada de limpieza y descascarado de man\u00ed?<\/strong><strong><\/strong><\/h2>    <p class=\"translation-block\">Al <a href=\"https:\/\/taizyagromachine.com\/es\/peanut-machine\/small-groundnut-harvester\/\" target=\"_blank\" rel=\"noreferrer noopener\">cosechar cacahuetes<\/a>, el fruto del cacahuete contiene muchos terrones, piedras, hojas de cacahuete, polvo, etc. Si no se limpia a tiempo, no solo causa un gran n\u00famero de cacahuetes rotos, sino que tambi\u00e9n afecta el color de los cacahuetes. Cuando la desgranadora y limpiadora de cacahuetes trabaja, las partes de la m\u00e1quina sufrir\u00e1n da\u00f1os en diversos grados.<\/p>   <div class=\"wp-block-image\"> <figure class=\"aligncenter size-full\"><img loading=\"lazy\" decoding=\"async\" width=\"720\" height=\"250\" src=\"https:\/\/taizyagromachine.com\/wp-content\/uploads\/2022\/01\/functions-3500.jpg\" alt=\"funciones\" class=\"wp-image-1857\"\/><figcaption class=\"wp-element-caption\">funciones<\/figcaption><\/figure> <\/div>   <h2 class=\"wp-block-heading\" id=\"h-features-of-groundnut-thresher-with-cleaner\"><strong>Caracter\u00edsticas de la trilladora de man\u00ed con limpiador<\/strong><strong><\/strong><\/h2>    <ul class=\"wp-block-list\" type=\"1\"> <li>Alta tasa de descascarado y alta tasa de limpieza.<\/li>    <li>Operaci\u00f3n simple y producci\u00f3n eficiente.<\/li>    <li>Desgranadora de man\u00ed de gran rendimiento, 1500-2200 kg por hora.<\/li>    <li>Baja tasa de rotura y baja tasa de p\u00e9rdidas.<\/li>    <li>Tres tamices para instalar, seleccione el tama\u00f1o de la pantalla seg\u00fan el tama\u00f1o del man\u00ed.<\/li> <\/ul>    <h2 class=\"wp-block-heading\" id=\"h-structure-of-groundnut-sheller-and-cleaner\"><strong>Estructura de la desgranadora y limpiadora de man\u00ed<\/strong><strong><\/strong><\/h2>    <p class=\"translation-block\">El dise\u00f1o de la m\u00e1quina desgranadora de cacahuetes y la <a href=\"https:\/\/en.wikipedia.org\/wiki\/Manufacturing\" target=\"_blank\" rel=\"noreferrer noopener\">fabricaci\u00f3n<\/a> tienen ideas \u00fanicas. Esta m\u00e1quina tiene un sistema de limpieza y un sistema de trilla. Para la parte de limpieza, el limpiador funciona para eliminar las impurezas existentes en los cacahuetes. Para la parte de trilla, el descascarador de cacahuetes es el n\u00facleo. Incluye la entrada de cacahuetes, la salida de granos de cacahuete y la salida de impurezas. Adem\u00e1s, entre el limpiador y la m\u00e1quina de pelado de cacahuetes, hay un elevador de transporte.<\/p>   <div class=\"wp-block-image\"> <figure class=\"aligncenter size-full\"><img loading=\"lazy\" decoding=\"async\" width=\"720\" height=\"540\" src=\"https:\/\/taizyagromachine.com\/wp-content\/uploads\/2022\/01\/structure-of-peanut-sheller-and-cleaner.jpg\" alt=\"Estructura de la desgranadora y limpiadora de man\u00ed.\" class=\"wp-image-1852\"\/><figcaption class=\"wp-element-caption\">Estructura de la desgranadora y limpiadora de man\u00ed.<\/figcaption><\/figure> <\/div>   <h2 class=\"wp-block-heading\" id=\"h-working-principle-of-groundnut-shelling-machine\"><strong>Principio de funcionamiento de la m\u00e1quina peladora de man\u00ed<\/strong><strong><\/strong><\/h2>    <p>La m\u00e1quina peladora de man\u00ed para la venta funciona de acuerdo con los procedimientos y finalmente obtiene los granos de man\u00ed. A continuaci\u00f3n se muestra el proceso de limpieza y desgranado de man\u00ed:<\/p>    <ol class=\"wp-block-list\" type=\"1\"> <li>Vierta el man\u00ed en la entrada del limpiador. La m\u00e1quina de limpieza funciona para eliminar suciedad, piedras, hojas de man\u00ed, polvo y otras impurezas.<\/li>    <li>El ascensor entrega los cacahuetes limpios al cracker de cacahuetes.<\/li>    <li>La m\u00e1quina trilladora de man\u00ed adopta la combinaci\u00f3n de una caja de criba cerrada y un ventilador especial para realizar la clasificaci\u00f3n por suspensi\u00f3n y el descascarado.<\/li>    <li>Despu\u00e9s de seleccionar y descascarar cuidadosamente, los granos de man\u00ed salen por el orificio de descarga con un colador.<\/li> <\/ol>   <div class=\"wp-block-image\"> <figure class=\"aligncenter size-full\"><img loading=\"lazy\" decoding=\"async\" width=\"720\" height=\"540\" src=\"https:\/\/taizyagromachine.com\/wp-content\/uploads\/2022\/01\/working-process-model-3500.jpg\" alt=\"Proceso de trabajo de desgranadora y limpiadora de man\u00ed.\" class=\"wp-image-1856\"\/><figcaption class=\"wp-element-caption\">proceso de trabajo<\/figcaption><\/figure> <\/div>   <h2 class=\"wp-block-heading\"><strong>Video de la m\u00e1quina combinada desgranadora y limpiadora de man\u00ed<\/strong><\/h2>    <figure class=\"wp-block-embed is-type-video is-provider-youtube wp-block-embed-youtube wp-embed-aspect-16-9 wp-has-aspect-ratio\"><div class=\"wp-block-embed__wrapper\"> <iframe loading=\"lazy\" title=\"M\u00e1quina descascaradora de man\u00ed combinada - Desgranadora de man\u00ed de alta eficiencia con m\u00e1quina de limpieza #peanuts\" width=\"500\" height=\"281\" src=\"https:\/\/www.youtube.com\/embed\/6I6Itc8PI9o?feature=oembed\" frameborder=\"0\" allow=\"accelerometer; autoplay; clipboard-write; encrypted-media; gyroscope; picture-in-picture; web-share\" referrerpolicy=\"strict-origin-when-cross-origin\" allowfullscreen><\/iframe> <\/div><\/figure>","protected":false},"excerpt":{"rendered":"<p>Groundnut sheller and cleaner&nbsp;is combined with cleaning and&nbsp;threshing equipment, especially for peanuts. 6BHX- 3500&nbsp;is introduced today. This peanut shelling machine unit&nbsp;has the latest design. Besides, the combined groundnut sheller for sale&nbsp;has the advantages of factory direct sales, high shelling rate, and large capacity.&nbsp;Also, this peanut sheller machine belongs to environmentally-friendly models. In Taizy Agro Machine [&hellip;]<\/p>\n","protected":false},"author":1,"featured_media":2153,"parent":0,"template":"","tags":[],"product-type":[21],"class_list":["post-1849","product","type-product","status-publish","has-post-thumbnail","hentry","product-type-peanut-machine"],"_links":{"self":[{"href":"https:\/\/taizyagromachine.com\/es\/wp-json\/wp\/v2\/product\/1849","targetHints":{"allow":["GET"]}}],"collection":[{"href":"https:\/\/taizyagromachine.com\/es\/wp-json\/wp\/v2\/product"}],"about":[{"href":"https:\/\/taizyagromachine.com\/es\/wp-json\/wp\/v2\/types\/product"}],"author":[{"embeddable":true,"href":"https:\/\/taizyagromachine.com\/es\/wp-json\/wp\/v2\/users\/1"}],"wp:featuredmedia":[{"embeddable":true,"href":"https:\/\/taizyagromachine.com\/es\/wp-json\/wp\/v2\/media\/2153"}],"wp:attachment":[{"href":"https:\/\/taizyagromachine.com\/es\/wp-json\/wp\/v2\/media?parent=1849"}],"wp:term":[{"taxonomy":"post_tag","embeddable":true,"href":"https:\/\/taizyagromachine.com\/es\/wp-json\/wp\/v2\/tags?post=1849"},{"taxonomy":"product-type","embeddable":true,"href":"https:\/\/taizyagromachine.com\/es\/wp-json\/wp\/v2\/product-type?post=1849"}],"curies":[{"name":"wp","href":"https:\/\/api.w.org\/{rel}","templated":true}]}}