{"id":1858,"date":"2022-01-26T07:17:33","date_gmt":"2022-01-26T07:17:33","guid":{"rendered":"https:\/\/taizyagromachine.com\/"},"modified":"2023-12-12T17:46:13","modified_gmt":"2023-12-12T09:46:13","slug":"4-row-groundnut-sowing-machine","status":"publish","type":"product","link":"https:\/\/taizyagromachine.com\/es\/product\/4-row-groundnut-sowing-machine\/","title":{"rendered":"M\u00e1quina sembradora de man\u00ed para plantar man\u00ed"},"content":{"rendered":"<p class=\"translation-block\">La <strong>sembradora de cacahuetes<\/strong> est\u00e1 dise\u00f1ada para la siembra de cacahuetes en tierras arenosas, rastrojos de trigo y tierras blandas (sin piedras). La sembradora de cacahuetes debe funcionar con un tractor de 40-70HP, adoptando una suspensi\u00f3n de 3 puntos. Dado que la sembradora de cacahuetes no tiene potencia propia para impulsarse. La sembradora de cacahuetes tiene ventajas de siembra de precisi\u00f3n, alta eficiencia y rendimiento estable. En comparaci\u00f3n con la <a href=\"https:\/\/taizyagromachine.com\/es\/rice-and-wheat-machine\/wheat-planter\/\" target=\"_blank\" rel=\"noreferrer noopener\">sembradora de trigo<\/a>, esta sembradora de cacahuetes tiene 2 filas, 6 filas y 8 filas disponibles. Las filas de siembra son seg\u00fan las demandas de los clientes. \u00a1Esperamos sus consultas!<\/p>    <h2 class=\"wp-block-heading\"><strong>Tipos de m\u00e1quinas sembradoras de man\u00ed disponibles<\/strong><\/h2>    <p>Nuestra sembradora de semillas de man\u00ed est\u00e1 disponible en diferentes modelos, incluidos 2 hileras, 4 hileras, 6 hileras y 8 hileras, etc. Estos diferentes modelos de sembradoras de man\u00ed se adaptan a granjas de diferentes tama\u00f1os, lo que permite a los productores de man\u00ed elegir la m\u00e1s adecuada. modelo apropiado para el tama\u00f1o y las necesidades de su operaci\u00f3n agr\u00edcola.<\/p>    <div class=\"wp-block-columns is-layout-flex wp-container-core-columns-is-layout-9d6595d7 wp-block-columns-is-layout-flex\"> <div class=\"wp-block-column is-layout-flow wp-block-column-is-layout-flow\"> <figure class=\"wp-block-image size-full\"><img loading=\"lazy\" decoding=\"async\" width=\"720\" height=\"540\" src=\"https:\/\/taizyagromachine.com\/wp-content\/uploads\/2023\/12\/twin-row-peanut-planter.webp\" alt=\"sembradora de man\u00ed de dos hileras\" class=\"wp-image-6147\"\/><figcaption class=\"wp-element-caption\">sembradora de man\u00ed de dos hileras<\/figcaption><\/figure> <\/div>    <div class=\"wp-block-column is-vertically-aligned-center is-layout-flow wp-block-column-is-layout-flow\"> <p class=\"has-text-align-center translation-block\"><strong>Sembradora de cacahuetes de dos filas<\/strong><\/p>    <p>La m\u00e1quina sembradora de man\u00ed de 2 hileras es adecuada para granjas m\u00e1s peque\u00f1as y es capaz de plantar eficientemente dos hileras de semillas de man\u00ed al mismo tiempo, proporcionando una soluci\u00f3n pr\u00e1ctica y rentable para la producci\u00f3n agr\u00edcola a peque\u00f1a escala.<\/p> <\/div> <\/div>    <div class=\"wp-block-columns is-layout-flex wp-container-core-columns-is-layout-9d6595d7 wp-block-columns-is-layout-flex\"> <div class=\"wp-block-column is-vertically-aligned-center is-layout-flow wp-block-column-is-layout-flow\"> <p class=\"has-text-align-center translation-block\"><strong>Sembradora de precisi\u00f3n de cacahuetes de 4 filas<\/strong><\/p>    <p>Nuestra sembradora de man\u00ed de 4 hileras es adecuada para granjas de tama\u00f1o mediano y es capaz de plantar cuatro hileras de semillas de man\u00ed a la vez, lo que mejora la eficiencia y mantiene la facilidad de manejo.<\/p> <\/div>    <div class=\"wp-block-column is-layout-flow wp-block-column-is-layout-flow\"> <figure class=\"wp-block-image size-full\"><img loading=\"lazy\" decoding=\"async\" width=\"720\" height=\"540\" src=\"https:\/\/taizyagromachine.com\/wp-content\/uploads\/2023\/12\/4-row-peanut-precision-planter.webp\" alt=\"Sembradora de precisi\u00f3n para man\u00ed de 4 hileras\" class=\"wp-image-6149\"\/><figcaption class=\"wp-element-caption\">Sembradora de precisi\u00f3n para man\u00ed de 4 hileras<\/figcaption><\/figure> <\/div> <\/div>    <div class=\"wp-block-columns is-layout-flex wp-container-core-columns-is-layout-9d6595d7 wp-block-columns-is-layout-flex\"> <div class=\"wp-block-column is-layout-flow wp-block-column-is-layout-flow\"> <figure class=\"wp-block-image size-full\"><img loading=\"lazy\" decoding=\"async\" width=\"720\" height=\"540\" src=\"https:\/\/taizyagromachine.com\/wp-content\/uploads\/2023\/12\/6-row-groundnut-planter.webp\" alt=\"sembradora de man\u00ed de 6 hileras\" class=\"wp-image-6153\"\/><figcaption class=\"wp-element-caption\">sembradora de man\u00ed de 6 hileras<\/figcaption><\/figure> <\/div>    <div class=\"wp-block-column is-vertically-aligned-center is-layout-flow wp-block-column-is-layout-flow\"> <p class=\"has-text-align-center translation-block\"><strong>Sembradora de cacahuetes de 6 filas<\/strong><\/p>    <p>Dise\u00f1ada para operaciones agr\u00edcolas a gran escala, la m\u00e1quina sembradora de semillas de man\u00ed de 6 hileras permite la siembra simult\u00e1nea de seis hileras de semillas de man\u00ed para campos de man\u00ed extensos, lo que aumenta la eficiencia de la siembra y reduce el tiempo requerido para el cultivo de man\u00ed.<\/p> <\/div> <\/div>    <div class=\"wp-block-columns is-layout-flex wp-container-core-columns-is-layout-9d6595d7 wp-block-columns-is-layout-flex\"> <div class=\"wp-block-column is-vertically-aligned-center is-layout-flow wp-block-column-is-layout-flow\"> <p class=\"has-text-align-center translation-block\"><strong>Sembradora de cacahuetes de 8 filas<\/strong><\/p>    <p>Una poderosa soluci\u00f3n dise\u00f1ada para el cultivo de man\u00ed a gran escala, la m\u00e1quina sembradora de man\u00ed de 8 hileras es capaz de plantar ocho hileras de semillas de man\u00ed simult\u00e1neamente, maximizando la eficiencia y la productividad, lo que la convierte en una excelente opci\u00f3n para campos de man\u00ed en expansi\u00f3n y agroindustrias comerciales.<\/p> <\/div>    <div class=\"wp-block-column is-layout-flow wp-block-column-is-layout-flow\"> <figure class=\"wp-block-image size-full\"><img loading=\"lazy\" decoding=\"async\" width=\"720\" height=\"540\" src=\"https:\/\/taizyagromachine.com\/wp-content\/uploads\/2023\/12\/8-row-groundnut-seed-sowing-machine.webp\" alt=\"Sembradora de semillas de man\u00ed de 8 hileras\" class=\"wp-image-6155\"\/><figcaption class=\"wp-element-caption\">Sembradora de semillas de man\u00ed de 8 hileras<\/figcaption><\/figure> <\/div> <\/div>    <h2 class=\"wp-block-heading\"><strong>\u00bfCu\u00e1les son las funciones de la sembradora de man\u00ed?<\/strong><\/h2>    <p>La sembradora de man\u00ed es una maquinaria agr\u00edcola multifuncional con varias funciones importantes.<\/p>    <ul class=\"wp-block-list\"> <li><strong>aporcar<\/strong>: Puede realizar operaciones de surcado, limpiar y nivelar el suelo de manera efectiva y crear condiciones favorables para el crecimiento del man\u00ed.<\/li>    <li><strong>Triturado<\/strong>: La sembradora de man\u00ed tambi\u00e9n est\u00e1 equipada con la funci\u00f3n de acolchado, que puede cubrir la pel\u00edcula durante el proceso de siembra para aumentar la temperatura del suelo, hidratar el suelo e inhibir el crecimiento de malezas, lo que ayuda a mejorar el rendimiento y la calidad del man\u00ed. .<\/li>    <li><strong>Riego<\/strong>: Nuestra m\u00e1quina tambi\u00e9n es capaz de realizar operaciones de riego para garantizar un enraizamiento y una germinaci\u00f3n suaves de las semillas en suelo h\u00famedo, proporcionando suficiente agua para el crecimiento del man\u00ed.<\/li> <\/ul>    <figure class=\"wp-block-gallery aligncenter has-nested-images columns-default is-cropped wp-block-gallery-2 is-layout-flex wp-block-gallery-is-layout-flex\"> <figure class=\"wp-block-image size-large\"><img loading=\"lazy\" decoding=\"async\" width=\"720\" height=\"540\" data-id=\"6165\" src=\"https:\/\/taizyagromachine.com\/wp-content\/uploads\/2022\/01\/normal-type-mounted-peanut-planter-for-tractor.webp\" alt=\"Sembradora de man\u00ed montada tipo normal para tractor\" class=\"wp-image-6165\"\/><figcaption class=\"wp-element-caption\">Sembradora de man\u00ed montada tipo normal para tractor<\/figcaption><\/figure>    <figure class=\"wp-block-image size-large\"><img loading=\"lazy\" decoding=\"async\" width=\"720\" height=\"540\" data-id=\"6166\" src=\"https:\/\/taizyagromachine.com\/wp-content\/uploads\/2022\/01\/peanut-seed-drill-planter-with-rigiding-function.webp\" alt=\"sembradora de semillas de man\u00ed con funci\u00f3n r\u00edgida\" class=\"wp-image-6166\"\/><figcaption class=\"wp-element-caption\">sembradora de semillas de man\u00ed con funci\u00f3n r\u00edgida<\/figcaption><\/figure> <\/figure>    <figure class=\"wp-block-gallery aligncenter has-nested-images columns-default is-cropped wp-block-gallery-3 is-layout-flex wp-block-gallery-is-layout-flex\"> <figure class=\"wp-block-image size-large\"><img loading=\"lazy\" decoding=\"async\" width=\"720\" height=\"540\" data-id=\"6167\" src=\"https:\/\/taizyagromachine.com\/wp-content\/uploads\/2022\/01\/groundnut-planter-with-watering-and-mulching.webp\" alt=\"sembradora de man\u00ed con riego y mantillo\" class=\"wp-image-6167\"\/><figcaption class=\"wp-element-caption\">sembradora de man\u00ed con riego y mantillo<\/figcaption><\/figure>    <figure class=\"wp-block-image size-large\"><img loading=\"lazy\" decoding=\"async\" width=\"720\" height=\"540\" data-id=\"6168\" src=\"https:\/\/taizyagromachine.com\/wp-content\/uploads\/2022\/01\/groundnut-sowing-machine-with-rigiding-and-baffle.webp\" alt=\"sembradora de man\u00ed con rigidez y deflector\" class=\"wp-image-6168\"\/><figcaption class=\"wp-element-caption\">sembradora de man\u00ed con rigidez y deflector<\/figcaption><\/figure> <\/figure>    <h2 class=\"wp-block-heading\" id=\"characteristics-pf-peanut-sowing-machine-for-sale\"><strong>Caracter\u00edsticas de la m\u00e1quina sembradora de man\u00ed a la venta <\/strong><\/h2>    <ul class=\"wp-block-list\"> <li>Gran espacio de dise\u00f1o. La sembradora de man\u00ed est\u00e1 disponible con opciones de siembra en crestas y en planos. La m\u00e1quina para cultivo de man\u00ed tambi\u00e9n se puede utilizar en campos de rastrojo.<\/li>    <li>Funciones a\u00f1adidas. Esta m\u00e1quina tambi\u00e9n puede a\u00f1adir la funda con film y regar.<\/li>    <li>Adecuaci\u00f3n del espacio de planta. El espacio de la planta se puede ajustar ajustando la velocidad del gobernador.<\/li>    <li>La m\u00e1quina sembradora de man\u00ed debe estar conectada al tractor para realizar el trabajo de siembra de man\u00ed.<\/li>    <li>Operaci\u00f3n confiable, menos tiempo de mantenimiento, alta eficiencia y larga vida \u00fatil.<\/li> <\/ul>    <figure class=\"wp-block-gallery has-nested-images columns-default is-cropped wp-block-gallery-4 is-layout-flex wp-block-gallery-is-layout-flex\"> <figure class=\"wp-block-image size-full\"><img loading=\"lazy\" decoding=\"async\" width=\"720\" height=\"540\" data-id=\"1864\" src=\"https:\/\/taizyagromachine.com\/wp-content\/uploads\/2022\/01\/ridge.jpg\" alt=\"cresta de la m\u00e1quina sembradora de man\u00ed\" class=\"wp-image-1864\"\/><figcaption class=\"wp-element-caption\">cresta<\/figcaption><\/figure>    <figure class=\"wp-block-image size-full\"><img loading=\"lazy\" decoding=\"async\" width=\"720\" height=\"540\" data-id=\"1865\" src=\"https:\/\/taizyagromachine.com\/wp-content\/uploads\/2022\/01\/governor.jpg\" alt=\"gobernador\" class=\"wp-image-1865\"\/><figcaption class=\"wp-element-caption\">gobernador<\/figcaption><\/figure> <\/figure>    <h2 class=\"wp-block-heading\" id=\"advantages-of-groundnut-seeder-machine\"><strong>Ventajas de la m\u00e1quina sembradora de man\u00ed<\/strong><\/h2>    <ol class=\"wp-block-list\" style=\"list-style-type:1\"> <li>Colocar primero los surcos puede garantizar una profundidad constante de la semilla y una germinaci\u00f3n r\u00e1pida.<\/li>    <li>En comparaci\u00f3n con los modelos tradicionales, la sembradora de man\u00ed puede garantizar la tasa de germinaci\u00f3n y aumentar el rendimiento promedio.<\/li>    <li>Adoptar 65# <a href=\"https:\/\/en.wikipedia.org\/wiki\/Mangalloy\" target=\"_blank\" rel=\"noreferrer noopener\">acero al manganeso<\/a>, que tiene alta dureza y buena resistencia al desgaste.<\/li>    <li>El dispositivo de semillas es m\u00e1s preciso para sembrar, semillas uniformes, semillas menos podridas y espacio garantizado para las plantas.&nbsp;<\/li> <\/ol>    <h2 class=\"wp-block-heading\" id=\"peanut-planter-design\"><strong>PAG<\/strong><strong>man\u00ed <\/strong><strong>PAG<\/strong><strong>linterna <\/strong><strong>D<\/strong><strong>dise\u00f1o<\/strong><strong><\/strong><\/h2>    <p class=\"translation-block\">Siendo <a href=\"https:\/\/taizyagromachine.com\/es\/about-us\/\" target=\"_blank\" rel=\"noreferrer noopener\">una de las principales empresas de maquinaria agr\u00edcola<\/a>, nuestra m\u00e1quina sembradora de cacahuetes en venta tiene una estructura razonable. La sembradora de cacahuetes tiene una caja de fertilizante y una caja de semillas, por lo tanto, fertiliza y siembra al mismo tiempo. El dispositivo de formaci\u00f3n de surcos funciona para hacer surcos que faciliten la siembra de semillas de cacahuete.<\/p>   <div class=\"wp-block-image\"> <figure class=\"aligncenter size-full\"><img loading=\"lazy\" decoding=\"async\" width=\"720\" height=\"540\" src=\"https:\/\/taizyagromachine.com\/wp-content\/uploads\/2022\/01\/structure-of-4-row-peanut-planter.jpg\" alt=\"Estructura de la sembradora de man\u00ed de 4 hileras.\" class=\"wp-image-1863\"\/><figcaption class=\"wp-element-caption\">Estructura de la sembradora de man\u00ed de 4 hileras.<\/figcaption><\/figure> <\/div>   <h2 class=\"wp-block-heading\" id=\"working-process-of-peanut-sowing-machine\"><strong>Proceso de trabajo de la m\u00e1quina sembradora de semillas de man\u00ed<\/strong><\/h2>    <p>Despu\u00e9s del montaje con el tractor, la m\u00e1quina sembradora de man\u00ed comienza a funcionar. El proceso es muy sencillo, primero fertilizar, luego sembrar y por \u00faltimo aporcar.<\/p>    <p>Desde la siembra de la semilla de man\u00ed y su crecimiento hasta la cosecha, la m\u00e1quina sembradora de man\u00ed funciona inicialmente. Por eso, es importante aprender a sembrar semillas de man\u00ed.<\/p>   <div class=\"wp-block-image\"> <figure class=\"aligncenter size-full\"><img loading=\"lazy\" decoding=\"async\" width=\"720\" height=\"540\" src=\"https:\/\/taizyagromachine.com\/wp-content\/uploads\/2022\/01\/peanut-seedinggrowing-and-harvesting.jpg\" alt=\"siembra, cultivo y cosecha de man\u00ed\" class=\"wp-image-1861\"\/><figcaption class=\"wp-element-caption\">siembra, cultivo y cosecha de man\u00ed<\/figcaption><\/figure> <\/div>   <h2 class=\"wp-block-heading\"><strong>Casos globales de plantador de semillas de man\u00ed Taizy <\/strong><\/h2>    <h3 class=\"wp-block-heading\" id=\"successful-case-4-row-peanut-planter-exported-to-myanmar\"><strong>Caso exitoso: sembradora de man\u00ed de 4 hileras exportada a Myanmar<\/strong><\/h3>    <p class=\"translation-block\">Este a\u00f1o, nuestra gerente de ventas Coco recibi\u00f3 una consulta de <a href=\"https:\/\/en.wikipedia.org\/wiki\/Myanmar\" target=\"_blank\" rel=\"noreferrer noopener\">Myanmar<\/a> sobre la sembradora de cacahuetes. Un cliente en Myanmar tiene un terreno, por lo que quer\u00eda comprar una sembradora de cacahuetes para la agricultura. Despu\u00e9s de consultar su presupuesto y sus necesidades agr\u00edcolas, Coco le recomend\u00f3 la sembradora de cacahuetes con cuatro filas de surcos. El cliente de Myanmar decidi\u00f3 comprar en nuestra empresa. Ambas partes confirmaron las m\u00e1quinas una por una y finalizaron el acuerdo. Despu\u00e9s de recibir la m\u00e1quina, nos envi\u00f3 buenos comentarios y elogi\u00f3 nuestras m\u00e1quinas.<\/p>   <div class=\"wp-block-image\"> <figure class=\"aligncenter size-full\"><img loading=\"lazy\" decoding=\"async\" width=\"720\" height=\"540\" src=\"https:\/\/taizyagromachine.com\/wp-content\/uploads\/2022\/01\/Myanmar-customized-4-row-geoundnut-seeder.jpg\" alt=\"Sembradora de man\u00ed de 4 hileras personalizada para clientes de Myanmar\" class=\"wp-image-1862\"\/><figcaption class=\"wp-element-caption\"> Sembradora de man\u00ed de 4 hileras personalizada para clientes de Myanmar<\/figcaption><\/figure> <\/div>   <h3 class=\"wp-block-heading\"><strong>Stroy exitosa: sembradora de man\u00ed de 6 hileras vendida a Dinamarca<\/strong><\/h3>    <p>Recientemente se ha exportado con \u00e9xito a Dinamarca una sembradora de man\u00ed de 6 hileras de \u00faltima tecnolog\u00eda, aportando soluciones modernas a la producci\u00f3n agr\u00edcola local. Con su eficiente funci\u00f3n de siembra simult\u00e1nea de 6 hileras, esta sembradora proporciona una opci\u00f3n m\u00e1s r\u00e1pida y conveniente para la siembra de man\u00ed en Dinamarca. Su tecnolog\u00eda avanzada no s\u00f3lo mejora la eficiencia de la siembra, sino que tambi\u00e9n permite a los agricultores daneses adaptarse mejor al entorno de siembra local. <\/p>    <figure class=\"wp-block-gallery aligncenter has-nested-images columns-default is-cropped wp-block-gallery-5 is-layout-flex wp-block-gallery-is-layout-flex\"> <figure class=\"wp-block-image size-large\"><img loading=\"lazy\" decoding=\"async\" width=\"720\" height=\"540\" data-id=\"6160\" src=\"https:\/\/taizyagromachine.com\/wp-content\/uploads\/2022\/01\/6-row-groundnut-planter-for-sale.webp\" alt=\"Se vende sembradora de man\u00ed de 6 hileras\" class=\"wp-image-6160\"\/><figcaption class=\"wp-element-caption\">Se vende sembradora de man\u00ed de 6 hileras<\/figcaption><\/figure>    <figure class=\"wp-block-image size-large\"><img loading=\"lazy\" decoding=\"async\" width=\"720\" height=\"540\" data-id=\"6161\" src=\"https:\/\/taizyagromachine.com\/wp-content\/uploads\/2022\/01\/customized-peanut-planter-equipment.webp\" alt=\"equipo de sembradora de man\u00ed personalizado\" class=\"wp-image-6161\"\/><figcaption class=\"wp-element-caption\">equipo de sembradora de man\u00ed personalizado<\/figcaption><\/figure> <\/figure>    <figure class=\"wp-block-gallery aligncenter has-nested-images columns-default is-cropped wp-block-gallery-6 is-layout-flex wp-block-gallery-is-layout-flex\"> <figure class=\"wp-block-image size-large\"><img loading=\"lazy\" decoding=\"async\" width=\"720\" height=\"540\" data-id=\"6163\" src=\"https:\/\/taizyagromachine.com\/wp-content\/uploads\/2022\/01\/package-groundnut-sowing-machine-in-wooden-cases.webp\" alt=\"Paquete de m\u00e1quina sembradora de man\u00ed en cajas de madera.\" class=\"wp-image-6163\"\/><figcaption class=\"wp-element-caption\">Paquete de m\u00e1quina sembradora de man\u00ed en cajas de madera.<\/figcaption><\/figure>    <figure class=\"wp-block-image size-large\"><img loading=\"lazy\" decoding=\"async\" width=\"720\" height=\"540\" data-id=\"6162\" src=\"https:\/\/taizyagromachine.com\/wp-content\/uploads\/2022\/01\/export-6-row-peanut-planter-to-Denmark.webp\" alt=\"exportar sembradora de man\u00ed de 6 hileras a Dinamarca\" class=\"wp-image-6162\"\/><figcaption class=\"wp-element-caption\">exportar sembradora de man\u00ed de 6 hileras a Dinamarca<\/figcaption><\/figure> <\/figure>    <p>Este evento de exportaci\u00f3n no es s\u00f3lo un intercambio transfronterizo de tecnolog\u00eda de maquinaria agr\u00edcola, sino tambi\u00e9n una contribuci\u00f3n positiva a la modernizaci\u00f3n de la agricultura danesa, marcando el comienzo de herramientas de siembra m\u00e1s avanzadas para la agricultura local.<\/p>    <h2 class=\"wp-block-heading\"><strong>V\u00eddeo de la m\u00e1quina sembradora de man\u00ed de Taizy<\/strong><\/h2>    <figure class=\"wp-block-embed is-type-video is-provider-youtube wp-block-embed-youtube wp-embed-aspect-16-9 wp-has-aspect-ratio\"><div class=\"wp-block-embed__wrapper\"> <iframe loading=\"lazy\" title=\"Sembradora de man\u00ed de varias hileras-m\u00e1quina de siembra de man\u00ed de Taizy 2023 #planter #peanut #agricultural\" width=\"500\" height=\"281\" src=\"https:\/\/www.youtube.com\/embed\/rTrY3IFrM9Y?feature=oembed\" frameborder=\"0\" allow=\"accelerometer; autoplay; clipboard-write; encrypted-media; gyroscope; picture-in-picture; web-share\" referrerpolicy=\"strict-origin-when-cross-origin\" allowfullscreen><\/iframe> <\/div><\/figure>","protected":false},"excerpt":{"rendered":"<p>Groundnut sowing machine&nbsp;is designed for groundnuts planting in the sandy land, wheat stubble land, and soft lands(no stones). The groundnut planter should work with the tractor of 40-70HP, adopting a 3-linkage suspension. Because the peanut planter itself has no power to drive. The peanut seeder has advantages of precision planting, high efficiency, and stable performance. [&hellip;]<\/p>\n","protected":false},"author":1,"featured_media":2164,"parent":0,"template":"","tags":[154,45,46,149,40,39,42,152,151,43,153,44,150],"product-type":[21],"class_list":["post-1858","product","type-product","status-publish","has-post-thumbnail","hentry","tag-2-row-peanut-planter","tag-4-row-groundnut-sowing-machine","tag-4-row-peanut-sowing-machine","tag-double-row-planter","tag-groundnut-planter","tag-groundnut-sowing-machine","tag-peanut-planter","tag-peanut-planter-equipment","tag-peanut-planter-machine","tag-peanut-planting-machine","tag-peanut-seed-planter","tag-peanut-sowing-machine","tag-twin-row-peanut-planter-for-sale","product-type-peanut-machine"],"_links":{"self":[{"href":"https:\/\/taizyagromachine.com\/es\/wp-json\/wp\/v2\/product\/1858","targetHints":{"allow":["GET"]}}],"collection":[{"href":"https:\/\/taizyagromachine.com\/es\/wp-json\/wp\/v2\/product"}],"about":[{"href":"https:\/\/taizyagromachine.com\/es\/wp-json\/wp\/v2\/types\/product"}],"author":[{"embeddable":true,"href":"https:\/\/taizyagromachine.com\/es\/wp-json\/wp\/v2\/users\/1"}],"wp:featuredmedia":[{"embeddable":true,"href":"https:\/\/taizyagromachine.com\/es\/wp-json\/wp\/v2\/media\/2164"}],"wp:attachment":[{"href":"https:\/\/taizyagromachine.com\/es\/wp-json\/wp\/v2\/media?parent=1858"}],"wp:term":[{"taxonomy":"post_tag","embeddable":true,"href":"https:\/\/taizyagromachine.com\/es\/wp-json\/wp\/v2\/tags?post=1858"},{"taxonomy":"product-type","embeddable":true,"href":"https:\/\/taizyagromachine.com\/es\/wp-json\/wp\/v2\/product-type?post=1858"}],"curies":[{"name":"wp","href":"https:\/\/api.w.org\/{rel}","templated":true}]}}