{"id":1974,"date":"2022-02-08T06:54:20","date_gmt":"2022-02-08T06:54:20","guid":{"rendered":"https:\/\/taizyagromachine.com\/"},"modified":"2025-02-26T10:27:05","modified_gmt":"2025-02-26T02:27:05","slug":"automatic-sesame-seed-peeling-and-hulling-machine","status":"publish","type":"product","link":"https:\/\/taizyagromachine.com\/es\/product\/automatic-sesame-seed-peeling-and-hulling-machine\/","title":{"rendered":"Peladora de s\u00e9samo | M\u00e1quina descascarilladora autom\u00e1tica de semillas de s\u00e9samo"},"content":{"rendered":"<p class=\"translation-block\">La <strong>m\u00e1quina peladora de s\u00e9samo<\/strong> est\u00e1 especialmente dise\u00f1ada para descascarar s\u00e9samo y semillas de calabaza para diversos usos, principalmente en la industria alimentaria. Esta m\u00e1quina descascaradora de s\u00e9samo combina limpieza y eliminaci\u00f3n de la c\u00e1scara del s\u00e9samo, para obtener un s\u00e9samo de alta calidad. Adem\u00e1s, la m\u00e1quina descascaradora de s\u00e9samo tiene una tasa de descascarado del 80 %-85 %. Por otra parte, la m\u00e1quina autom\u00e1tica de lavado y pelado de semillas de s\u00e9samo tiene las ventajas de un pelado exhaustivo, grano perfecto, blanco y brillante. <\/p>    <p>Adem\u00e1s, esta m\u00e1quina lavadora y descascaradora de s\u00e9samo a la venta cuenta con el certificado CE. De este modo, los clientes extranjeros pueden aceptarlo mejor y m\u00e1s f\u00e1cilmente. Por lo tanto, nuestra m\u00e1quina para lavar y pelar s\u00e9samo es muy popular entre muchos pa\u00edses y regiones extranjeros, como Nigeria, Burkina Faso, Ghana, Tanzania, Yemen, etc. <\/p>    <p>Si est\u00e1 interesado en pelar semillas con un m\u00e9todo h\u00famedo, comun\u00edquese con nosotros de inmediato y nos comunicaremos con usted muy pronto.<\/p>    <figure class=\"wp-block-embed is-type-video is-provider-youtube wp-block-embed-youtube wp-embed-aspect-16-9 wp-has-aspect-ratio\"><div class=\"wp-block-embed__wrapper\"> <iframe loading=\"lazy\" title=\"Peladora y lavadora de semillas de calabaza - Fabricante y proveedor de peladoras de s\u00e9samo\" width=\"500\" height=\"281\" src=\"https:\/\/www.youtube.com\/embed\/z8xSX3G2aGU?feature=oembed\" frameborder=\"0\" allow=\"accelerometer; autoplay; clipboard-write; encrypted-media; gyroscope; picture-in-picture; web-share\" referrerpolicy=\"strict-origin-when-cross-origin\" allowfullscreen><\/iframe> <\/div><figcaption class=\"wp-element-caption\">Video de la m\u00e1quina peladora de semillas de s\u00e9samo con m\u00e9todo h\u00famedo.<\/figcaption><\/figure>    <h2 class=\"wp-block-heading\"><strong>Par\u00e1metros t\u00e9cnicos de la m\u00e1quina peladora de s\u00e9samo<\/strong><\/h2>    <figure class=\"wp-block-table\"><table><tbody><tr><td>Nombre de la m\u00e1quina<\/td><td>M\u00e1quina descascarilladora de s\u00e9samo<\/td><\/tr><tr><td>Fuerza<\/td><td>Motor de descascarado 2.2kw,<br>Motor separador 1,5 kw<\/td><\/tr><tr><td>Capacidad<\/td><td>400-500kg\/h<br>30-50 kg\/barril<\/td><\/tr><tr><td>Tasa de descascarillado<\/td><td>80%-85%<\/td><\/tr><tr><td>Peso<\/td><td>500 kilos<\/td><\/tr><tr><td>Tama\u00f1o<\/td><td>1400*700*2000mm<\/td><\/tr><tr><td>Material de la m\u00e1quina<\/td><td>Hecho de acero inoxidable<\/td><\/tr><\/tbody><\/table><figcaption class=\"wp-element-caption\">Datos detallados de la m\u00e1quina peladora de semillas de s\u00e9samo.<\/figcaption><\/figure>    <h2 class=\"wp-block-heading\" id=\"features-of-sesame-peeling-machine-for-sale\"><strong>Caracter\u00edsticas de la m\u00e1quina peladora de s\u00e9samo a la venta<\/strong><\/h2>    <ul class=\"wp-block-list\"> <li>Tama\u00f1o peque\u00f1o, estructura simple, apariencia hermosa, f\u00e1cil operaci\u00f3n y baja tasa de mantenimiento.<\/li>    <li>Materiales de acero inoxidable, duraderos e inofensivos para el medio ambiente.<\/li>    <li>Buenas propiedades mec\u00e1nicas, larga vida \u00fatil.<\/li>    <li>Buena resistencia a la corrosi\u00f3n y resistencia al desgaste.<\/li>    <li>Esta m\u00e1quina peladora de s\u00e9samo es brillante, limpia y de alta calidad.<\/li> <\/ul>    <h2 class=\"wp-block-heading\" id=\"sesame-hulling-process\"><strong>\u00bfQu\u00e9 es el proceso de descascarillado del s\u00e9samo?<\/strong><\/h2>   <div id=\"rank-math-howto\" class=\"rank-math-block\" > <div class=\"rank-math-howto-description\">  <p>Como fabricante y proveedor profesional de m\u00e1quinas agr\u00edcolas, la m\u00e1quina lavadora y peladora de s\u00e9samo sigue un determinado procedimiento para descascarar el s\u00e9samo. El proceso es el siguiente:<\/p>  <\/div>  <div class=\"rank-math-steps\"> <div id=\"howto-step-1704185703290\" class=\"rank-math-step\"> <h3 class=\"rank-math-step-title\"><strong>Proceso de preparaci\u00f3n y pelado inicial.<\/strong><\/h3> <div class=\"rank-math-step-content\"><p>En la etapa inicial, como fabricante profesional de m\u00e1quinas agr\u00edcolas, comience mezclando semillas de s\u00e9samo crudas con aproximadamente 20% de agua para facilitar el proceso de pelado. Una vez que la mezcla est\u00e9 adecuadamente preparada, enciende la m\u00e1quina peladora de s\u00e9samo.<\/p> <\/div> <\/div> <div id=\"howto-step-1704185761442\" class=\"rank-math-step\"> <h3 class=\"rank-math-step-title\"><strong>Peladura<\/strong><\/h3> <div class=\"rank-math-step-content\"><p>Despu\u00e9s del tiempo de pelado designado, el siguiente paso consiste en transferir las semillas de s\u00e9samo peladas. Abra la compuerta de descarga de la peladora y vierta con cuidado las semillas en el componente separador de la m\u00e1quina. Esta parte de la maquinaria separa el s\u00e9samo ya pelado de su piel.<\/p> <\/div> <\/div> <div id=\"howto-step-1704185934488\" class=\"rank-math-step\"> <h3 class=\"rank-math-step-title\"><strong>Separando<\/strong><\/h3> <div class=\"rank-math-step-content\"><p>Durante el proceso de separaci\u00f3n, es fundamental mantener una proporci\u00f3n \u00f3ptima de agua y s\u00e9samo de 3:1. Esto asegura que el separador pueda funcionar con su m\u00e1xima eficiencia mientras separa las semillas de s\u00e9samo limpias de sus c\u00e1scaras. Al mismo tiempo, abra la v\u00e1lvula inferior del separador.<\/p> <\/div> <\/div> <\/div> <\/div>       <figure class=\"wp-block-embed is-type-video is-provider-youtube wp-block-embed-youtube wp-embed-aspect-16-9 wp-has-aspect-ratio\"><div class=\"wp-block-embed__wrapper\"> <iframe loading=\"lazy\" title=\"Gu\u00eda para corregir el funcionamiento de la m\u00e1quina de pelado de semillas de s\u00e9samo | Lavado y pelado de s\u00e9samo en blanco y negro\" width=\"500\" height=\"281\" src=\"https:\/\/www.youtube.com\/embed\/23n8PzepCoA?feature=oembed\" frameborder=\"0\" allow=\"accelerometer; autoplay; clipboard-write; encrypted-media; gyroscope; picture-in-picture; web-share\" referrerpolicy=\"strict-origin-when-cross-origin\" allowfullscreen><\/iframe> <\/div><figcaption class=\"wp-element-caption\">Proceso de lavado y pelado de semillas de s\u00e9samo<\/figcaption><\/figure>    <h2 class=\"wp-block-heading\" id=\"wide-applications-of-sesames\"><strong>Amplias aplicaciones de pelado<\/strong> <strong>s\u00e9samo<\/strong> <\/h2>    <p>Despu\u00e9s de descascarar el s\u00e9samo, podemos obtener semillas de s\u00e9samo de gran calidad. \u00bfPero d\u00f3nde se utilizan m\u00e1s? La respuesta est\u00e1 definitivamente en la industria alimentaria.<\/p>   <div class=\"wp-block-image\"> <figure class=\"aligncenter size-full\"><img loading=\"lazy\" decoding=\"async\" width=\"720\" height=\"540\" src=\"https:\/\/taizyagromachine.com\/wp-content\/uploads\/2022\/02\/wide-applications-sesame-dehulling-machine.jpg\" alt=\"M\u00e1quina-descascaradora-de-s\u00e9samo-para-amplias-aplicaciones\" class=\"wp-image-1976\" srcset=\"https:\/\/taizyagromachine.com\/wp-content\/uploads\/2022\/02\/wide-applications-sesame-dehulling-machine.jpg 720w, https:\/\/taizyagromachine.com\/wp-content\/uploads\/2022\/02\/wide-applications-sesame-dehulling-machine-300x225.jpg 300w\" sizes=\"auto, (max-width: 720px) 100vw, 720px\" \/><figcaption class=\"wp-element-caption\">Amplias aplicaciones de la m\u00e1quina peladora y descascaradora de semillas de s\u00e9samo.<\/figcaption><\/figure> <\/div>   <ul class=\"wp-block-list\"> <li>Agrega semillas de s\u00e9samo a la panader\u00eda, galletas y postres para hacerlos m\u00e1s atractivos y deliciosos.<\/li>    <li>Como materia prima, se utiliza para fabricar <a href=\"https:\/\/en.wikipedia.org\/wiki\/Tahini\" target=\"_blank\" rel=\"noreferrer noopener\">tahini<\/a>.<\/li>    <li>Por lo general, siempre tenemos aceite de s\u00e9samo comestible para hacer que la comida sea m\u00e1s fragante y deliciosa. Adem\u00e1s, el aceite de s\u00e9samo es bueno para los humanos.<\/li>    <li>El aceite de s\u00e9samo sirve para masajes corporales y tambi\u00e9n para tratamientos de salud.<\/li> <\/ul>    <p>Todo lo anterior necesita la m\u00e1quina peladora de s\u00e9samo. \u00a1No dude en contactarnos para obtener m\u00e1s informaci\u00f3n!<\/p>    <h2 class=\"wp-block-heading\" id=\"how-does-sesame-peeling-machine-work\"><strong>\u00bfC\u00f3mo funciona la peladora autom\u00e1tica de semillas de s\u00e9samo?<\/strong><\/h2>    <p>Este v\u00eddeo detalla los estados de funcionamiento de la m\u00e1quina peladora de s\u00e9samo. En el v\u00eddeo se puede saber claramente que la m\u00e1quina descascaradora de s\u00e9samo funciona para obtener s\u00e9samo comestible.<\/p>    <figure class=\"wp-block-embed is-type-video is-provider-youtube wp-block-embed-youtube\"><div class=\"wp-block-embed__wrapper\"> <iframe loading=\"lazy\" title=\"Peladora de s\u00e9samo | m\u00e1quina descascarilladora de s\u00e9samo | peladora de semillas de s\u00e9samo | descascarilladora de s\u00e9samo\" width=\"500\" height=\"281\" src=\"https:\/\/www.youtube.com\/embed\/3vg5t99RnuE?feature=oembed\" frameborder=\"0\" allow=\"accelerometer; autoplay; clipboard-write; encrypted-media; gyroscope; picture-in-picture; web-share\" referrerpolicy=\"strict-origin-when-cross-origin\" allowfullscreen><\/iframe> <\/div><figcaption class=\"wp-element-caption\">Video de trabajo de la m\u00e1quina peladora de semillas de s\u00e9samo.<\/figcaption><\/figure>    <h2 class=\"wp-block-heading\" id=\"attentions-during-operation\"><strong>Atenci\u00f3n durante el funcionamiento de la m\u00e1quina peladora y descascaradora de semillas de s\u00e9samo<\/strong><\/h2>    <p>Cuando utilice la m\u00e1quina peladora de s\u00e9samo, debe prestar atenci\u00f3n a varias cosas:<\/p>    <ul class=\"wp-block-list\"> <li>Si el s\u00e9samo de la m\u00e1quina peladora de s\u00e9samo no se descarga por completo, enju\u00e1guelo con agua a temperatura normal.<\/li>    <li>Antes de poner las semillas de s\u00e9samo peladas en el separador, a\u00f1ade 1\/3 de agua para evitar que la piel de s\u00e9samo bloquee la malla.<\/li>    <li>La cantidad de entrada es igual a la cantidad de descarga. Se necesitan entre 5 y 10 minutos para finalizar la separaci\u00f3n.<\/li> <\/ul>    <h2 class=\"wp-block-heading\" id=\"h-installation-maintenance\"><strong>Instalaci\u00f3n y mantenimiento de la m\u00e1quina peladora de s\u00e9samo<\/strong><\/h2>    <ul class=\"wp-block-list\"> <li>Al instalar el pelador de s\u00e9samo por primera vez. arreglar el equipo. En los alrededores debe haber agua, electricidad y buenas instalaciones de drenaje.<\/li>    <li>Encienda la alimentaci\u00f3n y compruebe si el equipo gira correctamente.<\/li>    <li>La tuber\u00eda de entrada debe conectarse a la fuente de agua. Si la presi\u00f3n de la fuente de agua no es suficiente, es necesario aumentar la presi\u00f3n de la bomba de agua.<\/li>    <li>Despu\u00e9s de su uso, limpie los residuos del equipo todos los d\u00edas. Enjuague la superficie de la pantalla de separaci\u00f3n con agua. Si hay una obstrucci\u00f3n, puedes utilizar una pistola de agua a alta presi\u00f3n.<\/li>    <li>El reductor debe reemplazarse peri\u00f3dicamente con aceite.<\/li> <\/ul>    <h2 class=\"wp-block-heading\" id=\"h-successful-case-4-sets-of-sesame-hulling-machine-exported-to-nigeria\"><strong>Caso exitoso: 4 juegos de m\u00e1quinas peladoras de s\u00e9samo exportadas a Nigeria  <\/strong><\/h2>    <p>En marzo de este a\u00f1o, recibimos una consulta de un cliente de Nigeria sobre una m\u00e1quina peladora de semillas de s\u00e9samo. Principalmente suministra semillas de s\u00e9samo de buena calidad a algunas plantas procesadoras de alimentos. Entonces quer\u00eda comprar un pelador de semillas de s\u00e9samo para mejorar su eficiencia y al mismo tiempo garantizar la calidad del s\u00e9samo. <\/p>    <p>Como el requisito ya estaba claro, nuestro gerente de ventas, Coco, le present\u00f3 el rendimiento, los par\u00e1metros, la configuraci\u00f3n y las funciones de nuestra m\u00e1quina peladora de s\u00e9samo y tambi\u00e9n le envi\u00f3 fotos y videos de funcionamiento. El cliente nigeriano qued\u00f3 satisfecho y pidi\u00f3 4 unidades de inmediato. Luego empaquetamos las m\u00e1quinas en cajas de madera y las enviamos a su pa\u00eds.<\/p>    <figure class=\"wp-block-gallery aligncenter has-nested-images columns-default is-cropped wp-block-gallery-2 is-layout-flex wp-block-gallery-is-layout-flex\"> <figure class=\"wp-block-image size-full\"><img loading=\"lazy\" decoding=\"async\" width=\"720\" height=\"540\" data-id=\"2684\" src=\"https:\/\/taizyagromachine.com\/wp-content\/uploads\/2022\/05\/packing-sesame-seed-hulling-machine.jpg\" alt=\"empaquetadora-descascaradora-de-semillas-de-sesamo\" class=\"wp-image-2684\"\/><figcaption class=\"wp-element-caption\">empaquetadora descascaradora de semillas de s\u00e9samo<\/figcaption><\/figure>    <figure class=\"wp-block-image size-full\"><img loading=\"lazy\" decoding=\"async\" width=\"720\" height=\"540\" data-id=\"2683\" src=\"https:\/\/taizyagromachine.com\/wp-content\/uploads\/2022\/05\/package.jpg\" alt=\"paquete\" class=\"wp-image-2683\"\/><figcaption class=\"wp-element-caption\">paquete<\/figcaption><\/figure> <\/figure>    <h2 class=\"wp-block-heading\" id=\"h-\"><strong>\u00a1Consulta sobre el precio de la m\u00e1quina peladora de s\u00e9samo!<\/strong><\/h2>    <p class=\"translation-block\">\u00bfDesea pelar semillas de forma r\u00e1pida y segura? Es diferente de la <a href=\"https:\/\/taizyagromachine.com\/es\/product\/multifunctional-thresher\/\">m\u00e1quina trilladora multifuncional<\/a>, si desea m\u00e1s detalles, p\u00f3ngase en contacto con nosotros y le recomendaremos la m\u00e1quina peladora de s\u00e9samo m\u00e1s adecuada y la mejor oferta para sus necesidades.<\/p>","protected":false},"excerpt":{"rendered":"<p>La m\u00e1quina peladora de s\u00e9samo est\u00e1 especialmente dise\u00f1ada para descascarar semillas de s\u00e9samo y calabaza con una tasa de descascarado de 80%-85%. Este art\u00edculo describe en detalle los par\u00e1metros de la m\u00e1quina, la aplicaci\u00f3n y c\u00f3mo utilizar el pelador de s\u00e9samo.<\/p>","protected":false},"author":1,"featured_media":2161,"parent":0,"template":"","tags":[215],"product-type":[22],"class_list":["post-1974","product","type-product","status-publish","has-post-thumbnail","hentry","tag-sesame-peeling-machine","product-type-others"],"_links":{"self":[{"href":"https:\/\/taizyagromachine.com\/es\/wp-json\/wp\/v2\/product\/1974","targetHints":{"allow":["GET"]}}],"collection":[{"href":"https:\/\/taizyagromachine.com\/es\/wp-json\/wp\/v2\/product"}],"about":[{"href":"https:\/\/taizyagromachine.com\/es\/wp-json\/wp\/v2\/types\/product"}],"author":[{"embeddable":true,"href":"https:\/\/taizyagromachine.com\/es\/wp-json\/wp\/v2\/users\/1"}],"wp:featuredmedia":[{"embeddable":true,"href":"https:\/\/taizyagromachine.com\/es\/wp-json\/wp\/v2\/media\/2161"}],"wp:attachment":[{"href":"https:\/\/taizyagromachine.com\/es\/wp-json\/wp\/v2\/media?parent=1974"}],"wp:term":[{"taxonomy":"post_tag","embeddable":true,"href":"https:\/\/taizyagromachine.com\/es\/wp-json\/wp\/v2\/tags?post=1974"},{"taxonomy":"product-type","embeddable":true,"href":"https:\/\/taizyagromachine.com\/es\/wp-json\/wp\/v2\/product-type?post=1974"}],"curies":[{"name":"wp","href":"https:\/\/api.w.org\/{rel}","templated":true}]}}