{"id":1989,"date":"2022-02-09T06:55:47","date_gmt":"2022-02-09T06:55:47","guid":{"rendered":"https:\/\/taizyagromachine.com\/"},"modified":"2025-01-02T13:55:56","modified_gmt":"2025-01-02T05:55:56","slug":"watermelon-and-pumpkin-seed-harvester","status":"publish","type":"product","link":"https:\/\/taizyagromachine.com\/es\/product\/watermelon-and-pumpkin-seed-harvester\/","title":{"rendered":"Cosechadora de semillas de sand\u00eda y calabaza"},"content":{"rendered":"<p class=\"translation-block\"><strong>Cosechadora de semillas de calabaza<\/strong> Se utiliza principalmente para la cosecha y el despellejado de calabazas. Este extractor de semillas de calabaza tiene tres opciones de potencia: POT, motor y motor di\u00e9sel. Los clientes pueden elegir la adecuada seg\u00fan la situaci\u00f3n real. Adem\u00e1s, la m\u00e1quina cosechadora de calabazas puede cosechar semillas de mel\u00f3n cantalupo, semillas de calabaza, semillas de mel\u00f3n, etc. Tambi\u00e9n, nuestra m\u00e1quina separadora de semillas de calabaza es bien recibida en muchos pa\u00edses y regiones. Por ejemplo, M\u00e9xico, Estados Unidos, Francia, Australia, Filipinas, Marruecos, Israel, Sud\u00e1frica, Canad\u00e1, etc. Y tenemos casos de \u00e9xito sobre el colector de semillas de calabaza en estos pa\u00edses. \u00a1No dude en contactarnos!<\/p>    <h2 class=\"wp-block-heading\" id=\"h-type-1-small-size-melon-and-pumpkin-seed-extractor\"><strong>Tipo 1: Extractor de semillas de mel\u00f3n y calabaza de tama\u00f1o peque\u00f1o<\/strong><\/h2>    <p>Esta peque\u00f1a m\u00e1quina extractora de semillas de calabaza est\u00e1 impulsada por un tractor de 30 a 50 hp y la criba seleccionada var\u00eda, al igual que la cantidad de melones que se pueden procesar. La m\u00e1quina tiene certificado CE. Adem\u00e1s, la m\u00e1quina procesa una variedad de melones con una limpieza de 85% y una trituraci\u00f3n de menos de 5%. Si est\u00e1 interesado, bienvenido a contactarnos.<\/p>   <div class=\"wp-block-image\"> <figure class=\"aligncenter size-full\"><img loading=\"lazy\" decoding=\"async\" width=\"720\" height=\"540\" src=\"https:\/\/taizyagromachine.com\/wp-content\/uploads\/2022\/02\/pumpkin-seed-picker-machine.jpg\" alt=\"m\u00e1quina recolectora de semillas de calabaza\" class=\"wp-image-2160\" srcset=\"https:\/\/taizyagromachine.com\/wp-content\/uploads\/2022\/02\/pumpkin-seed-picker-machine.jpg 720w, https:\/\/taizyagromachine.com\/wp-content\/uploads\/2022\/02\/pumpkin-seed-picker-machine-300x225.jpg 300w\" sizes=\"auto, (max-width: 720px) 100vw, 720px\" \/><figcaption>m\u00e1quina recolectora de semillas de calabaza<\/figcaption><\/figure> <\/div>   <h3 class=\"wp-block-heading\"><strong>Estructura de la m\u00e1quina recolectora de semillas de calabaza<\/strong><\/h3>    <p class=\"translation-block\">En <a href=\"https:\/\/taizyagromachine.com\/es\/\" target=\"_blank\" rel=\"noreferrer noopener\">Taizy Agro Machine Co.<\/a>, nuestra m\u00e1quina de cosecha de calabaza tiene una estructura muy simple, incluyendo entrada, salidas para semillas de calabaza, c\u00e1scara de calabaza. Por lo tanto, es f\u00e1cil de entender y operar.<\/p>   <div class=\"wp-block-image\"> <figure class=\"aligncenter size-full\"><img loading=\"lazy\" decoding=\"async\" width=\"720\" height=\"540\" src=\"https:\/\/taizyagromachine.com\/wp-content\/uploads\/2022\/02\/structure-of-pumpkin-seed-harvester.jpg\" alt=\"Estructura de la cosechadora de semillas de calabaza.\" class=\"wp-image-1996\" srcset=\"https:\/\/taizyagromachine.com\/wp-content\/uploads\/2022\/02\/structure-of-pumpkin-seed-harvester.jpg 720w, https:\/\/taizyagromachine.com\/wp-content\/uploads\/2022\/02\/structure-of-pumpkin-seed-harvester-300x225.jpg 300w\" sizes=\"auto, (max-width: 720px) 100vw, 720px\" \/><figcaption>Estructura de la cosechadora de semillas de calabaza.<\/figcaption><\/figure> <\/div>   <h3 class=\"wp-block-heading\"><strong>Par\u00e1metros de la cosechadora de semillas de mel\u00f3n <\/strong><\/h3>    <figure class=\"wp-block-table\"><table><tbody><tr><td>Modelo<strong><\/strong><\/td><td>5TZ-500<\/td><\/tr><tr><td>Dimensi\u00f3n<\/td><td>2500*2000*1800mm<\/td><\/tr><tr><td>Peso<\/td><td>400 kilos<\/td><\/tr><tr><td>Velocidad de trabajo<\/td><td>4-6 km\/h<\/td><\/tr><tr><td>Capacidad<\/td><td>300-500kg\/h<\/td><\/tr><tr><td>Tasa de limpieza<\/td><td>\u226585%<\/td><\/tr><tr><td>tasa de ruptura<\/td><td>\u22645%<\/td><\/tr><tr><td>potencia m\u00ednima<\/td><td>30 CV<\/td><\/tr><tr><td>m\u00e1ximo poder<\/td><td>50 CV<\/td><\/tr><tr><td>RPM<\/td><td>40<\/td><\/tr><tr><td>Conectar forma<\/td><td>enlace de tres puntos<\/td><\/tr><\/tbody><\/table><\/figure>    <h2 class=\"wp-block-heading\"><strong>Tipo 2: Extractor de semillas de calabaza de gran tama\u00f1o<\/strong><\/h2>    <p>La m\u00e1quina cosechadora de semillas de calabaza tiene las funciones de recoger, triturar, exprimir, separar, limpiar, almacenar y descargar. Y se pueden seleccionar diferentes redes separadoras para cosechar semillas de sand\u00eda y calabaza. Adem\u00e1s, la m\u00e1quina es accionada por un tractor a trav\u00e9s de toma de fuerza, lo que es especialmente adecuado para el funcionamiento agr\u00edcola. Cabe se\u00f1alar que la m\u00e1quina extractora de semillas solo se puede utilizar para recolectar sand\u00edas y calabazas maduras, y su rendimiento no ser\u00e1 el ideal si est\u00e1n verdes o podridas.<\/p>    <p>Es una m\u00e1quina recolectora de semillas completamente autom\u00e1tica, que carga melones autom\u00e1ticamente, equivalente a dos peque\u00f1as m\u00e1quinas recolectoras de semillas de calabaza.<\/p>    <div class=\"wp-block-columns is-layout-flex wp-container-core-columns-is-layout-9d6595d7 wp-block-columns-is-layout-flex\"> <div class=\"wp-block-column is-layout-flow wp-block-column-is-layout-flow\"><div class=\"wp-block-image\"> <figure class=\"aligncenter size-full\"><img loading=\"lazy\" decoding=\"async\" width=\"720\" height=\"540\" src=\"https:\/\/taizyagromachine.com\/wp-content\/uploads\/2022\/05\/pumkin-seeds-extractor.jpg\" alt=\"extractor de semillas de calabaza\" class=\"wp-image-2811\"\/><figcaption>extractor de semillas de calabaza<\/figcaption><\/figure> <\/div><\/div>    <div class=\"wp-block-column is-layout-flow wp-block-column-is-layout-flow\"><div class=\"wp-block-image\"> <figure class=\"aligncenter size-full\"><img loading=\"lazy\" decoding=\"async\" width=\"720\" height=\"540\" src=\"https:\/\/taizyagromachine.com\/wp-content\/uploads\/2022\/05\/pumpkin-harvester.jpg\" alt=\"cosechadora de calabazas\" class=\"wp-image-2812\"\/><figcaption>cosechadora de calabazas<\/figcaption><\/figure> <\/div><\/div> <\/div>    <h3 class=\"wp-block-heading\"><strong>Estructura de la m\u00e1quina cosechadora de calabazas a la venta<\/strong><\/h3>    <p>La cosechadora y extractora de semillas de sand\u00eda consta de un bastidor, un barril recolector de semillas, un extractor de semillas, un recipiente triturador, un barril de limpieza, un elevador, un recipiente de almacenamiento de semillas, una caja de cambios, un neum\u00e1tico y un tubo hidr\u00e1ulico.<\/p>    <figure class=\"wp-block-gallery aligncenter has-nested-images columns-default is-cropped wp-block-gallery-2 is-layout-flex wp-block-gallery-is-layout-flex\"> <figure class=\"wp-block-image size-large\"><img loading=\"lazy\" decoding=\"async\" width=\"720\" height=\"540\" data-id=\"2814\" src=\"https:\/\/taizyagromachine.com\/wp-content\/uploads\/2022\/05\/watermelon-seed-picker-structure.jpg\" alt=\"estructura-recolector-de-semillas-de-sand\u00eda\" class=\"wp-image-2814\"\/><figcaption>estructura del recolector de semillas de sand\u00eda<\/figcaption><\/figure>    <figure class=\"wp-block-image size-large\"><img loading=\"lazy\" decoding=\"async\" width=\"720\" height=\"540\" data-id=\"2815\" src=\"https:\/\/taizyagromachine.com\/wp-content\/uploads\/2022\/05\/pumpkin-seed-pikcer-structure.jpg\" alt=\"estructura-pikcer-de-semillas-de-calabaza\" class=\"wp-image-2815\"\/><figcaption>estructura pikcer de semilla de calabaza<\/figcaption><\/figure>    <figure class=\"wp-block-image size-large\"><img loading=\"lazy\" decoding=\"async\" width=\"720\" height=\"540\" data-id=\"2816\" src=\"https:\/\/taizyagromachine.com\/wp-content\/uploads\/2022\/05\/seed-extraxtor-structure.jpg\" alt=\"estructura-extraxtor-de-semillas\" class=\"wp-image-2816\"\/><figcaption>estructura extractora de semillas<\/figcaption><\/figure> <\/figure>    <h3 class=\"wp-block-heading\"><strong>\u00bfCu\u00e1les son los par\u00e1metros del recolector de semillas de calabaza?<\/strong><\/h3>    <figure class=\"wp-block-table\"><table><tbody><tr><td>Modelo<strong><\/strong><\/td><td>5TZ-1500<\/td><\/tr><tr><td>Peso<\/td><td>3388 kilos<\/td><\/tr><tr><td>Velocidad de trabajo<\/td><td>2-5 km\/h\u00a0\u00a0(6600 m<sup>2<\/sup>\/h)<\/td><\/tr><tr><td>Contenedor de materiales<\/td><td>1.288m\u00b3<\/td><\/tr><tr><td>Tasa de limpieza<\/td><td>\u226585%<\/td><\/tr><tr><td>tasa de ruptura<\/td><td>\u22640,3%<\/td><\/tr><tr><td>Fuerza<\/td><td>60-90kW<\/td><\/tr><tr><td>Velocidad de entrada<\/td><td>540-720 rpm<\/td><\/tr><tr><td>Conectar forma<\/td><td>enlace de tres puntos<\/td><\/tr><\/tbody><\/table><\/figure>    <h2 class=\"wp-block-heading\" id=\"characteristics-of-pumpkin-seed-collecting-machine\"><strong>Caracter\u00edsticas de la m\u00e1quina recolectora de semillas de calabaza<\/strong><\/h2>    <ul class=\"wp-block-list\" type=\"1\"><li>Operaci\u00f3n simple de usar, f\u00e1cil de operar, segura y confiable.<\/li><li>Estructura razonable, rendimiento estable, s\u00faper calidad.<\/li><li>Tres sistemas de energ\u00eda. Esta cosechadora de semillas de calabaza puede utilizar toma de fuerza, motor o motor di\u00e9sel.<\/li><li>Fuerte flexibilidad. Debido a que el extractor de semillas de sand\u00eda puede utilizar tres fuentes de energ\u00eda, es adecuado para operaciones de campo o ocasiones fijas en \u00e1reas planas.<\/li><li>Certificado CE. La cosechadora de calabazas a la venta dispone de certificado CE, cumpliendo con los requisitos del mercado.&nbsp;<\/li><\/ul>    <figure class=\"wp-block-gallery has-nested-images columns-default is-cropped wp-block-gallery-3 is-layout-flex wp-block-gallery-is-layout-flex\"> <figure class=\"wp-block-image size-full\"><img loading=\"lazy\" decoding=\"async\" width=\"720\" height=\"540\" data-id=\"1993\" src=\"https:\/\/taizyagromachine.com\/wp-content\/uploads\/2022\/02\/PTO-pumpkin-harvester.jpg\" alt=\"\" class=\"wp-image-1993\" srcset=\"https:\/\/taizyagromachine.com\/wp-content\/uploads\/2022\/02\/PTO-pumpkin-harvester.jpg 720w, https:\/\/taizyagromachine.com\/wp-content\/uploads\/2022\/02\/PTO-pumpkin-harvester-300x225.jpg 300w\" sizes=\"auto, (max-width: 720px) 100vw, 720px\" \/><figcaption>toma de fuerza<\/figcaption><\/figure>    <figure class=\"wp-block-image size-large\"><img loading=\"lazy\" decoding=\"async\" width=\"720\" height=\"540\" data-id=\"1995\" src=\"https:\/\/taizyagromachine.com\/wp-content\/uploads\/2022\/02\/motor-pumpkin-harvester.jpg\" alt=\"motor\" class=\"wp-image-1995\" srcset=\"https:\/\/taizyagromachine.com\/wp-content\/uploads\/2022\/02\/motor-pumpkin-harvester.jpg 720w, https:\/\/taizyagromachine.com\/wp-content\/uploads\/2022\/02\/motor-pumpkin-harvester-300x225.jpg 300w\" sizes=\"auto, (max-width: 720px) 100vw, 720px\" \/><figcaption>motor<\/figcaption><\/figure>    <figure class=\"wp-block-image size-full\"><img loading=\"lazy\" decoding=\"async\" width=\"720\" height=\"540\" data-id=\"1994\" src=\"https:\/\/taizyagromachine.com\/wp-content\/uploads\/2022\/02\/diesel-pumpkin-aeed-harvester.jpg\" alt=\"motor diesel\" class=\"wp-image-1994\" srcset=\"https:\/\/taizyagromachine.com\/wp-content\/uploads\/2022\/02\/diesel-pumpkin-aeed-harvester.jpg 720w, https:\/\/taizyagromachine.com\/wp-content\/uploads\/2022\/02\/diesel-pumpkin-aeed-harvester-300x225.jpg 300w\" sizes=\"auto, (max-width: 720px) 100vw, 720px\" \/><figcaption>motor diesel<\/figcaption><\/figure> <\/figure>    <h2 class=\"wp-block-heading\" id=\"wide-applications-of-watermelon-and-pumpkin-seeds-harvester\"><strong>Amplias aplicaciones de la cosechadora de semillas de sand\u00eda y calabaza<\/strong><\/h2>    <p>En t\u00e9rminos generales, esta m\u00e1quina para quitar las semillas de calabaza tiene una amplia gama de aplicaciones. Se pueden obtener semillas de diversas frutas, como semillas de sand\u00eda, semillas de mel\u00f3n, semillas de calabaza y otras. Por tanto, esta cosechadora de semillas de calabaza tiene un gran mercado potencial. Si tiene alguna duda, comun\u00edquese con nosotros en cualquier momento para obtener aclaraciones.<\/p>   <div class=\"wp-block-image\"> <figure class=\"aligncenter size-full\"><img loading=\"lazy\" decoding=\"async\" width=\"720\" height=\"540\" src=\"https:\/\/taizyagromachine.com\/wp-content\/uploads\/2022\/02\/applications-pumpkin-harvester.jpg\" alt=\"Amplias aplicaciones: cosechadora de semillas de calabaza.\" class=\"wp-image-1997\" srcset=\"https:\/\/taizyagromachine.com\/wp-content\/uploads\/2022\/02\/applications-pumpkin-harvester.jpg 720w, https:\/\/taizyagromachine.com\/wp-content\/uploads\/2022\/02\/applications-pumpkin-harvester-300x225.jpg 300w\" sizes=\"auto, (max-width: 720px) 100vw, 720px\" \/><figcaption>amplias aplicaciones<\/figcaption><\/figure> <\/div>   <h2 class=\"wp-block-heading\" id=\"usage-of-pumpkin-seeds\"><strong>Uso de semillas de calabaza<\/strong><strong><\/strong><\/h2>    <p>Como es sabido por todos, las semillas de calabaza las podemos obtener del extractor de semillas de calabaza. Pero, \u00bfqu\u00e9 tipo de funciones tienen las semillas de calabaza, incluso las de sand\u00eda, y otras semillas? En realidad, estas semillas se utilizan ampliamente para productos para la salud y el cuidado de la piel. Es m\u00e1s, cosechamos semillas de calabaza para comer, plantar, etc. Por supuesto, las dem\u00e1s semillas son iguales.<\/p>    <h2 class=\"wp-block-heading\" id=\"h-how-are-pumpkin-seeds-shelled\"><strong>\u00bfC\u00f3mo se pelan las semillas de calabaza?<\/strong><\/h2>    <p>La m\u00e1quina cosechadora de sand\u00edas y calabazas se puede conectar con el tractor peque\u00f1o cuando se trabaja. El tractor acciona la m\u00e1quina mediante toma de fuerza.<\/p>    <p>1.\u00a0La m\u00e1quina cosechadora de semillas de calabaza y sand\u00eda puede recoger\u00a0sand\u00eda o\u00a0calabaza en la tolva\u00a0(la cosechadora de semillas de calabaza de tama\u00f1o grande recoge autom\u00e1ticamente, mientras que la de tama\u00f1o peque\u00f1o lo hace manualmente). &nbsp;<\/p>    <p>2. La m\u00e1quina tritura la sand\u00eda o la calabaza con un eje triturador.<\/p>    <p>3. La sand\u00eda o calabaza triturada entra en el tambor separador.<\/p>    <p>4.\u00a0Con el eje en funcionamiento,\u00a0la piel y la carne de sand\u00eda o\u00a0calabaza se descargan del tambor separador, y las semillas de sand\u00eda o\u00a0calabaza se introducen en el tambor de limpieza.<\/p>    <p>5. Con el eje de limpieza en funcionamiento, se limpian y separan nuevamente las semillas de sand\u00eda o calabaza.<\/p>    <p>6.\u00a0Las semillas se descargan con una rotaci\u00f3n del eje de limpieza.<\/p>    <h2 class=\"wp-block-heading\" id=\"equipment-used-with-pumpkin-seed-harvesting-machine\"><strong>Equipo utilizado con la m\u00e1quina cosechadora de semillas de calabaza<\/strong><strong><\/strong><\/h2>    <p>Esta tambi\u00e9n es una m\u00e1quina recolectora de calabazas y sand\u00edas. Puede romper los tallos de la calabaza o la sand\u00eda, recoger la calabaza o la sand\u00eda y colocarlos a un lado. Por tanto, este equipo ayuda a las granjas a ahorrar tiempo. Adem\u00e1s, generalmente funciona con la m\u00e1quina cosechadora de semillas de calabaza. \u00a1Esperamos su consulta!<\/p>   <div class=\"wp-block-image\"> <figure class=\"aligncenter size-full\"><img loading=\"lazy\" decoding=\"async\" width=\"720\" height=\"500\" src=\"https:\/\/taizyagromachine.com\/wp-content\/uploads\/2022\/02\/harvesting-machine-for-pumpkin.jpg\" alt=\"M\u00e1quina cosechadora de calabaza, sand\u00eda, etc.\" class=\"wp-image-1998\" srcset=\"https:\/\/taizyagromachine.com\/wp-content\/uploads\/2022\/02\/harvesting-machine-for-pumpkin.jpg 720w, https:\/\/taizyagromachine.com\/wp-content\/uploads\/2022\/02\/harvesting-machine-for-pumpkin-300x208.jpg 300w\" sizes=\"auto, (max-width: 720px) 100vw, 720px\" \/><figcaption>M\u00e1quina cosechadora de calabaza, sand\u00eda, etc.<\/figcaption><\/figure> <\/div>   <h2 class=\"wp-block-heading\" id=\"successful-case-pumpkin-seed-collector-sold-to-france\"><strong>Caso de \u00e9xito: Cosechadora de semillas de calabaza vendida a Francia<\/strong><\/h2>    <p>Nuestra directora de ventas, Winnie, recibi\u00f3 una consulta de un cliente franc\u00e9s sobre una cosechadora de semillas. Se dedica a la siembra desde hace muchos a\u00f1os. Y ha cultivado una gran superficie de campos de calabazas, vendiendo principalmente semillas de calabaza para fabricar productos para la salud. Vio nuestro extractor de semillas de calabaza en el sitio web y pens\u00f3 que le era muy \u00fatil, por lo que tom\u00f3 la iniciativa de contactarnos para realizar una consulta sobre el precio de la cosechadora de semillas de calabaza. Nuestro gerente de ventas, Winnie, envi\u00f3 la foto y el v\u00eddeo de trabajo y qued\u00f3 muy satisfecho. Ambas partes firmaron el contrato. <\/p>    <p class=\"translation-block\">Posteriormente, al seleccionar el barril de limpieza, se midieron las semillas de calabaza a recolectar por el cliente franc\u00e9s y se combinaron con la malla de tamiz adecuada. Finalmente, se envi\u00f3 con \u00e9xito a Francia por mar. Tambi\u00e9n ofrecemos la <a href=\"https:\/\/taizyagromachine.com\/es\/product\/automatic-sesame-seed-peeling-and-hulling-machine\/\" target=\"_blank\" rel=\"noreferrer noopener\">m\u00e1quina peladora de s\u00e9samo<\/a>, m\u00e1quina prensadora de aceite y otras m\u00e1quinas agr\u00edcolas diversas. <\/p>    <figure class=\"wp-block-gallery has-nested-images columns-default is-cropped wp-block-gallery-4 is-layout-flex wp-block-gallery-is-layout-flex\"> <figure class=\"wp-block-image size-large\"><img loading=\"lazy\" decoding=\"async\" width=\"720\" height=\"540\" data-id=\"1999\" src=\"https:\/\/taizyagromachine.com\/wp-content\/uploads\/2022\/02\/machien-parts-to-pack.jpg\" alt=\"piezas de maquina para empacar\" class=\"wp-image-1999\" srcset=\"https:\/\/taizyagromachine.com\/wp-content\/uploads\/2022\/02\/machien-parts-to-pack.jpg 720w, https:\/\/taizyagromachine.com\/wp-content\/uploads\/2022\/02\/machien-parts-to-pack-300x225.jpg 300w\" sizes=\"auto, (max-width: 720px) 100vw, 720px\" \/><figcaption>piezas de maquina para empacar<\/figcaption><\/figure>    <figure class=\"wp-block-image size-large\"><img loading=\"lazy\" decoding=\"async\" width=\"1024\" height=\"768\" data-id=\"2000\" src=\"https:\/\/taizyagromachine.com\/wp-content\/uploads\/2022\/02\/measure-seed-size-1024x768.jpg\" alt=\"medir el tama\u00f1o de la semilla\" class=\"wp-image-2000\" srcset=\"https:\/\/taizyagromachine.com\/wp-content\/uploads\/2022\/02\/measure-seed-size-1024x768.jpg 1024w, https:\/\/taizyagromachine.com\/wp-content\/uploads\/2022\/02\/measure-seed-size-300x225.jpg 300w, https:\/\/taizyagromachine.com\/wp-content\/uploads\/2022\/02\/measure-seed-size-768x576.jpg 768w, https:\/\/taizyagromachine.com\/wp-content\/uploads\/2022\/02\/measure-seed-size.jpg 1080w\" sizes=\"auto, (max-width: 1024px) 100vw, 1024px\" \/><figcaption>medir el tama\u00f1o de la semilla<\/figcaption><\/figure> <\/figure>    <h2 class=\"wp-block-heading\" id=\"h-faq\"><strong>Preguntas frecuentes sobre la cosechadora de semillas de sand\u00eda y calabaza<\/strong><\/h2>   <div id=\"rank-math-faq\" class=\"rank-math-block\"> <div class=\"rank-math-list\"> <div id=\"faq-question-1665562690660\" class=\"rank-math-list-item\"> <h3 class=\"rank-math-question\"><strong>P: \u00bfC\u00f3mo confirmar el tama\u00f1o de las semillas de mel\u00f3n?<\/strong><\/h3> <div class=\"rank-math-answer\">  <p>R: Mida el largo y el ancho de las semillas de mel\u00f3n.<\/p>  <\/div> <\/div> <div id=\"faq-question-1665562695862\" class=\"rank-math-list-item\"> <h3 class=\"rank-math-question\"><strong>P: \u00bfQu\u00e9 tal el eje de flujo intermedio del tractor?<\/strong><\/h3> <div class=\"rank-math-answer\">  <p>R: 6 u 8.<\/p>  <\/div> <\/div> <div id=\"faq-question-1665562704903\" class=\"rank-math-list-item\"> <h3 class=\"rank-math-question\"><strong>P: \u00bfQu\u00e9 tipo de semillas son adecuadas?<\/strong><\/h3> <div class=\"rank-math-answer\">  <p class=\"translation-block\">R: <a href=\"https:\/\/en.wikipedia.org\/wiki\/Zucchini\" target=\"_blank\" rel=\"noreferrer noopener\">Calabac\u00edn<\/a>, sand\u00eda, calabaza, pepino, mel\u00f3n (Australia).<\/p>  <\/div> <\/div> <\/div> <\/div>","protected":false},"excerpt":{"rendered":"<p>Pumpkin seed harvester&nbsp;is mainly used for harvesting and deseeding pumpkins. This pumpkin seed extractor has three options for power, respectively POT, motor, and diesel engine. Customers can choose the suitable one based on the actual situation. Besides, the pumpkin harvester machine can harvest the cantaloupe seed, gourd seed, melon seed, etc. Also, our pumpkin seed [&hellip;]<\/p>\n","protected":false},"author":1,"featured_media":2813,"parent":0,"template":"","tags":[112,114,109,113,111,110,115],"product-type":[22],"class_list":["post-1989","product","type-product","status-publish","has-post-thumbnail","hentry","tag-melon-seed-harvester","tag-pumpkin-seed-collector","tag-pumpkin-seed-harvester","tag-pumpkin-seed-picker","tag-seed-extractor","tag-watermelon-seed-harvester","tag-watermelon-seed-picker-machine","product-type-others"],"_links":{"self":[{"href":"https:\/\/taizyagromachine.com\/es\/wp-json\/wp\/v2\/product\/1989","targetHints":{"allow":["GET"]}}],"collection":[{"href":"https:\/\/taizyagromachine.com\/es\/wp-json\/wp\/v2\/product"}],"about":[{"href":"https:\/\/taizyagromachine.com\/es\/wp-json\/wp\/v2\/types\/product"}],"author":[{"embeddable":true,"href":"https:\/\/taizyagromachine.com\/es\/wp-json\/wp\/v2\/users\/1"}],"wp:featuredmedia":[{"embeddable":true,"href":"https:\/\/taizyagromachine.com\/es\/wp-json\/wp\/v2\/media\/2813"}],"wp:attachment":[{"href":"https:\/\/taizyagromachine.com\/es\/wp-json\/wp\/v2\/media?parent=1989"}],"wp:term":[{"taxonomy":"post_tag","embeddable":true,"href":"https:\/\/taizyagromachine.com\/es\/wp-json\/wp\/v2\/tags?post=1989"},{"taxonomy":"product-type","embeddable":true,"href":"https:\/\/taizyagromachine.com\/es\/wp-json\/wp\/v2\/product-type?post=1989"}],"curies":[{"name":"wp","href":"https:\/\/api.w.org\/{rel}","templated":true}]}}