{"id":2002,"date":"2022-02-10T08:13:22","date_gmt":"2022-02-10T08:13:22","guid":{"rendered":"https:\/\/taizyagromachine.com\/"},"modified":"2025-04-27T14:16:30","modified_gmt":"2025-04-27T06:16:30","slug":"two-wheel-drive-walking-type-tractor","status":"publish","type":"product","link":"https:\/\/taizyagromachine.com\/es\/product\/two-wheel-drive-walking-type-tractor\/","title":{"rendered":"Tractor tipo caminante con tracci\u00f3n en dos ruedas"},"content":{"rendered":"<p class=\"translation-block\"><strong>El tractor de tipo caminante<\/strong> es un tractor de dos ruedas esencial para el campo, capaz de operar muchos implementos diferentes. El tractor de arrastre proporciona las fuentes de energ\u00eda, ampliamente utilizado en todo el mundo. El tractor manual tiene ventajas de multifuncionalidad, f\u00e1cil operaci\u00f3n y estructura compacta. Adem\u00e1s, este tractor caminante puede combinarse con diferentes equipos, como arados, surcadores, <a href=\"https:\/\/cornmachines.com\/corn-planter-machine\/\" target=\"_blank\" rel=\"noreferrer noopener\">sembradoras<\/a>, bombas de agua, etc. Los accesorios del tractor caminante pueden ser diversos. Debido a su precio econ\u00f3mico, el tractor de dos ruedas es bien recibido en Sud\u00e1frica, Mauricio, Am\u00e9rica, Zimbabue, Uganda, etc. Si tiene inter\u00e9s, cont\u00e1ctenos en cualquier momento.<\/p>    <h2 class=\"wp-block-heading\" id=\"features-of-walking-type-tractor\"><strong>Caracter\u00edsticas del tractor tipo motocultor<\/strong><strong><\/strong><\/h2>    <ul class=\"wp-block-list\"> <li>Estructura simple, buena calidad, rendimiento estable.<\/li>    <li>Precio competitivo en el mercado. El precio del motocultor es asequible para las personas en la mayor\u00eda de los pa\u00edses, como Kenia.<\/li>    <li>M\u00faltiples funciones. Este tractor de dos ruedas puede trabajar con los diferentes tipos de m\u00e1quinas para realizar zanjeos, siembras, surcos, cosechas, etc.<\/li>    <li>Exportado a muchos pa\u00edses y regiones. Debido a su precio elevado, este motocultor se exporta frecuentemente a \u00c1frica. Como Lesotho, Ghana, Sud\u00e1frica, Kenia, Zimbabwe, Nigeria, Yemen, Somalia, Botswana, etc.<\/li>    <li>Gran practicabilidad. Este motocultor agr\u00edcola crea condiciones mucho m\u00e1s c\u00f3modas para las personas que se encuentran en malas situaciones.<\/li> <\/ul>    <h2 class=\"wp-block-heading\" id=\"working-video-of-walking-type-tractor-implements\"><strong>Video de trabajo de implementos de tractor andante<\/strong><\/h2>    <p>Este motocultor peque\u00f1o y sencillo tiene muchas posibilidades seg\u00fan las demandas de los clientes. El siguiente v\u00eddeo muestra suficientemente varias posibilidades y funciones.<\/p>    <figure class=\"wp-block-embed is-type-video is-provider-youtube wp-block-embed-youtube\"><div class=\"wp-block-embed__wrapper\"> <iframe loading=\"lazy\" title=\"Motocultor | tractor de mano | motocultor de dos ruedas | MotoBloque con dispositivo di\u00e9sel.\" width=\"500\" height=\"281\" src=\"https:\/\/www.youtube.com\/embed\/TQMlzGjxFTs?feature=oembed\" frameborder=\"0\" allow=\"accelerometer; autoplay; clipboard-write; encrypted-media; gyroscope; picture-in-picture; web-share\" referrerpolicy=\"strict-origin-when-cross-origin\" allowfullscreen><\/iframe> <\/div><\/figure>    <h2 class=\"wp-block-heading\" id=\"functional-diversification-of-walking-tractor\"><strong>Diversificaci\u00f3n funcional del motocultor<\/strong><strong><\/strong><\/h2>    <p class=\"translation-block\">Porque este tractor de dos ruedas solo proporciona la fuente de energ\u00eda, puede combinarse con muchas maquinarias agr\u00edcolas para lograr diferentes funciones. Por ejemplo, el tractor caminante con arado puede labrar la tierra para el cultivo posterior. El tractor manual con sembradora, como la sembradora de ma\u00edz, <a href=\"https:\/\/taizyagromachine.com\/es\/product\/wheat-planter\/\" target=\"_blank\" rel=\"noreferrer noopener\">sembradora de trigo<\/a>, puede sembrar y fertilizar al mismo tiempo. Adem\u00e1s, el tractor de tipo caminante con un remolque puede cargar art\u00edculos. Adem\u00e1s, puede cambiar la rueda ordinaria por una rueda de arroz para campos de arroz. En resumen, este tractor de tracci\u00f3n a dos ruedas puede lograr m\u00faltiples funciones junto con muchas m\u00e1quinas. \u00a1Esperamos su consulta!<\/p>    <figure class=\"wp-block-gallery has-nested-images columns-default is-cropped wp-block-gallery-2 is-layout-flex wp-block-gallery-is-layout-flex\"> <figure class=\"wp-block-image size-large\"><img loading=\"lazy\" decoding=\"async\" width=\"720\" height=\"540\" data-id=\"2008\" src=\"https:\/\/taizyagromachine.com\/wp-content\/uploads\/2022\/02\/2-wheel-tractor-with-corn-planter.jpg\" alt=\"Tractor de 2 ruedas con sembradora de ma\u00edz.\" class=\"wp-image-2008\" srcset=\"https:\/\/taizyagromachine.com\/wp-content\/uploads\/2022\/02\/2-wheel-tractor-with-corn-planter.jpg 720w, https:\/\/taizyagromachine.com\/wp-content\/uploads\/2022\/02\/2-wheel-tractor-with-corn-planter-300x225.jpg 300w\" sizes=\"auto, (max-width: 720px) 100vw, 720px\" \/><figcaption class=\"wp-element-caption\">Tractor de 2 ruedas con sembradora de ma\u00edz.<\/figcaption><\/figure>    <figure class=\"wp-block-image size-large\"><img loading=\"lazy\" decoding=\"async\" width=\"720\" height=\"540\" data-id=\"2011\" src=\"https:\/\/taizyagromachine.com\/wp-content\/uploads\/2022\/02\/walk-behind-tractor-with-wheat-planter.jpg\" alt=\"motobloque con sembradora de trigo\" class=\"wp-image-2011\" srcset=\"https:\/\/taizyagromachine.com\/wp-content\/uploads\/2022\/02\/walk-behind-tractor-with-wheat-planter.jpg 720w, https:\/\/taizyagromachine.com\/wp-content\/uploads\/2022\/02\/walk-behind-tractor-with-wheat-planter-300x225.jpg 300w\" sizes=\"auto, (max-width: 720px) 100vw, 720px\" \/><figcaption class=\"wp-element-caption\">motobloque con sembradora de trigo<\/figcaption><\/figure>    <figure class=\"wp-block-image size-large\"><img loading=\"lazy\" decoding=\"async\" width=\"720\" height=\"540\" data-id=\"2013\" src=\"https:\/\/taizyagromachine.com\/wp-content\/uploads\/2022\/02\/walking-trator-trailer.jpg\" alt=\"remolque tipo tractor andante\" class=\"wp-image-2013\" srcset=\"https:\/\/taizyagromachine.com\/wp-content\/uploads\/2022\/02\/walking-trator-trailer.jpg 720w, https:\/\/taizyagromachine.com\/wp-content\/uploads\/2022\/02\/walking-trator-trailer-300x225.jpg 300w\" sizes=\"auto, (max-width: 720px) 100vw, 720px\" \/><figcaption class=\"wp-element-caption\">remolque<\/figcaption><\/figure> <\/figure>    <figure class=\"wp-block-gallery has-nested-images columns-default is-cropped wp-block-gallery-3 is-layout-flex wp-block-gallery-is-layout-flex\"> <figure class=\"wp-block-image size-large\"><img loading=\"lazy\" decoding=\"async\" width=\"720\" height=\"540\" data-id=\"2014\" src=\"https:\/\/taizyagromachine.com\/wp-content\/uploads\/2022\/02\/electric-start-device-walking-tractor.jpg\" alt=\"motocultor con dispositivo de arranque el\u00e9ctrico\" class=\"wp-image-2014\" srcset=\"https:\/\/taizyagromachine.com\/wp-content\/uploads\/2022\/02\/electric-start-device-walking-tractor.jpg 720w, https:\/\/taizyagromachine.com\/wp-content\/uploads\/2022\/02\/electric-start-device-walking-tractor-300x225.jpg 300w\" sizes=\"auto, (max-width: 720px) 100vw, 720px\" \/><figcaption class=\"wp-element-caption\">motocultor con dispositivo de arranque el\u00e9ctrico<\/figcaption><\/figure>    <figure class=\"wp-block-image size-large\"><img loading=\"lazy\" decoding=\"async\" width=\"720\" height=\"540\" data-id=\"2012\" src=\"https:\/\/taizyagromachine.com\/wp-content\/uploads\/2022\/02\/water-pump-hand-tractor.jpg\" alt=\"bomba de agua\" class=\"wp-image-2012\" srcset=\"https:\/\/taizyagromachine.com\/wp-content\/uploads\/2022\/02\/water-pump-hand-tractor.jpg 720w, https:\/\/taizyagromachine.com\/wp-content\/uploads\/2022\/02\/water-pump-hand-tractor-300x225.jpg 300w\" sizes=\"auto, (max-width: 720px) 100vw, 720px\" \/><figcaption class=\"wp-element-caption\">bomba de agua<\/figcaption><\/figure> <\/figure>    <h2 class=\"wp-block-heading\" id=\"walking-tractor-attachments\">Accesorios para motocultor<\/h2>    <p>Como fabricante y proveedor profesional de m\u00e1quinas agr\u00edcolas, tenemos varias ubicaciones para mostrarle.<\/p>    <h3 class=\"wp-block-heading\" id=\"walking-type-tractor-with-rovatator\">Motocultor con rotovator<\/h3>    <p>Cuando estos dos funcionan juntos, es adecuado para campos acu\u00e1ticos y para labrar tierras secas. Adem\u00e1s, en la imagen podemos ver claramente que hay un dise\u00f1o de asiento para crear condiciones convenientes para los usuarios.<\/p>   <div class=\"wp-block-image\"> <figure class=\"aligncenter size-full\"><img loading=\"lazy\" decoding=\"async\" width=\"720\" height=\"540\" src=\"https:\/\/taizyagromachine.com\/wp-content\/uploads\/2022\/02\/walking-type-tractor-with-rotavator.jpg\" alt=\"tractor andante con rotovator\" class=\"wp-image-2006\" srcset=\"https:\/\/taizyagromachine.com\/wp-content\/uploads\/2022\/02\/walking-type-tractor-with-rotavator.jpg 720w, https:\/\/taizyagromachine.com\/wp-content\/uploads\/2022\/02\/walking-type-tractor-with-rotavator-300x225.jpg 300w\" sizes=\"auto, (max-width: 720px) 100vw, 720px\" \/><figcaption class=\"wp-element-caption\">tractor andante con rotovator<\/figcaption><\/figure> <\/div>   <h3 class=\"wp-block-heading\" id=\"2-wheel-drive-tractor-with-double-disc-plough\">Tractor de 2 ruedas motrices con arado de doble disco.<\/h3>    <p>El arado de doble disco se utiliza principalmente para labrar las tierras secas. Esta combinaci\u00f3n tiene las ventajas de un funcionamiento sencillo, velocidad r\u00e1pida y alta eficiencia.<\/p>   <div class=\"wp-block-image\"> <figure class=\"aligncenter size-full\"><img loading=\"lazy\" decoding=\"async\" width=\"720\" height=\"540\" src=\"https:\/\/taizyagromachine.com\/wp-content\/uploads\/2022\/02\/2-wheel-rive-tractor-with-double-disc-plough.jpg\" alt=\"Tractor de 2 ruedas motrices con arado de doble disco.\" class=\"wp-image-2007\" srcset=\"https:\/\/taizyagromachine.com\/wp-content\/uploads\/2022\/02\/2-wheel-rive-tractor-with-double-disc-plough.jpg 720w, https:\/\/taizyagromachine.com\/wp-content\/uploads\/2022\/02\/2-wheel-rive-tractor-with-double-disc-plough-300x225.jpg 300w\" sizes=\"auto, (max-width: 720px) 100vw, 720px\" \/><figcaption class=\"wp-element-caption\">Tractor de 2 ruedas motrices con arado de doble disco.<\/figcaption><\/figure> <\/div>   <h3 class=\"wp-block-heading\" id=\"hand-tractor-with-double-plough\">Tractor manual con doble arado.<\/h3>    <p>El tractor manual con arado doble se utiliza com\u00fanmente en campos secos para remover y aflojar la tierra.<\/p>   <div class=\"wp-block-image\"> <figure class=\"aligncenter size-full\"><img loading=\"lazy\" decoding=\"async\" width=\"720\" height=\"540\" src=\"https:\/\/taizyagromachine.com\/wp-content\/uploads\/2022\/02\/hand-tractor-with-double-plough.jpg\" alt=\"tractor manual con doble arado\" class=\"wp-image-2009\" srcset=\"https:\/\/taizyagromachine.com\/wp-content\/uploads\/2022\/02\/hand-tractor-with-double-plough.jpg 720w, https:\/\/taizyagromachine.com\/wp-content\/uploads\/2022\/02\/hand-tractor-with-double-plough-300x225.jpg 300w\" sizes=\"auto, (max-width: 720px) 100vw, 720px\" \/><figcaption class=\"wp-element-caption\">tractor manual con doble arado<\/figcaption><\/figure> <\/div>   <h3 class=\"wp-block-heading\" id=\"two-wheel-drive-tractor-with-paddy-wheel\">Tractor de dos ruedas con rueda de arroz<\/h3>    <p>Este tipo de motocultor con rueda de arroz es principalmente para arrozales con agua. Esta rueda de arroz es beneficiosa para caminar en los campos acu\u00e1ticos, no atrapada en las tierras.<\/p>   <div class=\"wp-block-image\"> <figure class=\"aligncenter size-full\"><img loading=\"lazy\" decoding=\"async\" width=\"720\" height=\"540\" src=\"https:\/\/taizyagromachine.com\/wp-content\/uploads\/2022\/02\/two-whell-drive-tractor-with-paddy-wheel.jpg\" alt=\"Tractor con tracci\u00f3n en dos ruedas y rueda de arroz.\" class=\"wp-image-2010\" srcset=\"https:\/\/taizyagromachine.com\/wp-content\/uploads\/2022\/02\/two-whell-drive-tractor-with-paddy-wheel.jpg 720w, https:\/\/taizyagromachine.com\/wp-content\/uploads\/2022\/02\/two-whell-drive-tractor-with-paddy-wheel-300x225.jpg 300w\" sizes=\"auto, (max-width: 720px) 100vw, 720px\" \/><figcaption class=\"wp-element-caption\">Tractor con tracci\u00f3n en dos ruedas y rueda de arroz.<\/figcaption><\/figure> <\/div>   <h2 class=\"wp-block-heading\" id=\"successful-case-hand-tractor-exported-to-mauritius-and-south-africa\"><strong>Caso de \u00e9xito: tractor manual exportado a Mauricio y Sud\u00e1frica<\/strong><strong><\/strong><\/h2>    <p>En realidad, este motobloque es muy popular en el mundo. Debido a su simplicidad, el tractor de dos ruedas tiene un precio s\u00f3lido. Adem\u00e1s, tiene m\u00faltiples funciones con diferentes m\u00e1quinas. Entonces, tiene mercados amplios. Nuestra gerente de ventas, Coco, recibi\u00f3 invitaciones para cotizaciones de Mauricio y Sud\u00e1frica, respectivamente. Debido a que los tractores de marcha pueden usarse como fuente de energ\u00eda y trabajar con diferentes m\u00e1quinas, los clientes en Mauricio y Sud\u00e1frica encargaron no solo tractores manuales sino tambi\u00e9n bombas de agua, arados, aporcadores, ruedas de arroz, encendedores de fuego el\u00e9ctricos, etc. cajas de madera, las carg\u00f3 en el contenedor y las export\u00f3 a Mauricio y Sud\u00e1frica por mar. \u00a1Bienvenido a contactarnos para m\u00e1s informaci\u00f3n!<\/p>   <div class=\"wp-block-image\"> <figure class=\"aligncenter size-full\"><img loading=\"lazy\" decoding=\"async\" width=\"720\" height=\"540\" src=\"https:\/\/taizyagromachine.com\/wp-content\/uploads\/2022\/02\/pack-walking-tractor-into-wooden-cases.jpg\" alt=\"empacar el tractor de mano en cajas de madera\" class=\"wp-image-2004\" srcset=\"https:\/\/taizyagromachine.com\/wp-content\/uploads\/2022\/02\/pack-walking-tractor-into-wooden-cases.jpg 720w, https:\/\/taizyagromachine.com\/wp-content\/uploads\/2022\/02\/pack-walking-tractor-into-wooden-cases-300x225.jpg 300w\" sizes=\"auto, (max-width: 720px) 100vw, 720px\" \/><figcaption class=\"wp-element-caption\">cargar el tractor de mano en cajas de madera al contenedor<\/figcaption><\/figure> <\/div>   <figure class=\"wp-block-embed is-type-video is-provider-youtube wp-block-embed-youtube wp-embed-aspect-16-9 wp-has-aspect-ratio\"><div class=\"wp-block-embed__wrapper\"> <iframe loading=\"lazy\" title=\"Tractor de mano con cosechadora para la cosecha de cacahuetes y patatas | Equipos de cosecha de cacahuetes\" width=\"500\" height=\"281\" src=\"https:\/\/www.youtube.com\/embed\/DzLEq9Kn4m4?feature=oembed\" frameborder=\"0\" allow=\"accelerometer; autoplay; clipboard-write; encrypted-media; gyroscope; picture-in-picture; web-share\" referrerpolicy=\"strict-origin-when-cross-origin\" allowfullscreen><\/iframe> <\/div><figcaption class=\"wp-element-caption\">video de tractor de mano con cosechadora<\/figcaption><\/figure>","protected":false},"excerpt":{"rendered":"<p>Walking type tractor&nbsp;is an essential 2 wheel farm walking tractor, capable of operating many different implements. Walk-behind tractor supplies the power sources, widely used worldwide. The hand tractor has advantages of multi functions, easy operation, compact structure. Besides, this walking tractor can match with the different equipment, like plough, ridger, planter, water pump, etc. The [&hellip;]<\/p>\n","protected":false},"author":1,"featured_media":2159,"parent":0,"template":"","tags":[],"product-type":[22],"class_list":["post-2002","product","type-product","status-publish","has-post-thumbnail","hentry","product-type-others"],"_links":{"self":[{"href":"https:\/\/taizyagromachine.com\/es\/wp-json\/wp\/v2\/product\/2002","targetHints":{"allow":["GET"]}}],"collection":[{"href":"https:\/\/taizyagromachine.com\/es\/wp-json\/wp\/v2\/product"}],"about":[{"href":"https:\/\/taizyagromachine.com\/es\/wp-json\/wp\/v2\/types\/product"}],"author":[{"embeddable":true,"href":"https:\/\/taizyagromachine.com\/es\/wp-json\/wp\/v2\/users\/1"}],"wp:featuredmedia":[{"embeddable":true,"href":"https:\/\/taizyagromachine.com\/es\/wp-json\/wp\/v2\/media\/2159"}],"wp:attachment":[{"href":"https:\/\/taizyagromachine.com\/es\/wp-json\/wp\/v2\/media?parent=2002"}],"wp:term":[{"taxonomy":"post_tag","embeddable":true,"href":"https:\/\/taizyagromachine.com\/es\/wp-json\/wp\/v2\/tags?post=2002"},{"taxonomy":"product-type","embeddable":true,"href":"https:\/\/taizyagromachine.com\/es\/wp-json\/wp\/v2\/product-type?post=2002"}],"curies":[{"name":"wp","href":"https:\/\/api.w.org\/{rel}","templated":true}]}}