{"id":2019,"date":"2022-02-11T06:41:24","date_gmt":"2022-02-11T06:41:24","guid":{"rendered":"https:\/\/taizyagromachine.com\/"},"modified":"2025-01-02T13:52:41","modified_gmt":"2025-01-02T05:52:41","slug":"small-groundnut-harvester","status":"publish","type":"product","link":"https:\/\/taizyagromachine.com\/es\/product\/small-groundnut-harvester\/","title":{"rendered":"Cosechadora de man\u00ed | Equipos de cosecha de man\u00ed"},"content":{"rendered":"<p class=\"translation-block\"><strong>La cosechadora de cacahuetes<\/strong> es el equipo ideal para separar el fruto del cacahuete de la tierra. Com\u00fanmente, la cosechadora de cacahuetes se monta en un tractor y trabaja en los campos. Adem\u00e1s, esta m\u00e1quina cosechadora de cacahuetes tiene una buena capacidad de 0.3-0.5 acres por hora. Asimismo, la tasa de recolecci\u00f3n de la m\u00e1quina cosechadora de cacahuetes es \u226598%, mientras que la tasa de rotura es \u22641%. Todos sabemos que el cacahuete subterr\u00e1neo tiene algo de tierra. Y el equipo de la cosechadora de cacahuetes tiene una tasa de limpieza de m\u00e1s del 95%. Por lo tanto, esta excavadora de cacahuetes es popular en el mercado de m\u00e1quinas de cacahuetes. \u00a1Esperamos su consulta!<\/p>    <h2 class=\"wp-block-heading\" id=\"characteristics-of-peanut-harvester-for-sale\"><strong>Caracter\u00edsticas de los equipos de recolecci\u00f3n de man\u00ed a la venta<\/strong><\/h2>    <ul class=\"wp-block-list\" type=\"1\"> <li>Estructura simple, f\u00e1cil operaci\u00f3n, alta eficiencia.<\/li>    <li>El rodillo evita que las plantas de man\u00ed se hundan en el suelo y facilita la excavaci\u00f3n.<\/li>    <li>El \u00e1ngulo de bisel puede prometer que el man\u00ed se coloque en un lado.<\/li>    <li>El eje de transmisi\u00f3n universal de la cosechadora de man\u00ed est\u00e1 sujeto al tractor con el varillaje de suspensi\u00f3n, ajustando la direcci\u00f3n para impulsar los dientes de sierra.<\/li>    <li>El eje de transmisi\u00f3n sirve para transferir los frutos del man\u00ed.<\/li> <\/ul>    <figure class=\"wp-block-gallery has-nested-images columns-default is-cropped wp-block-gallery-2 is-layout-flex wp-block-gallery-is-layout-flex\"> <figure class=\"wp-block-image size-full\"><img loading=\"lazy\" decoding=\"async\" width=\"720\" height=\"540\" data-id=\"2025\" src=\"https:\/\/taizyagromachine.com\/wp-content\/uploads\/2022\/02\/transmission-shaft-ground-nut-harvesting-machine.jpg\" alt=\"eje de transmisi\u00f3n\" class=\"wp-image-2025\" srcset=\"https:\/\/taizyagromachine.com\/wp-content\/uploads\/2022\/02\/transmission-shaft-ground-nut-harvesting-machine.jpg 720w, https:\/\/taizyagromachine.com\/wp-content\/uploads\/2022\/02\/transmission-shaft-ground-nut-harvesting-machine-300x225.jpg 300w\" sizes=\"auto, (max-width: 720px) 100vw, 720px\" \/><figcaption class=\"wp-element-caption\">eje de transmisi\u00f3n<\/figcaption><\/figure>    <figure class=\"wp-block-image size-large\"><img loading=\"lazy\" decoding=\"async\" width=\"720\" height=\"540\" data-id=\"2023\" src=\"https:\/\/taizyagromachine.com\/wp-content\/uploads\/2022\/02\/vebel-angle-and-roller-peanut-harvest.jpg\" alt=\"\u00e1ngulo biselado y rodillo\" class=\"wp-image-2023\" srcset=\"https:\/\/taizyagromachine.com\/wp-content\/uploads\/2022\/02\/vebel-angle-and-roller-peanut-harvest.jpg 720w, https:\/\/taizyagromachine.com\/wp-content\/uploads\/2022\/02\/vebel-angle-and-roller-peanut-harvest-300x225.jpg 300w\" sizes=\"auto, (max-width: 720px) 100vw, 720px\" \/><figcaption class=\"wp-element-caption\">\u00e1ngulo biselado y rodillo<\/figcaption><\/figure> <\/figure>    <h2 class=\"wp-block-heading\" id=\"principle-of-groundnut-harvesting-machine\"><strong>Principio de la m\u00e1quina cosechadora de man\u00ed<\/strong><\/h2>    <p>Este nuevo tipo de m\u00e1quina cosechadora de man\u00ed adopta el principio de criba vibratoria, sacudiendo la tierra limpiamente y colocando cuidadosamente el man\u00ed en un lado. As\u00ed, esta cosechadora de man\u00ed logra el prop\u00f3sito de separar el man\u00ed del suelo, sacando las pl\u00e1ntulas de man\u00ed ordenadamente por un lado. &nbsp;<\/p>   <div class=\"wp-block-image\"> <figure class=\"aligncenter size-full\"><img loading=\"lazy\" decoding=\"async\" width=\"720\" height=\"540\" src=\"https:\/\/taizyagromachine.com\/wp-content\/uploads\/2022\/02\/vibratimg-screen-peanut-harvester.jpg\" alt=\"Pantalla vibrante\" class=\"wp-image-2021\" srcset=\"https:\/\/taizyagromachine.com\/wp-content\/uploads\/2022\/02\/vibratimg-screen-peanut-harvester.jpg 720w, https:\/\/taizyagromachine.com\/wp-content\/uploads\/2022\/02\/vibratimg-screen-peanut-harvester-300x225.jpg 300w\" sizes=\"auto, (max-width: 720px) 100vw, 720px\" \/><figcaption class=\"wp-element-caption\">Pantalla vibrante<\/figcaption><\/figure> <\/div>   <h2 class=\"wp-block-heading\" id=\"advantages-of-groundnut-harvester\"><strong>Ventajas de la m\u00e1quina cosechadora de man\u00ed<\/strong><\/h2>    <ol class=\"wp-block-list\" type=\"1\"> <li>Esta m\u00e1quina cosechadora de man\u00ed autom\u00e1tica tiene una alta tasa de recolecci\u00f3n de\u226598%, por lo que tiene una alta eficiencia.<\/li>    <li>Nuestra peque\u00f1a excavadora de man\u00ed tiene dos patentes, un modelo de utilidad y un dise\u00f1o exterior aprobado por la Comisi\u00f3n Nacional.&nbsp;<a href=\"https:\/\/en.wikipedia.org\/wiki\/Patent_office\" target=\"_blank\" rel=\"noreferrer noopener\">Oficina de Patentes<\/a>.<\/li>    <li>La cosechadora de man\u00ed impulsada por un tractor tiene un tractor que funciona m\u00e1s r\u00e1pido que uno aut\u00f3nomo sin temblar, apilado y descarga r\u00e1pido y sin bloqueo por la hierba.<\/li> <\/ol>    <h2 class=\"wp-block-heading\" id=\"successful-case-hanging-peanut-harvest-equipment-to-botswana\"><strong>Caso exitoso: equipo colgante para cosecha de man\u00ed enviado a Botswana<\/strong> <\/h2>    <p class=\"translation-block\">Un cliente de Botsuana nos contact\u00f3 al leer un art\u00edculo en nuestro sitio web Taizy Agro Machine. Nuestra gerente de ventas profesional, Emily, le respondi\u00f3. A trav\u00e9s de la comunicaci\u00f3n, supimos que \u00e9l hab\u00eda plantado un gran campo de cacahuetes y entendimos que su demanda era una cosechadora de cacahuetes para tractor agr\u00edcola. Por lo tanto, Emily le recomend\u00f3 esta peque\u00f1a m\u00e1quina cosechadora de cacahuetes que puede cosechar 0.3-0.5 acres por hora. Pidi\u00f3 de inmediato despu\u00e9s de ver el video e im\u00e1genes de la cosechadora de cacahuetes en funcionamiento. Adem\u00e1s, tenemos m\u00e1quinas sembradoras de cacahuetes, recolectoras de cacahuetes y peladoras de cacahuetes en venta. Puede elegir seg\u00fan sus necesidades. Finalmente, empacamos la m\u00e1quina y la m\u00e1quina lleg\u00f3 a su destino por mar.<\/p>   <div class=\"wp-block-image\"> <figure class=\"aligncenter size-full\"><img loading=\"lazy\" decoding=\"async\" width=\"720\" height=\"220\" src=\"https:\/\/taizyagromachine.com\/wp-content\/uploads\/2022\/02\/packing-loading-shipping-groundnut-harvester.jpg\" alt=\"embalaje, carga, env\u00edo-cosechadora de man\u00ed\" class=\"wp-image-2022\" srcset=\"https:\/\/taizyagromachine.com\/wp-content\/uploads\/2022\/02\/packing-loading-shipping-groundnut-harvester.jpg 720w, https:\/\/taizyagromachine.com\/wp-content\/uploads\/2022\/02\/packing-loading-shipping-groundnut-harvester-300x92.jpg 300w\" sizes=\"auto, (max-width: 720px) 100vw, 720px\" \/><figcaption class=\"wp-element-caption\">embalaje, carga, env\u00edo <\/figcaption><\/figure> <\/div>   <h2 class=\"wp-block-heading\"><strong>Video de la m\u00e1quina cosechadora de man\u00ed y man\u00ed<\/strong><\/h2>    <figure class=\"wp-block-embed is-type-video is-provider-youtube wp-block-embed-youtube wp-embed-aspect-16-9 wp-has-aspect-ratio\"><div class=\"wp-block-embed__wrapper\"> <iframe loading=\"lazy\" title=\"M\u00e1quina cosechadora de man\u00ed - Venta de equipos de recolecci\u00f3n de man\u00ed, 2023 #peanut\" width=\"500\" height=\"281\" src=\"https:\/\/www.youtube.com\/embed\/SPkTTtFYb6k?feature=oembed\" frameborder=\"0\" allow=\"accelerometer; autoplay; clipboard-write; encrypted-media; gyroscope; picture-in-picture; web-share\" referrerpolicy=\"strict-origin-when-cross-origin\" allowfullscreen><\/iframe> <\/div><\/figure>","protected":false},"excerpt":{"rendered":"<p>Groundnut harvester&nbsp;is the ideal equipment for the purpose of separating peanut fruit from the soil. Commonly, the peanut harvester is mounted with the tractor, working the fields. Besides, this peanut harvesting machine has a good capacity of 0.3-0.5 acres per hour. Also, the picking rate of the groundnut harvesting machine is \u226598%, while the breaking [&hellip;]<\/p>\n","protected":false},"author":1,"featured_media":2151,"parent":0,"template":"","tags":[],"product-type":[21],"class_list":["post-2019","product","type-product","status-publish","has-post-thumbnail","hentry","product-type-peanut-machine"],"_links":{"self":[{"href":"https:\/\/taizyagromachine.com\/es\/wp-json\/wp\/v2\/product\/2019","targetHints":{"allow":["GET"]}}],"collection":[{"href":"https:\/\/taizyagromachine.com\/es\/wp-json\/wp\/v2\/product"}],"about":[{"href":"https:\/\/taizyagromachine.com\/es\/wp-json\/wp\/v2\/types\/product"}],"author":[{"embeddable":true,"href":"https:\/\/taizyagromachine.com\/es\/wp-json\/wp\/v2\/users\/1"}],"wp:featuredmedia":[{"embeddable":true,"href":"https:\/\/taizyagromachine.com\/es\/wp-json\/wp\/v2\/media\/2151"}],"wp:attachment":[{"href":"https:\/\/taizyagromachine.com\/es\/wp-json\/wp\/v2\/media?parent=2019"}],"wp:term":[{"taxonomy":"post_tag","embeddable":true,"href":"https:\/\/taizyagromachine.com\/es\/wp-json\/wp\/v2\/tags?post=2019"},{"taxonomy":"product-type","embeddable":true,"href":"https:\/\/taizyagromachine.com\/es\/wp-json\/wp\/v2\/product-type?post=2019"}],"curies":[{"name":"wp","href":"https:\/\/api.w.org\/{rel}","templated":true}]}}