{"id":2028,"date":"2022-02-14T07:07:09","date_gmt":"2022-02-14T07:07:09","guid":{"rendered":"https:\/\/taizyagromachine.com\/"},"modified":"2024-01-03T17:49:47","modified_gmt":"2024-01-03T09:49:47","slug":"animal-feed-pellet-machine","status":"publish","type":"product","link":"https:\/\/taizyagromachine.com\/es\/product\/animal-feed-pellet-machine\/","title":{"rendered":"Peletizadora de piensos para ganado vacuno y pollo"},"content":{"rendered":"<p class=\"translation-block\"><strong>M\u00e1quina peletizadora de pienso para animales<\/strong>\r\nProduce especialmente pienso para el ganado vacuno, caprino y aves de corral, como pollos y patos. Esta m\u00e1quina peletizadora tiene una estructura simple, rendimiento estable y f\u00e1cil operaci\u00f3n. Adem\u00e1s, las materias primas de la peletizadora de pienso para animales son hierba y granos, como ma\u00edz, soja, cascarilla de arroz y otros. <\/p>    <p>Es m\u00e1s, nuestra f\u00e1brica de pellets para piensos se ha exportado a muchos pa\u00edses y regiones y ha ganado popularidad entre nuestros clientes. Debido a la peque\u00f1a m\u00e1quina peletizadora de alimento, los pa\u00edses populares son Filipinas, Nigeria, Pakist\u00e1n, Malasia, Nepal, Australia, Ghana, etc. \u00a1Esperamos sus consultas!<\/p>    <figure class=\"wp-block-embed is-type-video is-provider-youtube wp-block-embed-youtube wp-embed-aspect-16-9 wp-has-aspect-ratio\"><div class=\"wp-block-embed__wrapper\"> <iframe loading=\"lazy\" title=\"Molino de pellets para alimentaci\u00f3n animal: \u00bfC\u00f3mo utilizar pasto seco para fabricar pellets como alimento para animales? #pienso para animales #pellets\" width=\"500\" height=\"281\" src=\"https:\/\/www.youtube.com\/embed\/0ziMguB0ahU?feature=oembed\" frameborder=\"0\" allow=\"accelerometer; autoplay; clipboard-write; encrypted-media; gyroscope; picture-in-picture; web-share\" referrerpolicy=\"strict-origin-when-cross-origin\" allowfullscreen><\/iframe> <\/div><figcaption class=\"wp-element-caption\">Video de trabajo de la m\u00e1quina para fabricar alimentos para animales.<\/figcaption><\/figure>    <h2 class=\"wp-block-heading\" id=\"technical-specifications-of-animal-feed-pellet-machine\"><strong>Especificaciones t\u00e9cnicas de la m\u00e1quina de pellets de alimentaci\u00f3n<\/strong><\/h2>    <p>El precio de la m\u00e1quina para fabricar piensos difiere seg\u00fan las diferentes configuraciones. Clasificamos el modelo de m\u00e1quina seg\u00fan el di\u00e1metro de la planta de moldes. Junto con la placa de molde m\u00e1s grande, la capacidad aumenta. <\/p>    <p>Adem\u00e1s, a mayor capacidad recomendamos el motor el\u00e9ctrico o el motor di\u00e9sel. Puede contactarnos para m\u00e1s detalles. Nos comunicaremos con usted muy pronto.<\/p>    <figure class=\"wp-block-table is-style-stripes\"><table><tbody><tr><td>Modelo&nbsp;<\/td><td>Capacidad<\/td><td>Fuerza<\/td><td>Di\u00e1metro de la placa del molde<\/td><td>Tama\u00f1o<\/td><td>Peso<\/td><\/tr><tr><td>KL-120<\/td><td>120kg\/hora<\/td><td>3kW<\/td><td>120mm<\/td><td>750*320*610mm<\/td><td>100 kilos<\/td><\/tr><tr><td>KL-150<\/td><td>150kg\/hora<\/td><td>3kW<\/td><td>150mm<\/td><td>750*350*650mm<\/td><td>190kg<\/td><\/tr><tr><td>KL-210<\/td><td>400kg\/h<\/td><td>7,5kW<\/td><td>210 mm<\/td><td>1000*450*960mm<\/td><td>230 kilos<\/td><\/tr><tr><td>KBL-260<\/td><td>800kg\/h<\/td><td>15kW<\/td><td>260 mm<\/td><td>1460*460*1150mm<\/td><td>360 kilos<\/td><\/tr><tr><td>KBL-300<\/td><td>1000-1200kg\/hora<\/td><td>22kW<\/td><td>300 mm<\/td><td>1360*570*1150mm<\/td><td>450 kilos<\/td><\/tr><\/tbody><\/table><figcaption class=\"wp-element-caption\">Par\u00e1metros t\u00e9cnicos de la m\u00e1quina para fabricar alimentos para animales.<\/figcaption><\/figure>    <figure class=\"wp-block-embed is-type-video is-provider-youtube wp-block-embed-youtube wp-embed-aspect-16-9 wp-has-aspect-ratio\"><div class=\"wp-block-embed__wrapper\"> <iframe loading=\"lazy\" title=\"Gran oferta de prensa de pellets para piensos para aves de corral, piensos para ganado y piensos para conejos: M\u00e1quina para fabricar piensos\" width=\"500\" height=\"281\" src=\"https:\/\/www.youtube.com\/embed\/9AQQHeaSnsM?start=11&#038;feature=oembed\" frameborder=\"0\" allow=\"accelerometer; autoplay; clipboard-write; encrypted-media; gyroscope; picture-in-picture; web-share\" referrerpolicy=\"strict-origin-when-cross-origin\" allowfullscreen><\/iframe> <\/div><figcaption class=\"wp-element-caption\">Video de trabajo de la m\u00e1quina de pellets para alimentaci\u00f3n animal.<\/figcaption><\/figure>    <h2 class=\"wp-block-heading\" id=\"reasonable-structure-of-feed-pelleting-machine\"><strong>Estructura razonable de la m\u00e1quina granuladora de piensos<\/strong><\/h2>    <p>Como fabricante y proveedor profesional de m\u00e1quinas peletizadoras para piensos para animales, los t\u00e9cnicos dise\u00f1an las m\u00e1quinas peletizadoras para piensos adaptadas al mercado. Consiste en la tolva de alimentaci\u00f3n, la c\u00e1mara de trabajo, el sistema de energ\u00eda y la caja de cambios.<\/p>    <p>En la c\u00e1mara de trabajo, el rodillo y la placa del molde son las piezas consumibles.<\/p>   <div class=\"wp-block-image\"> <figure class=\"aligncenter size-full\"><img loading=\"lazy\" decoding=\"async\" width=\"720\" height=\"540\" src=\"https:\/\/taizyagromachine.com\/wp-content\/uploads\/2022\/02\/structure-animal-feed-pellet-mill.jpg\" alt=\"Molino-de-pellet-de-alimento-para-pollos-de-estructura-a la venta\" class=\"wp-image-2051\" srcset=\"https:\/\/taizyagromachine.com\/wp-content\/uploads\/2022\/02\/structure-animal-feed-pellet-mill.jpg 720w, https:\/\/taizyagromachine.com\/wp-content\/uploads\/2022\/02\/structure-animal-feed-pellet-mill-300x225.jpg 300w\" sizes=\"auto, (max-width: 720px) 100vw, 720px\" \/><figcaption class=\"wp-element-caption\">Estructura de la f\u00e1brica de pellets para alimentaci\u00f3n animal a la venta.<\/figcaption><\/figure> <\/div>   <h2 class=\"wp-block-heading\" id=\"working-principle-of-animal-feed-pellet-machine\"><strong>Principio de funcionamiento de la m\u00e1quina de pellets para alimentaci\u00f3n animal<\/strong><strong><\/strong><\/h2>    <p>La c\u00e1mara de trabajo es el esp\u00edritu del granulador de piensos. Dispone de rodillo prensador, placa de molde y cortador. Se pueden ajustar la velocidad de avance de molienda y la longitud de los pellets.<\/p>   <div class=\"wp-block-image\"> <figure class=\"aligncenter size-full\"><img loading=\"lazy\" decoding=\"async\" width=\"720\" height=\"540\" src=\"https:\/\/taizyagromachine.com\/wp-content\/uploads\/2022\/02\/roller-and-mill-plate-of-animal-feed-pelllet-machine.jpg\" alt=\"M\u00e1quina-de-pellets-para-alimento-animal-de-placa-de-rodillo-y-molino\" class=\"wp-image-2056\" srcset=\"https:\/\/taizyagromachine.com\/wp-content\/uploads\/2022\/02\/roller-and-mill-plate-of-animal-feed-pelllet-machine.jpg 720w, https:\/\/taizyagromachine.com\/wp-content\/uploads\/2022\/02\/roller-and-mill-plate-of-animal-feed-pelllet-machine-300x225.jpg 300w\" sizes=\"auto, (max-width: 720px) 100vw, 720px\" \/><figcaption class=\"wp-element-caption\">rodillo y placa de molino<\/figcaption><\/figure> <\/div>   <p>En primer lugar, coloque las materias primas en el contenedor de alimento. Caer\u00e1n sobre un conjunto de rodillos giratorios sobre la placa del molde.<\/p>    <p>Luego, los materiales se comprimen entre la superficie de la placa del molde y los rodillos giratorios. Los pellets saldr\u00e1n del troquel y se cortar\u00e1n en longitudes espec\u00edficas con un cuchillo afilado. &nbsp;<\/p>    <figure class=\"wp-block-embed is-type-video is-provider-youtube wp-block-embed-youtube wp-embed-aspect-16-9 wp-has-aspect-ratio\"><div class=\"wp-block-embed__wrapper\"> <iframe loading=\"lazy\" title=\"\u00a1Transformando granos de ma\u00edz en pellets de alimento para animales de primera calidad! \ud83c\udf3d\ud83d\udc13 M\u00e1quina de pellets para alimentaci\u00f3n animal a la venta\" width=\"500\" height=\"281\" src=\"https:\/\/www.youtube.com\/embed\/F8roiuXcgoc?feature=oembed\" frameborder=\"0\" allow=\"accelerometer; autoplay; clipboard-write; encrypted-media; gyroscope; picture-in-picture; web-share\" referrerpolicy=\"strict-origin-when-cross-origin\" allowfullscreen><\/iframe> <\/div><figcaption class=\"wp-element-caption\">hacer alimento para animales con ma\u00edz<\/figcaption><\/figure>    <h2 class=\"wp-block-heading\" id=\"features-of-animal-feed-pellet-machine\"><strong>Caracter\u00edsticas de la m\u00e1quina de pellets para alimentaci\u00f3n animal a la venta<\/strong><\/h2>    <ul class=\"wp-block-list\"> <li><strong>Tres fuentes de energ\u00eda<\/strong>. Est\u00e1n disponibles motor el\u00e9ctrico, motor di\u00e9sel y motor de gasolina. Esta f\u00e1brica de pellets de matriz plana se puede utilizar en todo el mundo, especialmente popular en \u00e1reas con escasez de suministro de electricidad.<\/li>    <li><strong>F\u00e1cil de usar y limpiar<\/strong>. S\u00f3lo 1\u00a0o\u00a02\u00a0trabajadores\u00a0son suficientes.<\/li>    <li>Las piezas de repuesto son f\u00e1ciles de cambiar, menos costosas para los rodillos y las matrices.<\/li>    <li>Estructura compacta y ligera, c\u00f3moda de mover y adecuada para peque\u00f1as producciones de pellets.<\/li>    <li>Composici\u00f3n uniforme del pellet y forma cuidada. El di\u00e1metro de las part\u00edculas se puede dividir en: \u03c62, \u03c62,5, \u03c63, \u03c63,5, \u03c64, \u03c65, \u03c66, \u03c67, \u03c68, etc.<\/li> <\/ul>    <figure class=\"wp-block-gallery has-nested-images columns-default is-cropped wp-block-gallery-2 is-layout-flex wp-block-gallery-is-layout-flex\"> <figure class=\"wp-block-image size-large\"><img loading=\"lazy\" decoding=\"async\" width=\"720\" height=\"540\" data-id=\"2052\" src=\"https:\/\/taizyagromachine.com\/wp-content\/uploads\/2022\/02\/animal-feed-pellet-machine-with-motor.jpg\" alt=\"molino de pellets de pienso con motor\" class=\"wp-image-2052\" srcset=\"https:\/\/taizyagromachine.com\/wp-content\/uploads\/2022\/02\/animal-feed-pellet-machine-with-motor.jpg 720w, https:\/\/taizyagromachine.com\/wp-content\/uploads\/2022\/02\/animal-feed-pellet-machine-with-motor-300x225.jpg 300w\" sizes=\"auto, (max-width: 720px) 100vw, 720px\" \/><figcaption class=\"wp-element-caption\">molino de pellets de pienso con motor<\/figcaption><\/figure>    <figure class=\"wp-block-image size-large\"><img loading=\"lazy\" decoding=\"async\" width=\"720\" height=\"540\" data-id=\"2053\" src=\"https:\/\/taizyagromachine.com\/wp-content\/uploads\/2022\/02\/feed-pellet-mill-with-diesel.jpg\" alt=\"peletizadora de piensos con motor diesel\" class=\"wp-image-2053\" srcset=\"https:\/\/taizyagromachine.com\/wp-content\/uploads\/2022\/02\/feed-pellet-mill-with-diesel.jpg 720w, https:\/\/taizyagromachine.com\/wp-content\/uploads\/2022\/02\/feed-pellet-mill-with-diesel-300x225.jpg 300w\" sizes=\"auto, (max-width: 720px) 100vw, 720px\" \/><figcaption class=\"wp-element-caption\">peletizadora de piensos con motor diesel<\/figcaption><\/figure> <\/figure>    <h2 class=\"wp-block-heading\" id=\"applications-of-animal-feed-pelleting-machine\"><strong>Aplicaciones de la m\u00e1quina granuladora de piensos para animales<\/strong><strong><\/strong><\/h2>    <p>Esta m\u00e1quina para fabricar pellets de pienso puede utilizar ma\u00edz, c\u00e1scara de arroz, tallos de algod\u00f3n, pieles de semillas de algod\u00f3n, salvado de trigo y todo tipo de granos en polvo, etc. Despu\u00e9s del procesamiento con esta m\u00e1quina de pellets para piensos, se puede criar ganado vacuno, caprino, porcino, pollo, pato, etc <\/p>    <p>Por ejemplo, consulte la f\u00f3rmula de los pellets de alimento para ganado y podr\u00e1 saber claramente c\u00f3mo mezclar las materias primas. Y luego usar esta m\u00e1quina para producir los pellets necesarios.<\/p>   <div class=\"wp-block-image\"> <figure class=\"aligncenter size-full\"><img loading=\"lazy\" decoding=\"async\" width=\"720\" height=\"400\" src=\"https:\/\/taizyagromachine.com\/wp-content\/uploads\/2022\/02\/applications-of-animal-feed-mill.jpg\" alt=\"aplicaciones-de-fabrica-de-alimentos-animales\" class=\"wp-image-2054\" srcset=\"https:\/\/taizyagromachine.com\/wp-content\/uploads\/2022\/02\/applications-of-animal-feed-mill.jpg 720w, https:\/\/taizyagromachine.com\/wp-content\/uploads\/2022\/02\/applications-of-animal-feed-mill-300x167.jpg 300w\" sizes=\"auto, (max-width: 720px) 100vw, 720px\" \/><figcaption class=\"wp-element-caption\">Aplicaciones de la f\u00e1brica de piensos para animales.<\/figcaption><\/figure> <\/div>   <h2 class=\"wp-block-heading\" id=\"working-principle-of-animal-feed-pellet-machine\"><strong>Principio de funcionamiento de la m\u00e1quina de pellets para alimentaci\u00f3n animal<\/strong><strong><\/strong><\/h2>    <p>La c\u00e1mara de trabajo es el esp\u00edritu del granulador de piensos. Dispone de rodillo prensador, placa de molde y cortador. Se pueden ajustar la velocidad de avance de molienda y la longitud de los pellets.<\/p>   <div class=\"wp-block-image\"> <figure class=\"aligncenter size-full\"><img loading=\"lazy\" decoding=\"async\" width=\"720\" height=\"540\" src=\"https:\/\/taizyagromachine.com\/wp-content\/uploads\/2022\/02\/roller-and-mill-plate-of-animal-feed-pelllet-machine.jpg\" alt=\"M\u00e1quina-de-pellets-para-alimento-animal-de-placa-de-rodillo-y-molino\" class=\"wp-image-2056\" srcset=\"https:\/\/taizyagromachine.com\/wp-content\/uploads\/2022\/02\/roller-and-mill-plate-of-animal-feed-pelllet-machine.jpg 720w, https:\/\/taizyagromachine.com\/wp-content\/uploads\/2022\/02\/roller-and-mill-plate-of-animal-feed-pelllet-machine-300x225.jpg 300w\" sizes=\"auto, (max-width: 720px) 100vw, 720px\" \/><figcaption class=\"wp-element-caption\">rodillo y placa de molino<\/figcaption><\/figure> <\/div>   <p>En primer lugar, coloque las materias primas en el contenedor de alimento. Caer\u00e1n sobre un conjunto de rodillos giratorios sobre la placa del molde.<\/p>    <p>Luego, los materiales se comprimen entre la superficie de la placa del molde y los rodillos giratorios. Los pellets saldr\u00e1n del troquel y se cortar\u00e1n en longitudes espec\u00edficas con un cuchillo afilado. &nbsp;<\/p>    <h2 class=\"wp-block-heading\" id=\"advantages-of-pellets-processed-by-feed-pellet-mill\"><strong>Ventajas de los pellets procesados \u200b\u200bpor la f\u00e1brica de pellets de alimentaci\u00f3n<\/strong><strong><\/strong><\/h2>    <p>Durante el procesamiento, la temperatura es de unos 70\u00b0C, por lo que la prote\u00edna se congela. El valor nutricional aumenta y para los animales es f\u00e1cil de absorber. Para los pellets fabricados con la m\u00e1quina peletizadora para piensos, el interior est\u00e1 madurando y el exterior es lo suficientemente r\u00edgido. Debido a estas caracter\u00edsticas, es adecuado para un almacenamiento a largo plazo.<\/p>    <h2 class=\"wp-block-heading\"><strong>Planta de pellets de pienso para la producci\u00f3n masiva de piensos para animales<\/strong><\/h2>    <p>Suministramos juegos completos de peletizadoras de matriz plana para la producci\u00f3n de pellets de alimento para animales, brindando soluciones completas para diferentes niveles de producci\u00f3n de 500 kg, 1000 kg y 2000 kg. <\/p>    <figure class=\"wp-block-gallery aligncenter has-nested-images columns-default is-cropped wp-block-gallery-3 is-layout-flex wp-block-gallery-is-layout-flex\"> <figure class=\"wp-block-image size-large\"><img loading=\"lazy\" decoding=\"async\" width=\"720\" height=\"540\" data-id=\"6374\" src=\"https:\/\/taizyagromachine.com\/wp-content\/uploads\/2022\/02\/small-animal-feed-pellet-machine-plant.webp\" alt=\"Planta peletizadora para piensos para animales peque\u00f1os\" class=\"wp-image-6374\"\/><figcaption class=\"wp-element-caption\">Planta peletizadora para piensos para animales peque\u00f1os<\/figcaption><\/figure>    <figure class=\"wp-block-image size-large\"><img loading=\"lazy\" decoding=\"async\" width=\"720\" height=\"540\" data-id=\"6373\" src=\"https:\/\/taizyagromachine.com\/wp-content\/uploads\/2022\/02\/animal-feed-pellet-processing-line.webp\" alt=\"L\u00ednea de procesamiento de pellets para piensos\" class=\"wp-image-6373\"\/><figcaption class=\"wp-element-caption\">L\u00ednea de procesamiento de pellets para piensos<\/figcaption><\/figure> <\/figure>    <p>Desde la trituraci\u00f3n y mezcla de materias primas hasta el prensado de pellets y el envasado por enfriamiento, realiza una producci\u00f3n automatizada de alta eficiencia y satisface las necesidades de todo tipo de granjas.<\/p>    <figure class=\"wp-block-gallery aligncenter has-nested-images columns-default is-cropped wp-block-gallery-4 is-layout-flex wp-block-gallery-is-layout-flex\"> <figure class=\"wp-block-image size-large\"><img loading=\"lazy\" decoding=\"async\" width=\"720\" height=\"540\" data-id=\"6376\" src=\"https:\/\/taizyagromachine.com\/wp-content\/uploads\/2022\/02\/large-feed-pellet-machine-plant.webp\" alt=\"Planta de m\u00e1quina de pellets de alimentaci\u00f3n grande\" class=\"wp-image-6376\"\/><figcaption class=\"wp-element-caption\">Planta de m\u00e1quina de pellets de alimentaci\u00f3n grande<\/figcaption><\/figure>    <figure class=\"wp-block-image size-large\"><img loading=\"lazy\" decoding=\"async\" width=\"720\" height=\"540\" data-id=\"6375\" src=\"https:\/\/taizyagromachine.com\/wp-content\/uploads\/2022\/02\/feed-pellet-mill-for-mass-animal-feed-production.webp\" alt=\"Molino de pellets para la producci\u00f3n masiva de piensos para animales.\" class=\"wp-image-6375\"\/><figcaption class=\"wp-element-caption\">Molino de pellets para la producci\u00f3n masiva de piensos para animales.<\/figcaption><\/figure> <\/figure>    <h2 class=\"wp-block-heading\"><strong>Servicio ofrecido a la f\u00e1brica de pellets de alimentaci\u00f3n animal<\/strong><\/h2>    <p class=\"translation-block\">Como fabricante de m\u00e1quinas peletizadoras de pienso para animales bien conocido, le ofrecemos una gama completa de servicios de producci\u00f3n de pienso para ganado y animales, que incluyen principalmente los siguientes:<\/p>    <ul class=\"wp-block-list\"> <li><strong>Suministro de equipos<\/strong>: Proporcionamos peletizadoras de matriz plana de diversas especificaciones y capacidades (120-1200 kg\/h), incluidos juegos completos de equipos de producci\u00f3n de piensos con diferentes niveles de producci\u00f3n, como 500 kg, 1000 kg y 2000 kg.<\/li>    <li><strong>Seguro de calidad<\/strong>: Todos los productos han pasado estrictas pruebas de calidad para garantizar que la f\u00e1brica de pellets para piensos tenga un rendimiento, durabilidad y confiabilidad superiores, para ayudar a los clientes a mejorar la eficiencia econ\u00f3mica.<\/li>    <li><strong>Soluciones personalizadas<\/strong>: Soluciones de dise\u00f1o de l\u00ednea de producci\u00f3n o m\u00e1quina peletizadora de alimento para animales hechas a medida de acuerdo con sus necesidades espec\u00edficas y escala agr\u00edcola para garantizar un proceso de producci\u00f3n de pellets de alimento para ganado eficiente y estable.<\/li>    <li><strong>Apoyo t\u00e9cnico<\/strong>: Equipados con un equipo t\u00e9cnico profesional, brindamos instalaci\u00f3n y puesta en marcha de equipos, capacitaci\u00f3n operativa, mantenimiento y otros servicios completos de soporte t\u00e9cnico.<\/li>    <li><strong>Gu\u00eda de f\u00f3rmulas de materias primas<\/strong>: Cooperamos con expertos de la industria, investigamos y desarrollamos f\u00f3rmulas alimentarias que satisfagan las necesidades nutricionales de los animales para usted y brindamos asesoramiento profesional sobre la selecci\u00f3n de materias primas.<\/li>    <li><strong>Servicio postventa<\/strong>: Taizy ha establecido un sistema de servicio postventa perfecto para garantizar una respuesta r\u00e1pida a sus necesidades y resolver r\u00e1pidamente todo tipo de problemas en el proceso de operaci\u00f3n del equipo.<\/li> <\/ul>    <h2 class=\"wp-block-heading\" id=\"related-machines\"><strong>M\u00e1quinas relacionadas<\/strong><\/h2>    <p class=\"translation-block\">Otra cosa que mencionar es que tenemos la m\u00e1quina para piensos de pescado, llamada <a href=\"https:\/\/taizyagromachine.com\/es\/product\/fish-feed-extruder\/\" target=\"_blank\" rel=\"noreferrer noopener\">m\u00e1quina peletizadora de piensos para peces<\/a>. Tambi\u00e9n ofrecemos la l\u00ednea de producci\u00f3n de piensos peletizados, que incluye cortadora de forraje, trituradora, mezcladora y m\u00e1quina peletizadora de piensos para animales. Cuando vaya a comprar la m\u00e1quina, cont\u00e1ctenos. Le recomendaremos la m\u00e1s adecuada seg\u00fan sus demandas reales.<\/p>    <h2 class=\"wp-block-heading\"><strong>\u00a1Consulta sobre la m\u00e1quina de pellets para alimentaci\u00f3n animal!<\/strong><\/h2>    <p class=\"translation-block\">\u00bfQuiere producir todo tipo de <a href=\"https:\/\/en.wikipedia.org\/wiki\/Animal_feed\" target=\"_blank\" rel=\"noopener\">piensos para animales<\/a>? Tenemos una amplia gama de tipos de peletizadoras de matriz plana para satisfacer sus necesidades. Cont\u00e1ctenos, dise\u00f1aremos la mejor soluci\u00f3n para usted y le proporcionaremos la mejor cotizaci\u00f3n.<\/p>","protected":false},"excerpt":{"rendered":"<p>La m\u00e1quina peletizadora para piensos es especialmente para producir piensos para ganado vacuno, caprino, aves, conejos, etc., con una capacidad de 120-1200 kg\/h. Este art\u00edculo presenta los distintos modelos de peletizadora de matriz plana y los diversos servicios que podemos brindar, bienvenido a consultar.<\/p>","protected":false},"author":1,"featured_media":2157,"parent":0,"template":"","tags":[72,68,63,64,71,70,67,69,62,65,74,66,73],"product-type":[29],"class_list":["post-2028","product","type-product","status-publish","has-post-thumbnail","hentry","tag-animal-feed-granulator","tag-animal-feed-making-machine-price","tag-animal-feed-pellet-machine","tag-animal-feed-pellet-mill","tag-applications-of-animal-feed-pelleting-machine","tag-cattle-feed-pellet-formula","tag-feed-pellet-machine","tag-feed-pellet-making-machine","tag-feed-pellet-mill","tag-feed-pellet-mill-machine","tag-feed-pellet-mill-production-line","tag-feed-pelleting-machine","tag-fish-feed-pellet-machine","product-type-feed-pellet-machine"],"_links":{"self":[{"href":"https:\/\/taizyagromachine.com\/es\/wp-json\/wp\/v2\/product\/2028","targetHints":{"allow":["GET"]}}],"collection":[{"href":"https:\/\/taizyagromachine.com\/es\/wp-json\/wp\/v2\/product"}],"about":[{"href":"https:\/\/taizyagromachine.com\/es\/wp-json\/wp\/v2\/types\/product"}],"author":[{"embeddable":true,"href":"https:\/\/taizyagromachine.com\/es\/wp-json\/wp\/v2\/users\/1"}],"wp:featuredmedia":[{"embeddable":true,"href":"https:\/\/taizyagromachine.com\/es\/wp-json\/wp\/v2\/media\/2157"}],"wp:attachment":[{"href":"https:\/\/taizyagromachine.com\/es\/wp-json\/wp\/v2\/media?parent=2028"}],"wp:term":[{"taxonomy":"post_tag","embeddable":true,"href":"https:\/\/taizyagromachine.com\/es\/wp-json\/wp\/v2\/tags?post=2028"},{"taxonomy":"product-type","embeddable":true,"href":"https:\/\/taizyagromachine.com\/es\/wp-json\/wp\/v2\/product-type?post=2028"}],"curies":[{"name":"wp","href":"https:\/\/api.w.org\/{rel}","templated":true}]}}