{"id":2029,"date":"2022-02-14T05:56:23","date_gmt":"2022-02-14T05:56:23","guid":{"rendered":"https:\/\/taizyagromachine.com\/"},"modified":"2025-01-02T13:53:53","modified_gmt":"2025-01-02T05:53:53","slug":"paddy-dryer","status":"publish","type":"product","link":"https:\/\/taizyagromachine.com\/es\/product\/paddy-dryer\/","title":{"rendered":"Secador de arroz para cereales, ma\u00edz, arroz y trigo"},"content":{"rendered":"<p class=\"translation-block\">El <strong>secador de arroz<\/strong> es un equipo ideal que funciona principalmente para secar varios granos, como ma\u00edz, arroz, trigo, soja, etc. El secador de granos pertenece al secador de circulaci\u00f3n por lotes, de baja temperatura y ahorro de energ\u00eda. Tiene una estructura razonable, f\u00e1cil operaci\u00f3n y bajo ruido. <\/p>    <p>En t\u00e9rminos generales, los secadores de granos a la venta de Taizy Company tienen disponibles 5H-15 y 5H-32. Adem\u00e1s, el m\u00e9todo de calentamiento es opcional. El secador de torre es com\u00fan para uso comercial. <\/p>    <p>Por ejemplo, en la planta de molino de arroz, esta m\u00e1quina se utiliza como secadora de arroz para obtener arroz con c\u00e1scara satisfecho. Seg\u00fan la misma teor\u00eda, tambi\u00e9n se puede aplicar como secador de ma\u00edz. \u00a1Bienvenido, cont\u00e1ctenos para m\u00e1s detalles!<\/p>    <figure class=\"wp-block-embed is-type-video is-provider-youtube wp-block-embed-youtube wp-embed-aspect-16-9 wp-has-aspect-ratio\"><div class=\"wp-block-embed__wrapper\"> <iframe loading=\"lazy\" title=\"Secador de granos vertical industrial utilizado para arroz con c\u00e1scara, trigo, ma\u00edz, soja, sorgo, colza, etc.\" width=\"500\" height=\"281\" src=\"https:\/\/www.youtube.com\/embed\/7hceHg7rS_k?feature=oembed\" frameborder=\"0\" allow=\"accelerometer; autoplay; clipboard-write; encrypted-media; gyroscope; picture-in-picture; web-share\" referrerpolicy=\"strict-origin-when-cross-origin\" allowfullscreen><\/iframe> <\/div><figcaption class=\"wp-element-caption\">V\u00eddeo de funcionamiento del secador de arroz<\/figcaption><\/figure>    <h2 class=\"wp-block-heading\"><strong>Par\u00e1metros t\u00e9cnicos del secador de arroz a la venta<\/strong><\/h2>    <figure class=\"wp-block-table\"><table><tbody><tr><td>Modelo<\/td><td>5H-15<\/td><td>5H-32<\/td><\/tr><tr><td>Capacidad de secado<\/td><td>15-20t\u00b7%\/h<\/td><td>25-35t\u00b7%\/h<\/td><\/tr><tr><td>Hora de la comida<\/td><td>Aproximadamente 63 minutos<\/td><td>Aproximadamente 58 minutos<\/td><\/tr><tr><td>tiempo de descarga<\/td><td>Aproximadamente 69 minutos<\/td><td>Aproximadamente 64 minutos<\/td><\/tr><tr><td>Fuerza<\/td><td>6,5 kW (82\/3 CV)<\/td><td>12,65kW<\/td><\/tr><tr><td>Peso total<\/td><td>3200 kilos<\/td><td>7500 kilos<\/td><\/tr><\/tbody><\/table><figcaption class=\"wp-element-caption\">datos t\u00e9cnicos del secador de granos<\/figcaption><\/figure>    <figure class=\"wp-block-gallery aligncenter has-nested-images columns-default is-cropped wp-block-gallery-2 is-layout-flex wp-block-gallery-is-layout-flex\"> <figure class=\"wp-block-image size-large\"><img loading=\"lazy\" decoding=\"async\" width=\"640\" height=\"640\" data-id=\"6420\" src=\"https:\/\/taizyagromachine.com\/wp-content\/uploads\/2022\/02\/corn-dryer-for-sale.webp\" alt=\"Se vende secadora de ma\u00edz\" class=\"wp-image-6420\"\/><figcaption class=\"wp-element-caption\">Se vende secadora de ma\u00edz<\/figcaption><\/figure>    <figure class=\"wp-block-image size-large\"><img loading=\"lazy\" decoding=\"async\" width=\"640\" height=\"640\" data-id=\"6421\" src=\"https:\/\/taizyagromachine.com\/wp-content\/uploads\/2022\/02\/grain-dryer-for-sale.webp\" alt=\"Se vende secadora de granos\" class=\"wp-image-6421\"\/><figcaption class=\"wp-element-caption\">Se vende secadora de granos<\/figcaption><\/figure>    <figure class=\"wp-block-image size-large\"><img loading=\"lazy\" decoding=\"async\" width=\"640\" height=\"640\" data-id=\"6422\" src=\"https:\/\/taizyagromachine.com\/wp-content\/uploads\/2022\/02\/paddy-dryer-in-batches.webp\" alt=\"secador de arroz en lotes\" class=\"wp-image-6422\"\/><figcaption class=\"wp-element-caption\">secador de arroz en lotes<\/figcaption><\/figure> <\/figure>    <h2 class=\"wp-block-heading\" id=\"machine-details\"><strong>Dise\u00f1o de secador de arroz circular de baja temperatura<\/strong><\/h2>    <div class=\"wp-block-columns is-layout-flex wp-container-core-columns-is-layout-9d6595d7 wp-block-columns-is-layout-flex\"> <div class=\"wp-block-column is-layout-flow wp-block-column-is-layout-flow\"> <figure class=\"wp-block-image size-full\"><img loading=\"lazy\" decoding=\"async\" width=\"720\" height=\"540\" src=\"https:\/\/taizyagromachine.com\/wp-content\/uploads\/2022\/02\/PLC-tower-grain-dryer.jpg\" alt=\"Gabinete de control PLC\" class=\"wp-image-2042\" srcset=\"https:\/\/taizyagromachine.com\/wp-content\/uploads\/2022\/02\/PLC-tower-grain-dryer.jpg 720w, https:\/\/taizyagromachine.com\/wp-content\/uploads\/2022\/02\/PLC-tower-grain-dryer-300x225.jpg 300w\" sizes=\"auto, (max-width: 720px) 100vw, 720px\" \/><figcaption class=\"wp-element-caption\">Gabinete de control PLC<\/figcaption><\/figure> <\/div>    <div class=\"wp-block-column is-vertically-aligned-center is-layout-flow wp-block-column-is-layout-flow\"> <p class=\"has-text-align-center translation-block\"><strong>Gabinete de control PLC<\/strong><\/p>    <p>Siemens electric, funcionamiento con pantalla t\u00e1ctil, visualizaci\u00f3n precisa de fallos<\/p> <\/div> <\/div>    <div class=\"wp-block-columns is-layout-flex wp-container-core-columns-is-layout-9d6595d7 wp-block-columns-is-layout-flex\"> <div class=\"wp-block-column is-vertically-aligned-center is-layout-flow wp-block-column-is-layout-flow\"> <p class=\"has-text-align-center translation-block\"><strong>M\u00e9todos de calentamiento<\/strong><\/p>    <p>Hay varias fuentes de calor para su elecci\u00f3n: estufa de biomasa, estufa de diesel, gas natural, quemador el\u00e9ctrico. Elegir uno maximiza sus beneficios.&nbsp;&nbsp;<\/p> <\/div>    <div class=\"wp-block-column is-layout-flow wp-block-column-is-layout-flow\"> <figure class=\"wp-block-image size-full\"><img loading=\"lazy\" decoding=\"async\" width=\"720\" height=\"540\" src=\"https:\/\/taizyagromachine.com\/wp-content\/uploads\/2022\/02\/heating-method-grain-dryer.jpg\" alt=\"m\u00e9todos de calentamiento del secador de granos\" class=\"wp-image-2043\" srcset=\"https:\/\/taizyagromachine.com\/wp-content\/uploads\/2022\/02\/heating-method-grain-dryer.jpg 720w, https:\/\/taizyagromachine.com\/wp-content\/uploads\/2022\/02\/heating-method-grain-dryer-300x225.jpg 300w\" sizes=\"auto, (max-width: 720px) 100vw, 720px\" \/><figcaption class=\"wp-element-caption\">m\u00e9todos de calentamiento del secador de granos<\/figcaption><\/figure> <\/div> <\/div>    <div class=\"wp-block-columns is-layout-flex wp-container-core-columns-is-layout-9d6595d7 wp-block-columns-is-layout-flex\"> <div class=\"wp-block-column is-layout-flow wp-block-column-is-layout-flow\"> <figure class=\"wp-block-image size-full\"><img loading=\"lazy\" decoding=\"async\" width=\"720\" height=\"540\" src=\"https:\/\/taizyagromachine.com\/wp-content\/uploads\/2022\/02\/elevator-corn-dryer.jpg\" alt=\"elevador de secadora de ma\u00edz\" class=\"wp-image-2044\" srcset=\"https:\/\/taizyagromachine.com\/wp-content\/uploads\/2022\/02\/elevator-corn-dryer.jpg 720w, https:\/\/taizyagromachine.com\/wp-content\/uploads\/2022\/02\/elevator-corn-dryer-300x225.jpg 300w\" sizes=\"auto, (max-width: 720px) 100vw, 720px\" \/><figcaption class=\"wp-element-caption\">elevador de secadora de ma\u00edz<\/figcaption><\/figure> <\/div>    <div class=\"wp-block-column is-vertically-aligned-center is-layout-flow wp-block-column-is-layout-flow\"> <p class=\"has-text-align-center translation-block\"><strong>Elevador<\/strong><\/p>    <p>El cintur\u00f3n est\u00e1 hecho de lona de nailon puro, el cubo utiliza pl\u00e1stico de nailon virgen con buena tenacidad y sin fragilidad.<\/p> <\/div> <\/div>    <div class=\"wp-block-columns is-layout-flex wp-container-core-columns-is-layout-9d6595d7 wp-block-columns-is-layout-flex\"> <div class=\"wp-block-column is-vertically-aligned-center is-layout-flow wp-block-column-is-layout-flow\"> <p class=\"has-text-align-center translation-block\"><strong>C\u00e1lculo de dise\u00f1o de secador de arroz<\/strong><\/p>    <p>Ingesta en \u00e1ngulo, facilitando el secado de los granos. &nbsp;&nbsp;<\/p> <\/div>    <div class=\"wp-block-column is-layout-flow wp-block-column-is-layout-flow\"> <figure class=\"wp-block-image size-full\"><img loading=\"lazy\" decoding=\"async\" width=\"750\" height=\"416\" src=\"https:\/\/taizyagromachine.com\/wp-content\/uploads\/2022\/02\/circulation-drying-dryer.jpg\" alt=\"secado por circulaci\u00f3n del secador de granos\" class=\"wp-image-2045\" srcset=\"https:\/\/taizyagromachine.com\/wp-content\/uploads\/2022\/02\/circulation-drying-dryer.jpg 750w, https:\/\/taizyagromachine.com\/wp-content\/uploads\/2022\/02\/circulation-drying-dryer-300x166.jpg 300w\" sizes=\"auto, (max-width: 750px) 100vw, 750px\" \/><figcaption class=\"wp-element-caption\">secado por circulaci\u00f3n del secador de granos<\/figcaption><\/figure> <\/div> <\/div>    <p><\/p>    <h2 class=\"wp-block-heading\" id=\"advantages-of-rice-dryer-for-sale\"><strong>Ventajas del secador de arroz a la venta<\/strong><\/h2>    <ul class=\"wp-block-list\"> <li><strong>Uso conveniente<\/strong>. Porque este secador de arroz no necesita reemplazar ninguna pieza, adapt\u00e1ndose directamente a ma\u00edz seco, arroz, trigo, colza, soja, etc.<\/li>    <li><strong>Tecnolog\u00eda avanzada de secado de granos.<\/strong>. Esta tecnolog\u00eda calienta los granos de manera uniforme, tiene una tasa de deshidrataci\u00f3n r\u00e1pida y un bajo costo de secado.<\/li>    <li><strong>Material de acero inoxidable<\/strong>. Las partes clave del interior del secador de granos est\u00e1n fabricadas con materiales de acero inoxidable, lo que extiende de manera efectiva la vida \u00fatil del equipo.<\/li>    <li>El secador de ma\u00edz tiene su <strong>propio sistema de distribuci\u00f3n de aire de refrigeraci\u00f3n<\/strong>, que puede garantizar eficazmente la calidad del grano seco y facilitar la conservaci\u00f3n del grano.<\/li>    <li>Operaci\u00f3n f\u00e1cil, alta eficiencia de secado, libre de contaminaci\u00f3n.<\/li>    <li><strong>M\u00e9todos de calentamiento opcionales<\/strong>. Se encuentran disponibles estufa de biomasa, estufa de gasoil, gas natural y hornilla el\u00e9ctrica.<\/li> <\/ul>    <h2 class=\"wp-block-heading\" id=\"wide-applications-of-vertical-grain-dryer\"><strong>Amplias aplicaciones del secador de granos vertical<\/strong><\/h2>    <p class=\"translation-block\">Este secador de granos vertical tiene una amplia gama de aplicaciones. Puede secar granos, como <strong>arroz, trigo, ma\u00edz, soja, sorgo, mijo, colza, semillas de girasol<\/strong>, etc. en tipo lote. <\/p>   <div class=\"wp-block-image\"> <figure class=\"aligncenter size-full\"><img loading=\"lazy\" decoding=\"async\" width=\"720\" height=\"540\" src=\"https:\/\/taizyagromachine.com\/wp-content\/uploads\/2022\/02\/applications-tower-grain-dryer.jpg\" alt=\"aplicaci\u00f3n del secador de arroz\" class=\"wp-image-2046\" srcset=\"https:\/\/taizyagromachine.com\/wp-content\/uploads\/2022\/02\/applications-tower-grain-dryer.jpg 720w, https:\/\/taizyagromachine.com\/wp-content\/uploads\/2022\/02\/applications-tower-grain-dryer-300x225.jpg 300w\" sizes=\"auto, (max-width: 720px) 100vw, 720px\" \/><figcaption class=\"wp-element-caption\">aplicaci\u00f3n del secador de arroz<\/figcaption><\/figure> <\/div>   <h2 class=\"wp-block-heading\" id=\"how-does-a-paddy-dryer-work\"><strong>\u00bfC\u00f3mo funciona una secadora de arroz crudo?<\/strong><\/h2>   <div id=\"rank-math-howto\" class=\"rank-math-block\" > <div class=\"rank-math-howto-description\">  <\/div>  <div class=\"rank-math-steps\"> <div id=\"howto-step-1704706129384\" class=\"rank-math-step\"> <h3 class=\"rank-math-step-title\"><strong>Etapa de alimentaci\u00f3n<\/strong><\/h3> <div class=\"rank-math-step-content\"><p>Antes de comenzar el proceso de secado del arroz, el arroz h\u00famedo cosechado primero se alimenta desde el \u00e1rea de preparaci\u00f3n a la entrada del secador de arroz a trav\u00e9s del equipo de elevaci\u00f3n (por ejemplo, elevador de cangilones o cinta transportadora) para completar la carga inicial del grano.<\/p> <\/div> <\/div> <div id=\"howto-step-1704706148500\" class=\"rank-math-step\"> <h3 class=\"rank-math-step-title\"><strong>Preparaci\u00f3n de precalentamiento<\/strong><\/h3> <div class=\"rank-math-step-content\"><p>Antes de que la secadora est\u00e9 completamente llena de arroz, el operador debe encender el quemador dentro de la secadora. Dependiendo del tipo de equipo, se puede utilizar petr\u00f3leo, gas, biomasa u otras formas de energ\u00eda para garantizar que el quemador arda de manera constante y genere suficiente calor para proporcionar una fuente de calor para la operaci\u00f3n de secado.<\/p> <\/div> <\/div> <div id=\"howto-step-1704706186044\" class=\"rank-math-step\"> <h3 class=\"rank-math-step-title\"><strong>Proceso de secado circular<\/strong><\/h3> <div class=\"rank-math-step-content\"><p>Cuando el horno de combusti\u00f3n alcanza una temperatura predeterminada y comienza a suministrar calor de manera constante, se pone en marcha el sistema de circulaci\u00f3n de la secadora. <br \/>Depende principalmente del calor generado en la c\u00e1mara del horno para intercambiar calor con el arroz. El aire caliente circula dentro de la secadora y calienta el arroz de manera uniforme a trav\u00e9s de las placas de secado multicapa o canales de secado especialmente dise\u00f1ados para eliminar la humedad.<\/p> <\/div> <\/div> <div id=\"howto-step-1704706222538\" class=\"rank-math-step\"> <h3 class=\"rank-math-step-title\"><strong>Fin del secado y descarga.<\/strong><\/h3> <div class=\"rank-math-step-content\"><p>La operaci\u00f3n de secado finaliza cuando la humedad del arroz se reduce a un nivel adecuado para el almacenamiento. Apague el horno de combusti\u00f3n, ajuste el dispositivo de descarga de la secadora, controle que el arroz se descargue ordenadamente desde el fondo de la secadora o desde la salida espec\u00edfica seg\u00fan la velocidad establecida. <br \/>Despu\u00e9s del secado, el arroz se enfr\u00eda y est\u00e1 listo para el siguiente paso de almacenamiento o procesamiento.<\/p> <\/div> <\/div> <\/div> <\/div>       <figure class=\"wp-block-gallery aligncenter has-nested-images columns-default is-cropped wp-block-gallery-3 is-layout-flex wp-block-gallery-is-layout-flex\"> <figure class=\"wp-block-image size-large\"><img loading=\"lazy\" decoding=\"async\" width=\"640\" height=\"640\" data-id=\"6424\" src=\"https:\/\/taizyagromachine.com\/wp-content\/uploads\/2022\/02\/paddy-dryer-machine-for-corn.webp\" alt=\"M\u00e1quina secadora de arroz para ma\u00edz.\" class=\"wp-image-6424\"\/><figcaption class=\"wp-element-caption\">M\u00e1quina secadora de arroz para ma\u00edz.<\/figcaption><\/figure>    <figure class=\"wp-block-image size-large\"><img loading=\"lazy\" decoding=\"async\" width=\"640\" height=\"640\" data-id=\"6425\" src=\"https:\/\/taizyagromachine.com\/wp-content\/uploads\/2022\/02\/rice-dryer-on-site.webp\" alt=\"secador de arroz en el sitio\" class=\"wp-image-6425\"\/><figcaption class=\"wp-element-caption\">secador de arroz en el sitio<\/figcaption><\/figure> <\/figure>    <h2 class=\"wp-block-heading\" id=\"four-questions-we-should-confirm\"><strong>Preguntas frecuentes al comprar un secador de arroz con c\u00e1scara<\/strong><\/h2>   <div id=\"rank-math-faq\" class=\"rank-math-block\"> <div class=\"rank-math-list\"> <div id=\"faq-question-1704705433446\" class=\"rank-math-list-item\"> <h3 class=\"rank-math-question\"><strong>\u00bfQu\u00e9 tipo de granos quieres secar? \u00bfArroz, ma\u00edz, sorgo, trigo u otros cereales?<\/strong><\/h3> <div class=\"rank-math-answer\">  <p>Nuestro secador de granos puede secar todo lo anterior.<\/p>  <\/div> <\/div> <div id=\"faq-question-1704705476297\" class=\"rank-math-list-item\"> <h3 class=\"rank-math-question\"><strong>\u00bfCu\u00e1ntas toneladas quieres secar por lote o d\u00eda?<\/strong><\/h3> <div class=\"rank-math-answer\">  <p>Nuestra m\u00e1quina secadora de granos funciona en lotes, generalmente de 15 toneladas\/lote o 32 toneladas\/lote. Si necesita mayor capacidad tambi\u00e9n podemos equiparla para usted.<\/p>  <\/div> <\/div> <div id=\"faq-question-1704705577780\" class=\"rank-math-list-item\"> <h3 class=\"rank-math-question\"><strong>\u00bfCu\u00e1l es la humedad antes del secado? \u00bfQu\u00e9 humedad quieres conseguir despu\u00e9s del secado?<\/strong><\/h3> <div class=\"rank-math-answer\">  <p>Generalmente, antes del secado, la humedad es 40%; despu\u00e9s del secado, querr\u00e1s que sea 20%.<\/p>  <\/div> <\/div> <div id=\"faq-question-1704705597446\" class=\"rank-math-list-item\"> <h3 class=\"rank-math-question\"><strong>Para el horno de combusti\u00f3n, se puede elegir carb\u00f3n, di\u00e9sel y biomasa como combustible. \u00bfCu\u00e1l prefieres?\u00a0<\/strong><\/h3> <div class=\"rank-math-answer\">  <p>Nuestro secador de ma\u00edz puede utilizar todo esto.<\/p>  <\/div> <\/div> <\/div> <\/div>   <p>Las cuatro preguntas anteriores son informaci\u00f3n b\u00e1sica que nos ayudar\u00e1 a comprender mejor sus requisitos. Podemos recomendarle un secador de arroz comercial adecuado para su negocio. \u00a1Ponte en contacto con nosotros y nos comunicaremos contigo lo antes posible!<\/p>    <figure class=\"wp-block-gallery aligncenter has-nested-images columns-default is-cropped wp-block-gallery-4 is-layout-flex wp-block-gallery-is-layout-flex\"> <figure class=\"wp-block-image size-large\"><img loading=\"lazy\" decoding=\"async\" width=\"3000\" height=\"4000\" data-id=\"6427\" src=\"https:\/\/taizyagromachine.com\/wp-content\/uploads\/2022\/02\/grain-drying-machine-in-stock.webp\" alt=\"secadora de granos en stock\" class=\"wp-image-6427\"\/><figcaption class=\"wp-element-caption\">secadora de granos en stock<\/figcaption><\/figure>    <figure class=\"wp-block-image size-large\"><img loading=\"lazy\" decoding=\"async\" width=\"3000\" height=\"4000\" data-id=\"6428\" src=\"https:\/\/taizyagromachine.com\/wp-content\/uploads\/2022\/02\/paddy-grain-dryer.webp\" alt=\"secador de granos de arroz\" class=\"wp-image-6428\"\/><figcaption class=\"wp-element-caption\">secador de granos de arroz<\/figcaption><\/figure>    <figure class=\"wp-block-image size-large\"><img loading=\"lazy\" decoding=\"async\" width=\"3000\" height=\"4000\" data-id=\"6429\" src=\"https:\/\/taizyagromachine.com\/wp-content\/uploads\/2022\/02\/paddy-rice-dryer-factory.webp\" alt=\"f\u00e1brica de secadores de arroz con c\u00e1scara\" class=\"wp-image-6429\"\/><figcaption class=\"wp-element-caption\">f\u00e1brica de secadores de arroz con c\u00e1scara<\/figcaption><\/figure> <\/figure>    <h2 class=\"wp-block-heading\"><strong>\u00a1Cont\u00e1ctenos para conocer el precio del secador de granos!<\/strong><\/h2>    <p class=\"translation-block\">\u00a1Venga y cont\u00e1ctenos para el secador de <a href=\"https:\/\/en.wikipedia.org\/wiki\/Maize\" target=\"_blank\" rel=\"noopener\">ma\u00edz<\/a>, arroz, trigo y soja! Nuestra m\u00e1quina secadora de ma\u00edz puede ayudarle a secar sus granos de forma r\u00e1pida y en lotes. \u00a1Y nuestra m\u00e1quina tiene un precio competitivo que le atraer\u00e1! <\/p>","protected":false},"excerpt":{"rendered":"<p>Paddy dryer&nbsp;is ideal equipment that mainly functions to dry various grains, such as corn, rice, wheat, soybean, etc. The grain dryer belongs to batch circulation dryer, low temperature, and energy saving. It has a reasonable structure, easy operation, and low noise. Generally speaking, grain dryers for sale from Taizy Company have 5H-15 and 5H-32 available. [&hellip;]<\/p>\n","protected":false},"author":1,"featured_media":2158,"parent":0,"template":"","tags":[223],"product-type":[30],"class_list":["post-2029","product","type-product","status-publish","has-post-thumbnail","hentry","tag-grain-drying","product-type-grain-dryer"],"_links":{"self":[{"href":"https:\/\/taizyagromachine.com\/es\/wp-json\/wp\/v2\/product\/2029","targetHints":{"allow":["GET"]}}],"collection":[{"href":"https:\/\/taizyagromachine.com\/es\/wp-json\/wp\/v2\/product"}],"about":[{"href":"https:\/\/taizyagromachine.com\/es\/wp-json\/wp\/v2\/types\/product"}],"author":[{"embeddable":true,"href":"https:\/\/taizyagromachine.com\/es\/wp-json\/wp\/v2\/users\/1"}],"wp:featuredmedia":[{"embeddable":true,"href":"https:\/\/taizyagromachine.com\/es\/wp-json\/wp\/v2\/media\/2158"}],"wp:attachment":[{"href":"https:\/\/taizyagromachine.com\/es\/wp-json\/wp\/v2\/media?parent=2029"}],"wp:term":[{"taxonomy":"post_tag","embeddable":true,"href":"https:\/\/taizyagromachine.com\/es\/wp-json\/wp\/v2\/tags?post=2029"},{"taxonomy":"product-type","embeddable":true,"href":"https:\/\/taizyagromachine.com\/es\/wp-json\/wp\/v2\/product-type?post=2029"}],"curies":[{"name":"wp","href":"https:\/\/api.w.org\/{rel}","templated":true}]}}