{"id":2030,"date":"2022-02-14T03:22:31","date_gmt":"2022-02-14T03:22:31","guid":{"rendered":"https:\/\/taizyagromachine.com\/"},"modified":"2025-12-18T15:04:00","modified_gmt":"2025-12-18T07:04:00","slug":"single-row-corn-harvester","status":"publish","type":"product","link":"https:\/\/taizyagromachine.com\/es\/product\/single-row-corn-harvester\/","title":{"rendered":"Cosechadora de ma\u00edz de una hilera"},"content":{"rendered":"<p class=\"translation-block\"><strong>Recaudora de ma\u00edz de una fila<\/strong> es equipo de siega de ma\u00edz autopropulsado, utilizado principalmente en los peque\u00f1os campos de ma\u00edz en peque\u00f1os bloques de tierra, zonas monta\u00f1osas, terrenos ondulados. Es una peque\u00f1a cosechadora de ma\u00edz, alimentada por motor di\u00e9sel o de gasolina. Adem\u00e1s, la cosechadora de una fila tiene funciones de recogida de ma\u00edz y trituraci\u00f3n de tallos. Los tallos triturados vuelven al campo. <\/p>    <p class=\"translation-block\">Adem\u00e1s, la altura de la paja de las plantas de ma\u00edz es ajustable seg\u00fan sus requisitos. Adem\u00e1s, la parte de cosecha de esta m\u00e1quina est\u00e1 dise\u00f1ada de forma independiente, y puede retirarse. Y la parte restante puede usarse como m\u00e1quina de microcultivo. Despu\u00e9s de la cosecha de ma\u00edz, puede usar <a href=\"https:\/\/taizyagromachine.com\/es\/corn-machine\/maize-thresher\/\" target=\"_blank\" rel=\"noreferrer noopener\">trilladora de ma\u00edz<\/a> para obtener granos de ma\u00edz. \u00bfTiene inter\u00e9s en esta cosechadora de ma\u00edz? \u00a1P\u00f3ngase en contacto con nosotros lo antes posible!<\/p>    <h2 class=\"wp-block-heading\" id=\"structure-of-one-row-maize-harvester-for-sale\"><strong>Estructura de una cosechadora de ma\u00edz de una hilera para la venta<\/strong><\/h2>    <p>Para ser honesto, esta m\u00e1quina cosechadora de ma\u00edz de una hilera tiene una estructura simple y compacta. Dispone de reposabrazos para controlar la m\u00e1quina. Adem\u00e1s, por su estructura, podemos saber que es f\u00e1cil de operar y muy amigable para los usuarios.<\/p>   <div class=\"wp-block-image\"> <figure class=\"aligncenter size-full\"><img loading=\"lazy\" decoding=\"async\" width=\"720\" height=\"540\" src=\"https:\/\/taizyagromachine.com\/wp-content\/uploads\/2022\/02\/structure-1-row-corn-harvester.jpg\" alt=\"Cosechadora de ma\u00edz de estructura de una hilera\" class=\"wp-image-2037\" srcset=\"https:\/\/taizyagromachine.com\/wp-content\/uploads\/2022\/02\/structure-1-row-corn-harvester.jpg 720w, https:\/\/taizyagromachine.com\/wp-content\/uploads\/2022\/02\/structure-1-row-corn-harvester-300x225.jpg 300w\" sizes=\"auto, (max-width: 720px) 100vw, 720px\" \/><figcaption class=\"wp-element-caption\">estructura<\/figcaption><\/figure> <\/div>   <h2 class=\"wp-block-heading\" id=\"features-of-corn-reaper\"><strong>Caracter\u00edsticas de la cosechadora de ma\u00edz de una hilera a la venta<\/strong><\/h2>    <ul class=\"wp-block-list\"> <li>M\u00faltiples funciones. Este recolector de ma\u00edz de 1 hilera puede completar la recolecci\u00f3n de ma\u00edz y triturar los tallos para regresar a los campos al mismo tiempo.<\/li>    <li>Fuerte adaptabilidad. La cosechadora de ma\u00edz de una sola hilera puede realizar trabajos en distritos monta\u00f1osos y monta\u00f1osos y en campos peque\u00f1os.<\/li>    <li>Alta eficiencia. Un operador experto puede alcanzar entre 0,03 y 0,06 hect\u00e1reas por hora.<\/li>    <li>Operaci\u00f3n f\u00e1cil. La gente no necesita experiencia y se capacita demasiado.<\/li>    <li>Operaci\u00f3n flexible, peque\u00f1a m\u00e1quina cosechadora de ma\u00edz, estructura simple.<\/li>    <li>Bajo consumo de aceite, rentable y, por tanto, de bajo coste.<\/li> <\/ul>    <h2 class=\"wp-block-heading\" id=\"working-principles-of-single-row-corn-picker\"><strong>Principios de funcionamiento del recolector de ma\u00edz de una hilera<\/strong><\/h2>    <p>Esta cosechadora de ma\u00edz autopropulsada est\u00e1 equipada con el motor correspondiente, suministrando energ\u00eda a trav\u00e9s de la caja de cambios. Los neum\u00e1ticos para caminar funcionan con energ\u00eda suministrada a trav\u00e9s de una caja de cambios. En otra caja de cambios acciona dos ruedas cosechadoras y un juego de cuchillas trituradoras. Cuando avance la segadora de ma\u00edz de 1 hilera, tire del tallo de ma\u00edz hacia la entrada de cosecha. Y luego la rueda cosechadora tira el tallo de ma\u00edz hacia abajo. Pero durante el descenso, debido al gran tama\u00f1o de los granos, el ma\u00edz puede ser arrastrado al granero de la cosechadora. Los tallos de ma\u00edz ser\u00e1n triturados por el juego de cuchillas trituradoras.<\/p>    <h2 class=\"wp-block-heading\" id=\"successful-cases-of-single-row-corn-harvesting-machine\"><strong>Casos exitosos de m\u00e1quina cosechadora de ma\u00edz de una hilera<\/strong><\/h2>    <p>Este a\u00f1o, nuestro gerente de ventas Winne recibi\u00f3 una consulta sobre una cosechadora de ma\u00edz de 1 hilera desde Nigeria. La compr\u00f3 para sus granjas de ma\u00edz. Pero sus granjas estaban ubicadas en regiones monta\u00f1osas. Por lo tanto, Winne le recomend\u00f3 este tipo de cosechadora de ma\u00edz autopropulsada. Por supuesto, consult\u00f3 a otros fabricantes y proveedores. En comparaci\u00f3n con estas empresas, encontr\u00f3 que somos una empresa profesional y confiable. As\u00ed que, orden\u00f3 30 unidades de cosechadoras de ma\u00edz de 1 hilera de nuestra empresa Taizy. Despu\u00e9s de recibir las m\u00e1quinas, nos envi\u00f3 buenos comentarios y esperaba que pudi\u00e9ramos colaborar nuevamente.<\/p>    <figure class=\"wp-block-gallery has-nested-images columns-default is-cropped wp-block-gallery-2 is-layout-flex wp-block-gallery-is-layout-flex\"> <figure class=\"wp-block-image size-full\"><img loading=\"lazy\" decoding=\"async\" width=\"720\" height=\"540\" data-id=\"2040\" src=\"https:\/\/taizyagromachine.com\/wp-content\/uploads\/2022\/02\/pack-in-the-woooden-case-1-row-corn-harvester.jpg\" alt=\"empacar en la caja de madera\" class=\"wp-image-2040\" srcset=\"https:\/\/taizyagromachine.com\/wp-content\/uploads\/2022\/02\/pack-in-the-woooden-case-1-row-corn-harvester.jpg 720w, https:\/\/taizyagromachine.com\/wp-content\/uploads\/2022\/02\/pack-in-the-woooden-case-1-row-corn-harvester-300x225.jpg 300w\" sizes=\"auto, (max-width: 720px) 100vw, 720px\" \/><figcaption class=\"wp-element-caption\">empacar en la caja de madera<\/figcaption><\/figure>    <figure class=\"wp-block-image size-full\"><img loading=\"lazy\" decoding=\"async\" width=\"720\" height=\"540\" data-id=\"2039\" src=\"https:\/\/taizyagromachine.com\/wp-content\/uploads\/2022\/02\/load-into-the-container-1-rowcorn-harvester.jpg\" alt=\"cargar en el contenedor\" class=\"wp-image-2039\" srcset=\"https:\/\/taizyagromachine.com\/wp-content\/uploads\/2022\/02\/load-into-the-container-1-rowcorn-harvester.jpg 720w, https:\/\/taizyagromachine.com\/wp-content\/uploads\/2022\/02\/load-into-the-container-1-rowcorn-harvester-300x225.jpg 300w\" sizes=\"auto, (max-width: 720px) 100vw, 720px\" \/><figcaption class=\"wp-element-caption\">cargar en el contenedor<\/figcaption><\/figure> <\/figure>    <h2 class=\"wp-block-heading\" id=\"faq\"><strong>Preguntas frecuentes sobre la cosechadora de ma\u00edz de una hilera<\/strong><\/h2>   <div id=\"rank-math-faq\" class=\"rank-math-block\"> <div class=\"rank-math-list\"> <div id=\"faq-question-1663830814557\" class=\"rank-math-list-item\"> <h3 class=\"rank-math-question\"><strong>P: \u00bfPuede esta cosechadora pelar la piel del ma\u00edz?<\/strong><\/h3> <div class=\"rank-math-answer\">  <p>R: No, no puede.<\/p>  <\/div> <\/div> <div id=\"faq-question-1663830821594\" class=\"rank-math-list-item\"> <h3 class=\"rank-math-question\"><strong>P: \u00bfD\u00f3nde est\u00e1n los tallos de ma\u00edz despu\u00e9s de la cosecha?<\/strong><\/h3> <div class=\"rank-math-answer\">  <p>R: Los tallos de ma\u00edz regresan a los campos despu\u00e9s de triturarlos a trav\u00e9s de las 10 cuchillas en la parte inferior de la m\u00e1quina.<\/p>  <\/div> <\/div> <div id=\"faq-question-1663830840907\" class=\"rank-math-list-item\"> <h3 class=\"rank-math-question\"><strong>P: \u00bfQu\u00e9 tal la altura del rastrojo?<\/strong><\/h3> <div class=\"rank-math-answer\">  <p>R: Es ajustable, pero la altura m\u00ednima es de 10 cm.<\/p>  <\/div> <\/div> <div id=\"faq-question-1663830861138\" class=\"rank-math-list-item\"> <h3 class=\"rank-math-question\"><strong>P: \u00bfLa hoja se da\u00f1a f\u00e1cilmente? \u00bfCu\u00e1nto tiempo puedo usarlo?<\/strong><\/h3> <div class=\"rank-math-answer\">  <p>R: S\u00ed, las hojas se rompen f\u00e1cilmente, especialmente al chocar con piedras grandes u otros obst\u00e1culos muy duros. Normalmente tiene una vida \u00fatil de un a\u00f1o. Le enviamos 1 unidad adicional (10 unidades) gratis con la cosechadora de ma\u00edz en el momento de la entrega.<\/p>  <\/div> <\/div> <div id=\"faq-question-1663830876948\" class=\"rank-math-list-item\"> <h3 class=\"rank-math-question\"><strong>P:\u00a0\u00bfQu\u00e9 potencia utiliza esta cosechadora de ma\u00edz?<\/strong><\/h3> <div class=\"rank-math-answer\">  <p>R: Motor de gasolina 188F o motor di\u00e9sel con refrigeraci\u00f3n por aire 188F.<\/p>  <\/div> <\/div> <div id=\"faq-question-1663830896543\" class=\"rank-math-list-item\"> <h3 class=\"rank-math-question\"><strong>P: \u00bfHabr\u00e1 algo de ma\u00edz que no se podr\u00e1 cosechar?<\/strong><\/h3> <div class=\"rank-math-answer\">  <p>R: Con experiencia pr\u00e1ctica, la tasa de cosecha de ma\u00edz es superior a 98%.<\/p>  <\/div> <\/div> <div id=\"faq-question-1663830913428\" class=\"rank-math-list-item\"> <h3 class=\"rank-math-question\">P: \u00bfCu\u00e1ntos granos se pueden recoger en el granero al costado de la m\u00e1quina?<\/h3> <div class=\"rank-math-answer\">  <p>R: Depende del tama\u00f1o del ma\u00edz, generalmente se pueden recolectar entre 30 y 50 unidades.<\/p>  <\/div> <\/div> <\/div> <\/div>   <h2 class=\"wp-block-heading\"><strong>Video de la m\u00e1quina cosechadora de ma\u00edz de una hilera<\/strong><\/h2>    <figure class=\"wp-block-embed is-type-video is-provider-youtube wp-block-embed-youtube wp-embed-aspect-16-9 wp-has-aspect-ratio\"><div class=\"wp-block-embed__wrapper\"> <iframe loading=\"lazy\" title=\"M\u00e1quina cosechadora de ma\u00edz de una hilera empujada a mano | Recolector de ma\u00edz de 1 hilera al por mayor a la venta #corn\" width=\"500\" height=\"281\" src=\"https:\/\/www.youtube.com\/embed\/oWVc9HTAemk?feature=oembed\" frameborder=\"0\" allow=\"accelerometer; autoplay; clipboard-write; encrypted-media; gyroscope; picture-in-picture; web-share\" referrerpolicy=\"strict-origin-when-cross-origin\" allowfullscreen><\/iframe> <\/div><\/figure>","protected":false},"excerpt":{"rendered":"<p>Single row corn harvester&nbsp;is self-propelled maize reaping equipment, mostly used in the small cornfields in small land blocks, mountainous regions, hilly grounds. It\u2019s small maize harvester, powered by diesel engine or gasoline engine. Besides, the one-row corn picker has functions of corn picking and stalks crushing. The crushed stalks get back to the field. Also, [&hellip;]<\/p>\n","protected":false},"author":1,"featured_media":2143,"parent":0,"template":"","tags":[],"product-type":[17],"class_list":["post-2030","product","type-product","status-publish","has-post-thumbnail","hentry","product-type-corn-machine"],"_links":{"self":[{"href":"https:\/\/taizyagromachine.com\/es\/wp-json\/wp\/v2\/product\/2030","targetHints":{"allow":["GET"]}}],"collection":[{"href":"https:\/\/taizyagromachine.com\/es\/wp-json\/wp\/v2\/product"}],"about":[{"href":"https:\/\/taizyagromachine.com\/es\/wp-json\/wp\/v2\/types\/product"}],"author":[{"embeddable":true,"href":"https:\/\/taizyagromachine.com\/es\/wp-json\/wp\/v2\/users\/1"}],"wp:featuredmedia":[{"embeddable":true,"href":"https:\/\/taizyagromachine.com\/es\/wp-json\/wp\/v2\/media\/2143"}],"wp:attachment":[{"href":"https:\/\/taizyagromachine.com\/es\/wp-json\/wp\/v2\/media?parent=2030"}],"wp:term":[{"taxonomy":"post_tag","embeddable":true,"href":"https:\/\/taizyagromachine.com\/es\/wp-json\/wp\/v2\/tags?post=2030"},{"taxonomy":"product-type","embeddable":true,"href":"https:\/\/taizyagromachine.com\/es\/wp-json\/wp\/v2\/product-type?post=2030"}],"curies":[{"name":"wp","href":"https:\/\/api.w.org\/{rel}","templated":true}]}}