{"id":2057,"date":"2022-02-14T08:10:31","date_gmt":"2022-02-14T08:10:31","guid":{"rendered":"https:\/\/taizyagromachine.com\/"},"modified":"2025-01-02T13:53:35","modified_gmt":"2025-01-02T05:53:35","slug":"multifunctional-thresher","status":"publish","type":"product","link":"https:\/\/taizyagromachine.com\/es\/product\/multifunctional-thresher\/","title":{"rendered":"Trilladora multifuncional"},"content":{"rendered":"<p>La trilladora multifuncional es un equipo mejorado basado en la trilladora de ma\u00edz, adecuada para ma\u00edz, sorgo, soja y mijo. Puede colocarse con el motor di\u00e9sel, el motor de gasolina o el motor el\u00e9ctrico como dispositivo de potencia. Adem\u00e1s, deber\u00e1s elegir las diferentes pantallas para los cultivos correspondientes. Nuestras trilladoras multifuncionales son muy conocidas en el extranjero y apreciadas por personas en Indonesia, Zimbabwe, Benin, Nigeria, Botswana y muchos otros pa\u00edses.<\/p>    <h2 class=\"wp-block-heading\" id=\"why-call-it-multipurpose-thresher\"><strong>\u00bfPor qu\u00e9 llamarlo? <a href=\"https:\/\/cornmachines.com\/multifunctional-thresher-machine\/\" target=\"_blank\" rel=\"noreferrer noopener\">Trilladora multiusos<\/a>?<\/strong>&nbsp;<\/h2>    <p>Las razones son las siguientes:<\/p>    <ol class=\"wp-block-list\" type=\"1\"> <li><strong>Aplicaciones m\u00e1s amplias<\/strong>. En comparaci\u00f3n con la trilladora de ma\u00edz, la trilladora de ma\u00edz multifuncional tambi\u00e9n puede desgranar sorgo, soja y mijo.<\/li>    <li><strong>M\u00e1s funciones<\/strong>. Esta trilladora de sorgo multifunci\u00f3n puede pelar y trillar al mismo tiempo.<\/li> <\/ol>    <h2 class=\"wp-block-heading\" id=\"h-hot-sell-multi-corn-threshing-machine-for-sale\"><strong>Venta caliente Multi m\u00e1quina trilladora de ma\u00edz para la venta<\/strong><\/h2>    <p class=\"translation-block\">Como <a href=\"https:\/\/taizyagromachine.com\/es\/\" target=\"_blank\" rel=\"noreferrer noopener\">una empresa especializada en maquinaria agr\u00edcola<\/a>, tenemos una amplia gama de marcas de m\u00e1quinas. En lo que respecta al trillo multifuncional, tenemos dos modelos, el MT-860 y el MT-1200, que son rentables, f\u00e1ciles de operar y tienen una amplia gama de funciones. La m\u00e1quina de trilla de cultivos m\u00faltiples es m\u00e1s potente que el trillo de ma\u00edz. Como resultado, esta m\u00e1quina tambi\u00e9n es m\u00e1s popular en el mercado de maquinaria agr\u00edcola.<\/p>    <figure class=\"wp-block-gallery aligncenter has-nested-images columns-default is-cropped wp-block-gallery-2 is-layout-flex wp-block-gallery-is-layout-flex\"> <figure class=\"wp-block-image size-large\"><img loading=\"lazy\" decoding=\"async\" width=\"720\" height=\"540\" data-id=\"2489\" src=\"https:\/\/taizyagromachine.com\/wp-content\/uploads\/2022\/04\/multi-crop-thresher-machine.jpg\" alt=\"trilladora multicultivo\" class=\"wp-image-2489\" srcset=\"https:\/\/taizyagromachine.com\/wp-content\/uploads\/2022\/04\/multi-crop-thresher-machine.jpg 720w, https:\/\/taizyagromachine.com\/wp-content\/uploads\/2022\/04\/multi-crop-thresher-machine-300x225.jpg 300w\" sizes=\"auto, (max-width: 720px) 100vw, 720px\" \/><figcaption class=\"wp-element-caption\">trilladora multicultivo<\/figcaption><\/figure>    <figure class=\"wp-block-image size-full\"><img loading=\"lazy\" decoding=\"async\" width=\"720\" height=\"540\" data-id=\"2615\" src=\"https:\/\/taizyagromachine.com\/wp-content\/uploads\/2022\/05\/multifunctional-corn-thresher-machine.jpg\" alt=\"trilladora-de-maiz-multifuncional\" class=\"wp-image-2615\"\/><figcaption class=\"wp-element-caption\">trilladora de ma\u00edz multifuncional<\/figcaption><\/figure> <\/figure>    <h2 class=\"wp-block-heading\" id=\"structure-of-multi-purpose-maize-sheller\"><strong>Estructura de la desgranadora de ma\u00edz multiprop\u00f3sito<\/strong><strong><\/strong><\/h2>    <p>Atendiendo a la tendencia del mercado, la trilladora multifuncional tiene un dise\u00f1o simple. Esta m\u00e1quina trilladora se compone de entrada, salida de granos de ma\u00edz, salida de impurezas y ventilador de tiro. Una cosa a tener en cuenta es el ventilador de tiro simple y el ventilador de tiro doble para esta trilladora de granos peque\u00f1a. Para la m\u00e1quina con ventiladores de doble tiro, las semillas del cultivo est\u00e1n mucho m\u00e1s limpias. &nbsp;<\/p>   <div class=\"wp-block-image\"> <figure class=\"aligncenter size-full\"><img loading=\"lazy\" decoding=\"async\" width=\"720\" height=\"350\" src=\"https:\/\/taizyagromachine.com\/wp-content\/uploads\/2022\/02\/structure-multi-thresher-MT860.jpg\" alt=\"estructura-multi-trilla-MT860\" class=\"wp-image-2059\" srcset=\"https:\/\/taizyagromachine.com\/wp-content\/uploads\/2022\/02\/structure-multi-thresher-MT860.jpg 720w, https:\/\/taizyagromachine.com\/wp-content\/uploads\/2022\/02\/structure-multi-thresher-MT860-300x146.jpg 300w\" sizes=\"auto, (max-width: 720px) 100vw, 720px\" \/><figcaption class=\"wp-element-caption\">estructura<\/figcaption><\/figure> <\/div>   <h2 class=\"wp-block-heading\" id=\"h-technical-parameters\"><strong>Par\u00e1metros t\u00e9cnicos de la trilladora multifuncional<\/strong><\/h2>    <p>Como se puede ver en la tabla de par\u00e1metros, la trilladora multifuncional MT-860 tiene una capacidad de 1,5-2 toneladas por hora, mientras que la capacidad de la MT-1200 var\u00eda seg\u00fan el cultivo. Adem\u00e1s, los primeros pueden funcionar con un motor di\u00e9sel, el\u00e9ctrico o de gasolina, mientras que los segundos suelen estar equipados con un motor di\u00e9sel. Sin embargo, el espectro de aplicaciones es el mismo para ambos: se trilla sorgo, soja, ma\u00edz y mijo.<\/p>    <figure class=\"wp-block-table\"><table><tbody><tr><td>Modelo<\/td><td>Fuerza<\/td><td>Capacidad<\/td><td>Peso<\/td><td>Tama\u00f1o<\/td><td>Solicitud<\/td><\/tr><tr><td>MT-860<\/td><td>Motor di\u00e9sel, motor de gasolina, motor el\u00e9ctrico.<\/td><td>1,5-2 t\/h<\/td><td>112 kilos<\/td><td>1150*860<em>*<\/em>1160 mm<\/td><td>Sorgo, Mijo, Ma\u00edz, Soja<\/td><\/tr><tr><td>MT-1200<\/td><td>Motor di\u00e9sel de 10-12 CV<\/td><td>ma\u00edz 3t\/h,<br>Soja 2t\/h<br>Sorgo, mijo, trigo, arroz 1,5 t\/h<\/td><td>200 kilos<\/td><td>2100*1700*1400mm<\/td><td>Sorgo, Mijo, Ma\u00edz, Soja<\/td><\/tr><\/tbody><\/table><\/figure>    <h2 class=\"wp-block-heading\" id=\"characteristics-of-combined-peeler-and-thresher-machine\"><strong>Caracter\u00edsticas de la m\u00e1quina combinada peladora y trilladora<\/strong><strong><\/strong><\/h2>    <ul class=\"wp-block-list\" type=\"1\"> <li>Tiene la ventaja de alta eficiencia, baja rotura y baja impureza.<\/li>    <li>Hay tres dispositivos de alimentaci\u00f3n disponibles. El motor di\u00e9sel, el motor de gasolina y el motor el\u00e9ctrico son adecuados para llevar la trilladora multifuncional peque\u00f1a al trabajo.<\/li>    <li>Pantallas. Esta m\u00e1quina puede pelar y desgranar ma\u00edz, sorgo, mijo y frijol; el tama\u00f1o de estos cultivos es diferente, por lo que las cribas deben coincidir con los cultivos.<\/li>    <li>Dise\u00f1o humanizado. Est\u00e1n equipadas con ruedas peque\u00f1as y f\u00e1ciles de mover. Y la altura de la m\u00e1quina es adecuada para la altura humana, conveniente para colocar granos.<\/li>    <li>Econ\u00f3mico. Los agricultores pobres pueden permitirse la m\u00e1quina y ahorrar dinero. Adem\u00e1s, la m\u00e1quina es multifunci\u00f3n.<\/li> <\/ul>   <div class=\"wp-block-image\"> <figure class=\"aligncenter size-full\"><img loading=\"lazy\" decoding=\"async\" width=\"720\" height=\"250\" src=\"https:\/\/taizyagromachine.com\/wp-content\/uploads\/2022\/02\/three-engines-MT860.jpg\" alt=\"tres motores\" class=\"wp-image-2061\" srcset=\"https:\/\/taizyagromachine.com\/wp-content\/uploads\/2022\/02\/three-engines-MT860.jpg 720w, https:\/\/taizyagromachine.com\/wp-content\/uploads\/2022\/02\/three-engines-MT860-300x104.jpg 300w\" sizes=\"auto, (max-width: 720px) 100vw, 720px\" \/><figcaption class=\"wp-element-caption\">tres motores<\/figcaption><\/figure> <\/div>   <h2 class=\"wp-block-heading\" id=\"what-screens-are-suitable\"><strong>\u00bfQu\u00e9 pantallas son adecuadas?<\/strong><\/h2>    <p>Para la trilladora multifuncional, debe utilizar las cribas correspondientes para trillar los cultivos.<\/p>    <p>Trillar ma\u00edz, instalar criba y martillo de \u00d820, la criba inferior utiliza \u00d8 6.&nbsp;<\/p>    <p>Desgrane el sorgo, instale el tamiz de \u00d88 y la garra de trilla, el tamiz inferior usa \u00d86.<\/p>    <p>Trillar mijo, instalar una criba de \u00d85, la criba inferior utiliza 1,5*1,5.<\/p>   <div class=\"wp-block-image\"> <figure class=\"aligncenter size-full\"><img loading=\"lazy\" decoding=\"async\" width=\"720\" height=\"540\" src=\"https:\/\/taizyagromachine.com\/wp-content\/uploads\/2022\/02\/matched-screen-multi-thresher.jpg\" alt=\"trilladora m\u00faltiple de pantalla combinada\" class=\"wp-image-2060\" srcset=\"https:\/\/taizyagromachine.com\/wp-content\/uploads\/2022\/02\/matched-screen-multi-thresher.jpg 720w, https:\/\/taizyagromachine.com\/wp-content\/uploads\/2022\/02\/matched-screen-multi-thresher-300x225.jpg 300w\" sizes=\"auto, (max-width: 720px) 100vw, 720px\" \/><figcaption class=\"wp-element-caption\">pantalla coincidente<\/figcaption><\/figure> <\/div>   <h2 class=\"wp-block-heading\" id=\"comparison-of-maize-thresher-and-multifunctional-thresher\"><strong>Comparaci\u00f3n de trilladora de ma\u00edz y trilladora multifuncional<\/strong><strong><\/strong><\/h2>    <ol class=\"wp-block-list\" type=\"1\"> <li>Rango de aplicaci\u00f3n. El <a href=\"https:\/\/taizyagromachine.com\/es\/corn-machine\/maize-thresher\/\" target=\"_blank\" rel=\"noreferrer noopener\">trilladora de ma\u00edz<\/a> es solo para los callos. Mientras que esta trilladora de granos a peque\u00f1a escala es adecuada para ma\u00edz, sorgo, mijo y soja.<\/li>    <li>Diferentes funciones. El desgranador de ma\u00edz puede trillar el ma\u00edz sin c\u00e1scara. Pero la trilladora multifuncional puede pelar y desgranar los cultivos.<\/li>    <li>Capacidad. La desgranadora de ma\u00edz es de 6 toneladas por hora y de gran capacidad. La trilladora de ma\u00edz, soja, mijo y sorgo s\u00f3lo produce entre 1,5 y 2 toneladas por hora.<\/li> <\/ol>    <figure class=\"wp-block-gallery has-nested-images columns-default is-cropped wp-block-gallery-3 is-layout-flex wp-block-gallery-is-layout-flex\"> <figure class=\"wp-block-image size-large\"><img loading=\"lazy\" decoding=\"async\" width=\"720\" height=\"500\" data-id=\"2062\" src=\"https:\/\/taizyagromachine.com\/wp-content\/uploads\/2022\/02\/applications-multi-function-thresher.jpg\" alt=\"ma\u00edz y sorgo\" class=\"wp-image-2062\" srcset=\"https:\/\/taizyagromachine.com\/wp-content\/uploads\/2022\/02\/applications-multi-function-thresher.jpg 720w, https:\/\/taizyagromachine.com\/wp-content\/uploads\/2022\/02\/applications-multi-function-thresher-300x208.jpg 300w\" sizes=\"auto, (max-width: 720px) 100vw, 720px\" \/><figcaption class=\"wp-element-caption\">ma\u00edz y sorgo<\/figcaption><\/figure>    <figure class=\"wp-block-image size-large\"><img loading=\"lazy\" decoding=\"async\" width=\"720\" height=\"500\" data-id=\"2063\" src=\"https:\/\/taizyagromachine.com\/wp-content\/uploads\/2022\/02\/applications-multifunctional-thresher.jpg\" alt=\"frijoles y mijo\" class=\"wp-image-2063\" srcset=\"https:\/\/taizyagromachine.com\/wp-content\/uploads\/2022\/02\/applications-multifunctional-thresher.jpg 720w, https:\/\/taizyagromachine.com\/wp-content\/uploads\/2022\/02\/applications-multifunctional-thresher-300x208.jpg 300w\" sizes=\"auto, (max-width: 720px) 100vw, 720px\" \/><figcaption class=\"wp-element-caption\">frijoles y mijo<\/figcaption><\/figure> <\/figure>    <h2 class=\"wp-block-heading\" id=\"h-successful-case-multi-corn-thresher-machine-exported-to-zimbabwe\"><strong>Caso de \u00e9xito: M\u00e1quina trilladora de ma\u00edz m\u00faltiple exportada a Zimbabwe<\/strong><\/h2>    <p id=\"h-zimbabwe-is-a-large-agricultural-country-with-vast-plains-where-maize-can-be-grown-and-where-the-local-people-eat-three-meals-a-day-based-on-maize-flour-our-sales-manager-grace-received-an-enquiry-from-a-customer-in-zimbabwe-he-wanted-to-buy-a-maize-threshing-machine-for-threshing-maize-after-understanding-his-needs-grace-recommended-this-multifunctional-thresher-as-it-was-more-versatile-and-cost-effective-than-the-others-the-zimbabwean-customer-was-so-pleased-with-the-parameters-and-the-video-that-he-placed-an-order-immediately\" class=\"translation-block\"><strong> <\/strong>Zimbabue es un gran pa\u00eds agr\u00edcola con vastas llanuras donde se puede cultivar ma\u00edz y donde la poblaci\u00f3n local come tres comidas al d\u00eda basadas en harina de ma\u00edz. Nuestra Gerente de Ventas, Grace, recibi\u00f3 una consulta de un cliente en Zimbabue. Quer\u00eda comprar una m\u00e1quina de trilla de ma\u00edz. Despu\u00e9s de entender sus necesidades, Grace recomend\u00f3 este trillo multifuncional ya que era m\u00e1s vers\u00e1til y rentable que los dem\u00e1s. El cliente zimbabuense estaba tan complacido con los par\u00e1metros y el video que realiz\u00f3 un pedido de inmediato.<\/p>    <h2 class=\"wp-block-heading\" id=\"faq\"><strong>Preguntas frecuentes sobre la trilladora multifuncional<\/strong><\/h2>   <div id=\"rank-math-faq\" class=\"rank-math-block\"> <div class=\"rank-math-list\"> <div id=\"faq-question-1663830468690\" class=\"rank-math-list-item\"> <h3 class=\"rank-math-question\"><strong>P: \u00bfC\u00f3mo desgranar diferentes cultivos?<\/strong><\/h3> <div class=\"rank-math-answer\">  <p>R: Abra la cubierta y luego cambie la pantalla. Al trillar los callos, retire los cuatro rodillos del interior.<\/p>  <\/div> <\/div> <div id=\"faq-question-1663830506354\" class=\"rank-math-list-item\"> <h3 class=\"rank-math-question\"><strong>P: Si no tengo idea de c\u00f3mo usar la m\u00e1quina, \u00bfqu\u00e9 debo hacer?<\/strong><\/h3> <div class=\"rank-math-answer\">  <p>R: No te preocupes. Junto a la m\u00e1quina facilitamos manuales y v\u00eddeos sobre instalaci\u00f3n, funcionamiento, cambio de pantalla, etc.<\/p>  <\/div> <\/div> <div id=\"faq-question-1663830517291\" class=\"rank-math-list-item\"> <h3 class=\"rank-math-question\"><strong>P: \u00bfEs conveniente moverse?<\/strong><\/h3> <div class=\"rank-math-answer\">  <p>R: Por supuesto, la trilladora de ma\u00edz multifuncional tiene ruedas y barras de remolque, f\u00e1ciles de mover.<\/p>  <\/div> <\/div> <div id=\"faq-question-1663830529940\" class=\"rank-math-list-item\"> <h3 class=\"rank-math-question\"><strong>P: \u00bfQu\u00e9 cultivos pueden utilizar esta trilladora multifuncional?<\/strong><\/h3> <div class=\"rank-math-answer\">  <p>R: Ma\u00edces, sorgo, mijo, soja.<\/p>  <\/div> <\/div> <div id=\"faq-question-1663830545523\" class=\"rank-math-list-item\"> <h3 class=\"rank-math-question\"><strong>P: \u00bfQu\u00e9 tal la potencia del MT-860?<\/strong><\/h3> <div class=\"rank-math-answer\">  <p>R: motor el\u00e9ctrico de 2,2-3kW, motor di\u00e9sel de 6-8Hp, motor de gasolina 170F.<\/p>  <\/div> <\/div> <div id=\"faq-question-1663830561860\" class=\"rank-math-list-item\"> <h3 class=\"rank-math-question\"><strong>P: \u00bfCu\u00e1l es la capacidad de esta trilladora de granos MT-860? \u00bfTasa de trilla?<\/strong><\/h3> <div class=\"rank-math-answer\">  <p>R: Respectivamente 1,5-2t por hora, \u226595%.\u00a0<\/p>  <\/div> <\/div> <\/div> <\/div>   <h2 class=\"wp-block-heading\"><strong>Video de la m\u00e1quina trilladora multifuncional para trillar ma\u00edz, frijol, sorgo y mijo<\/strong><\/h2>    <figure class=\"wp-block-embed is-type-video is-provider-youtube wp-block-embed-youtube wp-embed-aspect-16-9 wp-has-aspect-ratio\"><div class=\"wp-block-embed__wrapper\"> <iframe loading=\"lazy\" title=\"M\u00e1quina trilladora multifuncional | Trilla de Ma\u00edces, Mijo, Benas, Sorgo #ma\u00edz #mijo\" width=\"500\" height=\"281\" src=\"https:\/\/www.youtube.com\/embed\/Nz2M6Ba3iqo?feature=oembed\" frameborder=\"0\" allow=\"accelerometer; autoplay; clipboard-write; encrypted-media; gyroscope; picture-in-picture; web-share\" referrerpolicy=\"strict-origin-when-cross-origin\" allowfullscreen><\/iframe> <\/div><\/figure>    <p><\/p>    <p><\/p>","protected":false},"excerpt":{"rendered":"<p>The multifunctional&nbsp;thresher is upgraded equipment based on the maize thresher, suitable for corns, sorghum, soybeans, millet.&nbsp;It can collocate with the diesel engine, gasoline engine, or electric motor as the power device. Besides, you should choose the different screens for the corresponding crops. Our multifunctional threshing machines are very well known abroad and loved by people [&hellip;]<\/p>\n","protected":false},"author":1,"featured_media":2142,"parent":0,"template":"","tags":[],"product-type":[17],"class_list":["post-2057","product","type-product","status-publish","has-post-thumbnail","hentry","product-type-corn-machine"],"_links":{"self":[{"href":"https:\/\/taizyagromachine.com\/es\/wp-json\/wp\/v2\/product\/2057","targetHints":{"allow":["GET"]}}],"collection":[{"href":"https:\/\/taizyagromachine.com\/es\/wp-json\/wp\/v2\/product"}],"about":[{"href":"https:\/\/taizyagromachine.com\/es\/wp-json\/wp\/v2\/types\/product"}],"author":[{"embeddable":true,"href":"https:\/\/taizyagromachine.com\/es\/wp-json\/wp\/v2\/users\/1"}],"wp:featuredmedia":[{"embeddable":true,"href":"https:\/\/taizyagromachine.com\/es\/wp-json\/wp\/v2\/media\/2142"}],"wp:attachment":[{"href":"https:\/\/taizyagromachine.com\/es\/wp-json\/wp\/v2\/media?parent=2057"}],"wp:term":[{"taxonomy":"post_tag","embeddable":true,"href":"https:\/\/taizyagromachine.com\/es\/wp-json\/wp\/v2\/tags?post=2057"},{"taxonomy":"product-type","embeddable":true,"href":"https:\/\/taizyagromachine.com\/es\/wp-json\/wp\/v2\/product-type?post=2057"}],"curies":[{"name":"wp","href":"https:\/\/api.w.org\/{rel}","templated":true}]}}