{"id":2064,"date":"2022-02-14T09:37:14","date_gmt":"2022-02-14T09:37:14","guid":{"rendered":"https:\/\/taizyagromachine.com\/"},"modified":"2025-04-14T16:20:07","modified_gmt":"2025-04-14T08:20:07","slug":"maize-thresher","status":"publish","type":"product","link":"https:\/\/taizyagromachine.com\/es\/product\/maize-thresher\/","title":{"rendered":"Trilladora de ma\u00edz comercial para descascarado de ma\u00edz"},"content":{"rendered":"<p class=\"translation-block\">El <strong>trillador de ma\u00edz<\/strong> est\u00e1 dise\u00f1ado profesionalmente para el ma\u00edz, descascarando el ma\u00edz de las mazorcas y los granos de ma\u00edz con una capacidad de 6t por hora. Las mazorcas y los granos de ma\u00edz quedan enteros sin romperse. Adem\u00e1s, es una desgranadora de ma\u00edz autom\u00e1tica de gran capacidad. <\/p>    <p>La trilladora de ma\u00edz puede funcionar con un motor di\u00e9sel o el\u00e9ctrico. Ahora, este tipo de desgranadora de ma\u00edz ha avanzado en funci\u00f3n de los requerimientos de los clientes. Es mucho m\u00e1s popular entre los propietarios de explotaciones agr\u00edcolas de mediana y gran escala. \u00a1Esperamos sus consultas!<\/p>    <figure class=\"wp-block-embed is-type-video is-provider-youtube wp-block-embed-youtube wp-embed-aspect-16-9 wp-has-aspect-ratio\"><div class=\"wp-block-embed__wrapper\"> <iframe loading=\"lazy\" title=\"Trilladora de ma\u00edz de gran capacidad | Trilladora de ma\u00edz de ma\u00edz de Taizy 2022 #corn #maize\" width=\"500\" height=\"281\" src=\"https:\/\/www.youtube.com\/embed\/do6M5uIGU_U?feature=oembed\" frameborder=\"0\" allow=\"accelerometer; autoplay; clipboard-write; encrypted-media; gyroscope; picture-in-picture; web-share\" referrerpolicy=\"strict-origin-when-cross-origin\" allowfullscreen><\/iframe> <\/div><figcaption class=\"wp-element-caption\">Video de trabajo de la m\u00e1quina trilladora de ma\u00edz grande.<\/figcaption><\/figure>    <h2 class=\"wp-block-heading\"><strong>Tipos de desgranadoras de ma\u00edz a la venta<\/strong><\/h2>    <p>Suministramos dos tipos de m\u00e1quinas desgranadoras de ma\u00edz grandes para satisfacer sus necesidades cambiantes, las cuales se caracterizan por su excelente rendimiento y estabilidad de trilla: <\/p>    <ul class=\"wp-block-list\"> <li>Uno es un modelo totalmente autom\u00e1tico de alta eficiencia, equipado con un sistema de alimentaci\u00f3n inteligente, adecuado para operaciones continuas a gran escala; <\/li>    <li>El otro es un modelo port\u00e1til flexible, con un innovador dise\u00f1o plegable, f\u00e1cil de instalar y transportar, as\u00ed como de operar en m\u00faltiples ubicaciones.<\/li> <\/ul>    <h3 class=\"wp-block-heading\"><strong>Tipo grande de m\u00e1quina trilladora de ma\u00edz<\/strong><\/h3>    <p>Esta m\u00e1quina desgranadora de ma\u00edz es un tipo de maquinaria y equipo agr\u00edcola de alta eficiencia, que se utiliza principalmente para el procesamiento por lotes de mazorcas de ma\u00edz despu\u00e9s de secarlas por un tiempo.<\/p>    <figure class=\"wp-block-gallery aligncenter has-nested-images columns-default is-cropped wp-block-gallery-2 is-layout-flex wp-block-gallery-is-layout-flex\"> <figure class=\"wp-block-image size-large\"><img loading=\"lazy\" decoding=\"async\" width=\"720\" height=\"540\" data-id=\"6328\" src=\"https:\/\/taizyagromachine.com\/wp-content\/uploads\/2022\/02\/big-size-corn-sheller.webp\" alt=\"desgranadora de ma\u00edz de gran tama\u00f1o\" class=\"wp-image-6328\"\/><figcaption class=\"wp-element-caption\">desgranadora de ma\u00edz de gran tama\u00f1o<\/figcaption><\/figure>    <figure class=\"wp-block-image size-large\"><img loading=\"lazy\" decoding=\"async\" width=\"720\" height=\"540\" data-id=\"6329\" src=\"https:\/\/taizyagromachine.com\/wp-content\/uploads\/2022\/02\/large-maize-shelling-machine.webp\" alt=\"Desgranadora de ma\u00edz grande\" class=\"wp-image-6329\"\/><figcaption class=\"wp-element-caption\">Desgranadora de ma\u00edz grande<\/figcaption><\/figure> <\/figure>    <p>Separa los granos de ma\u00edz de las mazorcas a trav\u00e9s de la estructura de un rodillo axial o un disco de trilla vertical y est\u00e1 equipado con un sistema de carga autom\u00e1tico o semiautom\u00e1tico, que puede completar r\u00e1pidamente la operaci\u00f3n de trilla de grandes cantidades de ma\u00edz. Mientras tanto, tiene las caracter\u00edsticas de bajo consumo de energ\u00eda, funcionamiento estable y f\u00e1cil mantenimiento, lo que mejora en gran medida la eficiencia de la cosecha y el procesamiento del ma\u00edz.<\/p>    <figure class=\"wp-block-gallery aligncenter has-nested-images columns-default is-cropped wp-block-gallery-3 is-layout-flex wp-block-gallery-is-layout-flex\"> <figure class=\"wp-block-image size-large\"><img loading=\"lazy\" decoding=\"async\" width=\"720\" height=\"540\" data-id=\"6330\" src=\"https:\/\/taizyagromachine.com\/wp-content\/uploads\/2022\/02\/industrial-corn-thresher-machine.webp\" alt=\"trilladora de ma\u00edz industrial\" class=\"wp-image-6330\"\/><figcaption class=\"wp-element-caption\">trilladora de ma\u00edz industrial<\/figcaption><\/figure>    <figure class=\"wp-block-image size-large\"><img loading=\"lazy\" decoding=\"async\" width=\"720\" height=\"540\" data-id=\"6331\" src=\"https:\/\/taizyagromachine.com\/wp-content\/uploads\/2022\/02\/Taizy-maize-thresher-for-sale.webp\" alt=\"Se vende trilladora de ma\u00edz Taizy\" class=\"wp-image-6331\"\/><figcaption class=\"wp-element-caption\">Se vende trilladora de ma\u00edz Taizy<\/figcaption><\/figure> <\/figure>    <p class=\"translation-block\"><strong>Dise\u00f1o de la Trilladora de Ma\u00edz<\/strong><\/p>    <p>La desgranadora de ma\u00edz tiene una estructura simple. Consta de entrada de ma\u00edz, salida de mazorcas de ma\u00edz, salida de granos de ma\u00edz, salida de polvo, cinta transportadora y tuber\u00edas.<\/p>   <div class=\"wp-block-image\"> <figure class=\"aligncenter size-full\"><img loading=\"lazy\" decoding=\"async\" width=\"720\" height=\"400\" src=\"https:\/\/taizyagromachine.com\/wp-content\/uploads\/2022\/02\/structure-maize-thresher.jpg\" alt=\"estructura-trilladora-de-maiz\" class=\"wp-image-2066\" srcset=\"https:\/\/taizyagromachine.com\/wp-content\/uploads\/2022\/02\/structure-maize-thresher.jpg 720w, https:\/\/taizyagromachine.com\/wp-content\/uploads\/2022\/02\/structure-maize-thresher-300x167.jpg 300w\" sizes=\"auto, (max-width: 720px) 100vw, 720px\" \/><figcaption class=\"wp-element-caption\">estructura<\/figcaption><\/figure> <\/div>   <h3 class=\"wp-block-heading\"><strong>Nuevo tipo de m\u00e1quina trilladora de ma\u00edz<\/strong><\/h3>    <figure class=\"wp-block-embed is-type-video is-provider-youtube wp-block-embed-youtube wp-embed-aspect-16-9 wp-has-aspect-ratio\"><div class=\"wp-block-embed__wrapper\"> <iframe loading=\"lazy\" title=\"Trilla de ma\u00edz revolucionaria: \u00a1desgranadora de ma\u00edz de nueva generaci\u00f3n en acci\u00f3n! Trilladora de ma\u00edz a la venta a buen precio\" width=\"500\" height=\"281\" src=\"https:\/\/www.youtube.com\/embed\/8jyFGYTMc4U?feature=oembed\" frameborder=\"0\" allow=\"accelerometer; autoplay; clipboard-write; encrypted-media; gyroscope; picture-in-picture; web-share\" referrerpolicy=\"strict-origin-when-cross-origin\" allowfullscreen><\/iframe> <\/div><figcaption class=\"wp-element-caption\">Nuevo tipo de v\u00eddeo de m\u00e1quina trilladora de ma\u00edz.<\/figcaption><\/figure>    <p>La \u00faltima m\u00e1quina desgranadora de ma\u00edz de Taizy tiene un innovador dise\u00f1o plegable, compacto y f\u00e1cil de instalar y transportar. La m\u00e1quina mantiene un alto rendimiento de trilla al tiempo que optimiza el espacio y la flexibilidad. <\/p>    <figure class=\"wp-block-gallery aligncenter has-nested-images columns-default is-cropped wp-block-gallery-4 is-layout-flex wp-block-gallery-is-layout-flex\"> <figure class=\"wp-block-image size-large\"><img loading=\"lazy\" decoding=\"async\" width=\"720\" height=\"540\" data-id=\"6321\" src=\"https:\/\/taizyagromachine.com\/wp-content\/uploads\/2022\/02\/diesel-powered-corn-shelling-machine.webp\" alt=\"Desgranadora de ma\u00edz con motor di\u00e9sel\" class=\"wp-image-6321\"\/><figcaption class=\"wp-element-caption\">Desgranadora de ma\u00edz con motor di\u00e9sel<\/figcaption><\/figure>    <figure class=\"wp-block-image size-large\"><img loading=\"lazy\" decoding=\"async\" width=\"720\" height=\"540\" data-id=\"6322\" src=\"https:\/\/taizyagromachine.com\/wp-content\/uploads\/2022\/02\/maize-thresher-machine-with-folded-conveyor.webp\" alt=\"Trilladora de ma\u00edz con transportador plegado.\" class=\"wp-image-6322\"\/><figcaption class=\"wp-element-caption\">Trilladora de ma\u00edz con transportador plegado.<\/figcaption><\/figure>    <figure class=\"wp-block-image size-large\"><img loading=\"lazy\" decoding=\"async\" width=\"720\" height=\"540\" data-id=\"6323\" src=\"https:\/\/taizyagromachine.com\/wp-content\/uploads\/2022\/02\/totally-display-of-Taizy-corn-sheller-machine.webp\" alt=\"Visualizaci\u00f3n total de la m\u00e1quina desgranadora de ma\u00edz Taizy\" class=\"wp-image-6323\"\/><figcaption class=\"wp-element-caption\">Visualizaci\u00f3n total de la m\u00e1quina desgranadora de ma\u00edz Taizy<\/figcaption><\/figure> <\/figure>    <p>Como usuarios, podr\u00e1n desmontar, transportar y almacenar f\u00e1cilmente la m\u00e1quina, lo que simplifica enormemente el procesamiento poscosecha del ma\u00edz y demuestra una excelente comodidad y practicidad.<\/p>    <figure class=\"wp-block-gallery aligncenter has-nested-images columns-default is-cropped wp-block-gallery-5 is-layout-flex wp-block-gallery-is-layout-flex\"> <figure class=\"wp-block-image size-large\"><img loading=\"lazy\" decoding=\"async\" width=\"720\" height=\"540\" data-id=\"6324\" src=\"https:\/\/taizyagromachine.com\/wp-content\/uploads\/2022\/02\/maize-shelling-machine-in-stock.webp\" alt=\"m\u00e1quina descascaradora de ma\u00edz en stock\" class=\"wp-image-6324\"\/><figcaption class=\"wp-element-caption\">m\u00e1quina descascaradora de ma\u00edz en stock<\/figcaption><\/figure>    <figure class=\"wp-block-image size-large\"><img loading=\"lazy\" decoding=\"async\" width=\"720\" height=\"540\" data-id=\"6325\" src=\"https:\/\/taizyagromachine.com\/wp-content\/uploads\/2022\/02\/maize-thresher-machine-for-sale.webp\" alt=\"Venta de maquina trilladora de maiz\" class=\"wp-image-6325\"\/><figcaption class=\"wp-element-caption\">Venta de maquina trilladora de maiz<\/figcaption><\/figure> <\/figure>    <h2 class=\"wp-block-heading\" id=\"advantages-of-maize-sheller\"><strong>Ventajas de la desgranadora de ma\u00edz para la venta<\/strong><\/h2>    <ul class=\"wp-block-list\"> <li>El porcentaje de desgranado en el ma\u00edz puede alcanzar hasta 99,5%, desgranando efectivamente el ma\u00edz.<\/li>    <li>Cinta transportadora para transportar ma\u00edz, ahorrando mano de obra.<\/li>    <li>Alta eficiencia de trabajo, la capacidad es de aproximadamente 6 t\/h.<\/li>    <li>El soplador elimina las impurezas, garantizando que la semilla de ma\u00edz est\u00e9 muy limpia.<\/li>    <li>Los motores di\u00e9sel o los motores el\u00e9ctricos son buenas opciones para zonas donde hay escasez de electricidad.<\/li>    <li>F\u00e1cil de mover gracias a las barras de remolque y las ruedas.<\/li> <\/ul>    <h2 class=\"wp-block-heading\" id=\"working-process-of-maize-thresher\"><strong>Proceso de trabajo de la m\u00e1quina trilladora de ma\u00edz Taizy<\/strong><\/h2>   <div id=\"rank-math-howto\" class=\"rank-math-block\" > <div class=\"rank-math-howto-description\">  <p class=\"translation-block\">Como empresa agr\u00edcola profesional, esta m\u00e1quina descascaradora de ma\u00edz es una <a href=\"https:\/\/taizyagromachine.com\/es\/product\/corn-threshing-machine\/\">desgranadora de ma\u00edz<\/a> comercial. Aprendamos mejor el proceso de la m\u00e1quina trilladora de ma\u00edz.<\/p>  <\/div>  <div class=\"rank-math-steps\"> <div id=\"howto-step-1704181461787\" class=\"rank-math-step\"> <h3 class=\"rank-math-step-title\">Carga y transporte de ma\u00edz mediante cinta transportadora.<\/h3> <div class=\"rank-math-step-content\"><p>Alimentar el ma\u00edz a trav\u00e9s de la cinta transportadora, hasta que los granos lleguen a la c\u00e1mara de trilla.<\/p> <\/div> <\/div> <div id=\"howto-step-1704181510328\" class=\"rank-math-step\"> <h3 class=\"rank-math-step-title\">Operaci\u00f3n de trilla y eliminaci\u00f3n de impurezas.<\/h3> <div class=\"rank-math-step-content\"><p>Despu\u00e9s de trillar y separar, las impurezas ligeras se eliminar\u00e1n por la salida de polvo.<\/p> <\/div> <\/div> <div id=\"howto-step-1704181531183\" class=\"rank-math-step\"> <h3 class=\"rank-math-step-title\">Descarga de mazorcas de ma\u00edz y recolecci\u00f3n de semillas de ma\u00edz.<\/h3> <div class=\"rank-math-step-content\"><img loading=\"lazy\" decoding=\"async\" width=\"720\" height=\"540\" src=\"https:\/\/taizyagromachine.com\/wp-content\/uploads\/2022\/02\/working-screne-of-corn-thresher.jpg\" class=\"attachment-full size-full\" alt=\"criba-de-trabajo-de-trilladora-de-maiz\" srcset=\"https:\/\/taizyagromachine.com\/wp-content\/uploads\/2022\/02\/working-screne-of-corn-thresher.jpg 720w, https:\/\/taizyagromachine.com\/wp-content\/uploads\/2022\/02\/working-screne-of-corn-thresher-300x225.jpg 300w\" sizes=\"auto, (max-width: 720px) 100vw, 720px\" \/><p>La mazorca de ma\u00edz entera sale por la salida de mazorca de ma\u00edz, al mismo tiempo, las semillas de ma\u00edz son descargadas por la salida correspondiente.<\/p> <\/div> <\/div> <\/div> <\/div>       <h2 class=\"wp-block-heading\" id=\"optional-equipment\"><strong>Equipo opcional para trilladora de ma\u00edz grande<\/strong><\/h2>    <p id=\"optional-equipment\" class=\"translation-block\"><strong>1. Cinta transportadora<\/strong><\/p>    <p>Esta cinta transportadora es para el transporte de ma\u00edz. Se utiliza para la trilladora de ma\u00edz para ahorrar mano de obra y lograr una alta eficiencia.<\/p>    <p class=\"translation-block\"><strong>2. Tuber\u00eda para el transporte de los granos de ma\u00edz<\/strong><\/p>    <p>El dispositivo beneficia a los agricultores porque puede llegar directamente al contenedor grande para almacenar las semillas de ma\u00edz.<\/p>    <p>Preste atenci\u00f3n, el precio de la trilladora de ma\u00edz var\u00eda seg\u00fan las diferentes ubicaciones.<\/p>   <div class=\"wp-block-image\"> <figure class=\"aligncenter size-full\"><img loading=\"lazy\" decoding=\"async\" width=\"720\" height=\"540\" src=\"https:\/\/taizyagromachine.com\/wp-content\/uploads\/2022\/02\/optional-conveyor-and-pipe-corn-thresher.jpg\" alt=\"opcional-transportador-y-tubo-trilladora-de-maiz\" class=\"wp-image-2068\" srcset=\"https:\/\/taizyagromachine.com\/wp-content\/uploads\/2022\/02\/optional-conveyor-and-pipe-corn-thresher.jpg 720w, https:\/\/taizyagromachine.com\/wp-content\/uploads\/2022\/02\/optional-conveyor-and-pipe-corn-thresher-300x225.jpg 300w\" sizes=\"auto, (max-width: 720px) 100vw, 720px\" \/><figcaption class=\"wp-element-caption\">transportador y tuber\u00eda opcionales<\/figcaption><\/figure> <\/div>   <h2 class=\"wp-block-heading\"><strong>Factores que afectan el precio de la trilladora de ma\u00edz<\/strong><\/h2>    <p>Hay muchos factores que afectan el precio de la trilladora de ma\u00edz. Solo enumeramos varios factores para su referencia.<\/p>    <ul class=\"wp-block-list\"> <li><strong>Equipamiento opcional<\/strong>. Como se mencion\u00f3 anteriormente, para esta m\u00e1quina trilladora de ma\u00edz de gran tama\u00f1o, hay diferentes configuraciones disponibles. Sin tubo ni cinta transportadora y con tubo y cinta transportadora los precios son completamente diferentes.<\/li>    <li><strong>poder de la maquina<\/strong>. La trilladora de ma\u00edz puede funcionar con un motor di\u00e9sel o con un motor el\u00e9ctrico. El precio es diferente con el motor di\u00e9sel o el motor el\u00e9ctrico. <\/li>    <li><strong>Calidad de la maquina<\/strong>. Los fabricantes y proveedores de trilladoras de ma\u00edz son numerosos en el mercado. Quiz\u00e1s algunos proveedores tengan la m\u00e1quina a un precio m\u00e1s econ\u00f3mico en comparaci\u00f3n con nuestra trilladora de ma\u00edz, pero tambi\u00e9n debes prestar atenci\u00f3n a la calidad de la m\u00e1quina. <\/li> <\/ul>    <h2 class=\"wp-block-heading\"><strong>Puntos fuertes de Taizy: los fabricantes y proveedores confiables de trilladoras de ma\u00edz<\/strong><\/h2>    <ol class=\"wp-block-list\"> <li><strong>Precio competitivo<\/strong>. Somos a la vez fabricante y productor, por lo que tenemos una ventaja de precio sin a\u00f1adir coste extra al precio de la m\u00e1quina.<\/li>    <li><strong>certificado CE<\/strong>. Nuestras trilladoras de ma\u00edz est\u00e1n certificadas por la autoridad pertinente, la calidad de la m\u00e1quina est\u00e1 garantizada y la vida \u00fatil es larga.<\/li>    <li><strong>Servicio postventa<\/strong>. Nuestro personal le brindar\u00e1 un servicio postventa profesional, espec\u00edficamente para que usted responda cualquier pregunta que pueda surgir en el proceso de uso de la m\u00e1quina trilladora de ma\u00edz.<\/li>    <li><strong>Servicio en l\u00ednea, gu\u00eda por v\u00eddeo, etc.<\/strong>. En el momento de recibir la m\u00e1quina, inevitablemente no estar\u00e1 familiarizado con ella. En esta etapa, brindaremos orientaci\u00f3n en l\u00ednea o videos que pueden ayudar a los clientes a familiarizarse con el uso de la m\u00e1quina lo antes posible.<\/li> <\/ol>   <div class=\"wp-block-image\"> <figure class=\"aligncenter size-full\"><img loading=\"lazy\" decoding=\"async\" width=\"720\" height=\"540\" src=\"https:\/\/taizyagromachine.com\/wp-content\/uploads\/2022\/04\/strong-strength-Taizy-Argo-Machine.jpg\" alt=\"fuerte fuerza-Taizy Argo Machine\" class=\"wp-image-2452\" srcset=\"https:\/\/taizyagromachine.com\/wp-content\/uploads\/2022\/04\/strong-strength-Taizy-Argo-Machine.jpg 720w, https:\/\/taizyagromachine.com\/wp-content\/uploads\/2022\/04\/strong-strength-Taizy-Argo-Machine-300x225.jpg 300w\" sizes=\"auto, (max-width: 720px) 100vw, 720px\" \/><figcaption class=\"wp-element-caption\">fuerte fuerza-Taizy Argo Machine<\/figcaption><\/figure> <\/div>   <h2 class=\"wp-block-heading\" id=\"several-things-to-clarify\"><strong>Varias cosas que deben aclararse sobre la m\u00e1quina desgranadora de ma\u00edz<\/strong><\/h2>   <div id=\"rank-math-faq\" class=\"rank-math-block\"> <div class=\"rank-math-list\"> <div id=\"faq-question-1668158967005\" class=\"rank-math-list-item\"> <h3 class=\"rank-math-question\"><strong><strong>\u00bfEsta m\u00e1quina es s\u00f3lo para ma\u00edz?<\/strong><\/strong>? Si otros cultivos, como el mijo y <strong><strong>sorgo, \u00bfes aplicable esta m\u00e1quina?<\/strong><\/strong><\/h3> <div class=\"rank-math-answer\">  <p>Esta trilladora de ma\u00edz s\u00f3lo se puede utilizar para desgranar ma\u00edz seco. Otros cultivos pueden optar por otras trilladoras. Por ejemplo, para el sorgo se puede utilizar una trilladora multifuncional.<\/p>  <\/div> <\/div> <div id=\"faq-question-1668158977898\" class=\"rank-math-list-item\"> <h3 class=\"rank-math-question\"><strong><strong>\u00bfPuede la trilladora de ma\u00edz pelar la hoja de ma\u00edz?<\/strong><\/strong><\/h3> <div class=\"rank-math-answer\">  <p>No, esta trilladora de ma\u00edz es apta para ma\u00edz sin c\u00e1scara.<\/p>  <\/div> <\/div> <div id=\"faq-question-1668158995127\" class=\"rank-math-list-item\"> <h3 class=\"rank-math-question\"><strong><strong>\u00bfSe puede trillar el ma\u00edz dulce con esta m\u00e1quina desgranadora de ma\u00edz?<\/strong><\/strong><\/h3> <div class=\"rank-math-answer\">  <p>La desgranadora de ma\u00edz a la venta es diferente a la trilladora de ma\u00edz dulce. Esta m\u00e1quina trilla ma\u00edz seco. Si desea trillar ma\u00edz dulce, la m\u00e1quina desgranadora de ma\u00edz dulce es la mejor opci\u00f3n.<\/p>  <\/div> <\/div> <\/div> <\/div>   <h2 class=\"wp-block-heading\"><strong>Par\u00e1metros t\u00e9cnicos de la trilladora de ma\u00edz Big Taizy<\/strong><\/h2>    <figure class=\"wp-block-table\"><table><tbody><tr><td>Modelo<\/td><td>5TY-80D<\/td><\/tr><tr><td>Fuerza<\/td><td>Motor di\u00e9sel de 15 CV o motor de 7,5 kW<\/td><\/tr><tr><td>Capacidad<\/td><td>6t\/h (Semillas de ma\u00edz)<\/td><\/tr><tr><td>Tasa de trilla<\/td><td>\u226599,5%<\/td><\/tr><tr><td>Tasa de p\u00e9rdida<\/td><td>\u22642.0%<\/td><\/tr><tr><td>Tasa de rotura<\/td><td>\u22641.5%<\/td><\/tr><tr><td>Tasa de impureza<\/td><td>\u22641.0%<\/td><\/tr><tr><td>Peso<\/td><td>350 kilos<\/td><\/tr><tr><td>Tama\u00f1o<\/td><td>3860*1360*2480\u00a0mil\u00edmetro<\/td><\/tr><\/tbody><\/table><figcaption class=\"wp-element-caption\">Par\u00e1metros de la m\u00e1quina trilladora de ma\u00edz<\/figcaption><\/figure>    <h2 class=\"wp-block-heading\"><strong>\u00a1Comience su trilla de ma\u00edz ahora!<\/strong><\/h2>    <p class=\"translation-block\">\u00a1Comience su viaje de cosecha de <a href=\"https:\/\/en.wikipedia.org\/wiki\/Maize\" target=\"_blank\" rel=\"noopener\">ma\u00edz<\/a> inmediatamente! Elija nuestra trilladora de ma\u00edz grande, eficiente y conveniente, un bot\u00f3n para abrir el modo de trillado de ma\u00edz por lotes. \u00a1Cont\u00e1ctenos inmediatamente para m\u00e1s detalles sobre la trilladora de ma\u00edz y el mejor precio!<\/p>    <figure class=\"wp-block-embed is-type-video is-provider-youtube wp-block-embed-youtube wp-embed-aspect-16-9 wp-has-aspect-ratio\"><div class=\"wp-block-embed__wrapper\"> <iframe loading=\"lazy\" title=\"M\u00e1quina de c\u00e1scaras de ma\u00edz de alto volumen para la trilla de ma\u00edz | Thrafer de ma\u00edz para bombardeos de ma\u00edz con 6t\/h\" width=\"500\" height=\"281\" src=\"https:\/\/www.youtube.com\/embed\/ZE9BoK5BwqM?feature=oembed\" frameborder=\"0\" allow=\"accelerometer; autoplay; clipboard-write; encrypted-media; gyroscope; picture-in-picture; web-share\" referrerpolicy=\"strict-origin-when-cross-origin\" allowfullscreen><\/iframe> <\/div><figcaption class=\"wp-element-caption\">Video de la trilladora de ma\u00edz<\/figcaption><\/figure>","protected":false},"excerpt":{"rendered":"<p>La trilladora de ma\u00edz es especialmente para separar ma\u00edz en granos y mazorcas de ma\u00edz, con una gran capacidad de 6 toneladas por hora, \u00a1cuyo tipo tiene transportador plegado! Describimos los \u00faltimos tipos de trilladoras de ma\u00edz, junto con los par\u00e1metros de la m\u00e1quina, para su referencia a la hora de elegir.<\/p>","protected":false},"author":1,"featured_media":2141,"parent":0,"template":"","tags":[],"product-type":[17],"class_list":["post-2064","product","type-product","status-publish","has-post-thumbnail","hentry","product-type-corn-machine"],"_links":{"self":[{"href":"https:\/\/taizyagromachine.com\/es\/wp-json\/wp\/v2\/product\/2064","targetHints":{"allow":["GET"]}}],"collection":[{"href":"https:\/\/taizyagromachine.com\/es\/wp-json\/wp\/v2\/product"}],"about":[{"href":"https:\/\/taizyagromachine.com\/es\/wp-json\/wp\/v2\/types\/product"}],"author":[{"embeddable":true,"href":"https:\/\/taizyagromachine.com\/es\/wp-json\/wp\/v2\/users\/1"}],"wp:featuredmedia":[{"embeddable":true,"href":"https:\/\/taizyagromachine.com\/es\/wp-json\/wp\/v2\/media\/2141"}],"wp:attachment":[{"href":"https:\/\/taizyagromachine.com\/es\/wp-json\/wp\/v2\/media?parent=2064"}],"wp:term":[{"taxonomy":"post_tag","embeddable":true,"href":"https:\/\/taizyagromachine.com\/es\/wp-json\/wp\/v2\/tags?post=2064"},{"taxonomy":"product-type","embeddable":true,"href":"https:\/\/taizyagromachine.com\/es\/wp-json\/wp\/v2\/product-type?post=2064"}],"curies":[{"name":"wp","href":"https:\/\/api.w.org\/{rel}","templated":true}]}}