{"id":2092,"date":"2022-02-17T09:56:31","date_gmt":"2022-02-17T09:56:31","guid":{"rendered":"https:\/\/taizyagromachine.com\/"},"modified":"2025-05-07T11:30:30","modified_gmt":"2025-05-07T03:30:30","slug":"automatic-groundnut-oil-sunflower-oil-making-machine","status":"publish","type":"product","link":"https:\/\/taizyagromachine.com\/es\/product\/automatic-groundnut-oil-sunflower-oil-making-machine\/","title":{"rendered":"M\u00e1quina para fabricar aceite de man\u00ed | M\u00e1quina de prensa de aceite de man\u00ed"},"content":{"rendered":"<p class=\"translation-block\">Taizy <strong>m\u00e1quina para hacer aceite de cacahuete<\/strong> se especializa en extraer aceite y grasa de los granos de cacahuete o con c\u00e1scara mediante prensado con tornillo y prensado en caliente. Es una prensa de tornillo, tambi\u00e9n adecuada para semillas de girasol, soja, etc. Su rendimiento es de 40-600 kg\/h.<\/p>    <p>Esta m\u00e1quina prensadora de aceite de man\u00ed tiene una tasa de extracci\u00f3n de aceite de 43-54%. La temperatura del man\u00ed prensado alcanza los 100-200 \u2103 y la temperatura de la m\u00e1quina es de alrededor de 180 \u2103.<\/p>    <p>Se caracteriza por una estructura simple, f\u00e1cil operaci\u00f3n y alto rendimiento de aceite, y se usa ampliamente en peque\u00f1as casas petroleras y talleres familiares. Si desea obtener m\u00e1s informaci\u00f3n, comun\u00edquese conmigo para obtener m\u00e1s detalles de la m\u00e1quina.<\/p>    <figure class=\"wp-block-embed is-type-video is-provider-youtube wp-block-embed-youtube wp-embed-aspect-16-9 wp-has-aspect-ratio\"><div class=\"wp-block-embed__wrapper\"> <iframe loading=\"lazy\" title=\"\u00bfC\u00f3mo extraer aceite de man\u00ed mediante prensa de aceite en fr\u00edo y caliente? M\u00e1quina de extracci\u00f3n de aceite para c\u00e1scara de semillas de man\u00ed\" width=\"500\" height=\"281\" src=\"https:\/\/www.youtube.com\/embed\/drwu4FR4itc?feature=oembed\" frameborder=\"0\" allow=\"accelerometer; autoplay; clipboard-write; encrypted-media; gyroscope; picture-in-picture; web-share\" referrerpolicy=\"strict-origin-when-cross-origin\" allowfullscreen><\/iframe> <\/div><figcaption class=\"wp-element-caption\">video de la m\u00e1quina prensadora de aceite de tornillo<\/figcaption><\/figure>    <h2 class=\"wp-block-heading\" id=\"features-of-groundnut-oil-processing-machine\"><strong>Caracter\u00edsticas de la m\u00e1quina de extracci\u00f3n de aceite de man\u00ed Taizy<\/strong>&nbsp;<\/h2>    <ul class=\"wp-block-list\"> <li>Esta m\u00e1quina tiene una amplia gama de <strong>capacidad de 40-600 kg\/h<\/strong>, que es muy eficiente.<\/li>    <li>tiene un <strong>alto rendimiento de aceite de 43-54%<\/strong>, beneficiando a su negocio.<\/li>    <li>El equipo no s\u00f3lo es aplicable a <strong>miseria<\/strong>, pero tambi\u00e9n se puede utilizar para <strong>semillas de girasol, soja<\/strong> y otros cultivos oleaginosos.<\/li>    <li>La m\u00e1quina procesadora de aceite de man\u00ed puede ser <strong>equipado con filtros de vac\u00edo<\/strong>, obteniendo m\u00e1s aceite comestible de alta calidad.<\/li>    <li>El tornillo es un <strong>prensa de tres grados<\/strong>, poniendo los materiales una vez y obteniendo el aceite comestible final.<\/li>    <li>Tiene una estructura simple, <strong>f\u00e1cil de operar<\/strong>.<\/li>    <li>Esta m\u00e1quina prensadora de aceite de man\u00ed es <strong>hecho de materiales de alta calidad<\/strong>, y tiene un rendimiento estable y una larga vida \u00fatil.<\/li> <\/ul>    <figure class=\"wp-block-gallery aligncenter has-nested-images columns-default is-cropped wp-block-gallery-2 is-layout-flex wp-block-gallery-is-layout-flex\"> <figure class=\"wp-block-image size-large\"><img loading=\"lazy\" decoding=\"async\" width=\"950\" height=\"540\" data-id=\"7116\" src=\"https:\/\/taizyagromachine.com\/wp-content\/uploads\/2022\/02\/peanut-oil-expeller-machine-for-groundnut-oil.webp\" alt=\"M\u00e1quina expulsora de aceite de man\u00ed para aceite de man\u00ed\" class=\"wp-image-7116\" srcset=\"https:\/\/taizyagromachine.com\/wp-content\/uploads\/2022\/02\/peanut-oil-expeller-machine-for-groundnut-oil.webp 950w, https:\/\/taizyagromachine.com\/wp-content\/uploads\/2022\/02\/peanut-oil-expeller-machine-for-groundnut-oil-18x10.webp 18w\" sizes=\"auto, (max-width: 950px) 100vw, 950px\" \/><figcaption class=\"wp-element-caption\">M\u00e1quina expulsora de aceite de man\u00ed para aceite de man\u00ed<\/figcaption><\/figure> <\/figure>    <h2 class=\"wp-block-heading\"><strong>Par\u00e1metros t\u00e9cnicos de la m\u00e1quina para fabricar aceite de man\u00ed.<\/strong><\/h2>    <figure class=\"wp-block-table\"><table class=\"has-fixed-layout\"><tbody><tr><td>Modelo<\/td><td>6YL-60<\/td><td>6YL-70<\/td><td>6YL-100<\/td><td>6YL-125<\/td><td>6YL-150<\/td><\/tr><tr><td>Capacidad (kg\/h)<\/td><td>40-60<\/td><td>45-70<\/td><td>150-230<\/td><td>300-400<\/td><td>500-600<\/td><\/tr><tr><td>Di\u00e1metro del tornillo (mm)<\/td><td>\u03a660<\/td><td>\u03c670<\/td><td>\u03a6100<\/td><td>\u03a6125<\/td><td>\u03a6150<\/td><\/tr><tr><td>Velocidad del tornillo (r\/min)<\/td><td>64<\/td><td>37<\/td><td>37<\/td><td>35<\/td><td>35<\/td><\/tr><tr><td>Potencia del motor (kilovatios)<\/td><td>2.5<\/td><td>3<\/td><td>7.5<\/td><td>15<\/td><td>30<\/td><\/tr><tr><td>Peso (kg)<\/td><td>240<\/td><td>320<\/td><td>1100<\/td><td>1320<\/td><td>1420<\/td><\/tr><tr><td>Tama\u00f1o (mm)<\/td><td>1020*780*1100<\/td><td>1450*870*1180<\/td><td>1800*1200*1550<\/td><td>2100*1400*1700<\/td><td>2300*1400*1700<\/td><\/tr><\/tbody><\/table><figcaption class=\"wp-element-caption\">Datos t\u00e9cnicos de la m\u00e1quina de extracci\u00f3n de aceite de man\u00ed.<\/figcaption><\/figure>    <h2 class=\"wp-block-heading\" id=\"structure-of-groundnut-oil-extraction\"><strong>Estructura de la m\u00e1quina para fabricar aceite de man\u00ed<\/strong><\/h2>    <p>En general, la estructura es sencilla. Consta principalmente de cinco partes: parte de control el\u00e9ctrico, parte de calentamiento y prensado, parte de ajuste, parte de transmisi\u00f3n y filtro de aceite de vac\u00edo. <\/p>    <ul class=\"wp-block-list\"> <li>En el caso de la m\u00e1quina productora de aceite de man\u00ed, la parte de control el\u00e9ctrico controla el circuito de toda la m\u00e1quina. <\/li>    <li>La parte de calentamiento y prensado es el n\u00facleo, que principalmente convierte el material en aceite comestible. <\/li>    <li>La parte de ajuste y transmisi\u00f3n tambi\u00e9n es parte indispensable. <\/li>    <li>La parte del filtro de aceite al vac\u00edo filtra principalmente el aceite comestible a trav\u00e9s del vac\u00edo.<\/li> <\/ul>   <div class=\"wp-block-image\"> <figure class=\"aligncenter size-full\"><img loading=\"lazy\" decoding=\"async\" width=\"720\" height=\"540\" src=\"https:\/\/taizyagromachine.com\/wp-content\/uploads\/2022\/02\/structure-of-groundnut-oil-processing-machine.jpg\" alt=\"Estructura de la m\u00e1quina procesadora de aceite de man\u00ed.\" class=\"wp-image-2094\" srcset=\"https:\/\/taizyagromachine.com\/wp-content\/uploads\/2022\/02\/structure-of-groundnut-oil-processing-machine.jpg 720w, https:\/\/taizyagromachine.com\/wp-content\/uploads\/2022\/02\/structure-of-groundnut-oil-processing-machine-300x225.jpg 300w\" sizes=\"auto, (max-width: 720px) 100vw, 720px\" \/><figcaption class=\"wp-element-caption\">Estructura de la m\u00e1quina procesadora de aceite de man\u00ed.<\/figcaption><\/figure> <\/div>   <figure class=\"wp-block-table is-style-stripes\"><table><tbody><tr><td>1. regulador de temperatura<\/td><td>7. entrada de alimentaci\u00f3n<\/td><\/tr><tr><td>2. salida de humos<\/td><td>8. secci\u00f3n de ajuste<\/td><\/tr><tr><td>3. gabinete de distribuci\u00f3n de energ\u00eda<\/td><td>9. elemento calefactor<\/td><\/tr><tr><td>4. posici\u00f3n de engrase<\/td><td>10. parte de salida de aceite<\/td><\/tr><tr><td>5. reductor<\/td><td>11. parte de prensa<\/td><\/tr><tr><td>6.motor<\/td><td>12. filtro de aceite de vac\u00edo<\/td><\/tr><\/tbody><\/table><figcaption class=\"wp-element-caption\">Lista de nombres de la m\u00e1quina prensadora de aceite de man\u00ed<\/figcaption><\/figure>    <h2 class=\"wp-block-heading\" id=\"how-to-do-extraction-of-oil-from-groundnut-seed\"><strong>\u00bfC\u00f3mo extraer aceite de man\u00ed del man\u00ed?<\/strong><\/h2>   <div class=\"wp-block-image\"> <figure class=\"aligncenter size-full\"><img loading=\"lazy\" decoding=\"async\" width=\"720\" height=\"540\" src=\"https:\/\/taizyagromachine.com\/wp-content\/uploads\/2022\/02\/screw-sunflower-oil-press.jpg\" alt=\"tornillo\" class=\"wp-image-2100\" srcset=\"https:\/\/taizyagromachine.com\/wp-content\/uploads\/2022\/02\/screw-sunflower-oil-press.jpg 720w, https:\/\/taizyagromachine.com\/wp-content\/uploads\/2022\/02\/screw-sunflower-oil-press-300x225.jpg 300w\" sizes=\"auto, (max-width: 720px) 100vw, 720px\" \/><figcaption class=\"wp-element-caption\">tornillo<\/figcaption><\/figure> <\/div>   <p class=\"translation-block\">Esta m\u00e1quina extractora de aceite de cacahuete es una <a href=\"https:\/\/taizyagromachine.com\/es\/product\/oil-press-machine-cold-oil-press-hot-oil-press-machine\/\">prensa de aceite de tornillo<\/a>, que tiene un eje de tornillo para prensar el aceite. Entonces, \u00bfc\u00f3mo hacer aceite de cacahuete? Mire los pasos a continuaci\u00f3n.<\/p>    <ol class=\"wp-block-list\"> <li><strong>Preparaci\u00f3n de materia prima<\/strong> <ul class=\"wp-block-list\"> <li>Limpieza y eliminaci\u00f3n de impurezas: limpiar el man\u00ed, quitar la tierra, piedras, impurezas, etc.<\/li>    <li>Tostado: para aumentar el rendimiento de aceite, tueste los cacahuetes limpios. La temperatura alcanza los 100-120 \u2103, lo que es mejor para el posterior prensado de aceite caliente. <\/li> <\/ul> <\/li>    <li><strong>Precalentar la prensa de aceite<\/strong> <ul class=\"wp-block-list\"> <li>Arrancar la m\u00e1quina: antes de la extracci\u00f3n formal de aceite, poner en marcha la prensa de aceite de tornillo y realizar la operaci\u00f3n de precalentamiento adecuada. Aseg\u00farese de que la m\u00e1quina de aceite de man\u00ed alcance la temperatura de trabajo para que el aceite de man\u00ed pueda salir m\u00e1s f\u00e1cilmente.<\/li>    <li>Verifique el puerto de alimentaci\u00f3n: aseg\u00farese de que el puerto de alimentaci\u00f3n est\u00e9 despejado y libre de obstrucciones, listo para comenzar a alimentar.<\/li> <\/ul> <\/li>    <li><strong>Alimentaci\u00f3n y extracci\u00f3n de aceite.<\/strong> <ul class=\"wp-block-list\"> <li>Alimentaci\u00f3n uniforme: coloque los cacahuetes en el puerto de alimentaci\u00f3n de la prensa de tornillo de forma lenta y uniforme.<\/li>    <li>Prensado de tornillos: la m\u00e1quina de extracci\u00f3n de aceite de tornillo ejerce presi\u00f3n sobre el man\u00ed mediante la rotaci\u00f3n del eje del tornillo. El man\u00ed se tritura gradualmente, se presuriza y se libera con aceite.<\/li>    <li>Separaci\u00f3n de sedimentos de petr\u00f3leo: el aceite y los sedimentos se separan durante el proceso de prensado. El aceite de man\u00ed sale por la salida, mientras que el residuo (pasta de man\u00ed) sale por el otro extremo.<\/li> <\/ul> <\/li>    <li><strong>Filtraci\u00f3n de aceite y grasa.<\/strong> <ul class=\"wp-block-list\"> <li>Filtraci\u00f3n: el aceite de man\u00ed prensado en caliente contendr\u00e1 algunos residuos, que pueden separarse de la mayor parte del residuo de aceite mediante filtraci\u00f3n.<\/li> <\/ul> <\/li>    <li><strong>Recolecci\u00f3n y almacenamiento de petr\u00f3leo.<\/strong> <ul class=\"wp-block-list\"> <li>Recolecci\u00f3n de aceite de man\u00ed: recoja el aceite de man\u00ed filtrado en un recipiente limpio, evite el contacto con impurezas o humedad para mantener la pureza del aceite.<\/li>    <li>Almacenamiento: el aceite de man\u00ed debe almacenarse en un recipiente herm\u00e9tico en un lugar fresco y seco para prolongar su vida \u00fatil.<\/li> <\/ul> <\/li>    <li><strong>Tratamiento de residuos<\/strong> <ul class=\"wp-block-list\"> <li>Eliminaci\u00f3n de la torta de man\u00ed: la torta de man\u00ed despu\u00e9s del prensado se puede utilizar como alimento para animales o para otros fines industriales sin desperdiciar materia prima.<\/li> <\/ul> <\/li> <\/ol>    <figure class=\"wp-block-embed is-type-video is-provider-youtube wp-block-embed-youtube wp-embed-aspect-16-9 wp-has-aspect-ratio\"><div class=\"wp-block-embed__wrapper\"> <iframe loading=\"lazy\" title=\"Prensa de aceite de tornillo para man\u00ed, girasol y s\u00e9samo | \u00bfC\u00f3mo funciona la m\u00e1quina de extracci\u00f3n de aceite?\" width=\"500\" height=\"281\" src=\"https:\/\/www.youtube.com\/embed\/Z-tnbuRlQzc?feature=oembed\" frameborder=\"0\" allow=\"accelerometer; autoplay; clipboard-write; encrypted-media; gyroscope; picture-in-picture; web-share\" referrerpolicy=\"strict-origin-when-cross-origin\" allowfullscreen><\/iframe> <\/div><figcaption class=\"wp-element-caption\">video sobre como extraer aceite<\/figcaption><\/figure>    <h2 class=\"wp-block-heading\"><strong>\u00bfC\u00f3mo conseguir aceite de man\u00ed comestible de alta calidad en el proceso de extracci\u00f3n?<\/strong><\/h2>    <p>Para la extracci\u00f3n de aceite comestible, los clientes est\u00e1n m\u00e1s preocupados por la calidad del aceite. Entonces, \u00bfc\u00f3mo conseguir aceite comestible de alta calidad?<\/p>    <p>El uso de tecnolog\u00eda de filtraci\u00f3n de aceite puede mejorar eficazmente la calidad de los aceites comestibles al eliminar impurezas y sabores desagradables, lo que da como resultado aceites m\u00e1s claros y puros. Por lo tanto, nuestra m\u00e1quina productora de aceite de man\u00ed generalmente est\u00e1 equipada con tambores filtrantes de aceite, lo que puede ayudar a los clientes a lograr este objetivo.<\/p>    <figure class=\"wp-block-gallery has-nested-images columns-default is-cropped wp-block-gallery-3 is-layout-flex wp-block-gallery-is-layout-flex\"> <figure class=\"wp-block-image size-large\"><img loading=\"lazy\" decoding=\"async\" width=\"720\" height=\"540\" data-id=\"7109\" src=\"https:\/\/taizyagromachine.com\/wp-content\/uploads\/2022\/02\/new-groundnut-oil-making-machine-with-oil-filter.webp\" alt=\"Nueva m\u00e1quina para fabricar aceite de man\u00ed con filtro de aceite.\" class=\"wp-image-7109\" srcset=\"https:\/\/taizyagromachine.com\/wp-content\/uploads\/2022\/02\/new-groundnut-oil-making-machine-with-oil-filter.webp 720w, https:\/\/taizyagromachine.com\/wp-content\/uploads\/2022\/02\/new-groundnut-oil-making-machine-with-oil-filter-16x12.webp 16w\" sizes=\"auto, (max-width: 720px) 100vw, 720px\" \/><figcaption class=\"wp-element-caption\">Nueva m\u00e1quina para fabricar aceite de man\u00ed con filtro de aceite.<\/figcaption><\/figure>    <figure class=\"wp-block-image size-large\"><img loading=\"lazy\" decoding=\"async\" width=\"720\" height=\"540\" data-id=\"7110\" src=\"https:\/\/taizyagromachine.com\/wp-content\/uploads\/2022\/02\/oil-filtering-drum.webp\" alt=\"tambor de filtrado de aceite\" class=\"wp-image-7110\" srcset=\"https:\/\/taizyagromachine.com\/wp-content\/uploads\/2022\/02\/oil-filtering-drum.webp 720w, https:\/\/taizyagromachine.com\/wp-content\/uploads\/2022\/02\/oil-filtering-drum-16x12.webp 16w\" sizes=\"auto, (max-width: 720px) 100vw, 720px\" \/><figcaption class=\"wp-element-caption\">tambor de filtrado de aceite<\/figcaption><\/figure> <\/figure>    <h2 class=\"wp-block-heading\" id=\"what-materials-is-suitable-for-peanut-oil-press-machine\"><strong>Materias primas adecuadas para la m\u00e1quina productora de aceite de man\u00ed.<\/strong><\/h2>    <p>Esta m\u00e1quina industrial para fabricar aceite de man\u00ed es adecuada para:<\/p>    <p class=\"translation-block\"><strong>Soja, cacahuete, semilla de algod\u00f3n, <a href=\"https:\/\/en.wikipedia.org\/wiki\/Rapeseed\" target=\"_blank\" rel=\"noopener\">colza<\/a>, semilla de girasol, semilla de pimienta<\/strong>, etc.<\/p>    <p>Por eso la llamamos m\u00e1quina para fabricar aceite de girasol y tambi\u00e9n prensa de aceite de semilla de algod\u00f3n. Para m\u00e1s detalles, por favor cont\u00e1ctenos para consulta.<\/p>   <div class=\"wp-block-image\"> <figure class=\"aligncenter size-full\"><img loading=\"lazy\" decoding=\"async\" width=\"720\" height=\"540\" src=\"https:\/\/taizyagromachine.com\/wp-content\/uploads\/2022\/02\/application-of-screw-groudnut-oil-extraction.jpg\" alt=\"aplicaci\u00f3n-de-extracci\u00f3n-de-aceite-de-tuerca-tornillo\" class=\"wp-image-2135\" srcset=\"https:\/\/taizyagromachine.com\/wp-content\/uploads\/2022\/02\/application-of-screw-groudnut-oil-extraction.jpg 720w, https:\/\/taizyagromachine.com\/wp-content\/uploads\/2022\/02\/application-of-screw-groudnut-oil-extraction-300x225.jpg 300w\" sizes=\"auto, (max-width: 720px) 100vw, 720px\" \/><figcaption class=\"wp-element-caption\">Aplicaci\u00f3n de la extracci\u00f3n de aceite de man\u00ed con tornillo.<\/figcaption><\/figure> <\/div>   <p>Debido al diferente contenido de aceite de las variedades de aceite, adem\u00e1s de la diferencia en la tecnolog\u00eda de operaci\u00f3n y el pretratamiento del aceite, los datos de la siguiente tabla son para su referencia.<\/p>    <figure class=\"wp-block-table is-style-stripes\"><table><tbody><tr><td>Materias primas<\/td><td>Tasa de extracci\u00f3n de petr\u00f3leo<\/td><td>Tasa de aceite residual en torta de aceite<\/td><\/tr><tr><td>S\u00e9samo<\/td><td>45-55%<\/td><td>\u22646%<\/td><\/tr><tr><td>Man\u00ed<\/td><td>43-54%<\/td><td>\u22647%<\/td><\/tr><tr><td>colza<\/td><td>32-44%<\/td><td>\u22647%<\/td><\/tr><tr><td>Girasol<\/td><td>32-43%<\/td><td>\u22647%<\/td><\/tr><tr><td>Haba de soja<\/td><td>12-18%<\/td><td>\u22646%<\/td><\/tr><\/tbody><\/table><figcaption class=\"wp-element-caption\">tabla de tasas de rendimiento de petr\u00f3leo<\/figcaption><\/figure>   <div class=\"wp-block-image\"> <figure class=\"aligncenter size-large\"><img loading=\"lazy\" decoding=\"async\" width=\"803\" height=\"450\" src=\"https:\/\/taizyagromachine.com\/wp-content\/uploads\/2022\/02\/high-quality-edible-oil.webp\" alt=\"aceite comestible de alta calidad\" class=\"wp-image-7115\" srcset=\"https:\/\/taizyagromachine.com\/wp-content\/uploads\/2022\/02\/high-quality-edible-oil.webp 803w, https:\/\/taizyagromachine.com\/wp-content\/uploads\/2022\/02\/high-quality-edible-oil-18x10.webp 18w\" sizes=\"auto, (max-width: 803px) 100vw, 803px\" \/><figcaption class=\"wp-element-caption\">aceite comestible de alta calidad<\/figcaption><\/figure> <\/div>   <h2 class=\"wp-block-heading\"><strong>Equipo combinado para m\u00e1quina productora de aceite de man\u00ed<\/strong><\/h2>    <p class=\"translation-block\"><strong>M\u00e1quina extractora de aceite de cacahuete con m\u00e1quina tostadora<\/strong><\/p>    <p>Esta m\u00e1quina para fabricar aceite de man\u00ed admite prensado en caliente para el man\u00ed, por lo que la m\u00e1quina tostadora se aplica antes de llegar al expulsor.<\/p>    <figure class=\"wp-block-gallery aligncenter has-nested-images columns-default is-cropped wp-block-gallery-4 is-layout-flex wp-block-gallery-is-layout-flex\"> <figure class=\"wp-block-image size-full\"><img loading=\"lazy\" decoding=\"async\" width=\"720\" height=\"540\" data-id=\"2097\" src=\"https:\/\/taizyagromachine.com\/wp-content\/uploads\/2022\/02\/peanut-oil-extraction-with-the-roaster-machine.jpg\" alt=\"extracci\u00f3n de aceite con la m\u00e1quina tostadora\" class=\"wp-image-2097\" srcset=\"https:\/\/taizyagromachine.com\/wp-content\/uploads\/2022\/02\/peanut-oil-extraction-with-the-roaster-machine.jpg 720w, https:\/\/taizyagromachine.com\/wp-content\/uploads\/2022\/02\/peanut-oil-extraction-with-the-roaster-machine-300x225.jpg 300w\" sizes=\"auto, (max-width: 720px) 100vw, 720px\" \/><figcaption class=\"wp-element-caption\"> extracci\u00f3n de aceite con la m\u00e1quina tostadora<\/figcaption><\/figure>    <figure class=\"wp-block-image size-full\"><img loading=\"lazy\" decoding=\"async\" width=\"720\" height=\"540\" data-id=\"7118\" src=\"https:\/\/taizyagromachine.com\/wp-content\/uploads\/2022\/02\/roaster-machine.webp\" alt=\"maquina tostadora\" class=\"wp-image-7118\" srcset=\"https:\/\/taizyagromachine.com\/wp-content\/uploads\/2022\/02\/roaster-machine.webp 720w, https:\/\/taizyagromachine.com\/wp-content\/uploads\/2022\/02\/roaster-machine-16x12.webp 16w\" sizes=\"auto, (max-width: 720px) 100vw, 720px\" \/><figcaption class=\"wp-element-caption\">maquina tostadora<\/figcaption><\/figure> <\/figure>    <p>Si quieres conocer m\u00e1s sobre este tipo de prensa de aceite, \u00a1ponte en contacto con nosotros en cualquier momento! \u00a1Le brindaremos la soluci\u00f3n m\u00e1s adecuada para beneficiar su negocio petrolero!<\/p>","protected":false},"excerpt":{"rendered":"<p>La m\u00e1quina para fabricar aceite de man\u00ed Taizy se especializa en extraer aceite y grasa del man\u00ed mediante presi\u00f3n de tornillo con prensado en caliente. Su producci\u00f3n es de 40-600 kg\/h.<\/p>","protected":false},"author":1,"featured_media":2156,"parent":0,"template":"","tags":[163,166,158,159,161,157,165,167,162,164],"product-type":[21],"class_list":["post-2092","product","type-product","status-publish","has-post-thumbnail","hentry","tag-groundnut-oil-making-machine","tag-groundnut-oil-rxtraction","tag-oil-expeller","tag-oil-extraction-machine","tag-oil-press","tag-oil-press-machine","tag-oil-pressing-machine","tag-peanut-oil-extraction","tag-peanut-oil-making-machine","tag-sunflower-oil-making-machine","product-type-peanut-machine"],"_links":{"self":[{"href":"https:\/\/taizyagromachine.com\/es\/wp-json\/wp\/v2\/product\/2092","targetHints":{"allow":["GET"]}}],"collection":[{"href":"https:\/\/taizyagromachine.com\/es\/wp-json\/wp\/v2\/product"}],"about":[{"href":"https:\/\/taizyagromachine.com\/es\/wp-json\/wp\/v2\/types\/product"}],"author":[{"embeddable":true,"href":"https:\/\/taizyagromachine.com\/es\/wp-json\/wp\/v2\/users\/1"}],"wp:featuredmedia":[{"embeddable":true,"href":"https:\/\/taizyagromachine.com\/es\/wp-json\/wp\/v2\/media\/2156"}],"wp:attachment":[{"href":"https:\/\/taizyagromachine.com\/es\/wp-json\/wp\/v2\/media?parent=2092"}],"wp:term":[{"taxonomy":"post_tag","embeddable":true,"href":"https:\/\/taizyagromachine.com\/es\/wp-json\/wp\/v2\/tags?post=2092"},{"taxonomy":"product-type","embeddable":true,"href":"https:\/\/taizyagromachine.com\/es\/wp-json\/wp\/v2\/product-type?post=2092"}],"curies":[{"name":"wp","href":"https:\/\/api.w.org\/{rel}","templated":true}]}}