{"id":2242,"date":"2022-03-18T08:12:32","date_gmt":"2022-03-18T08:12:32","guid":{"rendered":"https:\/\/taizyagromachine.com\/"},"modified":"2023-12-29T16:37:07","modified_gmt":"2023-12-29T08:37:07","slug":"wheat-thresher","status":"publish","type":"product","link":"https:\/\/taizyagromachine.com\/es\/product\/wheat-thresher\/","title":{"rendered":"Trilladora de trigo multifuncional para arroz con c\u00e1scara, cebada y soja"},"content":{"rendered":"<p class=\"translation-block\">El <strong>trillador de trigo<\/strong> se utiliza principalmente para trillar cebada, trigo, arroz y otros granos (como sorgo, mijo, soja, etc.). Tiene una capacidad de 500-1200 kg\/h y una tasa de p\u00e9rdida y da\u00f1o de \u22641.5%.<\/p>    <p>Esta m\u00e1quina trilladora para arroz y trigo se utiliza principalmente para lograr la operaci\u00f3n de trilla de cultivos, especialmente adecuada para la trilla poscosecha a gran escala en tierras de cultivo. Por lo tanto, para las f\u00e1bricas procesadoras de harina o los empresarios inversionistas, es una buena opci\u00f3n para obtener ganancias.<\/p>    <p>Nuestra m\u00e1quina trilladora de trigo y arroz ha sido muy popular en muchos pa\u00edses. Pa\u00edses como Per\u00fa, Nigeria, Estados Unidos, Sierra Leona, Om\u00e1n, Ghana, Gambia, Trinidad y Tobago. Entonces, si tienes inter\u00e9s, \u00a1cont\u00e1ctame en cualquier momento!<\/p>    <figure class=\"wp-block-embed is-type-video is-provider-youtube wp-block-embed-youtube wp-embed-aspect-16-9 wp-has-aspect-ratio\"><div class=\"wp-block-embed__wrapper\"> <iframe loading=\"lazy\" title=\"Trilladora de trigo y arroz con c\u00e1scara para arroz, trigo, sorgo, mijo, frijoles y colza #thresher\" width=\"500\" height=\"281\" src=\"https:\/\/www.youtube.com\/embed\/VCyiJiKC3Fo?feature=oembed\" frameborder=\"0\" allow=\"accelerometer; autoplay; clipboard-write; encrypted-media; gyroscope; picture-in-picture; web-share\" referrerpolicy=\"strict-origin-when-cross-origin\" allowfullscreen><\/iframe> <\/div><figcaption class=\"wp-element-caption\">trilladora de arroz y trigo para diversos cereales<\/figcaption><\/figure>    <h2 class=\"wp-block-heading\"><strong>M\u00e1quina trilladora de trigo disponible para la venta<\/strong><\/h2>    <p>Las funciones de nuestra m\u00e1quina trilladora de trigo son:<\/p>    <ul class=\"wp-block-list\"> <li><strong>Trilla<\/strong>: Separar los granos de la paja de las espigas de arroz y trigo por medios mec\u00e1nicos.<\/li>    <li><strong>Limpieza<\/strong>: Limpieza sincronizada en el proceso de trilla, retirando restos, granos desinflados, fragmentos de paja, etc., para asegurar la pureza de las semillas.<\/li>    <li><strong>Anti-mezcla<\/strong>: con un buen rendimiento antimezcla, aseg\u00farese de que las semillas de diferentes variedades no se mezclen.<\/li> <\/ul>    <p>Hay cuatro modelos de trilladoras de granos disponibles y los par\u00e1metros t\u00e9cnicos se enumeran a continuaci\u00f3n para su referencia.<\/p>    <figure class=\"wp-block-table\"><table><tbody><tr><td>Modelo<\/td><td>Fuera de dimensi\u00f3n<\/td><td>Potencia igualada<br>(<strong>motor el\u00e9ctrico<\/strong>)<\/td><td>Potencia igualada<br><strong>(motor diesel<\/strong>)<\/td><td>Peso total<\/td><td>Trabaja eficientemente<\/td><td>Velocidad de rotaci\u00f3n del rodillo<\/td><td>Velocidad de rotaci\u00f3n del ventilador<\/td><td>Frecuencia de&nbsp;<br>Pantalla vibrante<\/td><td>Tasa de p\u00e9rdida total<\/td><td>Tasa de da\u00f1o total<\/td><\/tr><tr><td>5TD-50<\/td><td>1400\u00d7900\u00d71050mm<\/td><td>2,2-3kW<\/td><td>6-8HP<\/td><td>150 kilos<\/td><td>500-800kg\/hora<\/td><td>1400 rpm<\/td><td>2500 rpm<\/td><td>580 veces\/minuto<\/td><td>\u22643.0%<\/td><td>\u22641.5%<\/td><\/tr><tr><td>5TD-75<\/td><td>1070\u00d72060\u00d71340mm<\/td><td>7,5kW<\/td><td>12-15 CV<\/td><td>260 kilos<\/td><td>700-1000kg\/hora<\/td><td>1200 rpm<\/td><td>2400 rpm<\/td><td>320 veces\/minuto<\/td><td>\u22643.0%<\/td><td>\u22641.5%<\/td><\/tr><tr><td>5TD-90<\/td><td>2300\u00d72000\u00d71500mm<\/td><td>7,5-11kW<\/td><td>18-20 CV<\/td><td>420 kilos<\/td><td>1000-1500kg\/hora<\/td><td>1060 rpm<\/td><td>2500 rpm<\/td><td>320 veces\/minuto<\/td><td>\u22641.5%<\/td><td>\u22641.5%<\/td><\/tr><tr><td>5TD-125<\/td><td>2400\u00d72490\u00d71530mm<\/td><td>11-13kW<\/td><td>24-25 CV<\/td><td>450 kilos<\/td><td>1500-2000kg\/h<\/td><td>1000 rpm<\/td><td>2500 rpm<\/td><td>&nbsp;240 veces\/minuto<\/td><td>\u22641.5%<\/td><td>\u22641.5%<\/td><\/tr><\/tbody><\/table><figcaption class=\"wp-element-caption\">4 tipos de par\u00e1metros de trilladora de arroz y trigo.<\/figcaption><\/figure>    <figure class=\"wp-block-gallery aligncenter has-nested-images columns-2 is-cropped wp-block-gallery-2 is-layout-flex wp-block-gallery-is-layout-flex\"> <figure class=\"wp-block-image size-full\"><img loading=\"lazy\" decoding=\"async\" width=\"720\" height=\"540\" data-id=\"2254\" src=\"https:\/\/taizyagromachine.com\/wp-content\/uploads\/2022\/03\/soybean-thresher-5TD-50.jpg\" alt=\"trilladora-de-soja-5TD-50\" class=\"wp-image-2254\" srcset=\"https:\/\/taizyagromachine.com\/wp-content\/uploads\/2022\/03\/soybean-thresher-5TD-50.jpg 720w, https:\/\/taizyagromachine.com\/wp-content\/uploads\/2022\/03\/soybean-thresher-5TD-50-300x225.jpg 300w\" sizes=\"auto, (max-width: 720px) 100vw, 720px\" \/><figcaption class=\"wp-element-caption\">trilladora de soja-5TD-50<\/figcaption><\/figure>    <figure class=\"wp-block-image size-large\"><img loading=\"lazy\" decoding=\"async\" width=\"720\" height=\"540\" data-id=\"2255\" src=\"https:\/\/taizyagromachine.com\/wp-content\/uploads\/2022\/03\/sorghum-thresher-5TD-75.jpg\" alt=\"trilladora-sorgo-5TD-75\" class=\"wp-image-2255\" srcset=\"https:\/\/taizyagromachine.com\/wp-content\/uploads\/2022\/03\/sorghum-thresher-5TD-75.jpg 720w, https:\/\/taizyagromachine.com\/wp-content\/uploads\/2022\/03\/sorghum-thresher-5TD-75-300x225.jpg 300w\" sizes=\"auto, (max-width: 720px) 100vw, 720px\" \/><figcaption class=\"wp-element-caption\">trilladora de sorgo-5TD-75<\/figcaption><\/figure>    <figure class=\"wp-block-image size-full\"><img loading=\"lazy\" decoding=\"async\" width=\"720\" height=\"540\" data-id=\"2257\" src=\"https:\/\/taizyagromachine.com\/wp-content\/uploads\/2022\/03\/rice-thresher-5TD-90.jpg\" alt=\"trilladora-de-arroz-5TD-90\" class=\"wp-image-2257\" srcset=\"https:\/\/taizyagromachine.com\/wp-content\/uploads\/2022\/03\/rice-thresher-5TD-90.jpg 720w, https:\/\/taizyagromachine.com\/wp-content\/uploads\/2022\/03\/rice-thresher-5TD-90-300x225.jpg 300w\" sizes=\"auto, (max-width: 720px) 100vw, 720px\" \/><figcaption class=\"wp-element-caption\">trilladora de arroz-5TD-90<\/figcaption><\/figure>    <figure class=\"wp-block-image size-large\"><img loading=\"lazy\" decoding=\"async\" width=\"720\" height=\"540\" data-id=\"2258\" src=\"https:\/\/taizyagromachine.com\/wp-content\/uploads\/2022\/03\/wehat-thresher-5TD-125.jpg\" alt=\"wehat-trilla-5TD-125\" class=\"wp-image-2258\" srcset=\"https:\/\/taizyagromachine.com\/wp-content\/uploads\/2022\/03\/wehat-thresher-5TD-125.jpg 720w, https:\/\/taizyagromachine.com\/wp-content\/uploads\/2022\/03\/wehat-thresher-5TD-125-300x225.jpg 300w\" sizes=\"auto, (max-width: 720px) 100vw, 720px\" \/><figcaption class=\"wp-element-caption\">trilladora wehat-5TD-125<\/figcaption><\/figure> <\/figure>    <h2 class=\"wp-block-heading\" id=\"h-what-materials-are-threshed-by-soybean-thresher\"><strong>\u00bfQu\u00e9 materiales trilla la trilladora de soja?<\/strong><\/h2>    <p>El arroz y la harina son muy comunes en la vida diaria. Se consumen con mucha frecuencia en la vida diaria y en la familia de cada persona. Por lo tanto, la m\u00e1quina trilladora es necesaria para trillar trigo y arroz con c\u00e1scara.<\/p>    <p>Adem\u00e1s, el sorgo y la soja se pueden desgranar. Son ricos en nutrientes para la salud humana. La soja y el sorgo tienen la funci\u00f3n de promover la digesti\u00f3n, reducir el az\u00facar y los l\u00edpidos en la sangre, blanquear el cuidado de la piel y mejorar la inmunidad. <\/p>    <figure class=\"wp-block-gallery has-nested-images columns-default is-cropped wp-block-gallery-3 is-layout-flex wp-block-gallery-is-layout-flex\"> <figure class=\"wp-block-image size-full\"><img loading=\"lazy\" decoding=\"async\" width=\"540\" height=\"720\" data-id=\"2261\" src=\"https:\/\/taizyagromachine.com\/wp-content\/uploads\/2022\/03\/applicable-materials.jpg\" alt=\"materiales aplicables\" class=\"wp-image-2261\" srcset=\"https:\/\/taizyagromachine.com\/wp-content\/uploads\/2022\/03\/applicable-materials.jpg 540w, https:\/\/taizyagromachine.com\/wp-content\/uploads\/2022\/03\/applicable-materials-225x300.jpg 225w\" sizes=\"auto, (max-width: 540px) 100vw, 540px\" \/><figcaption class=\"wp-element-caption\">materiales aplicables<\/figcaption><\/figure>    <figure class=\"wp-block-image size-full\"><img loading=\"lazy\" decoding=\"async\" width=\"540\" height=\"720\" data-id=\"2260\" src=\"https:\/\/taizyagromachine.com\/wp-content\/uploads\/2022\/03\/threshed-materials.jpg\" alt=\"materiales-trillados\" class=\"wp-image-2260\" srcset=\"https:\/\/taizyagromachine.com\/wp-content\/uploads\/2022\/03\/threshed-materials.jpg 540w, https:\/\/taizyagromachine.com\/wp-content\/uploads\/2022\/03\/threshed-materials-225x300.jpg 225w\" sizes=\"auto, (max-width: 540px) 100vw, 540px\" \/><figcaption class=\"wp-element-caption\">materiales trillados<\/figcaption><\/figure> <\/figure>    <h2 class=\"wp-block-heading\" id=\"h-advantages-of-sorghum-thresher\"><strong>Ventajas estructurales de la trilladora de granos para arroz de trigo<\/strong><\/h2>    <ul class=\"wp-block-list\"> <li><strong>Fuerte practicidad<\/strong>. Diferentes cultivos utilizan diferentes cribas y se pueden trillar muchos granos.<\/li>    <li><strong>Grandes ruedas y soportes.<\/strong>. Esta m\u00e1quina trilladora es f\u00e1cil de mover y su construcci\u00f3n es muy popular entre los clientes africanos.<\/li>    <li><strong>Sistema de poder<\/strong>. Puede equiparse con un motor di\u00e9sel y un motor, y la trilladora de arroz 5TD-50 tambi\u00e9n puede utilizar un motor de gasolina, lo que resuelve el problema de la potencia insuficiente.<\/li>    <li><strong>Servicio personalizado<\/strong>. Para esta peque\u00f1a m\u00e1quina trilladora de trigo, ofrecemos diferentes modelos de m\u00e1quinas direccionadoras seg\u00fan sus necesidades para satisfacer sus necesidades.<\/li> <\/ul>    <h2 class=\"wp-block-heading\"><strong>Focos de trilladora de arroz<\/strong><\/h2>    <ul class=\"wp-block-list\"> <li><strong>Alta eficiencia y estabilidad<\/strong>: Esta trilladora de arroz multicultivo puede completar la tarea de trilla de forma r\u00e1pida y eficiente, y tiene una gran adaptabilidad al estado seco y h\u00famedo de los cultivos, manteniendo un efecto de trilla estable.<\/li>    <li><strong>Baja tasa de p\u00e9rdida<\/strong>: Menos p\u00e9rdida de grano durante la trilla, mejora la eficiencia de la cosecha y los beneficios econ\u00f3micos.<\/li>    <li><strong>Operaci\u00f3n conveniente<\/strong>: Estructura simple, f\u00e1cil de operar, parte del modelo se puede aplicar a diferentes tipos de trilla de granos reemplazando la criba.<\/li>    <li><strong>Amplia gama de aplicaciones<\/strong>: No s\u00f3lo para arroz y trigo, sino que tambi\u00e9n se puede aplicar a una variedad de trabajos de trilla de granos.<\/li>    <li><strong>Fuerte flexibilidad<\/strong>: Para la trilladora el\u00e9ctrica peque\u00f1a de laboratorio, se puede utilizar desde una sola p\u00faa hasta una cierta cantidad de muestras de p\u00faas para el procesamiento de trilla fina.<\/li>    <li><strong>Buena durabilidad<\/strong>: el cuerpo de la trilladora de arroz con c\u00e1scara est\u00e1 fabricado con materiales resistentes a la corrosi\u00f3n, duraderos y capaces de satisfacer las necesidades de actividades agr\u00edcolas a largo plazo.<\/li> <\/ul>    <h2 class=\"wp-block-heading\" id=\"h-wheat-thresher-machine-benefits-and-price-analysis\"><strong>Beneficios de la m\u00e1quina trilladora de trigo y an\u00e1lisis de precios<\/strong><\/h2>    <p class=\"translation-block\"><strong>An\u00e1lisis de beneficios de la trilladora de trigo a la venta<\/strong><\/p>    <p class=\"translation-block\">Hay una gran poblaci\u00f3n en el mundo, y casi todos se basan en el arroz y la harina, ya sean alimentos occidentales o chinos. Por lo tanto, en general, el mercado del arroz y la harina es muy amplio. La trilladora de trigo puede trillar una variedad de granos, lo que demuestra que es muy pr\u00e1ctica. Tomando como ejemplo el trillado de arroz, despu\u00e9s de usar la trilladora de arroz, se obtiene arroz paddy, luego se puede usar la <a href=\"https:\/\/taizyagromachine.com\/es\/product\/rice-mill\/\" target=\"_blank\" rel=\"noreferrer noopener\">planta de molino de arroz<\/a> y, finalmente, se obtiene arroz comestible. <\/p>    <p>Adem\u00e1s, esta trilladora de trigo y arroz, mijo, sorgo, frijoles est\u00e1 fabricada con ruedas grandes y bandejas. Este tipo de m\u00e1quina trilladora es muy popular en \u00c1frica. <\/p>    <p class=\"translation-block\"><strong>An\u00e1lisis del precio de la trilladora de trigo<\/strong><\/p>    <p>Disponemos de cuatro modelos. Y cada modelo tiene su correspondiente capacidad, potencia adaptada y otros. Adem\u00e1s, el precio de la trilladora de arroz est\u00e1 influenciado por el costo de tiempo, el costo de mano de obra, la producci\u00f3n, etc. Puede enviarnos un mensaje con sus demandas detalladas y podemos ofrecerle asesoramiento profesional sobre la trilladora de arroz para su referencia.<\/p>    <h2 class=\"wp-block-heading\" id=\"h-how-to-choose-proper-place-to-put-wheat-thresher\"><strong>\u00bfC\u00f3mo elegir el lugar adecuado para colocar la trilladora de trigo?<\/strong><\/h2>    <ol class=\"wp-block-list\"> <li>Determine un terreno endurecido relativamente espacioso seg\u00fan la cantidad de trabajo que necesite para desgranar.<\/li>    <li>La distancia debe mantenerse relativamente libre de obst\u00e1culos.<\/li>    <li>En la medida de lo posible lejos de zonas residenciales, no debe estar debajo de la l\u00ednea de transmisi\u00f3n el\u00e9ctrica.<\/li>    <li>Se deben proporcionar instalaciones adecuadas para la prevenci\u00f3n de incendios, como pilas de arena y tanques de agua llenos de agua o extintores.<\/li>    <li>Cuando se trabaje de noche, deber\u00e1 estar equipado con una iluminaci\u00f3n adecuada.<\/li>    <li>La direcci\u00f3n de la salida de descarga de c\u00e9sped debe ser lo m\u00e1s coherente posible con la direcci\u00f3n del viento.<\/li>    <li>Cuando se utiliza el motor como potencia, los equipos y l\u00edneas el\u00e9ctricas utilizadas en el sitio deben cumplir con las disposiciones de la norma nacional de energ\u00eda el\u00e9ctrica, y la cuchilla debe instalarse en un lugar al que el operador pueda llegar inmediatamente, para que la m\u00e1quina pueda ser detenido a tiempo.<\/li>    <li>Cuando se utiliza el motor di\u00e9sel como potencia, el usuario debe conectar la chimenea con el tubo de escape di\u00e9sel y conducir el fuego al suelo para cumplir con los requisitos de ausencia de riesgo de incendio.<\/li> <\/ol>    <h2 class=\"wp-block-heading\" id=\"h-maintennace-of-commercial-thresher\"><strong>Mantenimiento de trilladora de trigo comercial<\/strong><\/h2>    <ol class=\"wp-block-list\"> <li>Cada 40 horas de trabajo revisar los rodamientos de rodillos y ventiladores y a\u00f1adir una cantidad adecuada de mantequilla.<\/li>    <li>Al final de cada uso, la trilladora debe funcionar vac\u00eda durante 5 minutos para eliminar el alimento restante en la m\u00e1quina.<\/li>    <li>Al finalizar el trabajo, comprobar el estado de las piezas de la m\u00e1quina y realizar el mantenimiento.<\/li> <\/ol>    <h2 class=\"wp-block-heading\" id=\"h-successful-case-rice-wheat-thresher-exported-to-pakistan\"><strong>Caso exitoso: Trilladora de trigo y arroz exportada a Pakist\u00e1n<\/strong><\/h2>    <p>En enero de este a\u00f1o, nuestra gerente de ventas Coco recibi\u00f3 una consulta desde Pakist\u00e1n. Este cliente paquistan\u00ed pregunt\u00f3 por una trilladora. Despu\u00e9s de enterarse de que quer\u00eda trillar sorgo, Coco le recomend\u00f3 esta trilladora. Adem\u00e1s, Coco le envi\u00f3 los v\u00eddeos y fotograf\u00edas de trabajo. <\/p>    <p>En comparaci\u00f3n con el precio de la trilladora de trigo en Pakist\u00e1n, los clientes paquistan\u00edes deciden comprarnos. Ambas partes confirmaron los detalles de la m\u00e1quina uno por uno y luego firmaron el contrato. Y la m\u00e1quina se envi\u00f3 con \u00e9xito a Pakist\u00e1n en marzo de este a\u00f1o.<\/p>   <div class=\"wp-block-image\"> <figure class=\"aligncenter size-full\"><img loading=\"lazy\" decoding=\"async\" width=\"720\" height=\"540\" src=\"https:\/\/taizyagromachine.com\/wp-content\/uploads\/2022\/03\/package-wheat-thresher-machine.jpg\" alt=\"paquete-trilladora-de-trigo\" class=\"wp-image-2263\" srcset=\"https:\/\/taizyagromachine.com\/wp-content\/uploads\/2022\/03\/package-wheat-thresher-machine.jpg 720w, https:\/\/taizyagromachine.com\/wp-content\/uploads\/2022\/03\/package-wheat-thresher-machine-300x225.jpg 300w\" sizes=\"auto, (max-width: 720px) 100vw, 720px\" \/><figcaption class=\"wp-element-caption\">trilladora de trigo en paquetes<\/figcaption><\/figure> <\/div>   <h2 class=\"wp-block-heading\"><strong>Comentarios de los clientes sobre la m\u00e1quina trilladora de arroz y trigo<\/strong><\/h2>    <p class=\"translation-block\"><strong>Comentarios de clientes africanos sobre la trilladora de trigo para tractor<\/strong><\/p>    <p>Despu\u00e9s de utilizar la trilladora de trigo, los usuarios africanos compartieron su experiencia pr\u00e1ctica a trav\u00e9s de v\u00eddeos. Elogiaron la m\u00e1quina de arroz con c\u00e1scara por su alta eficiencia y durabilidad, excelente rendimiento en condiciones clim\u00e1ticas cambiantes, mejora en gran medida la eficiencia de la cosecha de tierras agr\u00edcolas locales, reduce significativamente la intensidad de mano de obra de los agricultores y por ser bien recibida por la mayor\u00eda de los agricultores.<\/p>    <figure class=\"wp-block-embed is-type-video is-provider-youtube wp-block-embed-youtube wp-embed-aspect-16-9 wp-has-aspect-ratio\"><div class=\"wp-block-embed__wrapper\"> <iframe loading=\"lazy\" title=\"M\u00e1quina trilladora de arroz y trigo de alta eficiencia: trilla de mijo africano, arroz, trigo y colza\" width=\"500\" height=\"281\" src=\"https:\/\/www.youtube.com\/embed\/cN2OVH9_M58?feature=oembed\" frameborder=\"0\" allow=\"accelerometer; autoplay; clipboard-write; encrypted-media; gyroscope; picture-in-picture; web-share\" referrerpolicy=\"strict-origin-when-cross-origin\" allowfullscreen><\/iframe> <\/div><figcaption class=\"wp-element-caption\">Comentarios de la trilladora de trigo con c\u00e1scara de \u00c1frica<\/figcaption><\/figure>    <p class=\"translation-block\"><strong>Comentarios de Ghana sobre la m\u00e1quina trilladora de trigo<\/strong><\/p>    <p>Los clientes de Ghana mostraron el efecto real de la aplicaci\u00f3n de la trilladora de trigo en el mercado local a trav\u00e9s de comentarios en video. Elogiaron el excelente rendimiento de trilla, la f\u00e1cil operaci\u00f3n y la buena adaptabilidad del equipo, y consideraron que resolvi\u00f3 eficazmente el problema de la cosecha de arroz y trigo en Ghana, mejor\u00f3 significativamente la productividad agr\u00edcola y esperaban una mayor cooperaci\u00f3n y promoci\u00f3n.<\/p>    <figure class=\"wp-block-embed is-type-video is-provider-youtube wp-block-embed-youtube wp-embed-aspect-16-9 wp-has-aspect-ratio\"><div class=\"wp-block-embed__wrapper\"> <iframe loading=\"lazy\" title=\"Gran efecto de trilla de la trilladora de trigo Comentarios de Ghana: M\u00e1quina trilladora para ma\u00edz, trigo y arroz\" width=\"500\" height=\"281\" src=\"https:\/\/www.youtube.com\/embed\/tgtGHWs_AUM?feature=oembed\" frameborder=\"0\" allow=\"accelerometer; autoplay; clipboard-write; encrypted-media; gyroscope; picture-in-picture; web-share\" referrerpolicy=\"strict-origin-when-cross-origin\" allowfullscreen><\/iframe> <\/div><figcaption class=\"wp-element-caption\">Comentarios de la trilladora de trigo de Ghana<\/figcaption><\/figure>    <h2 class=\"wp-block-heading\"><strong>\u00a1Empiece a trillar su grano ahora!<\/strong><\/h2>    <p class=\"translation-block\">\u00bfQuiere iniciarse f\u00e1cilmente en el trillado de <a href=\"https:\/\/en.wikipedia.org\/wiki\/Grain\" target=\"_blank\" rel=\"noopener\">granos<\/a>? Para obtener el mejor precio de la m\u00e1quina trilladora para arroz y trigo, cont\u00e1ctenos ahora. Podemos proporcionarle la mejor soluci\u00f3n para ayudarle a lograr f\u00e1cilmente la mecanizaci\u00f3n de la cosecha de granos.<\/p>","protected":false},"excerpt":{"rendered":"<p>La trilladora de trigo sirve para trillar cebada, trigo, arroz, sorgo, cereales, soja y mijo. Declaramos que tipos de trilladora de granos, ventajas, comentarios de los clientes, etc. Si desea esta m\u00e1quina, cont\u00e1ctenos oportunamente.<\/p>","protected":false},"author":1,"featured_media":2265,"parent":0,"template":"","tags":[205,204],"product-type":[20],"class_list":["post-2242","product","type-product","status-publish","has-post-thumbnail","hentry","tag-rice-wheat-thresher","tag-wheat-thresher","product-type-rice-and-wheat-machine"],"_links":{"self":[{"href":"https:\/\/taizyagromachine.com\/es\/wp-json\/wp\/v2\/product\/2242","targetHints":{"allow":["GET"]}}],"collection":[{"href":"https:\/\/taizyagromachine.com\/es\/wp-json\/wp\/v2\/product"}],"about":[{"href":"https:\/\/taizyagromachine.com\/es\/wp-json\/wp\/v2\/types\/product"}],"author":[{"embeddable":true,"href":"https:\/\/taizyagromachine.com\/es\/wp-json\/wp\/v2\/users\/1"}],"wp:featuredmedia":[{"embeddable":true,"href":"https:\/\/taizyagromachine.com\/es\/wp-json\/wp\/v2\/media\/2265"}],"wp:attachment":[{"href":"https:\/\/taizyagromachine.com\/es\/wp-json\/wp\/v2\/media?parent=2242"}],"wp:term":[{"taxonomy":"post_tag","embeddable":true,"href":"https:\/\/taizyagromachine.com\/es\/wp-json\/wp\/v2\/tags?post=2242"},{"taxonomy":"product-type","embeddable":true,"href":"https:\/\/taizyagromachine.com\/es\/wp-json\/wp\/v2\/product-type?post=2242"}],"curies":[{"name":"wp","href":"https:\/\/api.w.org\/{rel}","templated":true}]}}