{"id":2280,"date":"2022-03-24T07:51:15","date_gmt":"2022-03-24T07:51:15","guid":{"rendered":"https:\/\/taizyagromachine.com\/?post_type=product&#038;p=2280"},"modified":"2024-10-16T13:46:28","modified_gmt":"2024-10-16T05:46:28","slug":"fish-feed-extruder","status":"publish","type":"product","link":"https:\/\/taizyagromachine.com\/es\/product\/fish-feed-extruder\/","title":{"rendered":"M\u00e1quina extrusora de alimento para peces flotante para acuario"},"content":{"rendered":"<p class=\"translation-block\">Nuestro <strong>extrusor de pienso para peces<\/strong>, tambi\u00e9n llamado m\u00e1quina extrusora de pienso flotante para peces, puede producir pellets de pienso para peces mediante calentamiento y expansi\u00f3n con una proporci\u00f3n determinada de diversos tipos de harina de ma\u00edz, harina de pescado, harina y otras mezclas. Esta m\u00e1quina para fabricar pellets de pienso para peces no solo puede producir pienso para animales acu\u00e1ticos como peces, sino tambi\u00e9n pienso para mascotas como perros y gatos. <\/p>    <p>Adem\u00e1s, esta m\u00e1quina granuladora de alimento para peces puede usar un motor el\u00e9ctrico o un motor di\u00e9sel para producir material flotante y que se hunde, solo es necesario reemplazar el manguito del tornillo. Tiene una capacidad de 40-450 kg por hora. El tama\u00f1o de los gr\u00e1nulos de alimento var\u00eda de 1 a 13 mm y podemos personalizar el tama\u00f1o y la forma para usted.<\/p>    <p>Nuestra m\u00e1quina peletizadora de alimento para peces se vende bien en el pa\u00eds y en el extranjero, como en Per\u00fa, Ghana, N\u00edger, Angola, Malasia, B\u00e9lgica, etc. Si desea producir pellets de alimento para peces, bienvenido a contactarnos en cualquier momento.<\/p>    <figure class=\"wp-block-embed is-type-video is-provider-youtube wp-block-embed-youtube wp-embed-aspect-16-9 wp-has-aspect-ratio\"><div class=\"wp-block-embed__wrapper\"> <iframe loading=\"lazy\" title=\"M\u00e1quina para fabricar pellets de alimento para peces para una producci\u00f3n eficiente de pellets de alimento flotante para peces\ud83d\udc1f\ud83c\udf1f#fishfeedmachine\" width=\"500\" height=\"281\" src=\"https:\/\/www.youtube.com\/embed\/rAkP9XOblyA?feature=oembed\" frameborder=\"0\" allow=\"accelerometer; autoplay; clipboard-write; encrypted-media; gyroscope; picture-in-picture; web-share\" referrerpolicy=\"strict-origin-when-cross-origin\" allowfullscreen><\/iframe> <\/div><figcaption class=\"wp-element-caption\">V\u00eddeo de trabajo de la m\u00e1quina de pellets de alimentaci\u00f3n flotante para peces<\/figcaption><\/figure>    <h2 class=\"wp-block-heading\"><strong><strong>\u00bfCu\u00e1les son los par\u00e1metros de la peletizadora para alimento para peces?<\/strong><\/strong><\/h2>    <p>En la siguiente tabla, puede encontrar que hay diferentes tipos. Cuando necesite esta m\u00e1quina extrusora de alimento para peces, d\u00edganos sus requisitos, capacidad de la m\u00e1quina, configuraci\u00f3n de la m\u00e1quina, potencia de la m\u00e1quina, etc., nuestro gerente de ventas le brindar\u00e1 el plan m\u00e1s adecuado con conocimiento profesional.<\/p>    <figure class=\"wp-block-table\"><table><tbody><tr><td>Modelo<\/td><td>Capacidad<\/td><td>Poder principal<\/td><td>poder de corte<\/td><td>Alimentaci\u00f3n de alimentaci\u00f3n<\/td><td>Di\u00e1metro del tornillo<\/td><td>Tama\u00f1o<\/td><td>Peso<\/td><\/tr><tr><td>DGP-40<\/td><td>40-50kg\/hora<\/td><td>7,5kW<\/td><td>0,4kW<\/td><td>0,4kW<\/td><td>40mm<\/td><td>1260*860*1250mm<\/td><td>290kg<\/td><\/tr><tr><td>DGP-60<\/td><td>150kg\/hora<\/td><td>15kW<\/td><td>0,4kW<\/td><td>0,4kW<\/td><td>60mm<\/td><td>1450*950*1430mm<\/td><td>480 kilos<\/td><\/tr><tr><td>DGP-70<\/td><td>180-250kg\/hora<\/td><td>18,5kW<\/td><td>0,4kW<\/td><td>0,4kW<\/td><td>70mm<\/td><td>1600*1400*1450mm<\/td><td>600 kilos<\/td><\/tr><tr><td>DGP-80<\/td><td>300-350kg\/hora<\/td><td>22kW<\/td><td>0,4kW<\/td><td>0,4kW<\/td><td>80mm<\/td><td>1850*1470*1500mm<\/td><td>800 kilos<\/td><\/tr><tr><td>DGP-100<\/td><td>400-450kg\/hora<\/td><td>37kW<\/td><td>1,1kW<\/td><td>1,5kW<\/td><td>100mm<\/td><td>2000*1600*1600mm<\/td><td>1500 kilos<\/td><\/tr><\/tbody><\/table><figcaption class=\"wp-element-caption\">Par\u00e1metros t\u00e9cnicos de la m\u00e1quina extrusora de alimento flotante para peces.<\/figcaption><\/figure>    <h2 class=\"wp-block-heading\" id=\"h-floating-fish-feed-extruder-machine-for-sale\"><strong>M\u00e1quina extrusora de alimento para peces flotante a la venta<\/strong><\/h2>    <p>Como empresa profesional de m\u00e1quinas agr\u00edcolas, tenemos a la venta varias m\u00e1quinas flotantes de alimento para peces. En t\u00e9rminos generales, tenemos PIB-40, PIB-60, PIB-70, PIB-80, PIB-100, PIB-100. Si necesita una mayor capacidad, tenemos disponible la l\u00ednea de producci\u00f3n de alimento para peces. \u00a1Bienvenido a contactarnos para m\u00e1s aclaraciones!<\/p>    <figure class=\"wp-block-gallery aligncenter has-nested-images columns-default is-cropped wp-block-gallery-2 is-layout-flex wp-block-gallery-is-layout-flex\"> <figure class=\"wp-block-image size-full\"><img loading=\"lazy\" decoding=\"async\" width=\"720\" height=\"540\" data-id=\"3925\" src=\"https:\/\/taizyagromachine.com\/wp-content\/uploads\/2022\/11\/electric-motor-fish-feed-extruder-machine.webp\" alt=\"maquina-extrusora-de-alimento-para-peces-con-motor-electrico\" class=\"wp-image-3925\"\/><figcaption class=\"wp-element-caption\">M\u00e1quina extrusora de alimento para peces con motor el\u00e9ctrico<\/figcaption><\/figure>    <figure class=\"wp-block-image size-full\"><img loading=\"lazy\" decoding=\"async\" width=\"720\" height=\"540\" data-id=\"3929\" src=\"https:\/\/taizyagromachine.com\/wp-content\/uploads\/2022\/11\/diesel-engine-fish-feed-extruder-machinel.webp\" alt=\"M\u00e1quina extrusora de alimento para peces con motor di\u00e9sel\" class=\"wp-image-3929\"\/><figcaption class=\"wp-element-caption\">M\u00e1quina extrusora de alimento para peces con motor di\u00e9sel<\/figcaption><\/figure> <\/figure>    <h2 class=\"wp-block-heading\" id=\"h-progress-video-for-producing-floating-fish-feed\"><strong>V\u00eddeo de progreso en la producci\u00f3n de piensos flotantes para peces<\/strong><\/h2>    <p>Desde mezclar las materias primas hasta producir el alimento para animales, cada paso tiene una descripci\u00f3n muy clara. Y al final, tras finalizar la producci\u00f3n, el v\u00eddeo explica c\u00f3mo limpiar la m\u00e1quina. A trav\u00e9s de este v\u00eddeo, podr\u00e1 comprender c\u00f3mo utilizar la extrusora de alimento para peces para producir los pellets de alimento que desee.<\/p>    <figure class=\"wp-block-embed aligncenter is-type-video is-provider-youtube wp-block-embed-youtube wp-embed-aspect-16-9 wp-has-aspect-ratio\"><div class=\"wp-block-embed__wrapper\"> <iframe loading=\"lazy\" title=\"m\u00e1quina de pellets flotante para fabricaci\u00f3n de alimentos para peces | M\u00e1quina de pellets para alimentaci\u00f3n animal para ganado vacuno, bagre, cabra...\" width=\"500\" height=\"281\" src=\"https:\/\/www.youtube.com\/embed\/5P-SJe4C0-I?feature=oembed\" frameborder=\"0\" allow=\"accelerometer; autoplay; clipboard-write; encrypted-media; gyroscope; picture-in-picture; web-share\" referrerpolicy=\"strict-origin-when-cross-origin\" allowfullscreen><\/iframe> <\/div><figcaption class=\"wp-element-caption\">proceso de producci\u00f3n de alimento flotante para peces<\/figcaption><\/figure>    <p>Despu\u00e9s de haber producido una cierta cantidad de pellets de comida para peces, el moho puede obstruirse con los ingredientes. En este momento, necesita limpiar el molde de la m\u00e1quina para fabricar pellets de alimento para peces; el proceso de limpieza exacto se muestra en el video:<\/p>    <figure class=\"wp-block-embed is-type-video is-provider-youtube wp-block-embed-youtube wp-embed-aspect-16-9 wp-has-aspect-ratio\"><div class=\"wp-block-embed__wrapper\"> <iframe loading=\"lazy\" title=\"\u00a1Limpieza eficiente del molde despu\u00e9s de usar la m\u00e1quina de pellets para alimento para peces! Peletizadora flotante de alimento para peces\" width=\"500\" height=\"281\" src=\"https:\/\/www.youtube.com\/embed\/ulpNlVMb1d0?feature=oembed\" frameborder=\"0\" allow=\"accelerometer; autoplay; clipboard-write; encrypted-media; gyroscope; picture-in-picture; web-share\" referrerpolicy=\"strict-origin-when-cross-origin\" allowfullscreen><\/iframe> <\/div><figcaption class=\"wp-element-caption\">Proceso de limpieza de moldes de alimento para peces.<\/figcaption><\/figure>    <h2 class=\"wp-block-heading\" id=\"h-what-are-the-parameters-of-the-fish-feed-machine\"><strong>Aplicaciones de la extrusora de alimento para peces<\/strong><\/h2>    <p>La m\u00e1quina de pellets de alimento flotante para peces Taizy puede producir varios pellets de alimento, utilizados para diversas \u00e1reas. Esta m\u00e1quina puede producir diversos pellets de alimento para animales, alimento acu\u00e1tico, alimento para mascotas, etc. Por ejemplo, todo tipo de peces, tortugas, p\u00e1jaros, perros y gatos, etc. Si est\u00e1 interesado, \u00a1no dude en contactarnos!<\/p>    <figure class=\"wp-block-gallery aligncenter has-nested-images columns-default is-cropped wp-block-gallery-3 is-layout-flex wp-block-gallery-is-layout-flex\"> <figure class=\"wp-block-image size-full\"><img loading=\"lazy\" decoding=\"async\" width=\"720\" height=\"540\" data-id=\"6258\" src=\"https:\/\/taizyagromachine.com\/wp-content\/uploads\/2023\/12\/applications-of-small-floating-fish-feed-machine.webp\" alt=\"Aplicaciones de la peque\u00f1a m\u00e1quina flotante de alimentaci\u00f3n para peces.\" class=\"wp-image-6258\"\/><figcaption class=\"wp-element-caption\">Aplicaciones de la peque\u00f1a m\u00e1quina flotante de alimentaci\u00f3n para peces.<\/figcaption><\/figure>    <figure class=\"wp-block-image size-large\"><img loading=\"lazy\" decoding=\"async\" width=\"720\" height=\"450\" data-id=\"2303\" src=\"https:\/\/taizyagromachine.com\/wp-content\/uploads\/2022\/03\/wide-applications-fish-feed-extruder.jpg\" alt=\"Amplias aplicaciones: extrusora de alimento para peces.\" class=\"wp-image-2303\" srcset=\"https:\/\/taizyagromachine.com\/wp-content\/uploads\/2022\/03\/wide-applications-fish-feed-extruder.jpg 720w, https:\/\/taizyagromachine.com\/wp-content\/uploads\/2022\/03\/wide-applications-fish-feed-extruder-300x188.jpg 300w\" sizes=\"auto, (max-width: 720px) 100vw, 720px\" \/><figcaption class=\"wp-element-caption\">Amplias aplicaciones: extrusora de alimento para peces.<\/figcaption><\/figure> <\/figure>    <h2 class=\"wp-block-heading\" id=\"h-fish-feed-extruder-design-and-parts\"><strong>Dise\u00f1o y piezas de extrusora de alimento para peces<\/strong><\/h2>    <p>Para ser honesto, las m\u00e1quinas de fabricaci\u00f3n de alimentos para peces tienen tres partes, respectivamente, alimentador, dispositivo de extrusi\u00f3n y sistema de control electr\u00f3nico. <\/p>    <p>Entre ellos, el dispositivo de extrusi\u00f3n e inflado es la parte central de la extrusora. La combinaci\u00f3n correspondiente se selecciona seg\u00fan los diferentes usos. Es decir, extruir diferentes materiales y diferentes m\u00e9todos de descarga.<\/p>    <p>El sistema de control electr\u00f3nico se fija por separado. Seg\u00fan el tama\u00f1o de potencia del host y la forma de alimentaci\u00f3n, la configuraci\u00f3n tambi\u00e9n es diferente.<\/p>   <div class=\"wp-block-image\"> <figure class=\"aligncenter size-full\"><img loading=\"lazy\" decoding=\"async\" width=\"720\" height=\"450\" src=\"https:\/\/taizyagromachine.com\/wp-content\/uploads\/2022\/03\/structure-of-fish-feed-pellet-mill.jpg\" alt=\"Estructura de la f\u00e1brica de pellets de alimento para peces\" class=\"wp-image-2301\" srcset=\"https:\/\/taizyagromachine.com\/wp-content\/uploads\/2022\/03\/structure-of-fish-feed-pellet-mill.jpg 720w, https:\/\/taizyagromachine.com\/wp-content\/uploads\/2022\/03\/structure-of-fish-feed-pellet-mill-300x188.jpg 300w\" sizes=\"auto, (max-width: 720px) 100vw, 720px\" \/><figcaption class=\"wp-element-caption\">Estructura de la f\u00e1brica de pellets de alimento para peces<\/figcaption><\/figure> <\/div>   <h2 class=\"wp-block-heading\" id=\"h-spotlights-of-floating-fish-feed-machine\"><strong>Focos de la m\u00e1quina flotante de alimentaci\u00f3n para peces<\/strong><\/h2>    <ol class=\"wp-block-list\"> <li><strong>Fuerte adaptabilidad<\/strong>. Esta extrusora de alimento seco h\u00famedo para peces puede adaptarse a diferentes necesidades de producci\u00f3n, desde peque\u00f1as m\u00e1quinas extrusoras el\u00e9ctricas de alimento para peces hasta grandes producciones de alimento. La m\u00e1quina extrusora de alimento flotante de tama\u00f1o grande y mediano puede utilizar la m\u00e1quina para el procesamiento de materias primas o la producci\u00f3n de alimentos especiales.<\/li>    <li><strong>Amplia gama de aplicaciones<\/strong>. Como la desintoxicaci\u00f3n de soja entera inflada, ma\u00edz inflado, harina de algod\u00f3n (o harina de colza) o alimento inflado para mascotas, alimento acu\u00e1tico, alimento para zorros u otros alimentos especiales.<\/li>    <li><strong>Aplicable a diferentes materiales<\/strong>. Esta m\u00e1quina est\u00e1 equipada con un alimentador con ajuste autom\u00e1tico de velocidad y la cantidad de alimentaci\u00f3n se puede cambiar seg\u00fan la situaci\u00f3n.<\/li>    <li>Estructura simple, gran practicidad, apariencia exquisita.<\/li>    <li>Operaci\u00f3n f\u00e1cil, conveniente mantener.<\/li> <\/ol>   <div class=\"wp-block-image\"> <figure class=\"aligncenter size-full\"><img loading=\"lazy\" decoding=\"async\" width=\"720\" height=\"540\" src=\"https:\/\/taizyagromachine.com\/wp-content\/uploads\/2022\/03\/dry-type-fish-feed-extruder-DGP-80.jpg\" alt=\"extrusora de alimento para peces tipo seco-DGP-80\" class=\"wp-image-2291\" srcset=\"https:\/\/taizyagromachine.com\/wp-content\/uploads\/2022\/03\/dry-type-fish-feed-extruder-DGP-80.jpg 720w, https:\/\/taizyagromachine.com\/wp-content\/uploads\/2022\/03\/dry-type-fish-feed-extruder-DGP-80-300x225.jpg 300w\" sizes=\"auto, (max-width: 720px) 100vw, 720px\" \/><figcaption class=\"wp-element-caption\">extrusora de alimento para peces tipo seco-DGP-80<\/figcaption><\/figure> <\/div>   <h2 class=\"wp-block-heading\" id=\"h-what-affects-fish-feed-extruder-machine-price\"><strong>\u00bfQu\u00e9 afecta el precio de la m\u00e1quina extrusora de alimento para peces?<\/strong><\/h2>    <p class=\"translation-block\"><strong>Configuraciones<\/strong>. Debido a que la configuraci\u00f3n de la m\u00e1quina peletizadora var\u00eda. La producci\u00f3n, la potencia, etc. pueden afectar la configuraci\u00f3n de la m\u00e1quina peletizadora de pescado. Por ejemplo, el precio de una peque\u00f1a m\u00e1quina extrusora de pienso para peces el\u00e9ctrica es m\u00e1s barato que uno grande.<\/p>    <p class=\"translation-block\"><strong>Funciones<\/strong>. Esta m\u00e1quina para fabricar pellets flotantes de pienso para peces tiene todas las funciones y puede producir diferentes pellets de pienso. La producci\u00f3n de diferentes part\u00edculas requiere moldes correspondientes. Este es tambi\u00e9n un factor que afecta el precio.<\/p>    <figure class=\"wp-block-gallery aligncenter has-nested-images columns-default is-cropped wp-block-gallery-4 is-layout-flex wp-block-gallery-is-layout-flex\"> <figure class=\"wp-block-image size-large\"><img loading=\"lazy\" decoding=\"async\" width=\"715\" height=\"954\" data-id=\"2298\" src=\"https:\/\/taizyagromachine.com\/wp-content\/uploads\/2022\/03\/nolds-of-floating-fish-feed-extruder-machine.jpg\" alt=\"moldes-de-m\u00e1quina-extrusora-flotante-de-alimento-para-peces\" class=\"wp-image-2298\" srcset=\"https:\/\/taizyagromachine.com\/wp-content\/uploads\/2022\/03\/nolds-of-floating-fish-feed-extruder-machine.jpg 715w, https:\/\/taizyagromachine.com\/wp-content\/uploads\/2022\/03\/nolds-of-floating-fish-feed-extruder-machine-225x300.jpg 225w\" sizes=\"auto, (max-width: 715px) 100vw, 715px\" \/><figcaption class=\"wp-element-caption\">moldes<\/figcaption><\/figure>    <figure class=\"wp-block-image size-large\"><img loading=\"lazy\" decoding=\"async\" width=\"540\" height=\"720\" data-id=\"2299\" src=\"https:\/\/taizyagromachine.com\/wp-content\/uploads\/2022\/03\/various-types-of-animal-feed.jpg\" alt=\"varios-tipos-de-alimentos-animales\" class=\"wp-image-2299\" srcset=\"https:\/\/taizyagromachine.com\/wp-content\/uploads\/2022\/03\/various-types-of-animal-feed.jpg 540w, https:\/\/taizyagromachine.com\/wp-content\/uploads\/2022\/03\/various-types-of-animal-feed-225x300.jpg 225w\" sizes=\"auto, (max-width: 540px) 100vw, 540px\" \/><figcaption class=\"wp-element-caption\">varios tipos de alimento para animales<\/figcaption><\/figure> <\/figure>    <p class=\"translation-block\"><strong>Materiales<\/strong>. Esta m\u00e1quina utiliza materiales de alta calidad, por lo tanto, la m\u00e1quina tiene alta calidad y una larga vida \u00fatil, y el precio ser\u00e1 relativamente alto.<\/p>    <h2 class=\"wp-block-heading\" id=\"h-why-is-taizy-agro-the-top-choice\"><strong>\u00bfPor qu\u00e9 Taizy Agro es la mejor opci\u00f3n para la extrusora flotante de alimento para peces? <\/strong><\/h2>    <ul class=\"wp-block-list\"> <li><strong>certificado CE<\/strong>. Nuestra f\u00e1brica flotante de alimento para peces tiene el certificado CE, que indica que la m\u00e1quina es de buena calidad. Y cumple con las regulaciones y normas pertinentes.<\/li>    <li><strong>Personal profesional<\/strong>. Las personas que trabajan en nuestra empresa tienen conocimientos profesionales y pueden ofrecer las mejores soluciones. Nuestros responsables de ventas siempre podr\u00e1n encontrar la soluci\u00f3n m\u00e1s adecuada para facilitar su negocio.<\/li>    <li><strong>Servicio postventa<\/strong>. De hecho, despu\u00e9s de recibir la m\u00e1quina, el servicio postventa tambi\u00e9n es muy importante. Brindamos servicio las 24 horas para que pueda encontrarnos en cualquier momento.<\/li> <\/ul>   <div class=\"wp-block-image\"> <figure class=\"aligncenter size-full\"><img loading=\"lazy\" decoding=\"async\" width=\"720\" height=\"540\" src=\"https:\/\/taizyagromachine.com\/wp-content\/uploads\/2022\/03\/professional-team.jpg\" alt=\"equipo profesional\" class=\"wp-image-2304\" srcset=\"https:\/\/taizyagromachine.com\/wp-content\/uploads\/2022\/03\/professional-team.jpg 720w, https:\/\/taizyagromachine.com\/wp-content\/uploads\/2022\/03\/professional-team-300x225.jpg 300w\" sizes=\"auto, (max-width: 720px) 100vw, 720px\" \/><figcaption class=\"wp-element-caption\">equipo profesional<\/figcaption><\/figure> <\/div>   <h2 class=\"wp-block-heading\" id=\"h-operation-precautions\"><strong>Precauciones de funcionamiento de la m\u00e1quina extrusora de alimento para peces de tipo seco<\/strong><\/h2>    <ol class=\"wp-block-list\"> <li>Durante la producci\u00f3n, est\u00e1 prohibido pararse frente al puerto de descarga del extrusor.<\/li>    <li>Los operadores deben usar guantes resistentes a altas temperaturas para evitar quemaduras.<\/li>    <li>Antes de poner en marcha el equipo, se debe confirmar que las herramientas y otros elementos est\u00e9n retirados del extrusor.<\/li>    <li>Durante el funcionamiento del equipo, el operador debe inspeccionar con frecuencia el funcionamiento de toda la unidad y ajustarla a tiempo si encuentra alguna anomal\u00eda.<\/li>    <li>Despu\u00e9s de detener la m\u00e1quina, al desmontar la caja de descarga, tenga cuidado de evitar que haya alguien delante del cabezal de la m\u00e1quina, para evitar quemaduras con el vapor de la m\u00e1quina.<\/li> <\/ol>    <h2 class=\"wp-block-heading\"><strong>Caso exitoso: M\u00e1quina flotante para fabricar alimentos para peces para el mercado mundial<\/strong><\/h2>    <p class=\"translation-block\"><strong>M\u00e1quina para fabricar pellets de pescado exportada a Nigeria<\/strong><\/p>    <p id=\"h-\">Este a\u00f1o, nuestra gerente de ventas, Grace, recibi\u00f3 la consulta de un cliente sobre el precio de una m\u00e1quina extrusora de alimento para peces en Nigeria. Dirige una peque\u00f1a f\u00e1brica de piensos y quiere comprar una m\u00e1quina extrusora de piensos para peces. Entonces Grace envi\u00f3 videos y fotograf\u00edas de trabajo relevantes. <\/p>    <p id=\"h-\">De hecho, estaba muy preocupado por el tama\u00f1o de los gr\u00e1nulos de alimento para peces. Grace se lo explic\u00f3. Nuestras series de di\u00e1metros de orificios de descarga de m\u00e1quinas son \u03c61 mm, \u03c61,5 mm, \u03c62 mm, \u03c63 mm, \u03c63,5 mm, \u03c64 mm, \u03c65 mm, \u03c66,8 mm. Los usuarios pueden elegir entre ellos. Despu\u00e9s de eso, el cliente nigeriano firm\u00f3 un contrato con nosotros y pag\u00f3 un dep\u00f3sito. Tambi\u00e9n qued\u00f3 muy satisfecho tras recibir la m\u00e1quina.<\/p>   <div class=\"wp-block-image\"> <figure class=\"aligncenter size-full\"><img loading=\"lazy\" decoding=\"async\" width=\"720\" height=\"540\" src=\"https:\/\/taizyagromachine.com\/wp-content\/uploads\/2022\/03\/packaging-and-shipping-fish-pellet-making-machine.jpg\" alt=\"M\u00e1quina para fabricar pellets de pescado, embalaje y env\u00edo\" class=\"wp-image-2307\" srcset=\"https:\/\/taizyagromachine.com\/wp-content\/uploads\/2022\/03\/packaging-and-shipping-fish-pellet-making-machine.jpg 720w, https:\/\/taizyagromachine.com\/wp-content\/uploads\/2022\/03\/packaging-and-shipping-fish-pellet-making-machine-300x225.jpg 300w\" sizes=\"auto, (max-width: 720px) 100vw, 720px\" \/><figcaption class=\"wp-element-caption\">M\u00e1quina para fabricar pellets de pescado, embalaje y env\u00edo<\/figcaption><\/figure> <\/div>   <p class=\"translation-block\"><strong>Peque\u00f1a m\u00e1quina de pienso flotante para peces para Camer\u00fan<\/strong><\/p>    <p>La m\u00e1quina peletizadora de alimento para peces con motor di\u00e9sel que lanzamos se vendi\u00f3 con \u00e9xito en Camer\u00fan. Esta m\u00e1quina se ha ganado el favor de los agricultores locales por su potente potencia y rendimiento de producci\u00f3n eficiente. Puede convertir todo tipo de ingredientes de piensos para peces en gr\u00e1nulos nutritivos, lo que ayuda al desarrollo de la industria pesquera de Camer\u00fan y mejora los beneficios de la cr\u00eda.<\/p>    <figure class=\"wp-block-gallery aligncenter has-nested-images columns-default is-cropped wp-block-gallery-5 is-layout-flex wp-block-gallery-is-layout-flex\"> <figure class=\"wp-block-image size-large\"><img loading=\"lazy\" decoding=\"async\" width=\"720\" height=\"540\" data-id=\"6263\" src=\"https:\/\/taizyagromachine.com\/wp-content\/uploads\/2022\/03\/diesel-engined-fish-feed-pellet-machine.webp\" alt=\"peletizadora de alimento para peces con motor diesel\" class=\"wp-image-6263\"\/><figcaption class=\"wp-element-caption\">peletizadora de alimento para peces con motor diesel<\/figcaption><\/figure>    <figure class=\"wp-block-image size-large\"><img loading=\"lazy\" decoding=\"async\" width=\"720\" height=\"540\" data-id=\"6264\" src=\"https:\/\/taizyagromachine.com\/wp-content\/uploads\/2022\/03\/floating-feed-making-machine-for-sale.webp\" alt=\"M\u00e1quina para fabricar piensos flotantes a la venta\" class=\"wp-image-6264\"\/><figcaption class=\"wp-element-caption\">M\u00e1quina para fabricar piensos flotantes a la venta<\/figcaption><\/figure> <\/figure>    <p>Tenemos muchos casos exitosos, enumera algunos a continuaci\u00f3n:<\/p>    <p><strong><a href=\"https:\/\/taizyagromachine.com\/es\/info\/fish-pellet-machine-mozambique\/\">Venta caliente de m\u00e1quina granuladora de alimento para peces vendida a Mozambique&nbsp;<\/a><\/strong><\/p>    <p><a href=\"https:\/\/taizyagromachine.com\/es\/info\/fish-feed-extruder-machine-bukifaso\/\"><strong>Nuevo tipo de m\u00e1quina de pellets flotante para alimento de peces para Burkina Faso<\/strong><\/a><\/p>    <h2 class=\"wp-block-heading\"><strong>\u00a1Consulta sobre la m\u00e1quina extrusora de alimento flotante para peces!<\/strong><\/h2>    <p class=\"translation-block\">\u00bfSabe c\u00f3mo producir pienso de alta calidad para <a href=\"https:\/\/en.wikipedia.org\/wiki\/Aquarium_fish_feed\" target=\"_blank\" rel=\"noopener\">peces de acuario<\/a>? \u00a1Date prisa y cont\u00e1ctanos! Le proporcionaremos la soluci\u00f3n m\u00e1s adecuada y la mejor oferta.<\/p>","protected":false},"excerpt":{"rendered":"<p>Nuestra extrusora de alimento para peces puede realizar la producci\u00f3n de pellets de alimento para peces de 1 a 13 mm con una producci\u00f3n de 40 a 450 kg\/h; adem\u00e1s, tambi\u00e9n podemos personalizarla. Este art\u00edculo describe principalmente el tipo de m\u00e1quina peletizadora de alimento para peces a la venta, el proceso de producci\u00f3n, el alimento para peces que se puede producir y los casos exitosos para su referencia.<\/p>","protected":false},"author":1,"featured_media":3923,"parent":0,"template":"","tags":[147,139,148,143,135,137,142,138,140,146,144,136,145,141],"product-type":[29],"class_list":["post-2280","product","type-product","status-publish","has-post-thumbnail","hentry","tag-animal-feed-extruder","tag-extruder-fish-feed-machine","tag-feed-pellets","tag-fish-feed-extruder","tag-fish-feed-machine","tag-fish-feed-machine-price","tag-fish-feed-pelleting-machine","tag-fish-feeding-machine-for-aquarium","tag-fish-floating-feed-machine","tag-fish-pellet-making-machine","tag-floating-fish-feed","tag-floating-fish-feed-machine","tag-floating-fish-feed-mill","tag-sinking-fish-feed-machine","product-type-feed-pellet-machine"],"_links":{"self":[{"href":"https:\/\/taizyagromachine.com\/es\/wp-json\/wp\/v2\/product\/2280","targetHints":{"allow":["GET"]}}],"collection":[{"href":"https:\/\/taizyagromachine.com\/es\/wp-json\/wp\/v2\/product"}],"about":[{"href":"https:\/\/taizyagromachine.com\/es\/wp-json\/wp\/v2\/types\/product"}],"author":[{"embeddable":true,"href":"https:\/\/taizyagromachine.com\/es\/wp-json\/wp\/v2\/users\/1"}],"wp:featuredmedia":[{"embeddable":true,"href":"https:\/\/taizyagromachine.com\/es\/wp-json\/wp\/v2\/media\/3923"}],"wp:attachment":[{"href":"https:\/\/taizyagromachine.com\/es\/wp-json\/wp\/v2\/media?parent=2280"}],"wp:term":[{"taxonomy":"post_tag","embeddable":true,"href":"https:\/\/taizyagromachine.com\/es\/wp-json\/wp\/v2\/tags?post=2280"},{"taxonomy":"product-type","embeddable":true,"href":"https:\/\/taizyagromachine.com\/es\/wp-json\/wp\/v2\/product-type?post=2280"}],"curies":[{"name":"wp","href":"https:\/\/api.w.org\/{rel}","templated":true}]}}