{"id":2333,"date":"2022-03-31T01:53:37","date_gmt":"2022-03-31T01:53:37","guid":{"rendered":"https:\/\/taizyagromachine.com\/?post_type=product&#038;p=2333"},"modified":"2022-11-16T10:28:06","modified_gmt":"2022-11-16T02:28:06","slug":"hand-corn-planter-walk-behind-corn-planter-1-row-corn-planter","status":"publish","type":"product","link":"https:\/\/taizyagromachine.com\/es\/product\/hand-corn-planter-walk-behind-corn-planter-1-row-corn-planter\/","title":{"rendered":"Jardinera de ma\u00edz manual | Caminar detr\u00e1s de la sembradora de ma\u00edz | Sembradora de ma\u00edz de 1 hilera"},"content":{"rendered":"<p class=\"translation-block\">El ma\u00edz es uno de los cultivos m\u00e1s importantes del mundo. Por lo tanto, desde el inicio de la siembra hasta la cosecha, es inseparable de la maquinaria de ma\u00edz relevante. La <strong>sembradora manual de ma\u00edz<\/strong> que se presentar\u00e1 hoy est\u00e1 especialmente dise\u00f1ada para la siembra de ma\u00edz. Por supuesto, tambi\u00e9n puede sembrar trigo, cacahuetes, frijoles, sorgo, colza, algod\u00f3n, etc. Esta m\u00e1quina sembradora manual de ma\u00edz es adecuada para sembrar en colinas, monta\u00f1as, etc. Nuestra sembradora en hilera manual es muy popular en Nigeria, Kenia y otras regiones. Bienvenido a consultar en cualquier momento.<\/p>    <h2 class=\"wp-block-heading\" id=\"h-type-one-walk-behind-corn-planter\"><strong>Tipo uno: sembradora de ma\u00edz con operador a pie<\/strong><\/h2>    <p class=\"translation-block\">Este tipo de sembradora manual de ma\u00edz tiene una estructura muy simple y una operaci\u00f3n f\u00e1cil. De hecho, esta <a href=\"https:\/\/cornmachines.com\/manual-seed-planter\/\" target=\"_blank\" rel=\"noreferrer noopener\">sembradora de una hilera<\/a> necesita que dos personas trabajen juntas. Una persona debe tirar de la cuerda y luego avanzar, y otra persona sostiene la sembradora para moverse. Por su estructura, podemos saber claramente que la sembradora manual de ma\u00edz puede fertilizar y sembrar, pero no puede hacerlo al mismo tiempo. Esta peque\u00f1a sembradora de ma\u00edz no utiliza ninguna potencia, solo mano de obra. Por lo tanto, es especialmente adecuada para proyectos de ayuda en algunos pa\u00edses, brindando comodidad a las personas en \u00e1reas pobres.<\/p>   <div class=\"wp-block-image\"> <figure class=\"aligncenter size-full\"><img loading=\"lazy\" decoding=\"async\" width=\"720\" height=\"540\" src=\"https:\/\/taizyagromachine.com\/wp-content\/uploads\/2022\/03\/walk-behind-corn-planter.jpg\" alt=\"caminar detr\u00e1s de la sembradora de ma\u00edz\" class=\"wp-image-2369\" srcset=\"https:\/\/taizyagromachine.com\/wp-content\/uploads\/2022\/03\/walk-behind-corn-planter.jpg 720w, https:\/\/taizyagromachine.com\/wp-content\/uploads\/2022\/03\/walk-behind-corn-planter-300x225.jpg 300w\" sizes=\"auto, (max-width: 720px) 100vw, 720px\" \/><figcaption class=\"wp-element-caption\">caminar detr\u00e1s de la sembradora de ma\u00edz<\/figcaption><\/figure> <\/div>   <h3 class=\"wp-block-heading\"><strong>Video de trabajo de sembradoras de ma\u00edz manuales a la venta<\/strong><\/h3>    <figure class=\"wp-block-embed aligncenter is-type-video is-provider-youtube wp-block-embed-youtube wp-embed-aspect-16-9 wp-has-aspect-ratio\"><div class=\"wp-block-embed__wrapper\"> <iframe loading=\"lazy\" title=\"Sembradora manual de ma\u00edz, plantadora manual de semillas de ma\u00edz, plantador de man\u00ed, frijoles, trigo, sorgo, colza\" width=\"500\" height=\"281\" src=\"https:\/\/www.youtube.com\/embed\/1PT06n0p09I?feature=oembed\" frameborder=\"0\" allow=\"accelerometer; autoplay; clipboard-write; encrypted-media; gyroscope; picture-in-picture; web-share\" referrerpolicy=\"strict-origin-when-cross-origin\" allowfullscreen><\/iframe> <\/div><\/figure>    <h3 class=\"wp-block-heading\"><strong>Especificaciones t\u00e9cnicas<\/strong><\/h3>    <figure class=\"wp-block-table\"><table><tbody><tr><td>Modelo<\/td><td>TZ-100<\/td><\/tr><tr><td>Capacidad<\/td><td>0,5 acres\/h<\/td><\/tr><tr><td>Tama\u00f1o<\/td><td>1370*420*900mm<\/td><\/tr><tr><td>Peso<\/td><td>12kg<\/td><\/tr><\/tbody><\/table><\/figure>    <h2 class=\"wp-block-heading\"><strong>Tipo dos: sembradora de ma\u00edz de 1 hilera con motor de gasolina<\/strong><\/h2>    <p>Esta sembradora de ma\u00edz manual es una actualizaci\u00f3n basada en la antigua sembradora de semillas, equipada con un motor de gasolina. Esta sembradora de ma\u00edz manual puede sembrar semillas por una sola persona y tiene un motor de gasolina como potencia, lo que puede ahorrar mucho mano de obra y mejorar la eficiencia. <\/p>   <div class=\"wp-block-image\"> <figure class=\"aligncenter size-full\"><img loading=\"lazy\" decoding=\"async\" width=\"720\" height=\"540\" src=\"https:\/\/taizyagromachine.com\/wp-content\/uploads\/2022\/03\/gasoline-engine-equipped-walk-behind-planter.jpg\" alt=\"sembradora de ma\u00edz manual con motor de gasolina\" class=\"wp-image-2371\" srcset=\"https:\/\/taizyagromachine.com\/wp-content\/uploads\/2022\/03\/gasoline-engine-equipped-walk-behind-planter.jpg 720w, https:\/\/taizyagromachine.com\/wp-content\/uploads\/2022\/03\/gasoline-engine-equipped-walk-behind-planter-300x225.jpg 300w\" sizes=\"auto, (max-width: 720px) 100vw, 720px\" \/><figcaption class=\"wp-element-caption\">sembradora de ma\u00edz manual con motor de gasolina<\/figcaption><\/figure> <\/div>   <p>En comparaci\u00f3n con la m\u00e1quina tipo uno, a excepci\u00f3n del motor de gasolina, el resto es b\u00e1sicamente igual. Si tiene alguna pregunta, puede contactarnos en cualquier momento.<\/p>    <h3 class=\"wp-block-heading\"><strong>Equipado con motor de gasolina<\/strong><\/h3>    <p>En nuestra f\u00e1brica existen dos tipos de motores de gasolina. Uno es un motor de gasolina 170F y el otro es un motor de gasolina 152F. La forma espec\u00edfica de la m\u00e1quina se muestra en la siguiente figura.<\/p>   <div class=\"wp-block-image\"> <figure class=\"aligncenter size-full\"><img loading=\"lazy\" decoding=\"async\" width=\"720\" height=\"540\" src=\"https:\/\/taizyagromachine.com\/wp-content\/uploads\/2022\/03\/1-row-corn-planter-with-the-gasoline-engine.jpg\" alt=\"Jardinera con motor de gasolina\" class=\"wp-image-2373\" srcset=\"https:\/\/taizyagromachine.com\/wp-content\/uploads\/2022\/03\/1-row-corn-planter-with-the-gasoline-engine.jpg 720w, https:\/\/taizyagromachine.com\/wp-content\/uploads\/2022\/03\/1-row-corn-planter-with-the-gasoline-engine-300x225.jpg 300w\" sizes=\"auto, (max-width: 720px) 100vw, 720px\" \/><figcaption class=\"wp-element-caption\">dos motores de gasolina diferentes<\/figcaption><\/figure> <\/div>   <h2 class=\"wp-block-heading\"><strong>Tipo tres: sembradora de ma\u00edz manual de una hilera<\/strong><\/h2>    <p>La sembradora de ma\u00edz manual tiene un pico de pato, que se puede utilizar para los cultivos correspondientes cambiando la rueda de semillas. Hay un total de 8 tipos de ruedas de semillas. Adem\u00e1s, el n\u00famero de picos de pato determina el tama\u00f1o del espaciamiento entre plantas. Cuantos m\u00e1s picos de pato, menor es el espacio entre plantas. Y hay 12 picos de pato como m\u00e1ximo. Su profundidad de siembra es de 3,5-7,8 cm. Hemos estado exportando un peque\u00f1o gabinete de esta m\u00e1quina a Zambia.<\/p>   <div class=\"wp-block-image\"> <figure class=\"aligncenter size-large\"><img loading=\"lazy\" decoding=\"async\" width=\"1024\" height=\"384\" src=\"https:\/\/taizyagromachine.com\/wp-content\/uploads\/2022\/03\/different-colors-of-1-row-hand-corn-planter-1024x384.jpg\" alt=\"Diferentes colores de sembradora de ma\u00edz manual de 1 hilera.\" class=\"wp-image-2376\" srcset=\"https:\/\/taizyagromachine.com\/wp-content\/uploads\/2022\/03\/different-colors-of-1-row-hand-corn-planter-1024x384.jpg 1024w, https:\/\/taizyagromachine.com\/wp-content\/uploads\/2022\/03\/different-colors-of-1-row-hand-corn-planter-300x113.jpg 300w, https:\/\/taizyagromachine.com\/wp-content\/uploads\/2022\/03\/different-colors-of-1-row-hand-corn-planter-768x288.jpg 768w, https:\/\/taizyagromachine.com\/wp-content\/uploads\/2022\/03\/different-colors-of-1-row-hand-corn-planter.jpg 1440w\" sizes=\"auto, (max-width: 1024px) 100vw, 1024px\" \/><figcaption class=\"wp-element-caption\">Diferentes colores de sembradora de ma\u00edz manual de 1 hilera.<\/figcaption><\/figure> <\/div>   <h3 class=\"wp-block-heading\"><strong>Estructura de la sembradora de hileras de ma\u00edz<\/strong><\/h3>    <p>De hecho, hay un reposabrazos para empujar hacia adelante. La caja de semillas sirve para contener las semillas y luego sembrar a trav\u00e9s del pico de pato. La rueda es para cubrir el suelo. Adem\u00e1s, tenemos diferentes colores para esta jardinera de ma\u00edz manual. Puedes elegir lo que prefieras.<\/p>   <div class=\"wp-block-image\"> <figure class=\"aligncenter size-full\"><img loading=\"lazy\" decoding=\"async\" width=\"720\" height=\"540\" src=\"https:\/\/taizyagromachine.com\/wp-content\/uploads\/2022\/03\/structure-of-hand-pushed-corn-seeder.jpg\" alt=\"Estructura de la sembradora de ma\u00edz empujada a mano.\" class=\"wp-image-2379\" srcset=\"https:\/\/taizyagromachine.com\/wp-content\/uploads\/2022\/03\/structure-of-hand-pushed-corn-seeder.jpg 720w, https:\/\/taizyagromachine.com\/wp-content\/uploads\/2022\/03\/structure-of-hand-pushed-corn-seeder-300x225.jpg 300w\" sizes=\"auto, (max-width: 720px) 100vw, 720px\" \/><figcaption class=\"wp-element-caption\">Estructura de la sembradora de ma\u00edz empujada a mano.<\/figcaption><\/figure> <\/div>   <h3 class=\"wp-block-heading\"><strong>Par\u00e1metros t\u00e9cnicos<\/strong><\/h3>    <figure class=\"wp-block-table\"><table><tbody><tr><td>Profundidad de siembra<\/td><td>3,5-7,8 cm<\/td><\/tr><tr><td>Cantidad de siembra<\/td><td>1-3 piezas, ajustable<\/td><\/tr><tr><td>Ornitorrinco<\/td><td>M\u00e1x. 12 piezas<\/td><\/tr><tr><td>Peso<\/td><td>11 kilos<\/td><\/tr><tr><td>Tama\u00f1o de embalaje<\/td><td>58*58*25mm<\/td><\/tr><\/tbody><\/table><\/figure>    <h2 class=\"wp-block-heading\" id=\"h-highlights-of-single-row-walk-behind-corn-planter\"><strong>Aspectos destacados de la sembradora de ma\u00edz de una hilera con operador a pie<\/strong> <\/h2>    <ol class=\"wp-block-list\"> <li>Operaci\u00f3n f\u00e1cil, estructura simple, buena calidad.<\/li>    <li>Ligero, f\u00e1cil de mover.<\/li>    <li>Adecuado para zonas monta\u00f1osas y monta\u00f1osas.<\/li>    <li>Conveniente para sembrar diversos cultivos, como trigo, algod\u00f3n, sorgo, trigo, frijol, ma\u00edz, colza, etc.<\/li>    <li>Proteccion Ambiental. Operaci\u00f3n manual, amigable con el medio ambiente.<\/li> <\/ol>    <h2 class=\"wp-block-heading\" id=\"h-why-choose-taizy-as-top-choice\"><strong>\u00bfPor qu\u00e9 elegir Taizy como mejor opci\u00f3n?<\/strong><\/h2>    <p class=\"translation-block\"><strong>Certificado ISO<\/strong>. Nuestra sembradora manual de ma\u00edz tiene el certificado ISO, cumpliendo con las regulaciones y normas pertinentes. Por lo tanto, las m\u00e1quinas son de buena calidad y cumplen con los est\u00e1ndares nacionales. <\/p>    <p class=\"translation-block\"><strong>Rica experiencia en exportaci\u00f3n<\/strong>. Hemos exportado nuestras diversas m\u00e1quinas agr\u00edcolas, como cosechadoras de ma\u00edz, <a href=\"https:\/\/taizyagromachine.com\/es\/product\/maize-thresher\/\" target=\"_blank\" rel=\"noreferrer noopener\">desgranadoras de ma\u00edz<\/a> a muchos pa\u00edses y regiones. Como Zambia, \u00c1frica, Sudam\u00e9rica, Nigeria, Per\u00fa, etc. Por lo tanto, para la exportaci\u00f3n, tenemos mucha experiencia. <\/p>    <p class=\"translation-block\"><strong>Servicio postventa considerado.<\/strong> Despu\u00e9s de recibir las m\u00e1quinas, seguimos la situaci\u00f3n de nuestros clientes. Es m\u00e1s, proporcionamos un servicio en l\u00ednea las 24 horas para responder a todas las consultas de los clientes. <\/p>   <div class=\"wp-block-image\"> <figure class=\"aligncenter size-full\"><img loading=\"lazy\" decoding=\"async\" width=\"720\" height=\"540\" src=\"https:\/\/taizyagromachine.com\/wp-content\/uploads\/2022\/03\/professional-team.jpg\" alt=\"equipo profesional\" class=\"wp-image-2304\" srcset=\"https:\/\/taizyagromachine.com\/wp-content\/uploads\/2022\/03\/professional-team.jpg 720w, https:\/\/taizyagromachine.com\/wp-content\/uploads\/2022\/03\/professional-team-300x225.jpg 300w\" sizes=\"auto, (max-width: 720px) 100vw, 720px\" \/><figcaption class=\"wp-element-caption\">equipo profesional<\/figcaption><\/figure> <\/div>   <h2 class=\"wp-block-heading\"><strong>Caso exitoso: Sembradora de ma\u00edz manual exportada a Per\u00fa<\/strong><\/h2>    <p>Recibimos el comentario de nuestro sitio web de Google. Nuestro cliente de Per\u00fa dijo que quer\u00eda 20 sembradoras de ma\u00edz de 1 hilera con motor de gasolina. Como es propietario de una gran granja, quer\u00eda comprarla para su trabajo. Nuestra gerente de ventas Coco le brind\u00f3 servicios. El cliente de Per\u00fa pidi\u00f3 20 unidades una vez y le preocupaba el tiempo de entrega. Coco le explic\u00f3 que nuestra f\u00e1brica producir\u00eda la m\u00e1quina a tiempo y le hizo un plan de progreso. Adem\u00e1s, Coco le enviar\u00eda el progreso. Despu\u00e9s de leer esto, el cliente de Per\u00fa se sinti\u00f3 tranquilo, firm\u00f3 un contrato y realiz\u00f3 el pago completo r\u00e1pidamente.<\/p>    <h2 class=\"wp-block-heading\"><strong>Preguntas frecuentes sobre la sembradora de ma\u00edz manual<\/strong><\/h2>   <div id=\"rank-math-faq\" class=\"rank-math-block\"> <div class=\"rank-math-list\"> <div id=\"faq-question-1668565608199\" class=\"rank-math-list-item\"> <h3 class=\"rank-math-question\"><strong>P: \u00bfCu\u00e1ntas piezas se deben pedir una vez?<\/strong><\/h3> <div class=\"rank-math-answer\">  <p>R: El pedido m\u00ednimo es de 20 unidades.<\/p>  <\/div> <\/div> <div id=\"faq-question-1668565613558\" class=\"rank-math-list-item\"> <h3 class=\"rank-math-question\"><strong>P: \u00bfQu\u00e9 cultivos se pueden plantar con esta sembradora?<\/strong><\/h3> <div class=\"rank-math-answer\">  <p>R: Hay muchos cultivos disponibles. Por ejemplo, trigo, algod\u00f3n, sorgo, man\u00ed, frijoles, colza, etc.<\/p>  <\/div> <\/div> <div id=\"faq-question-1668565623984\" class=\"rank-math-list-item\"> <h3 class=\"rank-math-question\"><strong>P: \u00bfC\u00f3mo se garantiza la producci\u00f3n si se piden 100 unidades una vez?<\/strong><\/h3> <div class=\"rank-math-answer\">  <p>R: Estamos integrados en la fabricaci\u00f3n y el comercio. Por lo tanto, tenemos una gran fuerza para producir los productos requeridos a tiempo. Adem\u00e1s, realizaremos un plan de progreso para garantizar tus derechos.<\/p>  <\/div> <\/div> <div id=\"faq-question-1668565639991\" class=\"rank-math-list-item\"> <h3 class=\"rank-math-question\"><strong>P: \u00bfCu\u00e1nto tiempo pueden entregar las m\u00e1quinas?<\/strong><\/h3> <div class=\"rank-math-answer\">  <p>R: En t\u00e9rminos generales, despu\u00e9s de recibir el dep\u00f3sito, necesitamos una semana para organizar los productos. Entonces, si todo va bien, comenzaremos a entregar las m\u00e1quinas despu\u00e9s de una semana.<\/p>  <\/div> <\/div> <div id=\"faq-question-1668565653725\" class=\"rank-math-list-item\"> <h3 class=\"rank-math-question\"><strong>P: \u00bfQu\u00e9 m\u00e9todo de transporte utiliza?<\/strong><\/h3> <div class=\"rank-math-answer\">  <p>R: Com\u00fanmente, por mar. Si tiene otros requisitos, por favor inf\u00f3rmenos. Y organizaremos el m\u00e9todo de transporte m\u00e1s adecuado.<\/p>  <\/div> <\/div> <\/div> <\/div>   <p><\/p>","protected":false},"excerpt":{"rendered":"<p>Corn is one of the most important crops in the world. Therefore, from the beginning of planting to harvesting, it is inseparable from the relevant corn machinery. The hand corn planter to be introduced today is specially designed for corn sowing. Of course, it can also sow wheat, peanuts, beans, sorghum, rape, cotton, etc. This [&hellip;]<\/p>\n","protected":false},"author":1,"featured_media":2368,"parent":0,"template":"","tags":[],"product-type":[17],"class_list":["post-2333","product","type-product","status-publish","has-post-thumbnail","hentry","product-type-corn-machine"],"_links":{"self":[{"href":"https:\/\/taizyagromachine.com\/es\/wp-json\/wp\/v2\/product\/2333","targetHints":{"allow":["GET"]}}],"collection":[{"href":"https:\/\/taizyagromachine.com\/es\/wp-json\/wp\/v2\/product"}],"about":[{"href":"https:\/\/taizyagromachine.com\/es\/wp-json\/wp\/v2\/types\/product"}],"author":[{"embeddable":true,"href":"https:\/\/taizyagromachine.com\/es\/wp-json\/wp\/v2\/users\/1"}],"wp:featuredmedia":[{"embeddable":true,"href":"https:\/\/taizyagromachine.com\/es\/wp-json\/wp\/v2\/media\/2368"}],"wp:attachment":[{"href":"https:\/\/taizyagromachine.com\/es\/wp-json\/wp\/v2\/media?parent=2333"}],"wp:term":[{"taxonomy":"post_tag","embeddable":true,"href":"https:\/\/taizyagromachine.com\/es\/wp-json\/wp\/v2\/tags?post=2333"},{"taxonomy":"product-type","embeddable":true,"href":"https:\/\/taizyagromachine.com\/es\/wp-json\/wp\/v2\/product-type?post=2333"}],"curies":[{"name":"wp","href":"https:\/\/api.w.org\/{rel}","templated":true}]}}