{"id":2416,"date":"2022-04-06T09:36:20","date_gmt":"2022-04-06T09:36:20","guid":{"rendered":"https:\/\/taizyagromachine.com\/?post_type=product&#038;p=2416"},"modified":"2025-01-02T13:53:45","modified_gmt":"2025-01-02T05:53:45","slug":"oil-press-machine-cold-oil-press-hot-oil-press-machine","status":"publish","type":"product","link":"https:\/\/taizyagromachine.com\/es\/product\/oil-press-machine-cold-oil-press-hot-oil-press-machine\/","title":{"rendered":"M\u00e1quina de prensa de aceite | M\u00e1quina de extracci\u00f3n de aceite"},"content":{"rendered":"<p class=\"translation-block\">El aceite comestible es inseparable de la vida diaria de las personas. El aceite comestible requiere una prensa de aceite para su extracci\u00f3n. Por lo tanto, invertir en una <strong>m\u00e1quina de prensa de aceite<\/strong> puede generar enormes beneficios para los inversores. Como fabricante y proveedor profesional de prensas de aceite, nuestros extractores de aceite cubren casi todas las variedades del mercado. Adem\u00e1s, nuestras m\u00e1quinas de extracci\u00f3n de aceite tienen prensado en caliente y prensado en fr\u00edo. Puede elegir seg\u00fan las necesidades de su negocio. Adem\u00e1s, nuestras prensas de aceite autom\u00e1ticas tambi\u00e9n se exportan a Mal\u00ed, Angola, Nigeria, Burkina Faso, Tailandia, etc. En resumen, la m\u00e1quina de prensa de aceite puede generar ingresos para su propietario.<\/p>    <h2 class=\"wp-block-heading\" id=\"h-type-one-automatic-screw-hot-oil-press-machine\"><strong>Tipo uno: M\u00e1quina autom\u00e1tica de prensa de aceite caliente de tornillo<\/strong><\/h2>    <p class=\"translation-block\">Como una de las prensas de aceite autom\u00e1ticas m\u00e1s vendidas, la <a href=\"https:\/\/taizyagromachine.com\/es\/product\/automatic-groundnut-oil-sunflower-oil-making-machine\/\" target=\"_blank\" rel=\"noreferrer noopener\">prensa de tornillo<\/a> tiene un dise\u00f1o \u00fanico, una apariencia atractiva y un buen rendimiento. Esta m\u00e1quina est\u00e1 equipada con un motor y adopta un m\u00e9todo de prensado en caliente porque la producci\u00f3n de aceite es alta y el aceite es fragante. Adem\u00e1s, la m\u00e1quina expeller autom\u00e1tica tiene dos barriles de filtrado al vac\u00edo, que garantizan en gran medida la salida de la m\u00e1quina. <\/p>    <p>Adem\u00e1s, las materias primas utilizadas son muy amplias. Por ejemplo, soja, man\u00ed, semillas de algod\u00f3n, colza, semillas de girasol, semillas de pimiento, etc. Si tiene alguna pregunta, siempre puede contactarnos para obtener una aclaraci\u00f3n.<\/p>   <div class=\"wp-block-image\"> <figure class=\"aligncenter size-full\"><img loading=\"lazy\" decoding=\"async\" width=\"720\" height=\"540\" src=\"https:\/\/taizyagromachine.com\/wp-content\/uploads\/2022\/04\/hot-screw-oil-press-machine.jpg\" alt=\"m\u00e1quina de prensa de aceite de tornillo caliente\" class=\"wp-image-2418\" srcset=\"https:\/\/taizyagromachine.com\/wp-content\/uploads\/2022\/04\/hot-screw-oil-press-machine.jpg 720w, https:\/\/taizyagromachine.com\/wp-content\/uploads\/2022\/04\/hot-screw-oil-press-machine-300x225.jpg 300w\" sizes=\"auto, (max-width: 720px) 100vw, 720px\" \/><figcaption class=\"wp-element-caption\">m\u00e1quina de prensa de aceite de tornillo caliente<\/figcaption><\/figure> <\/div>   <h3 class=\"wp-block-heading\" id=\"h-reasonable-structure-of-electric-oil-press-machine\"><strong>Estructura razonable de la m\u00e1quina prensadora de aceite el\u00e9ctrica <\/strong><\/h3>    <p>Tiene un dise\u00f1o \u00fanico y simple, entrada de alimentaci\u00f3n, gabinete de control, tornillo y filtro de vac\u00edo. <\/p>   <div class=\"wp-block-image\"> <figure class=\"aligncenter size-full\"><img loading=\"lazy\" decoding=\"async\" width=\"720\" height=\"540\" src=\"https:\/\/taizyagromachine.com\/wp-content\/uploads\/2022\/02\/structure-of-groundnut-oil-processing-machine.jpg\" alt=\"Estructura de la m\u00e1quina procesadora de aceite de man\u00ed.\" class=\"wp-image-2094\" srcset=\"https:\/\/taizyagromachine.com\/wp-content\/uploads\/2022\/02\/structure-of-groundnut-oil-processing-machine.jpg 720w, https:\/\/taizyagromachine.com\/wp-content\/uploads\/2022\/02\/structure-of-groundnut-oil-processing-machine-300x225.jpg 300w\" sizes=\"auto, (max-width: 720px) 100vw, 720px\" \/><figcaption class=\"wp-element-caption\">Estructura de la m\u00e1quina procesadora de aceite de man\u00ed.<\/figcaption><\/figure> <\/div>   <figure class=\"wp-block-table\"><table><tbody><tr><td>1. regulador de temperatura<\/td><td>7. entrada de alimentaci\u00f3n<\/td><\/tr><tr><td>2. salida de humos<\/td><td>8. secci\u00f3n de ajuste<\/td><\/tr><tr><td>3. gabinete de distribuci\u00f3n de energ\u00eda<\/td><td>9. elemento calefactor<\/td><\/tr><tr><td>4. posici\u00f3n de engrase<\/td><td>10. parte de salida de aceite<\/td><\/tr><tr><td>5. reductor<\/td><td>11. parte de prensa<\/td><\/tr><tr><td>6.motor<\/td><td>12. filtro de aceite de vac\u00edo<\/td><\/tr><\/tbody><\/table><\/figure>    <h3 class=\"wp-block-heading\"><strong>Principio de funcionamiento de la m\u00e1quina de extracci\u00f3n de aceite caliente con tornillo de acero inoxidable<\/strong><\/h3>    <p>Como su nombre lo indica, esta m\u00e1quina utiliza principalmente el tornillo para prensar el aceite de las materias primas. Por tanto, el tornillo es la pieza central. Y luego, el aceite prensado se filtra mediante el filtro de vac\u00edo. Nuestro tornillo es de acero inoxidable de alta calidad, con requisitos de calidad alimentaria.<\/p>   <div class=\"wp-block-image\"> <figure class=\"aligncenter size-full\"><img loading=\"lazy\" decoding=\"async\" width=\"720\" height=\"540\" src=\"https:\/\/taizyagromachine.com\/wp-content\/uploads\/2022\/02\/screw-sunflower-oil-press.jpg\" alt=\"tornillo\" class=\"wp-image-2100\" srcset=\"https:\/\/taizyagromachine.com\/wp-content\/uploads\/2022\/02\/screw-sunflower-oil-press.jpg 720w, https:\/\/taizyagromachine.com\/wp-content\/uploads\/2022\/02\/screw-sunflower-oil-press-300x225.jpg 300w\" sizes=\"auto, (max-width: 720px) 100vw, 720px\" \/><figcaption class=\"wp-element-caption\">tornillo<\/figcaption><\/figure> <\/div>   <h3 class=\"wp-block-heading\"><strong>Par\u00e1metros t\u00e9cnicos<\/strong><\/h3>    <p>Disponemos de varios tipos para que elijas. Debes saber que clasificamos el modelo seg\u00fan su di\u00e1metro de tornillo. Entonces, puedes conocer claramente su capacidad. Los datos a continuaci\u00f3n indican claramente su potencia principal, capacidad, peso, tama\u00f1o, etc. Si a\u00fan tiene dudas, no dude en contactarnos en cualquier momento.<\/p>    <figure class=\"wp-block-table\"><table><tbody><tr><td>Modelo<\/td><td>6YL-60<\/td><td>6YL-70<\/td><td>6YL-80<\/td><td>6YL-100<\/td><td>6YL-125<\/td><\/tr><tr><td>Di\u00e1metro del tornillo (mm)<\/td><td>\u03a655<\/td><td>\u03a665<\/td><td>\u03a680<\/td><td>\u03a6100<\/td><td>\u03a6125<\/td><\/tr><tr><td>Velocidad de rotaci\u00f3n del tornillo (r\/min)<\/td><td>64<\/td><td>38<\/td><td>35<\/td><td>37<\/td><td>34<\/td><\/tr><tr><td>Potencia principal (kW)<\/td><td>2.2<\/td><td>3<\/td><td>4<\/td><td>7.5<\/td><td>15<\/td><\/tr><tr><td>Potencia de la bomba de vac\u00edo (kW)<\/td><td>0.75<\/td><td>0.75<\/td><td>0.55<\/td><td>0.75<\/td><td>0.75<\/td><\/tr><tr><td>Potencia de calefacci\u00f3n (kW)<\/td><td>0.9<\/td><td>1.8<\/td><td>2.2<\/td><td>3<\/td><td>3.75<\/td><\/tr><tr><td>Capacidad (kg\/h)<\/td><td>40-60<\/td><td>50-70<\/td><td>80-120<\/td><td>150-230<\/td><td>300-350<\/td><\/tr><tr><td>Peso (kg)<\/td><td>220<\/td><td>280<\/td><td>880<\/td><td>1100<\/td><td>1400<\/td><\/tr><tr><td>Tama\u00f1o (mm)<\/td><td>1200*480*1100<\/td><td>1400*500*1200<\/td><td>1700*110*1600<\/td><td>1900*1200*1300<\/td><td>2600*1300*2300<\/td><\/tr><\/tbody><\/table><\/figure>    <h2 class=\"wp-block-heading\" id=\"h-type-two-commercial-oil-hydraulic-press-machine\"><strong>Tipo dos: M\u00e1quina de prensa hidr\u00e1ulica de aceite comercial<\/strong><\/h2>    <p>En comparaci\u00f3n con el tipo uno, esta m\u00e1quina hidr\u00e1ulica de extracci\u00f3n de aceite tiene una capacidad menor. Por lo tanto, esta m\u00e1quina se utiliza generalmente para la producci\u00f3n de aceite de s\u00e9samo. Definitivamente, adopta la prensa caliente. Y utilizamos el separador para garantizar una producci\u00f3n de aceite de s\u00e9samo de alta calidad. Adem\u00e1s, el residuo de s\u00e9samo se puede triturar y utilizar como alimento. <\/p>    <p>Adem\u00e1s, esta m\u00e1quina puede utilizar s\u00e9samo, nueces y nueces. Cabe se\u00f1alar que las nueces se deben triturar hasta obtener el tama\u00f1o de s\u00e9samo y fre\u00edrlas primero.<\/p>    <figure class=\"wp-block-gallery aligncenter has-nested-images columns-default is-cropped wp-block-gallery-2 is-layout-flex wp-block-gallery-is-layout-flex\"> <figure class=\"wp-block-image size-large\"><img loading=\"lazy\" decoding=\"async\" width=\"720\" height=\"540\" data-id=\"2419\" src=\"https:\/\/taizyagromachine.com\/wp-content\/uploads\/2022\/04\/hydraulic-oil-expeller.jpg\" alt=\"expulsor de aceite hidr\u00e1ulico\" class=\"wp-image-2419\" srcset=\"https:\/\/taizyagromachine.com\/wp-content\/uploads\/2022\/04\/hydraulic-oil-expeller.jpg 720w, https:\/\/taizyagromachine.com\/wp-content\/uploads\/2022\/04\/hydraulic-oil-expeller-300x225.jpg 300w\" sizes=\"auto, (max-width: 720px) 100vw, 720px\" \/><figcaption class=\"wp-element-caption\">expulsor de aceite hidr\u00e1ulico<\/figcaption><\/figure>    <figure class=\"wp-block-image size-large\"><img loading=\"lazy\" decoding=\"async\" width=\"720\" height=\"540\" data-id=\"2420\" src=\"https:\/\/taizyagromachine.com\/wp-content\/uploads\/2022\/04\/machine-display.jpg\" alt=\"pantalla de la m\u00e1quina\" class=\"wp-image-2420\" srcset=\"https:\/\/taizyagromachine.com\/wp-content\/uploads\/2022\/04\/machine-display.jpg 720w, https:\/\/taizyagromachine.com\/wp-content\/uploads\/2022\/04\/machine-display-300x225.jpg 300w\" sizes=\"auto, (max-width: 720px) 100vw, 720px\" \/><figcaption class=\"wp-element-caption\">pantalla de la m\u00e1quina<\/figcaption><\/figure> <\/figure>    <h3 class=\"wp-block-heading\" id=\"h-hydraulic-hot-oil-press-structure\"><strong>Estructura de prensa hidr\u00e1ulica de aceite caliente<\/strong><\/h3>    <p>Este tipo de m\u00e1quina ocupa un espacio reducido. La parte principal de trabajo es el cilindro, incluido el separador, etc. Tambi\u00e9n tiene el pedestal para sostener la m\u00e1quina.<\/p>   <div class=\"wp-block-image\"> <figure class=\"aligncenter size-full\"><img loading=\"lazy\" decoding=\"async\" width=\"720\" height=\"500\" src=\"https:\/\/taizyagromachine.com\/wp-content\/uploads\/2022\/04\/structure-of-hydraulic-oil-press-machine.jpg\" alt=\"Estructura de la m\u00e1quina de prensa de aceite hidr\u00e1ulico.\" class=\"wp-image-2421\" srcset=\"https:\/\/taizyagromachine.com\/wp-content\/uploads\/2022\/04\/structure-of-hydraulic-oil-press-machine.jpg 720w, https:\/\/taizyagromachine.com\/wp-content\/uploads\/2022\/04\/structure-of-hydraulic-oil-press-machine-300x208.jpg 300w\" sizes=\"auto, (max-width: 720px) 100vw, 720px\" \/><figcaption class=\"wp-element-caption\">Estructura de la m\u00e1quina de prensa de aceite hidr\u00e1ulico.<\/figcaption><\/figure> <\/div>   <h3 class=\"wp-block-heading\" id=\"h-hydraulic-oil-press-machine-specifications\"><strong>Especificaciones de la m\u00e1quina de prensa de aceite hidr\u00e1ulico<\/strong><\/h3>    <p>En nuestra empresa todav\u00eda existen muchos tipos. Puede elegir uno adecuado seg\u00fan los datos a continuaci\u00f3n. Si no tiene idea, bienvenido a contactarnos. Nuestro gerente de ventas profesional le brindar\u00e1 asesoramiento t\u00e9cnico. <\/p>    <figure class=\"wp-block-table\"><table><tbody><tr><td>Modelo<\/td><td>6YZ-180<\/td><td>6YZ-230<\/td><td>6YZ-260<\/td><td>6YZ-320<\/td><\/tr><tr><td>Tama\u00f1o (mm)<\/td><td>920*480*1190<\/td><td>1065*540*1550<\/td><td>900*1000*1560<\/td><td>980*1050*1680<\/td><\/tr><tr><td>Peso (kg)<\/td><td>450<\/td><td>880<\/td><td>1250<\/td><td>1680<\/td><\/tr><tr><td>Kg de presi\u00f3n (kn)<\/td><td>1600<\/td><td>2200<\/td><td>2600<\/td><td>3000<\/td><\/tr><tr><td>Presi\u00f3n m\u00e1xima de trabajo<\/td><td>55Mpa<\/td><td>55Mpa<\/td><td>55Mpa<\/td><td>55Mpa<\/td><\/tr><tr><td>Potencia de calefacci\u00f3n el\u00e9ctrica<\/td><td>1<\/td><td>1<\/td><td>1.2<\/td><td>2<\/td><\/tr><tr><td>Peso de las semillas de s\u00e9samo (cada vez)<\/td><td>&nbsp;2-4 &nbsp;&nbsp;&nbsp;&nbsp;&nbsp;&nbsp;<\/td><td>5 -8<\/td><td>&nbsp;6-10<\/td><td>&nbsp;7-18<\/td><\/tr><tr><td>Potencia (kW)<\/td><td>3(220v)<\/td><td>1.5<\/td><td>1.5<\/td><td>2.2<\/td><\/tr><\/tbody><\/table><\/figure>    <h2 class=\"wp-block-heading\"><strong>Tipo tres: la mejor m\u00e1quina prensadora de aceite en fr\u00edo y caliente a la venta<\/strong><\/h2>    <p>Por su nombre, podemos saber f\u00e1cilmente que este tipo de expulsor de aceite puede utilizar la prensa de aceite fr\u00eda o caliente. Por su aspecto, dispone de ascensor. Por tanto, es f\u00e1cil de distinguir. <\/p>    <p>Si utiliza una prensa de aceite caliente, el aceite tendr\u00e1 un color intenso y un alto rendimiento.<\/p>    <p>Si utilizas una prensa de aceite fr\u00eda, el aceite tendr\u00e1 un color claro.<\/p>   <div class=\"wp-block-image\"> <figure class=\"aligncenter size-full\"><img loading=\"lazy\" decoding=\"async\" width=\"720\" height=\"540\" src=\"https:\/\/taizyagromachine.com\/wp-content\/uploads\/2022\/04\/cold-and-hot-oil-press-machine.jpg\" alt=\"prensa de aceite frio y caliente\" class=\"wp-image-2422\" srcset=\"https:\/\/taizyagromachine.com\/wp-content\/uploads\/2022\/04\/cold-and-hot-oil-press-machine.jpg 720w, https:\/\/taizyagromachine.com\/wp-content\/uploads\/2022\/04\/cold-and-hot-oil-press-machine-300x225.jpg 300w\" sizes=\"auto, (max-width: 720px) 100vw, 720px\" \/><figcaption class=\"wp-element-caption\">prensa de aceite frio y caliente<\/figcaption><\/figure> <\/div>   <h3 class=\"wp-block-heading\" id=\"h-technical-parameters\"><strong>Par\u00e1metros t\u00e9cnicos<\/strong><\/h3>    <p>Los diferentes tipos tienen diferentes capacidades. Por supuesto, deber\u00e1 tener el motor, tama\u00f1o y peso correspondiente.<\/p>    <figure class=\"wp-block-table\"><table><tbody><tr><td>Modelo<\/td><td>ZY-125<\/td><td>ZY-150<\/td><\/tr><tr><td>Motor<\/td><td>&nbsp;15kW<\/td><td>37kw<\/td><\/tr><tr><td>Motor de bomba de vac\u00edo<\/td><td>1,5 kw<\/td><td>2,2 kw<\/td><\/tr><tr><td>Capacidad<\/td><td>150-200kg\/hora<\/td><td>300-350kg\/hora<\/td><\/tr><tr><td>Peso<\/td><td>986 kilos<\/td><td>2500 kilos<\/td><\/tr><tr><td>Tama\u00f1o<\/td><td>1900*1100*1500mm<\/td><td>2100*1300*1700mm<\/td><\/tr><\/tbody><\/table><\/figure>    <h2 class=\"wp-block-heading\"><strong>Tipo cuatro: M\u00e1quina prensadora de aceite manual al por mayor para proyectos de licitaci\u00f3n<\/strong><\/h2>    <p>La mayor ventaja de esta m\u00e1quina prensadora de aceite semiautom\u00e1tica es el motor di\u00e9sel disponible. Y es muy simple, f\u00e1cil de operar. Porque s\u00f3lo le queda el tornillo para trabajar, produciendo el aceite comestible.<\/p>    <p>Aparte de esto, esta m\u00e1quina se utiliza principalmente para proyectos de licitaci\u00f3n para clientes africanos. <\/p>   <div class=\"wp-block-image\"> <figure class=\"aligncenter size-full\"><img loading=\"lazy\" decoding=\"async\" width=\"720\" height=\"540\" src=\"https:\/\/taizyagromachine.com\/wp-content\/uploads\/2022\/04\/semi-automatic-oil-extraction-machine.jpg\" alt=\"m\u00e1quina de extracci\u00f3n de aceite semiautom\u00e1tica\" class=\"wp-image-2423\" srcset=\"https:\/\/taizyagromachine.com\/wp-content\/uploads\/2022\/04\/semi-automatic-oil-extraction-machine.jpg 720w, https:\/\/taizyagromachine.com\/wp-content\/uploads\/2022\/04\/semi-automatic-oil-extraction-machine-300x225.jpg 300w\" sizes=\"auto, (max-width: 720px) 100vw, 720px\" \/><figcaption class=\"wp-element-caption\">m\u00e1quina de extracci\u00f3n de aceite semiautom\u00e1tica<\/figcaption><\/figure> <\/div>   <h2 class=\"wp-block-heading\"><strong>Amplias aplicaciones <\/strong><\/h2>    <p class=\"translation-block\">Una variedad de aplicaciones est\u00e1 disponible para la m\u00e1quina de prensa de aceite. Tales como frijoles, cacahuates, semillas de algod\u00f3n, colza, semillas de girasol, semillas de pimienta, s\u00e9samo, <a href=\"https:\/\/en.wikipedia.org\/wiki\/Walnut\" target=\"_blank\" rel=\"noreferrer noopener\">nuez<\/a>, nueces, etc. <\/p>   <div class=\"wp-block-image\"> <figure class=\"aligncenter size-full\"><img loading=\"lazy\" decoding=\"async\" width=\"720\" height=\"540\" src=\"https:\/\/taizyagromachine.com\/wp-content\/uploads\/2022\/02\/application-of-screw-groudnut-oil-extraction.jpg\" alt=\"aplicaci\u00f3n-de-extracci\u00f3n-de-aceite-de-tuerca-tornillo\" class=\"wp-image-2135\" srcset=\"https:\/\/taizyagromachine.com\/wp-content\/uploads\/2022\/02\/application-of-screw-groudnut-oil-extraction.jpg 720w, https:\/\/taizyagromachine.com\/wp-content\/uploads\/2022\/02\/application-of-screw-groudnut-oil-extraction-300x225.jpg 300w\" sizes=\"auto, (max-width: 720px) 100vw, 720px\" \/><figcaption class=\"wp-element-caption\">solicitud<\/figcaption><\/figure> <\/div>   <h2 class=\"wp-block-heading\" id=\"h-working-video-of-oil-press-machine\"><strong>Video de trabajo de la m\u00e1quina prensadora de aceite<\/strong><\/h2>    <figure class=\"wp-block-embed is-type-video is-provider-youtube wp-block-embed-youtube wp-embed-aspect-16-9 wp-has-aspect-ratio\"><div class=\"wp-block-embed__wrapper\"> <iframe loading=\"lazy\" title=\"m\u00e1quina para fabricar aceite de man\u00ed | extracci\u00f3n de aceite de man\u00ed | M\u00e1quina para fabricar aceite de girasol y semilla de algod\u00f3n.\" width=\"500\" height=\"281\" src=\"https:\/\/www.youtube.com\/embed\/o5xYWrWoEQg?feature=oembed\" frameborder=\"0\" allow=\"accelerometer; autoplay; clipboard-write; encrypted-media; gyroscope; picture-in-picture; web-share\" referrerpolicy=\"strict-origin-when-cross-origin\" allowfullscreen><\/iframe> <\/div><\/figure>    <h2 class=\"wp-block-heading\"><strong>\u00bfCu\u00e1les son las fortalezas de Taizy Agro Machine Co., Ltd?<\/strong><\/h2>    <p class=\"translation-block\"><strong>Modelos completos<\/strong>. Revisa este art\u00edculo completo, puedes aprender que nuestra prensa de aceite casi cubre los modelos disponibles en el mercado. As\u00ed que, de nosotros, puedes conocer los tipos completos de una vez, muy simples y convenientes.<\/p>    <p class=\"translation-block\"><strong>Gerente de ventas profesional<\/strong>. Nuestros gerentes de ventas tienen amplia experiencia y una buena comprensi\u00f3n de la m\u00e1quina. A partir de tu discusi\u00f3n, pueden saber claramente lo que necesitas y proporcionar las soluciones perfectas.<\/p>    <p class=\"translation-block\"><strong>Servicio postventa considerado<\/strong>. Nuestra empresa proporciona servicio en l\u00ednea y tambi\u00e9n soporte de video. Siempre que necesite ayuda, siempre estaremos con usted.<\/p>    <h2 class=\"wp-block-heading\"><strong>Mantenimiento de la m\u00e1quina prensadora de aceite Taizy<\/strong><\/h2>    <ol class=\"wp-block-list\"> <li>Cuando se reduce la cantidad de presi\u00f3n y la salida de residuos o aceite es anormal, extraiga el eje del tornillo y verifique el desgaste del tornillo, la varilla de presi\u00f3n y el anillo de residuos. Las piezas desgastadas deben reemplazarse a tiempo.<\/li>    <li>Despu\u00e9s de cada turno, se debe eliminar la torta residual de la m\u00e1quina y se debe limpiar el polvo y la grasa de la superficie de la m\u00e1quina.<\/li>    <li>Cuando se almacene durante un largo tiempo despu\u00e9s de la temporada de producci\u00f3n, se debe realizar el mantenimiento y los caracoles prensados, las barras prensadas y los anillos de residuos deben desmontarse, lavarse y volverse a engrasar y colocarse en un lugar seco.<\/li> <\/ol>    <h2 class=\"wp-block-heading\"><strong>Caso exitoso:<\/strong> <strong>M\u00e1quina de prensado de aceite de tornillo caliente completamente autom\u00e1tica vendida a Tailandia<\/strong><\/h2>    <p>Nuestra gerente de ventas Winne recibi\u00f3 una consulta de un cliente de Tailandia. Este cliente tailand\u00e9s dirige una planta de procesamiento de aceite de man\u00ed. Quiere actualizar el equipo. A trav\u00e9s de la comunicaci\u00f3n, el cliente tailand\u00e9s vende una amplia variedad de aceites usados. Como aceite de man\u00ed, aceite de colza, aceite de girasol, etc. Por eso Winne recomienda su prensa de tornillo totalmente autom\u00e1tica. Luego, seg\u00fan su volumen de ventas diario, Winne recomend\u00f3 el tipo 60. Como vende petr\u00f3leo y quiere tener m\u00e1s claridad, tambi\u00e9n quiere un filtro de aceite centr\u00edfugo. Despu\u00e9s de tener una comprensi\u00f3n detallada del rendimiento de la m\u00e1quina, los par\u00e1metros, los videos de trabajo, etc., lleg\u00f3 a cooperar con nosotros.<\/p>   <div class=\"wp-block-image\"> <figure class=\"aligncenter size-full\"><img loading=\"lazy\" decoding=\"async\" width=\"720\" height=\"280\" src=\"https:\/\/taizyagromachine.com\/wp-content\/uploads\/2022\/04\/order-details-fully-automatic-screw-oil-press-machine.jpg\" alt=\"Detalles del pedido: m\u00e1quina de prensa de aceite de tornillo completamente autom\u00e1tica\" class=\"wp-image-2426\" srcset=\"https:\/\/taizyagromachine.com\/wp-content\/uploads\/2022\/04\/order-details-fully-automatic-screw-oil-press-machine.jpg 720w, https:\/\/taizyagromachine.com\/wp-content\/uploads\/2022\/04\/order-details-fully-automatic-screw-oil-press-machine-300x117.jpg 300w\" sizes=\"auto, (max-width: 720px) 100vw, 720px\" \/><figcaption class=\"wp-element-caption\">Detalles del pedido: m\u00e1quina de prensa de aceite de tornillo completamente autom\u00e1tica<\/figcaption><\/figure> <\/div>   <h2 class=\"wp-block-heading\" id=\"h-\"><strong> <\/strong><\/h2>","protected":false},"excerpt":{"rendered":"<p>Edible oil is inseparable from people&#8217;s daily life. Edible oil requires an oil press for extraction. Therefore, investing in oil press machine can bring huge profits to investors. As a professional oil press manufacturer and supplier, our oil expeller covers almost all varieties on the market. Besides, our oil extraction machine has hot pressing and [&hellip;]<\/p>\n","protected":false},"author":1,"featured_media":2417,"parent":0,"template":"","tags":[],"product-type":[22],"class_list":["post-2416","product","type-product","status-publish","has-post-thumbnail","hentry","product-type-others"],"_links":{"self":[{"href":"https:\/\/taizyagromachine.com\/es\/wp-json\/wp\/v2\/product\/2416","targetHints":{"allow":["GET"]}}],"collection":[{"href":"https:\/\/taizyagromachine.com\/es\/wp-json\/wp\/v2\/product"}],"about":[{"href":"https:\/\/taizyagromachine.com\/es\/wp-json\/wp\/v2\/types\/product"}],"author":[{"embeddable":true,"href":"https:\/\/taizyagromachine.com\/es\/wp-json\/wp\/v2\/users\/1"}],"wp:featuredmedia":[{"embeddable":true,"href":"https:\/\/taizyagromachine.com\/es\/wp-json\/wp\/v2\/media\/2417"}],"wp:attachment":[{"href":"https:\/\/taizyagromachine.com\/es\/wp-json\/wp\/v2\/media?parent=2416"}],"wp:term":[{"taxonomy":"post_tag","embeddable":true,"href":"https:\/\/taizyagromachine.com\/es\/wp-json\/wp\/v2\/tags?post=2416"},{"taxonomy":"product-type","embeddable":true,"href":"https:\/\/taizyagromachine.com\/es\/wp-json\/wp\/v2\/product-type?post=2416"}],"curies":[{"name":"wp","href":"https:\/\/api.w.org\/{rel}","templated":true}]}}