{"id":2431,"date":"2022-04-08T09:50:52","date_gmt":"2022-04-08T09:50:52","guid":{"rendered":"https:\/\/taizyagromachine.com\/?post_type=product&#038;p=2431"},"modified":"2025-04-28T16:51:17","modified_gmt":"2025-04-28T08:51:17","slug":"groundnut-shelling-machine-groundnut-shell-removing-machine","status":"publish","type":"product","link":"https:\/\/taizyagromachine.com\/es\/product\/groundnut-shelling-machine-groundnut-shell-removing-machine\/","title":{"rendered":"M\u00e1quina descascaradora de man\u00ed para quitar la c\u00e1scara de man\u00ed"},"content":{"rendered":"<p class=\"translation-block\">La <strong>descascarilladora de cacahuetes<\/strong> funciona para eliminar f\u00e1cilmente la piel de los cacahuetes, obteniendo los granos de cacahuete limpios y enteros. Este tipo de m\u00e1quina descascarilladora de cacahuetes tiene una capacidad de 200-800 kg\/h, con las ventajas de sistemas de energ\u00eda flexibles, una alta tasa de descascarillado y una baja tasa de rotura.<\/p>    <p>Los cacahuetes son ricos en nutrientes. No s\u00f3lo para la extracci\u00f3n de petr\u00f3leo sino tambi\u00e9n para la industria alimentaria. Adem\u00e1s, tambi\u00e9n se puede consumir directamente. Por eso utilizamos la desgranadora de man\u00ed. Adem\u00e1s, nuestra desgranadora de man\u00ed cuenta con el certificado CE. <\/p>    <p>Adem\u00e1s, nuestra m\u00e1quina peladora de man\u00ed es muy popular en muchos pa\u00edses y regiones. Como Senegal, Nigeria, Kenia, Congo, Zimbabwe, Gambia, Grecia, etc.<\/p>    <figure class=\"wp-block-embed is-type-video is-provider-youtube wp-block-embed-youtube wp-embed-aspect-16-9 wp-has-aspect-ratio\"><div class=\"wp-block-embed__wrapper\"> <iframe loading=\"lazy\" title=\"C\u00e1scara de man\u00ed rentable para la cubierta de tuerca eliminar | \u00bfC\u00f3mo funciona el indiferente industrial?\" width=\"500\" height=\"281\" src=\"https:\/\/www.youtube.com\/embed\/laJ9QAIVMf0?feature=oembed\" frameborder=\"0\" allow=\"accelerometer; autoplay; clipboard-write; encrypted-media; gyroscope; picture-in-picture; web-share\" referrerpolicy=\"strict-origin-when-cross-origin\" allowfullscreen><\/iframe> <\/div><figcaption class=\"wp-element-caption\">Video de la m\u00e1quina de bombardeo de man\u00ed<\/figcaption><\/figure>    <h2 class=\"wp-block-heading\" id=\"h-industrial-automatic-peanut-shelling-machine-for-sale\"><strong>M\u00e1quina descascaradora de man\u00ed autom\u00e1tica industrial para la venta<\/strong><\/h2>    <p>Como fabricante y proveedor l\u00edder y profesional de m\u00e1quinas agr\u00edcolas, contamos con varios modelos para satisfacer sus necesidades. Por supuesto, cada modelo de desgranadora de man\u00ed tiene su resistencia y caracter\u00edsticas. Os los presento uno por uno.<\/p>    <h3 class=\"wp-block-heading\"><strong>M\u00e1quina descascaradora de man\u00ed peque\u00f1a TBH-200<\/strong><\/h3>    <p>Este tipo de desgranadora de man\u00ed puede utilizar motor di\u00e9sel, motor y motor de gasolina. En esta m\u00e1quina desgranadora se utiliza un tamiz. Pero junto con la m\u00e1quina colocaremos dos tamices. <\/p>    <p>Tambi\u00e9n puedes personalizar el colador seg\u00fan la forma del man\u00ed. Este tipo de m\u00e1quina para quitar c\u00e1scaras de man\u00ed tiene las ventajas de alta eficiencia, bajo da\u00f1o y alta tasa de descascarado. Por lo tanto, es una m\u00e1quina peladora de man\u00ed para hogares y peque\u00f1as empresas.<\/p>   <div class=\"wp-block-image\"> <figure class=\"aligncenter size-full\"><img loading=\"lazy\" decoding=\"async\" width=\"720\" height=\"540\" src=\"https:\/\/taizyagromachine.com\/wp-content\/uploads\/2022\/04\/peanut-shelling-machine-TBH-200.jpg\" alt=\"m\u00e1quina descascaradora de man\u00ed-TBH-200\" class=\"wp-image-2433\" srcset=\"https:\/\/taizyagromachine.com\/wp-content\/uploads\/2022\/04\/peanut-shelling-machine-TBH-200.jpg 720w, https:\/\/taizyagromachine.com\/wp-content\/uploads\/2022\/04\/peanut-shelling-machine-TBH-200-300x225.jpg 300w\" sizes=\"auto, (max-width: 720px) 100vw, 720px\" \/><figcaption class=\"wp-element-caption\">m\u00e1quina descascaradora de man\u00ed-TBH-200<\/figcaption><\/figure> <\/div>   <figure class=\"wp-block-embed is-type-video is-provider-youtube wp-block-embed-youtube wp-embed-aspect-16-9 wp-has-aspect-ratio\"><div class=\"wp-block-embed__wrapper\"> <iframe loading=\"lazy\" title=\"\u00bfC\u00f3mo funciona una desgranadora de man\u00ed? \u00bfC\u00f3mo le quitan la c\u00e1scara al man\u00ed?\" width=\"500\" height=\"281\" src=\"https:\/\/www.youtube.com\/embed\/ItqAlwJXEL8?feature=oembed\" frameborder=\"0\" allow=\"accelerometer; autoplay; clipboard-write; encrypted-media; gyroscope; picture-in-picture; web-share\" referrerpolicy=\"strict-origin-when-cross-origin\" allowfullscreen><\/iframe> <\/div><figcaption class=\"wp-element-caption\">Video de trabajo de la m\u00e1quina desgranadora de man\u00ed.<\/figcaption><\/figure>    <h3 class=\"wp-block-heading\"><strong>TBH-400 Removedor autom\u00e1tico de piel de man\u00ed <\/strong><\/h3>    <p>La desgranadora de man\u00ed tiene un sistema de energ\u00eda similar al de la TBH-200; hay tres dispositivos de energ\u00eda disponibles. Adem\u00e1s, hay dos tamices disponibles y solo uno est\u00e1 instalado. El soplador elimina las impurezas. Utiliza un rodillo de goma. <\/p>    <p>En comparaci\u00f3n con la m\u00e1quina anterior, esta m\u00e1quina descascaradora de man\u00ed industrial tiene una mayor capacidad.<\/p>    <figure class=\"wp-block-gallery aligncenter has-nested-images columns-default is-cropped wp-block-gallery-2 is-layout-flex wp-block-gallery-is-layout-flex\"> <figure class=\"wp-block-image size-large\"><img loading=\"lazy\" decoding=\"async\" width=\"540\" height=\"720\" data-id=\"2435\" src=\"https:\/\/taizyagromachine.com\/wp-content\/uploads\/2022\/04\/groundnut-sheller-TBH-400.jpg\" alt=\"desgranadora-de-man\u00ed-TBH-400\" class=\"wp-image-2435\" srcset=\"https:\/\/taizyagromachine.com\/wp-content\/uploads\/2022\/04\/groundnut-sheller-TBH-400.jpg 540w, https:\/\/taizyagromachine.com\/wp-content\/uploads\/2022\/04\/groundnut-sheller-TBH-400-225x300.jpg 225w\" sizes=\"auto, (max-width: 540px) 100vw, 540px\" \/><figcaption class=\"wp-element-caption\">desgranadora de man\u00ed-TBH-400<\/figcaption><\/figure>    <figure class=\"wp-block-image size-full\"><img loading=\"lazy\" decoding=\"async\" width=\"540\" height=\"720\" data-id=\"2436\" src=\"https:\/\/taizyagromachine.com\/wp-content\/uploads\/2022\/04\/peanut-shell-removing-machine-TBH-400.jpg\" alt=\"m\u00e1quina para quitar la c\u00e1scara de man\u00ed-TBH-400\" class=\"wp-image-2436\" srcset=\"https:\/\/taizyagromachine.com\/wp-content\/uploads\/2022\/04\/peanut-shell-removing-machine-TBH-400.jpg 540w, https:\/\/taizyagromachine.com\/wp-content\/uploads\/2022\/04\/peanut-shell-removing-machine-TBH-400-225x300.jpg 225w\" sizes=\"auto, (max-width: 540px) 100vw, 540px\" \/><figcaption class=\"wp-element-caption\">m\u00e1quina para quitar la c\u00e1scara de man\u00ed-TBH-400<\/figcaption><\/figure> <\/figure>    <figure class=\"wp-block-gallery aligncenter has-nested-images columns-default is-cropped wp-block-gallery-3 is-layout-flex wp-block-gallery-is-layout-flex\"> <figure class=\"wp-block-image size-full\"><img loading=\"lazy\" decoding=\"async\" width=\"720\" height=\"540\" data-id=\"2434\" src=\"https:\/\/taizyagromachine.com\/wp-content\/uploads\/2022\/04\/rubber-roller.jpg\" alt=\"rodillo de goma\" class=\"wp-image-2434\" srcset=\"https:\/\/taizyagromachine.com\/wp-content\/uploads\/2022\/04\/rubber-roller.jpg 720w, https:\/\/taizyagromachine.com\/wp-content\/uploads\/2022\/04\/rubber-roller-300x225.jpg 300w\" sizes=\"auto, (max-width: 720px) 100vw, 720px\" \/><figcaption class=\"wp-element-caption\">rodillo de goma<\/figcaption><\/figure> <\/figure>    <h3 class=\"wp-block-heading\"><strong>M\u00e1quina peladora de man\u00ed comercial TBH-800<\/strong>  <\/h3>    <p>La m\u00e1quina descortezadora de man\u00ed puede utilizar tres dispositivos de potencia. Y tiene las ventajas de dos sopladores y dos tamices instalados. El rodillo de hierro se aplica para trillar man\u00ed. <\/p>    <p>Adem\u00e1s, esta m\u00e1quina autom\u00e1tica para pelar man\u00ed puede pelar man\u00ed dos veces, lo que produce granos de man\u00ed mucho m\u00e1s limpios.<\/p>   <div class=\"wp-block-image\"> <figure class=\"aligncenter size-full\"><img loading=\"lazy\" decoding=\"async\" width=\"720\" height=\"540\" src=\"https:\/\/taizyagromachine.com\/wp-content\/uploads\/2022\/04\/peanut-skin-remover-TBH-800.jpg\" alt=\"removedor de piel de man\u00ed-TBH-800\" class=\"wp-image-2438\" srcset=\"https:\/\/taizyagromachine.com\/wp-content\/uploads\/2022\/04\/peanut-skin-remover-TBH-800.jpg 720w, https:\/\/taizyagromachine.com\/wp-content\/uploads\/2022\/04\/peanut-skin-remover-TBH-800-300x225.jpg 300w\" sizes=\"auto, (max-width: 720px) 100vw, 720px\" \/><figcaption class=\"wp-element-caption\">removedor de piel de man\u00ed-TBH-800<\/figcaption><\/figure> <\/div>   <h3 class=\"wp-block-heading\"><strong>M\u00e1quina descascaradora de man\u00ed 6BHD-800D para proyecto<\/strong><\/h3>    <p>Este equipo para descascarar man\u00ed es muy similar al TBH-800. Pero esta m\u00e1quina puede equiparse con ruedas grandes. A los clientes africanos les gusta mucho este tipo de desgranadora de man\u00ed port\u00e1til. Entonces, si tiene alg\u00fan proyecto en \u00c1frica, puede contactarnos para elegir este modelo para facilitar su negocio.<\/p>   <div class=\"wp-block-image\"> <figure class=\"aligncenter size-full\"><img loading=\"lazy\" decoding=\"async\" width=\"720\" height=\"540\" src=\"https:\/\/taizyagromachine.com\/wp-content\/uploads\/2022\/04\/groundnut-shell-removing-machine-6BHD-800B.jpg\" alt=\"m\u00e1quina para quitar c\u00e1scaras de man\u00ed-6BHD-800B\" class=\"wp-image-2439\" srcset=\"https:\/\/taizyagromachine.com\/wp-content\/uploads\/2022\/04\/groundnut-shell-removing-machine-6BHD-800B.jpg 720w, https:\/\/taizyagromachine.com\/wp-content\/uploads\/2022\/04\/groundnut-shell-removing-machine-6BHD-800B-300x225.jpg 300w\" sizes=\"auto, (max-width: 720px) 100vw, 720px\" \/><figcaption class=\"wp-element-caption\">m\u00e1quina para quitar c\u00e1scaras de man\u00ed-6BHD-800B<\/figcaption><\/figure> <\/div>   <h2 class=\"wp-block-heading\"><strong>Par\u00e1metros t\u00e9cnicos de la m\u00e1quina descascaradora de man\u00ed<\/strong><\/h2>    <figure class=\"wp-block-table\"><table><tbody><tr><td>Modelo<\/td><td>Capacidad<\/td><td>Fuerza<\/td><td>Peso<\/td><td>Tama\u00f1o<\/td><\/tr><tr><td>TBH-200<\/td><td>200kg\/h<\/td><td>Motor de 2,2 kW, motor de gasolina 170F, motor di\u00e9sel de 6 CV<\/td><td>40kg<\/td><td>650*<em>560<\/em>*1000mm<\/td><\/tr><tr><td>TBH-400<\/td><td>300-400kg\/h<\/td><td>Motor de 3kW, motor de gasolina 170F, motor di\u00e9sel de 8hp<\/td><td>\/<\/td><td>\/<\/td><\/tr><tr><td>TBH-800<\/td><td>600-800kg\/hora<\/td><td>Motor de 3kW O motor de gasolina 170F, motor di\u00e9sel de 8hp<\/td><td>160kg<\/td><td>1330*750*1570mm<\/td><\/tr><tr><td>6BHD-800B<\/td><td>600-800kg\/hora<\/td><td>Motor de 2,2-3,0 kW<\/td><td>160kg<\/td><td>1330*750*1570mm<\/td><\/tr><\/tbody><\/table><figcaption class=\"wp-element-caption\">Par\u00e1metros t\u00e9cnicos de la desgranadora de man\u00ed.<\/figcaption><\/figure>    <h2 class=\"wp-block-heading\" id=\"h-highlights-of-groundnut-shell-removing-machine\"><strong>Aspectos destacados de la m\u00e1quina para quitar c\u00e1scaras de man\u00ed<\/strong><\/h2>    <ul class=\"wp-block-list\"> <li><strong>Hay tres sistemas de energ\u00eda disponibles.<\/strong>. El motor di\u00e9sel, el motor el\u00e9ctrico y el motor de gasolina se pueden aplicar a estos cuatro modelos. Por lo tanto, tiene mucho espacio de selecci\u00f3n.<\/li>    <li><strong>Los tamices se pueden personalizar<\/strong>. De hecho, hemos reunido suficientes tamices junto con la m\u00e1quina peladora de man\u00ed. Sin embargo, a\u00fan podemos personalizar el tamiz seg\u00fan la forma del man\u00ed.<\/li>    <li><strong>Diferentes capacidades pueden satisfacer sus demandas<\/strong>. Nuestro removedor de piel de man\u00ed sirve para pelar c\u00e1scaras de man\u00ed con un rango de 200 kg por hora a 800 kg por hora. Por lo tanto, esto puede satisfacer sus diversas escalas comerciales.<\/li>    <li>Estructura simple, f\u00e1cil operaci\u00f3n y rendimiento estable.<\/li>    <li>Alta tasa de bombardeo, baja tasa de da\u00f1o.<\/li> <\/ul>   <div class=\"wp-block-image\"> <figure class=\"aligncenter size-full\"><img loading=\"lazy\" decoding=\"async\" width=\"720\" height=\"400\" src=\"https:\/\/taizyagromachine.com\/wp-content\/uploads\/2022\/04\/sieve.jpg\" alt=\"tamiz\" class=\"wp-image-2440\" srcset=\"https:\/\/taizyagromachine.com\/wp-content\/uploads\/2022\/04\/sieve.jpg 720w, https:\/\/taizyagromachine.com\/wp-content\/uploads\/2022\/04\/sieve-300x167.jpg 300w\" sizes=\"auto, (max-width: 720px) 100vw, 720px\" \/><figcaption class=\"wp-element-caption\">tamiz<\/figcaption><\/figure> <\/div>   <h2 class=\"wp-block-heading\"><strong>Dise\u00f1o y fabricaci\u00f3n de m\u00e1quinas peladoras de man\u00ed<\/strong><\/h2>    <p>En nuestra empresa, el dise\u00f1o y la fabricaci\u00f3n de la m\u00e1quina peladora de man\u00ed son esencialmente amigables para los usuarios. Desde la tolva hasta la entrada, toda la estructura es muy f\u00e1cil de entender. <\/p>    <p>Incluye la entrada y la salida. Los detalles de la m\u00e1quina tienen un rodillo de goma, una rejilla de filtro, un eje deflector de control y un ventilador. Tomando TBH-400 como ejemplo, se muestra a continuaci\u00f3n:<\/p>    <figure class=\"wp-block-gallery aligncenter has-nested-images columns-default is-cropped wp-block-gallery-4 is-layout-flex wp-block-gallery-is-layout-flex\"> <figure class=\"wp-block-image size-full\"><img loading=\"lazy\" decoding=\"async\" width=\"720\" height=\"540\" data-id=\"2441\" src=\"https:\/\/taizyagromachine.com\/wp-content\/uploads\/2022\/04\/structure-of-groundnut-skin-remover.jpg\" alt=\"removedor de piel de estructura de man\u00ed\" class=\"wp-image-2441\" srcset=\"https:\/\/taizyagromachine.com\/wp-content\/uploads\/2022\/04\/structure-of-groundnut-skin-remover.jpg 720w, https:\/\/taizyagromachine.com\/wp-content\/uploads\/2022\/04\/structure-of-groundnut-skin-remover-300x225.jpg 300w\" sizes=\"auto, (max-width: 720px) 100vw, 720px\" \/><figcaption class=\"wp-element-caption\">estructura del removedor de piel de man\u00ed<\/figcaption><\/figure>    <figure class=\"wp-block-image size-full\"><img loading=\"lazy\" decoding=\"async\" width=\"720\" height=\"540\" data-id=\"2442\" src=\"https:\/\/taizyagromachine.com\/wp-content\/uploads\/2022\/04\/machine-details-groundnut-shelling-machine.jpg\" alt=\"detalles-de-la-maquina-maquina-desgranadora-de-cacahuete\" class=\"wp-image-2442\" srcset=\"https:\/\/taizyagromachine.com\/wp-content\/uploads\/2022\/04\/machine-details-groundnut-shelling-machine.jpg 720w, https:\/\/taizyagromachine.com\/wp-content\/uploads\/2022\/04\/machine-details-groundnut-shelling-machine-300x225.jpg 300w\" sizes=\"auto, (max-width: 720px) 100vw, 720px\" \/><figcaption class=\"wp-element-caption\">detalles de la m\u00e1quina <\/figcaption><\/figure> <\/figure>    <h2 class=\"wp-block-heading\"><strong>Principio de funcionamiento de la m\u00e1quina peladora de man\u00ed industrial<\/strong><\/h2>    <ol class=\"wp-block-list\"> <li>Introduzca man\u00ed en la tolva. Y luego, dependiendo de la rotaci\u00f3n del manguito de suspensi\u00f3n y la fuerza de fricci\u00f3n de la placa c\u00f3ncava, separar completamente la c\u00e1scara y los granos del man\u00ed.<\/li>    <li>Luego comience a seleccionar en segundo lugar cumpliendo con el tamiz de separaci\u00f3n por gravedad.<\/li>    <li>Los granos salen por la salida. <\/li> <\/ol>    <h2 class=\"wp-block-heading\"><strong>\u00bfPor qu\u00e9 elegir Taizy como la mejor opci\u00f3n del fabricante de m\u00e1quinas descascaradoras de man\u00ed?<\/strong><\/h2>    <ol class=\"wp-block-list\"> <li><strong>certificado CE<\/strong>. Nuestra m\u00e1quina peladora de man\u00ed tiene certificado CE. <\/li>    <li><strong>Rica experiencia<\/strong>. Nuestros gerentes de ventas tienen un amplio conocimiento sobre productos y experiencia en exportaci\u00f3n.  <\/li>    <li><strong>Marca famosa<\/strong>. Desde nuestra fundaci\u00f3n en 2011, hemos proporcionado m\u00e1quinas a m\u00e1s de 80 pa\u00edses. Como <strong>Nigeria, Kenia, Uganda, Angola, Zimbabwe, Colombia, Ghana, Singapur<\/strong>, etc.<\/li> <\/ol>    <h2 class=\"wp-block-heading\"><strong>Caso exitoso: 4 juegos de desgranadoras de man\u00ed exportados a Nigeria<\/strong><\/h2>    <p>Este cliente nigeriano tiene una gran granja que cultiva man\u00ed, por lo que quiere comprar una m\u00e1quina peladora de man\u00ed. Y como iba a contratar trabajadores, necesitaba varias m\u00e1quinas. Nuestro gerente de ventas le comunic\u00f3 que quer\u00eda 4 m\u00e1quinas y que la producci\u00f3n era de alrededor de 700 kg. <\/p>    <p class=\"translation-block\">Seg\u00fan la solicitud de un cliente nigeriano, Winne le recomend\u00f3 la <a href=\"https:\/\/taizyagromachine.com\/es\/product\/groundnut-sheller\/\">descascarilladora industrial de cacahuetes TBH-800<\/a>. Ella le envi\u00f3 una introducci\u00f3n detallada sobre los par\u00e1metros de la m\u00e1quina, el rendimiento, la configuraci\u00f3n, etc., y el video de funcionamiento. Qued\u00f3 muy satisfecho despu\u00e9s de verlo y firm\u00f3 un contrato con nosotros.<\/p>    <h2 class=\"wp-block-heading\"><strong>\u00a1Cont\u00e1ctenos para conocer el precio de la m\u00e1quina descascaradora de man\u00ed Taizy!<\/strong><\/h2>    <p class=\"translation-block\">\u00bfQuiere descascarillar cacahuetes r\u00e1pidamente? P\u00f3ngase en contacto con nosotros y podemos proporcionarle la soluci\u00f3n y cotizaci\u00f3n \u00f3ptimas.<\/p>    <p><\/p>","protected":false},"excerpt":{"rendered":"<p>La m\u00e1quina descascaradora de man\u00ed funciona para quitar la piel de las nueces, obteniendo granos de man\u00ed limpios y enteros, con una capacidad de 400-800 kg\/h. En este art\u00edculo presentamos cuatro tipos de desgranadoras de man\u00ed para su referencia, siempre hay una para sus necesidades.<\/p>","protected":false},"author":1,"featured_media":2432,"parent":0,"template":"","tags":[],"product-type":[21],"class_list":["post-2431","product","type-product","status-publish","has-post-thumbnail","hentry","product-type-peanut-machine"],"_links":{"self":[{"href":"https:\/\/taizyagromachine.com\/es\/wp-json\/wp\/v2\/product\/2431","targetHints":{"allow":["GET"]}}],"collection":[{"href":"https:\/\/taizyagromachine.com\/es\/wp-json\/wp\/v2\/product"}],"about":[{"href":"https:\/\/taizyagromachine.com\/es\/wp-json\/wp\/v2\/types\/product"}],"author":[{"embeddable":true,"href":"https:\/\/taizyagromachine.com\/es\/wp-json\/wp\/v2\/users\/1"}],"wp:featuredmedia":[{"embeddable":true,"href":"https:\/\/taizyagromachine.com\/es\/wp-json\/wp\/v2\/media\/2432"}],"wp:attachment":[{"href":"https:\/\/taizyagromachine.com\/es\/wp-json\/wp\/v2\/media?parent=2431"}],"wp:term":[{"taxonomy":"post_tag","embeddable":true,"href":"https:\/\/taizyagromachine.com\/es\/wp-json\/wp\/v2\/tags?post=2431"},{"taxonomy":"product-type","embeddable":true,"href":"https:\/\/taizyagromachine.com\/es\/wp-json\/wp\/v2\/product-type?post=2431"}],"curies":[{"name":"wp","href":"https:\/\/api.w.org\/{rel}","templated":true}]}}