{"id":2457,"date":"2022-04-15T10:28:05","date_gmt":"2022-04-15T10:28:05","guid":{"rendered":"https:\/\/taizyagromachine.com\/?post_type=product&#038;p=2457"},"modified":"2025-02-11T16:31:15","modified_gmt":"2025-02-11T08:31:15","slug":"vegetable-transplanter","status":"publish","type":"product","link":"https:\/\/taizyagromachine.com\/es\/product\/vegetable-transplanter\/","title":{"rendered":"Trasplantadora de hortalizas | Trasplantador de pl\u00e1ntulas de hortalizas | M\u00e1quina trasplantadora de pl\u00e1ntulas"},"content":{"rendered":"<p class=\"translation-block\">Como su nombre indica, el <strong>transplantador de hortalizas<\/strong> trasplanta especialmente diversas pl\u00e1ntulas de verduras, frutas y flores. Las <a href=\"https:\/\/nurseryseedingmachine.com\/vegetable-transplanter\/\" target=\"_blank\" rel=\"noreferrer noopener\">m\u00e1quinas transplantadoras de semillas<\/a> est\u00e1n disponibles en una amplia gama de filas, de 2 a 12 filas. Esta es una m\u00e1quina personalizada que puede adaptarse exactamente a sus necesidades. La potencia suele ser un motor de gasolina, pero tambi\u00e9n se puede cambiar seg\u00fan sus requisitos. Adem\u00e1s, nuestro transplantador de plantas de hortalizas puede agregar muchas funciones, como riego por goteo, cobertura con pel\u00edcula, labranza rotativa, etc. Depende de sus requisitos espec\u00edficos. Bienvenido a consultar en cualquier momento.<\/p>    <p class=\"translation-block\"><br>Como <a href=\"https:\/\/taizyagromachine.com\/es\/\" target=\"_blank\" rel=\"noreferrer noopener\">fabricante y proveedor de maquinaria acreditado<\/a>, nuestras m\u00e1quinas cuentan con el certificado CE y se exportan a menudo a <strong>Colombia, Estados Unidos, Finlandia, Marruecos, Australia<\/strong> y otros pa\u00edses y regiones.<\/p>    <h2 class=\"wp-block-heading\" id=\"h-working-video-of-tractor-driven-vegetable-transplanter-machine\"><strong>V\u00eddeo de funcionamiento de una m\u00e1quina trasplantadora de hortalizas impulsada por un tractor<\/strong><\/h2>    <figure class=\"wp-block-embed is-type-video is-provider-youtube wp-block-embed-youtube wp-embed-aspect-16-9 wp-has-aspect-ratio\"><div class=\"wp-block-embed__wrapper\"> <iframe loading=\"lazy\" title=\"La trasplantadora de hortalizas tipo tractor funciona en campos llanos y tambi\u00e9n a\u00f1ade la funci\u00f3n de cobertura con pel\u00edcula.\" width=\"500\" height=\"281\" src=\"https:\/\/www.youtube.com\/embed\/u7n76TRlcD8?feature=oembed\" frameborder=\"0\" allow=\"accelerometer; autoplay; clipboard-write; encrypted-media; gyroscope; picture-in-picture; web-share\" referrerpolicy=\"strict-origin-when-cross-origin\" allowfullscreen><\/iframe> <\/div><\/figure>    <h2 class=\"wp-block-heading\" id=\"h-fully-automatic-vegetable-transplanter-for-sale\"><strong>Trasplantadora de vegetales completamente autom\u00e1tica a la venta<\/strong><\/h2>    <p><br>Cada trasplantadora de hortalizas tiene sus propias ventajas y caracter\u00edsticas, y todas son m\u00e1quinas que se pueden personalizar seg\u00fan sus necesidades.<\/p>    <h3 class=\"wp-block-heading\"><br><strong>Tipo 1: Trasplantadora autopropulsada<\/strong><\/h3>    <p><br>Esta trasplantadora tiene solo 2 y 4 hileras, y el espacio entre plantas y entre hileras es peque\u00f1o. La potencia utilizada es un motor de gasolina. Apta para todo tipo de verduras, como cebollas, tomates, lechugas, berenjenas, etc. Esta m\u00e1quina es muy econ\u00f3mica y pr\u00e1ctica. Se puede utilizar en campos llanos o accidentados. Este es un trasplantador de vegetales sin labranza.<\/p>   <div class=\"wp-block-image\"> <figure class=\"aligncenter size-full\"><img loading=\"lazy\" decoding=\"async\" width=\"720\" height=\"540\" src=\"https:\/\/taizyagromachine.com\/wp-content\/uploads\/2022\/04\/self-propelled-transplanter-machine.jpg\" alt=\"trasplantadora autopropulsada\" class=\"wp-image-2462\" srcset=\"https:\/\/taizyagromachine.com\/wp-content\/uploads\/2022\/04\/self-propelled-transplanter-machine.jpg 720w, https:\/\/taizyagromachine.com\/wp-content\/uploads\/2022\/04\/self-propelled-transplanter-machine-300x225.jpg 300w\" sizes=\"auto, (max-width: 720px) 100vw, 720px\" \/><figcaption class=\"wp-element-caption\">trasplantadora autopropulsada<\/figcaption><\/figure> <\/div>   <h4 class=\"wp-block-heading\"><strong>Dise\u00f1o de trasplantadora de vegetales de mano<\/strong><\/h4>    <p>La caracter\u00edstica m\u00e1s importante de este tipo de trasplantadora es que es necesario sostenerla con la mano para controlar la direcci\u00f3n de avance. Otras estructuras son similares, incluidas bandejas, vasos para pl\u00e1ntulas, asientos y dukctills.<\/p>   <div class=\"wp-block-image\"> <figure class=\"aligncenter size-full\"><img loading=\"lazy\" decoding=\"async\" width=\"720\" height=\"540\" src=\"https:\/\/taizyagromachine.com\/wp-content\/uploads\/2022\/04\/strcture-of-self-propelled-vegetable-transplanter-machine.jpg\" alt=\"Estructura de la m\u00e1quina trasplantadora de vegetales autopropulsada.\" class=\"wp-image-2459\" srcset=\"https:\/\/taizyagromachine.com\/wp-content\/uploads\/2022\/04\/strcture-of-self-propelled-vegetable-transplanter-machine.jpg 720w, https:\/\/taizyagromachine.com\/wp-content\/uploads\/2022\/04\/strcture-of-self-propelled-vegetable-transplanter-machine-300x225.jpg 300w\" sizes=\"auto, (max-width: 720px) 100vw, 720px\" \/><figcaption class=\"wp-element-caption\">Estructura de la m\u00e1quina trasplantadora de vegetales autopropulsada.<\/figcaption><\/figure> <\/div>   <h4 class=\"wp-block-heading\" id=\"h-technical-parameters\"><strong>Par\u00e1metros t\u00e9cnicos de la trasplantadora autopropulsada<\/strong><\/h4>    <figure class=\"wp-block-table\"><table><tbody><tr><td>Modelo<\/td><td>2ZBZ-2<\/td><td>2ZBZ-4<\/td><\/tr><tr><td>Espaciado de plantas<\/td><td>200-500 mm<\/td><td>200-500 mm<\/td><\/tr><tr><td>Distancia entre filas<\/td><td>300-500 mm<\/td><td>150-300 mm<\/td><\/tr><tr><td>Capacidad<\/td><td>1000-1400\u33a1\/h<\/td><td>1400-2000\u33a1\/h<\/td><\/tr><tr><td>Fila<\/td><td>2<\/td><td>4<\/td><\/tr><tr><td>Fuerza<\/td><td>4,05 kw<\/td><td>4,05 kw<\/td><\/tr><\/tbody><\/table><\/figure>    <h4 class=\"wp-block-heading\"><strong>Video de funcionamiento de la trasplantadora autopropulsada<\/strong><\/h4>    <figure class=\"wp-block-embed is-type-video is-provider-youtube wp-block-embed-youtube wp-embed-aspect-16-9 wp-has-aspect-ratio\"><div class=\"wp-block-embed__wrapper\"> <iframe loading=\"lazy\" title=\"Gu\u00eda del operador de la trasplantadora autopropulsada: \u00a1consejos sencillos para una plantaci\u00f3n eficiente! Plantadora de pl\u00e1ntulas\" width=\"500\" height=\"281\" src=\"https:\/\/www.youtube.com\/embed\/_AfuL5t-4YM?feature=oembed\" frameborder=\"0\" allow=\"accelerometer; autoplay; clipboard-write; encrypted-media; gyroscope; picture-in-picture; web-share\" referrerpolicy=\"strict-origin-when-cross-origin\" allowfullscreen><\/iframe> <\/div><figcaption class=\"wp-element-caption\">Trasplantadora mec\u00e1nica<\/figcaption><\/figure>    <h3 class=\"wp-block-heading\"><strong>Tipo 2: Trasplantadora de pl\u00e1ntulas de hortalizas tipo oruga<\/strong><\/h3>    <p>El trasplantador de plantas adopta la oruga, como un tanque para avanzar. El n\u00famero de filas es de 4 a 12 (filas pares). El motor de gasolina utilizado es de mayor tama\u00f1o que el de la trasplantadora autopropulsada. Adem\u00e1s, se puede sustituir por un motor di\u00e9sel. Esta m\u00e1quina tiene un peque\u00f1o rango de ajuste para el espacio entre plantas y entre hileras. Sin embargo, se pueden a\u00f1adir las funciones de cobertura con film y riego por goteo. La altura de la cresta puede estar dentro de los 20 cm.<\/p>   <div class=\"wp-block-image\"> <figure class=\"aligncenter size-full\"><img loading=\"lazy\" decoding=\"async\" width=\"720\" height=\"540\" src=\"https:\/\/taizyagromachine.com\/wp-content\/uploads\/2022\/04\/crawler-type-transplanter.jpg\" alt=\"trasplantadora tipo oruga\" class=\"wp-image-2463\" srcset=\"https:\/\/taizyagromachine.com\/wp-content\/uploads\/2022\/04\/crawler-type-transplanter.jpg 720w, https:\/\/taizyagromachine.com\/wp-content\/uploads\/2022\/04\/crawler-type-transplanter-300x225.jpg 300w\" sizes=\"auto, (max-width: 720px) 100vw, 720px\" \/><figcaption class=\"wp-element-caption\">trasplantadora tipo oruga<\/figcaption><\/figure> <\/div>   <h4 class=\"wp-block-heading\"><strong>Estructura del trasplantador de hortalizas sin labranza<\/strong><\/h4>    <p>La mayor diferencia es que hay orugas y un asiento especialmente dise\u00f1ado para la persona que controla toda la m\u00e1quina. El resto es igual.<\/p>   <div class=\"wp-block-image\"> <figure class=\"aligncenter size-full\"><img loading=\"lazy\" decoding=\"async\" width=\"720\" height=\"540\" src=\"https:\/\/taizyagromachine.com\/wp-content\/uploads\/2022\/04\/strucutre-of-cralwer-vegetable-transplanter-machine.jpg\" alt=\"Estructura de la m\u00e1quina trasplantadora de verduras Cralwer.\" class=\"wp-image-2460\" srcset=\"https:\/\/taizyagromachine.com\/wp-content\/uploads\/2022\/04\/strucutre-of-cralwer-vegetable-transplanter-machine.jpg 720w, https:\/\/taizyagromachine.com\/wp-content\/uploads\/2022\/04\/strucutre-of-cralwer-vegetable-transplanter-machine-300x225.jpg 300w\" sizes=\"auto, (max-width: 720px) 100vw, 720px\" \/><figcaption class=\"wp-element-caption\">Estructura de la m\u00e1quina trasplantadora de hortalizas sobre orugas.<\/figcaption><\/figure> <\/div>   <h4 class=\"wp-block-heading\" id=\"h-technical-parameters-1\"><strong>Par\u00e1metros t\u00e9cnicos de la trasplantadora de pl\u00e1ntulas<\/strong><\/h4>    <figure class=\"wp-block-table\"><table><tbody><tr><td>Modelo<\/td><td>2ZBLZ-4<\/td><td>2ZBLZ-6<\/td><td>2ZBLZ-8<\/td><td>2ZBLZ-10<\/td><td>2ZBLZ-12<\/td><\/tr><tr><td>Espaciado de plantas<\/td><td>200-450 mm<\/td><td>80-200 mm<\/td><td>80-200 mm<\/td><td>80-200 mm<\/td><td>80-200 mm<\/td><\/tr><tr><td>Distancia entre filas<\/td><td>100mm<\/td><td>150-200 mm<\/td><td>100-200 mm<\/td><td>150mm<\/td><td>100-150 mm<\/td><\/tr><tr><td>Fila<\/td><td>4<\/td><td>6<\/td><td>8<\/td><td>10<\/td><td>12<\/td><\/tr><tr><td>Fuerza<\/td><td>4,05kW<\/td><td>7,5kW<\/td><td>7,5kW<\/td><td>7,5kW<\/td><td>7,5kW<\/td><\/tr><\/tbody><\/table><\/figure>    <h3 class=\"wp-block-heading\"><strong>Tipo 3: M\u00e1quina trasplantadora de pl\u00e1ntulas impulsada por tractor<\/strong><\/h3>    <p>Esta m\u00e1quina trasplantadora cuenta con un accionamiento por tractor. Las filas de trasplante var\u00edan de 2 a 12 (filas pares). Pero la mayor\u00eda de las funciones est\u00e1n disponibles, como fertilizaci\u00f3n, labranza rotativa, surcos, siembra, riego por goteo, cobertura con pel\u00edcula y riego. Si tiene alguna necesidad, bienvenido a contactarnos en cualquier momento.<\/p>   <div class=\"wp-block-image\"> <figure class=\"aligncenter size-full\"><img loading=\"lazy\" decoding=\"async\" width=\"720\" height=\"540\" src=\"https:\/\/taizyagromachine.com\/wp-content\/uploads\/2022\/04\/tractor-driven-type-tranaplanter-machine-.jpg\" alt=\"M\u00e1quina tranaplantadora accionada por tractor \" class=\"wp-image-2464\" srcset=\"https:\/\/taizyagromachine.com\/wp-content\/uploads\/2022\/04\/tractor-driven-type-tranaplanter-machine-.jpg 720w, https:\/\/taizyagromachine.com\/wp-content\/uploads\/2022\/04\/tractor-driven-type-tranaplanter-machine--300x225.jpg 300w\" sizes=\"auto, (max-width: 720px) 100vw, 720px\" \/><figcaption class=\"wp-element-caption\">M\u00e1quina tranaplantadora accionada por tractor <\/figcaption><\/figure> <\/div>   <h4 class=\"wp-block-heading\"><strong>Construcci\u00f3n de m\u00e1quinas trasplantadoras accionadas por tractor<\/strong><\/h4>    <p>Esta m\u00e1quina trasplantadora de hortalizas tiene un tractor, debe haber un operador disponible. Los dem\u00e1s tienen una estructura similar a los dos tipos anteriores.<\/p>   <div class=\"wp-block-image\"> <figure class=\"aligncenter size-full\"><img loading=\"lazy\" decoding=\"async\" width=\"720\" height=\"540\" src=\"https:\/\/taizyagromachine.com\/wp-content\/uploads\/2022\/04\/structure-of-tractor-type-vegetable-transplanter-machine.jpg\" alt=\"estructura-de-maquina-trasplantadora-de-hortalizas-tipo-tractor\" class=\"wp-image-2458\" srcset=\"https:\/\/taizyagromachine.com\/wp-content\/uploads\/2022\/04\/structure-of-tractor-type-vegetable-transplanter-machine.jpg 720w, https:\/\/taizyagromachine.com\/wp-content\/uploads\/2022\/04\/structure-of-tractor-type-vegetable-transplanter-machine-300x225.jpg 300w\" sizes=\"auto, (max-width: 720px) 100vw, 720px\" \/><figcaption class=\"wp-element-caption\">Estructura de la m\u00e1quina trasplantadora tipo tractor.<\/figcaption><\/figure> <\/div>   <h4 class=\"wp-block-heading\" id=\"h-technical-parameters-2\"><strong>Par\u00e1metros t\u00e9cnicos de la trasplantadora de pl\u00e1ntulas accionada por tractor<\/strong><\/h4>    <figure class=\"wp-block-table\"><table><tbody><tr><td>Modelo<\/td><td>2ZBX-2<\/td><td>2ZBX-4<\/td><td>2ZBX-6<\/td><td>2ZBX-8<\/td><td>2ZBX-10<\/td><td>2ZBX-12<\/td><\/tr><tr><td>Espaciado de plantas<\/td><td>200-500 mm<\/td><td>200-500 mm<\/td><td>100-400 mm<\/td><td>100-400 mm<\/td><td>100-400 mm<\/td><td>100-400 mm<\/td><\/tr><tr><td>Distancia entre filas<\/td><td>250-500 mm<\/td><td>250-300 mm<\/td><td>150-300 mm<\/td><td>150-300 mm<\/td><td>150-300 mm<\/td><td>150-300 mm<\/td><\/tr><tr><td>Capacidad<\/td><td>1000-1700\u33a1\/h<\/td><td>1000-2700\u33a1\/h<\/td><td>1400-3400\u33a1\/h<\/td><td>2000-4000\u33a1\/h<\/td><td>2700-5400\u33a1\/h<\/td><td>3700-6700\u33a1\/h<\/td><\/tr><tr><td>Fila<\/td><td>2<\/td><td>4<\/td><td>6<\/td><td>8<\/td><td>10<\/td><td>12<\/td><\/tr><tr><td>Fuerza<\/td><td>\u226530<\/td><td>\u226550<\/td><td>\u226560<\/td><td>\u226560<\/td><td>\u226560<\/td><td>\u226560<\/td><\/tr><\/tbody><\/table><\/figure>    <h2 class=\"wp-block-heading\"><strong>Amplias aplicaciones del trasplantador de pl\u00e1ntulas de hortalizas<\/strong><\/h2>    <p>Esta m\u00e1quina tiene una variedad de aplicaciones, que incluyen verduras, melones, flores y otras.<\/p>    <p>Verduras como cebollas, tomates, lechugas, repollos, berenjenas, pimientos, pepinos, etc.<br>Melones como sand\u00eda, mel\u00f3n, calabaza, calabac\u00edn, etc.<br>Flores como peon\u00eda, jazm\u00edn, etc.<br>Otros como el c\u00e1\u00f1amo, el tabaco, etc.<\/p>    <p>Esperamos sus consultas y nos comunicaremos con usted muy pronto.<\/p>   <div class=\"wp-block-image\"> <figure class=\"aligncenter size-full\"><img loading=\"lazy\" decoding=\"async\" width=\"720\" height=\"540\" src=\"https:\/\/taizyagromachine.com\/wp-content\/uploads\/2022\/04\/wide-applications.jpg\" alt=\"amplias aplicaciones\" class=\"wp-image-2461\" srcset=\"https:\/\/taizyagromachine.com\/wp-content\/uploads\/2022\/04\/wide-applications.jpg 720w, https:\/\/taizyagromachine.com\/wp-content\/uploads\/2022\/04\/wide-applications-300x225.jpg 300w\" sizes=\"auto, (max-width: 720px) 100vw, 720px\" \/><figcaption class=\"wp-element-caption\">amplias aplicaciones<\/figcaption><\/figure> <\/div>   <h2 class=\"wp-block-heading\"><strong>Comparaci\u00f3n de trasplantadora autopropulsada y trasplantadora de orugas<\/strong><\/h2>    <p class=\"translation-block\">1. <strong>Filas aplicables diferentes<\/strong><\/p>    <p>La trasplantadora manual es adecuada para hileras de trabajo peque\u00f1as, como 2 hileras y 4 hileras. Si planta m\u00e1s de 4 hileras, cambie otros tipos. Mientras que el tipo de oruga tiene de 4 a 12 hileras, cuando funciona como un tanque, est\u00e1 m\u00e1s estabilizado con un marco especial.<\/p>    <p class=\"translation-block\">2. <strong>Espaciado entre plantas y filas<\/strong><\/p>    <p>Si el espacio para plantar es inferior a 15 cm, comprar el tipo autopropulsado no es una buena opci\u00f3n. <\/p>    <p>El tipo sobre orugas tiene un espacio de plantaci\u00f3n estrecho y un espacio entre hileras estrecho, como 10*10 cm con alta densidad de plantaci\u00f3n. Las hileras de plantas pueden tener de 2 a 12 hileras. Sugerimos una m\u00e1quina trasplantadora de tipo oruga.<\/p>    <p class=\"translation-block\">3. <strong>\u00c1rea de trabajo<\/strong><\/p>    <p>La m\u00e1quina autopropulsada trabaja principalmente en campos peque\u00f1os, como invernaderos, macizos y zonas monta\u00f1osas. Tambi\u00e9n es bueno trabajar en los campos accidentados. Es de tama\u00f1o peque\u00f1o y f\u00e1cil de operar.<\/p>    <p>El tipo de oruga funciona principalmente en tierras de cultivo grandes, terrenos planos, ser\u00e1 mejor trabajar sin crestas. Tiene una alta eficiencia de trabajo.<\/p>    <h2 class=\"wp-block-heading\"><strong>Caso de \u00e9xito: M\u00e1quina trasplantadora autom\u00e1tica de vegetales exportada a Colombia<\/strong><\/h2>    <p>Este cliente colombiano est\u00e1 listo para trasplantar lechuga y ya cuenta con una m\u00e1quina para cultivar pl\u00e1ntulas de lechuga. Entonces, despu\u00e9s de que lleg\u00f3 a nosotros desde el sitio web de Google, el prop\u00f3sito era muy claro, es decir, trasplantar lechuga. Entonces, al hablar de los detalles, nuestro gerente de ventas sab\u00eda que estaba trasplantando en un terreno plano y que eran 4 filas. Por eso nuestro jefe de ventas le recomend\u00f3 la trasplantadora autopropulsada. Despu\u00e9s de comprender el rendimiento relevante de la m\u00e1quina, los par\u00e1metros, los videos de trabajo, etc., llegamos a la cooperaci\u00f3n este a\u00f1o. Y en abril preparamos la m\u00e1quina y tambi\u00e9n la enviamos a su destino.<\/p>    <h2 class=\"wp-block-heading\"><strong>Preguntas frecuentes sobre el trasplantador de vegetales<\/strong><\/h2>   <div id=\"rank-math-faq\" class=\"rank-math-block\"> <div class=\"rank-math-list\"> <div id=\"faq-question-1665561421755\" class=\"rank-math-list-item\"> <h3 class=\"rank-math-question\"><strong>P: \u00bfD\u00f3nde est\u00e1 su f\u00e1brica?<\/strong><\/h3> <div class=\"rank-math-answer\">  <p>R: Ciudad de Qingzhou, provincia de Shangdong. Es la ciudad de la f\u00e1brica.<\/p>  <\/div> <\/div> <div id=\"faq-question-1665561428575\" class=\"rank-math-list-item\"> <h3 class=\"rank-math-question\"><strong>P: \u00bfQu\u00e9 vegetales son adecuados para trasplantar con esta m\u00e1quina?<\/strong><a href=\"\/es\/What vegetables are suitable for this machine to transplant\/\"><\/a><\/h3> <div class=\"rank-math-answer\">  <p>R: Tomate, lechuga, col china, repollo, ma\u00edz dulce, calabaza, semillas de c\u00e1\u00f1amo, okra, pepino, berenjena, mel\u00f3n, sand\u00eda, pimiento, chile, frijoles, etc.\u00a0<\/p>  <\/div> <\/div> <div id=\"faq-question-1665561446928\" class=\"rank-math-list-item\"> <h3 class=\"rank-math-question\"><strong>P: \u00bfCu\u00e1l es la capacidad de una trasplantadora de hortalizas accionada por tractor?<\/strong><\/h3> <div class=\"rank-math-answer\">  <p>R: 3600planta\/hora.<\/p>  <\/div> <\/div> <div id=\"faq-question-1665561466160\" class=\"rank-math-list-item\"> <h3 class=\"rank-math-question\"><strong>P: \u00bfPuede esta m\u00e1quina tener una funci\u00f3n de pel\u00edcula?<\/strong><\/h3> <div class=\"rank-math-answer\">  <p>R: Por supuesto, tanto el tipo de oruga como el de tractor pueden hacerlo.<\/p>  <\/div> <\/div> <div id=\"faq-question-1665561479407\" class=\"rank-math-list-item\"> <h3 class=\"rank-math-question\"><strong>P: \u00bfQu\u00e9 tal la funci\u00f3n de cresta?<\/strong><\/h3> <div class=\"rank-math-answer\">  <p>R: S\u00f3lo est\u00e1 disponible la m\u00e1quina trasplantadora de tipo tractor.<\/p>  <\/div> <\/div> <div id=\"faq-question-1665561496575\" class=\"rank-math-list-item\"> <h3 class=\"rank-math-question\"><strong>P: \u00bfQu\u00e9 tal la garant\u00eda y el servicio posventa?<\/strong><\/h3> <div class=\"rank-math-answer\">  <p>R: 2 a\u00f1os de garant\u00eda. Ofrecemos piezas de la m\u00e1quina, videos sobre c\u00f3mo instalar la m\u00e1quina y servicio de ingenier\u00eda en l\u00ednea.<\/p>  <\/div> <\/div> <div id=\"faq-question-1665561509407\" class=\"rank-math-list-item\"> <h3 class=\"rank-math-question\"><strong>P: \u00bfCu\u00e1l es el aeropuerto m\u00e1s cercano?<\/strong><\/h3> <div class=\"rank-math-answer\">  <p>R: aeropuerto de Qingdao. Desde el aeropuerto hasta la f\u00e1brica se tardan 3 horas en coche.<\/p>  <\/div> <\/div> <\/div> <\/div>   <h2 class=\"wp-block-heading\"><strong>Video de la m\u00e1quina trasplantadora de vegetales de 4 hileras<\/strong><\/h2>    <figure class=\"wp-block-embed is-type-video is-provider-youtube wp-block-embed-youtube wp-embed-aspect-16-9 wp-has-aspect-ratio\"><div class=\"wp-block-embed__wrapper\"> <iframe loading=\"lazy\" title=\"\u00bfC\u00f3mo funciona la trasplantadora de pl\u00e1ntulas de hortalizas de 4 hileras impulsada por tractor? | M\u00e1quina trasplantadora #replant\" width=\"500\" height=\"281\" src=\"https:\/\/www.youtube.com\/embed\/-hwDno985Kk?feature=oembed\" frameborder=\"0\" allow=\"accelerometer; autoplay; clipboard-write; encrypted-media; gyroscope; picture-in-picture; web-share\" referrerpolicy=\"strict-origin-when-cross-origin\" allowfullscreen><\/iframe> <\/div><\/figure>","protected":false},"excerpt":{"rendered":"<p>As the name suggests, the vegetable transplanter is specially transplanting various vegetables, fruits, and flower seedlings. Seed transplanter machines are available in a wide range of rows, from 2-12 rows. This is a custom machine that can exactly fit your needs. The power is usually a gasoline engine, but it can also be changed according [&hellip;]<\/p>\n","protected":false},"author":1,"featured_media":2465,"parent":0,"template":"","tags":[],"product-type":[31],"class_list":["post-2457","product","type-product","status-publish","has-post-thumbnail","hentry","product-type-nursery-transplanter"],"_links":{"self":[{"href":"https:\/\/taizyagromachine.com\/es\/wp-json\/wp\/v2\/product\/2457","targetHints":{"allow":["GET"]}}],"collection":[{"href":"https:\/\/taizyagromachine.com\/es\/wp-json\/wp\/v2\/product"}],"about":[{"href":"https:\/\/taizyagromachine.com\/es\/wp-json\/wp\/v2\/types\/product"}],"author":[{"embeddable":true,"href":"https:\/\/taizyagromachine.com\/es\/wp-json\/wp\/v2\/users\/1"}],"wp:featuredmedia":[{"embeddable":true,"href":"https:\/\/taizyagromachine.com\/es\/wp-json\/wp\/v2\/media\/2465"}],"wp:attachment":[{"href":"https:\/\/taizyagromachine.com\/es\/wp-json\/wp\/v2\/media?parent=2457"}],"wp:term":[{"taxonomy":"post_tag","embeddable":true,"href":"https:\/\/taizyagromachine.com\/es\/wp-json\/wp\/v2\/tags?post=2457"},{"taxonomy":"product-type","embeddable":true,"href":"https:\/\/taizyagromachine.com\/es\/wp-json\/wp\/v2\/product-type?post=2457"}],"curies":[{"name":"wp","href":"https:\/\/api.w.org\/{rel}","templated":true}]}}