{"id":2551,"date":"2022-05-07T02:48:46","date_gmt":"2022-05-07T02:48:46","guid":{"rendered":"https:\/\/taizyagromachine.com\/?post_type=product&#038;p=2551"},"modified":"2025-01-06T14:21:19","modified_gmt":"2025-01-06T06:21:19","slug":"chaff-cutter-and-grain-grinder","status":"publish","type":"product","link":"https:\/\/taizyagromachine.com\/es\/product\/chaff-cutter-and-grain-grinder\/","title":{"rendered":"Cortador de paja y molinillo de granos"},"content":{"rendered":"<p>Esta m\u00e1quina cortadora de paja y trituradora de granos es nuestro producto mejorado para cortar pasto y moler granos. Las m\u00e1quinas de la serie 9ZRF tienen una estructura simple, un dise\u00f1o razonable y son f\u00e1ciles de operar. Esta m\u00e1quina cortadora de paja y trituradora de granos puede procesar una amplia gama de pajas de cultivos y es adecuada para el uso de animales de hilera m\u00e1s grandes, como ganado vacuno, cerdos, gansos y caballos. La m\u00e1quina puede cortar paja y hierba en tiras suaves de longitud uniforme. Tambi\u00e9n puede moler cereales como alimento para animales apto para aves. Si est\u00e1 interesado, no dude en contactarnos.<\/p>    <h2 class=\"wp-block-heading\" id=\"h-working-video-of-combined-grass-grain-grinder-machine\"><strong>Video de trabajo de la m\u00e1quina trituradora de granos de pasto combinada<\/strong><\/h2>    <figure class=\"wp-block-embed is-type-video is-provider-youtube wp-block-embed-youtube wp-embed-aspect-16-9 wp-has-aspect-ratio\"><div class=\"wp-block-embed__wrapper\"> <iframe loading=\"lazy\" title=\"Corte de pasto y trituradora de granos: \u00bfC\u00f3mo picar pasto y tallos y moler callos? #chaffcutter #ensilaje\" width=\"500\" height=\"281\" src=\"https:\/\/www.youtube.com\/embed\/G5bzZxbTA6I?feature=oembed\" frameborder=\"0\" allow=\"accelerometer; autoplay; clipboard-write; encrypted-media; gyroscope; picture-in-picture; web-share\" referrerpolicy=\"strict-origin-when-cross-origin\" allowfullscreen><\/iframe> <\/div><\/figure>    <figure class=\"wp-block-embed is-type-video is-provider-youtube wp-block-embed-youtube wp-embed-aspect-16-9 wp-has-aspect-ratio\"><div class=\"wp-block-embed__wrapper\"> <iframe loading=\"lazy\" title=\"Cortadora de paja y trituradora de granos | trituradora combinada de granos de hierba | cortador de paja y molinillo de grano\" width=\"500\" height=\"281\" src=\"https:\/\/www.youtube.com\/embed\/cF8y2xCfVfk?feature=oembed\" frameborder=\"0\" allow=\"accelerometer; autoplay; clipboard-write; encrypted-media; gyroscope; picture-in-picture; web-share\" referrerpolicy=\"strict-origin-when-cross-origin\" allowfullscreen><\/iframe> <\/div><\/figure>    <h2 class=\"wp-block-heading\"><strong>Estructura de la m\u00e1quina cortadora de paja y trituradora de granos <\/strong><\/h2>    <p>Esta trituradora de c\u00e9sped a la venta tiene un dise\u00f1o muy f\u00e1cil de usar. Porque se fabrica de acuerdo al desarrollo agr\u00edcola. En primer lugar, la hierba y los cereales entran por diferentes entradas. Adem\u00e1s, se puede ajustar la longitud del c\u00e9sped cortado. Tambi\u00e9n est\u00e1 el cicl\u00f3n, que se puede fijar con una bolsa de tela debajo para reducir el polvo. Generalmente, la m\u00e1quina trituradora de granos de pasto combinada utiliza un motor el\u00e9ctrico, pero tambi\u00e9n puede equiparse con un motor di\u00e9sel para proporcionar suficiente potencia para que la m\u00e1quina funcione.<\/p>   <div class=\"wp-block-image\"> <figure class=\"aligncenter size-full\"><img loading=\"lazy\" decoding=\"async\" width=\"720\" height=\"540\" src=\"https:\/\/taizyagromachine.com\/wp-content\/uploads\/2022\/05\/structure-of-chaff-cutter-and-grinder.jpg\" alt=\"estructura del cortador de paja y triturador\" class=\"wp-image-2555\"\/><figcaption class=\"wp-element-caption\">estructura del cortador de paja y triturador<\/figcaption><\/figure> <\/div>   <h2 class=\"wp-block-heading\"><strong>Par\u00e1metros t\u00e9cnicos del cortador de paja y triturador de granos<\/strong><\/h2>    <p>La m\u00e1quina cortadora de paja y trituradora de granos est\u00e1 disponible en diferentes rendimientos, para que puedas elegir el que m\u00e1s te convenga. Aunque el n\u00famero de aspas es el mismo, las aspas no tienen la misma longitud, por lo que la producci\u00f3n var\u00eda.<\/p>    <figure class=\"wp-block-table\"><table><tbody><tr><td>Modelo<\/td><td>Fuerza<\/td><td>Capacidad<\/td><td>Longitud de la hoja<\/td><td>Cantidad de cuchillas<\/td><td>Tama\u00f1o global<\/td><\/tr><tr><td>9ZRF-3.8<\/td><td>bif\u00e1sico 4,5kW, trif\u00e1sico 3kW<\/td><td>3800kg\/h<\/td><td>220*70*6mm<\/td><td>5<\/td><td>1700*1200*1500mm<\/td><\/tr><tr><td>9ZRF-4.8<\/td><td>bif\u00e1sico 4,5kW, trif\u00e1sico 3kW<\/td><td>4000kg\/h<\/td><td>280*70*6mm<\/td><td>5<\/td><td>1950*1200*1800mm<\/td><\/tr><\/tbody><\/table><\/figure>    <h2 class=\"wp-block-heading\" id=\"h-spotlights-of-straw-cutter-and-grain-grinder\"><strong>Focos del cortador de paja y molinillo de grano<\/strong><\/h2>    <ul class=\"wp-block-list\"> <li>Alimentaci\u00f3n autom\u00e1tica. Coloque el c\u00e9sped h\u00famedo o seco en la entrada y el c\u00e9sped entrar\u00e1 autom\u00e1ticamente en la cavidad de trabajo, muy c\u00f3modo y r\u00e1pido, ahorrando tiempo.<\/li>    <li>Las hojas son resistentes al desgaste y duran mucho tiempo. Este cortador de paja y molinillo de granos est\u00e1 fabricado con cuchillas de alta calidad para una larga vida \u00fatil.<\/li>    <li>El soplador de aire permite descargar la hierba y el grano de forma r\u00e1pida y eficiente.<\/li>    <li>Vers\u00e1til. Esta m\u00e1quina cortadora de pasto y trituradora de ma\u00edz no solo puede cortar pasto, sino tambi\u00e9n moler grano.<\/li>    <li>Equipado con tres tipos de cuchillas. Cuando el material entra al taller, la cuchilla hace que el c\u00e9sped cortado sea m\u00e1s suave y fino.<\/li> <\/ul>    <figure class=\"wp-block-gallery aligncenter has-nested-images columns-default is-cropped wp-block-gallery-2 is-layout-flex wp-block-gallery-is-layout-flex\"> <figure class=\"wp-block-image size-large\"><img loading=\"lazy\" decoding=\"async\" width=\"720\" height=\"540\" data-id=\"2562\" src=\"https:\/\/taizyagromachine.com\/wp-content\/uploads\/2022\/05\/automatic-feeding.jpg\" alt=\"alimentaci\u00f3n autom\u00e1tica\" class=\"wp-image-2562\"\/><figcaption class=\"wp-element-caption\">alimentaci\u00f3n autom\u00e1tica<\/figcaption><\/figure>    <figure class=\"wp-block-image size-full\"><img loading=\"lazy\" decoding=\"async\" width=\"720\" height=\"540\" data-id=\"2561\" src=\"https:\/\/taizyagromachine.com\/wp-content\/uploads\/2022\/05\/internal-blades.jpg\" alt=\"cuchillas internas\" class=\"wp-image-2561\"\/><figcaption class=\"wp-element-caption\">cuchillas internas<\/figcaption><\/figure>    <figure class=\"wp-block-image size-full\"><img loading=\"lazy\" decoding=\"async\" width=\"720\" height=\"540\" data-id=\"2560\" src=\"https:\/\/taizyagromachine.com\/wp-content\/uploads\/2022\/05\/blower.jpg\" alt=\"soplador\" class=\"wp-image-2560\"\/><figcaption class=\"wp-element-caption\">soplador<\/figcaption><\/figure> <\/figure>    <h2 class=\"wp-block-heading\"><strong>\u00bfQu\u00e9 aplicaciones de la m\u00e1quina cortadora de paja para alimentaci\u00f3n animal?<\/strong><\/h2>    <p class=\"translation-block\">As <a href=\"https:\/\/taizyagromachine.com\/es\/\" target=\"_blank\" rel=\"noreferrer noopener\">un fabricante y proveedor profesional de maquinaria agr\u00edcola<\/a>, disponemos de una gama diversa de productos. Este tipo de cortadora de paja para la agricultura es multifuncional. Esta m\u00e1quina es capaz de triturar heno y moler granos. Hierbas secas y h\u00famedas como alfalfa, hierba rat\u00f3n, tallos de ma\u00edz, hierba de sanfo, paja de trigo, pasto, etc. Cerealas como ma\u00edz, soja, avena, mijo, c\u00e1scaras de man\u00ed, mazorcas, etc. De hecho, la gama de aplicaciones es muy amplia. Es una m\u00e1quina muy buena para comprar.<\/p>    <div class=\"wp-block-columns is-layout-flex wp-container-core-columns-is-layout-9d6595d7 wp-block-columns-is-layout-flex\"> <div class=\"wp-block-column is-layout-flow wp-block-column-is-layout-flow\"><div class=\"wp-block-image\"> <figure class=\"aligncenter size-full\"><img loading=\"lazy\" decoding=\"async\" width=\"720\" height=\"540\" src=\"https:\/\/taizyagromachine.com\/wp-content\/uploads\/2022\/05\/applicable-grass.jpg\" alt=\"hierba aplicable\" class=\"wp-image-2558\"\/><figcaption class=\"wp-element-caption\">hierba aplicable<\/figcaption><\/figure> <\/div><\/div>    <div class=\"wp-block-column is-layout-flow wp-block-column-is-layout-flow\"><div class=\"wp-block-image\"> <figure class=\"aligncenter size-full\"><img loading=\"lazy\" decoding=\"async\" width=\"720\" height=\"540\" src=\"https:\/\/taizyagromachine.com\/wp-content\/uploads\/2022\/05\/various-grains.jpg\" alt=\"varios granos\" class=\"wp-image-2559\"\/><figcaption class=\"wp-element-caption\">varios granos<\/figcaption><\/figure> <\/div><\/div> <\/div>    <h2 class=\"wp-block-heading\" id=\"h-working-principle-of-grass-cutting-and-grain-crushing-machine\"><strong>Principio de funcionamiento de la m\u00e1quina cortadora de c\u00e9sped y trituradora de granos<\/strong><\/h2>    <p>Los materiales de c\u00e9sped se introducen manualmente en la entrada y se transportan autom\u00e1ticamente. Bajo la acci\u00f3n conjunta de las cuchillas giratorias de alta velocidad y el flujo de aire causado por la paleta (pala de viento), los materiales ingresan al taller y las cuchillas m\u00f3viles y fijas cortan, cortan, rasgan y amasan hasta obtener seda suelta y rota. tiras, que son expulsadas de la m\u00e1quina por la pala de viento.<br>Los materiales en grano tienen lo mismo, excepto que pasan a trav\u00e9s de la criba y se descargan por la salida.<\/p>   <div class=\"wp-block-image\"> <figure class=\"aligncenter size-full\"><img loading=\"lazy\" decoding=\"async\" width=\"720\" height=\"540\" src=\"https:\/\/taizyagromachine.com\/wp-content\/uploads\/2022\/05\/combined-straw-cutter-and-grinder-machine.jpg\" alt=\"M\u00e1quina combinada cortadora y trituradora de paja\" class=\"wp-image-2571\"\/><figcaption class=\"wp-element-caption\">M\u00e1quina combinada cortadora y trituradora de paja<\/figcaption><\/figure> <\/div>   <h2 class=\"wp-block-heading\"><strong>\u00bfPor qu\u00e9 elegir el fabricante y proveedor de triturador de granos y triturador de paja acreditado por Taizy Machinery?<\/strong><\/h2>    <ol class=\"wp-block-list\"> <li><strong>Econ\u00f3mico<\/strong>. Debido a que somos una f\u00e1brica y un comercio integrados, los precios de las m\u00e1quinas son precios de f\u00e1brica, por lo que tenemos una ventaja de precio en comparaci\u00f3n. Al mismo tiempo, la calidad de nuestras m\u00e1quinas es muy buena.<\/li>    <li><strong>Con experiencia en exportar<\/strong>. Nos dedicamos a la industria del comercio exterior desde hace m\u00e1s de diez a\u00f1os, por lo que nuestro personal est\u00e1 familiarizado con el proceso de comercio exterior, de forma m\u00e1s c\u00f3moda y r\u00e1pida.<\/li>    <li><strong>S\u00f3lidos conocimientos profesionales.<\/strong>. Nuestro personal est\u00e1 muy familiarizado y comprende nuestros productos de maquinaria agr\u00edcola. Por ejemplo, si necesita una m\u00e1quina cortadora de paja, nuestro personal de ventas le proporcionar\u00e1 la m\u00e1quina adecuada seg\u00fan sus necesidades.<\/li> <\/ol>    <h2 class=\"wp-block-heading\"><strong>Atenci\u00f3n y precauciones del cortador de paja y del triturador de granos<\/strong><\/h2>    <ol class=\"wp-block-list\"> <li>Al operar la m\u00e1quina cortadora de paja y trituradora de granos, el equipo de protecci\u00f3n de seguridad debe estar completo.<\/li>    <li>El operador debe comprender perfectamente el funcionamiento de la m\u00e1quina y est\u00e1 estrictamente prohibido arrancarla despu\u00e9s de beber, si est\u00e1 enfermo o demasiado fatigado. <\/li>    <li>El lugar de trabajo debe ser espacioso y estar equipado con equipo contra incendios.<\/li>    <li>La guillotina debe funcionar a la velocidad prescrita y est\u00e1 estrictamente prohibido trabajar a velocidad excesiva o con sobrecarga.<\/li>    <li>La cantidad de material alimentado debe ser adecuada; demasiado es f\u00e1cil provocar una parada por sobrecarga. Por supuesto, no muy poco, muy poco afectar\u00e1 la eficiencia del corte.<\/li>    <li>Antes de detener el trabajo, se debe llevar la manija variable a la posici\u00f3n 0, dejar la m\u00e1quina inactiva durante aproximadamente 2 minutos y luego detenerla despu\u00e9s de soplar el polvo y las malas hierbas dentro de la m\u00e1quina.<\/li> <\/ol>    <h2 class=\"wp-block-heading\"><strong>Caso de \u00e9xito: M\u00e1quina comercial cortadora de paja y trituradora de granos exportada a Keyna<\/strong><\/h2>    <p class=\"translation-block\">En febrero de este a\u00f1o, un cliente de Kenia solicit\u00f3 informaci\u00f3n sobre m\u00e1quinas cortadoras de hierba y trituradoras. Tiene una gran planta agr\u00edcola con ganado, ovejas y pollos. Por lo tanto, se necesita una gran cantidad de alimento cada d\u00eda. Despu\u00e9s de entender la situaci\u00f3n, nuestra gerente de ventas, Coco, le recomend\u00f3 una m\u00e1quina combinada de cortadora de paja y molinillo. Esto se debe a que la m\u00e1quina se puede utilizar tanto para cortar hierba como para moler granos. Es muy pr\u00e1ctica. Coco tambi\u00e9n envi\u00f3 videos y fotos de la m\u00e1quina. Despu\u00e9s de ver esto, el cliente keniano realiz\u00f3 un pedido de inmediato. Entregamos la m\u00e1quina en el contenedor a su destino por mar. Dos semanas despu\u00e9s, compr\u00f3 otro <a href=\"https:\/\/taizyagromachine.com\/es\/product\/silage-baler\/\">baler y m\u00e1quina envolvedora<\/a>.<\/p>   <div class=\"wp-block-image\"> <figure class=\"aligncenter size-full\"><img loading=\"lazy\" decoding=\"async\" width=\"720\" height=\"540\" src=\"https:\/\/taizyagromachine.com\/wp-content\/uploads\/2022\/04\/load-into-the-container-maize-grits-milling-machine.jpg\" alt=\"carga-en-el-contenedor-fresadora-de-sermo-de-maiz\" class=\"wp-image-2385\" srcset=\"https:\/\/taizyagromachine.com\/wp-content\/uploads\/2022\/04\/load-into-the-container-maize-grits-milling-machine.jpg 720w, https:\/\/taizyagromachine.com\/wp-content\/uploads\/2022\/04\/load-into-the-container-maize-grits-milling-machine-300x225.jpg 300w\" sizes=\"auto, (max-width: 720px) 100vw, 720px\" \/><figcaption class=\"wp-element-caption\">cargar en el contenedor <\/figcaption><\/figure> <\/div>   <h2 class=\"wp-block-heading\"><strong>Preguntas m\u00e1s frecuentes<\/strong><\/h2>   <div id=\"rank-math-faq\" class=\"rank-math-block\"> <div class=\"rank-math-list\"> <div id=\"faq-question-1666246457624\" class=\"rank-math-list-item\"> <h3 class=\"rank-math-question\"><strong>P: \u00bfHay accesorios disponibles?<\/strong><\/h3> <div class=\"rank-math-answer\">  <p>R: Puedes comprar cuchillas adicionales.<\/p>  <\/div> <\/div> <div id=\"faq-question-1666246461628\" class=\"rank-math-list-item\"> <h3 class=\"rank-math-question\"><strong>P: \u00bfPuede la m\u00e1quina cortadora de paja y trituradora de granos triturar ca\u00f1a de az\u00facar?<\/strong><\/h3> <div class=\"rank-math-answer\">  <p>R: S\u00ed, pero las cuchillas se desgastar\u00e1n.<\/p>  <\/div> <\/div> <div id=\"faq-question-1666246478374\" class=\"rank-math-list-item\"> <h3 class=\"rank-math-question\"><strong>P: \u00bfSe puede equipar con un motor di\u00e9sel?<\/strong><\/h3> <div class=\"rank-math-answer\">  <p>R: S\u00ed, simplemente haga coincidir el motor di\u00e9sel correspondiente con sus requisitos de potencia.<\/p>  <\/div> <\/div> <div id=\"faq-question-1666246494123\" class=\"rank-math-list-item\"> <h3 class=\"rank-math-question\"><strong>P: \u00bfCu\u00e1l es la diferencia entre los tres en comparaci\u00f3n con el cortador de paja y la trituradora?<\/strong><\/h3> <div class=\"rank-math-answer\">  <p class=\"translation-block\">A: La <a href=\"https:\/\/silagebaler.com\/chaff-chopper-corn-stalk-cutter\/\" target=\"_blank\" rel=\"noreferrer noopener\">m\u00e1quina cortadora de paja<\/a> corta la hierba en piezas peque\u00f1as; la cortadora de paja y molinillo corta la hierba en trozos m\u00e1s suaves y finos; la cortadora de paja y molinillo no solo corta la hierba sino que tambi\u00e9n muele granos.<\/p>  <\/div> <\/div> <div id=\"faq-question-1666246509069\" class=\"rank-math-list-item\"> <h3 class=\"rank-math-question\"><strong>P: \u00bfQu\u00e9 tal el per\u00edodo de garant\u00eda para el cortador de paja y el molinillo de granos?<\/strong><\/h3> <div class=\"rank-math-answer\">  <p>R: 1 a\u00f1o.<\/p>  <\/div> <\/div> <div id=\"faq-question-1666246532341\" class=\"rank-math-list-item\"> <h3 class=\"rank-math-question\"><strong>P: \u00bfC\u00f3mo utilizar la m\u00e1quina trituradora y cortadora de paja?<\/strong><\/h3> <div class=\"rank-math-answer\">  <p>R: La operaci\u00f3n es muy sencilla y le proporcionaremos ayuda en v\u00eddeo y orientaci\u00f3n en l\u00ednea si es necesario.<\/p>  <\/div> <\/div> <\/div> <\/div>","protected":false},"excerpt":{"rendered":"<p>This chaff cutter and grain grinder machine is our upgraded product for grass cutting and grain grinding. 9ZRF series machines are simple in structure, reasonable in design and easy to operate. This straw cutter and grain crusher machine can carry out the processing of a wide range of crop straws and is suitable for the [&hellip;]<\/p>\n","protected":false},"author":1,"featured_media":2574,"parent":0,"template":"","tags":[],"product-type":[19],"class_list":["post-2551","product","type-product","status-publish","has-post-thumbnail","hentry","product-type-silage-machine"],"_links":{"self":[{"href":"https:\/\/taizyagromachine.com\/es\/wp-json\/wp\/v2\/product\/2551","targetHints":{"allow":["GET"]}}],"collection":[{"href":"https:\/\/taizyagromachine.com\/es\/wp-json\/wp\/v2\/product"}],"about":[{"href":"https:\/\/taizyagromachine.com\/es\/wp-json\/wp\/v2\/types\/product"}],"author":[{"embeddable":true,"href":"https:\/\/taizyagromachine.com\/es\/wp-json\/wp\/v2\/users\/1"}],"wp:featuredmedia":[{"embeddable":true,"href":"https:\/\/taizyagromachine.com\/es\/wp-json\/wp\/v2\/media\/2574"}],"wp:attachment":[{"href":"https:\/\/taizyagromachine.com\/es\/wp-json\/wp\/v2\/media?parent=2551"}],"wp:term":[{"taxonomy":"post_tag","embeddable":true,"href":"https:\/\/taizyagromachine.com\/es\/wp-json\/wp\/v2\/tags?post=2551"},{"taxonomy":"product-type","embeddable":true,"href":"https:\/\/taizyagromachine.com\/es\/wp-json\/wp\/v2\/product-type?post=2551"}],"curies":[{"name":"wp","href":"https:\/\/api.w.org\/{rel}","templated":true}]}}