{"id":2620,"date":"2022-05-10T03:11:54","date_gmt":"2022-05-10T03:11:54","guid":{"rendered":"https:\/\/taizyagromachine.com\/?post_type=product&#038;p=2620"},"modified":"2025-01-02T13:55:15","modified_gmt":"2025-01-02T05:55:15","slug":"straw-cutter-and-grain-grinder","status":"publish","type":"product","link":"https:\/\/taizyagromachine.com\/es\/product\/straw-cutter-and-grain-grinder\/","title":{"rendered":"Cortador de paja y molinillo de grano"},"content":{"rendered":"<p class=\"translation-block\">Esta serie de cortadora de paja y trituradora de grano logra un uso multiprop\u00f3sito, permitiendo el corte de guillotina y la trituraci\u00f3n de grano. Esta guillotina presenta alto rendimiento, bajo ruido, alta producci\u00f3n, seguridad y estabilidad, alta eficiencia, bajo consumo de energ\u00eda, robustez y durabilidad. La <a href=\"https:\/\/taizyagromachine.com\/es\/product\/chaff-cutter-and-grain-grinder\/\" target=\"_blank\" rel=\"noreferrer noopener\">m\u00e1quina combinada cortadora y trituradora de forraje<\/a> puede no solo triturar paja seca y h\u00fameda, paja de arroz, paja de trigo, paja de algod\u00f3n, diversas hierbas, sino tambi\u00e9n cereales como granos, c\u00e1scaras de man\u00ed, mazorcas de ma\u00edz, cabezas de paja dulce, etc. El producto terminado triturado se puede usar como alimento para animales. Por lo tanto, la m\u00e1quina es adecuada para f\u00e1bricas peque\u00f1as y medianas, pero tambi\u00e9n para uso dom\u00e9stico.<br>Nuestras m\u00e1quinas tambi\u00e9n son muy populares en el extranjero, por ejemplo en Kenia, Zimbabue, Per\u00fa, Dub\u00e1i, Sud\u00e1frica, Lesoto, etc.<\/p>    <h2 class=\"wp-block-heading\" id=\"h-type-one-9zf-500b-new-type-chaff-cutter-and-grinder-machine\"><strong>Tipo uno: M\u00e1quina cortadora y trituradora de paja 9ZF-500B (nuevo tipo)<\/strong><\/h2>    <p>Este molinillo de guillotina tiene cinco puertos, tres de los cuales son salidas y dos son entradas. Esta m\u00e1quina es f\u00e1cil de operar, tiene un amplio rango de procesamiento y es capaz de triturar una amplia variedad de cultivos. Tiene un buen efecto triturador sobre el material y tiene un largo tiempo de almacenamiento. Por tanto, es ideal para su uso en granjas.<\/p>   <div class=\"wp-block-image\"> <figure class=\"aligncenter size-full\"><img loading=\"lazy\" decoding=\"async\" width=\"720\" height=\"540\" src=\"https:\/\/taizyagromachine.com\/wp-content\/uploads\/2022\/05\/combined-hay-cutter-and-grain-grinder.jpg\" alt=\"Combinaci\u00f3n de cortadora de heno y trituradora de cereales.\" class=\"wp-image-2635\"\/><figcaption class=\"wp-element-caption\">Combinaci\u00f3n de cortadora de heno y trituradora de cereales.<\/figcaption><\/figure> <\/div>   <h3 class=\"wp-block-heading\"><strong>Estructura de la trituradora de paja y la trituradora de granos <\/strong><\/h3>    <p class=\"translation-block\">Esta <a href=\"https:\/\/silagebaler.com\/combined-chaff-cutter-and-grain-crusher\/\" target=\"_blank\" rel=\"noreferrer noopener\">m\u00e1quina cortadora y trituradora de hierba<\/a> consta de tres salidas, una en la parte superior, una en el medio y una en la parte inferior, y entradas para hierba y cereales respectivamente. La m\u00e1quina est\u00e1 equipada con un motor de cobre puro y ruedas m\u00f3viles para facilitar el movimiento de la m\u00e1quina. De las tres salidas, la superior es para hierba seca, la del medio para hierba h\u00fameda y la inferior para cereales. La pantalla se puede retirar cuando la hierba se corta por separado.<\/p>   <div class=\"wp-block-image\"> <figure class=\"aligncenter size-full\"><img loading=\"lazy\" decoding=\"async\" width=\"720\" height=\"540\" src=\"https:\/\/taizyagromachine.com\/wp-content\/uploads\/2022\/05\/structure-of-straw-cutting-and-grain-grinding-machine.jpg\" alt=\"Estructura de la m\u00e1quina cortadora de paja y trituradora de granos.\" class=\"wp-image-2632\"\/><figcaption class=\"wp-element-caption\">Estructura de la m\u00e1quina cortadora de paja y trituradora de granos.<\/figcaption><\/figure> <\/div>   <h3 class=\"wp-block-heading\"><strong>Especificaciones T\u00e9cnicas del Cortador de Paja y Molino de Granos<\/strong><\/h3>    <figure class=\"wp-block-table\"><table><tbody><tr><td>Modelo<\/td><td>9ZF-500B (nuevo tipo)<\/td><\/tr><tr><td>Pantallas a juego<\/td><td>4 piezas (2\/3\/10\/30)<\/td><\/tr><tr><td>Poder coincidente<\/td><td>motor de 3kW<\/td><\/tr><tr><td>Velocidad del motor<\/td><td>2800 rpm<\/td><\/tr><tr><td>Peso de la m\u00e1quina<\/td><td>68 kg (sin motor)<\/td><\/tr><tr><td>Tensi\u00f3n nominal<\/td><td>220V<\/td><\/tr><tr><td>Salida de la m\u00e1quina<\/td><td>1200kg\/hora<\/td><\/tr><tr><td>Dimensiones totales<\/td><td>1220*1070*1190mm<\/td><\/tr><\/tbody><\/table><\/figure>    <h2 class=\"wp-block-heading\"><strong>Tipo dos: cortadora y trituradora de paja 9ZF-500B <\/strong><\/h2>    <p>En comparaci\u00f3n con la m\u00e1quina anterior, \u00e9sta es m\u00e1s sencilla y su rendimiento es el mismo. El grosor del material triturado se controla mediante el tama\u00f1o de los orificios del tamiz cuando se tritura esta m\u00e1quina cortadora de paja y trituradora de granos. Y el tamiz se puede reemplazar. Tambi\u00e9n es posible personalizar las pantallas seg\u00fan los requisitos del cliente.<\/p>   <div class=\"wp-block-image\"> <figure class=\"aligncenter size-full\"><img loading=\"lazy\" decoding=\"async\" width=\"720\" height=\"540\" src=\"https:\/\/taizyagromachine.com\/wp-content\/uploads\/2022\/05\/chaff-cutter-and-grain-crusher-machine.jpg\" alt=\"cortadora de paja y trituradora de granos\" class=\"wp-image-2637\"\/><figcaption class=\"wp-element-caption\">cortadora de paja y trituradora de granos<\/figcaption><\/figure> <\/div>   <h3 class=\"wp-block-heading\"><strong>Estructura de la m\u00e1quina cortadora de paja y trituradora de granos <\/strong><\/h3>    <p>La m\u00e1quina cortadora de paja y trituradora de granos se compone de una entrada de guillotina, una entrada de grano, una salida de pulverizaci\u00f3n alta, una salida de trituraci\u00f3n y un protector de correa, un motor con n\u00facleo de cobre puro y ruedas m\u00f3viles. Algunas configuraciones se pueden personalizar seg\u00fan los requisitos del cliente. Por favor llame para obtener m\u00e1s detalles.<\/p>   <div class=\"wp-block-image\"> <figure class=\"aligncenter size-full\"><img loading=\"lazy\" decoding=\"async\" width=\"720\" height=\"540\" src=\"https:\/\/taizyagromachine.com\/wp-content\/uploads\/2022\/05\/construction-of-combined-chaff-cutter.jpg\" alt=\"construcci\u00f3n de cortadora de paja combinada\" class=\"wp-image-2633\"\/><figcaption class=\"wp-element-caption\">construcci\u00f3n de cortadora de paja combinada<\/figcaption><\/figure> <\/div>   <h3 class=\"wp-block-heading\"><strong>Par\u00e1metros t\u00e9cnicos del cortador de paja y triturador de granos<\/strong><\/h3>    <figure class=\"wp-block-table\"><table><tbody><tr><td>Modelo<\/td><td>9ZF-500B<\/td><\/tr><tr><td>Pantallas a juego<\/td><td>4 piezas<\/td><\/tr><tr><td>Poder coincidente<\/td><td>motor de 3kW<\/td><\/tr><tr><td>Velocidad del motor<\/td><td>2800 rpm<\/td><\/tr><tr><td>Peso de la m\u00e1quina<\/td><td>55 kg (sin motor)<\/td><\/tr><tr><td>Dimensiones totales<\/td><td>920*930*1250mm<\/td><\/tr><tr><td>Salida de la m\u00e1quina<\/td><td>1200kg\/hora<\/td><\/tr><tr><td>Eficiencia de trituraci\u00f3n<\/td><td>300-500kg\/h<\/td><\/tr><tr><td>N\u00famero de palas<\/td><td>3 piezas<\/td><\/tr><tr><td>cuchillos arrojadizos<\/td><td>24 piezas<\/td><\/tr><tr><td>Cuchillos triangulares para frotar.<\/td><td>18 piezas<\/td><\/tr><tr><td>M\u00e9todo de alimentaci\u00f3n<\/td><td>alimentaci\u00f3n manual<\/td><\/tr><tr><td>Efecto de descarga<\/td><td>Suave sedoso\/Polvo<\/td><\/tr><\/tbody><\/table><\/figure>    <h2 class=\"wp-block-heading\"><strong>Tipo tres: M\u00e1quina trituradora y cortadora de paja combinada 9ZF-1800<\/strong><\/h2>    <p>Por su forma, es obvio que esta cortadora de paja tiene una abertura de descarga m\u00e1s alta que los otros dos modelos. Esta m\u00e1quina es mucho m\u00e1s delgada y larga y tiene un bastidor m\u00e1s alto en comparaci\u00f3n. Tambi\u00e9n es muy f\u00e1cil de operar.<\/p>   <div class=\"wp-block-image\"> <figure class=\"aligncenter size-full\"><img loading=\"lazy\" decoding=\"async\" width=\"720\" height=\"540\" src=\"https:\/\/taizyagromachine.com\/wp-content\/uploads\/2022\/05\/multifunctional-chaff-cutter.jpg\" alt=\"cortador de paja multifuncional\" class=\"wp-image-2638\"\/><figcaption class=\"wp-element-caption\">cortador de paja multifuncional<\/figcaption><\/figure> <\/div>   <h3 class=\"wp-block-heading\"><strong>Estructura de la m\u00e1quina trituradora y cortadora de paja combinada<\/strong><\/h3>    <p>Este cortador de paja y triturador de granos est\u00e1 compuesto por un puerto de descarga alto, un puerto de descarga bajo, una entrada de grano, una entrada de paja, motor y ruedas m\u00f3viles. <\/p>   <div class=\"wp-block-image\"> <figure class=\"aligncenter size-full\"><img loading=\"lazy\" decoding=\"async\" width=\"720\" height=\"540\" src=\"https:\/\/taizyagromachine.com\/wp-content\/uploads\/2022\/05\/structure-details-of-grass-cutting-machine.jpg\" alt=\"Detalles de la estructura de la m\u00e1quina cortadora de c\u00e9sped.\" class=\"wp-image-2634\"\/><figcaption class=\"wp-element-caption\">Detalles de la estructura de la m\u00e1quina cortadora de c\u00e9sped.<\/figcaption><\/figure> <\/div>   <h3 class=\"wp-block-heading\"><strong>Especificaciones T\u00e9cnicas del Cortador de Paja y Molino de Granos<\/strong><\/h3>    <figure class=\"wp-block-table\"><table><tbody><tr><td>Modelo<\/td><td>9ZF-1800<\/td><\/tr><tr><td>Poder coincidente<\/td><td>Motor monof\u00e1sico de 3kW<\/td><\/tr><tr><td>Velocidad del motor<\/td><td>2800 rpm<\/td><\/tr><tr><td>Peso de la m\u00e1quina<\/td><td>75 kg (sin motor)<\/td><\/tr><tr><td>Tensi\u00f3n nominal<\/td><td>220V<\/td><\/tr><tr><td>Salida de la m\u00e1quina<\/td><td>1800kg\/h<\/td><\/tr><tr><td>Alcance aplicable<\/td><td>vacas, ovejas, cerdos, gallinas, patos, conejos y otros animales<\/td><\/tr><\/tbody><\/table><\/figure>    <h2 class=\"wp-block-heading\" id=\"h-how-does-straw-cutting-and-corn-grinding-machine-mill-grains\"><strong>\u00bfC\u00f3mo muele los granos la m\u00e1quina cortadora de paja y trituradora de ma\u00edz?<\/strong><\/h2>    <figure class=\"wp-block-embed is-type-video is-provider-youtube wp-block-embed-youtube wp-embed-aspect-16-9 wp-has-aspect-ratio\"><div class=\"wp-block-embed__wrapper\"> <iframe loading=\"lazy\" title=\"Cortador de paja y molinillo de granos | \u00bfC\u00f3mo funciona el cortador y triturador de paja combinados? #molienda #fresado\" width=\"500\" height=\"281\" src=\"https:\/\/www.youtube.com\/embed\/Wafde3zwTtA?feature=oembed\" frameborder=\"0\" allow=\"accelerometer; autoplay; clipboard-write; encrypted-media; gyroscope; picture-in-picture; web-share\" referrerpolicy=\"strict-origin-when-cross-origin\" allowfullscreen><\/iframe> <\/div><\/figure>    <h2 class=\"wp-block-heading\"><strong>Beneficios del corte de c\u00e9sped y del molinillo de granos<\/strong><\/h2>    <ul class=\"wp-block-list\"> <li>Hoja de acero al manganeso engrosada, fuerte, resistente y duradera.<\/li>    <li>Motor con n\u00facleo de cobre puro, que proporciona m\u00e1xima potencia y larga vida \u00fatil.<\/li>    <li>Gracias al soporte resistente, el motor se coloca con mayor firmeza y funciona de manera m\u00e1s estable.<\/li>    <li>El comedero de paja espesa, m\u00e1s largo y ancho, hace que la alimentaci\u00f3n sea m\u00e1s c\u00f3moda y r\u00e1pida.<\/li>    <li>Entrada de grano, m\u00e1s gruesa y resistente, m\u00e1s duradera.<\/li>    <li>Amplia gama de materiales producidos para la alimentaci\u00f3n de caballos, bovinos, ovinos, porcinos, conejos, gallinas, patos y gansos, etc.<\/li> <\/ul>    <h2 class=\"wp-block-heading\"><strong>Instalaci\u00f3n y puesta en servicio del cortador de paja y triturador de granos<\/strong><\/h2>    <ol class=\"wp-block-list\"> <li>La m\u00e1quina cortadora de paja y trituradora de granos debe instalarse en un sitio plano y s\u00f3lido.<\/li>    <li>Equipar e instalar el motor seg\u00fan los requisitos especificados.<\/li>    <li>Antes de instalar la correa, verifique si la direcci\u00f3n de rotaci\u00f3n de la potencia de indexaci\u00f3n es consistente con la direcci\u00f3n de corte del cortador de paja. Confirme que sea correcto y luego ajuste el cintur\u00f3n de instalaci\u00f3n y apri\u00e9telo adecuadamente.<\/li>    <li>Antes de poner en marcha la trituradora y el granulador de paja, verifique y ajuste el espacio entre las cuchillas m\u00f3viles y fijas, de modo que el espacio se ajuste y controle a 0,8 mm o menos sin golpes, y luego bloquee los pernos.<\/li>    <li>Despu\u00e9s de que todas las piezas se ajusten normalmente y se confirme que son correctas, encienda la alimentaci\u00f3n para realizar una operaci\u00f3n de prueba. Y verifique si hay alguna holgura en la conexi\u00f3n del sujetador de cada pieza y si hay alg\u00fan sonido anormal en cada pieza giratoria.<\/li> <\/ol>    <h2 class=\"wp-block-heading\"><strong>Caso de \u00e9xito: 20 juegos de cortadora de paja y trituradora de granos exportados a Per\u00fa<\/strong><\/h2>    <p>El cliente peruano tiene una gran finca que cr\u00eda ganado vacuno y pollos. Quer\u00eda comprar una cortadora de paja y una trituradora de grano para la cr\u00eda de animales. Nuestra gerente de ventas, Emily, le envi\u00f3 los par\u00e1metros relevantes de la m\u00e1quina, videos y fotos, etc. Despu\u00e9s de ver esta informaci\u00f3n, el cliente peruano propuso algunas modificaciones a la m\u00e1quina (4 ruedas grandes, tolva con deflectores). Hicimos una muestra y le enviamos fotos y un v\u00eddeo para confirmarlo. Al final el cliente peruano nos hizo un pedido de 20 unidades, las cuales entregamos en su destino seg\u00fan sus requerimientos.<\/p>    <div class=\"wp-block-columns is-layout-flex wp-container-core-columns-is-layout-9d6595d7 wp-block-columns-is-layout-flex\"> <div class=\"wp-block-column is-layout-flow wp-block-column-is-layout-flow\"><div class=\"wp-block-image\"> <figure class=\"aligncenter size-full\"><img loading=\"lazy\" decoding=\"async\" width=\"720\" height=\"540\" src=\"https:\/\/taizyagromachine.com\/wp-content\/uploads\/2022\/05\/customized-straw-cutter-and-grinder.jpg\" alt=\"cortador y triturador de paja personalizados\" class=\"wp-image-2654\"\/><figcaption class=\"wp-element-caption\">cortador y triturador de paja personalizados<\/figcaption><\/figure> <\/div><\/div>    <div class=\"wp-block-column is-layout-flow wp-block-column-is-layout-flow\"><div class=\"wp-block-image\"> <figure class=\"aligncenter size-full\"><img loading=\"lazy\" decoding=\"async\" width=\"720\" height=\"540\" src=\"https:\/\/taizyagromachine.com\/wp-content\/uploads\/2022\/05\/package-straw-cutter-and-grain-grinder-machine.jpg\" alt=\"M\u00e1quina cortadora de paja y trituradora de granos\" class=\"wp-image-2657\"\/><figcaption class=\"wp-element-caption\">paquete<\/figcaption><\/figure> <\/div><\/div> <\/div>    <h2 class=\"wp-block-heading\"><strong>Preguntas m\u00e1s frecuentes<\/strong><\/h2>   <div id=\"rank-math-faq\" class=\"rank-math-block\"> <div class=\"rank-math-list\"> <div id=\"faq-question-1666246094471\" class=\"rank-math-list-item\"> <h3 class=\"rank-math-question\"><strong>P: \u00bfQu\u00e9 tipo de motivaci\u00f3n se necesita para el cortador de paja y el molinillo de granos?<\/strong><\/h3> <div class=\"rank-math-answer\">  <p>R: motor di\u00e9sel, motor el\u00e9ctrico, motor de gasolina. Est\u00e1 equipado seg\u00fan la m\u00e1quina.<\/p>  <\/div> <\/div> <div id=\"faq-question-1666246100452\" class=\"rank-math-list-item\"> <h3 class=\"rank-math-question\"><strong>P: Interno con 4 pantallas, \u00bfse pueden cambiar las pantallas?<\/strong><\/h3> <div class=\"rank-math-answer\">  <p>R: Las pantallas se pueden personalizar seg\u00fan los requisitos del cliente.<\/p>  <\/div> <\/div> <div id=\"faq-question-1666246109190\" class=\"rank-math-list-item\"> <h3 class=\"rank-math-question\"><strong>P: El molinillo combinado de grano de pasto 9ZF-500 (tipo nuevo) tiene tres salidas, \u00bfc\u00f3mo sale el forraje?<\/strong><\/h3> <div class=\"rank-math-answer\">  <p>R: El pasto sale por las salidas superior e intermedia, y el grano sale por la salida inferior.<\/p>  <\/div> <\/div> <div id=\"faq-question-1666246122276\" class=\"rank-math-list-item\"> <h3 class=\"rank-math-question\"><strong>P: \u00bfQu\u00e9 piezas est\u00e1n disponibles como opciones?<\/strong><\/h3> <div class=\"rank-math-answer\">  <p>R: Ruedas y funda protectora.<\/p>  <\/div> <\/div> <div id=\"faq-question-1666246133492\" class=\"rank-math-list-item\"> <h3 class=\"rank-math-question\"><strong>P: \u00bfPor qu\u00e9 se puede mover el bastidor de la m\u00e1quina?<\/strong><\/h3> <div class=\"rank-math-answer\">  <p>R: Porque el cintur\u00f3n se afloja con el uso prolongado y mover el marco puede apretar el cintur\u00f3n.<\/p>  <\/div> <\/div> <\/div> <\/div>   <h2 class=\"wp-block-heading\"><strong>Video de trabajo del cortador de paja y molinillo de granos Taizy<\/strong><\/h2>    <figure class=\"wp-block-embed is-type-video is-provider-youtube wp-block-embed-youtube wp-embed-aspect-16-9 wp-has-aspect-ratio\"><div class=\"wp-block-embed__wrapper\"> <iframe loading=\"lazy\" title=\"2022 Molinillo cortador de paja combinado Taizy para tallos, pajitas, hierba y granos #chaffcutter #grinder\" width=\"500\" height=\"281\" src=\"https:\/\/www.youtube.com\/embed\/qBfLwxNCu6k?feature=oembed\" frameborder=\"0\" allow=\"accelerometer; autoplay; clipboard-write; encrypted-media; gyroscope; picture-in-picture; web-share\" referrerpolicy=\"strict-origin-when-cross-origin\" allowfullscreen><\/iframe> <\/div><\/figure>","protected":false},"excerpt":{"rendered":"<p>This series of straw cutter and grain grinder achieves multi-purpose use, allowing for guillotine and grain crushing. This guillotine features high performance, low noise, high output, safety and stability, high efficiency, low energy consumption, sturdiness and durability. The chaff cutter and grinder combined machine can not only crush dry and wet straw, rice straw, wheat [&hellip;]<\/p>\n","protected":false},"author":1,"featured_media":2629,"parent":0,"template":"","tags":[],"product-type":[19],"class_list":["post-2620","product","type-product","status-publish","has-post-thumbnail","hentry","product-type-silage-machine"],"_links":{"self":[{"href":"https:\/\/taizyagromachine.com\/es\/wp-json\/wp\/v2\/product\/2620","targetHints":{"allow":["GET"]}}],"collection":[{"href":"https:\/\/taizyagromachine.com\/es\/wp-json\/wp\/v2\/product"}],"about":[{"href":"https:\/\/taizyagromachine.com\/es\/wp-json\/wp\/v2\/types\/product"}],"author":[{"embeddable":true,"href":"https:\/\/taizyagromachine.com\/es\/wp-json\/wp\/v2\/users\/1"}],"wp:featuredmedia":[{"embeddable":true,"href":"https:\/\/taizyagromachine.com\/es\/wp-json\/wp\/v2\/media\/2629"}],"wp:attachment":[{"href":"https:\/\/taizyagromachine.com\/es\/wp-json\/wp\/v2\/media?parent=2620"}],"wp:term":[{"taxonomy":"post_tag","embeddable":true,"href":"https:\/\/taizyagromachine.com\/es\/wp-json\/wp\/v2\/tags?post=2620"},{"taxonomy":"product-type","embeddable":true,"href":"https:\/\/taizyagromachine.com\/es\/wp-json\/wp\/v2\/product-type?post=2620"}],"curies":[{"name":"wp","href":"https:\/\/api.w.org\/{rel}","templated":true}]}}