{"id":2822,"date":"2022-05-27T06:59:22","date_gmt":"2022-05-27T06:59:22","guid":{"rendered":"https:\/\/taizyagromachine.com\/?post_type=product&#038;p=2822"},"modified":"2025-01-02T13:55:22","modified_gmt":"2025-01-02T05:55:22","slug":"straw-cutting-machine","status":"publish","type":"product","link":"https:\/\/taizyagromachine.com\/es\/product\/straw-cutting-machine\/","title":{"rendered":"M\u00e1quina cortadora de paja | Cortador de paja multiusos"},"content":{"rendered":"<p>Este tipo de cortadora de paja pertenece a la serie 9ZR. Es una nueva generaci\u00f3n de cortadora y trituradora de paja multifuncional dise\u00f1ada y fabricada por nuestra empresa en base a la tecnolog\u00eda avanzada de productos similares en la sociedad y las opiniones de los usuarios. Esta serie de m\u00e1quinas cortadoras de paja tiene las caracter\u00edsticas de estructura razonable, f\u00e1cil de usar, operaci\u00f3n segura, hermosa forma y gran adaptabilidad. Es adecuado para guillotinar tallos de ma\u00edz, paja de arroz, paja de cereales, paja de trigo, malezas verdes y secas y otros materiales. Los usuarios pueden elegir cualquiera de sus modelos seg\u00fan las condiciones locales y propias. \u00a1Bienvenido, cont\u00e1ctenos para m\u00e1s detalles!<\/p>    <h2 class=\"wp-block-heading\"><strong>M\u00e1quina cortadora de c\u00e9sped a la venta<\/strong><\/h2>    <p class=\"translation-block\">Como <a href=\"https:\/\/taizyagromachine.com\/es\/\" target=\"_blank\" rel=\"noreferrer noopener\">fabricante y proveedor profesional de maquinaria agr\u00edcola<\/a>, no solo contamos con m\u00e1quinas cortac\u00e9sped y trituradoras de granos, sino tambi\u00e9n con <a href=\"https:\/\/taizyagromachine.com\/es\/product\/straw-baling-machine\/\" target=\"_blank\" rel=\"noreferrer noopener\">m\u00e1quinas empacadoras y recogedoras de paja<\/a>, etc. Taizy tiene varios modelos de m\u00e1quinas cortac\u00e9sped y trituradoras para satisfacer sus diversas necesidades de producci\u00f3n. Adem\u00e1s de eso, despu\u00e9s de cortar y triturar el material en pedazos peque\u00f1os, puede usar la <a href=\"https:\/\/silagebaler.com\/silage-baler-machine-round-baler\/\" target=\"_blank\" rel=\"noreferrer noopener\">m\u00e1quina envolvedora de ensilaje<\/a> para empaquetar el alimento de ensilaje y prolongar su tiempo de almacenamiento.<\/p>    <figure class=\"wp-block-gallery aligncenter has-nested-images columns-default is-cropped wp-block-gallery-2 is-layout-flex wp-block-gallery-is-layout-flex\"> <figure class=\"wp-block-image size-large\"><img loading=\"lazy\" decoding=\"async\" width=\"720\" height=\"540\" data-id=\"2830\" src=\"https:\/\/taizyagromachine.com\/wp-content\/uploads\/2022\/05\/chaff-cutter-and-crusher-9ZR-2.5.jpg\" alt=\"cortadora y trituradora de paja\" class=\"wp-image-2830\"\/><figcaption class=\"wp-element-caption\">cortadora y trituradora de paja<\/figcaption><\/figure>    <figure class=\"wp-block-image size-large\"><img loading=\"lazy\" decoding=\"async\" width=\"720\" height=\"540\" data-id=\"2833\" src=\"https:\/\/taizyagromachine.com\/wp-content\/uploads\/2022\/05\/grass-cutter-machine-9ZR-3.8A.jpg\" alt=\"m\u00e1quina cortadora de c\u00e9sped\" class=\"wp-image-2833\"\/><figcaption class=\"wp-element-caption\">m\u00e1quina cortadora de c\u00e9sped<\/figcaption><\/figure>    <figure class=\"wp-block-image size-large\"><img loading=\"lazy\" decoding=\"async\" width=\"720\" height=\"540\" data-id=\"2834\" src=\"https:\/\/taizyagromachine.com\/wp-content\/uploads\/2022\/05\/chaff-cutter-and-crusher-for-sale-9ZR-3.8B.jpg\" alt=\"cortadora y trituradora de paja para la venta\" class=\"wp-image-2834\"\/><figcaption class=\"wp-element-caption\">cortadora y trituradora de paja para la venta<\/figcaption><\/figure> <\/figure>    <figure class=\"wp-block-gallery aligncenter has-nested-images columns-default is-cropped wp-block-gallery-3 is-layout-flex wp-block-gallery-is-layout-flex\"> <figure class=\"wp-block-image size-large\"><img loading=\"lazy\" decoding=\"async\" width=\"720\" height=\"540\" data-id=\"2836\" src=\"https:\/\/taizyagromachine.com\/wp-content\/uploads\/2022\/05\/straw-cutter-and-shredder-9ZR-4.8.jpg\" alt=\"cortadora y trituradora de paja\" class=\"wp-image-2836\"\/><figcaption class=\"wp-element-caption\">cortadora y trituradora de paja<\/figcaption><\/figure>    <figure class=\"wp-block-image size-large\"><img loading=\"lazy\" decoding=\"async\" width=\"720\" height=\"540\" data-id=\"2837\" src=\"https:\/\/taizyagromachine.com\/wp-content\/uploads\/2022\/05\/paddy-straw-cutter-machine-9ZR-6.8.jpg\" alt=\"m\u00e1quina cortadora de paja de arroz\" class=\"wp-image-2837\"\/><figcaption class=\"wp-element-caption\">m\u00e1quina cortadora de paja de arroz<\/figcaption><\/figure>    <figure class=\"wp-block-image size-large\"><img loading=\"lazy\" decoding=\"async\" width=\"720\" height=\"540\" data-id=\"2838\" src=\"https:\/\/taizyagromachine.com\/wp-content\/uploads\/2022\/05\/multipurpose-chaff-cutter-9ZR-8.jpg\" alt=\"cortador de paja multiusos\" class=\"wp-image-2838\"\/><figcaption class=\"wp-element-caption\">cortador de paja multiusos<\/figcaption><\/figure> <\/figure>    <h2 class=\"wp-block-heading\"><strong>Aplicaciones de la m\u00e1quina cortadora de paja de arroz<\/strong><\/h2>    <p>La cortadora y trituradora de paja horizontal serie 9ZR es un tipo de maquinaria trituradora a gran escala desarrollada recientemente por nuestra empresa. Adecuado para ma\u00edz, trigo, cereales, man\u00ed, paja de arroz, paja de frijol, tallos de ma\u00edz, pasto verde, alfalfa y otros cultivos de paja. <\/p>   <div class=\"wp-block-image\"> <figure class=\"aligncenter size-full\"><img loading=\"lazy\" decoding=\"async\" width=\"720\" height=\"540\" src=\"https:\/\/taizyagromachine.com\/wp-content\/uploads\/2022\/05\/wide-applications-of-straw-cutting-machine.jpg\" alt=\"Amplias aplicaciones de la m\u00e1quina cortadora de paja.\" class=\"wp-image-2842\"\/><figcaption class=\"wp-element-caption\">Amplias aplicaciones de la m\u00e1quina cortadora de paja.<\/figcaption><\/figure> <\/div>   <p>Para el procesamiento de amasado de forraje de ganado vacuno y ovino, la longitud del pasto es de 10 mm a 180 mm y el ancho de no m\u00e1s de 5 mm de material triturado. Mejora la palatabilidad del forraje para ganado vacuno y ovino y aumenta la tasa de utilizaci\u00f3n del forraje. Por lo tanto, esta m\u00e1quina cortadora de paja es el equipo ideal preferido por los profesionales de la ganader\u00eda mediana y grande para el procesamiento de forraje.<\/p>   <div class=\"wp-block-image\"> <figure class=\"aligncenter size-full\"><img loading=\"lazy\" decoding=\"async\" width=\"720\" height=\"400\" src=\"https:\/\/taizyagromachine.com\/wp-content\/uploads\/2022\/05\/animal-to-be-fed.jpg\" alt=\"animal para ser alimentado\" class=\"wp-image-2843\"\/><figcaption class=\"wp-element-caption\">animal para ser alimentado<\/figcaption><\/figure> <\/div>   <h2 class=\"wp-block-heading\"><strong>Principio de funcionamiento de la m\u00e1quina cortadora de alimentaci\u00f3n<\/strong><\/h2>    <p>A trav\u00e9s del transportador, transporte el material (a procesar) a la sala de amasado. Mediante la interacci\u00f3n de la hoja del martillo de alta rotaci\u00f3n y la placa de amasado, el material se amasar\u00e1. La m\u00e1quina cortadora de paja amasar\u00e1 las materias primas recogidas. Utilice la cantidad de hojas de martillo ajustables para ajustar el efecto de amasado de la paja y la cantidad de material triturado. Disminuya el n\u00famero de hojas de martillo, la paja de salida ser\u00e1 m\u00e1s larga y se reducir\u00e1 el material triturado; Si aumenta el n\u00famero de hojas del martillo, la paja de salida ser\u00e1 m\u00e1s corta y aumentar\u00e1 el material triturado.<\/p>    <p>Autom\u00e1ticamente alimenta la paja a trav\u00e9s de la cinta transportadora para aplanar, cortar, exprimir y amasar la paja, destruyendo los nudos duros del tallo en la superficie de la paja. Procese la paja que el ganado no puede alimentar directamente y la convierta en forraje triturado con buena palatabilidad sin perder sus nutrientes, que es f\u00e1cil de digerir y absorber para el ganado.<\/p>    <figure class=\"wp-block-gallery aligncenter has-nested-images columns-default is-cropped wp-block-gallery-4 is-layout-flex wp-block-gallery-is-layout-flex\"> <figure class=\"wp-block-image size-large\"><img loading=\"lazy\" decoding=\"async\" width=\"720\" height=\"450\" data-id=\"2865\" src=\"https:\/\/taizyagromachine.com\/wp-content\/uploads\/2022\/05\/multipurpose-chaff-cutter-blade.jpg\" alt=\"cuchilla-cortadora-de-grano-multiusos\" class=\"wp-image-2865\"\/><figcaption class=\"wp-element-caption\">cuchilla cortadora de paja multiusos<\/figcaption><\/figure>    <figure class=\"wp-block-image size-large\"><img loading=\"lazy\" decoding=\"async\" width=\"720\" height=\"450\" data-id=\"2866\" src=\"https:\/\/taizyagromachine.com\/wp-content\/uploads\/2022\/05\/straw-cutter-blade.jpg\" alt=\"cuchilla-cortadora-de-paja\" class=\"wp-image-2866\"\/><figcaption class=\"wp-element-caption\">cuchilla cortadora de paja<\/figcaption><\/figure> <\/figure>    <h2 class=\"wp-block-heading\"><strong>Beneficios de la m\u00e1quina cortadora de paja<\/strong><\/h2>    <ol class=\"wp-block-list\"> <li>La m\u00e1quina tiene una estructura razonable, apariencia hermosa, operaci\u00f3n y mantenimiento seguros y confiables, convenientes y alta eficiencia de producci\u00f3n.<\/li>    <li>La m\u00e1quina no solo se puede aplicar a agricultores medianos y grandes, sino tambi\u00e9n a peque\u00f1as m\u00e1quinas cortadoras de paja para el hogar.<\/li>    <li>Equipado con dos tipos de hojas, una es la hoja de corte y otra es la hoja triangular.<\/li>    <li>Tanto el motor el\u00e9ctrico como el motor di\u00e9sel est\u00e1n disponibles, lo que resuelve el problema de la escasez de energ\u00eda en \u00e1reas donde el uso de m\u00e1quinas es dif\u00edcil.<\/li>    <li>Cortadora de paja multiusos, seca y h\u00fameda.<\/li> <\/ol>    <h2 class=\"wp-block-heading\"><strong>\u00bfQu\u00e9 construye la m\u00e1quina trituradora de paja?<\/strong><\/h2>    <p class=\"translation-block\">Este tipo de picadora y amasadora tiene una estructura muy simple. Consta de transportador, entrada, sistema de operaci\u00f3n, salida, marco, palanca de cambios, rueda, marco del motor, motor y cubierta protectora. El transportador ayuda a que la hierba seca\/h\u00fameda entre en la c\u00e1mara de trabajo a trav\u00e9s de la entrada. El marco soporta toda la m\u00e1quina, mientras que la cubierta protectora ayuda a proteger al personal durante el trabajo, como algunas <a href=\"https:\/\/taizyagromachine.com\/es\/product\/forage-chopper-machine\/\" target=\"_blank\" rel=\"noreferrer noopener\">m\u00e1quinas picadoras de forraje<\/a>. Adem\u00e1s, el motor proporciona la potencia suficiente requerida por la m\u00e1quina.<\/p>   <div class=\"wp-block-image\"> <figure class=\"aligncenter size-full\"><img loading=\"lazy\" decoding=\"async\" width=\"720\" height=\"470\" src=\"https:\/\/taizyagromachine.com\/wp-content\/uploads\/2022\/05\/straw-cutting-machine-structure.jpg\" alt=\"estructura de la m\u00e1quina cortadora de paja\" class=\"wp-image-2847\"\/><figcaption class=\"wp-element-caption\">estructura de la m\u00e1quina cortadora de paja<\/figcaption><\/figure> <\/div>   <h2 class=\"wp-block-heading\" id=\"h-technical-parameters-of-rice-straw-cutting-and-shredding-machine\"><strong>Par\u00e1metros t\u00e9cnicos de la m\u00e1quina cortadora y trituradora de paja de arroz<\/strong><\/h2>    <figure class=\"wp-block-table\"><table><tbody><tr><td>Modelo<\/td><td>9ZR-2.5<\/td><td>9ZR-3.8A<\/td><td>9ZR-3.8B<\/td><td>9ZR-4.8T<\/td><td>9ZR-6.8<\/td><td>9ZR-8<\/td><\/tr><tr><td>Fuerza<\/td><td>3-4,5kW<\/td><td>3-4,5kW<\/td><td>3-4,5kW<\/td><td>5,5kW<\/td><td>7,5kW<\/td><td>11kW<\/td><\/tr><tr><td>Capacidad<\/td><td>2500kg\/hora<\/td><td>3800kg\/h<\/td><td>3800kg\/h<\/td><td>4800kg\/h<\/td><td>6800kg\/hora<\/td><td>8000kg\/h<\/td><\/tr><tr><td>Tama\u00f1o<\/td><td>1350*490*750mm<\/td><td>1650*550*900mm<\/td><td>1750*550*900mm<\/td><td>1750*600*930mm<\/td><td>2283*740*1040mm<\/td><td>3400*830*1200mm<\/td><\/tr><tr><td>Peso<\/td><td>67 kilos<\/td><td>88kg<\/td><td>93kg<\/td><td>116kg<\/td><td>189kg<\/td><td>320 kilos<\/td><\/tr><\/tbody><\/table><\/figure>    <h2 class=\"wp-block-heading\"><strong>Caso de \u00e9xito: Cortadora de paja multiprop\u00f3sito exportada a Kenia<\/strong><\/h2>    <p>En febrero de este a\u00f1o, un cliente de Kenia solicit\u00f3 informaci\u00f3n sobre la m\u00e1quina cortadora de paja. A trav\u00e9s de la comunicaci\u00f3n con \u00e9l, nuestra gerente de ventas Grace supo que lo estaba comprando para la producci\u00f3n de alimento para ganado. Por eso, Grace le envi\u00f3 los par\u00e1metros de la m\u00e1quina, fotograf\u00edas y v\u00eddeos de funcionamiento. Despu\u00e9s de comprobar la m\u00e1quina, el cliente de Kenia eligi\u00f3 la m\u00e1quina cortadora de paja de 4800 kg\/hora. Tras confirmar los detalles de la m\u00e1quina, se firm\u00f3 el contrato. Enviamos la m\u00e1quina a su terminal designada. Despu\u00e9s de recibir la m\u00e1quina, el cliente de Kenia nos envi\u00f3 comentarios positivos.<\/p>    <h2 class=\"wp-block-heading\"><strong>V\u00eddeo de funcionamiento de la m\u00e1quina cortadora de paja<\/strong><\/h2>    <figure class=\"wp-block-embed is-type-video is-provider-youtube wp-block-embed-youtube wp-embed-aspect-16-9 wp-has-aspect-ratio\"><div class=\"wp-block-embed__wrapper\"> <iframe loading=\"lazy\" title=\"M\u00e1quina cortadora de paja multifuncional | M\u00e1quina cortadora de pasto para la producci\u00f3n de ensilaje como alimento para animales\" width=\"500\" height=\"281\" src=\"https:\/\/www.youtube.com\/embed\/wYag_P8TQhY?feature=oembed\" frameborder=\"0\" allow=\"accelerometer; autoplay; clipboard-write; encrypted-media; gyroscope; picture-in-picture; web-share\" referrerpolicy=\"strict-origin-when-cross-origin\" allowfullscreen><\/iframe> <\/div><\/figure>","protected":false},"excerpt":{"rendered":"<p>This kind of straw cutting machine belongs to the 9ZR series. It is a new generation of multifunctional chaff cutter and shredder designed and manufactured by our company based on the advanced technology of similar products in the society and users&#8217; opinions. This series of straw cutter machines has the characteristics of reasonable structure, easy [&hellip;]<\/p>\n","protected":false},"author":1,"featured_media":2829,"parent":0,"template":"","tags":[96,93,206],"product-type":[19],"class_list":["post-2822","product","type-product","status-publish","has-post-thumbnail","hentry","tag-chaff-cutter-machine","tag-forage-chopper-machine","tag-straw-cutting-machine","product-type-silage-machine"],"_links":{"self":[{"href":"https:\/\/taizyagromachine.com\/es\/wp-json\/wp\/v2\/product\/2822","targetHints":{"allow":["GET"]}}],"collection":[{"href":"https:\/\/taizyagromachine.com\/es\/wp-json\/wp\/v2\/product"}],"about":[{"href":"https:\/\/taizyagromachine.com\/es\/wp-json\/wp\/v2\/types\/product"}],"author":[{"embeddable":true,"href":"https:\/\/taizyagromachine.com\/es\/wp-json\/wp\/v2\/users\/1"}],"wp:featuredmedia":[{"embeddable":true,"href":"https:\/\/taizyagromachine.com\/es\/wp-json\/wp\/v2\/media\/2829"}],"wp:attachment":[{"href":"https:\/\/taizyagromachine.com\/es\/wp-json\/wp\/v2\/media?parent=2822"}],"wp:term":[{"taxonomy":"post_tag","embeddable":true,"href":"https:\/\/taizyagromachine.com\/es\/wp-json\/wp\/v2\/tags?post=2822"},{"taxonomy":"product-type","embeddable":true,"href":"https:\/\/taizyagromachine.com\/es\/wp-json\/wp\/v2\/product-type?post=2822"}],"curies":[{"name":"wp","href":"https:\/\/api.w.org\/{rel}","templated":true}]}}