{"id":2905,"date":"2022-06-02T03:35:30","date_gmt":"2022-06-02T03:35:30","guid":{"rendered":"https:\/\/taizyagromachine.com\/?post_type=product&#038;p=2905"},"modified":"2025-03-27T15:18:33","modified_gmt":"2025-03-27T07:18:33","slug":"self-propelled-baler","status":"publish","type":"product","link":"https:\/\/taizyagromachine.com\/es\/product\/self-propelled-baler\/","title":{"rendered":"Empacadora autopropulsada | Cortadora y empacadora de heno"},"content":{"rendered":"<p class=\"translation-block\">La empacadora autopropulsada es una m\u00e1quina agr\u00edcola que integra \"recogida, corte y empacado\". Esta <a href=\"https:\/\/silagebaler.com\/hay-cutter-and-baler\/\" target=\"_blank\" rel=\"noreferrer noopener\">m\u00e1quina cortadora y empacadora de heno<\/a> no solo puede trabajar en zonas bajas, sino que tambi\u00e9n alimenta el material de forma m\u00e1s suave y no se bloquea f\u00e1cilmente. Adem\u00e1s, esta m\u00e1quina tiene certificado CE, lo que la hace muy popular en el mercado nacional e internacional. La m\u00e1quina se acopla a un tractor con ruedas y es operada por un conductor de tractor, lo que la hace adecuada para trabajar en todo tipo de pastos naturales y cultivados, as\u00ed como en tierras de cultivo.<\/p>    <p>Esta m\u00e1quina empacadora de heno combina las ventajas de productos similares nacionales y extranjeros y, al mismo tiempo, combina la situaci\u00f3n actual de la producci\u00f3n agr\u00edcola y ganadera. Por lo tanto, la empacadora autopropulsada tiene una estructura avanzada, operaci\u00f3n conveniente, rendimiento estable y confiable, bajo costo de producci\u00f3n y ahorro de mano de obra, etc. Es el producto ideal para cosechar y empacar diversos tipos de paja y forrajes agr\u00edcolas.<\/p>    <h2 class=\"wp-block-heading\" id=\"h-what-are-the-functions-of-the-self-propelled-baler-for-sale\"><strong>\u00bfCu\u00e1les son las funciones de la empacadora autopropulsada a la venta?<\/strong><\/h2>    <p>Las funciones espec\u00edficas son las siguientes:<\/p>    <ol class=\"wp-block-list\"> <li><strong>Cosecha<\/strong>: Puede recoger la hierba, la alfalfa, la paja de arroz y la paja de trigo escupidas por la cosechadora.<\/li>    <li><strong>Corte<\/strong>: Puede cosechar pasto, alfalfa, paja de ma\u00edz y tambi\u00e9n cortar rastrojos altos de trigo por segunda vez. El rastrojo se puede reducir a menos de 10 cm. La paja recogida por unidad de superficie es aproximadamente el doble de la recogida por el recolector. Mejora enormemente la tasa de recolecci\u00f3n de paja y hace que sea m\u00e1s conveniente para los agricultores cultivar y aumentar la cantidad de paja recolectada por acre.<\/li>    <li><strong>Empacar<\/strong>: es decir, la paja suelta se compacta y se bate en fardos cuadrados o redondos (los fardos cuadrados o redondos son convenientes para el transporte, el apilamiento y la conservaci\u00f3n).<\/li> <\/ol>   <div class=\"wp-block-image\"> <figure class=\"aligncenter size-full\"><img loading=\"lazy\" decoding=\"async\" width=\"720\" height=\"540\" src=\"https:\/\/taizyagromachine.com\/wp-content\/uploads\/2022\/06\/working-scenes.jpg\" alt=\"escenas de trabajo\" class=\"wp-image-2945\"\/><figcaption class=\"wp-element-caption\">escenas de trabajo<\/figcaption><\/figure> <\/div>   <h2 class=\"wp-block-heading\" id=\"h-type-1-self-propelled-round-baler\"><strong>Tipo 1: Empacadora circular autopropulsada<\/strong><\/h2>    <p class=\"translation-block\">La empacadora redonda de trituraci\u00f3n y recogida es un equipo especial dise\u00f1ado y producido por nuestra empresa para recoger paja de trigo, arroz, ma\u00edz y otros cultivos, as\u00ed como diversas forrajeras y empacarlas. Es un nuevo tipo de empacadora redonda de alta eficiencia de tipo transversal desarrollada de forma independiente por nuestra empresa. Esta m\u00e1quina puede usar cuerda y red para empacar. Tambi\u00e9n puede ajustar la altura y la densidad de la bala seg\u00fan la situaci\u00f3n real. Cabe se\u00f1alar que esta m\u00e1quina es diferente de la <a href=\"https:\/\/taizyagromachine.com\/es\/product\/silage-baler\/\" target=\"_blank\" rel=\"noreferrer noopener\">m\u00e1quina de empacado y enfardado de ensilaje<\/a> en que no tiene envoltura de film.<\/p>    <figure class=\"wp-block-gallery aligncenter has-nested-images columns-default is-cropped wp-block-gallery-2 is-layout-flex wp-block-gallery-is-layout-flex\"> <figure class=\"wp-block-image size-full\"><img loading=\"lazy\" decoding=\"async\" width=\"720\" height=\"540\" data-id=\"2948\" src=\"https:\/\/taizyagromachine.com\/wp-content\/uploads\/2022\/06\/round-self-propelled-hay-baler.jpg\" alt=\"empacadora-de-heno-autopropulsada\" class=\"wp-image-2948\"\/><figcaption class=\"wp-element-caption\">Empacadora de heno autopropulsada redonda<\/figcaption><\/figure>    <figure class=\"wp-block-image size-full\"><img loading=\"lazy\" decoding=\"async\" width=\"720\" height=\"540\" data-id=\"2949\" src=\"https:\/\/taizyagromachine.com\/wp-content\/uploads\/2022\/06\/round-hay-cutter-and-baler.jpg\" alt=\"cortadora-y-empacadora-de-heno redonda\" class=\"wp-image-2949\"\/><figcaption class=\"wp-element-caption\">cortadora y empacadora de heno redonda<\/figcaption><\/figure> <\/figure>    <figure class=\"wp-block-embed is-type-video is-provider-youtube wp-block-embed-youtube wp-embed-aspect-16-9 wp-has-aspect-ratio\"><div class=\"wp-block-embed__wrapper\"> <iframe loading=\"lazy\" title=\"M\u00e1quina de parroquia de paja para fardos redondos de heno | Soluci\u00f3n eficiente para alimentaci\u00f3n de ensilaje de la granja\" width=\"500\" height=\"281\" src=\"https:\/\/www.youtube.com\/embed\/pgxaeEiL908?feature=oembed\" frameborder=\"0\" allow=\"accelerometer; autoplay; clipboard-write; encrypted-media; gyroscope; picture-in-picture; web-share\" referrerpolicy=\"strict-origin-when-cross-origin\" allowfullscreen><\/iframe> <\/div><figcaption class=\"wp-element-caption\">Video de la m\u00e1quina Baling de recortaci\u00f3n de heno<\/figcaption><\/figure>    <h3 class=\"wp-block-heading\" id=\"h-construction-of-round-hay-cutter-and-baler\"><strong>Construcci\u00f3n de cortadora y empacadora de heno redonda<\/strong><\/h3>    <p>La empacadora redonda autopropulsada tiene toma de fuerza, alimentador, interruptor de silo y cilindro hidr\u00e1ulico. Debes saber que el hilo se puede sustituir por la red. <\/p>   <div class=\"wp-block-image\"> <figure class=\"aligncenter size-full\"><img loading=\"lazy\" decoding=\"async\" width=\"720\" height=\"540\" src=\"https:\/\/taizyagromachine.com\/wp-content\/uploads\/2022\/06\/structure-of-round-cutter-and-baler.jpg\" alt=\"estructura de cortadora redonda y empacadora\" class=\"wp-image-2927\"\/><figcaption class=\"wp-element-caption\">estructura de cortadora redonda y empacadora<\/figcaption><\/figure> <\/div>   <h3 class=\"wp-block-heading\" id=\"h-what-are-parameters-of-round-baling-machine\"><strong>\u00bfCu\u00e1les son los par\u00e1metros de la m\u00e1quina empacadora redonda?<\/strong><\/h3>    <figure class=\"wp-block-table\"><table><tbody><tr><td>Modelo<\/td><td>9YY80<\/td><td>9YY100<\/td><\/tr><tr><td>Tama\u00f1o del paquete<\/td><td>80cm*100cm<\/td><td>100cm*125cm<\/td><\/tr><tr><td>Ancho cosechado<\/td><td>1,3 m<\/td><td>1,8 m<\/td><\/tr><tr><td>tama\u00f1o neto<\/td><td>2000m*105cm<\/td><td>3000m*125cm<\/td><\/tr><tr><td>Tractor equipado<\/td><td>M\u00e1s de 70 CV<\/td><td>M\u00e1s de 90 CV<\/td><\/tr><\/tbody><\/table><\/figure>    <h2 class=\"wp-block-heading\" id=\"h-type-2-self-propelled-square-baler\"><strong>Tipo 2: Empacadora cuadrada autopropulsada<\/strong><\/h2>    <p class=\"translation-block\">La m\u00e1quina de corte, recogida y empacado cuadrado es una m\u00e1quina de recolecci\u00f3n de forraje triturado y empacado. Se utiliza principalmente para la cosecha y el empacado de diversos tipos de forraje, tallos de arroz, trigo y ma\u00edz, y otros tallos de cultivos en el campo. La empacadora de heno autopropulsada puede triturar y recoger autom\u00e1ticamente las tiras de hierba depositadas en el campo, y atar el forraje suelto en balas rectangulares con una apariencia ordenada y regular a trav\u00e9s de los procesos de operaci\u00f3n de alimentaci\u00f3n, compresi\u00f3n y formaci\u00f3n, anudado y atado. Es importante tener en cuenta que solo se puede usar cuerda para empacar. \u00a1Bienvenido a <a href=\"https:\/\/taizyagromachine.com\/es\/contact\/\" target=\"_blank\" rel=\"noreferrer noopener\">contactarnos<\/a> para m\u00e1s detalles!<\/p>    <figure class=\"wp-block-gallery aligncenter has-nested-images columns-default is-cropped wp-block-gallery-3 is-layout-flex wp-block-gallery-is-layout-flex\"> <figure class=\"wp-block-image size-full\"><img loading=\"lazy\" decoding=\"async\" width=\"720\" height=\"540\" data-id=\"2953\" src=\"https:\/\/taizyagromachine.com\/wp-content\/uploads\/2022\/06\/square-cutter-and-baler.jpg\" alt=\"cortadora y empacadora cuadrada\" class=\"wp-image-2953\"\/><figcaption class=\"wp-element-caption\">cortadora cuadrada y empacadora<\/figcaption><\/figure>    <figure class=\"wp-block-image size-full\"><img loading=\"lazy\" decoding=\"async\" width=\"720\" height=\"540\" data-id=\"2952\" src=\"https:\/\/taizyagromachine.com\/wp-content\/uploads\/2022\/06\/square-self-propelled-baler.jpg\" alt=\"empacadora autopropulsada cuadrada\" class=\"wp-image-2952\"\/><figcaption class=\"wp-element-caption\">empacadora autopropulsada cuadrada<\/figcaption><\/figure> <\/figure>    <h3 class=\"wp-block-heading\"><strong>Estructura del equipo de empacado cuadrado<\/strong><\/h3>    <p>La empacadora autopropulsada consta de un sistema de transmisi\u00f3n, una viga de tracci\u00f3n, un recolector, una c\u00e1mara de empacado y una salida. Es una construcci\u00f3n muy simple. <\/p>   <div class=\"wp-block-image\"> <figure class=\"aligncenter size-full\"><img loading=\"lazy\" decoding=\"async\" width=\"720\" height=\"450\" src=\"https:\/\/taizyagromachine.com\/wp-content\/uploads\/2022\/06\/structure-of-square-cutting-and-baling-machine.jpg\" alt=\"Estructura de la m\u00e1quina empacadora y cortadora de cuadrados.\" class=\"wp-image-2928\"\/><figcaption class=\"wp-element-caption\">Estructura de la m\u00e1quina empacadora y cortadora de cuadrados.<\/figcaption><\/figure> <\/div>   <h3 class=\"wp-block-heading\"><strong>Par\u00e1metros t\u00e9cnicos de la empacadora cuadrada<\/strong><\/h3>    <figure class=\"wp-block-table\"><table><tbody><tr><td>Modelo<\/td><td>9YFQ-2.0<\/td><\/tr><tr><td>Ancho cosechado<\/td><td>2,0 m<\/td><\/tr><tr><td>Tractor equipado<\/td><td>M\u00e1s de 75 CV<\/td><\/tr><tr><td>Eficiencia de producci\u00f3n<\/td><td>3 t\/h<\/td><\/tr><tr><td>Tama\u00f1o global<\/td><td>4150*2850*1800mm<\/td><\/tr><\/tbody><\/table><\/figure>    <h2 class=\"wp-block-heading\" id=\"h-applications-of-self-propelled-hay-baler\"><strong>Aplicaciones de la empacadora de heno autopropulsada<\/strong><\/h2>    <p>Debido a que este tipo de cortadora y empacadora de heno es adecuada para el trabajo de campo, tiene una variedad de aplicaciones. Como tallos de ma\u00edz, hojas de ca\u00f1a de az\u00facar, pajas de trigo, pajas de arroz, pl\u00e1ntulas de man\u00ed, pl\u00e1ntulas de camote, pasto verde, heno, etc. <\/p>   <div class=\"wp-block-image\"> <figure class=\"aligncenter size-full\"><img loading=\"lazy\" decoding=\"async\" width=\"720\" height=\"450\" src=\"https:\/\/taizyagromachine.com\/wp-content\/uploads\/2022\/06\/wide-applications-of-self-propelled-hay-baler.jpg\" alt=\"Amplias aplicaciones de la empacadora de heno autopropulsada.\" class=\"wp-image-2932\"\/><figcaption class=\"wp-element-caption\">Amplias aplicaciones de la empacadora de heno autopropulsada.<\/figcaption><\/figure> <\/div>   <h2 class=\"wp-block-heading\"><strong>\u00bfCu\u00e1les son las caracter\u00edsticas de la cortadora y empacadora de heno?<\/strong><\/h2>    <ol class=\"wp-block-list\"> <li>Anudador y sistema de transmisi\u00f3n principal alemanes importados, toda la empacadora autopropulsada tiene un rendimiento estable y una alta tasa de formaci\u00f3n de pacas.<\/li>    <li>La empacadora autopropulsada tiene un eje longitudinal sim\u00e9trico, buena estabilidad de conducci\u00f3n, es de f\u00e1cil tracci\u00f3n y puede adaptarse para trabajar en terrenos peque\u00f1os e irregulares.<\/li>    <li>Las tiras de pasto siempre se mueven en l\u00ednea recta desde la recolecci\u00f3n hasta la formaci\u00f3n de fardos en el suelo, y el proceso de transporte y empacado de las tiras de pasto es razonable, lo que ayuda a mejorar la frecuencia de movimiento alternativo del pist\u00f3n y aumentar la capacidad de producci\u00f3n.<\/li>    <li>La c\u00e1mara de empacado y la aguja de enhebrado tienen una distancia suficiente al suelo para operar en lotes de cama baja sin que la aguja de enhebrado toque el suelo, eliminando as\u00ed el tradicional marco de protecci\u00f3n de la aguja de enhebrado. El recogedor est\u00e1 equipado con una rueda perfiladora, lo que permite trabajar en terrenos bajos.<\/li>    <li>Trituraci\u00f3n y recolecci\u00f3n, suspensi\u00f3n de 3 brazos con el tractor.<\/li> <\/ol>    <figure class=\"wp-block-gallery aligncenter has-nested-images columns-default is-cropped wp-block-gallery-4 is-layout-flex wp-block-gallery-is-layout-flex\"> <figure class=\"wp-block-image size-large\"><img loading=\"lazy\" decoding=\"async\" width=\"720\" height=\"540\" data-id=\"2939\" src=\"https:\/\/taizyagromachine.com\/wp-content\/uploads\/2022\/06\/German-knotter.jpg\" alt=\"Empacadora autopropulsada con anudador alem\u00e1n\" class=\"wp-image-2939\"\/><figcaption class=\"wp-element-caption\">anudador alem\u00e1n<\/figcaption><\/figure>    <figure class=\"wp-block-image size-full\"><img loading=\"lazy\" decoding=\"async\" width=\"720\" height=\"540\" data-id=\"2940\" src=\"https:\/\/taizyagromachine.com\/wp-content\/uploads\/2022\/06\/multifunction-crushing-picking.jpg\" alt=\"multifunci\u00f3n-trituraci\u00f3n y recolecci\u00f3n\" class=\"wp-image-2940\"\/><figcaption class=\"wp-element-caption\">trituraci\u00f3n y recolecci\u00f3n<\/figcaption><\/figure>    <figure class=\"wp-block-image size-full\"><img loading=\"lazy\" decoding=\"async\" width=\"720\" height=\"540\" data-id=\"2938\" src=\"https:\/\/taizyagromachine.com\/wp-content\/uploads\/2022\/06\/3-linkage-suspension.jpg\" alt=\"Suspensi\u00f3n de 3 brazos con empacadora autopropulsada por tractor\" class=\"wp-image-2938\"\/><figcaption class=\"wp-element-caption\">suspensi\u00f3n de 3 enlaces<\/figcaption><\/figure> <\/figure>    <h2 class=\"wp-block-heading\" id=\"h-why-choose-taizy-company-as-top-choice\"><strong>\u00bfPor qu\u00e9 elegir Taizy Company como la mejor opci\u00f3n?<\/strong><\/h2>    <p class=\"translation-block\">Nosotros, <a href=\"https:\/\/taizyagromachine.com\/es\/\" target=\"_blank\" rel=\"noreferrer noopener\">Taizy Agro Machinery<\/a>, estamos profundamente en la industria agr\u00edcola desde hace m\u00e1s de 10 a\u00f1os. Cada vez nos convertimos en la primera opci\u00f3n porque tenemos nuestras propias ventajas \u00fanicas.<\/p>    <p class=\"translation-block\"><strong>Excelente calidad<\/strong>. Nuestra empacadora autopropulsada tiene reglas de producci\u00f3n estrictas, tambi\u00e9n la empacadora de paja, <a href=\"https:\/\/taizyagromachine.com\/es\/product\/straw-crushing-and-recycling-machine\/\" target=\"_blank\" rel=\"noreferrer noopener\">m\u00e1quina de trituraci\u00f3n y reciclaje de ensilaje<\/a>, etc. Adem\u00e1s, nuestras m\u00e1quinas agr\u00edcolas tienen certificado CE, bien recibidas en pa\u00edses y regiones extranjeras. <\/p>    <p class=\"translation-block\"><strong>Tecnolog\u00eda avanzada<\/strong>. La empacadora adopta tecnolog\u00eda avanzada y combina las demandas del mercado, dise\u00f1ando una empacadora de forraje de nuevo tipo. Es popular en el mercado.<\/p>    <p class=\"translation-block\"><strong>Servicio perfecto<\/strong>. Despu\u00e9s de la venta, tambi\u00e9n ofrecemos un c\u00f3modo servicio postventa para resolver todo tipo de problemas que puedan surgir a los clientes en un futuro pr\u00f3ximo.<\/p>    <h2 class=\"wp-block-heading\" id=\"h-successful-case-self-propelled-small-square-baler-sold-to-iran\"><strong>Caso exitoso: empacadora cuadrada peque\u00f1a autopropulsada vendida a Ir\u00e1n  <\/strong><\/h2>    <p>Nuestra gerente de ventas, Winnie, recibi\u00f3 una consulta de un cliente en Ir\u00e1n. Quiere cosechar forraje y tiene su propio tractor. Dado que Ir\u00e1n est\u00e1 ubicado en Medio Oriente y prefiere las pacas cuadradas, Winnie envi\u00f3 la informaci\u00f3n relevante sobre la empacadora cuadrada, incluidos par\u00e1metros, configuraci\u00f3n, fotograf\u00edas, videos, etc. Al cliente iran\u00ed le gust\u00f3 mucho despu\u00e9s de la confirmaci\u00f3n. Entonces se firm\u00f3 el contrato. Enviamos a su destino. Despu\u00e9s de recibir la m\u00e1quina, el cliente iran\u00ed dijo que la empacadora autopropulsada funciona muy bien y que tendremos la oportunidad de trabajar juntos nuevamente.<\/p>    <h2 class=\"wp-block-heading\" id=\"h-faq\"><strong>Preguntas m\u00e1s frecuentes<\/strong><\/h2>   <div id=\"rank-math-faq\" class=\"rank-math-block\"> <div class=\"rank-math-list\"> <div id=\"faq-question-1665309290478\" class=\"rank-math-list-item\"> <h3 class=\"rank-math-question\"><strong>P: \u00bfCu\u00e1l es el ancho de recolecci\u00f3n de la empacadora autopropulsada?<\/strong><\/h3> <div class=\"rank-math-answer\">  <p>R: 1,3 m, 1,8 m, 2 m.<\/p>  <\/div> <\/div> <div id=\"faq-question-1665309298217\" class=\"rank-math-list-item\"> <h3 class=\"rank-math-question\"><strong>P: \u00bfQu\u00e9 tipo de equipo produce principalmente?<\/strong><\/h3> <div class=\"rank-math-answer\">  <p>R: Producimos principalmente maquinaria agr\u00edcola y maquinaria agr\u00edcola.<\/p>  <\/div> <\/div> <div id=\"faq-question-1665309313441\" class=\"rank-math-list-item\"> <h3 class=\"rank-math-question\"><strong>P: \u00bfD\u00f3nde est\u00e1 el lugar de env\u00edo?<\/strong><\/h3> <div class=\"rank-math-answer\">  <p>R: Ubicado en la llanura central de China, Henan, por lo que hemos desarrollado transporte y entrega r\u00e1pida.<\/p>  <\/div> <\/div> <\/div> <\/div>   <h2 class=\"wp-block-heading\"><strong>V\u00eddeo de funcionamiento de la cortadora y empacadora de heno <\/strong><\/h2>    <figure class=\"wp-block-embed is-type-video is-provider-youtube wp-block-embed-youtube wp-embed-aspect-16-9 wp-has-aspect-ratio\"><div class=\"wp-block-embed__wrapper\"> <iframe loading=\"lazy\" title=\"Cortadora y empacadora de heno | M\u00e1quina recolectora, trituradora y empacadora de paja con tractor #hay #strawbale\" width=\"500\" height=\"281\" src=\"https:\/\/www.youtube.com\/embed\/PhkH7-TU5-I?feature=oembed\" frameborder=\"0\" allow=\"accelerometer; autoplay; clipboard-write; encrypted-media; gyroscope; picture-in-picture; web-share\" referrerpolicy=\"strict-origin-when-cross-origin\" allowfullscreen><\/iframe> <\/div><\/figure>","protected":false},"excerpt":{"rendered":"<p>The self propelled baler is an agricultural machine that integrates &#8220;picking, cutting and baling&#8221;. This hay cutter and baler machine can not only work in low-lying areas, but also feed the material more smoothly and not easily blocked. Besides, this machine has CE certificate, which is very popular in domestic and international market. The machine [&hellip;]<\/p>\n","protected":false},"author":1,"featured_media":2907,"parent":0,"template":"","tags":[120,117,103,119,118,122,121,116],"product-type":[19],"class_list":["post-2905","product","type-product","status-publish","has-post-thumbnail","hentry","tag-agriculture-machinery","tag-baling-machine","tag-hay-baler","tag-hay-baling-machine","tag-hay-cutter-and-baler","tag-self-propelled-round-baler","tag-self-propelled-square-baler","tag-silage","product-type-silage-machine"],"_links":{"self":[{"href":"https:\/\/taizyagromachine.com\/es\/wp-json\/wp\/v2\/product\/2905","targetHints":{"allow":["GET"]}}],"collection":[{"href":"https:\/\/taizyagromachine.com\/es\/wp-json\/wp\/v2\/product"}],"about":[{"href":"https:\/\/taizyagromachine.com\/es\/wp-json\/wp\/v2\/types\/product"}],"author":[{"embeddable":true,"href":"https:\/\/taizyagromachine.com\/es\/wp-json\/wp\/v2\/users\/1"}],"wp:featuredmedia":[{"embeddable":true,"href":"https:\/\/taizyagromachine.com\/es\/wp-json\/wp\/v2\/media\/2907"}],"wp:attachment":[{"href":"https:\/\/taizyagromachine.com\/es\/wp-json\/wp\/v2\/media?parent=2905"}],"wp:term":[{"taxonomy":"post_tag","embeddable":true,"href":"https:\/\/taizyagromachine.com\/es\/wp-json\/wp\/v2\/tags?post=2905"},{"taxonomy":"product-type","embeddable":true,"href":"https:\/\/taizyagromachine.com\/es\/wp-json\/wp\/v2\/product-type?post=2905"}],"curies":[{"name":"wp","href":"https:\/\/api.w.org\/{rel}","templated":true}]}}