{"id":3038,"date":"2022-06-10T03:38:55","date_gmt":"2022-06-10T03:38:55","guid":{"rendered":"https:\/\/taizyagromachine.com\/?post_type=product&#038;p=3038"},"modified":"2025-01-02T13:49:22","modified_gmt":"2025-01-02T05:49:22","slug":"bean-peeling-machine","status":"publish","type":"product","link":"https:\/\/taizyagromachine.com\/es\/product\/bean-peeling-machine\/","title":{"rendered":"M\u00e1quina peladora de frijoles para soja, habas y frijoles lachi"},"content":{"rendered":"<p class=\"translation-block\">Como su nombre indica, la <strong>m\u00e1quina peladora de legumbres<\/strong> es una m\u00e1quina de eliminaci\u00f3n de piel especializada en el desarrollo de una variedad de legumbres, inventada por nuestra empresa seg\u00fan la demanda del mercado. Es principalmente aplicable al pelado y separaci\u00f3n de diversas legumbres como habas (soja), guisantes, habas negras, jud\u00edas, almendras, etc. <\/p>    <p>La tasa de pelado est\u00e1 por encima de 98%. La m\u00e1quina quita piel de soja es adecuada para plantas procesadoras de alimentos, hoteles, restaurantes, comedores, hogares profesionales, etc. <\/p>    <p>Este equipo es una nueva generaci\u00f3n de m\u00e1quinas peladoras, que ha sido cuidadosamente dise\u00f1ada y optimizada despu\u00e9s de un extenso estudio de mercado y consultas con los usuarios, aprovechando al mismo tiempo las ventajas y experiencias de muchos tipos de m\u00e1quinas peladoras de frijoles en el pa\u00eds y en el extranjero. <\/p>    <p>Nuestra m\u00e1quina peladora de frijoles est\u00e1 bien dise\u00f1ada, es f\u00e1cil de operar y tiene un alto rendimiento. Nosotros, Taizy Machinery, tenemos tres modelos para que usted elija. Si tienes alguna necesidad, puedes contactar con nosotros. Cu\u00e9ntanos qu\u00e9 necesitas y nuestro responsable comercial te proporcionar\u00e1 la soluci\u00f3n m\u00e1s adecuada a tus necesidades.<\/p>    <h2 class=\"wp-block-heading\" id=\"h-who-uses-peeled-beans\"><strong>\u00bfQui\u00e9n usa frijoles pelados?<\/strong><\/h2>    <p>Esta m\u00e1quina peladora de frijoles tiene una amplia gama de aplicaciones. Porque esta m\u00e1quina puede procesar frijoles como soja, frijoles negros, guisantes, etc. para pelarlos y partirlos. Existen principalmente las siguientes \u00e1reas de uso:<\/p>    <p>Planta grande, taller peque\u00f1o y mediano, comercio minorista, suministro de comedores, particulares y plantas procesadoras de alimentos. Si tiene alguna necesidad, \u00a1p\u00f3ngase en contacto con nosotros lo antes posible! Y nuestro personal profesional le proporcionar\u00e1 el plan m\u00e1s adecuado para facilitar su negocio.<\/p>   <div class=\"wp-block-image\"> <figure class=\"aligncenter size-full\"><img loading=\"lazy\" decoding=\"async\" width=\"720\" height=\"540\" src=\"https:\/\/taizyagromachine.com\/wp-content\/uploads\/2022\/06\/usages-of-bean-peling-machine.jpg\" alt=\"Usos de la m\u00e1quina peladora de frijoles.\" class=\"wp-image-3053\"\/><figcaption class=\"wp-element-caption\">Usos de la m\u00e1quina peladora de frijoles.<\/figcaption><\/figure> <\/div>   <h2 class=\"wp-block-heading\" id=\"h-type-1-soybean-peeling-machine\"><strong>Tipo 1: M\u00e1quina peladora de soja a la venta<\/strong><\/h2>    <p class=\"translation-block\">Esta m\u00e1quina peladora de soja es una m\u00e1quina divisoria y amasadora de soja desarrollada por el personal de investigaci\u00f3n y desarrollo t\u00e9cnico de Taizy Machinery seg\u00fan la demanda del mercado. La m\u00e1quina peladora de piel de legumbres puede pelar legumbres redondas y regulares, como la soja, las <strong>habas carillas<\/strong>, los <strong>guisantes<\/strong> y otras. Esta m\u00e1quina es f\u00e1cil de operar. <\/p>   <div class=\"wp-block-image\"> <figure class=\"aligncenter size-full\"><img loading=\"lazy\" decoding=\"async\" width=\"720\" height=\"540\" src=\"https:\/\/taizyagromachine.com\/wp-content\/uploads\/2022\/06\/soybean-peeling-machine.jpg\" alt=\"peladora de soja\" class=\"wp-image-3044\"\/><figcaption class=\"wp-element-caption\">peladora de soja<\/figcaption><\/figure> <\/div>   <p>Adem\u00e1s, se desprende limpiamente la piel, la semilla y la parte flavonoide de la hoja. Presenta menos granos rotos, buen efecto de pelado, apariencia hermosa, operaci\u00f3n conveniente, rendimiento confiable, protecci\u00f3n ambiental ecol\u00f3gica y una m\u00e1quina para usos m\u00faltiples.<\/p>    <p>Es adecuado para peque\u00f1as plantas procesadoras de frijoles o f\u00e1bricas de alimentos. Al mismo tiempo, tambi\u00e9n puede ajustar la m\u00e1quina para pelar guisantes y caup\u00ed. Soja pelada, guisantes para desodorizar y realzar el sabor de productos de soja como tofu, jugo de frijol, etc.<\/p>    <h3 class=\"wp-block-heading\" id=\"h-what-is-the-structure-of-soy-bean-skin-removing-machine\"><strong>\u00bfCu\u00e1l es la estructura de la m\u00e1quina para quitar la piel de la soja?<\/strong><\/h3>    <p>Este pelador de soja tiene la funci\u00f3n de pelar y separar los frijoles. Es multifuncional y se pela y parte. Consta de motor, ventilador, caja de distribuci\u00f3n, tolva de alimentaci\u00f3n, manija ajustable, tuber\u00eda de aire y salida. Si est\u00e1 interesado en la m\u00e1quina peladora de frijoles, no dude en contactarnos en cualquier momento.<\/p>    <h3 class=\"wp-block-heading\" id=\"h-\"><strong> <\/strong><\/h3>   <div class=\"wp-block-image\"> <figure class=\"aligncenter size-full\"><img loading=\"lazy\" decoding=\"async\" width=\"720\" height=\"540\" src=\"https:\/\/taizyagromachine.com\/wp-content\/uploads\/2022\/06\/soybean-peeler-construction.jpg\" alt=\"construcci\u00f3n de peladora de soja\" class=\"wp-image-3046\"\/><figcaption class=\"wp-element-caption\">construcci\u00f3n de peladora de soja<\/figcaption><\/figure> <\/div>   <h3 class=\"wp-block-heading\" id=\"h-how-does-bean-peeling-machine-work\"><strong>\u00bfC\u00f3mo funciona la peladora de frijoles?<\/strong><\/h3>    <p>Durante el trabajo, el material llega al pelado entre los dos discos trituradores a trav\u00e9s de la tolva a trav\u00e9s del dispositivo de transporte del cabrestante. Y el prop\u00f3sito de pelar o triturar se logra mediante la rotaci\u00f3n diferencial de los dos discos abrasivos. Despu\u00e9s del pelado de la soja, a trav\u00e9s de la c\u00e1mara de separaci\u00f3n, bajo la acci\u00f3n del viento, la parte del fruto del frijol se descarga por la salida.<\/p>    <p> La piel y el polvo residual se descargan a trav\u00e9s de la salida con aire, completando as\u00ed el proceso de pelado.<\/p>    <h3 class=\"wp-block-heading\" id=\"h-technical-specifications-of-beans-peeler\"><strong>Especificaciones t\u00e9cnicas de la peladora de frijoles<\/strong><\/h3>    <figure class=\"wp-block-table\"><table><tbody><tr><td>Modelo<\/td><td>TZ-10<\/td><\/tr><tr><td>Peso<\/td><td>&nbsp;200 kilos<\/td><\/tr><tr><td>Tama\u00f1o<\/td><td>190*140*75cm<\/td><\/tr><tr><td>Capacidad<\/td><td>300-400kg\/h<\/td><\/tr><tr><td>Fuerza<\/td><td>5,5kW +1,5kW<\/td><\/tr><\/tbody><\/table><figcaption class=\"wp-element-caption\">Par\u00e1metros del pelador de frijoles multifuncional. <\/figcaption><\/figure>    <h2 class=\"wp-block-heading\"><strong>Tipo 2: M\u00e1quina peladora de lentejas de gran venta<\/strong><\/h2>    <p>La m\u00e1quina peladora de lentejas es una investigaci\u00f3n y desarrollo independiente de una m\u00e1quina peladora de frijoles. Se puede pelar tanto con frijoles redondos como con frijoles de forma regular y plana. Con las ventajas de un buen efecto de pelado, una alta tasa de rendimiento y un rendimiento estable, es una m\u00e1quina peladora multifuncional.<\/p>   <div class=\"wp-block-image\"> <figure class=\"aligncenter size-full\"><img loading=\"lazy\" decoding=\"async\" width=\"720\" height=\"540\" src=\"https:\/\/taizyagromachine.com\/wp-content\/uploads\/2022\/06\/lentil-skin-peeling-machine.jpg\" alt=\"peladora de piel de lentejas\" class=\"wp-image-3069\"\/><figcaption class=\"wp-element-caption\">peladora de piel de lentejas<\/figcaption><\/figure> <\/div>   <p>Es adecuada para pelar diversos frijoles, como frijoles mungos, frijoles rojos, lentejas, frijoles ojo de gato, caup\u00ed, etc. Esta m\u00e1quina tiene dos funciones, como pelar y separar, que pueden eliminar eficazmente la piel y desodorizar los frijoles. Por lo tanto, es el equipo ideal para elevar la calidad de los productos de frijol, con alta tasa de pelado, calidad disponible y f\u00e1cil operaci\u00f3n.<\/p>    <h3 class=\"wp-block-heading\" id=\"h-what-constructs-the-lentil-skin-peeling-machine\"><strong>\u00bfQu\u00e9 construye la m\u00e1quina peladora de piel de lentejas?<\/strong><\/h3>    <p>En t\u00e9rminos generales, esta m\u00e1quina tiene una construcci\u00f3n clara. Est\u00e1 compuesto por tolva, barra manual de control, recolector de polvo, sala de pelado y salida. <\/p>   <div class=\"wp-block-image\"> <figure class=\"aligncenter size-full\"><img loading=\"lazy\" decoding=\"async\" width=\"720\" height=\"540\" src=\"https:\/\/taizyagromachine.com\/wp-content\/uploads\/2022\/06\/structure-of-lentil-peeler.jpg\" alt=\"estructura del pelador de lentejas\" class=\"wp-image-3048\"\/><figcaption class=\"wp-element-caption\">estructura del pelador de lentejas<\/figcaption><\/figure> <\/div>   <h3 class=\"wp-block-heading\" id=\"h-working-principle-of-industrial-beans-peeler\"><strong>Principio de funcionamiento del pelador de frijoles industrial<\/strong><\/h3>    <p>Durante la operaci\u00f3n, la m\u00e1quina peladora de frijoles utiliza un disco de diamante giratorio de alta velocidad para cortar y frotar continuamente la capa de piel. De esta manera se puede destruir la fuerza de uni\u00f3n entre la piel y la capa interna, de modo que la capa de piel se puede triturar y frotar gradualmente. <\/p>    <p>Y la piel se puede eliminar de forma m\u00e1s eficaz. A trav\u00e9s del sistema de succi\u00f3n y eliminaci\u00f3n de polvo incorporado en la m\u00e1quina, recoge la piel en el proceso de pelado para garantizar la limpieza e higiene del taller de procesamiento.<\/p>    <h3 class=\"wp-block-heading\" id=\"h-parameters-of-lentil-peeler\"><strong>Par\u00e1metros del pelador de lentejas<\/strong><\/h3>    <figure class=\"wp-block-table\"><table><tbody><tr><td>Modelo<\/td><td>T18<\/td><\/tr><tr><td>Fuerza<\/td><td>15kW<\/td><\/tr><tr><td>Capacidad<\/td><td>500kg\/hora<\/td><\/tr><tr><td>Tama\u00f1o<\/td><td>1800*1200*2150mm<\/td><\/tr><\/tbody><\/table><figcaption class=\"wp-element-caption\">Par\u00e1metros t\u00e9cnicos de la peladora de lentejas.<\/figcaption><\/figure>    <h2 class=\"wp-block-heading\"><strong>Tipo 3: Peladora comercial de habas<\/strong><\/h2>    <p>Esta m\u00e1quina peladora de habas tiene material de acero inoxidable. La m\u00e1quina peladora de habas tiene las caracter\u00edsticas de estructura compacta, operaci\u00f3n simple y pelado limpio. Las habas no necesitan remojarse ni secarse. Encienda la m\u00e1quina y luego complete un pelado una sola vez, ahorre tiempo y esfuerzo, sea conveniente, ahorre mano de obra y mejore la eficiencia del trabajo.<\/p>   <div class=\"wp-block-image\"> <figure class=\"aligncenter size-full is-resized\"><img loading=\"lazy\" decoding=\"async\" width=\"720\" height=\"540\" src=\"https:\/\/taizyagromachine.com\/wp-content\/uploads\/2022\/06\/broad-bean-peeling-machine.jpg\" alt=\"peladora de habas\" class=\"wp-image-3051\" style=\"width:720px;height:auto\"\/><figcaption class=\"wp-element-caption\">peladora de habas<\/figcaption><\/figure> <\/div>   <p>Taizy Machinery ha desarrollado una m\u00e1quina peladora para las formas irregulares de las habas. Esta m\u00e1quina peladora de frijoles multifuncional puede ser m\u00e1s adecuada para habas, habas oleaginosas, habas, semillas de c\u00e1\u00f1amo, semillas de peon\u00eda y otras jud\u00edas planas parciales para pelar, de modo que la tasa de pelado y eliminaci\u00f3n del producto sea mayor.<\/p>    <h3 class=\"wp-block-heading\" id=\"h-composition-of-broad-bean-skin-removing-machine\"><strong>Composici\u00f3n de la m\u00e1quina para quitar la piel de haba<\/strong><\/h3>    <p>La m\u00e1quina peladora de habas tiene tolva, dispositivo pelador, salida y panel de control. <\/p>   <div class=\"wp-block-image\"> <figure class=\"aligncenter size-full\"><img loading=\"lazy\" decoding=\"async\" width=\"720\" height=\"540\" src=\"https:\/\/taizyagromachine.com\/wp-content\/uploads\/2022\/06\/broad-bean-skin-remover-structure.jpg\" alt=\"estructura removedora de piel de haba\" class=\"wp-image-3052\"\/><figcaption class=\"wp-element-caption\">estructura removedora de piel de haba<\/figcaption><\/figure> <\/div>   <h3 class=\"wp-block-heading\" id=\"h-what-are-parameters-of-fava-beans-peeler\"><strong>\u00bfCu\u00e1les son los par\u00e1metros del pelador de habas Vicia?<\/strong><\/h3>    <figure class=\"wp-block-table\"><table><tbody><tr><td>Modelo<\/td><td>ZX-CD<\/td><\/tr><tr><td>Tama\u00f1o<\/td><td>1000*1150*1400mm<\/td><\/tr><tr><td>Fuerza<\/td><td>5kW<\/td><\/tr><tr><td>Capacidad<\/td><td>200 kg\/h<\/td><\/tr><tr><td>Peso<\/td><td>400<\/td><\/tr><\/tbody><\/table><figcaption class=\"wp-element-caption\">Especificaciones de la m\u00e1quina peladora de habas.<\/figcaption><\/figure>    <h2 class=\"wp-block-heading\" id=\"h-hightlights-of-bean-peeling-machine\"><strong>Aspectos destacados de la m\u00e1quina peladora de frijoles industrial<\/strong><\/h2>    <ul class=\"wp-block-list\"> <li>Con dos funciones de pelado y separaci\u00f3n, alta tasa de pelado, calidad disponible y operaci\u00f3n conveniente.<\/li>    <li>Es una m\u00e1quina peladora de frijoles de tipo combinado con peque\u00f1a potencia, \u00e1rea peque\u00f1a, alta automatizaci\u00f3n y buena calidad de productos terminados.<\/li>    <li><strong>\u00c1mbito de aplicaci\u00f3n<\/strong>: soja, haba, frijol soldado, caup\u00ed, frijol mungo, frijol negro, frijol y otros tipos de procesamiento de frijol.<\/li>    <li><strong>Rendimiento del producto<\/strong>: se puede regular seg\u00fan los requisitos del cliente.<\/li>    <li><strong>\u00cdndice de productos terminados<\/strong>: A. Contenido de arena: &lt;0,02%; B. Contenido de metal magn\u00e9tico: &lt;0,003\/kg; C. Humedad: tipo de almacenamiento &lt;15%; D. Apariencia y sabor: buen color, buen efecto de pelado, grano de frijol brillante y suave, sabor a frijol muy positivo.<\/li> <\/ul>   <div class=\"wp-block-image\"> <figure class=\"aligncenter size-full\"><img loading=\"lazy\" decoding=\"async\" width=\"720\" height=\"540\" src=\"https:\/\/taizyagromachine.com\/wp-content\/uploads\/2022\/06\/wide-applications-of-bean-peeling-machine.jpg\" alt=\"Amplias aplicaciones de la m\u00e1quina peladora de frijoles.\" class=\"wp-image-3084\"\/><figcaption class=\"wp-element-caption\">Amplias aplicaciones de la m\u00e1quina peladora de frijoles.<\/figcaption><\/figure> <\/div>   <h2 class=\"wp-block-heading\"><strong>Taizy: fabricante y proveedor profesional de m\u00e1quinas peladoras y cortadoras de frijoles<\/strong><\/h2>    <p class=\"translation-block\">Como productor y proveedor integral de maquinaria agr\u00edcola, disponemos de muchas m\u00e1quinas agr\u00edcolas, como empacadora de forraje, <a href=\"https:\/\/taizyagromachine.com\/es\/product\/maize-grits-milling-machine\/\">m\u00e1quina trituradora de ma\u00edz<\/a>, trilladora de arroz y trigo, etc. Las siguientes ventajas son absolutamente atractivas para usted:<\/p>    <ul class=\"wp-block-list\"> <li><strong>Precio competitivo de la m\u00e1quina<\/strong>: Al ser tanto fabricante como proveedor, podemos garantizar la calidad de la m\u00e1quina mientras que el precio es m\u00e1s competitivo que los precios de otros proveedores.<\/li>    <li><strong>Personalizaci\u00f3n<\/strong>: Para sus diferentes necesidades, brindamos servicios de personalizaci\u00f3n personalizados para personalizar la m\u00e1quina de acuerdo con sus necesidades espec\u00edficas. <\/li>    <li><strong>Servicio postventa<\/strong>: Un s\u00f3lido equipo de servicio posventa est\u00e1 disponible las 24 horas para brindarle un servicio integral, como instalaci\u00f3n y puesta en marcha, capacitaci\u00f3n operativa, mantenimiento, etc.<\/li> <\/ul>    <h2 class=\"wp-block-heading\"><strong>\u00a1Inicie su negocio de procesamiento de frijoles ahora!<\/strong><\/h2>    <p class=\"translation-block\">Si desea comenzar ahora su negocio de pelado de <a href=\"https:\/\/en.wikipedia.org\/wiki\/Bean\" target=\"_blank\" rel=\"noopener\">legumbres<\/a>, \u00a1cont\u00e1ctenos de inmediato! <\/p>    <p>Indique sus necesidades espec\u00edficas, como el tipo de equipo requerido, los requisitos de capacidad, la configuraci\u00f3n esperada y otras necesidades especiales y otra informaci\u00f3n. Nuestro equipo de ventas responder\u00e1 r\u00e1pidamente a su consulta y le brindar\u00e1 una cotizaci\u00f3n precisa y detallada, esperando trabajar con usted para crear una situaci\u00f3n en la que todos ganen.<\/p>","protected":false},"excerpt":{"rendered":"<p>La m\u00e1quina peladora de frijoles tiene la funci\u00f3n de pelar y dividir varios frijoles, como soja, lentejas, guisantes de ojo negro, guisantes, habas, etc. Presentamos informaci\u00f3n sobre tres tipos de m\u00e1quinas peladoras de soja, incluidos los par\u00e1metros y las ventajas de nuestra empresa para ayudar. Ser\u00e1 mejor que comiences tu negocio de pelado de soja.<\/p>","protected":false},"author":1,"featured_media":3043,"parent":0,"template":"","tags":[185,181,177,178,184,182,179,180],"product-type":[22],"class_list":["post-3038","product","type-product","status-publish","has-post-thumbnail","hentry","tag-bean-peeler","tag-bean-peeling-equipment","tag-bean-peeling-machine","tag-beans","tag-broad-bean-peeling-machine","tag-lentil-peeling-machine","tag-soybean-peeling-machine","tag-soybean-skin-removing-machine","product-type-others"],"_links":{"self":[{"href":"https:\/\/taizyagromachine.com\/es\/wp-json\/wp\/v2\/product\/3038","targetHints":{"allow":["GET"]}}],"collection":[{"href":"https:\/\/taizyagromachine.com\/es\/wp-json\/wp\/v2\/product"}],"about":[{"href":"https:\/\/taizyagromachine.com\/es\/wp-json\/wp\/v2\/types\/product"}],"author":[{"embeddable":true,"href":"https:\/\/taizyagromachine.com\/es\/wp-json\/wp\/v2\/users\/1"}],"wp:featuredmedia":[{"embeddable":true,"href":"https:\/\/taizyagromachine.com\/es\/wp-json\/wp\/v2\/media\/3043"}],"wp:attachment":[{"href":"https:\/\/taizyagromachine.com\/es\/wp-json\/wp\/v2\/media?parent=3038"}],"wp:term":[{"taxonomy":"post_tag","embeddable":true,"href":"https:\/\/taizyagromachine.com\/es\/wp-json\/wp\/v2\/tags?post=3038"},{"taxonomy":"product-type","embeddable":true,"href":"https:\/\/taizyagromachine.com\/es\/wp-json\/wp\/v2\/product-type?post=3038"}],"curies":[{"name":"wp","href":"https:\/\/api.w.org\/{rel}","templated":true}]}}