{"id":3216,"date":"2022-06-24T07:39:12","date_gmt":"2022-06-24T07:39:12","guid":{"rendered":"https:\/\/taizyagromachine.com\/?post_type=product&#038;p=3216"},"modified":"2025-01-02T13:51:50","modified_gmt":"2025-01-02T05:51:50","slug":"disk-mill-machine","status":"publish","type":"product","link":"https:\/\/taizyagromachine.com\/es\/product\/disk-mill-machine\/","title":{"rendered":"M\u00e1quina de molino de discos | Molinillo de ma\u00edz | Fresadora de ma\u00edz"},"content":{"rendered":"<p class=\"translation-block\">Esta serie de m\u00e1quinas de molino de discos funciona para triturar y moler varios materiales secos en polvo para diversos usos. Este <a href=\"https:\/\/cornmachines.com\/disk-mill-machine\/\" target=\"_blank\" rel=\"noreferrer noopener\">molino de ma\u00edz<\/a> puede usar un motor di\u00e9sel, un motor el\u00e9ctrico y un motor de gasolina. El interior de la trituradora es un compartimento de trituraci\u00f3n tipo mesa giratoria. La m\u00e1quina de molino de discos est\u00e1 equipada con dientes planos largos y cortos. La finura de los materiales triturados alcanza el almid\u00f3n. <\/p>    <p>Adem\u00e1s, la m\u00e1quina fresadora de discos puede tener dos entradas. Al utilizar este tipo de fresadora de ma\u00edz, puedes elegir la que prefieras. Adem\u00e1s, la m\u00e1quina trituradora de ma\u00edz puede equiparse con un cicl\u00f3n, que es un dispositivo recolector de polvo. Es bueno para los usuarios, para proteger su salud. Nuestras m\u00e1quinas son de buena calidad, rendimiento estable y rentabilidad. Por lo tanto, es muy popular en el pa\u00eds y en el extranjero debido a su gran viabilidad.<\/p>    <h2 class=\"wp-block-heading\" id=\"h-why-use-the-disk-mill\"><strong>\u00bfPor qu\u00e9 utilizar el molino de discos?<\/strong><\/h2>    <p>El ma\u00edz es el cultivo m\u00e1s plantado en el mundo. Entonces, hay muchas \u00e1reas donde se pueden tener callos. Y el ma\u00edz tambi\u00e9n es muy vers\u00e1til. Con este molino de discos se muelen varios granos o especias y el polvo resultante est\u00e1 listo para el siguiente paso. En el caso del ma\u00edz, por ejemplo, el polvo de ma\u00edz molido se puede utilizar como material preseleccionado para el siguiente paso de alimentaci\u00f3n y como alimento b\u00e1sico para el consumo humano. Debido a que el ma\u00edz en s\u00ed es una part\u00edcula relativamente grande antes de molerse, no se puede utilizar directamente. Despu\u00e9s de la molienda, la harina de ma\u00edz se puede utilizar para diversas actividades.<\/p>    <figure class=\"wp-block-gallery aligncenter has-nested-images columns-default is-cropped wp-block-gallery-2 is-layout-flex wp-block-gallery-is-layout-flex\"> <figure class=\"wp-block-image size-large\"><img loading=\"lazy\" decoding=\"async\" width=\"720\" height=\"540\" data-id=\"3256\" src=\"https:\/\/taizyagromachine.com\/wp-content\/uploads\/2022\/06\/corn-grinder-machine-with-double-inlets.jpg\" alt=\"maquina-trituradora-de-maiz-con-doble-entrada\" class=\"wp-image-3256\"\/><figcaption class=\"wp-element-caption\">maquina trituradora de maiz con doble entrada<\/figcaption><\/figure>    <figure class=\"wp-block-image size-large\"><img loading=\"lazy\" decoding=\"async\" width=\"720\" height=\"540\" data-id=\"3255\" src=\"https:\/\/taizyagromachine.com\/wp-content\/uploads\/2022\/06\/corn-milling-machine.jpg\" alt=\"fresadora-de-maiz\" class=\"wp-image-3255\"\/><figcaption class=\"wp-element-caption\">fresadora de maiz<\/figcaption><\/figure> <\/figure>    <h2 class=\"wp-block-heading\"><strong>\u00bfQui\u00e9n est\u00e1 interesado en esta m\u00e1quina fresadora de discos?<\/strong><\/h2>    <p>Este molino de discos se adapta principalmente a plantas qu\u00edmicas de tama\u00f1o mediano, plantas farmac\u00e9uticas, plantas de glutamato monos\u00f3dico, plantas de piensos, plantas de yeso en polvo, plantas de calcio metal, f\u00e1bricas de papel, plantas de soja, plantas de polvo de espinas de pescado y otras industrias. <\/p>    <p>Este producto tiene las ventajas de alto rendimiento, menos electricidad, trabajo fluido, f\u00e1cil carga y descarga, etc. Este producto tambi\u00e9n puede equiparse con un dispositivo autocebante, ventilador y descargador, lo que reduce en gran medida la intensidad de trabajo del operador. . Adem\u00e1s, las dos entradas est\u00e1n disponibles. <\/p>    <h2 class=\"wp-block-heading\"><strong>\u00bfQu\u00e9 materiales se pueden fresar?<\/strong><\/h2>    <p>La trituradora es adecuada para materiales secos y particulares. Es adecuado moler ma\u00edz, soja, sorgo, man\u00ed seco, tortas de frijoles y otros cereales diversos. <\/p>    <p class=\"translation-block\">Este tipo de m\u00e1quina de molino de discos tambi\u00e9n se usa para pimienta, especias, etc. Si tiene alguna duda, \u00a1bienvenido a <a href=\"https:\/\/taizyagromachine.com\/es\/contact\/\" target=\"_blank\" rel=\"noreferrer noopener\">contactarnos<\/a> para m\u00e1s clasificaciones!<\/p>    <h2 class=\"wp-block-heading\"><strong>Composici\u00f3n del molinillo de ma\u00edz<\/strong><\/h2>    <p>En realidad, la m\u00e1quina fresadora de discos tiene una estructura muy simple. Desde la construcci\u00f3n interna, es f\u00e1cil de entender. Tiene entrada, salida, c\u00e1mara de trabajo y potencia de soporte. Entonces es muy f\u00e1cil. Tomando como ejemplo la m\u00e1quina con cicl\u00f3n, la estructura se muestra a continuaci\u00f3n. Puedes elegir el que m\u00e1s te guste entre varios tipos.<\/p>   <div class=\"wp-block-image\"> <figure class=\"aligncenter size-full\"><img loading=\"lazy\" decoding=\"async\" width=\"720\" height=\"540\" src=\"https:\/\/taizyagromachine.com\/wp-content\/uploads\/2022\/06\/disk-mill-machine-structure.jpg\" alt=\"estructura de la m\u00e1quina de molino de disco\" class=\"wp-image-3253\"\/><figcaption class=\"wp-element-caption\">estructura de la m\u00e1quina de molino de disco<\/figcaption><\/figure> <\/div>   <h2 class=\"wp-block-heading\"><strong>Principio de funcionamiento de la m\u00e1quina fresadora de discos<\/strong><\/h2>    <p>Es un pulverizador multifuncional. Su estructura interna es de dientes, orugas y pantalla. La oruga de dientes puede triturar la materia prima hasta convertirla en polvo y la pantalla determina la finura del polvo. <\/p>    <p>La pantalla tiene 0,2 mm-8 mm. En t\u00e9rminos generales, si desea moler algunos materiales en 1 mm, se recomienda este tipo de fresadora de disco.<\/p>    <figure class=\"wp-block-gallery aligncenter has-nested-images columns-default is-cropped wp-block-gallery-3 is-layout-flex wp-block-gallery-is-layout-flex\"> <figure class=\"wp-block-image size-large\"><img loading=\"lazy\" decoding=\"async\" width=\"720\" height=\"540\" data-id=\"3254\" src=\"https:\/\/taizyagromachine.com\/wp-content\/uploads\/2022\/06\/internal-structure-tooth-claw.jpg\" alt=\"estructura interna-garra del diente\" class=\"wp-image-3254\"\/><figcaption class=\"wp-element-caption\">estructura interna-garra del diente<\/figcaption><\/figure>    <figure class=\"wp-block-image size-large\"><img loading=\"lazy\" decoding=\"async\" width=\"720\" height=\"540\" data-id=\"3252\" src=\"https:\/\/taizyagromachine.com\/wp-content\/uploads\/2022\/06\/disk-mill-machine-screens.jpg\" alt=\"Pantallas de m\u00e1quina de molino de disco\" class=\"wp-image-3252\"\/><figcaption class=\"wp-element-caption\">Pantallas de m\u00e1quina de molino de disco<\/figcaption><\/figure> <\/figure>    <h2 class=\"wp-block-heading\"><strong>Focos de la m\u00e1quina trituradora de ma\u00edz<\/strong><\/h2>    <ol class=\"wp-block-list\"> <li>Estructura compacta, apariencia hermosa, tama\u00f1o peque\u00f1o, uso liviano, confiable, f\u00e1cil mantenimiento.<\/li>    <li>Una amplia gama de aplicaciones, un alto rendimiento de trituraci\u00f3n y un buen ahorro de energ\u00eda pueden satisfacer las necesidades de los clientes.<\/li>    <li>Trituraci\u00f3n de una variedad de materiales qu\u00edmicos, pulpa de papel, procesamiento de medicinas a base de hierbas, procesamiento de yeso en polvo, pimienta y especias.<\/li>    <li>Instale el recolector de polvo, el dispositivo absorbente de polvo, sin contaminaci\u00f3n por polvo y con poco ruido.<\/li>    <li>Una variedad de tipos, hay m\u00e1s tipos para elegir, siempre hay uno adecuado para usted.<\/li>    <li>La estructura de la m\u00e1quina es racional, duradera, segura y confiable, f\u00e1cil de instalar, operaci\u00f3n conveniente y peque\u00f1o efecto antivibraci\u00f3n.<\/li> <\/ol>    <h2 class=\"wp-block-heading\"><strong>Par\u00e1metros de la fresadora de ma\u00edz<\/strong><\/h2>    <p>A partir de la siguiente informaci\u00f3n, es f\u00e1cil deducir que existen fresadoras de disco variable. Los diferentes tipos tienen diferentes configuraciones y capacidades, tambi\u00e9n diferentes precios. Cuando desee comprar este tipo de m\u00e1quina rectificadora, puede indicar sus requisitos, configuraci\u00f3n de la m\u00e1quina, capacidad de la m\u00e1quina, etc. Y luego nuestro gerente de ventas le brindar\u00e1 la mejor soluci\u00f3n para facilitar su negocio. <\/p>   <div class=\"wp-block-image\"> <figure class=\"aligncenter size-large\"><img loading=\"lazy\" decoding=\"async\" width=\"720\" height=\"540\" src=\"https:\/\/taizyagromachine.com\/wp-content\/uploads\/2022\/06\/disk-mill-parameters-1.jpg\" alt=\"\" class=\"wp-image-3228\"\/><\/figure> <\/div>  <div class=\"wp-block-image\"> <figure class=\"aligncenter size-full\"><img loading=\"lazy\" decoding=\"async\" width=\"720\" height=\"540\" src=\"https:\/\/taizyagromachine.com\/wp-content\/uploads\/2022\/06\/disk-mill-parameters-2.jpg\" alt=\"\" class=\"wp-image-3225\"\/><\/figure> <\/div>  <div class=\"wp-block-image\"> <figure class=\"aligncenter size-full\"><img loading=\"lazy\" decoding=\"async\" width=\"720\" height=\"540\" src=\"https:\/\/taizyagromachine.com\/wp-content\/uploads\/2022\/06\/disk-mill-parameters-3.jpg\" alt=\"\" class=\"wp-image-3226\"\/><\/figure> <\/div>  <div class=\"wp-block-image\"> <figure class=\"aligncenter size-large\"><img loading=\"lazy\" decoding=\"async\" width=\"720\" height=\"540\" src=\"https:\/\/taizyagromachine.com\/wp-content\/uploads\/2022\/06\/disk-mill-parameters-4.jpg\" alt=\"\" class=\"wp-image-3224\"\/><\/figure> <\/div>  <div class=\"wp-block-image\"> <figure class=\"aligncenter size-large\"><img loading=\"lazy\" decoding=\"async\" width=\"720\" height=\"540\" src=\"https:\/\/taizyagromachine.com\/wp-content\/uploads\/2022\/06\/disk-mill-parameters-5.jpg\" alt=\"\" class=\"wp-image-3223\"\/><\/figure> <\/div>  <div class=\"wp-block-image\"> <figure class=\"aligncenter size-full\"><img loading=\"lazy\" decoding=\"async\" width=\"720\" height=\"200\" src=\"https:\/\/taizyagromachine.com\/wp-content\/uploads\/2022\/06\/disk-mill-parameters-6.jpg\" alt=\"par\u00e1metros-fresa-disco-6\" class=\"wp-image-3227\"\/><figcaption class=\"wp-element-caption\">par\u00e1metros del molinillo de ma\u00edz<\/figcaption><\/figure> <\/div>   <h2 class=\"wp-block-heading\" id=\"h-how-does-the-disk-mill-machine-grind-corns\"><strong>\u00bfC\u00f3mo muele los callos la m\u00e1quina molino de discos?<\/strong><\/h2>    <figure class=\"wp-block-embed aligncenter is-type-video is-provider-youtube wp-block-embed-youtube wp-embed-aspect-16-9 wp-has-aspect-ratio\"><div class=\"wp-block-embed__wrapper\"> <iframe loading=\"lazy\" title=\"M\u00e1quina comercial de molino de ma\u00edz | M\u00e1quina de molino de discos | M\u00e1quina trituradora de ma\u00edz | Molinillo de ma\u00edz #molienda\" width=\"500\" height=\"281\" src=\"https:\/\/www.youtube.com\/embed\/GRTjkVrY2m8?feature=oembed\" frameborder=\"0\" allow=\"accelerometer; autoplay; clipboard-write; encrypted-media; gyroscope; picture-in-picture; web-share\" referrerpolicy=\"strict-origin-when-cross-origin\" allowfullscreen><\/iframe> <\/div><\/figure>    <h2 class=\"wp-block-heading\"><strong>Preguntas m\u00e1s frecuentes<\/strong><\/h2>    <div class=\"schema-faq wp-block-yoast-faq-block\"><div class=\"schema-faq-section\" id=\"faq-question-1656063952280\"><strong class=\"schema-faq-question\">P: \u00bfQu\u00e9 tal la capacidad de esta m\u00e1quina fresadora de discos?<\/strong> <p class=\"schema-faq-answer\">R: La capacidad oscila entre 50 y 2000 kg\/h. Si est\u00e1 interesado, comun\u00edquese con nosotros para obtener m\u00e1s detalles.<\/p> <\/div> <div class=\"schema-faq-section\" id=\"faq-question-1656063971666\"><strong class=\"schema-faq-question\">P: \u00bfQu\u00e9 tipo de materiales se pueden fresar?<\/strong> <p class=\"schema-faq-answer\">R: Granos, ma\u00edz, pimienta, especias, etc. Son aplicables todos los materiales secos y particulares.<\/p> <\/div> <div class=\"schema-faq-section\" id=\"faq-question-1656063982772\"><strong class=\"schema-faq-question\">P: \u00bfCu\u00e1nta finura puedo obtener?<\/strong> <p class=\"schema-faq-answer\">R: Normalmente, tenemos pantallas de 0,2 mm a 8 mm. Por supuesto, si quieres otros, como 1cm, tambi\u00e9n podemos satisfacerte. Depende de ti.<\/p> <\/div> <\/div>","protected":false},"excerpt":{"rendered":"<p>This series of disk mill machines function to grind and mill various dry materials into powder for the purpose of various usages. This corn grinder can use a diesel engine, electric motor, and gasoline engine. The inside of the crusher is a rotary table-type crushing bin. The disk mill machine is equipped with long and [&hellip;]<\/p>\n","protected":false},"author":1,"featured_media":3250,"parent":0,"template":"","tags":[134,130,132,133,131,187,129,186],"product-type":[17],"class_list":["post-3216","product","type-product","status-publish","has-post-thumbnail","hentry","tag-corn-crusher","tag-corn-grinder","tag-corn-grinder-machine","tag-corn-grinding-machine","tag-corn-milling-machine","tag-disk-mill","tag-disk-mill-machine","tag-grinding-machine","product-type-corn-machine"],"_links":{"self":[{"href":"https:\/\/taizyagromachine.com\/es\/wp-json\/wp\/v2\/product\/3216","targetHints":{"allow":["GET"]}}],"collection":[{"href":"https:\/\/taizyagromachine.com\/es\/wp-json\/wp\/v2\/product"}],"about":[{"href":"https:\/\/taizyagromachine.com\/es\/wp-json\/wp\/v2\/types\/product"}],"author":[{"embeddable":true,"href":"https:\/\/taizyagromachine.com\/es\/wp-json\/wp\/v2\/users\/1"}],"wp:featuredmedia":[{"embeddable":true,"href":"https:\/\/taizyagromachine.com\/es\/wp-json\/wp\/v2\/media\/3250"}],"wp:attachment":[{"href":"https:\/\/taizyagromachine.com\/es\/wp-json\/wp\/v2\/media?parent=3216"}],"wp:term":[{"taxonomy":"post_tag","embeddable":true,"href":"https:\/\/taizyagromachine.com\/es\/wp-json\/wp\/v2\/tags?post=3216"},{"taxonomy":"product-type","embeddable":true,"href":"https:\/\/taizyagromachine.com\/es\/wp-json\/wp\/v2\/product-type?post=3216"}],"curies":[{"name":"wp","href":"https:\/\/api.w.org\/{rel}","templated":true}]}}