{"id":3340,"date":"2022-09-13T03:47:17","date_gmt":"2022-09-13T03:47:17","guid":{"rendered":"https:\/\/taizyagromachine.com\/?post_type=product&#038;p=3340"},"modified":"2025-04-10T17:46:16","modified_gmt":"2025-04-10T09:46:16","slug":"9fq-hammer-mill-grinder","status":"publish","type":"product","link":"https:\/\/taizyagromachine.com\/es\/product\/9fq-hammer-mill-grinder\/","title":{"rendered":"Molinillo de martillo 9FQ para triturar ma\u00edz, ma\u00edz, cereales y piensos"},"content":{"rendered":"<p class=\"translation-block\">Este <strong>molino triturador de martillos<\/strong> es una trituradora multifuncional, siempre que los materiales secos, como ma\u00edz, soja, pl\u00e1ntulas de cacahuete, paja seca, etc. La salida de la m\u00e1quina var\u00eda de 100 kg por hora a 3 toneladas por hora, con una amplia gama de capacidad y adaptabilidad. <\/p>    <p>Adem\u00e1s, este molino pulverizador de martillos 9FQ puede utilizar tanto la potencia de un motor el\u00e9ctrico como de un motor di\u00e9sel. Entonces, si est\u00e1 interesado en esta m\u00e1quina, \u00a1bienvenido a contactarnos!<\/p>    <figure class=\"wp-block-embed is-type-video is-provider-youtube wp-block-embed-youtube wp-embed-aspect-16-9 wp-has-aspect-ratio\"><div class=\"wp-block-embed__wrapper\"> <iframe loading=\"lazy\" title=\"M\u00e1quina de molino de martillos 9FQ | M\u00e1quina trituradora\/fresadora de ma\u00edz | M\u00e1quina trituradora de granos de ma\u00edz #grinder\" width=\"500\" height=\"281\" src=\"https:\/\/www.youtube.com\/embed\/dN4giu5-BQk?feature=oembed\" frameborder=\"0\" allow=\"accelerometer; autoplay; clipboard-write; encrypted-media; gyroscope; picture-in-picture; web-share\" referrerpolicy=\"strict-origin-when-cross-origin\" allowfullscreen><\/iframe> <\/div><figcaption class=\"wp-element-caption\">video de trabajo del molino de martillos<\/figcaption><\/figure>    <h2 class=\"wp-block-heading\" id=\"h-hot-sale-9fq-hammer-mill-grinder\"><strong>Amoladora caliente del molino de martillo de la venta 9FQ<\/strong><\/h2>    <p>El molino de martillos Taizy a la venta contiene una variedad de tipos y var\u00eda en el tama\u00f1o de salida. Los modelos detallados se enumeran a continuaci\u00f3n para su referencia: <\/p>    <div class=\"wp-block-media-text alignwide is-stacked-on-mobile\"><figure class=\"wp-block-media-text__media\"><img loading=\"lazy\" decoding=\"async\" width=\"720\" height=\"540\" src=\"https:\/\/taizyagromachine.com\/wp-content\/uploads\/2022\/09\/hammer-mill-for-sale-9FQ-320.webp\" alt=\"molino de martillos para la venta-9FQ-320\" class=\"wp-image-3347 size-full\"\/><\/figure><div class=\"wp-block-media-text__content\"> <p class=\"translation-block\"><strong>Molino de martillos en venta-9FQ-320<\/strong><\/p>    <p>Este tipo de molinillo de ma\u00edz tiene una capacidad de 100 kg por hora y est\u00e1n disponibles tanto el motor el\u00e9ctrico como el motor di\u00e9sel. <\/p>    <p>Si desea este modelo, debe realizar el pedido al por mayor, porque este solo lo producimos en masa.<\/p> <\/div><\/div>    <div class=\"wp-block-media-text alignwide has-media-on-the-right is-stacked-on-mobile\"><div class=\"wp-block-media-text__content\"> <p class=\"translation-block\"><strong>M\u00e1quina molino de martillos-9FQ-360<\/strong><\/p>    <p>La fresadora de harina de ma\u00edz 9FQ-360 es muy popular en el mercado internacional y puede triturar ma\u00edz, pajitas y otros productos hasta convertirlos en polvo fino, como harina o alimento para animales. Tiene una capacidad de 150 kg por hora.<\/p> <\/div><figure class=\"wp-block-media-text__media\"><img loading=\"lazy\" decoding=\"async\" width=\"750\" height=\"750\" src=\"https:\/\/taizyagromachine.com\/wp-content\/uploads\/2022\/09\/hammer-mill-machine.webp\" alt=\"molino de martillos\" class=\"wp-image-3349 size-full\"\/><\/figure><\/div>    <div class=\"wp-block-media-text alignwide is-stacked-on-mobile\"><figure class=\"wp-block-media-text__media\"><img loading=\"lazy\" decoding=\"async\" width=\"720\" height=\"540\" src=\"https:\/\/taizyagromachine.com\/wp-content\/uploads\/2022\/09\/commercial-hammer-mill-crusher.webp\" alt=\"trituradora de martillo comercial\" class=\"wp-image-3352 size-full\"\/><\/figure><div class=\"wp-block-media-text__content\"> <p class=\"translation-block\"><strong>Trituradora molino de martillos comercial-9FQ-420<\/strong><\/p>    <p>El molino de martillos tiene un cicl\u00f3n de 1800 mm de altura, por supuesto, el motor di\u00e9sel tambi\u00e9n es aplicable. Tiene una capacidad de 400 kg por hora para triturar ma\u00edz y 200 kg\/h para triturar hasta convertirlo en polvo.<\/p> <\/div><\/div>    <div class=\"wp-block-media-text alignwide has-media-on-the-right is-stacked-on-mobile\"><div class=\"wp-block-media-text__content\"> <p class=\"translation-block\"><strong>Trituradora molino de martillos-9FQ-500<\/strong><\/p>    <p>En t\u00e9rminos generales, este tipo de molino de martillos para granos siempre utiliza el motor di\u00e9sel, ya que su producci\u00f3n es de 500 kg\/h. Adem\u00e1s, tambi\u00e9n utiliza el cuadro y los neum\u00e1ticos. Por eso es muy popular en la zona africana.<\/p> <\/div><figure class=\"wp-block-media-text__media\"><img loading=\"lazy\" decoding=\"async\" width=\"720\" height=\"540\" src=\"https:\/\/taizyagromachine.com\/wp-content\/uploads\/2022\/09\/Hammer-mill-crusher.webp\" alt=\"trituradora de martillo\" class=\"wp-image-3354 size-full\"\/><\/figure><\/div>    <div class=\"wp-block-media-text alignwide is-stacked-on-mobile\"><figure class=\"wp-block-media-text__media\"><img loading=\"lazy\" decoding=\"async\" width=\"720\" height=\"540\" src=\"https:\/\/taizyagromachine.com\/wp-content\/uploads\/2022\/09\/hammer-mill-feed-grinder.webp\" alt=\"molino de martillos\" class=\"wp-image-3356 size-full\"\/><\/figure><div class=\"wp-block-media-text__content\"> <p class=\"translation-block\"><strong>Molino triturador de piensos de martillos-9FQ-600<\/strong><\/p>    <p>Al elegir este tipo de molino de martillos industrial, puede elegir un motor di\u00e9sel o un motor el\u00e9ctrico. Adem\u00e1s, el cuadro y los neum\u00e1ticos tambi\u00e9n son opcionales. Su producci\u00f3n es de 1000 kg\/h.<\/p> <\/div><\/div>    <div class=\"wp-block-media-text alignwide has-media-on-the-right is-stacked-on-mobile\"><div class=\"wp-block-media-text__content\"> <p class=\"translation-block\"><strong><a href=\"https:\/\/taizyagromachine.com\/es\/product\/disk-mill-machine\/?swcfpc=1\" target=\"_blank\" rel=\"noreferrer noopener\">Trituradora de ma\u00edz<\/a>-9FQ-750<\/strong><\/p>    <p>En la imagen, podemos ver que esta m\u00e1quina trituradora de ma\u00edz comercial puede utilizar un conjunto de motor di\u00e9sel. Tiene una capacidad de 1500kg\/h.<\/p> <\/div><figure class=\"wp-block-media-text__media\"><img loading=\"lazy\" decoding=\"async\" width=\"720\" height=\"540\" src=\"https:\/\/taizyagromachine.com\/wp-content\/uploads\/2022\/09\/corn-grinder.webp\" alt=\"molinillo de ma\u00edz\" class=\"wp-image-3358 size-full\"\/><\/figure><\/div>    <div class=\"wp-block-media-text alignwide is-stacked-on-mobile\"><figure class=\"wp-block-media-text__media\"><img loading=\"lazy\" decoding=\"async\" width=\"720\" height=\"540\" src=\"https:\/\/taizyagromachine.com\/wp-content\/uploads\/2023\/12\/image.webp\" alt=\"pulverizador de molino de martillos\" class=\"wp-image-6305 size-full\"\/><\/figure><div class=\"wp-block-media-text__content\"> <p class=\"translation-block\"><strong>Pulverizador molino de martillos-9FQ-1000<\/strong><\/p>    <p>El molino de martillos para ma\u00edz 9FQ-1000 tiene una gran producci\u00f3n de 3000 kg por hora. Puede cumplir con su producci\u00f3n en masa.<\/p> <\/div><\/div>    <h2 class=\"wp-block-heading\"><strong>Par\u00e1metros t\u00e9cnicos de la trituradora de martillos multifuncional<\/strong><\/h2>    <figure class=\"wp-block-table\"><table><tbody><tr><td>Modelo<\/td><td>Potencia (kW)<\/td><td>Potencia (CV)<\/td><td>Peso (kg)<\/td><td>Capacidad (kg\/h)<\/td><td>Martillo<\/td><td>Dia de tamiz<\/td><td>Tama\u00f1o del paquete (mm)<\/td><td>&nbsp;Tama\u00f1o de instalaci\u00f3n (mm) con cicl\u00f3n y motor.&nbsp;<\/td><\/tr><tr><\/tr><tr><td>9FQ-320<\/td><td>2.2<\/td><td>5<\/td><td>50<\/td><td>100<\/td><td>16 piezas<\/td><td>0,5-5mm<\/td><td>500*300*600<\/td><td>500*300*600<\/td><\/tr><tr><td>9FQ-360<\/td><td>5.5<\/td><td>8<\/td><td>120<\/td><td>150<\/td><td>24 piezas<\/td><td>0,5-5mm<\/td><td>1100*600*1200<\/td><td>1500*1000*1900<\/td><\/tr><tr><td>9FQ-420<\/td><td>11<\/td><td>15<\/td><td>200<\/td><td>300<\/td><td>24 piezas<\/td><td>1,2-3 mm<\/td><td>1200*800*1900<\/td><td>1500*1000*1900<\/td><\/tr><tr><td>9FQ-500<\/td><td>11<\/td><td>20<\/td><td>300<\/td><td>500<\/td><td>24 piezas<\/td><td>1,2-3 mm<\/td><td>1200*800*1300<\/td><td>1500*1000*1900<\/td><\/tr><tr><td>9FQ-600<\/td><td>18.5-22<\/td><td>30<\/td><td>500<\/td><td>1000<\/td><td>32 piezas<\/td><td>1,2-3 mm<\/td><td>1500*900*1500<\/td><td>2000*1100*2300<\/td><\/tr><tr><td>9FQ-750<\/td><td>22-30<\/td><td>35<\/td><td>850<\/td><td>1500<\/td><td>32 piezas<\/td><td>1,2-3 mm<\/td><td>1500*1000*1600<\/td><td>2000*1200*2300<\/td><\/tr><tr><td>9FQ-800<\/td><td>37<\/td><td>45<\/td><td>1000<\/td><td>2000<\/td><td>40 piezas<\/td><td>1,2-5 mm<\/td><td>1500*1200*1600<\/td><td>2000*1300*2300<\/td><\/tr><tr><td>9FQ-1000<\/td><td>45-55<\/td><td>75<\/td><td>1200<\/td><td>3000<\/td><td>64 piezas<\/td><td>1,2-5 mm<\/td><td>1500*1300*1800<\/td><td>2000*1400*2300<\/td><\/tr><\/tbody><\/table><figcaption class=\"wp-element-caption\">datos tecnicos del molino de martillos industrial<\/figcaption><\/figure>    <h2 class=\"wp-block-heading\"><strong>Aplicaciones del molino de martillos<\/strong><\/h2>    <p class=\"translation-block\">Debido al molino de martillos multifuncional, esta m\u00e1quina puede triturar <strong>trigo, frijoles, ma\u00edz, hierba seca, c\u00e1scaras de cacahuete, tallos secos de ma\u00edz, pl\u00e1ntulas de cacahuete, madera, especias, heno,<\/strong> <strong>mazorcas de ma\u00edz, pienso para pollos<\/strong>, etc. Si desea conocer m\u00e1s materiales que se pueden triturar, \u00a1p\u00f3ngase en contacto con nosotros de inmediato! <\/p>   <div class=\"wp-block-image\"> <figure class=\"aligncenter size-full\"><img loading=\"lazy\" decoding=\"async\" width=\"720\" height=\"540\" src=\"https:\/\/taizyagromachine.com\/wp-content\/uploads\/2022\/09\/applications-of-the-hammer-mill-grinder.webp\" alt=\"aplicaciones del molino de martillos\" class=\"wp-image-3360\"\/><figcaption class=\"wp-element-caption\">aplicaciones del molino de martillos<\/figcaption><\/figure> <\/div>   <h2 class=\"wp-block-heading\"><strong>Dise\u00f1o de estructura de molino de martillos el\u00e9ctrico<\/strong><\/h2>    <p>Su estructura es muy sencilla. La trituradora de martillos se compone de entrada, salida, cicl\u00f3n de criba y motor\/motor di\u00e9sel. Para la fuente de energ\u00eda, puedes elegir lo que quieras. <\/p>   <div class=\"wp-block-image\"> <figure class=\"aligncenter size-full\"><img loading=\"lazy\" decoding=\"async\" width=\"720\" height=\"540\" src=\"https:\/\/taizyagromachine.com\/wp-content\/uploads\/2022\/09\/electric-hammer-mill-structure.webp\" alt=\"estructura del molino de martillos electrico\" class=\"wp-image-3367\"\/><figcaption class=\"wp-element-caption\">estructura del molino de martillos electrico<\/figcaption><\/figure> <\/div>   <h2 class=\"wp-block-heading\" id=\"h-advanatges-of-the-hammer-mill-feed-grinder\"><strong>Ventajas del molino de martillos<\/strong><\/h2>    <ul class=\"wp-block-list\"> <li>Estructura simple, f\u00e1cil operaci\u00f3n y rendimiento estable.<\/li>    <li>Amplias aplicaciones, porque es la gran entrada.<\/li>    <li>Gran capacidad, desde 100kg por hora hasta 3t por hora.<\/li>    <li>El martillo es la parte principal de la estructura, diferentes capacidades tienen diferentes martillos.<\/li>    <li>La pantalla: 1 mm-3 mm, 4 cm, 5 cm. Si desea muchos molinos de martillos, podemos personalizar la pantalla y el molino de martillos para usted.<\/li> <\/ul>    <h2 class=\"wp-block-heading\" id=\"h-consumable-parts-of-the-hammer-mill-for-sale\"><strong>Piezas consumibles del molino de martillos a la venta<\/strong><\/h2>    <p>Para el molino de martillos Taizy, hay tres piezas de desgaste: correas, cribas y hojas de martillo.<\/p>    <p>Si la correa est\u00e1 floja, puede mover el motor y luego apretarla.<\/p>    <p>La pantalla y el martillo se desgastan naturalmente al cabo de un a\u00f1o, podemos proporcion\u00e1rselos de forma gratuita, pero usted (el cliente) debe pagar los gastos de mensajer\u00eda.<\/p>    <h2 class=\"wp-block-heading\"><strong>Caso exitoso de molino de martillos de grano comercial<\/strong><\/h2>    <p class=\"translation-block\"><strong>Trituradora de ma\u00edz con motor di\u00e9sel 9FQ-500 exportada a Nigeria<\/strong><\/p>    <p>El cliente nigeriano estaba trabajando en un proyecto de licitaci\u00f3n gubernamental, principalmente para necesidades locales. Desde el momento en que recibimos el proyecto, le\u00edmos y estudiamos detenidamente los requisitos de la m\u00e1quina. <\/p>    <p>Seguimos estrictamente los requisitos de la licitaci\u00f3n para proporcionar la informaci\u00f3n relevante de la m\u00e1quina, y cada art\u00edculo cumpli\u00f3 con los requisitos. Como resultado, el cliente nigeriano nos compr\u00f3 la m\u00e1quina, Taizy.<\/p>   <div class=\"wp-block-image\"> <figure class=\"aligncenter size-full\"><img loading=\"lazy\" decoding=\"async\" width=\"720\" height=\"540\" src=\"https:\/\/taizyagromachine.com\/wp-content\/uploads\/2022\/09\/loading-diesel-engine-9FQ-500.webp\" alt=\"cargando motor diesel 9FQ-500\" class=\"wp-image-3371\"\/><figcaption class=\"wp-element-caption\">cargando motor diesel 9FQ-500<\/figcaption><\/figure> <\/div>   <p class=\"translation-block\"><strong>3 tipos de molinos de martillos vendidos a Tailandia<\/strong><\/p>    <p>Taize Machinery ha vendido con \u00e9xito tres modelos de molinos de martillos de la serie 9FQ al mercado tailand\u00e9s, que son adecuados para diferentes tama\u00f1os y aplicaciones. Todos nuestros molinos de martillos de alimentaci\u00f3n han obtenido un amplio reconocimiento de los clientes tailandeses por su alta eficiencia, durabilidad y estabilidad.<\/p>    <figure class=\"wp-block-gallery aligncenter has-nested-images columns-default is-cropped wp-block-gallery-2 is-layout-flex wp-block-gallery-is-layout-flex\"> <figure class=\"wp-block-image size-large\"><img loading=\"lazy\" decoding=\"async\" width=\"720\" height=\"540\" data-id=\"6311\" src=\"https:\/\/taizyagromachine.com\/wp-content\/uploads\/2022\/09\/hammer-mill-crusher.webp\" alt=\"trituradora de martillo\" class=\"wp-image-6311\"\/><figcaption class=\"wp-element-caption\">trituradora de martillo<\/figcaption><\/figure>    <figure class=\"wp-block-image size-large\"><img loading=\"lazy\" decoding=\"async\" width=\"720\" height=\"540\" data-id=\"6310\" src=\"https:\/\/taizyagromachine.com\/wp-content\/uploads\/2022\/09\/hammer-mill-crusher-for-Thailand.webp\" alt=\"trituradora de martillo para tailandia\" class=\"wp-image-6310\"\/><figcaption class=\"wp-element-caption\">trituradora de martillo para tailandia<\/figcaption><\/figure> <\/figure>    <h2 class=\"wp-block-heading\" id=\"h-faq\"><strong>Preguntas frecuentes sobre la trituradora de molino de martillos industrial<\/strong><\/h2>   <div id=\"rank-math-faq\" class=\"rank-math-block\"> <div class=\"rank-math-list\"> <div id=\"faq-question-1667377290190\" class=\"rank-math-list-item\"> <h3 class=\"rank-math-question\"><strong>P1: \u00bfQu\u00e9 potencia est\u00e1 disponible para el molino de martillos 9FQ?<\/strong><\/h3> <div class=\"rank-math-answer\">  <p>A1: Motor de gasolina, motor el\u00e9ctrico y motor di\u00e9sel.<\/p>  <\/div> <\/div> <div id=\"faq-question-1667377295222\" class=\"rank-math-list-item\"> <h3 class=\"rank-math-question\"><strong>P2: \u00bfCu\u00e1l es la capacidad?<\/strong><\/h3> <div class=\"rank-math-answer\">  <p>A2: Su capacidad es muy grande, desde 100kg\/h hasta 3t\/h.<\/p>  <\/div> <\/div> <div id=\"faq-question-1667377303614\" class=\"rank-math-list-item\"> <h3 class=\"rank-math-question\"><strong>P3: \u00bfQu\u00e9 tan fino se puede triturar el material?<\/strong><\/h3> <div class=\"rank-math-answer\">  <p>R3: Depende de la pantalla que elijas y de la precisi\u00f3n que necesites. La pantalla mide 1 mm-3 cm, 4 cm y 5 cm. Si tiene demandas especiales, \u00a1puede contactarnos para obtener m\u00e1s detalles!<\/p>  <\/div> <\/div> <\/div> <\/div>   <h2 class=\"wp-block-heading\"><strong>\u00a1P\u00f3ngase en contacto con nosotros para conocer el precio de la fresadora de granos!<\/strong><\/h2>    <p class=\"translation-block\">Para obtener informaci\u00f3n sobre el precio de la maquinaria de molienda de <a href=\"https:\/\/en.wikipedia.org\/wiki\/Grain\" target=\"_blank\" rel=\"noopener\">granos<\/a>, \u00a1cont\u00e1ctenos ahora! Ofrecemos todo tipo de equipos de procesamiento de granos de alta calidad, y nuestro equipo profesional le proporcionar\u00e1 una cotizaci\u00f3n detallada seg\u00fan sus necesidades, y le brindar\u00e1 una introducci\u00f3n completa del producto y servicios de consultor\u00eda de compra.<\/p>    <figure class=\"wp-block-embed is-type-video is-provider-youtube wp-block-embed-youtube wp-embed-aspect-16-9 wp-has-aspect-ratio\"><div class=\"wp-block-embed__wrapper\"> <iframe loading=\"lazy\" title=\"9fq M\u00e1quina de fresado de ma\u00edz: molienda de ma\u00edz eficiente para una f\u00e1cil fabricaci\u00f3n de harina de ma\u00edz | Molino de molinillo de ma\u00edz\" width=\"500\" height=\"281\" src=\"https:\/\/www.youtube.com\/embed\/g81m6gqrChs?feature=oembed\" frameborder=\"0\" allow=\"accelerometer; autoplay; clipboard-write; encrypted-media; gyroscope; picture-in-picture; web-share\" referrerpolicy=\"strict-origin-when-cross-origin\" allowfullscreen><\/iframe> <\/div><figcaption class=\"wp-element-caption\">Video del molino de molienda de ma\u00edz<\/figcaption><\/figure>","protected":false},"excerpt":{"rendered":"<p>Hammer Mill Grinder tritura materiales secos, como ma\u00edz, soja, pl\u00e1ntulas de man\u00ed, paja seca, etc., con una capacidad de 100 kg a 3000 kg por hora. En este art\u00edculo, describimos principalmente los modelos de molino de martillos para su referencia a la hora de elegir.<\/p>","protected":false},"author":1,"featured_media":3362,"parent":0,"template":"","tags":[189,131,190],"product-type":[17],"class_list":["post-3340","product","type-product","status-publish","has-post-thumbnail","hentry","tag-corn-grits-making-machine","tag-corn-milling-machine","tag-maize-grits-milling-machine","product-type-corn-machine"],"_links":{"self":[{"href":"https:\/\/taizyagromachine.com\/es\/wp-json\/wp\/v2\/product\/3340","targetHints":{"allow":["GET"]}}],"collection":[{"href":"https:\/\/taizyagromachine.com\/es\/wp-json\/wp\/v2\/product"}],"about":[{"href":"https:\/\/taizyagromachine.com\/es\/wp-json\/wp\/v2\/types\/product"}],"author":[{"embeddable":true,"href":"https:\/\/taizyagromachine.com\/es\/wp-json\/wp\/v2\/users\/1"}],"wp:featuredmedia":[{"embeddable":true,"href":"https:\/\/taizyagromachine.com\/es\/wp-json\/wp\/v2\/media\/3362"}],"wp:attachment":[{"href":"https:\/\/taizyagromachine.com\/es\/wp-json\/wp\/v2\/media?parent=3340"}],"wp:term":[{"taxonomy":"post_tag","embeddable":true,"href":"https:\/\/taizyagromachine.com\/es\/wp-json\/wp\/v2\/tags?post=3340"},{"taxonomy":"product-type","embeddable":true,"href":"https:\/\/taizyagromachine.com\/es\/wp-json\/wp\/v2\/product-type?post=3340"}],"curies":[{"name":"wp","href":"https:\/\/api.w.org\/{rel}","templated":true}]}}