{"id":3385,"date":"2022-09-15T07:13:10","date_gmt":"2022-09-15T07:13:10","guid":{"rendered":"https:\/\/taizyagromachine.com\/?post_type=product&#038;p=3385"},"modified":"2023-12-28T17:40:18","modified_gmt":"2023-12-28T09:40:18","slug":"fresh-corn-sheller","status":"publish","type":"product","link":"https:\/\/taizyagromachine.com\/es\/product\/fresh-corn-sheller\/","title":{"rendered":"Desgranadora de ma\u00edz fresco para trillar ma\u00edz dulce"},"content":{"rendered":"<p class=\"translation-block\">La desgranadora de ma\u00edz fresco Taizy es un tipo de equipo de procesamiento de ma\u00edz utilizado para trillar ma\u00edz glutinoso, ma\u00edz fresco, ma\u00edz dulce, ma\u00edz congelado, etc. Esta desgranadora de ma\u00edz dulce tiene alta eficiencia y es f\u00e1cil de usar. Por lo tanto, esta m\u00e1quina es muy popular en el pa\u00eds y en el extranjero, y a menudo se exporta a pa\u00edses extranjeros. <\/p>    <p>Nuestra m\u00e1quina desgranadora de ma\u00edz fresco a menudo se exporta a pa\u00edses como Marruecos, Tailandia y Estados Unidos. Si est\u00e1 interesado en esta m\u00e1quina, \u00a1bienvenido a contactarnos!<\/p>    <figure class=\"wp-block-embed is-type-video is-provider-youtube wp-block-embed-youtube wp-embed-aspect-16-9 wp-has-aspect-ratio\"><div class=\"wp-block-embed__wrapper\"> <iframe loading=\"lazy\" title=\"2022 M\u00e1quina trilladora de ma\u00edz dulce | M\u00e1quina desgranadora de ma\u00edz fresco para uso comercial y dom\u00e9stico #sweetcorn\" width=\"500\" height=\"281\" src=\"https:\/\/www.youtube.com\/embed\/22IhEMWITb8?start=5&#038;feature=oembed\" frameborder=\"0\" allow=\"accelerometer; autoplay; clipboard-write; encrypted-media; gyroscope; picture-in-picture; web-share\" referrerpolicy=\"strict-origin-when-cross-origin\" allowfullscreen><\/iframe> <\/div><figcaption class=\"wp-element-caption\">Video de trabajo de la trilladora Mazie de ma\u00edz dulce.<\/figcaption><\/figure>    <h2 class=\"wp-block-heading\"><strong>Tipos de m\u00e1quina desgranadora de ma\u00edz fresco a la venta<\/strong><\/h2>    <p> Para la trilladora de ma\u00edz dulce, disponemos de dos tipos seg\u00fan la disponibilidad de la cinta transportadora: SL-268 y SL-368.<\/p>    <figure class=\"wp-block-gallery aligncenter has-nested-images columns-default is-cropped wp-block-gallery-2 is-layout-flex wp-block-gallery-is-layout-flex\"> <figure class=\"wp-block-image size-large\"><img loading=\"lazy\" decoding=\"async\" width=\"540\" height=\"720\" data-id=\"3395\" src=\"https:\/\/taizyagromachine.com\/wp-content\/uploads\/2022\/09\/SL-268-sweet-corn-sheller.webp\" alt=\"SL-268-desgranadora-de-maiz-dulce\" class=\"wp-image-3395\"\/><figcaption class=\"wp-element-caption\">Desgranadora de ma\u00edz dulce SL-268<\/figcaption><\/figure>    <figure class=\"wp-block-image size-large\"><img loading=\"lazy\" decoding=\"async\" width=\"540\" height=\"720\" data-id=\"3396\" src=\"https:\/\/taizyagromachine.com\/wp-content\/uploads\/2022\/09\/SL-368-fresh-corn-thresher.webp\" alt=\"SL-368-trilladora-de-maiz-fresco\" class=\"wp-image-3396\"\/><figcaption class=\"wp-element-caption\">Trilladora de ma\u00edz fresco SL-368<\/figcaption><\/figure> <\/figure>    <ul class=\"wp-block-list\"> <li><strong>Trilladora de ma\u00edz fresco sin cinta transportadora<\/strong>: Este tipo de m\u00e1quina generalmente requiere la alimentaci\u00f3n manual del ma\u00edz, que se trilla a trav\u00e9s del tambor giratorio interno y la estructura de dientes de p\u00faa. Es relativamente sencillo de operar y es adecuado para uso dom\u00e9stico o a peque\u00f1a escala.<\/li>    <li><strong>Desgranadora de ma\u00edz dulce y fresco con cinta transportadora<\/strong>: Este modelo est\u00e1 equipado con un sistema transportador autom\u00e1tico, que puede alimentar el ma\u00edz de manera continua y eficiente al \u00e1rea de trilla, mejorando en gran medida la eficiencia del trabajo. Adecuado para la producci\u00f3n agr\u00edcola a gran escala o el procesamiento comercial, puede reducir la intensidad del trabajo manual y mejorar la productividad.<\/li> <\/ul>    <figure class=\"wp-block-embed is-type-video is-provider-youtube wp-block-embed-youtube wp-embed-aspect-16-9 wp-has-aspect-ratio\"><div class=\"wp-block-embed__wrapper\"> <iframe loading=\"lazy\" title=\"\u00a1Trilla eficiente! Trilladora de ma\u00edz dulce y fresco | M\u00e1quina descascaradora de ma\u00edz fresco\" width=\"500\" height=\"281\" src=\"https:\/\/www.youtube.com\/embed\/DJhhB9xqRE0?feature=oembed\" frameborder=\"0\" allow=\"accelerometer; autoplay; clipboard-write; encrypted-media; gyroscope; picture-in-picture; web-share\" referrerpolicy=\"strict-origin-when-cross-origin\" allowfullscreen><\/iframe> <\/div><figcaption class=\"wp-element-caption\">Video de trabajo de desgranadora de ma\u00edz fresco con cinta transportadora. <\/figcaption><\/figure>    <p>Independientemente del tipo, la trilladora de ma\u00edz fresco puede separar eficazmente los granos de las mazorcas para su posterior procesamiento y almacenamiento.<\/p>    <h2 class=\"wp-block-heading\" id=\"h-technical-parameters-of-the-fresh-sweet-corn-sheller\"><strong>Par\u00e1metros t\u00e9cnicos de la desgranadora de ma\u00edz dulce fresco<\/strong><\/h2>    <figure class=\"wp-block-table\"><table><tbody><tr><td>Modelo<\/td><td>TZ-268<\/td><td>TZ-368<\/td><\/tr><tr><td>Fuerza<\/td><td>1,0kW<\/td><td>0,4kW + 0,75kW+0,25kW<\/td><\/tr><tr><td>Capacidad<\/td><td>400-500kg\/h<\/td><td>400-500kg\/h<\/td><\/tr><tr><td>Peso<\/td><td>100 kilos<\/td><td>110 kilos<\/td><\/tr><tr><td>Tama\u00f1o<\/td><td>700 (largo) \u00d7 620 (ancho) \u00d7 1250 (alto) mm<\/td><td>1320 (largo) x 620 (ancho) x 1250 (alto) mm<\/td><\/tr><tr><td>Voltaje<\/td><td>220 V, monof\u00e1sico, 50 Hz<\/td><td>240 V, monof\u00e1sico, 60 Hz<\/td><\/tr><\/tbody><\/table><figcaption class=\"wp-element-caption\">Par\u00e1metros t\u00e9cnicos de la trilladora de ma\u00edz dulce fresco.<\/figcaption><\/figure>    <h2 class=\"wp-block-heading\"><strong>Aplicaciones de la m\u00e1quina descascaradora de ma\u00edz fresco<\/strong><\/h2>    <p class=\"translation-block\">Tipos de ma\u00edz: la m\u00e1quina desgranadora de ma\u00edz dulce puede trillar ma\u00edz dulce, ma\u00edz fresco, ma\u00edz frutal, ma\u00edz congelado, etc.<\/p>    <p class=\"translation-block\">Empresas fabriles aplicables: cocina central, semillas de ma\u00edz enlatadas, jugo de pulpa de ma\u00edz congelado r\u00e1pido, f\u00e1brica de semillas de ma\u00edz, procesamiento de alimentos secos, procesamiento de subproductos agr\u00edcolas, etc.<\/p>    <h2 class=\"wp-block-heading\"><strong>Pasos de trabajo de la trilladora de ma\u00edz fresco<\/strong><\/h2>    <div class=\"wp-block-media-text alignwide is-stacked-on-mobile\"><figure class=\"wp-block-media-text__media\"><img loading=\"lazy\" decoding=\"async\" width=\"720\" height=\"540\" src=\"https:\/\/taizyagromachine.com\/wp-content\/uploads\/2022\/09\/feeding-system.webp\" alt=\"sistema de alimentaci\u00f3n\" class=\"wp-image-3407 size-full\"\/><\/figure><div class=\"wp-block-media-text__content\"> <p class=\"translation-block\">Sistema de alimentaci\u00f3n<\/p> <\/div><\/div>    <div class=\"wp-block-media-text alignwide has-media-on-the-right is-stacked-on-mobile\"><div class=\"wp-block-media-text__content\"> <p class=\"translation-block\">La parte central de la desgranadora de ma\u00edz dulce<\/p> <\/div><figure class=\"wp-block-media-text__media\"><img loading=\"lazy\" decoding=\"async\" width=\"540\" height=\"540\" src=\"https:\/\/taizyagromachine.com\/wp-content\/uploads\/2022\/09\/corn-part-of-the-sweet-corn-thresher.webp\" alt=\"parte del ma\u00edz de la trilladora de ma\u00edz dulce\" class=\"wp-image-3419 size-full\"\/><\/figure><\/div>    <div class=\"wp-block-media-text alignwide is-stacked-on-mobile\"><figure class=\"wp-block-media-text__media\"><img loading=\"lazy\" decoding=\"async\" width=\"540\" height=\"540\" src=\"https:\/\/taizyagromachine.com\/wp-content\/uploads\/2022\/09\/corn-seeds-and-corn-cob-separation.webp\" alt=\"separaci\u00f3n de semillas de ma\u00edz y mazorcas de ma\u00edz\" class=\"wp-image-3421 size-full\"\/><\/figure><div class=\"wp-block-media-text__content\"> <p class=\"translation-block\">Separaci\u00f3n de semillas de ma\u00edz y mazorcas de ma\u00edz<\/p> <\/div><\/div>    <div class=\"wp-block-media-text alignwide has-media-on-the-right is-stacked-on-mobile\"><div class=\"wp-block-media-text__content\"> <p class=\"translation-block\">Descarga de mazorcas de ma\u00edz<\/p> <\/div><figure class=\"wp-block-media-text__media\"><img loading=\"lazy\" decoding=\"async\" width=\"540\" height=\"540\" src=\"https:\/\/taizyagromachine.com\/wp-content\/uploads\/2022\/09\/corn-cob-discharge.webp\" alt=\"descarga de mazorca de ma\u00edz\" class=\"wp-image-3423 size-full\"\/><\/figure><\/div>    <h2 class=\"wp-block-heading\"><strong>Accesorios de la Desgranadora de Ma\u00edz Dulce<\/strong><\/h2>    <div class=\"wp-block-media-text alignwide is-stacked-on-mobile\"><figure class=\"wp-block-media-text__media\"><img loading=\"lazy\" decoding=\"async\" width=\"610\" height=\"540\" src=\"https:\/\/taizyagromachine.com\/wp-content\/uploads\/2022\/09\/plate-and-blades.webp\" alt=\"placa y cuchillas\" class=\"wp-image-3425 size-full\"\/><\/figure><div class=\"wp-block-media-text__content\"> <p class=\"translation-block\">Placa y cuchillas<\/p>    <p>Estos son los accesorios de la desgranadora de ma\u00edz fresco. Si quieres m\u00e1s como opci\u00f3n, d\u00ednoslo directamente.<\/p> <\/div><\/div>    <h2 class=\"wp-block-heading\"><strong>Taizy Machinery: fabricante acreditado de desgranadora de ma\u00edz fresco<\/strong><\/h2>    <p class=\"translation-block\">Como fabricante y proveedor profesional de maquinaria agr\u00edcola, contamos con una amplia gama de maquinaria agr\u00edcola en Taizy. No solo hay trilladoras de ma\u00edz fresco, sembradoras de ma\u00edz y cosechadoras de ma\u00edz, sino tambi\u00e9n m\u00e1quinas relacionadas para cacahuetes, m\u00e1quinas para ensilaje, etc. Tenemos las siguientes ventajas:<\/p>    <ul class=\"wp-block-list\"> <li><strong>Productos de alta calidad<\/strong>: Taizy Machinery se centra en la calidad del producto y controla estrictamente el proceso de producci\u00f3n para garantizar la durabilidad y la estabilidad del rendimiento del equipo. Los clientes conf\u00edan en sus productos por su excelente proceso de fabricaci\u00f3n, alta eficiencia y larga vida \u00fatil.<\/li>    <li><strong>Servicio personalizado<\/strong>: Para las necesidades espec\u00edficas de diferentes clientes, Taize Machinery brinda soluciones personalizadas, desde la selecci\u00f3n, dise\u00f1o y fabricaci\u00f3n de equipos hasta la instalaci\u00f3n y puesta en servicio, brindando a los clientes servicios profesionales durante todo el proceso.<\/li>    <li><strong>Servicio postventa integral<\/strong>: Damos gran importancia al servicio postventa, brindando una gama completa de servicios, incluido mantenimiento de equipos, soporte t\u00e9cnico y suministro de piezas, para garantizar que los problemas encontrados por los clientes en el proceso de uso puedan resolverse con prontitud.<\/li>    <li><strong>Credibilidad y experiencia<\/strong>: Con a\u00f1os de experiencia en la industria y buena reputaci\u00f3n en el mercado, Taize Machinery ha establecido una base de clientes estable y una amplia red comercial, que se ha ganado la confianza y los elogios de nuestros clientes.<\/li> <\/ul>    <h2 class=\"wp-block-heading\"><strong>Casos globales de trilladora de ma\u00edz dulce fresco <\/strong><\/h2>    <p class=\"translation-block\">Trilladora de ma\u00edz dulce vendida a Marruecos<\/p>    <p>Este cliente marroqu\u00ed ten\u00eda una gran cantidad de ma\u00edz dulce glutinoso que necesitaba ser trillado y procesado para el siguiente paso del proceso del ma\u00edz. Cuando encontr\u00f3 nuestra desgranadora de ma\u00edz fresco en l\u00ednea, nos envi\u00f3 una consulta. <\/p>    <p>Nuestro gerente de ventas profesional le present\u00f3 dos de nuestras m\u00e1quinas. Despu\u00e9s de leer la informaci\u00f3n, el cliente marroqu\u00ed se interes\u00f3 por la m\u00e1quina que ahorra m\u00e1s trabajo, la SL-368, y vio el v\u00eddeo de funcionamiento de la m\u00e1quina. Finalmente, hizo el pedido. Empaquetamos la m\u00e1quina y la entregamos en su puerto.<\/p>   <div class=\"wp-block-image\"> <figure class=\"aligncenter size-full\"><img loading=\"lazy\" decoding=\"async\" width=\"720\" height=\"540\" src=\"https:\/\/taizyagromachine.com\/wp-content\/uploads\/2022\/09\/sweet-corn-sheller-machine-package.webp\" alt=\"Paquete de m\u00e1quina desgranadora de ma\u00edz dulce\" class=\"wp-image-3401\"\/><figcaption class=\"wp-element-caption\">Paquete de m\u00e1quina desgranadora de ma\u00edz dulce<\/figcaption><\/figure> <\/div>   <p class=\"translation-block\">Desgranadora de ma\u00edz fresco en venta para Egipto<\/p>    <p>En el mercado egipcio, nuestra m\u00e1quina trilladora industrial de ma\u00edz fresco ha ganado gran reconocimiento por su excelente rendimiento y adaptabilidad. Dise\u00f1ada espec\u00edficamente para ma\u00edz fresco, esta m\u00e1quina es capaz de realizar de manera eficiente el descascarado y la trilla de una amplia gama de variedades de ma\u00edz, incluido el ma\u00edz glutinoso. Simple de operar y f\u00e1cil de mantener, asegura un proceso r\u00e1pido y limpio manteniendo la integridad del grano de ma\u00edz. <\/p>    <figure class=\"wp-block-gallery aligncenter has-nested-images columns-default is-cropped wp-block-gallery-3 is-layout-flex wp-block-gallery-is-layout-flex\"> <figure class=\"wp-block-image size-large\"><img loading=\"lazy\" decoding=\"async\" width=\"540\" height=\"720\" data-id=\"6277\" src=\"https:\/\/taizyagromachine.com\/wp-content\/uploads\/2022\/09\/fresh-corn-sheller-with-conveyor-belt.webp\" alt=\"Desgranadora de ma\u00edz fresco con cinta transportadora\" class=\"wp-image-6277\"\/><figcaption class=\"wp-element-caption\">Desgranadora de ma\u00edz fresco con cinta transportadora<\/figcaption><\/figure>    <figure class=\"wp-block-image size-large\"><img loading=\"lazy\" decoding=\"async\" width=\"540\" height=\"720\" data-id=\"6279\" src=\"https:\/\/taizyagromachine.com\/wp-content\/uploads\/2022\/09\/sweet-corn-shelling-machine-for-sale.webp\" alt=\"M\u00e1quina descascaradora de ma\u00edz dulce a la venta\" class=\"wp-image-6279\"\/><figcaption class=\"wp-element-caption\">M\u00e1quina descascaradora de ma\u00edz dulce a la venta<\/figcaption><\/figure>    <figure class=\"wp-block-image size-large\"><img loading=\"lazy\" decoding=\"async\" width=\"540\" height=\"720\" data-id=\"6278\" src=\"https:\/\/taizyagromachine.com\/wp-content\/uploads\/2022\/09\/package-sweet-fresh-corn-sheller-and-threser.webp\" alt=\"paquete de desgranadora y trilladora de ma\u00edz fresco dulce\" class=\"wp-image-6278\"\/><figcaption class=\"wp-element-caption\">paquete de desgranadora y trilladora de ma\u00edz fresco dulce<\/figcaption><\/figure> <\/figure>    <h2 class=\"wp-block-heading\" id=\"h-faq\"><strong>Preguntas frecuentes sobre la m\u00e1quina peladora de ma\u00edz dulce y fresco<\/strong><\/h2>   <div id=\"rank-math-faq\" class=\"rank-math-block\"> <div class=\"rank-math-list\"> <div id=\"faq-question-1663828057565\" class=\"rank-math-list-item\"> <h3 class=\"rank-math-question\"><strong>P1: \u00bfCu\u00e1les son los materiales de la m\u00e1quina desgranadora de ma\u00edz fresco?<\/strong><\/h3> <div class=\"rank-math-answer\">  <p class=\"translation-block\">R1: Material de acero inoxidable SUS304.<\/p>  <\/div> <\/div> <div id=\"faq-question-1663828063454\" class=\"rank-math-list-item\"> <h3 class=\"rank-math-question\"><strong>P2: \u00bfQu\u00e9 tipo de ma\u00edz es adecuado para trillar esta m\u00e1quina?<\/strong><\/h3> <div class=\"rank-math-answer\">  <p>A2: Ma\u00edz dulce, ma\u00edz glutinoso, ma\u00edz fresco, ma\u00edz frutal, ma\u00edz congelado, etc.<\/p>  <\/div> <\/div> <div id=\"faq-question-1663828088495\" class=\"rank-math-list-item\"> <h3 class=\"rank-math-question\"><strong>P3: \u00bfQu\u00e9 tal la garant\u00eda de calidad?<\/strong><\/h3> <div class=\"rank-math-answer\">  <p>A3: Per\u00edodo de un a\u00f1o. Somos responsables de los fallos causados \u200b\u200bpor la m\u00e1quina y la calidad. Si otros fallos de funcionamiento son causados \u200b\u200bpor errores de funcionamiento, problemas provocados por el hombre, etc., usted, el cliente, debe ser responsable.<\/p>  <\/div> <\/div> <\/div> <\/div>   <h2 class=\"wp-block-heading\"><strong>\u00a1Cont\u00e1ctenos para obtener detalles y precios de la m\u00e1quina trilladora de ma\u00edz dulce fresco!<\/strong><\/h2>    <p class=\"translation-block\">Si est\u00e1 buscando una desgranadora de ma\u00edz fresco eficiente y confiable para mejorar su <a href=\"https:\/\/en.wikipedia.org\/wiki\/Sweet_corn\" target=\"_blank\" rel=\"noopener\">eficiencia de procesamiento de ma\u00edz fresco<\/a>, lo invitamos a contactarnos. Nuestra gama de desgranadoras de ma\u00edz dulce incluye modelos para satisfacer una variedad de necesidades, ya sea una peque\u00f1a operaci\u00f3n agr\u00edcola familiar o una gran producci\u00f3n comercial, tenemos una soluci\u00f3n para usted.<\/p>","protected":false},"excerpt":{"rendered":"<p>Nuestra desgranadora de ma\u00edz fresco es una m\u00e1quina para trillar varios tipos de ma\u00edz pegajoso, existen dos tipos: SL-268 y SL-368. En este art\u00edculo describimos los tipos de m\u00e1quinas, par\u00e1metros, casos de \u00e9xito, nuestras ventajas, etc. para su referencia y elecci\u00f3n.<\/p>","protected":false},"author":1,"featured_media":3388,"parent":0,"template":"","tags":[191,193,192,194],"product-type":[17],"class_list":["post-3385","product","type-product","status-publish","has-post-thumbnail","hentry","tag-corn-sheller","tag-fresh-corn-sheller","tag-maize-thresher","tag-sweet-corn-thresher","product-type-corn-machine"],"_links":{"self":[{"href":"https:\/\/taizyagromachine.com\/es\/wp-json\/wp\/v2\/product\/3385","targetHints":{"allow":["GET"]}}],"collection":[{"href":"https:\/\/taizyagromachine.com\/es\/wp-json\/wp\/v2\/product"}],"about":[{"href":"https:\/\/taizyagromachine.com\/es\/wp-json\/wp\/v2\/types\/product"}],"author":[{"embeddable":true,"href":"https:\/\/taizyagromachine.com\/es\/wp-json\/wp\/v2\/users\/1"}],"wp:featuredmedia":[{"embeddable":true,"href":"https:\/\/taizyagromachine.com\/es\/wp-json\/wp\/v2\/media\/3388"}],"wp:attachment":[{"href":"https:\/\/taizyagromachine.com\/es\/wp-json\/wp\/v2\/media?parent=3385"}],"wp:term":[{"taxonomy":"post_tag","embeddable":true,"href":"https:\/\/taizyagromachine.com\/es\/wp-json\/wp\/v2\/tags?post=3385"},{"taxonomy":"product-type","embeddable":true,"href":"https:\/\/taizyagromachine.com\/es\/wp-json\/wp\/v2\/product-type?post=3385"}],"curies":[{"name":"wp","href":"https:\/\/api.w.org\/{rel}","templated":true}]}}