{"id":3454,"date":"2022-09-21T08:14:33","date_gmt":"2022-09-21T08:14:33","guid":{"rendered":"https:\/\/taizyagromachine.com\/?post_type=product&#038;p=3454"},"modified":"2025-05-20T14:03:14","modified_gmt":"2025-05-20T06:03:14","slug":"corn-cleaning-machine","status":"publish","type":"product","link":"https:\/\/taizyagromachine.com\/es\/product\/corn-cleaning-machine\/","title":{"rendered":"M\u00e1quina de limpieza de ma\u00edz"},"content":{"rendered":"<p>La m\u00e1quina limpiadora de ma\u00edz limpia principalmente los granos de ma\u00edz despu\u00e9s de la trilla, lo que puede eliminar las impurezas en el ma\u00edz y obtener una semilla de ma\u00edz m\u00e1s limpia. La limpiadora de ma\u00edz Taizy tiene las ventajas de una operaci\u00f3n simple, f\u00e1cil uso y alta eficiencia. Este limpiador de ma\u00edz puede eliminar arena, peque\u00f1as piedras, mazorcas de ma\u00edz, etc. para obtener semillas de ma\u00edz limpias. As\u00ed, puedes almacenar el ma\u00edz por m\u00e1s tiempo. As\u00ed que, si est\u00e1s interesado, \u00a1ponte en contacto con nosotros de inmediato!<\/p>    <figure class=\"wp-block-embed is-type-video is-provider-youtube wp-block-embed-youtube wp-embed-aspect-16-9 wp-has-aspect-ratio\"><div class=\"wp-block-embed__wrapper\"> <iframe loading=\"lazy\" title=\"M\u00e1quina de limpieza de ma\u00edz eficiente para el procesamiento de ma\u00edz | Limpiador de ma\u00edz utilizado en la limpieza de pantallas de grano\" width=\"500\" height=\"281\" src=\"https:\/\/www.youtube.com\/embed\/y8_33pFPUaI?feature=oembed\" frameborder=\"0\" allow=\"accelerometer; autoplay; clipboard-write; encrypted-media; gyroscope; picture-in-picture; web-share\" referrerpolicy=\"strict-origin-when-cross-origin\" allowfullscreen><\/iframe> <\/div><figcaption class=\"wp-element-caption\">video de m\u00e1quina limpiadora de ma\u00edz<\/figcaption><\/figure>    <h2 class=\"wp-block-heading\"><strong>Estructura del equipo de limpieza de ma\u00edz<\/strong><\/h2>    <p>En realidad, esta m\u00e1quina limpiadora de ma\u00edz tiene una estructura muy simple. Su composici\u00f3n tiene entrada de ma\u00edz, salida de ma\u00edz, salida de impurezas, salida de arena, salida de piedras, ventilador, motor y correa. A partir de esto, podr\u00e1 comprender f\u00e1cilmente la m\u00e1quina y utilizarla bien y r\u00e1pidamente. <\/p>    <figure class=\"wp-block-gallery aligncenter has-nested-images columns-default is-cropped wp-block-gallery-2 is-layout-flex wp-block-gallery-is-layout-flex\"> <figure class=\"wp-block-image size-full\"><img loading=\"lazy\" decoding=\"async\" width=\"720\" height=\"540\" data-id=\"3464\" src=\"https:\/\/taizyagromachine.com\/wp-content\/uploads\/2022\/09\/structure-of-the-maize-cleaner.webp\" alt=\"estructura-del-limpiador-de-maiz\" class=\"wp-image-3464\"\/><figcaption class=\"wp-element-caption\">estructura del limpiador de ma\u00edz<\/figcaption><\/figure>    <figure class=\"wp-block-image size-full\"><img loading=\"lazy\" decoding=\"async\" width=\"720\" height=\"540\" data-id=\"3463\" src=\"https:\/\/taizyagromachine.com\/wp-content\/uploads\/2022\/09\/structure-of-the-corn-cleaner.webp\" alt=\"estructura-del-limpiador-de-maiz\" class=\"wp-image-3463\"\/><figcaption class=\"wp-element-caption\">estructura del limpiador de ma\u00edz<\/figcaption><\/figure> <\/figure>    <h2 class=\"wp-block-heading\"><strong>Ventajas del limpiador de ma\u00edz<\/strong><\/h2>    <ol class=\"wp-block-list\"> <li>Estructura simple, f\u00e1cil uso y buena calidad.<\/li>    <li>Rendimiento estable, excelente calidad y larga vida \u00fatil.<\/li>    <li>Ligero y de peque\u00f1o volumen. <\/li>    <li>Bajo consumo de energ\u00eda, ahorro de energ\u00eda.<\/li>    <li>Hermosa apariencia, combinaci\u00f3n fuerte.<\/li>    <li>Alto grado de automatizaci\u00f3n.<\/li>    <li>Una marca famosa, la m\u00e1quina limpiadora de ma\u00edz es producida por Taizy Machinery.<\/li> <\/ol>    <h2 class=\"wp-block-heading\"><strong>Caso exitoso: Limpiador de ma\u00edz de 400 a 600 kg exportado a Angola<\/strong><\/h2>    <p class=\"translation-block\">El cliente de Angola quer\u00eda limpiar el ma\u00edz para garantizar la calidad de los granos, ya sea para la venta o para el almacenamiento. Por lo tanto, cuando vio que vend\u00edamos las <a href=\"https:\/\/taizyagromachine.com\/es\/product\/corn-machine\/\" target=\"_blank\" rel=\"noreferrer noopener\">m\u00e1quinas para ma\u00edz<\/a> pertinentes, pregunt\u00f3 si ten\u00edamos dichas m\u00e1quinas. Sabemos que despu\u00e9s de desgranar el ma\u00edz con la <a href=\"https:\/\/taizyagromachine.com\/es\/product\/maize-thresher\/\" target=\"_blank\" rel=\"noreferrer noopener\">desgranadora de ma\u00edz<\/a>, todav\u00eda quedan diversas impurezas en el ma\u00edz (como pelusas de ma\u00edz, mazorcas de ma\u00edz, piedrecillas, etc.). Por lo tanto, el ma\u00edz necesita ser limpiado adicionalmente. Nuestro gerente de ventas le recomend\u00f3 esta m\u00e1quina limpiadora de ma\u00edz, envi\u00e1ndole informaci\u00f3n sobre la m\u00e1quina (par\u00e1metros, fotos, video de trabajo, configuraci\u00f3n, etc.). El cliente angole\u00f1o qued\u00f3 satisfecho con la m\u00e1quina y realiz\u00f3 un pedido de inmediato.<\/p>   <div class=\"wp-block-image\"> <figure class=\"aligncenter size-full\"><img loading=\"lazy\" decoding=\"async\" width=\"720\" height=\"540\" src=\"https:\/\/taizyagromachine.com\/wp-content\/uploads\/2022\/09\/corn-cleaning-equipment.webp\" alt=\"equipo de limpieza de ma\u00edz\" class=\"wp-image-3477\"\/><figcaption class=\"wp-element-caption\">equipo de limpieza de ma\u00edz<\/figcaption><\/figure> <\/div>   <h2 class=\"wp-block-heading\"><strong>Par\u00e1metros del limpiador de granos de ma\u00edz<\/strong><\/h2>    <figure class=\"wp-block-table\"><table><tbody><tr><td>Modelo<\/td><td>TY-57<\/td><td>TY-100<\/td><\/tr><tr><td>Capacidad<\/td><td>400-600 kilos<\/td><td>800-1200kg<\/td><\/tr><tr><td>Poder de apoyo<\/td><td>3kW<\/td><td>4kW<\/td><\/tr><tr><td>Tama\u00f1o (largo x ancho x alto)<\/td><td>1,7*0,8*2,9 m<\/td><td>1,9*1*3m<\/td><\/tr><tr><td>Peso<\/td><td>300 kilos<\/td><td>\/<\/td><\/tr><\/tbody><\/table><\/figure>    <h2 class=\"wp-block-heading\"><strong>Preguntas frecuentes sobre el limpiador de ma\u00edz<\/strong><\/h2>   <div id=\"rank-math-faq\" class=\"rank-math-block\"> <div class=\"rank-math-list\"> <div id=\"faq-question-1663750458497\" class=\"rank-math-list-item\"> <h3 class=\"rank-math-question\">P1: \u00bfEsta m\u00e1quina limpiadora de ma\u00edz solo es adecuada para ma\u00edz?<\/h3> <div class=\"rank-math-answer\">  <p>R1: S\u00ed, lo es. Este equipo de limpieza de ma\u00edz s\u00f3lo se puede utilizar para el ma\u00edz. Si desea limpiar trigo, mijo, etc., podemos recomendarle un limpiador adecuado, cont\u00e1ctenos y d\u00edganos qu\u00e9 necesita.  <\/p>  <\/div> <\/div> <div id=\"faq-question-1663750592473\" class=\"rank-math-list-item\"> <h3 class=\"rank-math-question\">P2: \u00bfCu\u00e1l es el sistema de energ\u00eda de la m\u00e1quina?<\/h3> <div class=\"rank-math-answer\">  <p>R2: Normalmente, utilizamos el motor del limpiador de ma\u00edz a la venta.<\/p>  <\/div> <\/div> <div id=\"faq-question-1663750758008\" class=\"rank-math-list-item\"> <h3 class=\"rank-math-question\">P3: \u00bfC\u00f3mo realizar la entrega a mi destino?<\/h3> <div class=\"rank-math-answer\">  <p>A3: Generalmente, utilizamos el env\u00edo. Si tiene otras demandas, d\u00edganos. Hacemos todo lo posible para satisfacerle.<\/p>  <\/div> <\/div> <\/div> <\/div>   <h2 class=\"wp-block-heading\"><strong>Video de trabajo de la m\u00e1quina limpiadora de ma\u00edz<\/strong><\/h2>    <figure class=\"wp-block-embed is-type-video is-provider-youtube wp-block-embed-youtube wp-embed-aspect-16-9 wp-has-aspect-ratio\"><div class=\"wp-block-embed__wrapper\"> <iframe loading=\"lazy\" title=\"M\u00e1quina eficiente de limpieza de ma\u00edz | Equipo de limpieza de ma\u00edz | Limpiador de ma\u00edz de Taizy, 2022 #corn\" width=\"500\" height=\"281\" src=\"https:\/\/www.youtube.com\/embed\/M8XF9pRwodI?feature=oembed\" frameborder=\"0\" allow=\"accelerometer; autoplay; clipboard-write; encrypted-media; gyroscope; picture-in-picture; web-share\" referrerpolicy=\"strict-origin-when-cross-origin\" allowfullscreen><\/iframe> <\/div><\/figure>","protected":false},"excerpt":{"rendered":"<p>The corn cleaning machine mainly cleans the corn kernels after threshing, which can remove the impurities in the corn and get a cleaner corn seed. Taizy corn cleaner has the advantages of simple operation, easy use, and high efficiency. This maize cleaner can remove sand, small stones, corn cobs, etc. for getting clean corn seeds. [&hellip;]<\/p>\n","protected":false},"author":1,"featured_media":3455,"parent":0,"template":"","tags":[196,195],"product-type":[17],"class_list":["post-3454","product","type-product","status-publish","has-post-thumbnail","hentry","tag-corn-cleaning-machine","tag-corn-thresher","product-type-corn-machine"],"_links":{"self":[{"href":"https:\/\/taizyagromachine.com\/es\/wp-json\/wp\/v2\/product\/3454","targetHints":{"allow":["GET"]}}],"collection":[{"href":"https:\/\/taizyagromachine.com\/es\/wp-json\/wp\/v2\/product"}],"about":[{"href":"https:\/\/taizyagromachine.com\/es\/wp-json\/wp\/v2\/types\/product"}],"author":[{"embeddable":true,"href":"https:\/\/taizyagromachine.com\/es\/wp-json\/wp\/v2\/users\/1"}],"wp:featuredmedia":[{"embeddable":true,"href":"https:\/\/taizyagromachine.com\/es\/wp-json\/wp\/v2\/media\/3455"}],"wp:attachment":[{"href":"https:\/\/taizyagromachine.com\/es\/wp-json\/wp\/v2\/media?parent=3454"}],"wp:term":[{"taxonomy":"post_tag","embeddable":true,"href":"https:\/\/taizyagromachine.com\/es\/wp-json\/wp\/v2\/tags?post=3454"},{"taxonomy":"product-type","embeddable":true,"href":"https:\/\/taizyagromachine.com\/es\/wp-json\/wp\/v2\/product-type?post=3454"}],"curies":[{"name":"wp","href":"https:\/\/api.w.org\/{rel}","templated":true}]}}