{"id":3644,"date":"2022-10-11T13:50:29","date_gmt":"2022-10-11T05:50:29","guid":{"rendered":"https:\/\/taizyagromachine.com\/?post_type=product&#038;p=3644"},"modified":"2025-01-02T13:53:27","modified_gmt":"2025-01-02T05:53:27","slug":"corn-threshing-machine","status":"publish","type":"product","link":"https:\/\/taizyagromachine.com\/es\/product\/corn-threshing-machine\/","title":{"rendered":"Trilladora de ma\u00edz multifuncional"},"content":{"rendered":"<p class=\"translation-block\">La trilladora de ma\u00edz Taizy pertenece en realidad a la <a href=\"https:\/\/taizyagromachine.com\/es\/product\/multifunctional-thresher\/\" target=\"_blank\" rel=\"noreferrer noopener\">trilladora de granos multifuncional<\/a>, utilizada para descascarillar ma\u00edz, sorgo, mijo y soja. La m\u00e1quina trilladora multifuncional puede utilizar un motor el\u00e9ctrico, un motor di\u00e9sel y la TDF como sistema de potencia. Adem\u00e1s, la m\u00e1quina trilladora de ma\u00edz a la venta puede equiparse con neum\u00e1ticos grandes, lo cual es preferido por los clientes africanos. <\/p>    <p class=\"translation-block\">Adem\u00e1s, nuestra m\u00e1quina trilladora multifuncional es muy popular en el pa\u00eds y en el extranjero. Hemos exportado a muchos pa\u00edses, como Nigeria, Botsuana, Uganda, Estados Unidos, Bangladesh, <a href=\"https:\/\/taizyagromachine.com\/es\/info\/corn-sheller-machine-ghana\/\" target=\"_blank\" rel=\"noreferrer noopener\">Ghana<\/a>, etc. Si est\u00e1 interesado, \u00a1bienvenido a contactarnos para m\u00e1s detalles!<\/p>    <h2 class=\"wp-block-heading\"><strong>Tipos de trilladora de ma\u00edz <\/strong><\/h2>    <p class=\"translation-block\">Como <a href=\"https:\/\/taizyagromachine.com\/es\/about-us\/\" target=\"_blank\" rel=\"noreferrer noopener\">fabricante y proveedor profesional de trilladoras de ma\u00edz<\/a>, tenemos diferentes apariencias de m\u00e1quinas para su referencia. A continuaci\u00f3n se muestran tres tipos: respectivamente tipo com\u00fan, tipo TDF con neum\u00e1ticos grandes y tipo motor di\u00e9sel con neum\u00e1ticos grandes. Por supuesto, tambi\u00e9n puede seleccionar el motor el\u00e9ctrico como potencia. Depende de lo que prefiera. <\/p>    <figure class=\"wp-block-gallery aligncenter has-nested-images columns-default is-cropped wp-block-gallery-2 is-layout-flex wp-block-gallery-is-layout-flex\"> <figure class=\"wp-block-image size-large\"><img loading=\"lazy\" decoding=\"async\" width=\"720\" height=\"540\" data-id=\"3648\" src=\"https:\/\/taizyagromachine.com\/wp-content\/uploads\/2022\/10\/corn-thresher-for-sale.webp\" alt=\"trilladora-de-maiz en venta\" class=\"wp-image-3648\"\/><figcaption class=\"wp-element-caption\">Se vende trilladora de ma\u00edz.<\/figcaption><\/figure>    <figure class=\"wp-block-image size-large\"><img loading=\"lazy\" decoding=\"async\" width=\"720\" height=\"540\" data-id=\"3650\" src=\"https:\/\/taizyagromachine.com\/wp-content\/uploads\/2022\/10\/corn-threshing-machine-with-PTO-and-tire.webp\" alt=\"trilladora-de-maiz-con-toma-de-fuerza-y-llantas\" class=\"wp-image-3650\"\/><figcaption class=\"wp-element-caption\">trilladora de ma\u00edz con toma de fuerza y \u200b\u200bneum\u00e1tico<\/figcaption><\/figure>    <figure class=\"wp-block-image size-large\"><img loading=\"lazy\" decoding=\"async\" width=\"720\" height=\"540\" data-id=\"3649\" src=\"https:\/\/taizyagromachine.com\/wp-content\/uploads\/2022\/10\/maize-thresher-with-the-diesel-engine-and-tire-.webp\" alt=\"trilladora-de-maiz-con-motor-diesel-y-llantas\" class=\"wp-image-3649\"\/><figcaption class=\"wp-element-caption\">Trilladora de ma\u00edz con motor di\u00e9sel y neum\u00e1tico. <\/figcaption><\/figure> <\/figure>    <h2 class=\"wp-block-heading\"><strong>Aplicaciones de la trilladora de ma\u00edz multigrano 5T-1000<\/strong><\/h2>    <div class=\"wp-block-media-text alignwide is-stacked-on-mobile\"><figure class=\"wp-block-media-text__media\"><img loading=\"lazy\" decoding=\"async\" width=\"540\" height=\"600\" src=\"https:\/\/taizyagromachine.com\/wp-content\/uploads\/2022\/10\/applications-of-the-mutifunctional-thresher-machine.webp\" alt=\"Aplicaciones de la m\u00e1quina trilladora multifuncional.\" class=\"wp-image-3656 size-full\"\/><\/figure><div class=\"wp-block-media-text__content\"> <p>Debido a sus funciones m\u00faltiples, este tipo de trilladora de ma\u00edz se utiliza principalmente para ma\u00edz, sorgo, mijo y soja. Adem\u00e1s, sirve para trillar habas, mijo perla, arroz, trigo, garbanzos, etc. <\/p> <\/div><\/div>    <h2 class=\"wp-block-heading\"><strong>Estructura de la <a href=\"https:\/\/cornmachines.com\/multifunctional-thresher-machine\/\" target=\"_blank\" rel=\"noreferrer noopener\">Trilladora de ma\u00edz multifuncional a la venta<\/a><\/strong><\/h2>    <p>Su estructura es muy clara en la imagen de abajo. La m\u00e1quina trilladora de ma\u00edz est\u00e1 compuesta por entrada, salida, ventiladores dobles, ruedas grandes, pieza de sujeci\u00f3n y sistema de potencia (PTO). Cabe destacar que esta m\u00e1quina tiene 3 tamices y 2 ventiladores, lo que permite obtener un ma\u00edz m\u00e1s limpio.<\/p>   <div class=\"wp-block-image\"> <figure class=\"aligncenter size-full\"><img loading=\"lazy\" decoding=\"async\" width=\"720\" height=\"540\" src=\"https:\/\/taizyagromachine.com\/wp-content\/uploads\/2022\/10\/structure-of-the-corn-thresher-machine.webp\" alt=\"estructura de la m\u00e1quina trilladora de ma\u00edz\" class=\"wp-image-3658\"\/><figcaption class=\"wp-element-caption\">estructura de la m\u00e1quina trilladora de ma\u00edz<\/figcaption><\/figure> <\/div>   <h2 class=\"wp-block-heading\"><strong>\u00bfQu\u00e9 afecta el precio de la m\u00e1quina trilladora de ma\u00edz?<\/strong><\/h2>    <ul class=\"wp-block-list\"> <li><strong>Configuraci\u00f3n de la m\u00e1quina<\/strong>. Es muy f\u00e1cil de entender. Si quieres comprar una trilladora de ma\u00edz sin neum\u00e1ticos, debe ser mucho m\u00e1s barata que una m\u00e1quina con neum\u00e1ticos grandes.<\/li>    <li><strong>Sistema de energ\u00eda de la m\u00e1quina<\/strong>. Debido a que este tipo de trilladora de ma\u00edz multifuncional puede usar tres potencias, cada tipo tiene un precio diferente. <\/li>    <li><strong>La distancia de entrega<\/strong>. Cuando quieres enviarlo a Nigeria o enviarlo a Ghana, sus distancias son diferentes. Por supuesto, el costo del transporte es diferente.<\/li> <\/ul>    <h2 class=\"wp-block-heading\"><strong>Ventajas de la m\u00e1quina trilladora multifuncional<\/strong><\/h2>    <ol class=\"wp-block-list\"> <li>Tres sistemas de potencia: PTO, motor di\u00e9sel y motor el\u00e9ctrico.<\/li>    <li>Neum\u00e1ticos y cuadro grandes, f\u00e1ciles de mover.<\/li>    <li>Multifunciones: se utiliza para trillar ma\u00edz, sorgo, mijo y soja. <\/li>    <li>Opciones de energ\u00eda flexibles y de alta eficiencia.<\/li> <\/ol>    <h2 class=\"wp-block-heading\"><strong>Caso exitoso: Gran m\u00e1quina trilladora de ma\u00edz multifuncional vendida a Bangladesh<\/strong><\/h2>    <div class=\"wp-block-media-text alignwide is-stacked-on-mobile\"><figure class=\"wp-block-media-text__media\"><img loading=\"lazy\" decoding=\"async\" width=\"540\" height=\"600\" src=\"https:\/\/taizyagromachine.com\/wp-content\/uploads\/2022\/10\/package.webp\" alt=\"paquete\" class=\"wp-image-3659 size-full\"\/><\/figure><div class=\"wp-block-media-text__content\"> <p>El cliente de Bangladesh buscaba comprar una m\u00e1quina trilladora de ma\u00edz y se puso en contacto con nosotros despu\u00e9s de ver nuestra m\u00e1quina mientras buscaba en l\u00ednea.<\/p>    <p>Mientras navegaba por nuestro sitio web, vio esta m\u00e1quina multifuncional y se interes\u00f3 m\u00e1s en ella. Y gracias a la presentaci\u00f3n de nuestra directora de ventas, Anna, supo que esta m\u00e1quina es multifuncional y quiso comprar a\u00fan m\u00e1s.<\/p>    <p>Finalmente, el cliente banglades\u00ed encarg\u00f3 una trilladora roja con ruedas grandes.<\/p> <\/div><\/div>    <h2 class=\"wp-block-heading\"><strong>Video de trabajo de una m\u00e1quina trilladora de ma\u00edz grande<\/strong><\/h2>    <figure class=\"wp-block-embed is-type-video is-provider-youtube wp-block-embed-youtube wp-embed-aspect-16-9 wp-has-aspect-ratio\"><div class=\"wp-block-embed__wrapper\"> <iframe loading=\"lazy\" title=\"M\u00e1quina trilladora de granos multifuncional grande para ma\u00edz, sorgo, soja, mijo, arroz y trigo\" width=\"500\" height=\"281\" src=\"https:\/\/www.youtube.com\/embed\/6AIQ2-hvsdY?start=4&#038;feature=oembed\" frameborder=\"0\" allow=\"accelerometer; autoplay; clipboard-write; encrypted-media; gyroscope; picture-in-picture; web-share\" referrerpolicy=\"strict-origin-when-cross-origin\" allowfullscreen><\/iframe> <\/div><\/figure>    <h2 class=\"wp-block-heading\"><strong>Par\u00e1metros t\u00e9cnicos de la m\u00e1quina trilladora de ma\u00edz<\/strong><\/h2>    <figure class=\"wp-block-table\"><table><tbody><tr><td>Modelo<\/td><td>5T-1000<\/td><\/tr><tr><td>Solicitud<\/td><td>Ma\u00edz, sorgo, mijo, soja<\/td><\/tr><tr><td>Fuerza<\/td><td>motor di\u00e9sel de 12 CV<\/td><\/tr><tr><td>Velocidad del eje principal<\/td><td>550\u2013620 rpm<\/td><\/tr><tr><td>Capacidad<\/td><td>Ma\u00edz: 2-4t\/h<br>Sorgo, mijo: 1-2t\/h<br>Soja: 0,5-0,8t\/h<\/td><\/tr><tr><td>Tamiz<\/td><td>3 piezas<br>Tamiz de ma\u00edz: \u03c618mm<br>Sorgo, tamiz de mijo: \u03c66mm<br>Soja: \u03c612mm<\/td><\/tr><tr><td>Peso<\/td><td>650 kilos<\/td><\/tr><tr><td>Tama\u00f1o global<\/td><td>3400*2100*1980mm<\/td><\/tr><tr><td>Tama\u00f1o de embalaje<\/td><td>2800*740*1400mm<\/td><\/tr><\/tbody><\/table><\/figure>","protected":false},"excerpt":{"rendered":"<p>Taizy corn threshing machine actually belongs to the multifunctional grain thresher, used for shelling maize, sorghum, millet, and soybean. The multifunctional thresher machine can use an electric motor, diesel engine, and PTO as the power system. Besides, the corn thresher machine for sale can be equipped with big tyres, which is preferred by African customers. [&hellip;]<\/p>\n","protected":false},"author":1,"featured_media":3661,"parent":0,"template":"","tags":[195,197,198],"product-type":[17],"class_list":["post-3644","product","type-product","status-publish","has-post-thumbnail","hentry","tag-corn-thresher","tag-corn-threshing-machine","tag-multifunctional-thresher","product-type-corn-machine"],"_links":{"self":[{"href":"https:\/\/taizyagromachine.com\/es\/wp-json\/wp\/v2\/product\/3644","targetHints":{"allow":["GET"]}}],"collection":[{"href":"https:\/\/taizyagromachine.com\/es\/wp-json\/wp\/v2\/product"}],"about":[{"href":"https:\/\/taizyagromachine.com\/es\/wp-json\/wp\/v2\/types\/product"}],"author":[{"embeddable":true,"href":"https:\/\/taizyagromachine.com\/es\/wp-json\/wp\/v2\/users\/1"}],"wp:featuredmedia":[{"embeddable":true,"href":"https:\/\/taizyagromachine.com\/es\/wp-json\/wp\/v2\/media\/3661"}],"wp:attachment":[{"href":"https:\/\/taizyagromachine.com\/es\/wp-json\/wp\/v2\/media?parent=3644"}],"wp:term":[{"taxonomy":"post_tag","embeddable":true,"href":"https:\/\/taizyagromachine.com\/es\/wp-json\/wp\/v2\/tags?post=3644"},{"taxonomy":"product-type","embeddable":true,"href":"https:\/\/taizyagromachine.com\/es\/wp-json\/wp\/v2\/product-type?post=3644"}],"curies":[{"name":"wp","href":"https:\/\/api.w.org\/{rel}","templated":true}]}}