{"id":3756,"date":"2022-10-19T13:17:50","date_gmt":"2022-10-19T05:17:50","guid":{"rendered":"https:\/\/taizyagromachine.com\/?post_type=product&#038;p=3756"},"modified":"2025-01-02T13:54:48","modified_gmt":"2025-01-02T05:54:48","slug":"small-rice-milling-machine","status":"publish","type":"product","link":"https:\/\/taizyagromachine.com\/es\/product\/small-rice-milling-machine\/","title":{"rendered":"Peque\u00f1a fresadora de arroz"},"content":{"rendered":"<p class=\"translation-block\">La m\u00e1quina arrocera se utiliza para producir arroz blanco, para uso comercial y dom\u00e9stico. Esta m\u00e1quina arrocera es rentable, de buena calidad y duradera. Adem\u00e1s, esta m\u00e1quina puede ser alimentada por un motor el\u00e9ctrico o un motor di\u00e9sel. A diferencia de la <a href=\"https:\/\/taizyagromachine.com\/es\/product\/rice-mill\/\" target=\"_blank\" rel=\"noreferrer noopener\">unidad de molienda de arroz<\/a>, esta m\u00e1quina arrocera Taizy es una m\u00e1quina peque\u00f1a, que se utiliza a menudo en hogares, peque\u00f1as tiendas, etc. <\/p>    <p class=\"translation-block\">La m\u00e1quina arrocera Taizy se ha exportado a EE. UU., Mauritania, Burkina Faso, Guinea, Nigeria, Mozambique, etc. Si est\u00e1 interesado en este tipo de m\u00e1quina, \u00a1<a href=\"https:\/\/taizyagromachine.com\/es\/contact\/\" target=\"_blank\" rel=\"noreferrer noopener\">cont\u00e1ctenos<\/a>!<\/p>    <h2 class=\"wp-block-heading\"><strong>Tipos de fresadora de arroz<\/strong><\/h2>    <p>Como fabricante y productor profesional de maquinaria para moler arroz, contamos con una amplia gama de modelos de m\u00e1quinas molineras de arroz. Contamos con cuatro tipos de molinos de arroz, SB-05D, SB-10D, SB-30D y SB-50D. La potencia y el peso de cada modelo son diferentes.<\/p>    <p>En cuanto a la apariencia, nuestros molinos de arroz est\u00e1n disponibles en varias apariencias, modelos comunes, con cicl\u00f3n, con bolsas de tela, etc. En definitiva, depende de tus necesidades. Si tiene necesidades especiales y razonables, nuestras m\u00e1quinas definitivamente lo satisfar\u00e1n.<\/p>    <p class=\"translation-block\"><strong>Mini m\u00e1quina arrocera de tipo normal<\/strong><\/p>    <figure class=\"wp-block-gallery aligncenter has-nested-images columns-default is-cropped wp-block-gallery-2 is-layout-flex wp-block-gallery-is-layout-flex\"> <figure class=\"wp-block-image size-large\"><img loading=\"lazy\" decoding=\"async\" width=\"540\" height=\"720\" data-id=\"3789\" src=\"https:\/\/taizyagromachine.com\/wp-content\/uploads\/2022\/10\/rice-husk-miller.webp\" alt=\"molino-de-cascarilla-de-arroz\" class=\"wp-image-3789\"\/><figcaption>molinero de c\u00e1scara de arroz<\/figcaption><\/figure>    <figure class=\"wp-block-image size-large\"><img loading=\"lazy\" decoding=\"async\" width=\"540\" height=\"720\" data-id=\"3788\" src=\"https:\/\/taizyagromachine.com\/wp-content\/uploads\/2022\/10\/rice-husker.webp\" alt=\"descascarillador de arroz\" class=\"wp-image-3788\"\/><figcaption>descascarillador de arroz<\/figcaption><\/figure> <\/figure>    <p class=\"translation-block\"><strong>M\u00e1quina arrocera con cicl\u00f3n<\/strong><\/p>    <figure class=\"wp-block-gallery aligncenter has-nested-images columns-default is-cropped wp-block-gallery-3 is-layout-flex wp-block-gallery-is-layout-flex\"> <figure class=\"wp-block-image size-large\"><img loading=\"lazy\" decoding=\"async\" width=\"540\" height=\"720\" data-id=\"3790\" src=\"https:\/\/taizyagromachine.com\/wp-content\/uploads\/2022\/10\/mini-rice-miller.webp\" alt=\"mini-molinero-de-arroz\" class=\"wp-image-3790\"\/><figcaption>mini molino de arroz<\/figcaption><\/figure>    <figure class=\"wp-block-image size-large\"><img loading=\"lazy\" decoding=\"async\" width=\"540\" height=\"720\" data-id=\"3791\" src=\"https:\/\/taizyagromachine.com\/wp-content\/uploads\/2022\/10\/rice-mini-milling-machine-with-the-cyclone.webp\" alt=\"minifresadora-de-arroz-con-cicl\u00f3n\" class=\"wp-image-3791\"\/><figcaption>mini fresadora de arroz <\/figcaption><\/figure> <\/figure>    <p class=\"translation-block\"><strong>M\u00e1quina combinada de procesamiento de arroz<\/strong><\/p>    <figure class=\"wp-block-gallery aligncenter has-nested-images columns-default is-cropped wp-block-gallery-4 is-layout-flex wp-block-gallery-is-layout-flex\"> <figure class=\"wp-block-image size-large\"><img loading=\"lazy\" decoding=\"async\" width=\"540\" height=\"850\" data-id=\"3793\" src=\"https:\/\/taizyagromachine.com\/wp-content\/uploads\/2022\/10\/combined-rice-mill.webp\" alt=\"molino-de-arroz-combinado\" class=\"wp-image-3793\"\/><figcaption>molino de arroz combinado<\/figcaption><\/figure>    <figure class=\"wp-block-image size-large\"><img loading=\"lazy\" decoding=\"async\" width=\"540\" height=\"850\" data-id=\"3794\" src=\"https:\/\/taizyagromachine.com\/wp-content\/uploads\/2022\/10\/combined-rice-processing-machine.webp\" alt=\"maquina-combinada-de-procesamiento-de-arroz\" class=\"wp-image-3794\"\/><figcaption>m\u00e1quina procesadora de arroz combinada<\/figcaption><\/figure> <\/figure>    <h2 class=\"wp-block-heading\"><strong>Ventajas de la fresadora de arroz comercial<\/strong><\/h2>    <ol class=\"wp-block-list\"><li>Esta peque\u00f1a fresadora de arroz de Taizy tiene una estructura razonable y un dise\u00f1o adecuado, lo cual es muy f\u00e1cil de usar.<\/li><li>La producci\u00f3n de esta peque\u00f1a pulidora de arroz oscila entre 400 y 2300 kg por hora, con una amplia gama de opciones para ahorrar tiempo.<\/li><li>El arroz blanco producido por esta m\u00e1quina cumple con las normas nacionales de seguridad alimentaria y es arroz de alta calidad.<\/li><li>La m\u00e1quina procesadora de arroz Taizy produce un pelado limpio del arroz, una baja tasa de rotura del arroz y un muy buen efecto de pelado.<\/li><li>Esta m\u00e1quina descascaradora de arroz puede elegir como potencia un motor el\u00e9ctrico o un motor di\u00e9sel, el cual es opcional.<\/li><\/ol>    <h2 class=\"wp-block-heading\"><strong>Factores que afectan el precio de la fresadora de arroz<\/strong><\/h2>    <p>Nuestra m\u00e1quina para molienda de arroz peque\u00f1a Taizy es compacta y de estructura razonable y tiene un precio competitivo en el mercado de maquinaria para molienda de arroz. Pero el precio est\u00e1 influenciado por los siguientes aspectos (incluidos, entre otros).<\/p>    <p class=\"translation-block\"><strong>Los modelos son diferentes<\/strong>. Suponiendo que la potencia seleccionada es la misma, si se eligen modelos diferentes, la producci\u00f3n, el tama\u00f1o de la m\u00e1quina, etc., ser\u00e1n diferentes, por lo que el precio de la m\u00e1quina tambi\u00e9n ser\u00e1 diferente.<\/p>    <p class=\"translation-block\"><strong>Selecci\u00f3n de potencia<\/strong>. Por ejemplo, elija la m\u00e1quina arrocera del tipo SB-30D, porque este tipo puede equiparse con un motor y un motor di\u00e9sel, pero el precio de ambos es diferente. Por lo tanto, el precio de la m\u00e1quina tambi\u00e9n ser\u00e1 diferente.<\/p>    <p class=\"translation-block\"><strong>M\u00e1quina al por mayor<\/strong>. Debido a que esta <a href=\"https:\/\/en.wikipedia.org\/wiki\/Rice_huller\" target=\"_blank\" rel=\"noreferrer noopener\">m\u00e1quina descascarilladora de arroz<\/a> es relativamente peque\u00f1a, generalmente la vendemos al por mayor. El precio de la m\u00e1quina cuando se vende al por mayor tambi\u00e9n es diferente del precio de comprar la m\u00e1quina individualmente.<\/p>   <div class=\"wp-block-image\"> <figure class=\"aligncenter size-full\"><img loading=\"lazy\" decoding=\"async\" width=\"720\" height=\"540\" src=\"https:\/\/taizyagromachine.com\/wp-content\/uploads\/2022\/10\/wholesale-rice-milling-machine.webp\" alt=\"Al por mayor fresadora de arroz\" class=\"wp-image-3784\"\/><figcaption>Al por mayor fresadora de arroz<\/figcaption><\/figure> <\/div>   <h2 class=\"wp-block-heading\"><strong>Piezas de desgaste de la m\u00e1quina procesadora de arroz<\/strong><\/h2>    <div class=\"wp-block-media-text alignwide is-stacked-on-mobile\"><figure class=\"wp-block-media-text__media\"><img loading=\"lazy\" decoding=\"async\" width=\"540\" height=\"720\" src=\"https:\/\/taizyagromachine.com\/wp-content\/uploads\/2022\/10\/wearing-parts-of-the-rice-processing-machine.webp\" alt=\"piezas de desgaste de la m\u00e1quina procesadora de arroz\" class=\"wp-image-3763 size-full\"\/><\/figure><div class=\"wp-block-media-text__content\"> <p>Rodillo de goma: 2 unids\/set<\/p>    <p>Rodillo de hierro: 1 unid\/set<\/p>    <p>Cabezal transportador: 1 unid\/set <\/p>    <p>Tamiz: 2 unids\/set<\/p>    <p>Cintur\u00f3n hexagonal: 3 unids\/set<\/p>    <p>Estas son las piezas consumibles cuando utilizas el molinillo de arroz. As\u00ed que presta atenci\u00f3n a estas partes. Adem\u00e1s, puede comprar repuestos adicionales listos para usar.<\/p> <\/div><\/div>    <h2 class=\"wp-block-heading\"><strong>Caso de \u00e9xito: Mini fresadora de arroz vendida a Mozambique<\/strong><\/h2>    <p>En junio de este a\u00f1o, un cliente de Mozambique se puso en contacto con nosotros y nos envi\u00f3 una consulta sobre el molinero de arroz dom\u00e9stico a trav\u00e9s de WhatsApp. Es distribuidor y vende diversas fresadoras de arroz en la regi\u00f3n. Nuestra gerente Winnie le proporcion\u00f3 informaci\u00f3n sobre la m\u00e1quina. Despu\u00e9s de verlo, pidi\u00f3 5 unidades por primera vez y dijo que continuar\u00eda haciendo pedidos si funcionaba bien. En octubre de este a\u00f1o encarg\u00f3 10 unidades m\u00e1s.<\/p>    <figure class=\"wp-block-gallery aligncenter has-nested-images columns-default is-cropped wp-block-gallery-5 is-layout-flex wp-block-gallery-is-layout-flex\"> <figure class=\"wp-block-image size-full\"><img loading=\"lazy\" decoding=\"async\" width=\"720\" height=\"540\" data-id=\"3759\" src=\"https:\/\/taizyagromachine.com\/wp-content\/uploads\/2022\/10\/rice-milling-machine-for-sale.webp\" alt=\"venta-de-molino-de-arroz\" class=\"wp-image-3759\"\/><figcaption>venta de fresadora de arroz<\/figcaption><\/figure>    <figure class=\"wp-block-image size-full\"><img loading=\"lazy\" decoding=\"async\" width=\"720\" height=\"540\" data-id=\"3758\" src=\"https:\/\/taizyagromachine.com\/wp-content\/uploads\/2022\/10\/packages.webp\" alt=\"paquetes\" class=\"wp-image-3758\"\/><figcaption>paquetes<\/figcaption><\/figure> <\/figure>    <h2 class=\"wp-block-heading\"><strong>Par\u00e1metros t\u00e9cnicos de la fresadora de arroz a la venta<\/strong><\/h2>    <figure class=\"wp-block-table\"><table><tbody><tr><td>Modelo<\/td><td>SB-05D<\/td><td>SB-10D<\/td><td>SB-30D<\/td><td>SB-50D<\/td><\/tr><tr><td>Fuerza<\/td><td>Motor di\u00e9sel de 10 CV\/motor de 5,5 kW<\/td><td>Motor di\u00e9sel de 15 CV\/motor de 11 kW<\/td><td>&nbsp;&nbsp;&nbsp;&nbsp;Motor di\u00e9sel de 18 CV\/motor de 15 kW<\/td><td>Motor di\u00e9sel de 30 CV\/motor de 22 kW<\/td><\/tr><tr><td>Capacidad<\/td><td>400-600kg\/hora<\/td><td>700-1000kg\/hora<\/td><td>&nbsp;&nbsp;&nbsp;1100-1500kg\/hora<\/td><td>1800-2300kg\/h<\/td><\/tr><tr><td>Peso neto<\/td><td>130kg<\/td><td>230 kilos<\/td><td>&nbsp;&nbsp;&nbsp;&nbsp;&nbsp;270 kilos<\/td><td>530 kilos<\/td><\/tr><tr><td>Peso bruto<\/td><td>160kg<\/td><td>&nbsp;285 kilos<\/td><td>&nbsp;&nbsp;&nbsp;&nbsp;&nbsp;300 kilos<\/td><td>580 kilos<\/td><\/tr><tr><td>Tama\u00f1o global<\/td><td>860*692*1290mm<\/td><td>760*730*1735mm<\/td><td>1070*760*1760mm<\/td><td>2400*1080*2080mm<\/td><\/tr><tr><td>Cargando cantidad\/20GP<\/td><td>27 juegos<\/td><td>24 juegos<\/td><td>18 juegos<\/td><td>12 juegos<\/td><\/tr><\/tbody><\/table><\/figure>    <h2 class=\"wp-block-heading\"><strong>V\u00eddeo de funcionamiento de la fresadora de arroz Taizy<\/strong><\/h2>    <p><\/p>    <figure class=\"wp-block-embed is-type-video is-provider-youtube wp-block-embed-youtube wp-embed-aspect-16-9 wp-has-aspect-ratio\"><div class=\"wp-block-embed__wrapper\"> <iframe loading=\"lazy\" title=\"La mejor fresadora de arroz peque\u00f1a | Molino de arroz para el hogar #ricemillmachine\" width=\"500\" height=\"281\" src=\"https:\/\/www.youtube.com\/embed\/oXby4Zx-N4s?feature=oembed\" frameborder=\"0\" allow=\"accelerometer; autoplay; clipboard-write; encrypted-media; gyroscope; picture-in-picture; web-share\" referrerpolicy=\"strict-origin-when-cross-origin\" allowfullscreen><\/iframe> <\/div><\/figure>","protected":false},"excerpt":{"rendered":"<p>The rice milling machine uses to produce white rice, for commercial and home use. This rice miller machine is cost-effective, good quality, and durable. Besides, this machine can be powered by an electric motor or diesel engine. Unlike the rice milling unit, this Taizy rice mill machine is a small machine, which is often used [&hellip;]<\/p>\n","protected":false},"author":1,"featured_media":3783,"parent":0,"template":"","tags":[35,56,57],"product-type":[18],"class_list":["post-3756","product","type-product","status-publish","has-post-thumbnail","hentry","tag-rice-mill","tag-rice-mill-machine","tag-rice-milling-machine","product-type-rice-mill"],"_links":{"self":[{"href":"https:\/\/taizyagromachine.com\/es\/wp-json\/wp\/v2\/product\/3756","targetHints":{"allow":["GET"]}}],"collection":[{"href":"https:\/\/taizyagromachine.com\/es\/wp-json\/wp\/v2\/product"}],"about":[{"href":"https:\/\/taizyagromachine.com\/es\/wp-json\/wp\/v2\/types\/product"}],"author":[{"embeddable":true,"href":"https:\/\/taizyagromachine.com\/es\/wp-json\/wp\/v2\/users\/1"}],"wp:featuredmedia":[{"embeddable":true,"href":"https:\/\/taizyagromachine.com\/es\/wp-json\/wp\/v2\/media\/3783"}],"wp:attachment":[{"href":"https:\/\/taizyagromachine.com\/es\/wp-json\/wp\/v2\/media?parent=3756"}],"wp:term":[{"taxonomy":"post_tag","embeddable":true,"href":"https:\/\/taizyagromachine.com\/es\/wp-json\/wp\/v2\/tags?post=3756"},{"taxonomy":"product-type","embeddable":true,"href":"https:\/\/taizyagromachine.com\/es\/wp-json\/wp\/v2\/product-type?post=3756"}],"curies":[{"name":"wp","href":"https:\/\/api.w.org\/{rel}","templated":true}]}}