{"id":4091,"date":"2022-11-21T11:05:17","date_gmt":"2022-11-21T03:05:17","guid":{"rendered":"https:\/\/taizyagromachine.com\/?post_type=product&#038;p=4091"},"modified":"2025-01-02T13:50:30","modified_gmt":"2025-01-02T05:50:30","slug":"corn-sheller-maize-threshing-machine","status":"publish","type":"product","link":"https:\/\/taizyagromachine.com\/es\/product\/corn-sheller-maize-threshing-machine\/","title":{"rendered":"Desgranadora de ma\u00edz | M\u00e1quina trilladora de ma\u00edz"},"content":{"rendered":"<p class=\"translation-block\">La desgranadora de ma\u00edz est\u00e1 especialmente dise\u00f1ada para el trillado de ma\u00edz, lo que beneficia a los agricultores de ma\u00edz. Esta <a href=\"https:\/\/taizyagromachine.com\/es\/product\/multifunctional-thresher\/\" target=\"_blank\" rel=\"noreferrer noopener\">trilladora de ma\u00edz<\/a> tiene una estructura simple y es muy eficiente, capaz de trillar de 3 a 4 toneladas de ma\u00edz por hora, lo que la hace ideal para productores de ma\u00edz peque\u00f1os o medianos. Adem\u00e1s, esta <a href=\"https:\/\/cornmachines.com\/corn-sheller-machine\/\" target=\"_blank\" rel=\"noreferrer noopener\">m\u00e1quina trilladora de ma\u00edz<\/a> es muy rentable, barata y de buena calidad al mismo tiempo.<\/p>    <p>Por lo tanto, esta m\u00e1quina trilladora de ma\u00edz es muy popular en los mercados nacionales y extranjeros, como Nigeria, Filipinas, Kenia, etc., que son los pa\u00edses que queremos exportar.<\/p>    <h2 class=\"wp-block-heading\"><strong>Tipos de desgranadoras de ma\u00edz a la venta<\/strong><\/h2>    <div class=\"wp-block-columns is-layout-flex wp-container-core-columns-is-layout-9d6595d7 wp-block-columns-is-layout-flex\"> <div class=\"wp-block-column is-layout-flow wp-block-column-is-layout-flow\"><div class=\"wp-block-image\"> <figure class=\"aligncenter size-full\"><img loading=\"lazy\" decoding=\"async\" width=\"540\" height=\"600\" src=\"https:\/\/taizyagromachine.com\/wp-content\/uploads\/2022\/11\/corn-sheller-machine-for-sale.webp\" alt=\"maquina desgranadora de maiz a la venta\" class=\"wp-image-4099\"\/><figcaption class=\"wp-element-caption\">maquina desgranadora de maiz a la venta<\/figcaption><\/figure> <\/div><\/div>    <div class=\"wp-block-column is-layout-flow wp-block-column-is-layout-flow\"> <p><\/p>    <p>Esta m\u00e1quina desgranadora de ma\u00edz de Taizy est\u00e1 dise\u00f1ada seg\u00fan las necesidades de la mayor\u00eda de los productores de ma\u00edz y es altamente selectiva. La m\u00e1quina desgranadora de ma\u00edz puede equiparse con un motor el\u00e9ctrico, un motor de gasolina y un motor di\u00e9sel para brindar apoyo energ\u00e9tico. La unidad de potencia correspondiente se puede combinar seg\u00fan las necesidades del cliente.<\/p>    <p>Adem\u00e1s, como se puede ver en la imagen, esta m\u00e1quina puede equiparse con ruedas peque\u00f1as, que son muy c\u00f3modas de mover. Tambi\u00e9n hay soportes que permiten a los usuarios utilizar la m\u00e1quina m\u00e1s f\u00e1cilmente.<\/p>    <p>Nuestra m\u00e1quina desgranadora de ma\u00edz tiene un gran rendimiento para trillar ma\u00edz a una alta velocidad de desgranado, con el fin de obtener granos de ma\u00edz limpios y enteros. Por tanto, es una buena ayuda para los agricultores. Si est\u00e1 interesado, \u00a1bienvenido a contactarnos!<\/p> <\/div> <\/div>    <h2 class=\"wp-block-heading\"><strong>Dise\u00f1o de m\u00e1quina desgranadora de ma\u00edz<\/strong><\/h2>    <p>De hecho, como puede ver en las im\u00e1genes a continuaci\u00f3n, el dise\u00f1o de nuestra m\u00e1quina es muy simple y consiste principalmente en entrada de ma\u00edz, salida de ma\u00edz, salida de semillas de ma\u00edz, sistema de energ\u00eda, soporte, etc. Es muy conveniente y f\u00e1cil de usar. <\/p>    <p>La m\u00e1quina trilladora de ma\u00edz en su conjunto parece simple y hermosa, muy atractiva, y esta m\u00e1quina tiene una buena relaci\u00f3n calidad-precio y es muy adecuada para la venta al por mayor.<\/p>   <div class=\"wp-block-image\"> <figure class=\"aligncenter size-full\"><img loading=\"lazy\" decoding=\"async\" width=\"720\" height=\"540\" src=\"https:\/\/taizyagromachine.com\/wp-content\/uploads\/2022\/11\/corn-sheller-machine-structure.webp\" alt=\"estructura de la m\u00e1quina desgranadora de ma\u00edz\" class=\"wp-image-4104\"\/><figcaption class=\"wp-element-caption\">estructura de la m\u00e1quina desgranadora de ma\u00edz<\/figcaption><\/figure> <\/div>   <h2 class=\"wp-block-heading\"><strong>\u00bfC\u00f3mo funciona la desgranadora de ma\u00edz?<\/strong><\/h2>    <p>De hecho, el principio de funcionamiento es muy f\u00e1cil de entender. El ma\u00edz se alimenta a trav\u00e9s de la entrada e internamente se separan las mazorcas y los granos, despu\u00e9s de lo cual los granos se escapan de la criba mientras las mazorcas se descargan por el extremo de la m\u00e1quina. Este proceso es muy r\u00e1pido y eficaz en la trilla. Tambi\u00e9n es necesario comprobarlo adecuadamente antes de su uso.<\/p>    <figure class=\"wp-block-gallery aligncenter has-nested-images columns-default is-cropped wp-block-gallery-2 is-layout-flex wp-block-gallery-is-layout-flex\"> <figure class=\"wp-block-image size-full\"><img loading=\"lazy\" decoding=\"async\" width=\"750\" height=\"750\" data-id=\"4113\" src=\"https:\/\/taizyagromachine.com\/wp-content\/uploads\/2022\/11\/working-scene-of-the-corn-sheller-machine.webp\" alt=\"escena-de-trabajo-de-la-maquina-desgranadora-de-maiz\" class=\"wp-image-4113\"\/><figcaption class=\"wp-element-caption\">escena de trabajo de la m\u00e1quina desgranadora de ma\u00edz<\/figcaption><\/figure>    <figure class=\"wp-block-image size-full\"><img loading=\"lazy\" decoding=\"async\" width=\"750\" height=\"750\" data-id=\"4112\" src=\"https:\/\/taizyagromachine.com\/wp-content\/uploads\/2022\/11\/corn-kernels.webp\" alt=\"granos de ma\u00edz\" class=\"wp-image-4112\"\/><figcaption class=\"wp-element-caption\">granos de ma\u00edz<\/figcaption><\/figure> <\/figure>    <h2 class=\"wp-block-heading\"><strong>Venta al por mayor M\u00e1quina trilladora de ma\u00edz <\/strong><\/h2>    <p class=\"translation-block\">La desgranadora Taizy ofrece una buena relaci\u00f3n calidad-precio, por lo que no es raro que los clientes empiecen con 5 unidades y compren docenas o cientos de unidades. Por ejemplo, en octubre de este a\u00f1o, enviamos <a href=\"https:\/\/taizyagromachine.com\/es\/info\/corn-thresher-philippines\/\" target=\"_blank\" rel=\"noreferrer noopener\">10 de estas trilladoras de ma\u00edz a Filipinas<\/a>. Cuando las m\u00e1quinas se cargan, a menudo se cargan de la manera que se muestra a continuaci\u00f3n, y nuestro personal experimentado cargar\u00e1 las m\u00e1quinas con la m\u00e1xima protecci\u00f3n contra da\u00f1os durante el transporte.<\/p>    <figure class=\"wp-block-gallery aligncenter has-nested-images columns-default is-cropped wp-block-gallery-3 is-layout-flex wp-block-gallery-is-layout-flex\"> <figure class=\"wp-block-image size-full\"><img loading=\"lazy\" decoding=\"async\" width=\"720\" height=\"540\" data-id=\"4115\" src=\"https:\/\/taizyagromachine.com\/wp-content\/uploads\/2022\/11\/maize-sheller-ready-for-load.webp\" alt=\"desgranadora-de-maiz-lista-para-cargar\" class=\"wp-image-4115\"\/><figcaption class=\"wp-element-caption\">desgranadora de ma\u00edz <\/figcaption><\/figure>    <figure class=\"wp-block-image size-full\"><img loading=\"lazy\" decoding=\"async\" width=\"720\" height=\"540\" data-id=\"4114\" src=\"https:\/\/taizyagromachine.com\/wp-content\/uploads\/2022\/11\/load-in-the-container.webp\" alt=\"carga-en-el-contenedor\" class=\"wp-image-4114\"\/><figcaption class=\"wp-element-caption\">cargar la desgranadora de ma\u00edz en el contenedor<\/figcaption><\/figure>    <figure class=\"wp-block-image size-large\"><img loading=\"lazy\" decoding=\"async\" width=\"720\" height=\"540\" data-id=\"4116\" src=\"https:\/\/taizyagromachine.com\/wp-content\/uploads\/2022\/11\/wholesale-corn-thresher.webp\" alt=\"trilladora-de-maiz-por-mayor\" class=\"wp-image-4116\"\/><figcaption class=\"wp-element-caption\">Al por mayor trilladora de ma\u00edz<\/figcaption><\/figure> <\/figure>    <h2 class=\"wp-block-heading\"><strong>Par\u00e1metros t\u00e9cnicos de la m\u00e1quina desgranadora de ma\u00edz<\/strong><\/h2>    <figure class=\"wp-block-table\"><table><tbody><tr><td>Modelo<\/td><td>SL-B<\/td><\/tr><tr><td>Fuerza<\/td><td>Motor de gasolina 170F o motor de 2,2 kw o motor di\u00e9sel<\/td><\/tr><tr><td>Capacidad<\/td><td>3t-4t\/h<\/td><\/tr><tr><td>Tama\u00f1o<\/td><td>1300*400*900mm<\/td><\/tr><tr><td>Peso<\/td><td>71kg<\/td><\/tr><\/tbody><\/table><\/figure>    <h2 class=\"wp-block-heading\"><strong>Video de trilladora desgranadora de ma\u00edz - Uso en granjas agr\u00edcolas<\/strong><\/h2>    <figure class=\"wp-block-embed is-type-video is-provider-youtube wp-block-embed-youtube wp-embed-aspect-16-9 wp-has-aspect-ratio\"><div class=\"wp-block-embed__wrapper\"> <iframe loading=\"lazy\" title=\"M\u00e1quina desgranadora de ma\u00edz de gran rendimiento | M\u00e1quina trilladora de ma\u00edz de Taizy 2022 #corn\" width=\"500\" height=\"281\" src=\"https:\/\/www.youtube.com\/embed\/Qe2O6ylATT8?feature=oembed\" frameborder=\"0\" allow=\"accelerometer; autoplay; clipboard-write; encrypted-media; gyroscope; picture-in-picture; web-share\" referrerpolicy=\"strict-origin-when-cross-origin\" allowfullscreen><\/iframe> <\/div><\/figure>","protected":false},"excerpt":{"rendered":"<p>The corn sheller is specially designed for threshing maize beneficial to corn farmers. This corn thresher is simple in structure and very efficient, capable of threshing 3-4 tons of corn per hour, making it ideal for small or medium-sized corn growers. Besides, this maize threshing machine is very cost-effective, cheap and of good quality at [&hellip;]<\/p>\n","protected":false},"author":1,"featured_media":4092,"parent":0,"template":"","tags":[191,195,200],"product-type":[17],"class_list":["post-4091","product","type-product","status-publish","has-post-thumbnail","hentry","tag-corn-sheller","tag-corn-thresher","tag-maize-threshing-machine","product-type-corn-machine"],"_links":{"self":[{"href":"https:\/\/taizyagromachine.com\/es\/wp-json\/wp\/v2\/product\/4091","targetHints":{"allow":["GET"]}}],"collection":[{"href":"https:\/\/taizyagromachine.com\/es\/wp-json\/wp\/v2\/product"}],"about":[{"href":"https:\/\/taizyagromachine.com\/es\/wp-json\/wp\/v2\/types\/product"}],"author":[{"embeddable":true,"href":"https:\/\/taizyagromachine.com\/es\/wp-json\/wp\/v2\/users\/1"}],"wp:featuredmedia":[{"embeddable":true,"href":"https:\/\/taizyagromachine.com\/es\/wp-json\/wp\/v2\/media\/4092"}],"wp:attachment":[{"href":"https:\/\/taizyagromachine.com\/es\/wp-json\/wp\/v2\/media?parent=4091"}],"wp:term":[{"taxonomy":"post_tag","embeddable":true,"href":"https:\/\/taizyagromachine.com\/es\/wp-json\/wp\/v2\/tags?post=4091"},{"taxonomy":"product-type","embeddable":true,"href":"https:\/\/taizyagromachine.com\/es\/wp-json\/wp\/v2\/product-type?post=4091"}],"curies":[{"name":"wp","href":"https:\/\/api.w.org\/{rel}","templated":true}]}}