{"id":4122,"date":"2022-11-23T18:15:43","date_gmt":"2022-11-23T10:15:43","guid":{"rendered":"https:\/\/taizyagromachine.com\/?post_type=product&#038;p=4122"},"modified":"2024-01-09T16:59:21","modified_gmt":"2024-01-09T08:59:21","slug":"rice-transplanter-planting-machine","status":"publish","type":"product","link":"https:\/\/taizyagromachine.com\/es\/product\/rice-transplanter-planting-machine\/","title":{"rendered":"Trasplantadora de arroz para plantar pl\u00e1ntulas de arroz"},"content":{"rendered":"<p class=\"translation-block\">El <strong>transplantador de arroz<\/strong> es una m\u00e1quina especializada para plantar pl\u00e1ntulas de arroz en campos de arrozales, lo que ahorra mano de obra y facilita el buen desarrollo del trabajo posterior. <\/p>    <p>Disponemos de tres tipos de trasplantadoras de arroz: de 4 hileras, de 6 hileras y de 8 hileras. Las m\u00e1quinas trasplantadoras de arroz de 4 y 6 hileras son semiautom\u00e1ticas, mientras que la m\u00e1quina sembradora de arroz de 8 hileras es completamente autom\u00e1tica. <\/p>    <p>La trasplantadora de arroz Taizy es de excelente calidad y alta eficiencia, lo que la convierte en un asistente mec\u00e1nico indispensable para los productores de arroz.<\/p>    <p>Si est\u00e1 interesado, p\u00f3ngase en contacto con nosotros y nos comunicaremos con usted lo antes posible con la soluci\u00f3n \u00f3ptima para sus necesidades.<\/p>    <figure class=\"wp-block-embed is-type-video is-provider-youtube wp-block-embed-youtube wp-embed-aspect-16-9 wp-has-aspect-ratio\"><div class=\"wp-block-embed__wrapper\"> <iframe loading=\"lazy\" title=\"Trasplantadora autom\u00e1tica de arroz para tractor| m\u00e1quina trasplantadora de arroz | precio del trasplantador de arroz\" width=\"500\" height=\"281\" src=\"https:\/\/www.youtube.com\/embed\/xBPZr90CwV0?feature=oembed\" frameborder=\"0\" allow=\"accelerometer; autoplay; clipboard-write; encrypted-media; gyroscope; picture-in-picture; web-share\" referrerpolicy=\"strict-origin-when-cross-origin\" allowfullscreen><\/iframe> <\/div><figcaption class=\"wp-element-caption\">Video de trabajo de la m\u00e1quina plantadora de arroz con c\u00e1scara.<\/figcaption><\/figure>    <h2 class=\"wp-block-heading\"><strong>Tipo 1: trasplantadora manual de pl\u00e1ntulas de arroz de 4 hileras<\/strong><\/h2>    <p>Esta m\u00e1quina trasplantadora de arroz manual de 4 hileras est\u00e1 impulsada por un motor de gasolina y debe operarse manualmente, lo que la hace adecuada para el cultivo de arroz a peque\u00f1a escala. Tambi\u00e9n es una m\u00e1quina que ahorra mano de obra, permite una siembra precisa y evita la p\u00e9rdida de trasplantes. Si tiene campos peque\u00f1os para plantar pl\u00e1ntulas de arroz, esta trasplantadora de arroz con operador a pie ser\u00e1 una buena opci\u00f3n para usted.<\/p>    <figure class=\"wp-block-gallery aligncenter has-nested-images columns-default is-cropped wp-block-gallery-2 is-layout-flex wp-block-gallery-is-layout-flex\"> <figure class=\"wp-block-image size-large\"><img loading=\"lazy\" decoding=\"async\" width=\"720\" height=\"540\" data-id=\"4130\" src=\"https:\/\/taizyagromachine.com\/wp-content\/uploads\/2022\/11\/4-row-paddy-transplanter.webp\" alt=\"Trasplantadora de arroz de 4 hileras\" class=\"wp-image-4130\"\/><figcaption class=\"wp-element-caption\">Trasplantadora de arroz de 4 hileras<\/figcaption><\/figure>    <figure class=\"wp-block-image size-large\"><img loading=\"lazy\" decoding=\"async\" width=\"720\" height=\"540\" data-id=\"4131\" src=\"https:\/\/taizyagromachine.com\/wp-content\/uploads\/2022\/11\/4-row-rice-transplanter.webp\" alt=\"Trasplantadora de arroz de 4 hileras\" class=\"wp-image-4131\"\/><figcaption class=\"wp-element-caption\">Trasplantadora de arroz de 4 hileras<\/figcaption><\/figure> <\/figure>    <h3 class=\"wp-block-heading\"><strong>Estructura de la sembradora de arroz de 4 hileras<\/strong><\/h3>    <p>En t\u00e9rminos generales, hay varias partes que forman la estructura para que los productores de arroz operen de manera m\u00e1s f\u00e1cil y conveniente. <\/p>    <p>Para las pl\u00e1ntulas de arroz, la caja de siembra y el marco de la bandeja de siembra son para sostenerlas. Debido al trabajo en los campos acu\u00e1ticos, la rueda debe ser la rueda del arroz con c\u00e1scara para moverse f\u00e1cilmente. Para el sistema de energ\u00eda, generalmente se utiliza el motor de gasolina para respaldar el trabajo de la m\u00e1quina. <\/p>    <p>Estas son solo algunas partes, si desea saber m\u00e1s, consulte la imagen de la estructura a continuaci\u00f3n o cont\u00e1ctenos para obtener m\u00e1s detalles.<\/p>   <div class=\"wp-block-image\"> <figure class=\"aligncenter size-full\"><img loading=\"lazy\" decoding=\"async\" width=\"720\" height=\"540\" src=\"https:\/\/taizyagromachine.com\/wp-content\/uploads\/2022\/11\/4-row-rice-transplanter-machine-structure.webp\" alt=\"Estructura de la m\u00e1quina trasplantadora de arroz de 4 hileras\" class=\"wp-image-4128\"\/><figcaption class=\"wp-element-caption\">Estructura de la m\u00e1quina trasplantadora de arroz de 4 hileras<\/figcaption><\/figure> <\/div>   <h3 class=\"wp-block-heading\"><strong>Caracter\u00edsticas de la sembradora de arroz de 4 hileras.<\/strong><\/h3>    <ol class=\"wp-block-list\"> <li>La distancia se puede ajustar al trasplantar pl\u00e1ntulas de arroz utilizando la palanca de ajuste de velocidad y distancia, cuyo rango es de 12 a 14 cm o de 16 a 19 cm.<\/li>    <li>Cuando la m\u00e1quina trabaja en campos de arroz, la profundidad del lodo debe ser de 15 a 35 cm.<\/li>    <li>Esta m\u00e1quina permite realizar el trasplante de arroz de forma r\u00e1pida y eficaz, ahorrando mano de obra y no existiendo errores u omisiones en el trasplante.<\/li> <\/ol>    <h3 class=\"wp-block-heading\"><strong>Par\u00e1metros t\u00e9cnicos de la sembradora de arroz de 4 hileras.<\/strong><\/h3>    <figure class=\"wp-block-table\"><table><tbody><tr><td>Modelo<\/td><td>CY-4<\/td><\/tr><tr><td>N\u00famero de fila de trasplante<\/td><td>4<\/td><\/tr><tr><td>Fuerza<\/td><td>motor de gasolina yamaha<\/td><\/tr><tr><td>Dimensi\u00f3n L*W*H(mm)<\/td><td>1950*1250*1300<\/td><\/tr><tr><td>Velocidad de rotaci\u00f3n del motor (r\/min)<\/td><td>1800<\/td><\/tr><tr><td>Distancia entre filas (mm)<\/td><td>300<\/td><\/tr><tr><td>Distancia planta a planta (mm)<\/td><td>120\/140\/160\/180\/210<\/td><\/tr><tr><td>Eficiencia del trasplante<\/td><td>0,5 acres\/h<\/td><\/tr><tr><td>Peso bruto<\/td><td>165 kilogramos<\/td><\/tr><\/tbody><\/table><figcaption class=\"wp-element-caption\">Datos t\u00e9cnicos de la trasplantadora de arroz de 4 hileras con operador a pie. <\/figcaption><\/figure>    <h2 class=\"wp-block-heading\"><strong>Tipos 2: m\u00e1quina trasplantadora de arroz tipo caminante de 6 hileras<\/strong><\/h2>    <p>Este equipo de trasplante de arroz de 6 hileras se puede utilizar en campos de arroz de tama\u00f1o mediano, lo que es m\u00e1s rentable para los agricultores. Nuestra m\u00e1quina sembradora de arroz de 6 hileras tambi\u00e9n es manual y una persona debe controlar la m\u00e1quina mientras trabaja. De esta forma se consigue la combinaci\u00f3n de trabajo de persona y m\u00e1quina. Si est\u00e1 interesado, \u00a1p\u00f3ngase en contacto con nosotros para obtener m\u00e1s detalles! <\/p>   <div class=\"wp-block-image\"> <figure class=\"aligncenter size-full\"><img loading=\"lazy\" decoding=\"async\" width=\"720\" height=\"540\" src=\"https:\/\/taizyagromachine.com\/wp-content\/uploads\/2022\/11\/6-row-hand-paddy-rice-transplanter.webp\" alt=\"Trasplantadora manual de arroz con c\u00e1scara de 6 hileras\" class=\"wp-image-4132\"\/><figcaption class=\"wp-element-caption\">Trasplantadora manual de arroz con c\u00e1scara de 6 hileras<\/figcaption><\/figure> <\/div>   <h3 class=\"wp-block-heading\"><strong>Caracter\u00edsticas de la m\u00e1quina trasplantadora de arroz de 6 hileras<\/strong><\/h3>    <ol class=\"wp-block-list\"> <li>Este tipo de trasplantadora de arroz tiene un rango de ajuste de 12-14 cm o 16-21 cm.<\/li>    <li>Esta m\u00e1quina puede trabajar en campos donde la profundidad del lodo es de 15 a 35 cm.<\/li>    <li>Plantaci\u00f3n de alta eficiencia y alta precisi\u00f3n. <\/li> <\/ol>    <h3 class=\"wp-block-heading\"><strong>Par\u00e1metros t\u00e9cnicos de la trasplantadora manual de arroz de 6 hileras.<\/strong><\/h3>    <figure class=\"wp-block-table\"><table><tbody><tr><td>Modelo<\/td><td>2ZS-6<\/td><\/tr><tr><td>N\u00famero de fila de trasplante<\/td><td>6<\/td><\/tr><tr><td>Tipo de estructura<\/td><td>caminando de la mano<\/td><\/tr><tr><td>Di\u00e1metro de la rueda (mm)<\/td><td>660<\/td><\/tr><tr><td>Rueda<\/td><td>Impulso<\/td><\/tr><tr><td>Fuerza<\/td><td>Motor de gasolina de cuatro tiempos.<\/td><\/tr><tr><td>Potencia de salida del motor (kW\/rpm)<\/td><td>3.3\/3600<\/td><\/tr><tr><td>Dimensi\u00f3n L*W*H(mm)<\/td><td>2370*2280*910<\/td><\/tr><tr><td>Distancia fila a fila (mm)<\/td><td>300<\/td><\/tr><tr><td>Distancia entre plantas (mm)<\/td><td>210\/180\/160\/140\/120<\/td><\/tr><tr><td>Profundidad de trasplante (mm)<\/td><td>15-37<\/td><\/tr><tr><td>Eficiencia de trasplante (acres\/h)<\/td><td>0.1-0.25<\/td><\/tr><tr><td>Velocidad de plantaci\u00f3n (m\/s)<\/td><td>0.28-0.5<\/td><\/tr><tr><td>Tama\u00f1o del embalaje (mm)<\/td><td>2810*1760*600<\/td><\/tr><tr><td>Peso bruto (kg)<\/td><td>187<\/td><\/tr><tr><td>Unidades por contenedor de 40HQ<\/td><td>12 juegos<\/td><\/tr><\/tbody><\/table><figcaption class=\"wp-element-caption\">Especificaciones manuales de la m\u00e1quina plantadora de arroz<\/figcaption><\/figure>    <h2 class=\"wp-block-heading\"><strong>Tipos 3: m\u00e1quina trasplantadora de arroz mec\u00e1nica de 8 hileras<\/strong><\/h2>    <p>La trasplantadora de arroz Taizy de 8 hileras es una m\u00e1quina sembradora de arroz totalmente autom\u00e1tica, con una gran capacidad, adecuada para granjas de gran escala. Al usar esta m\u00e1quina, el operador puede sentarse para controlar la m\u00e1quina, lo que ahorra mucho tiempo y energ\u00eda, y es mucho m\u00e1s conveniente para plantar pl\u00e1ntulas de arroz con c\u00e1scara. <\/p>    <figure class=\"wp-block-gallery aligncenter has-nested-images columns-default is-cropped wp-block-gallery-3 is-layout-flex wp-block-gallery-is-layout-flex\"> <figure class=\"wp-block-image size-large\"><img loading=\"lazy\" decoding=\"async\" width=\"720\" height=\"540\" data-id=\"4133\" src=\"https:\/\/taizyagromachine.com\/wp-content\/uploads\/2022\/11\/8-row-rice-planting-machine.webp\" alt=\"M\u00e1quina sembradora de arroz de 8 hileras\" class=\"wp-image-4133\"\/><figcaption class=\"wp-element-caption\">M\u00e1quina sembradora de arroz de 8 hileras<\/figcaption><\/figure>    <figure class=\"wp-block-image size-large\"><img loading=\"lazy\" decoding=\"async\" width=\"720\" height=\"540\" data-id=\"4134\" src=\"https:\/\/taizyagromachine.com\/wp-content\/uploads\/2022\/11\/8-row-rice-transplanter.webp\" alt=\"Trasplantadora de arroz de 8 hileras\" class=\"wp-image-4134\"\/><figcaption class=\"wp-element-caption\">Trasplantadora de arroz de 8 hileras<\/figcaption><\/figure> <\/figure>    <h3 class=\"wp-block-heading\"><strong>Caracter\u00edsticas del equipo de trasplante de arroz con c\u00e1scara de 8 hileras.<\/strong><\/h3>    <ol class=\"wp-block-list\"> <li>La distancia de trasplante se puede ajustar mediante el mango para satisfacer las necesidades de su campo. <\/li>    <li>La profundidad del lodo es de 15 a 35 cm cuando la m\u00e1quina est\u00e1 trabajando en los arrozales.<\/li>    <li>M\u00e1quina de gran capacidad y peso ligero, para satisfacer las necesidades de los agricultores.<\/li> <\/ol>    <h3 class=\"wp-block-heading\"><strong>Especificaciones de la trasplantadora de arroz de 8 hileras a la venta.<\/strong><\/h3>    <figure class=\"wp-block-table\"><table><tbody><tr><td>Modelo<\/td><td>CY-8<\/td><\/tr><tr><td>N\u00famero de fila de trasplante<\/td><td>8<\/td><\/tr><tr><td>Modelo de motor di\u00e9sel<\/td><td>178F<\/td><\/tr><tr><td>Dimensi\u00f3n L*W*H(mm)<\/td><td>2410*2165*1300mm<\/td><\/tr><tr><td>Potencia del motor di\u00e9sel (kW\/HP)<\/td><td>4.05\/5.5<\/td><\/tr><tr><td>Velocidad de rotaci\u00f3n del motor di\u00e9sel (r\/min)<\/td><td>1800<\/td><\/tr><tr><td>Distancia fila a fila (mm)<\/td><td>238<\/td><\/tr><tr><td>Distancia colina a colina (mm)<\/td><td>120\/140<\/td><\/tr><tr><td>Eficiencia del trasplante<\/td><td>0,5-0,75 acres\/h<\/td><\/tr><tr><td>Tama\u00f1o de embalaje<\/td><td>2810*1760*600mm<\/td><\/tr><tr><td>Peso bruto<\/td><td>460 kilos<\/td><\/tr><tr><td>Unidades por contenedor de 20 pies<\/td><td>9 juegos<\/td><\/tr><\/tbody><\/table><figcaption class=\"wp-element-caption\">Datos t\u00e9cnicos de la trasplantadora de arroz de 8 hileras. <\/figcaption><\/figure>    <h2 class=\"wp-block-heading\"><strong>\u00bfC\u00f3mo trasplantar arroz en arrozales?<\/strong><\/h2>   <div id=\"rank-math-howto\" class=\"rank-math-block\" > <div class=\"rank-math-howto-description\">  <\/div>  <div class=\"rank-math-steps\"> <div id=\"howto-step-1704785977534\" class=\"rank-math-step\"> <h3 class=\"rank-math-step-title\"><strong>Verificaci\u00f3n previa al arranque del equipo.<\/strong><\/h3> <div class=\"rank-math-step-content\"><p>Antes de iniciar la operaci\u00f3n, aseg\u00farese de que todas las funciones de la trasplantadora de arroz est\u00e9n intactas, que el nivel de aceite del motor y el refrigerante del tanque de agua sean suficientes, y que el combustible sea suficiente y libre de impurezas. <br \/>Compruebe si las piezas est\u00e1n bien conectadas y si las agujas de las pl\u00e1ntulas y las horquillas de trasplante son normales.<\/p> <\/div> <\/div> <div id=\"howto-step-1704786004293\" class=\"rank-math-step\"> <h3 class=\"rank-math-step-title\"><strong>Arranque y ajuste<\/strong><\/h3> <div class=\"rank-math-step-content\"><p>Si\u00e9ntese en el asiento del conductor, cuelgue el freno y coloque la palanca de cambios principal en \"reposici\u00f3n de pl\u00e1ntulas\" o posici\u00f3n neutral, y arranque el motor con la palanca de plantaci\u00f3n en posici\u00f3n neutral. <br \/>Despu\u00e9s de asegurarse de que la m\u00e1quina est\u00e9 funcionando sin problemas, ajuste la profundidad de siembra y el espacio entre hileras de acuerdo con las condiciones del suelo y el espacio entre las plantas de arroz.<\/p> <\/div> <\/div> <div id=\"howto-step-1704786042269\" class=\"rank-math-step\"> <h3 class=\"rank-math-step-title\"><strong>Preparaci\u00f3n y posicionamiento de los arrozales.<\/strong><\/h3> <div class=\"rank-math-step-content\"><p>Aseg\u00farese de que el arrozal est\u00e9 nivelado y tenga la humedad adecuada, y luego coloque con precisi\u00f3n la sembradora de arroz a trav\u00e9s del dispositivo de direcci\u00f3n y elevaci\u00f3n de la m\u00e1quina, de modo que se desplace a lo largo de la l\u00ednea de siembra planificada previamente.<\/p> <\/div> <\/div> <div id=\"howto-step-1704786076693\" class=\"rank-math-step\"> <h3 class=\"rank-math-step-title\"><strong>Siembra y depuraci\u00f3n de arroz.<\/strong><\/h3> <div class=\"rank-math-step-content\"><p>Coloque las pl\u00e1ntulas de arroz cuidadas cuidadosamente en la caja de pl\u00e1ntulas y ajuste la cantidad de recolecci\u00f3n de pl\u00e1ntulas para que sea uniforme y consistente. Inicie la puerta de las pl\u00e1ntulas y el mecanismo de alimentaci\u00f3n de las pl\u00e1ntulas, observe si las pl\u00e1ntulas se aspiran y se insertan suavemente y, si es necesario, ajuste las piezas relacionadas a tiempo.<\/p> <\/div> <\/div> <div id=\"howto-step-1704786105818\" class=\"rank-math-step\"> <h3 class=\"rank-math-step-title\"><strong>Iniciar la operaci\u00f3n de trasplante<\/strong><\/h3> <div class=\"rank-math-step-content\"><p>Cuando se completen todas las configuraciones y ajustes, suelte lentamente el freno y acelere gradualmente la trasplantadora de arroz hasta alcanzar condiciones normales de funcionamiento. El operador debe prestar mucha atenci\u00f3n al efecto del trasplante y realizar ajustes en cualquier momento.<\/p> <\/div> <\/div> <div id=\"howto-step-1704786138253\" class=\"rank-math-step\"> <h3 class=\"rank-math-step-title\"><strong>Mantenimiento e inspecci\u00f3n a mitad de camino.<\/strong><\/h3> <div class=\"rank-math-step-content\"><p>Durante el funcionamiento continuo, detenga la m\u00e1quina peri\u00f3dicamente para comprobar el suministro de pl\u00e1ntulas en la caja de pl\u00e1ntulas, eliminar ra\u00edces u otros residuos que puedan estar enredados en las piezas y mantener el equipo limpio y en buenas condiciones de funcionamiento.<\/p> <\/div> <\/div> <div id=\"howto-step-1704786153477\" class=\"rank-math-step\"> <h3 class=\"rank-math-step-title\"><strong>Reposici\u00f3n y acabado de pl\u00e1ntulas.<\/strong><\/h3> <div class=\"rank-math-step-content\"><p>Puede utilizar la funci\u00f3n \"reponer pl\u00e1ntulas\" para reponer las \u00e1reas faltantes o escasas. Despu\u00e9s de completar todas las tareas de trasplante, apague el motor, limpie los residuos del equipo y realice el trabajo de mantenimiento de rutina para garantizar que la siguiente operaci\u00f3n se realice sin problemas.<\/p> <\/div> <\/div> <\/div> <\/div>       <h2 class=\"wp-block-heading\"><strong>Lista de repuestos para trasplantadora de arroz con operador a pie<\/strong><\/h2>    <figure class=\"wp-block-table\"><table><tbody><tr><td>S\/N<\/td><td>Nombre de las piezas de desgaste.<\/td><td>Imagen<\/td><\/tr><tr><td>1<\/td><td>carburador&nbsp;<\/td><td><img loading=\"lazy\" decoding=\"async\" width=\"150\" height=\"200\" class=\"wp-image-4165\" style=\"width: 150px;\" src=\"https:\/\/taizyagromachine.com\/wp-content\/uploads\/2022\/11\/carburetter.webp\" alt=\"carburador\"><\/td><\/tr><tr><td>2<\/td><td>Cintur\u00f3n SB-33<\/td><td><img loading=\"lazy\" decoding=\"async\" width=\"150\" height=\"129\" class=\"wp-image-4167\" style=\"width: 150px;\" src=\"https:\/\/taizyagromachine.com\/wp-content\/uploads\/2022\/11\/Belt-SB-33.webp\" alt=\"Cintur\u00f3n SB-33\"><\/td><\/tr><tr><td>3<\/td><td>ret\u00e9n de aceite 20\u00d732\u00d77<\/td><td><img loading=\"lazy\" decoding=\"async\" width=\"150\" height=\"139\" class=\"wp-image-4168\" style=\"width: 150px;\" src=\"https:\/\/taizyagromachine.com\/wp-content\/uploads\/2022\/11\/oilseal.webp\" alt=\"sello de aceite\"><\/td><\/tr><tr><td>4<\/td><td>montaje del sello de aceite30\u00d752\u00d712<\/td><td><img loading=\"lazy\" decoding=\"async\" width=\"150\" height=\"140\" class=\"wp-image-4169\" style=\"width: 150px;\" src=\"https:\/\/taizyagromachine.com\/wp-content\/uploads\/2022\/11\/oil-seal-assemble.webp\" alt=\"montaje del sello de aceite\"><\/td><\/tr><tr><td>5<\/td><td>conjunto de sello de aceite 15\u00d735\u00d711.5<\/td><td><img loading=\"lazy\" decoding=\"async\" width=\"150\" height=\"142\" class=\"wp-image-4171\" style=\"width: 150px;\" src=\"https:\/\/taizyagromachine.com\/wp-content\/uploads\/2022\/11\/oil-seal-assemble15.webp\" alt=\"conjunto de sello de aceite15\"><\/td><\/tr><tr><td>6<\/td><td>cable del acelerador&nbsp;<\/td><td><img loading=\"lazy\" decoding=\"async\" width=\"150\" height=\"110\" class=\"wp-image-4172\" style=\"width: 150px;\" src=\"https:\/\/taizyagromachine.com\/wp-content\/uploads\/2022\/11\/throttle-wire.webp\" alt=\"cable del acelerador\"><\/td><\/tr><tr><td>7<\/td><td>Cable del embrague de direcci\u00f3n<\/td><td><img loading=\"lazy\" decoding=\"async\" width=\"150\" height=\"84\" class=\"wp-image-4178\" style=\"width: 150px;\" src=\"https:\/\/taizyagromachine.com\/wp-content\/uploads\/2022\/11\/Steering-clutch-wire.webp\" alt=\"Cable del embrague de direcci\u00f3n\"><\/td><\/tr><tr><td>8<\/td><td>alambre de estrangulamiento<\/td><td><img loading=\"lazy\" decoding=\"async\" width=\"150\" height=\"92\" class=\"wp-image-4177\" style=\"width: 150px;\" src=\"https:\/\/taizyagromachine.com\/wp-content\/uploads\/2022\/11\/choke-wire.webp\" alt=\"alambre de estrangulamiento\"><\/td><\/tr><tr><td>9<\/td><td>Correa de transmisi\u00f3n<\/td><td><img loading=\"lazy\" decoding=\"async\" width=\"150\" height=\"128\" class=\"wp-image-4176\" style=\"width: 150px;\" src=\"https:\/\/taizyagromachine.com\/wp-content\/uploads\/2022\/11\/transmission-belt.webp\" alt=\"Correa de transmisi\u00f3n\"><\/td><\/tr><tr><td>10<\/td><td>brazo plantador&nbsp;<\/td><td><img loading=\"lazy\" decoding=\"async\" width=\"150\" height=\"116\" class=\"wp-image-4175\" style=\"width: 150px;\" src=\"https:\/\/taizyagromachine.com\/wp-content\/uploads\/2022\/11\/planting-arm-.webp\" alt=\"brazo plantador&nbsp;\"><\/td><\/tr><tr><td>11<\/td><td>aguja de plantar<\/td><td><img loading=\"lazy\" decoding=\"async\" width=\"150\" height=\"113\" class=\"wp-image-4174\" style=\"width: 150px;\" src=\"https:\/\/taizyagromachine.com\/wp-content\/uploads\/2022\/11\/planting-needle.webp\" alt=\"aguja de plantar\"><\/td><\/tr><\/tbody><\/table><figcaption class=\"wp-element-caption\">Lista de repuestos de m\u00e1quina sembradora de arroz.<\/figcaption><\/figure>    <p>Lo anterior es una lista de las piezas de desgaste de la m\u00e1quina trasplantadora de arroz semiautom\u00e1tica. Las distintas partes y funciones de la trasplantadora de arroz se pueden ver en su nombre. Al comprar una m\u00e1quina, tambi\u00e9n puede comprar algunos juegos adicionales de piezas de desgaste para garantizar que la m\u00e1quina funcione correctamente.<\/p>    <h2 class=\"wp-block-heading\"><strong>Casos de \u00e9xito de la m\u00e1quina trasplantadora m\u00faltiple de arroz<\/strong><\/h2>    <p>Nuestras trasplantadoras de arroz son m\u00e1quinas de excelente calidad, buen rendimiento y larga duraci\u00f3n. Por eso son tan populares en el pa\u00eds y en el extranjero. <\/p>    <p>Nuestras m\u00e1quinas se exportan a menudo al extranjero, por ejemplo a Togo y Pakist\u00e1n. Generalmente, empacamos las m\u00e1quinas en cajas de madera antes de cargarlas y enviarlas por mar al destino del cliente (si el cliente requiere un m\u00e9todo de entrega diferente, tambi\u00e9n es posible).<\/p>    <figure class=\"wp-block-gallery aligncenter has-nested-images columns-default is-cropped wp-block-gallery-4 is-layout-flex wp-block-gallery-is-layout-flex\"> <figure class=\"wp-block-image size-large\"><img loading=\"lazy\" decoding=\"async\" width=\"720\" height=\"540\" data-id=\"4163\" src=\"https:\/\/taizyagromachine.com\/wp-content\/uploads\/2022\/11\/package-rice-planting-machine-in-the-wooden-case.webp\" alt=\"Paquete de m\u00e1quina plantadora de arroz en caja de madera.\" class=\"wp-image-4163\"\/><figcaption class=\"wp-element-caption\">Paquete de m\u00e1quina plantadora de arroz en caja de madera.<\/figcaption><\/figure>    <figure class=\"wp-block-image size-large\"><img loading=\"lazy\" decoding=\"async\" width=\"720\" height=\"540\" data-id=\"4164\" src=\"https:\/\/taizyagromachine.com\/wp-content\/uploads\/2022\/11\/rice-transplanter-in-the-wooden-case.webp\" alt=\"Trasplantadora de arroz en caja de madera.\" class=\"wp-image-4164\"\/><figcaption class=\"wp-element-caption\">Trasplantadora de arroz en caja de madera.<\/figcaption><\/figure> <\/figure>    <h2 class=\"wp-block-heading\"><strong>\u00bfC\u00f3mo pedir la trasplantadora de arroz mec\u00e1nica Taizy?<\/strong><\/h2>    <ul class=\"wp-block-list\"> <li><strong>Comprensi\u00f3n del producto y confirmaci\u00f3n de la demanda.<\/strong>: Al contactarnos, nuestro personal de ventas lo ayudar\u00e1 a comprender en detalle los par\u00e1metros t\u00e9cnicos, las caracter\u00edsticas de rendimiento y el alcance de aplicaci\u00f3n de los diferentes modelos de trasplantadora de arroz, y a seleccionar el modelo correcto de acuerdo con el tama\u00f1o de su terreno agr\u00edcola, sus necesidades de siembra y su presupuesto.<\/li>    <li><strong>Selecci\u00f3n de configuraci\u00f3n y servicio personalizado.<\/strong>: De acuerdo con las necesidades reales de plantaci\u00f3n, determine si necesita comprar equipos auxiliares adicionales (como bandejas de pl\u00e1ntulas, dispositivos de fertilizaci\u00f3n, etc.) o presentar requisitos de personalizaci\u00f3n especiales, como ajustar el espacio entre hileras, el espacio entre plantas y otros par\u00e1metros.<\/li>    <li><strong>Cotizaci\u00f3n y negociaci\u00f3n de contratos.<\/strong>: Enviaremos la cotizaci\u00f3n y realizaremos una comunicaci\u00f3n y negociaci\u00f3n en profundidad sobre el precio de compra, fecha de entrega, m\u00e9todo de pago y servicio postventa, etc. Redactaremos un contrato de compra y venta despu\u00e9s de llegar a un acuerdo.<\/li>    <li><strong>Firma el contrato y paga el dep\u00f3sito.<\/strong>: Las dos partes firmaron formalmente el contrato de venta, usted paga una cierta cantidad de anticipo o dep\u00f3sito seg\u00fan el acuerdo, para garantizar que el pedido entre en vigor y entre en el proceso de producci\u00f3n.<\/li>    <li><strong>Entrega e instalaci\u00f3n y puesta en marcha de equipos.<\/strong>: Producimos la m\u00e1quina de acuerdo con el tiempo acordado y la probamos, y usted paga el pago restante de acuerdo con el contrato despu\u00e9s de la aceptaci\u00f3n. Despu\u00e9s de eso, entregaremos la trasplantadora de arroz a tiempo.<\/li> <\/ul>    <h2 class=\"wp-block-heading\"><strong>\u00a1Ponte en contacto con nosotros para tu siembra de arroz!<\/strong><\/h2>    <p class=\"translation-block\">\u00bfQuiere mejorar la eficiencia del <a href=\"https:\/\/en.wikipedia.org\/wiki\/Transplanting\" target=\"_blank\" rel=\"noopener\">trasplante<\/a> de pl\u00e1ntulas de arroz en campos de arrozales? Si es as\u00ed, p\u00f3ngase en contacto con nosotros.<\/p>    <p class=\"translation-block\">Como fabricante y proveedor integral de maquinaria agr\u00edcola, tambi\u00e9n disponemos de trasplantadores de hortalizas y <a href=\"https:\/\/taizyagromachine.com\/es\/product\/nursery-seedling-machine\/\">m\u00e1quinas de cr\u00eda de semilleros<\/a> para todo tipo de pl\u00e1ntulas de frutas y hortalizas. Le proporcionaremos la soluci\u00f3n y cotizaci\u00f3n \u00f3ptimas seg\u00fan sus necesidades, para garantizar la rentabilidad de la m\u00e1quina y, al mismo tiempo, \u00a1asegurar su tasa de plantaci\u00f3n de arroz!<\/p>","protected":false},"excerpt":{"rendered":"<p>La trasplantadora de arroz es especialmente para la siembra de arroz en los arrozales, con una siembra de alta precisi\u00f3n, buena eficiencia y tiene tipos de 4, 6 y 8 hileras. Presentamos cada tipo detalladamente en este art\u00edculo para su referencia.<\/p>","protected":false},"author":1,"featured_media":4146,"parent":0,"template":"","tags":[202,201,203],"product-type":[31],"class_list":["post-4122","product","type-product","status-publish","has-post-thumbnail","hentry","tag-rice-planting-machine","tag-rice-transplanter","tag-vegetable-transplanter","product-type-nursery-transplanter"],"_links":{"self":[{"href":"https:\/\/taizyagromachine.com\/es\/wp-json\/wp\/v2\/product\/4122","targetHints":{"allow":["GET"]}}],"collection":[{"href":"https:\/\/taizyagromachine.com\/es\/wp-json\/wp\/v2\/product"}],"about":[{"href":"https:\/\/taizyagromachine.com\/es\/wp-json\/wp\/v2\/types\/product"}],"author":[{"embeddable":true,"href":"https:\/\/taizyagromachine.com\/es\/wp-json\/wp\/v2\/users\/1"}],"wp:featuredmedia":[{"embeddable":true,"href":"https:\/\/taizyagromachine.com\/es\/wp-json\/wp\/v2\/media\/4146"}],"wp:attachment":[{"href":"https:\/\/taizyagromachine.com\/es\/wp-json\/wp\/v2\/media?parent=4122"}],"wp:term":[{"taxonomy":"post_tag","embeddable":true,"href":"https:\/\/taizyagromachine.com\/es\/wp-json\/wp\/v2\/tags?post=4122"},{"taxonomy":"product-type","embeddable":true,"href":"https:\/\/taizyagromachine.com\/es\/wp-json\/wp\/v2\/product-type?post=4122"}],"curies":[{"name":"wp","href":"https:\/\/api.w.org\/{rel}","templated":true}]}}