{"id":4358,"date":"2022-12-27T13:53:59","date_gmt":"2022-12-27T05:53:59","guid":{"rendered":"https:\/\/taizyagromachine.com\/?post_type=product&#038;p=4358"},"modified":"2025-12-18T15:02:32","modified_gmt":"2025-12-18T07:02:32","slug":"sorghum-threshing-machine","status":"publish","type":"product","link":"https:\/\/taizyagromachine.com\/es\/product\/sorghum-threshing-machine\/","title":{"rendered":"Trilladora de sorgo multiusos para mijo, sorgo y colza"},"content":{"rendered":"<p>La m\u00e1quina trilladora de sorgo serie 5TGQ es una desgranadora desarrollada por nuestra empresa espec\u00edficamente para sorgo, mijo y colza. Con una tasa de trilla superior a 99%, esta m\u00e1quina es una trilladora de granos inmejorable.<\/p>    <p class=\"translation-block\">Como fabricante y proveedor profesional de maquinaria agr\u00edcola, existen tres modelos: 5TGQ-100A, 5TGQ-100B y 5TGQ-100C. Hay diferentes modelos disponibles seg\u00fan la producci\u00f3n. Adem\u00e1s de esto, nuestras trilladoras de granos son compradas a menudo por gobiernos africanos para diversos proyectos gubernamentales.<\/p>    <h2 class=\"wp-block-heading\"><strong>Tipos de trilladora de cultivos m\u00faltiples para sorgo, mijo y colza<\/strong><\/h2>    <p>En Taizy disponemos de tres tipos de trilladoras de sorgo, cada una con sus propias caracter\u00edsticas. A continuaci\u00f3n encontrar\u00e1 una introducci\u00f3n a cada uno de ellos. Esperamos que lo siguiente le ayude a comprender mejor nuestros tres tipos diferentes de trilladoras de sorgo y le brinde una comprensi\u00f3n b\u00e1sica de esta m\u00e1quina.<\/p>    <h3 class=\"wp-block-heading\"><strong>Tipo 1: M\u00e1quina desgranadora de sorgo de 1000 kg\/h<\/strong><\/h3>    <div class=\"wp-block-media-text alignwide is-stacked-on-mobile\"><figure class=\"wp-block-media-text__media\"><img loading=\"lazy\" decoding=\"async\" width=\"540\" height=\"720\" src=\"https:\/\/taizyagromachine.com\/wp-content\/uploads\/2022\/12\/large-sorghum-threshing-machine.webp\" alt=\"trilladora de sorgo grande\" class=\"wp-image-4392 size-full\"\/><\/figure><div class=\"wp-block-media-text__content\"> <p>Este tipo de trilladora de sorgo es el m\u00e1s grande de los tres modelos. Esta m\u00e1quina tiene una producci\u00f3n de 1000 kg por hora y es muy eficiente. Para los agricultores que quieran realizar trillas a gran escala, esta m\u00e1quina es de gran ayuda.<\/p>    <p>No s\u00f3lo eso, sino que esta m\u00e1quina tambi\u00e9n se puede utilizar con un motor el\u00e9ctrico, un motor di\u00e9sel o conectarse a una toma de fuerza, lo que hace que sea muy f\u00e1cil de mover. Si est\u00e1 interesado en esta m\u00e1quina, \u00a1cont\u00e1ctenos!<\/p> <\/div><\/div>    <h3 class=\"wp-block-heading\"><strong>Tipo 2: 500-600 kg\/h <a href=\"https:\/\/taizyagromachine.com\/es\/product\/multifunctional-thresher\/\" target=\"_blank\" rel=\"noreferrer noopener\">M\u00e1quina trilladora multiusos<\/a><\/strong><\/h3>    <p>Esta m\u00e1quina trilladora de sorgo es una especie de m\u00e1quina de gran venta en Taizy y, a menudo, tenemos clientes extranjeros que realizan compras centralizadas, siempre en contenedores llenos. Con una producci\u00f3n de 500-600 kg por hora, esta m\u00e1quina es ideal para productores peque\u00f1os y medianos. La m\u00e1quina tambi\u00e9n es muy popular entre las organizaciones ben\u00e9ficas.<\/p>    <p>La m\u00e1quina desgranadora de sorgo puede utilizar un motor di\u00e9sel, un motor el\u00e9ctrico o una toma de fuerza. Es muy amigable para las personas que carecen de electricidad. Si es necesario, \u00a1p\u00f3ngase en contacto con nosotros de inmediato!<\/p>    <figure class=\"wp-block-gallery aligncenter has-nested-images columns-default is-cropped wp-block-gallery-2 is-layout-flex wp-block-gallery-is-layout-flex\"> <figure class=\"wp-block-image size-large\"><img loading=\"lazy\" decoding=\"async\" width=\"720\" height=\"540\" data-id=\"4378\" src=\"https:\/\/taizyagromachine.com\/wp-content\/uploads\/2022\/12\/diesel-engine-thresher-machine.webp\" alt=\"trilladora con motor diesel\" class=\"wp-image-4378\"\/><figcaption class=\"wp-element-caption\">trilladora con motor diesel<\/figcaption><\/figure>    <figure class=\"wp-block-image size-large\"><img loading=\"lazy\" decoding=\"async\" width=\"720\" height=\"540\" data-id=\"4379\" src=\"https:\/\/taizyagromachine.com\/wp-content\/uploads\/2022\/12\/electric-motor-sorghum-thresher.webp\" alt=\"trilladora de sorgo con motor el\u00e9ctrico\" class=\"wp-image-4379\"\/><figcaption class=\"wp-element-caption\">trilladora de sorgo con motor el\u00e9ctrico<\/figcaption><\/figure>    <figure class=\"wp-block-image size-large\"><img loading=\"lazy\" decoding=\"async\" width=\"720\" height=\"540\" data-id=\"4380\" src=\"https:\/\/taizyagromachine.com\/wp-content\/uploads\/2022\/12\/PTO-driven-crop-thresher.webp\" alt=\"Trilladora de toma de fuerza\" class=\"wp-image-4380\"\/><figcaption class=\"wp-element-caption\">Trilladora de toma de fuerza<\/figcaption><\/figure> <\/figure>    <h4 class=\"wp-block-heading\"><strong>Estructura de la trilladora multicultivo 5TGQ-100A y 5TGQ-100B<\/strong><\/h4>    <figure class=\"wp-block-gallery aligncenter has-nested-images columns-default is-cropped wp-block-gallery-3 is-layout-flex wp-block-gallery-is-layout-flex\"> <figure class=\"wp-block-image size-large\"><img loading=\"lazy\" decoding=\"async\" width=\"540\" height=\"900\" data-id=\"4390\" src=\"https:\/\/taizyagromachine.com\/wp-content\/uploads\/2022\/12\/big-sorghum-thresher-structure.webp\" alt=\"gran estructura de trilladora de sorgo\" class=\"wp-image-4390\"\/><figcaption class=\"wp-element-caption\">gran estructura de trilladora de sorgo<\/figcaption><\/figure>    <figure class=\"wp-block-image size-large\"><img loading=\"lazy\" decoding=\"async\" width=\"540\" height=\"900\" data-id=\"4391\" src=\"https:\/\/taizyagromachine.com\/wp-content\/uploads\/2022\/12\/PTO-big-tires.webp\" alt=\"PTO y neum\u00e1ticos grandes\" class=\"wp-image-4391\"\/><figcaption class=\"wp-element-caption\">PTO y neum\u00e1ticos grandes<\/figcaption><\/figure> <\/figure>    <figure class=\"wp-block-table\"><table><tbody><tr><td>S\/N<\/td><td>Parte de maquina<\/td><td>S\/N<\/td><td>Parte de maquina<\/td><\/tr><tr><td>1<\/td><td>Entrada<\/td><td>4<\/td><td>Salida de polvo<\/td><\/tr><tr><td>2<\/td><td>Malla de pantalla<\/td><td>5<\/td><td>Salida de basura<\/td><\/tr><tr><td>3<\/td><td>Salida<\/td><td>6<\/td><td>Motor diesel<\/td><\/tr><\/tbody><\/table><\/figure>    <p>Esta trilladora de sorgo tambi\u00e9n est\u00e1 disponible con motor, toma de fuerza y \u200b\u200besta m\u00e1quina puede equiparse con neum\u00e1ticos de gran tama\u00f1o, seg\u00fan las necesidades del cliente.<\/p>    <h3 class=\"wp-block-heading\"><strong>Tipo 3: Trilladora de sorgo de 400 kg\/h<\/strong><\/h3>    <p>Esta m\u00e1quina es la m\u00e1s peque\u00f1a de las tres y es adecuada para peque\u00f1os productores. Con una producci\u00f3n de 400 kg por hora, esta m\u00e1quina es muy econ\u00f3mica. Tambi\u00e9n se puede utilizar con motores el\u00e9ctricos, gasolina o di\u00e9sel, seg\u00fan las necesidades del cliente.<\/p>    <p>Si no est\u00e1 seguro de qu\u00e9 tipo de trilladora de sorgo es la adecuada para usted, puede contactarnos y nuestros profesionales le recomendar\u00e1n el tipo de m\u00e1quina m\u00e1s adecuada a sus necesidades.<\/p>    <figure class=\"wp-block-gallery aligncenter has-nested-images columns-default is-cropped wp-block-gallery-4 is-layout-flex wp-block-gallery-is-layout-flex\"> <figure class=\"wp-block-image size-large\"><img loading=\"lazy\" decoding=\"async\" width=\"720\" height=\"540\" data-id=\"4383\" src=\"https:\/\/taizyagromachine.com\/wp-content\/uploads\/2022\/12\/electric-motor-sorghum-threshing-machine.webp\" alt=\"trilladora de sorgo con motor el\u00e9ctrico\" class=\"wp-image-4383\"\/><figcaption class=\"wp-element-caption\">trilladora de sorgo con motor el\u00e9ctrico<\/figcaption><\/figure>    <figure class=\"wp-block-image size-large\"><img loading=\"lazy\" decoding=\"async\" width=\"720\" height=\"540\" data-id=\"4384\" src=\"https:\/\/taizyagromachine.com\/wp-content\/uploads\/2022\/12\/small-sorghum-millet-thresher.webp\" alt=\"trilladora peque\u00f1a de mijo y sorgo\" class=\"wp-image-4384\"\/><figcaption class=\"wp-element-caption\">trilladora peque\u00f1a de mijo y sorgo<\/figcaption><\/figure>    <figure class=\"wp-block-image size-large\"><img loading=\"lazy\" decoding=\"async\" width=\"720\" height=\"540\" data-id=\"4382\" src=\"https:\/\/taizyagromachine.com\/wp-content\/uploads\/2022\/12\/5TGQ-100C-sheller-machine.webp\" alt=\"M\u00e1quina desgranadora 5TGQ-100C\" class=\"wp-image-4382\"\/><figcaption class=\"wp-element-caption\">M\u00e1quina desgranadora 5TGQ-100C<\/figcaption><\/figure> <\/figure>    <h4 class=\"wp-block-heading\"><strong>Estructura de la trilladora de mijo y sorgo 5TGQ-100C <\/strong><\/h4>   <div class=\"wp-block-image\"> <figure class=\"aligncenter size-full\"><img loading=\"lazy\" decoding=\"async\" width=\"720\" height=\"540\" src=\"https:\/\/taizyagromachine.com\/wp-content\/uploads\/2022\/12\/structure-of-small-sorghum-threshing-machine.webp\" alt=\"Estructura de la peque\u00f1a trilladora de sorgo.\" class=\"wp-image-4388\"\/><figcaption class=\"wp-element-caption\">Estructura de la peque\u00f1a trilladora de sorgo.<\/figcaption><\/figure> <\/div>   <figure class=\"wp-block-table\"><table><tbody><tr><td>S\/N<\/td><td>Contenido indicado<\/td><\/tr><tr><td>A<\/td><td>Entrada: los trabajadores colocan las materias primas en la entrada.<\/td><\/tr><tr><td>B<\/td><td>Salida de residuos: el residuo se descargar\u00e1 de la salida.<\/td><\/tr><tr><td>C<\/td><td>Salida de semillas: esta salida para buenos productos finales, y los productos finales estar\u00e1n muy limpios.<\/td><\/tr><tr><td>D<\/td><td>Salida de impurezas: se descargar\u00e1 polvo por esta salida.<\/td><\/tr><tr><td>mi<\/td><td>Motor: este motor el\u00e9ctrico se puede cambiar a motores de gasolina o di\u00e9sel.<\/td><\/tr><\/tbody><\/table><\/figure>    <h2 class=\"wp-block-heading\"><strong>Aplicaciones de la m\u00e1quina trilladora de sorgo Taizy<\/strong><\/h2>    <p>Nuestra trilladora multifuncional de granos se utiliza principalmente para trillar sorgo, mijo y colza, y sus aplicaciones son similares a estos tres granos. Si tiene alguna pregunta, puede contactarnos y nuestro gerente de ventas le recomendar\u00e1 la m\u00e1quina adecuada para usted seg\u00fan sus granos.<\/p>   <div class=\"wp-block-image\"> <figure class=\"aligncenter size-full\"><img loading=\"lazy\" decoding=\"async\" width=\"720\" height=\"540\" src=\"https:\/\/taizyagromachine.com\/wp-content\/uploads\/2022\/12\/applications-of-sorghum-thresher-machine.webp\" alt=\"Aplicaciones de la m\u00e1quina trilladora de sorgo.\" class=\"wp-image-4374\"\/><figcaption class=\"wp-element-caption\">Aplicaciones de la m\u00e1quina trilladora de sorgo.<\/figcaption><\/figure> <\/div>   <h2 class=\"wp-block-heading\"><strong>Caracter\u00edsticas de la trilladora de mijo y sorgo<\/strong><\/h2>    <ol class=\"wp-block-list\"> <li>Esta trilladora puede trillar sorgo, mijo y colza con una tasa de trilla de 99%.<\/li>    <li>Esta m\u00e1quina se puede utilizar con un motor el\u00e9ctrico o di\u00e9sel, lo que la hace muy amigable para \u00e1reas con electricidad menos desarrollada.<\/li>    <li>La m\u00e1quina trilladora de sorgo est\u00e1 cient\u00edficamente dise\u00f1ada, estructuralmente s\u00f3lida, estable y f\u00e1cil de operar.<\/li>    <li>La m\u00e1quina est\u00e1 dise\u00f1ada para diferentes granos y necesita ser reemplazada por una criba adecuada.<\/li>    <li>La m\u00e1quina puede equiparse con una rueda grande y tambi\u00e9n puede utilizarse con una conexi\u00f3n de toma de fuerza y \u200b\u200bun tractor, lo cual es muy conveniente.<\/li> <\/ol>    <h2 class=\"wp-block-heading\"><strong>Casos exitosos de la m\u00e1quina trilladora de sorgo Taizy<\/strong><\/h2>    <p>Nuestra m\u00e1quina desgranadora de sorgo es muy popular en el mercado internacional, a menudo para exportaci\u00f3n minorista, y cada vez nuestros clientes compran nuestras m\u00e1quinas en grandes cantidades para proyectos o compras gubernamentales. Por ejemplo, Kenia, Nigeria y otros pa\u00edses. La siguiente imagen muestra escenas de nuestro transporte cuando el cliente compra una gran cantidad de trilladoras.<\/p>    <figure class=\"wp-block-gallery aligncenter has-nested-images columns-default is-cropped wp-block-gallery-5 is-layout-flex wp-block-gallery-is-layout-flex\"> <figure class=\"wp-block-image size-large\"><img loading=\"lazy\" decoding=\"async\" width=\"540\" height=\"720\" data-id=\"4365\" src=\"https:\/\/taizyagromachine.com\/wp-content\/uploads\/2022\/12\/packing-sorghum-thresher-machine.webp\" alt=\"M\u00e1quina trilladora de embalaje de sorgo\" class=\"wp-image-4365\"\/><figcaption class=\"wp-element-caption\">M\u00e1quina trilladora de embalaje de sorgo<\/figcaption><\/figure>    <figure class=\"wp-block-image size-large\"><img loading=\"lazy\" decoding=\"async\" width=\"540\" height=\"720\" data-id=\"4366\" src=\"https:\/\/taizyagromachine.com\/wp-content\/uploads\/2022\/12\/sorghum-threshing-machine-1.webp\" alt=\"trilladora de sorgo\" class=\"wp-image-4366\"\/><figcaption class=\"wp-element-caption\">trilladora de sorgo<\/figcaption><\/figure> <\/figure>    <h2 class=\"wp-block-heading\"><strong>Par\u00e1metros t\u00e9cnicos de la m\u00e1quina trilladora de sorgo<\/strong><\/h2>    <figure class=\"wp-block-table\"><table><tbody><tr><td>Modelo<\/td><td>5TGQ-100A<\/td><td>5TGQ-100B<\/td><td>5TGQ-100C<\/td><\/tr><tr><td>Fuerza<\/td><td>7,5-11 kw o 12-15 CV<\/td><td>4-5,5 kw o 6-8 CV<\/td><td>3kw o 6hp<\/td><\/tr><tr><td>Tasa de pelado<\/td><td>99%<\/td><td>99%<\/td><td>99%<\/td><\/tr><tr><td>Capacidad<\/td><td>1000kg\/hora<\/td><td>500-600kg\/hora<\/td><td>400kg\/h<\/td><\/tr><tr><td>Peso<\/td><td>300 kilos<\/td><td>200 kilos<\/td><td>120 kilos<\/td><\/tr><tr><td>Tama\u00f1o<\/td><td>1800*1000*2300mm<\/td><td>1700*900*2000mm<\/td><td>1650*1200*950mm<\/td><\/tr><tr><td>Embalaje<\/td><td>1800*800*1700mm<\/td><td>1700*530*1300mm<\/td><td>1650*530*930mm<\/td><\/tr><\/tbody><\/table><\/figure>    <h2 class=\"wp-block-heading\"><strong>V\u00eddeo de la m\u00e1quina trilladora de sorgo Taizy<\/strong> <strong>\u2013 \u00bfC\u00f3mo Trillar Sorgo, Mijo?<\/strong><\/h2>    <figure class=\"wp-block-embed is-type-video is-provider-youtube wp-block-embed-youtube wp-embed-aspect-16-9 wp-has-aspect-ratio\"><div class=\"wp-block-embed__wrapper\"> <iframe loading=\"lazy\" title=\"M\u00e1quina trilladora de sorgo Taizy para mijo, mijo perla, sorgo, trilladora multifuncional de colza\" width=\"500\" height=\"281\" src=\"https:\/\/www.youtube.com\/embed\/ypdBGXZhrZs?feature=oembed\" frameborder=\"0\" allow=\"accelerometer; autoplay; clipboard-write; encrypted-media; gyroscope; picture-in-picture; web-share\" referrerpolicy=\"strict-origin-when-cross-origin\" allowfullscreen><\/iframe> <\/div><\/figure>","protected":false},"excerpt":{"rendered":"<p>The 5TGQ series sorghum threshing machine is a sheller developed by our company specifically for sorghum, millet, and rapeseed. With a threshing rate of over 99%, this machine is an unbeatable grain thresher. As a professional manufacturer and supplier of agricultural machinery, there are three models: 5TGQ-100A, 5TGQ-100B, and 5TGQ-100C. Different models are available depending [&hellip;]<\/p>\n","protected":false},"author":1,"featured_media":4359,"parent":0,"template":"","tags":[198,207],"product-type":[22],"class_list":["post-4358","product","type-product","status-publish","has-post-thumbnail","hentry","tag-multifunctional-thresher","tag-sorghum-threshing-machine","product-type-others"],"_links":{"self":[{"href":"https:\/\/taizyagromachine.com\/es\/wp-json\/wp\/v2\/product\/4358","targetHints":{"allow":["GET"]}}],"collection":[{"href":"https:\/\/taizyagromachine.com\/es\/wp-json\/wp\/v2\/product"}],"about":[{"href":"https:\/\/taizyagromachine.com\/es\/wp-json\/wp\/v2\/types\/product"}],"author":[{"embeddable":true,"href":"https:\/\/taizyagromachine.com\/es\/wp-json\/wp\/v2\/users\/1"}],"wp:featuredmedia":[{"embeddable":true,"href":"https:\/\/taizyagromachine.com\/es\/wp-json\/wp\/v2\/media\/4359"}],"wp:attachment":[{"href":"https:\/\/taizyagromachine.com\/es\/wp-json\/wp\/v2\/media?parent=4358"}],"wp:term":[{"taxonomy":"post_tag","embeddable":true,"href":"https:\/\/taizyagromachine.com\/es\/wp-json\/wp\/v2\/tags?post=4358"},{"taxonomy":"product-type","embeddable":true,"href":"https:\/\/taizyagromachine.com\/es\/wp-json\/wp\/v2\/product-type?post=4358"}],"curies":[{"name":"wp","href":"https:\/\/api.w.org\/{rel}","templated":true}]}}