{"id":4407,"date":"2022-12-29T11:06:32","date_gmt":"2022-12-29T03:06:32","guid":{"rendered":"https:\/\/taizyagromachine.com\/?post_type=product&#038;p=4407"},"modified":"2022-12-29T16:34:35","modified_gmt":"2022-12-29T08:34:35","slug":"corn-peeling-machine","status":"publish","type":"product","link":"https:\/\/taizyagromachine.com\/es\/product\/corn-peeling-machine\/","title":{"rendered":"Peque\u00f1a m\u00e1quina peladora de ma\u00edz para quitar la piel del ma\u00edz"},"content":{"rendered":"<p class=\"translation-block\">Esta m\u00e1quina peladora de ma\u00edz se utiliza principalmente para quitar la piel del ma\u00edz para la preparaci\u00f3n del siguiente proceso. Adem\u00e1s, esta m\u00e1quina tambi\u00e9n es para el trigo. Despu\u00e9s de pelar, siempre funciona con la <a href=\"https:\/\/taizyagromachine.com\/es\/product\/disk-mill-machine\/\" target=\"_blank\" rel=\"noreferrer noopener\">m\u00e1quina trituradora de ma\u00edz<\/a> para obtener polvo fino. <\/p>    <p class=\"translation-block\">Con el desarrollo de los tiempos, nuestra maquinaria agr\u00edcola tambi\u00e9n tiene cambios r\u00e1pidos, utilizando la <a href=\"https:\/\/taizyagromachine.com\/es\/product\/maize-grits-milling-machine\/\" target=\"_blank\" rel=\"noreferrer noopener\">m\u00e1quina de s\u00e9mola de ma\u00edz<\/a> se pueden lograr tanto funciones de pelado de ma\u00edz como de producci\u00f3n de s\u00e9mola de ma\u00edz. Depende principalmente de usted planificar. Si est\u00e1 interesado, \u00a1bienvenido a contactarnos para m\u00e1s informaci\u00f3n!<\/p>    <h2 class=\"wp-block-heading\"><strong>Tipos de peladoras de ma\u00edz multifunci\u00f3n a la venta<\/strong><\/h2>    <p class=\"translation-block\">Como <a href=\"https:\/\/taizyagromachine.com\/es\/\" target=\"_blank\" rel=\"noreferrer noopener\">fabricante y proveedor profesional de maquinaria agr\u00edcola<\/a>, nuestra peladora de ma\u00edz se puede utilizar con motores el\u00e9ctricos o di\u00e9sel. Para aquellos que prefieren una m\u00e1quina con m\u00faltiples configuraciones de potencia, esta m\u00e1quina es la opci\u00f3n ideal.<\/p>    <p class=\"translation-block\">Esta m\u00e1quina peladora de ma\u00edz es muy popular entre nuestros clientes debido a su buen rendimiento, facilidad de movimiento, dise\u00f1o compacto y estructura razonable. A menudo, los clientes compran el gabinete completo o junto con otras m\u00e1quinas, por ejemplo, <a href=\"https:\/\/taizyagromachine.com\/es\/info\/corn-grinder-machine-australia\/\" target=\"_blank\" rel=\"noreferrer noopener\">un cliente australiano compr\u00f3 recientemente m\u00e1quinas de ma\u00edz, incluida una peladora de ma\u00edz<\/a>.<\/p>    <figure class=\"wp-block-gallery aligncenter has-nested-images columns-default is-cropped wp-block-gallery-2 is-layout-flex wp-block-gallery-is-layout-flex\"> <figure class=\"wp-block-image size-full\"><img loading=\"lazy\" decoding=\"async\" width=\"540\" height=\"720\" data-id=\"4416\" src=\"https:\/\/taizyagromachine.com\/wp-content\/uploads\/2022\/12\/electric-motor-maize-peeler.webp\" alt=\"peladora-de-maiz-con-motor-electrico\" class=\"wp-image-4416\"\/><figcaption class=\"wp-element-caption\">peladora de ma\u00edz con motor el\u00e9ctrico<\/figcaption><\/figure>    <figure class=\"wp-block-image size-full\"><img loading=\"lazy\" decoding=\"async\" width=\"540\" height=\"720\" data-id=\"4417\" src=\"https:\/\/taizyagromachine.com\/wp-content\/uploads\/2022\/12\/diesel-engined-corn-peeler.webp\" alt=\"peladora de ma\u00edz con motor diesel\" class=\"wp-image-4417\"\/><figcaption class=\"wp-element-caption\">peladora de ma\u00edz con motor diesel<\/figcaption><\/figure> <\/figure>    <h2 class=\"wp-block-heading\"><strong>\u00bfCu\u00e1l es el dise\u00f1o de la m\u00e1quina peladora de ma\u00edz?<\/strong><\/h2>   <div class=\"wp-block-image\"> <figure class=\"aligncenter size-full\"><img loading=\"lazy\" decoding=\"async\" width=\"720\" height=\"540\" src=\"https:\/\/taizyagromachine.com\/wp-content\/uploads\/2022\/12\/structure-of-the-corn-skin-peeling-machine.webp\" alt=\"Estructura de la m\u00e1quina peladora de piel de ma\u00edz.\" class=\"wp-image-4414\"\/><figcaption class=\"wp-element-caption\">Estructura de la m\u00e1quina peladora de piel de ma\u00edz.<\/figcaption><\/figure> <\/div>   <figure class=\"wp-block-table\"><table><tbody><tr><td class=\"has-text-align-center\" data-align=\"center\">S\/N<\/td><td class=\"has-text-align-center\" data-align=\"center\">Parte de maquina<\/td><td class=\"has-text-align-center\" data-align=\"center\">S\/N<\/td><td class=\"has-text-align-center\" data-align=\"center\">Parte de maquina<\/td><\/tr><tr><td class=\"has-text-align-center\" data-align=\"center\">1<\/td><td class=\"has-text-align-center\" data-align=\"center\">Alimentador<\/td><td class=\"has-text-align-center\" data-align=\"center\">4<\/td><td class=\"has-text-align-center\" data-align=\"center\">Controlar la velocidad de alimentaci\u00f3n<\/td><\/tr><tr><td class=\"has-text-align-center\" data-align=\"center\">2<\/td><td class=\"has-text-align-center\" data-align=\"center\">Cuchilla peladora<\/td><td class=\"has-text-align-center\" data-align=\"center\">5<\/td><td class=\"has-text-align-center\" data-align=\"center\">Salida de grano peque\u00f1o<\/td><\/tr><tr><td class=\"has-text-align-center\" data-align=\"center\">3<\/td><td class=\"has-text-align-center\" data-align=\"center\">Salida de exfoliaci\u00f3n de la piel<\/td><td class=\"has-text-align-center\" data-align=\"center\">6<\/td><td class=\"has-text-align-center\" data-align=\"center\">Salida de producto terminado<\/td><\/tr><\/tbody><\/table><\/figure>    <h2 class=\"wp-block-heading\"><strong>Factores que afectan el precio de la m\u00e1quina peladora de ma\u00edz<\/strong><\/h2>    <p>El precio de una m\u00e1quina peladora de ma\u00edz est\u00e1 influenciado por varios aspectos, como la elecci\u00f3n de la potencia de la m\u00e1quina, la distancia del pa\u00eds de transporte, el per\u00edodo de compra, la cantidad de m\u00e1quinas a comprar, etc. El precio de la m\u00e1quina. Si est\u00e1 interesado en comprar este tipo de m\u00e1quina peladora de piel de ma\u00edz, por favor cont\u00e1ctenos y nuestro personal comercial le brindar\u00e1 la mejor soluci\u00f3n de acuerdo a sus necesidades.<\/p>    <h2 class=\"wp-block-heading\"><strong>Caso de \u00e9xito: 30 juegos de peladoras de ma\u00edz vendidos a Bukifarnasso<\/strong><\/h2>    <p class=\"translation-block\">Un cliente de Bukifarnasso nos ha pedido 30 peladoras de ma\u00edz. El cliente nos contact\u00f3 a trav\u00e9s de WhatsApp, indicando que estaba trabajando en un proyecto de licitaci\u00f3n y necesitaba comprar una gran cantidad de estas m\u00e1quinas. Nuestro personal de ventas lo ayud\u00f3 proactivamente con los diversos materiales requeridos para la licitaci\u00f3n y el proyecto finalmente se gan\u00f3. El cliente tambi\u00e9n nos compr\u00f3 directamente 30 juegos de <a href=\"https:\/\/en.wikipedia.org\/wiki\/Peeler\" target=\"_blank\" rel=\"noreferrer noopener\">peladoras<\/a> de ma\u00edz. A continuaci\u00f3n, se muestran las im\u00e1genes de producci\u00f3n de la m\u00e1quina y de carga y env\u00edo.<\/p>    <figure class=\"wp-block-gallery aligncenter has-nested-images columns-default is-cropped wp-block-gallery-3 is-layout-flex wp-block-gallery-is-layout-flex\"> <figure class=\"wp-block-image size-large\"><img loading=\"lazy\" decoding=\"async\" width=\"540\" height=\"550\" data-id=\"4418\" src=\"https:\/\/taizyagromachine.com\/wp-content\/uploads\/2022\/12\/corn-peeling-machine-manufacturer-supplier.webp\" alt=\"fabricante y proveedor de m\u00e1quinas peladoras de ma\u00edz\" class=\"wp-image-4418\"\/><figcaption class=\"wp-element-caption\">fabricante y proveedor de m\u00e1quinas peladoras de ma\u00edz<\/figcaption><\/figure>    <figure class=\"wp-block-image size-large\"><img loading=\"lazy\" decoding=\"async\" width=\"540\" height=\"550\" data-id=\"4419\" src=\"https:\/\/taizyagromachine.com\/wp-content\/uploads\/2022\/12\/loading-and-shipping-corn-peeling-machine.webp\" alt=\"M\u00e1quina peladora de ma\u00edz de carga y env\u00edo\" class=\"wp-image-4419\"\/><figcaption class=\"wp-element-caption\">M\u00e1quina peladora de ma\u00edz de carga y env\u00edo<\/figcaption><\/figure> <\/figure>    <h2 class=\"wp-block-heading\"><strong>Par\u00e1metros t\u00e9cnicos de la peladora de ma\u00edz peque\u00f1a<\/strong><\/h2>    <figure class=\"wp-block-table\"><table><tbody><tr><td>Nombre de la m\u00e1quina<\/td><td>peladora de maiz<\/td><\/tr><tr><td>Fuerza<\/td><td>Motor el\u00e9ctrico de 5,5 kw o motor di\u00e9sel de 12 CV.<\/td><\/tr><tr><td>Capacidad<\/td><td>300-500kg\/h<\/td><\/tr><tr><td>Peso<\/td><td>100 kilos<\/td><\/tr><tr><td>Tama\u00f1o<\/td><td>660*450*1020mm<\/td><\/tr><tr><td>Volumen de embalaje<\/td><td>0,6 cbm<\/td><\/tr><tr><td>Solicitud<\/td><td>ma\u00edz, trigo<\/td><\/tr><\/tbody><\/table><\/figure>    <h2 class=\"wp-block-heading\"><strong>Video de la m\u00e1quina peladora de ma\u00edz Taizy Farm Use: \u00bfC\u00f3mo pelar la piel del ma\u00edz?<\/strong><\/h2>    <figure class=\"wp-block-embed is-type-video is-provider-youtube wp-block-embed-youtube wp-embed-aspect-16-9 wp-has-aspect-ratio\"><div class=\"wp-block-embed__wrapper\"> <iframe loading=\"lazy\" title=\"Peladora de ma\u00edz peque\u00f1a - Peladora de ma\u00edz a la venta al mejor precio de Taizy 2022 #corns\" width=\"500\" height=\"281\" src=\"https:\/\/www.youtube.com\/embed\/GhLNC2FutO4?feature=oembed\" frameborder=\"0\" allow=\"accelerometer; autoplay; clipboard-write; encrypted-media; gyroscope; picture-in-picture; web-share\" referrerpolicy=\"strict-origin-when-cross-origin\" allowfullscreen><\/iframe> <\/div><\/figure>","protected":false},"excerpt":{"rendered":"<p>This corn peeling machine is mainly used to remove the maize skin for the preparation of the next process. Besides, this machine is also for the wheat. After peeling, it always works with the corn grinder machine for fine powder. With the development of the times, our agricultural machinery also has rapid changes, using the [&hellip;]<\/p>\n","protected":false},"author":1,"featured_media":4408,"parent":0,"template":"","tags":[189,208],"product-type":[17],"class_list":["post-4407","product","type-product","status-publish","has-post-thumbnail","hentry","tag-corn-grits-making-machine","tag-corn-peeling-machine","product-type-corn-machine"],"_links":{"self":[{"href":"https:\/\/taizyagromachine.com\/es\/wp-json\/wp\/v2\/product\/4407","targetHints":{"allow":["GET"]}}],"collection":[{"href":"https:\/\/taizyagromachine.com\/es\/wp-json\/wp\/v2\/product"}],"about":[{"href":"https:\/\/taizyagromachine.com\/es\/wp-json\/wp\/v2\/types\/product"}],"author":[{"embeddable":true,"href":"https:\/\/taizyagromachine.com\/es\/wp-json\/wp\/v2\/users\/1"}],"wp:featuredmedia":[{"embeddable":true,"href":"https:\/\/taizyagromachine.com\/es\/wp-json\/wp\/v2\/media\/4408"}],"wp:attachment":[{"href":"https:\/\/taizyagromachine.com\/es\/wp-json\/wp\/v2\/media?parent=4407"}],"wp:term":[{"taxonomy":"post_tag","embeddable":true,"href":"https:\/\/taizyagromachine.com\/es\/wp-json\/wp\/v2\/tags?post=4407"},{"taxonomy":"product-type","embeddable":true,"href":"https:\/\/taizyagromachine.com\/es\/wp-json\/wp\/v2\/product-type?post=4407"}],"curies":[{"name":"wp","href":"https:\/\/api.w.org\/{rel}","templated":true}]}}