{"id":4448,"date":"2023-01-03T15:20:28","date_gmt":"2023-01-03T07:20:28","guid":{"rendered":"https:\/\/taizyagromachine.com\/?post_type=product&#038;p=4448"},"modified":"2025-03-20T14:03:30","modified_gmt":"2025-03-20T06:03:30","slug":"hydraulic-hay-baler","status":"publish","type":"product","link":"https:\/\/taizyagromachine.com\/es\/product\/hydraulic-hay-baler\/","title":{"rendered":"Empacadora de heno hidr\u00e1ulica de 2 cilindros para prensar pacas cuadradas"},"content":{"rendered":"<p class=\"translation-block\">Esta empacadora hidr\u00e1ulica de heno se utiliza para empacar diversos materiales de ensilaje como paja, paja de pino, hierba, etc., para formar pacas cuadradas. A menudo se la denomina <a href=\"https:\/\/taizyagromachine.com\/es\/product\/3-cylinder-hydraulic-silage-baler\/\" target=\"_blank\" rel=\"noreferrer noopener\">m\u00e1quina empacadora hidr\u00e1ulica de ensilaje<\/a> de 2 cilindros porque tiene 2 cilindros hidr\u00e1ulicos. La empacadora de ensilaje se puede utilizar con motores el\u00e9ctricos o di\u00e9sel, lo que la convierte en una opci\u00f3n flexible.<\/p>   <div class=\"wp-block-image\"> <figure class=\"aligncenter size-full\"><img loading=\"lazy\" decoding=\"async\" width=\"720\" height=\"300\" src=\"https:\/\/taizyagromachine.com\/wp-content\/uploads\/2023\/01\/hydraulic-silage-press-baler-machine.webp\" alt=\"Prensa empacadora de ensilado hidr\u00e1ulica\" class=\"wp-image-4461\"\/><figcaption class=\"wp-element-caption\">Prensa empacadora de ensilado hidr\u00e1ulica<\/figcaption><\/figure> <\/div>   <p>Adem\u00e1s de esto, las balas cuadradas formadas por esta m\u00e1quina empacadora de ensilado cuadrada deben envasarse en bolsas tejidas de PE\/PP. El ensacado evita que el ensilaje se enmohezca.<\/p>    <figure class=\"wp-block-embed is-type-video is-provider-youtube wp-block-embed-youtube wp-embed-aspect-16-9 wp-has-aspect-ratio\"><div class=\"wp-block-embed__wrapper\"> <iframe loading=\"lazy\" title=\"Empacadora de ensilaje con prensa hidr\u00e1ulica para empacado de ensilaje cuadrado - Maquinaria de embalaje de ensilaje #silage\" width=\"500\" height=\"281\" src=\"https:\/\/www.youtube.com\/embed\/hkYSZuUMRCA?feature=oembed\" frameborder=\"0\" allow=\"accelerometer; autoplay; clipboard-write; encrypted-media; gyroscope; picture-in-picture; web-share\" referrerpolicy=\"strict-origin-when-cross-origin\" allowfullscreen><\/iframe> <\/div><figcaption class=\"wp-element-caption\">empacador de ensilaje hidr\u00e1ulico para balas cuadradas<\/figcaption><\/figure>    <h2 class=\"wp-block-heading\"><strong>Estructura de <a href=\"https:\/\/silagebaler.com\/double-cylinder-hydraulic-silage-baler\/\" target=\"_blank\" rel=\"noreferrer noopener\">M\u00e1quina empacadora de heno hidr\u00e1ulica de 2 cilindros<\/a><\/strong><\/h2>    <p>Nuestra empacadora de paja de pino hidr\u00e1ulica ha sido constantemente actualizada y ahora es una m\u00e1quina con mejores prestaciones y calidad.<\/p>   <div class=\"wp-block-image\"> <figure class=\"aligncenter size-full\"><img loading=\"lazy\" decoding=\"async\" width=\"720\" height=\"540\" src=\"https:\/\/taizyagromachine.com\/wp-content\/uploads\/2023\/01\/structure-2-cylinder-hydraulic-hay-baler.webp\" alt=\"Estructura de la empacadora de heno hidr\u00e1ulica de 2 cilindros.\" class=\"wp-image-4457\"\/><figcaption class=\"wp-element-caption\">Estructura de la empacadora de heno hidr\u00e1ulica de 2 cilindros.<\/figcaption><\/figure> <\/div>   <figure class=\"wp-block-table\"><table><tbody><tr><td>S\/N<\/td><td>Nombre de la pieza de la m\u00e1quina<\/td><td>S\/N<\/td><td>Nombre de la pieza de la m\u00e1quina<\/td><\/tr><tr><td>&nbsp;1<\/td><td>&nbsp;Entrada<\/td><td>&nbsp;4<\/td><td>&nbsp;Cabina de control<\/td><\/tr><tr><td>&nbsp;2<\/td><td>&nbsp;Almacenamiento de petr\u00f3leo<\/td><td>&nbsp;5<\/td><td>&nbsp;Cilindro hidr\u00e1ulico (totalmente 2 cilindros)<\/td><\/tr><tr><td>&nbsp;3<\/td><td>&nbsp;Motor di\u00e9sel (tambi\u00e9n puede utilizar el motor el\u00e9ctrico)<\/td><td>&nbsp;6<\/td><td>Orificio de descarga<\/td><\/tr><\/tbody><\/table><\/figure>    <h2 class=\"wp-block-heading\"><strong>Ventajas de la empacadora de heno de ensilado con prensa hidr\u00e1ulica Taizy<\/strong><\/h2>    <ol class=\"wp-block-list\"> <li>Esta m\u00e1quina puede exprimir todo tipo de ensilaje (paja seca y h\u00fameda, heno, ensilaje) en fardos cuadrados para almacenamiento a largo plazo.<\/li>    <li>La m\u00e1quina puede funcionar de manera flexible con un motor el\u00e9ctrico o di\u00e9sel, lo cual es muy amigable para \u00e1reas con electricidad inestable.<\/li>    <li>La m\u00e1quina empacadora de heno con prensa hidr\u00e1ulica funciona principalmente hidr\u00e1ulicamente para la prensa de forraje, lo cual es muy bueno y eficiente.<\/li>    <li>La m\u00e1quina tambi\u00e9n puede equiparse con neum\u00e1ticos y caballetes (seg\u00fan las necesidades del cliente) para facilitar su movilidad.<\/li>    <li>La empacadora de heno hidr\u00e1ulica est\u00e1 equipada con una sonda hidr\u00e1ulica para detectar el funcionamiento de la m\u00e1quina.<\/li> <\/ol>    <h2 class=\"wp-block-heading\"><strong>Principio de funcionamiento de la empacadora de heno hidr\u00e1ulica <\/strong><\/h2>    <p>La m\u00e1quina se basa en hidr\u00e1ulica para realizar diversas actividades. En primer lugar se pone en marcha la m\u00e1quina y se introduce el ensilado por la entrada, normalmente mediante una cinta transportadora. Luego, los cilindros hidr\u00e1ulicos exprimen el ensilado para formar una paca cuadrada. A continuaci\u00f3n, la paca cuadrada se descarga a trav\u00e9s de la salida y se envasa con una bolsa tejida. Todo el proceso est\u00e1 completo.<\/p>   <div class=\"wp-block-image\"> <figure class=\"aligncenter size-full\"><img loading=\"lazy\" decoding=\"async\" width=\"720\" height=\"400\" src=\"https:\/\/taizyagromachine.com\/wp-content\/uploads\/2023\/01\/hydraulic-hay-baler-manufacturer-supplier.webp\" alt=\"fabricante y proveedor de empacadoras de heno hidr\u00e1ulicas\" class=\"wp-image-4469\"\/><figcaption class=\"wp-element-caption\">fabricante y proveedor de empacadoras de heno hidr\u00e1ulicas<\/figcaption><\/figure> <\/div>   <p>Antes de utilizar la m\u00e1quina, comprobar que el aceite hidr\u00e1ulico y los tubos hidr\u00e1ulicos est\u00e9n en buen estado. Esto es particularmente importante ya que toda la m\u00e1quina funciona hidr\u00e1ulicamente.<\/p>    <h2 class=\"wp-block-heading\"><strong>M\u00e1quinas opcionales disponibles para empacadora de heno hidr\u00e1ulica<\/strong><\/h2>    <p class=\"translation-block\"><strong>1. Cinta transportadora y mezclador de alimentaci\u00f3n.<\/strong><\/p>   <div class=\"wp-block-image\"> <figure class=\"aligncenter size-full\"><img loading=\"lazy\" decoding=\"async\" width=\"720\" height=\"300\" src=\"https:\/\/taizyagromachine.com\/wp-content\/uploads\/2023\/01\/hydraulic-press-hay-baler-with-the-conveyor-belt-and-feed-mixer.webp\" alt=\"Empacadora de heno con prensa hidr\u00e1ulica con cinta transportadora y mezcladora de alimentaci\u00f3n\" class=\"wp-image-4465\"\/><figcaption class=\"wp-element-caption\">Empacadora de heno con prensa hidr\u00e1ulica con cinta transportadora y mezcladora de alimentaci\u00f3n<\/figcaption><\/figure> <\/div>   <p class=\"translation-block\"><strong>2. Neum\u00e1ticos grandes y soportes.<\/strong><\/p>    <figure class=\"wp-block-gallery aligncenter has-nested-images columns-default is-cropped wp-block-gallery-2 is-layout-flex wp-block-gallery-is-layout-flex\"> <figure class=\"wp-block-image size-large\"><img loading=\"lazy\" decoding=\"async\" width=\"720\" height=\"540\" data-id=\"4466\" src=\"https:\/\/taizyagromachine.com\/wp-content\/uploads\/2023\/01\/diesel-engine-hydraulic-silage-baling-machine.webp\" alt=\"Empacadora de ensilaje hidr\u00e1ulica con motor di\u00e9sel, neum\u00e1ticos y soportes\" class=\"wp-image-4466\"\/><figcaption class=\"wp-element-caption\">Empacadora de ensilaje hidr\u00e1ulica con motor di\u00e9sel, neum\u00e1ticos y soportes<\/figcaption><\/figure>    <figure class=\"wp-block-image size-large\"><img loading=\"lazy\" decoding=\"async\" width=\"720\" height=\"540\" data-id=\"4467\" src=\"https:\/\/taizyagromachine.com\/wp-content\/uploads\/2023\/01\/electric-motor-hydraulic-press-hay-baling-machine.webp\" alt=\"Prensa empacadora hidr\u00e1ulica con motor el\u00e9ctrico, neum\u00e1ticos y soportes.\" class=\"wp-image-4467\"\/><figcaption class=\"wp-element-caption\">Prensa empacadora hidr\u00e1ulica con motor el\u00e9ctrico, neum\u00e1ticos y soportes.<\/figcaption><\/figure> <\/figure>    <p>Adem\u00e1s, antes de la cinta transportadora, se puede utilizar junto con una cortadora de paja, es decir, una cortadora de c\u00e9sped, una cinta transportadora, una empacadora de ensilado hidr\u00e1ulica.<\/p>    <h2 class=\"wp-block-heading\"><strong>Casos exitosos de la empacadora de paja de heno hidr\u00e1ulica Taizy<\/strong><\/h2>    <p>La empacadora de heno hidr\u00e1ulica de Taizy ahorra mucho trabajo y todo el proceso est\u00e1 mecanizado, raz\u00f3n por la cual es apreciada por muchos clientes extranjeros. Exportamos regularmente nuestras m\u00e1quinas a pa\u00edses como Kenia, Bangladesh, Nigeria y Jordania. Cargamos las m\u00e1quinas en contenedores y las entregamos por mar a los puertos de destino de nuestros clientes.<\/p>    <h2 class=\"wp-block-heading\"><strong>Par\u00e1metros de la empacadora de heno hidr\u00e1ulica de 2 cilindros a la venta<\/strong><\/h2>    <figure class=\"wp-block-table\"><table><tbody><tr><td>Modelo<\/td><td>9YF-5B<\/td><\/tr><tr><td>Fuerza<\/td><td>Motor el\u00e9ctrico de 15kw o motor di\u00e9sel de 28hp.<\/td><\/tr><tr><td>Di\u00e1metro del cilindro<\/td><td>2*168mm<\/td><\/tr><tr><td>N\u00famero de cilindros<\/td><td>2 piezas<\/td><\/tr><tr><td>Capacidad<\/td><td>90-120 fardos\/h<\/td><\/tr><tr><td>Peso de pacas cuadradas (paja fresca)<\/td><td>60-70 kg\/paca<\/td><\/tr><tr><td>Aceite hidr\u00e1ulico 46#<\/td><td>230 kg (prep\u00e1relo usted mismo)<\/td><\/tr><tr><td>M\u00e9todo de enfriamiento de aceite hidr\u00e1ulico<\/td><td>refrigeraci\u00f3n por agua<\/td><\/tr><tr><td>Control de caja de distribuci\u00f3n el\u00e9ctrica<\/td><td>SOCIEDAD AN\u00d3NIMA<\/td><\/tr><tr><td>numero de llantas<\/td><td>2 piezas<\/td><\/tr><tr><td>N\u00famero de fardos a empujar<\/td><td>1-3 n\u00fameros (ajustable)<\/td><\/tr><tr><td>Peso de la m\u00e1quina<\/td><td>1500 kilos<\/td><\/tr><tr><td>Tama\u00f1o del orificio de descarga<\/td><td>70*28*38cm<\/td><\/tr><tr><td>Dimensiones de la m\u00e1quina (L<em>W.<\/em>h)<\/td><td>3450*2700*2800mm<\/td><\/tr><\/tbody><\/table><figcaption class=\"wp-element-caption\">Especificaciones de prensa de ensilaje hidr\u00e1ulico de 2 cilindros<\/figcaption><\/figure>    <h2 class=\"wp-block-heading\"><strong>V\u00eddeo de empacadora de heno hidr\u00e1ulica: \u00bfc\u00f3mo hacer pacas cuadradas?<\/strong><\/h2>    <figure class=\"wp-block-embed is-type-video is-provider-youtube wp-block-embed-youtube wp-embed-aspect-16-9 wp-has-aspect-ratio\"><div class=\"wp-block-embed__wrapper\"> <iframe loading=\"lazy\" title=\"Sitio de equilibrio de paja seca de ensilaje hidr\u00e1ulico de doble cilindro | Presionador de balas cuadrada de alta eficiencia\" width=\"500\" height=\"281\" src=\"https:\/\/www.youtube.com\/embed\/XL54NXQ-9i8?feature=oembed\" frameborder=\"0\" allow=\"accelerometer; autoplay; clipboard-write; encrypted-media; gyroscope; picture-in-picture; web-share\" referrerpolicy=\"strict-origin-when-cross-origin\" allowfullscreen><\/iframe> <\/div><figcaption class=\"wp-element-caption\">m\u00e1quina de empacador hidr\u00e1ulico de ensilaje seco<\/figcaption><\/figure>","protected":false},"excerpt":{"rendered":"<p>This hydraulic hay baler is used for baling various silage materials such as straw, pine straws, grass, etc. to form square bales. It is often called a 2-cylinder hydraulic silage baler machine because it has 2 hydraulic cylinders. The silage baler can be used with either electric or diesel engines, making it a flexible choice. [&hellip;]<\/p>\n","protected":false},"author":1,"featured_media":4449,"parent":0,"template":"","tags":[209,168],"product-type":[19],"class_list":["post-4448","product","type-product","status-publish","has-post-thumbnail","hentry","tag-hydraulic-hay-baler","tag-silage-baler","product-type-silage-machine"],"_links":{"self":[{"href":"https:\/\/taizyagromachine.com\/es\/wp-json\/wp\/v2\/product\/4448","targetHints":{"allow":["GET"]}}],"collection":[{"href":"https:\/\/taizyagromachine.com\/es\/wp-json\/wp\/v2\/product"}],"about":[{"href":"https:\/\/taizyagromachine.com\/es\/wp-json\/wp\/v2\/types\/product"}],"author":[{"embeddable":true,"href":"https:\/\/taizyagromachine.com\/es\/wp-json\/wp\/v2\/users\/1"}],"wp:featuredmedia":[{"embeddable":true,"href":"https:\/\/taizyagromachine.com\/es\/wp-json\/wp\/v2\/media\/4449"}],"wp:attachment":[{"href":"https:\/\/taizyagromachine.com\/es\/wp-json\/wp\/v2\/media?parent=4448"}],"wp:term":[{"taxonomy":"post_tag","embeddable":true,"href":"https:\/\/taizyagromachine.com\/es\/wp-json\/wp\/v2\/tags?post=4448"},{"taxonomy":"product-type","embeddable":true,"href":"https:\/\/taizyagromachine.com\/es\/wp-json\/wp\/v2\/product-type?post=4448"}],"curies":[{"name":"wp","href":"https:\/\/api.w.org\/{rel}","templated":true}]}}