{"id":4524,"date":"2023-01-11T15:56:22","date_gmt":"2023-01-11T07:56:22","guid":{"rendered":"https:\/\/taizyagromachine.com\/?post_type=product&#038;p=4524"},"modified":"2023-01-11T16:05:49","modified_gmt":"2023-01-11T08:05:49","slug":"horizontal-feed-mixer","status":"publish","type":"product","link":"https:\/\/taizyagromachine.com\/es\/product\/horizontal-feed-mixer\/","title":{"rendered":"Mezclador de alimentaci\u00f3n horizontal para ensilaje como alimento para ganado vacuno y ovino"},"content":{"rendered":"<p>El mezclador de alimento horizontal de Taizy es una m\u00e1quina procesadora de ensilaje que integra molienda y mezcla. En esta parte del procesamiento del ensilaje, esta m\u00e1quina se utiliza a menudo como m\u00e1quina auxiliar junto con otras m\u00e1quinas para maximizar la eficiencia y la calidad del ensilaje.<\/p>    <p>El ensilaje es un alimento importante para los animales en la ganader\u00eda, ocupando una necesidad. El uso de esta m\u00e1quina mezcladora de pienso tiene las ventajas de ahorrar mano de obra y mejorar la eficiencia. <\/p>    <h2 class=\"wp-block-heading\"><strong>\u00bfPor qu\u00e9 utilizar el mezclador de alimentaci\u00f3n horizontal Taizy?<\/strong><\/h2>    <p class=\"translation-block\"><strong>El ensilado es beneficioso para los animales<\/strong>. Despu\u00e9s de mezclar, el pienso ensilado es popular por su buena palatabilidad, bajo desperdicio y alta digestibilidad.<\/p>    <p class=\"translation-block\"><strong>Mezclar completamente el pienso para animales<\/strong> aumenta nuestra eficiencia, ahorra mano de obra y, al mismo tiempo, preparamos una variedad de alimentos m\u00e1s uniforme para nuestras cr\u00edas de cr\u00eda.<\/p>    <h2 class=\"wp-block-heading\"><strong>Ampliamente utilizado en varias granjas: aplicaciones de mezcladores de alimentaci\u00f3n horizontales a la venta<\/strong><\/h2>    <div class=\"wp-block-media-text alignwide is-stacked-on-mobile\"><figure class=\"wp-block-media-text__media\"><img loading=\"lazy\" decoding=\"async\" width=\"540\" height=\"600\" src=\"https:\/\/taizyagromachine.com\/wp-content\/uploads\/2023\/01\/various-farms.webp\" alt=\"\" class=\"wp-image-4527 size-full\"\/><\/figure><div class=\"wp-block-media-text__content\"> <p>Porque esta mezcladora de alimentos sirve principalmente para triturar y mezclar varios alimentos, utilizando diversas granjas que cr\u00edan animales. Como se muestra en la imagen, granjas de pollos, granjas de conejos, granjas de cerdos, granjas de caballos, granjas de ganado vacuno, granjas de ovejas, etc.<\/p>    <p>Si est\u00e1 interesado en esto, \u00a1bienvenido a contactarnos!<\/p> <\/div><\/div>    <h2 class=\"wp-block-heading\"><strong>Puntos fuertes del mezclador de pienso Taizy <\/strong><\/h2>    <ol class=\"wp-block-list\"> <li>El dise\u00f1o es razonable y el trabajo se puede realizar en cualquier entorno, de forma segura y confiable.<\/li>    <li>Mejora enormemente la eficiencia, dependiendo del volumen de la c\u00e1mara de mezcla, cada mezclador de alimento puede alimentar de 200 a 2000 vacas por d\u00eda.<\/li>    <li>Ahorre mano de obra, un mezclador puede reemplazar el trabajo de m\u00e1s de 20 trabajadores.<\/li>    <li>El mezclador de pienso horizontal se puede utilizar con otras m\u00e1quinas de ensilado, como la <a href=\"https:\/\/silagebaler.com\/silage-baler-machine-round-baler\/\" target=\"_blank\" rel=\"noreferrer noopener\">m\u00e1quina empacadora y envolvedora<\/a>y la empacadora de heno hidr\u00e1ulica.<\/li> <\/ol>   <div class=\"wp-block-image\"> <figure class=\"aligncenter size-full\"><img loading=\"lazy\" decoding=\"async\" width=\"720\" height=\"540\" src=\"https:\/\/taizyagromachine.com\/wp-content\/uploads\/2023\/01\/horizontal-cattle-feed-mixer.webp\" alt=\"mezclador horizontal de alimento para ganado\" class=\"wp-image-4529\"\/><figcaption class=\"wp-element-caption\">mezclador horizontal de alimento para ganado<\/figcaption><\/figure> <\/div>   <h2 class=\"wp-block-heading\"><strong>M\u00e1quina combinada con mezclador horizontal de alimento para ganado<\/strong><\/h2>    <p class=\"translation-block\">El mezclador de forraje se utiliza siempre junto con otras m\u00e1quinas de ensilado, como las <a href=\"https:\/\/taizyagromachine.com\/es\/product\/hydraulic-hay-baler\/\" target=\"_blank\" rel=\"noreferrer noopener\">empacadoras hidr\u00e1ulicas de ensilado<\/a>, las <a href=\"https:\/\/taizyagromachine.com\/es\/product\/silage-baler\/\">m\u00e1quinas de empacado y enfardado<\/a>, etc.<\/p>   <div class=\"wp-block-image\"> <figure class=\"aligncenter size-full\"><img loading=\"lazy\" decoding=\"async\" width=\"720\" height=\"230\" src=\"https:\/\/taizyagromachine.com\/wp-content\/uploads\/2023\/01\/horizontal-feed-mixer-with-the-hydraulic-hay-bales-machine.webp\" alt=\"mezclador de alimentaci\u00f3n horizontal con m\u00e1quina hidr\u00e1ulica de balas de heno\" class=\"wp-image-4528\"\/><figcaption class=\"wp-element-caption\">mezclador de alimentaci\u00f3n horizontal con m\u00e1quina hidr\u00e1ulica de balas de heno<\/figcaption><\/figure> <\/div>  <div class=\"wp-block-image\"> <figure class=\"aligncenter size-full\"><img loading=\"lazy\" decoding=\"async\" width=\"720\" height=\"300\" src=\"https:\/\/taizyagromachine.com\/wp-content\/uploads\/2023\/01\/feed-mixer-with-silage-baler.webp\" alt=\"mezclador de alimentos con empacadora de ensilaje\" class=\"wp-image-4530\"\/><figcaption class=\"wp-element-caption\">mezclador de alimentos con empacadora de ensilaje<\/figcaption><\/figure> <\/div>   <h2 class=\"wp-block-heading\"><strong>Par\u00e1metros t\u00e9cnicos del mezclador horizontal TMR<\/strong><\/h2>    <figure class=\"wp-block-table\"><table><tbody><tr><td>Modelo<\/td><td>TMR-5<\/td><td>TMR-9<\/td><td>TMR-12<\/td><\/tr><tr><td>Poder igualado<\/td><td>11-15kw<\/td><td>22-30kw<\/td><td>50-75kw<\/td><\/tr><tr><td>Volumen del recipiente de mezcla<\/td><td>5m\u00b3<\/td><td>9m\u00b3<\/td><td>12m\u00b3<\/td><\/tr><tr><td>Velocidad de rotaci\u00f3n<\/td><td>23,5 rpm<\/td><td>23,5 rpm<\/td><td>23,5 rpm<\/td><\/tr><tr><td>Peso<\/td><td>1600 kilos<\/td><td>3300 kilos<\/td><td>4500 kilos<\/td><\/tr><tr><td>Dimensi\u00f3n<\/td><td>3930*1850*2260mm<\/td><td>4820*2130*2480mm<\/td><td>5600*2400*2500mm<\/td><\/tr><\/tbody><\/table><\/figure>    <p>TMR es la abreviatura de Total Mixed Rations, lo que indica que la m\u00e1quina puede mezclar bien y de manera uniforme el alimento, algo muy popular entre la cr\u00eda de animales. <\/p>","protected":false},"excerpt":{"rendered":"<p>Taizy&#8217;s horizontal feed mixer is a silage processing machine that integrates grinding and mixing. In this part of silage processing, this machine is often used as an auxiliary machine together with other machines to maximize the efficiency and quality of silage. Silage is an important animal feed in livestock farming, occupying the necessity. Using this [&hellip;]<\/p>\n","protected":false},"author":1,"featured_media":4526,"parent":0,"template":"","tags":[210,209],"product-type":[19],"class_list":["post-4524","product","type-product","status-publish","has-post-thumbnail","hentry","tag-horizontal-feed-mixer","tag-hydraulic-hay-baler","product-type-silage-machine"],"_links":{"self":[{"href":"https:\/\/taizyagromachine.com\/es\/wp-json\/wp\/v2\/product\/4524","targetHints":{"allow":["GET"]}}],"collection":[{"href":"https:\/\/taizyagromachine.com\/es\/wp-json\/wp\/v2\/product"}],"about":[{"href":"https:\/\/taizyagromachine.com\/es\/wp-json\/wp\/v2\/types\/product"}],"author":[{"embeddable":true,"href":"https:\/\/taizyagromachine.com\/es\/wp-json\/wp\/v2\/users\/1"}],"wp:featuredmedia":[{"embeddable":true,"href":"https:\/\/taizyagromachine.com\/es\/wp-json\/wp\/v2\/media\/4526"}],"wp:attachment":[{"href":"https:\/\/taizyagromachine.com\/es\/wp-json\/wp\/v2\/media?parent=4524"}],"wp:term":[{"taxonomy":"post_tag","embeddable":true,"href":"https:\/\/taizyagromachine.com\/es\/wp-json\/wp\/v2\/tags?post=4524"},{"taxonomy":"product-type","embeddable":true,"href":"https:\/\/taizyagromachine.com\/es\/wp-json\/wp\/v2\/product-type?post=4524"}],"curies":[{"name":"wp","href":"https:\/\/api.w.org\/{rel}","templated":true}]}}