{"id":4618,"date":"2023-02-10T17:38:26","date_gmt":"2023-02-10T09:38:26","guid":{"rendered":"https:\/\/taizyagromachine.com\/?post_type=product&#038;p=4618"},"modified":"2023-02-13T11:42:42","modified_gmt":"2023-02-13T03:42:42","slug":"rice-nursery-seedling-machine","status":"publish","type":"product","link":"https:\/\/taizyagromachine.com\/es\/product\/rice-nursery-seedling-machine\/","title":{"rendered":"M\u00e1quina autom\u00e1tica de pl\u00e1ntulas de vivero de arroz con c\u00e1scara"},"content":{"rendered":"<p>La m\u00e1quina para semillero de vivero de arroz de Taizy est\u00e1 especialmente dise\u00f1ada para el cultivo de arroz, principalmente para diversos tipos de cultivo de pl\u00e1ntulas de arroz. Esta m\u00e1quina tiene una alta eficiencia y puede realizar entre 969 y 1017 bandejas de cultivo de pl\u00e1ntulas en una hora. Es una m\u00e1quina de vivero que desempe\u00f1a un papel positivo en la siembra de arroz para los productores de arroz de grandes superficies.<\/p>    <p>Debido a su alta eficiencia, buena calidad y buen rendimiento, esta m\u00e1quina sembradora de pl\u00e1ntulas de arroz es muy apreciada por los clientes, especialmente por los productores de arroz. Si est\u00e1 interesado en este tipo de m\u00e1quina, \u00a1cont\u00e1ctenos!<\/p>    <h2 class=\"wp-block-heading\"><strong>\u00bfPor qu\u00e9 utilizar la m\u00e1quina de pl\u00e1ntulas de vivero de arroz con c\u00e1scara?<\/strong><\/h2>    <p>La siembra de arroz es una plantaci\u00f3n agr\u00edcola muy importante y representa una gran proporci\u00f3n de los cereales. Todos los productores de arroz saben que se deben cultivar pl\u00e1ntulas de arroz, pero la forma tradicional de cultivar pl\u00e1ntulas es muy agotadora.<\/p>    <figure class=\"wp-block-gallery aligncenter has-nested-images columns-default is-cropped wp-block-gallery-2 is-layout-flex wp-block-gallery-is-layout-flex\"> <figure class=\"wp-block-image size-large\"><img loading=\"lazy\" decoding=\"async\" width=\"720\" height=\"540\" data-id=\"4624\" src=\"https:\/\/taizyagromachine.com\/wp-content\/uploads\/2023\/02\/manual-seedlings-raising.webp\" alt=\"cultivo manual de pl\u00e1ntulas\" class=\"wp-image-4624\"\/><figcaption class=\"wp-element-caption\">cultivo manual de pl\u00e1ntulas<\/figcaption><\/figure>    <figure class=\"wp-block-image size-large\"><img loading=\"lazy\" decoding=\"async\" width=\"720\" height=\"540\" data-id=\"4625\" src=\"https:\/\/taizyagromachine.com\/wp-content\/uploads\/2023\/02\/mechnical-nursery-machine.webp\" alt=\"maquina de vivero mecanica\" class=\"wp-image-4625\"\/><figcaption class=\"wp-element-caption\">maquina de vivero mecanica<\/figcaption><\/figure> <\/figure>    <p>Antes de sembrar, los campos de pl\u00e1ntulas se deben remover varias veces y se debe agregar suficiente esti\u00e9rcol de corral, con la esperanza de obtener una buena cosecha ese a\u00f1o. La gente suele trabajar en el campo todo el d\u00eda. <\/p>    <p class=\"translation-block\">El uso de la <a href=\"https:\/\/taizyagromachine.com\/es\/product\/nursery-seedling-machine\/\" target=\"_blank\" rel=\"noreferrer noopener\">m\u00e1quina de cultivo de pl\u00e1ntulas<\/a> puede cultivar r\u00e1pidamente pl\u00e1ntulas de arroz, y se pueden realizar de 969 a 1017 bandejas en una hora, lo que no solo es eficiente, sino que tambi\u00e9n ahorra en gran medida mano de obra.<\/p>    <h2 class=\"wp-block-heading\"><strong>M\u00e1quina de pl\u00e1ntulas de vivero de arroz a la venta<\/strong><\/h2>    <p class=\"translation-block\">Como <a href=\"https:\/\/taizyagromachine.com\/es\/\" target=\"_blank\" rel=\"noreferrer noopener\">fabricante profesional de diversas m\u00e1quinas agr\u00edcolas<\/a>, tenemos dos tipos de m\u00e1quinas de pl\u00e1ntulas de arroz, una es totalmente autom\u00e1tica y la otra es semiautom\u00e1tica.<\/p>    <h3 class=\"wp-block-heading\"><strong>M\u00e1quina de pl\u00e1ntulas de vivero de arroz completamente autom\u00e1tica<\/strong><\/h3>    <p>Como su nombre lo indica, la m\u00e1quina para cultivo de pl\u00e1ntulas de arroz totalmente autom\u00e1tica puede completar todo el proceso de trabajo con mecanizaci\u00f3n y automatizaci\u00f3n completas. Adem\u00e1s de la m\u00e1quina principal de pl\u00e1ntulas de arroz m\u00e1s b\u00e1sica, tambi\u00e9n hay m\u00e1quinas que incluyen un alimentador de bandejas, un cargador de tierra y un apilador de bandejas.<\/p>    <h3 class=\"wp-block-heading\"><strong>Sembradora semiautom\u00e1tica para viveros de arroz<\/strong><\/h3>   <div class=\"wp-block-image\"> <figure class=\"aligncenter size-full\"><img loading=\"lazy\" decoding=\"async\" width=\"1000\" height=\"220\" src=\"https:\/\/taizyagromachine.com\/wp-content\/uploads\/2023\/02\/Semi-automatic-rice-nursery-sowing-machine.webp\" alt=\"Sembradora semiautom\u00e1tica para viveros de arroz\" class=\"wp-image-4623\"\/><figcaption class=\"wp-element-caption\">Sembradora semiautom\u00e1tica para viveros de arroz<\/figcaption><\/figure> <\/div>   <p>La m\u00e1quina semiautom\u00e1tica para pl\u00e1ntulas de vivero de arroz no tiene un cargador de tierra, por lo que necesita una carga manual de tierra. Las otras m\u00e1quinas son iguales.<\/p>    <h2 class=\"wp-block-heading\"><strong>Estructura de la m\u00e1quina sembradora autom\u00e1tica de arroz<\/strong><\/h2>   <div class=\"wp-block-image\"> <figure class=\"aligncenter size-full\"><img loading=\"lazy\" decoding=\"async\" width=\"720\" height=\"450\" src=\"https:\/\/taizyagromachine.com\/wp-content\/uploads\/2023\/02\/structure-of-paddy-rice-seed-sowing-machine.webp\" alt=\"Estructura de la m\u00e1quina sembradora de semillas de arroz con c\u00e1scara.\" class=\"wp-image-4619\"\/><figcaption class=\"wp-element-caption\">Estructura de la m\u00e1quina sembradora de semillas de arroz con c\u00e1scara.<\/figcaption><\/figure> <\/div>   <p class=\"translation-block\">Basado en un gran dise\u00f1o, la <a href=\"https:\/\/nurseryseedingmachine.com\/nursery-seeding\/\" target=\"_blank\" rel=\"noreferrer noopener\">m\u00e1quina de siembra autom\u00e1tica<\/a> tiene la funci\u00f3n de esparcir tierra, regar, sembrar y cubrir como una integraci\u00f3n, lo que puede completar todos los procedimientos operativos del plato de arroz de una vez.<\/p>    <h2 class=\"wp-block-heading\"><strong>Par\u00e1metros t\u00e9cnicos de la sembradora de vivero de arroz Taizy <\/strong><\/h2>    <figure class=\"wp-block-table\"><table><tbody><tr><td>Modelo<\/td><td>TZY-280A<\/td><\/tr><tr><td>Capacidad<\/td><td>969-1017bandejas\/hora<\/td><\/tr><tr><td>Fuerza<\/td><td>240kw para entregar<br>120kw para sembrar<\/td><\/tr><tr><td>Embudo auxiliar de suelo para semillero<\/td><td>45L<\/td><\/tr><tr><td>embudo de semillas<\/td><td>30L<\/td><\/tr><tr><td>Embudo auxiliar de suelo para semillero<\/td><td>45L<\/td><\/tr><tr><td>Cantidad de siembra (arroz h\u00edbrido)<\/td><td>95\uff5e304,5g\/bandeja<\/td><\/tr><tr><td>Tama\u00f1o<\/td><td>6830*460*1020mm<\/td><\/tr><tr><td>Peso<\/td><td>190kg<\/td><\/tr><tr><td>Espesor del subsuelo<\/td><td>18-25 mm<\/td><\/tr><tr><td>Espesor del suelo superficial<\/td><td>3-9mm<\/td><\/tr><\/tbody><\/table><\/figure>    <h2 class=\"wp-block-heading\"><strong>Video de la m\u00e1quina de pl\u00e1ntulas de vivero de arroz: m\u00e1quina sembradora de arroz completamente autom\u00e1tica y semiautom\u00e1tica<\/strong><\/h2>    <figure class=\"wp-block-embed is-type-video is-provider-youtube wp-block-embed-youtube wp-embed-aspect-16-9 wp-has-aspect-ratio\"><div class=\"wp-block-embed__wrapper\"> <iframe loading=\"lazy\" title=\"M\u00e1quina sembradora autom\u00e1tica de vivero de arroz - M\u00e1quina de pl\u00e1ntulas de vivero de arroz con c\u00e1scara - M\u00e1quina sembradora de arroz\" width=\"500\" height=\"281\" src=\"https:\/\/www.youtube.com\/embed\/VWi1lazSsO0?feature=oembed\" frameborder=\"0\" allow=\"accelerometer; autoplay; clipboard-write; encrypted-media; gyroscope; picture-in-picture; web-share\" referrerpolicy=\"strict-origin-when-cross-origin\" allowfullscreen><\/iframe> <\/div><\/figure>","protected":false},"excerpt":{"rendered":"<p>Taizy&#8217;s rice nursery seedling machine is specially designed for rice cultivation, mainly for various kinds of rice seedling raising. This machine has high efficiency and can carry out 969-1017 trays of seedling raising in an hour. It is a nursery machine that plays a positive role in rice planting for large-area rice growers. Because of [&hellip;]<\/p>\n","protected":false},"author":1,"featured_media":4620,"parent":0,"template":"","tags":[211],"product-type":[31],"class_list":["post-4618","product","type-product","status-publish","has-post-thumbnail","hentry","tag-rice-nursery-seedling-machine","product-type-nursery-transplanter"],"_links":{"self":[{"href":"https:\/\/taizyagromachine.com\/es\/wp-json\/wp\/v2\/product\/4618","targetHints":{"allow":["GET"]}}],"collection":[{"href":"https:\/\/taizyagromachine.com\/es\/wp-json\/wp\/v2\/product"}],"about":[{"href":"https:\/\/taizyagromachine.com\/es\/wp-json\/wp\/v2\/types\/product"}],"author":[{"embeddable":true,"href":"https:\/\/taizyagromachine.com\/es\/wp-json\/wp\/v2\/users\/1"}],"wp:featuredmedia":[{"embeddable":true,"href":"https:\/\/taizyagromachine.com\/es\/wp-json\/wp\/v2\/media\/4620"}],"wp:attachment":[{"href":"https:\/\/taizyagromachine.com\/es\/wp-json\/wp\/v2\/media?parent=4618"}],"wp:term":[{"taxonomy":"post_tag","embeddable":true,"href":"https:\/\/taizyagromachine.com\/es\/wp-json\/wp\/v2\/tags?post=4618"},{"taxonomy":"product-type","embeddable":true,"href":"https:\/\/taizyagromachine.com\/es\/wp-json\/wp\/v2\/product-type?post=4618"}],"curies":[{"name":"wp","href":"https:\/\/api.w.org\/{rel}","templated":true}]}}