{"id":4641,"date":"2023-02-16T15:50:08","date_gmt":"2023-02-16T07:50:08","guid":{"rendered":"https:\/\/taizyagromachine.com\/?post_type=product&#038;p=4641"},"modified":"2025-01-02T13:49:29","modified_gmt":"2025-01-02T05:49:29","slug":"brick-making-machine-for-sale","status":"publish","type":"product","link":"https:\/\/taizyagromachine.com\/es\/product\/brick-making-machine-for-sale\/","title":{"rendered":"M\u00e1quina para fabricar ladrillos de cemento a la venta"},"content":{"rendered":"<p class=\"translation-block\">La <strong>m\u00e1quina para fabricar ladrillos<\/strong> est\u00e1 especialmente dise\u00f1ada para la producci\u00f3n de varios tipos de ladrillos. Es apreciada por clientes de todo el mundo debido a su estructura simple, f\u00e1cil operaci\u00f3n y alto rendimiento en cuanto a coste. Como <a href=\"https:\/\/taizyagromachine.com\/es\/\" target=\"_blank\" rel=\"noreferrer noopener\">fabricante y proveedor senior de m\u00e1quinas para fabricar ladrillos<\/a>, disponemos de una amplia gama de modelos de m\u00e1quinas para fabricar ladrillos.<\/p>    <p>En general, la m\u00e1quina para fabricar bloques a la venta se puede dividir en m\u00e1quina para fabricar ladrillos de arcilla y m\u00e1quina para fabricar ladrillos de cemento. Hay diferentes configuraciones para cada tipo de m\u00e1quina de ladrillos; siga leyendo para obtener m\u00e1s informaci\u00f3n.<\/p>    <h2 class=\"wp-block-heading\"><strong>Tipo 1: M\u00e1quina para fabricar ladrillos de cemento a la venta<\/strong><\/h2>    <p>La m\u00e1quina para fabricar ladrillos de cemento es el modelo m\u00e1s vendido en el mercado y muchos clientes regresan para preguntar sobre la m\u00e1quina para fabricar bloques de cemento. Nuestra m\u00e1quina para fabricar ladrillos tiene diversos modelos, es f\u00e1cil de aprender y el precio es adecuado, es una buena opci\u00f3n como inversi\u00f3n para la producci\u00f3n de ladrillos.<\/p>    <p>Adem\u00e1s, nuestras m\u00e1quinas suelen exportarse a gran escala debido a su excelente rendimiento, por lo que si est\u00e1 interesado en m\u00e1quinas para fabricar ladrillos, \u00a1cont\u00e1ctenos!<\/p>    <h3 class=\"wp-block-heading\"><strong>Varias muestras de ladrillos y moldes de ladrillos<\/strong><\/h3>    <figure class=\"wp-block-gallery aligncenter has-nested-images columns-default is-cropped wp-block-gallery-2 is-layout-flex wp-block-gallery-is-layout-flex\"> <figure class=\"wp-block-image size-full\"><img loading=\"lazy\" decoding=\"async\" width=\"540\" height=\"600\" data-id=\"4674\" src=\"https:\/\/taizyagromachine.com\/wp-content\/uploads\/2023\/02\/various-sample-bricks.webp\" alt=\"varios ladrillos de muestra\" class=\"wp-image-4674\"\/><figcaption class=\"wp-element-caption\">varios ladrillos de muestra<\/figcaption><\/figure>    <figure class=\"wp-block-image size-full\"><img loading=\"lazy\" decoding=\"async\" width=\"540\" height=\"600\" data-id=\"4675\" src=\"https:\/\/taizyagromachine.com\/wp-content\/uploads\/2023\/02\/all-kinds-of-moulds.webp\" alt=\"todo tipo de moldes\" class=\"wp-image-4675\"\/><figcaption class=\"wp-element-caption\">todo tipo de moldes<\/figcaption><\/figure> <\/figure>    <p>Nuestra m\u00e1quina para fabricar ladrillos puede producir las formas de los ladrillos que se pueden producir, as\u00ed como los tipos de ladrillos que se pueden producir como se menciona en la imagen de arriba.<\/p>    <p>La m\u00e1quina para fabricar bloques Taizy puede producir adoquines, bloques de colores, ladrillos de pasto, bloques de protecci\u00f3n de pendientes, cubos, bloques utilizados a lo largo de la carretera, etc. <\/p>    <h3 class=\"wp-block-heading\"><strong>Par\u00e1metros detallados de la m\u00e1quina de ladrillos de cemento a la venta<\/strong><\/h3>    <p>Tenemos a la venta 10 modelos de m\u00e1quinas para fabricar ladrillos de cemento, cada una con diferente capacidad y detalles de configuraci\u00f3n, los par\u00e1metros espec\u00edficos se pueden encontrar a continuaci\u00f3n.<\/p>    <figure class=\"wp-block-table\"><table><tbody><tr><td>Modelo<\/td><td>Imagen de la m\u00e1quina<\/td><td>ciclo de moldeo<\/td><td>Equipado con poder<\/td><td>Capacidad<\/td><td>Tama\u00f1o de la placa<\/td><td>Tama\u00f1o global<\/td><td>Peso<\/td><td>Se requiere operador<\/td><\/tr><tr><td>DF2-45<\/td><td><img loading=\"lazy\" decoding=\"async\" width=\"150\" height=\"158\" class=\"wp-image-4650\" style=\"width: 150px;\" src=\"https:\/\/taizyagromachine.com\/wp-content\/uploads\/2023\/02\/DF2-45-block-machine.webp\" alt=\"\"><\/td><td>45s<\/td><td>1,1 kw<\/td><td>Ladrillo est\u00e1ndar 240*53 *115mm 3600PCS<br>Ladrillos huecos 390*190*190mm 600PCS<\/td><td>\/<\/td><td>900*700*1150mm<\/td><td>200 kilos<\/td><td>1-2<\/td><\/tr><tr><td>DF3-45<\/td><td><img loading=\"lazy\" decoding=\"async\" width=\"150\" height=\"203\" class=\"wp-image-4654\" style=\"width: 150px;\" src=\"https:\/\/taizyagromachine.com\/wp-content\/uploads\/2023\/02\/DF3-45-brick-machine.webp\" alt=\"\"><\/td><td>45s<\/td><td>1,1 kw<\/td><td>Ladrillo est\u00e1ndar 240*53 *115mm 8000PCS<br>Ladrillos huecos 390*190*190mm 1000PCS<\/td><td>\/<\/td><td>1100*1050*1300mm<\/td><td>300 kilos<\/td><td>1-2<\/td><\/tr><tr><td>DF4-45<\/td><td><img loading=\"lazy\" decoding=\"async\" width=\"150\" height=\"158\" class=\"wp-image-4655\" style=\"width: 150px;\" src=\"https:\/\/taizyagromachine.com\/wp-content\/uploads\/2023\/02\/DF4-45.webp\" alt=\"\"><\/td><td>45s<\/td><td>3,7 kw<\/td><td>Ladrillo est\u00e1ndar 240*53 *115mm 12000PCS<br>Ladrillos huecos 390*190 *190mm 1800PCS<\/td><td>\/<\/td><td>1250*1350*1550mm<\/td><td>750 kilos<\/td><td>2-3<\/td><\/tr><tr><td>motor diesel DF<\/td><td><img loading=\"lazy\" decoding=\"async\" width=\"150\" height=\"247\" class=\"wp-image-4656\" style=\"width: 150px;\" src=\"https:\/\/taizyagromachine.com\/wp-content\/uploads\/2023\/02\/DF.webp\" alt=\"\"><\/td><td>45s<\/td><td>8 CV<\/td><td>Ladrillo est\u00e1ndar 240*53 *115mm 3600PCS<br>Ladrillos huecos 390*190*190mm 600PCS<\/td><td>\/<\/td><td>1900*1000*1550mm<\/td><td>250 kilos<\/td><td>1-2<\/td><\/tr><tr><td>DF4-35A sin tolva<\/td><td><img loading=\"lazy\" decoding=\"async\" width=\"150\" height=\"171\" class=\"wp-image-4657\" style=\"width: 150px;\" src=\"https:\/\/taizyagromachine.com\/wp-content\/uploads\/2023\/02\/DF4-35A-without-hopper.webp\" alt=\"\"><\/td><td>35s<\/td><td>4,8 kw<\/td><td>Ladrillo est\u00e1ndar 240*53 *115mm 15000PCS<br>Ladrillos huecos 390*190 *190mm 2400PCS<\/td><td>850*550*30mm<\/td><td>1250*1350*1550mm<\/td><td>750 kilos<\/td><td>2-3<\/td><\/tr><tr><td>DF4-35A con tolva<\/td><td><img loading=\"lazy\" decoding=\"async\" width=\"150\" height=\"229\" class=\"wp-image-4658\" style=\"width: 150px;\" src=\"https:\/\/taizyagromachine.com\/wp-content\/uploads\/2023\/02\/DF4-35A-with-hopper.webp\" alt=\"\"><\/td><td>35s<\/td><td>4,8 kw<\/td><td>Ladrillo est\u00e1ndar 240*53 *115mm 20000PCS<br>Ladrillos huecos 390*190 *190mm 3200PCS<\/td><td>850*550*30mm<\/td><td>1200*1280*1950mm<\/td><td>780 kilos<\/td><td>2-3<\/td><\/tr><tr><td>DF4-35B sin tolva<\/td><td><img loading=\"lazy\" decoding=\"async\" width=\"150\" height=\"186\" class=\"wp-image-4659\" style=\"width: 150px;\" src=\"https:\/\/taizyagromachine.com\/wp-content\/uploads\/2023\/02\/DF4-35B-without-hopper.webp\" alt=\"\"><\/td><td>35s<\/td><td>6,3 kw<\/td><td>Ladrillo est\u00e1ndar 240*53 *115mm 15000PCS<br>Ladrillos huecos 390*190 *190mm 2400PCS<\/td><td>850*550*30mm<\/td><td>1250*1350*1550mm<\/td><td>800 kilos<\/td><td>2-3<\/td><\/tr><tr><td>DF4-35B con tolva<\/td><td><img loading=\"lazy\" decoding=\"async\" width=\"150\" height=\"244\" class=\"wp-image-4660\" style=\"width: 150px;\" src=\"https:\/\/taizyagromachine.com\/wp-content\/uploads\/2023\/02\/DF4-35B-with-hopper.webp\" alt=\"\"><\/td><td>35s<\/td><td>6,3 kw<\/td><td>Ladrillo est\u00e1ndar 240*53 *115mm 20000PCS<br>Ladrillos huecos 390*190 *190mm 3200PCS<\/td><td>850*550*30mm<\/td><td>1200*1280*1950mm<\/td><td>830 kilos<\/td><td>2-3<\/td><\/tr><tr><td>DF4-40A sin tolva<\/td><td><img loading=\"lazy\" decoding=\"async\" width=\"150\" height=\"194\" class=\"wp-image-4661\" style=\"width: 150px;\" src=\"https:\/\/taizyagromachine.com\/wp-content\/uploads\/2023\/02\/DF4-40A-without-hopper.webp\" alt=\"\"><\/td><td>35s<\/td><td>7,5 kw<\/td><td>Ladrillo est\u00e1ndar 240*53 *115mm 20000PCS<br>Ladrillos huecos 390*190 *190mm 3200PCS<\/td><td>850*550*30mm<\/td><td>1500*1300*1800mm<\/td><td>1100kg<\/td><td>2-3<\/td><\/tr><tr><td>M\u00e1quina autom\u00e1tica de ladrillos DF4-40A<\/td><td><img loading=\"lazy\" decoding=\"async\" width=\"150\" height=\"137\" class=\"wp-image-4662\" style=\"width: 150px;\" src=\"https:\/\/taizyagromachine.com\/wp-content\/uploads\/2023\/02\/DF4-40A-automatic-brick-machine.webp\" alt=\"\"><\/td><td>35s<\/td><td>7,5 kw<\/td><td>Ladrillo est\u00e1ndar 240*53 *115mm 24000PCS<br>Ladrillos huecos 390*190 *190mm 3600PCS<\/td><td>850*550*30mm<\/td><td>1600*1300*2300mm<\/td><td>1150 kilos<\/td><td>2-3<\/td><\/tr><\/tbody><\/table><figcaption class=\"wp-element-caption\">Todo tipo de m\u00e1quinas para fabricar ladrillos de cemento a la venta.<\/figcaption><\/figure>    <h2 class=\"wp-block-heading\"><strong>Tipo 2: M\u00e1quina para fabricar ladrillos de arcilla - M\u00e1quina para fabricar bloques de quemado libre<\/strong><\/h2>    <p>Esta m\u00e1quina de ladrillos es una m\u00e1quina de ladrillos de arcilla, es decir, una m\u00e1quina de ladrillos que no quema, que utiliza principalmente arcilla para la producci\u00f3n de ladrillos que se pueden fabricar. Esta m\u00e1quina para fabricar ladrillos se puede utilizar junto con otras m\u00e1quinas para producir ladrillos de arcilla de forma totalmente autom\u00e1tica.<\/p>    <h3 class=\"wp-block-heading\"><strong>Estructura de la m\u00e1quina de ladrillos entrelazados completamente autom\u00e1tica<\/strong><\/h3>    <div class=\"wp-block-columns is-layout-flex wp-container-core-columns-is-layout-9d6595d7 wp-block-columns-is-layout-flex\"> <div class=\"wp-block-column is-layout-flow wp-block-column-is-layout-flow\"><div class=\"wp-block-image\"> <figure class=\"aligncenter size-full\"><img loading=\"lazy\" decoding=\"async\" width=\"720\" height=\"540\" src=\"https:\/\/taizyagromachine.com\/wp-content\/uploads\/2023\/02\/clay-block-machine-structure.webp\" alt=\"estructura de la m\u00e1quina de bloques de arcilla\" class=\"wp-image-4642\"\/><figcaption class=\"wp-element-caption\">estructura de la m\u00e1quina de bloques de arcilla<\/figcaption><\/figure> <\/div><\/div>    <div class=\"wp-block-column is-layout-flow wp-block-column-is-layout-flow\"> <p>Esta combinaci\u00f3n ayuda a los compradores a producir bloques de arcilla de manera muy conveniente y eficiente, lo cual es muy pr\u00e1ctico en la industria de producci\u00f3n de ladrillos. <\/p>    <p>Si est\u00e1 interesado, \u00a1bienvenido a contactarnos!<\/p>    <figure class=\"wp-block-table\"><table><tbody><tr><td>No.<\/td><td>Nombre de la pieza de la m\u00e1quina<\/td><\/tr><tr><td>1<\/td><td>Mezclador<\/td><\/tr><tr><td>2<\/td><td>Cinta transportadora<\/td><\/tr><tr><td>3<\/td><td>Cilindro de aceite hidr\u00e1ulico<\/td><\/tr><tr><td>4<\/td><td>M\u00e1quina de bloques principales<\/td><\/tr><\/tbody><\/table><figcaption class=\"wp-element-caption\">Lista de tablas de la m\u00e1quina autom\u00e1tica para fabricar bloques de arcilla.<\/figcaption><\/figure> <\/div> <\/div>    <h3 class=\"wp-block-heading\"><strong>Formas de bloques de arcilla y productividad de las m\u00e1quinas<\/strong><\/h3>    <figure class=\"wp-block-table\"><table><tbody><tr><td>Tipos<\/td><td>Imagen de ladrillo<\/td><td>Tama\u00f1o<\/td><td>ciclo de moldeo<\/td><td>Cantidad\/molde<\/td><td>Cantidad\/hora<\/td><td>Cantidad\/8 horas<\/td><\/tr><tr><td>Ladrillo de arcilla<\/td><td><img loading=\"lazy\" decoding=\"async\" width=\"150\" height=\"94\" class=\"wp-image-4647\" style=\"width: 150px;\" src=\"https:\/\/taizyagromachine.com\/wp-content\/uploads\/2023\/02\/Clay-brick.png\" alt=\"\"><\/td><td>300*150*100mm<\/td><td>10<\/td><td>7 piezas<\/td><td>2520 piezas<\/td><td>20160 piezas<\/td><\/tr><\/tbody><\/table><\/figure>    <h2 class=\"wp-block-heading\"><strong>\u00bfCu\u00e1l es el precio de la m\u00e1quina para fabricar ladrillos Flyash?<\/strong><\/h2>    <p>Cuando decida comprar una m\u00e1quina de ladrillos, definitivamente considerar\u00e1 el precio de la m\u00e1quina de ladrillos. Y el precio de la m\u00e1quina para fabricar ladrillos est\u00e1 influenciado por varios aspectos. Por ejemplo, el precio de la m\u00e1quina para fabricar ladrillos de cemento manual es diferente del precio de una m\u00e1quina para fabricar ladrillos de arcilla completamente autom\u00e1tica. El precio del modelo de motor de la m\u00e1quina de ladrillos y del modelo di\u00e9sel de la m\u00e1quina de bloques tambi\u00e9n ser\u00e1 diferente. Adem\u00e1s, se debe considerar el tipo de ladrillos que el cliente quiere fabricar. Debido a que se utilizan diferentes tipos de moldes, el precio tambi\u00e9n es diferente.<\/p>    <p>Entonces, cuando desee comprar una m\u00e1quina, puede indicarle a nuestro gerente de ventas la forma de los ladrillos que desea producir y su presupuesto, etc. Nuestro gerente de ventas puede recomendarle la soluci\u00f3n adecuada seg\u00fan sus necesidades.<\/p>    <h2 class=\"wp-block-heading\"><strong>Paquete y entrega de la m\u00e1quina para fabricar ladrillos Taizy<\/strong><\/h2>    <figure class=\"wp-block-gallery aligncenter has-nested-images columns-default is-cropped wp-block-gallery-3 is-layout-flex wp-block-gallery-is-layout-flex\"> <figure class=\"wp-block-image size-large\"><img loading=\"lazy\" decoding=\"async\" width=\"540\" height=\"540\" data-id=\"4679\" src=\"https:\/\/taizyagromachine.com\/wp-content\/uploads\/2023\/02\/package-of-the-cement-block-machine.webp\" alt=\"paquete-de-la-m\u00e1quina-de-bloques-de-cemento\" class=\"wp-image-4679\"\/><figcaption class=\"wp-element-caption\">Paquete de la m\u00e1quina de bloques de cemento.<\/figcaption><\/figure>    <figure class=\"wp-block-image size-large\"><img loading=\"lazy\" decoding=\"async\" width=\"540\" height=\"540\" data-id=\"4680\" src=\"https:\/\/taizyagromachine.com\/wp-content\/uploads\/2023\/02\/package-of-the-cement-brick-machine.webp\" alt=\"paquete-de-la-maquina-de-ladrillos-de-cemento\" class=\"wp-image-4680\"\/><figcaption class=\"wp-element-caption\">Paquete de la m\u00e1quina de ladrillos de cemento.<\/figcaption><\/figure> <\/figure>    <p>Despu\u00e9s de que los clientes nos compren la m\u00e1quina de ladrillos, la empaquetaremos despu\u00e9s de la producci\u00f3n. Porque normalmente se env\u00eda por mar al destino del cliente y pueden surgir varios problemas en el mar. El prop\u00f3sito de empacar la m\u00e1quina para fabricar ladrillos de cenizas volantes en cajas de madera es proteger mejor la m\u00e1quina para fabricar bloques durante el viaje por mar y evitar da\u00f1os a la m\u00e1quina antes de que llegue a su destino. La imagen de arriba es el embalaje de la m\u00e1quina de ladrillos.<\/p>    <h2 class=\"wp-block-heading\"><strong>Video de la m\u00e1quina para fabricar ladrillos de cemento Taizy<\/strong><\/h2>    <figure class=\"wp-block-embed is-type-video is-provider-youtube wp-block-embed-youtube wp-embed-aspect-16-9 wp-has-aspect-ratio\"><div class=\"wp-block-embed__wrapper\"> <iframe loading=\"lazy\" title=\"Las 3 mejores m\u00e1quinas para fabricar ladrillos a la venta - Fabricante y proveedor de m\u00e1quinas para fabricar bloques de cemento #bricks\" width=\"500\" height=\"281\" src=\"https:\/\/www.youtube.com\/embed\/Jt3gWnMqpbc?feature=oembed\" frameborder=\"0\" allow=\"accelerometer; autoplay; clipboard-write; encrypted-media; gyroscope; picture-in-picture; web-share\" referrerpolicy=\"strict-origin-when-cross-origin\" allowfullscreen><\/iframe> <\/div><\/figure>","protected":false},"excerpt":{"rendered":"<p>The brick making machine is specially designed for the production of various types of bricks. It is loved by customers from all over the world because of its simple structure, easy operation and high cost performance. As a senior brick machine manufacturer and supplier, we have a wide range of brick machine models. In general, [&hellip;]<\/p>\n","protected":false},"author":1,"featured_media":4683,"parent":0,"template":"","tags":[212],"product-type":[22],"class_list":["post-4641","product","type-product","status-publish","has-post-thumbnail","hentry","tag-brick-making-machine","product-type-others"],"_links":{"self":[{"href":"https:\/\/taizyagromachine.com\/es\/wp-json\/wp\/v2\/product\/4641","targetHints":{"allow":["GET"]}}],"collection":[{"href":"https:\/\/taizyagromachine.com\/es\/wp-json\/wp\/v2\/product"}],"about":[{"href":"https:\/\/taizyagromachine.com\/es\/wp-json\/wp\/v2\/types\/product"}],"author":[{"embeddable":true,"href":"https:\/\/taizyagromachine.com\/es\/wp-json\/wp\/v2\/users\/1"}],"wp:featuredmedia":[{"embeddable":true,"href":"https:\/\/taizyagromachine.com\/es\/wp-json\/wp\/v2\/media\/4683"}],"wp:attachment":[{"href":"https:\/\/taizyagromachine.com\/es\/wp-json\/wp\/v2\/media?parent=4641"}],"wp:term":[{"taxonomy":"post_tag","embeddable":true,"href":"https:\/\/taizyagromachine.com\/es\/wp-json\/wp\/v2\/tags?post=4641"},{"taxonomy":"product-type","embeddable":true,"href":"https:\/\/taizyagromachine.com\/es\/wp-json\/wp\/v2\/product-type?post=4641"}],"curies":[{"name":"wp","href":"https:\/\/api.w.org\/{rel}","templated":true}]}}