{"id":4700,"date":"2023-02-21T17:21:57","date_gmt":"2023-02-21T09:21:57","guid":{"rendered":"https:\/\/taizyagromachine.com\/?post_type=product&#038;p=4700"},"modified":"2025-02-25T11:48:17","modified_gmt":"2025-02-25T03:48:17","slug":"reaper-machine","status":"publish","type":"product","link":"https:\/\/taizyagromachine.com\/es\/product\/reaper-machine\/","title":{"rendered":"Mini m\u00e1quina segadora para cosechar ma\u00edz, arroz, trigo, sorgo, pasto y alfalfa."},"content":{"rendered":"<p>La m\u00e1quina segadora es una m\u00e1quina econ\u00f3mica especialmente dise\u00f1ada para cosechar diversos cultivos. Tiene las caracter\u00edsticas de alto costo, f\u00e1cil operaci\u00f3n y alta aplicabilidad. Por lo tanto, muchos clientes compran nuestra segadora manual en su totalidad y se convierten en distribuidores o minoristas de nuestras m\u00e1quinas.<\/p>    <h2 class=\"wp-block-heading\"><strong>\u00bfQu\u00e9 es la cosechadora Reaper?<\/strong><\/h2>    <p>La funci\u00f3n espec\u00edfica es cortar el cultivo y dejarlo de lado. Esta m\u00e1quina est\u00e1 dise\u00f1ada e inventada para facilitar la recolecci\u00f3n de los cultivos por parte de los agricultores, por lo que resulta muy pr\u00e1ctica. Se puede utilizar no s\u00f3lo para cosechar diversos cultivos sino tambi\u00e9n en zonas monta\u00f1osas, llanuras, monta\u00f1as e invernaderos.<\/p>    <p>Esta m\u00e1quina tambi\u00e9n se puede utilizar con un motobloque, lo que ser\u00e1 m\u00e1s c\u00f3modo de usar y mayor comodidad para el usuario. Si est\u00e1 interesado en este tipo de m\u00e1quina, \u00a1p\u00f3ngase en contacto con nosotros para obtener m\u00e1s informaci\u00f3n!<\/p>    <figure class=\"wp-block-embed is-type-video is-provider-youtube wp-block-embed-youtube wp-embed-aspect-16-9 wp-has-aspect-ratio\"><div class=\"wp-block-embed__wrapper\"> <iframe loading=\"lazy\" title=\"Harvester de ma\u00edz y ca\u00f1a eficiente con m\u00e1quina Reaper | M\u00e1quina de cosechador de cosecha de alto rendimiento\" width=\"500\" height=\"281\" src=\"https:\/\/www.youtube.com\/embed\/GudCYyAzqm0?feature=oembed\" frameborder=\"0\" allow=\"accelerometer; autoplay; clipboard-write; encrypted-media; gyroscope; picture-in-picture; web-share\" referrerpolicy=\"strict-origin-when-cross-origin\" allowfullscreen><\/iframe> <\/div><figcaption class=\"wp-element-caption\">Cosiciando la m\u00e1quina de cosechastas<\/figcaption><\/figure>    <h2 class=\"wp-block-heading\"><strong>Tipos de m\u00e1quinas segadoras para agricultura<\/strong><\/h2>    <p class=\"translation-block\">Nuestra <a href=\"https:\/\/en.wikipedia.org\/wiki\/Reaper\" target=\"_blank\" rel=\"noreferrer noopener\">m\u00e1quina segadora<\/a> se puede dividir en la atadora-segadora y la segadora. La diferencia entre ambas radica en la funci\u00f3n. La atadora-segadora se utiliza para atar mientras se cosecha, mientras que la segadora solo se utiliza para cosechar.<\/p>    <p class=\"translation-block\">Tambi\u00e9n cabe se\u00f1alar que nuestros modelos de m\u00e1quinas se clasifican seg\u00fan los diferentes anchos de cosecha, que se pueden dividir en 4GK-90, 4G-100, 4G-120, 4G-120A, 4G-150, etc. Los par\u00e1metros detallados se refieren a los siguientes \"<strong>Par\u00e1metros t\u00e9cnicos de la segadora Taizy en venta<\/strong>\u201c<\/p>    <h2 class=\"wp-block-heading\"><strong>Aplicaciones de la m\u00e1quina cosechadora Reaper<\/strong><\/h2>    <p>La m\u00e1quina segadora Taizy tiene una amplia gama de aplicaciones, como ma\u00edz, ca\u00f1a de az\u00facar, arroz, trigo, pasto, alfalfa, sorgo, mijo, papa, puerro, ajo, soja, pimienta, pasto elefante dulce, etc. Si desea cosechar alguno cultivos, por favor cont\u00e1ctenos! Nuestro personal de ventas le recomendar\u00e1 la m\u00e1quina segadora m\u00e1s adecuada para usted seg\u00fan sus necesidades espec\u00edficas.<\/p>   <div class=\"wp-block-image\"> <figure class=\"aligncenter size-full\"><img loading=\"lazy\" decoding=\"async\" width=\"720\" height=\"540\" src=\"https:\/\/taizyagromachine.com\/wp-content\/uploads\/2023\/02\/applications-of-reaper-harvester-machine.webp\" alt=\"Aplicaciones de la m\u00e1quina cosechadora segadora.\" class=\"wp-image-4706\"\/><figcaption class=\"wp-element-caption\">Aplicaciones de la m\u00e1quina cosechadora segadora.<\/figcaption><\/figure> <\/div>   <h2 class=\"wp-block-heading\"><strong>Caracter\u00edsticas de la m\u00e1quina segadora de arroz\/trigo\/ma\u00edz Taizy<\/strong><\/h2>    <ol class=\"wp-block-list\"> <li>Ahorro de tiempo y mano de obra, y recolecci\u00f3n econ\u00f3mica y eficiente.<\/li>    <li>Multiusos, funcionamiento sencillo y potencia potente.<\/li>    <li>Ampliamente aplicable a llanuras, monta\u00f1as, colinas e invernaderos.<\/li>    <li>Es aplicable a una amplia gama de cultivos que se pueden cosechar, como ma\u00edz, ca\u00f1a de az\u00facar, pasto, soja, pimiento, etc.<\/li>    <li>Ahorro de energ\u00eda, reducci\u00f3n del consumo de combustible y reducci\u00f3n de costes.<\/li>    <li>Accesorios de alta calidad, buena calidad de la m\u00e1quina; Gran practicabilidad, estabilidad y durabilidad; El efecto de la cosecha es bueno.<\/li> <\/ol>   <div class=\"wp-block-image\"> <figure class=\"aligncenter size-full\"><img loading=\"lazy\" decoding=\"async\" width=\"720\" height=\"350\" src=\"https:\/\/taizyagromachine.com\/wp-content\/uploads\/2023\/02\/reaper-machine-manufacturer.webp\" alt=\"fabricante de m\u00e1quinas segadoras\" class=\"wp-image-4707\"\/><figcaption class=\"wp-element-caption\">fabricante de m\u00e1quinas segadoras<\/figcaption><\/figure> <\/div>   <h2 class=\"wp-block-heading\"><strong>\u00bfQu\u00e9 tal el precio de la m\u00e1quina Reaper?<\/strong><\/h2>    <p class=\"translation-block\">Como <a href=\"https:\/\/taizyagromachine.com\/es\/\" target=\"_blank\" rel=\"noreferrer noopener\">fabricante y proveedor profesional de maquinaria agr\u00edcola<\/a>, nuestros modelos de m\u00e1quinas son muy completos y los precios de las atadoras-segadoras tambi\u00e9n son diferentes.<\/p>    <p>Por ejemplo, nuestras m\u00e1quinas cosechadoras segadoras se dividen en segadoras aglutinadoras y segadoras, las funciones necesarias son m\u00e1quinas diferentes y el precio tambi\u00e9n es diferente. Adem\u00e1s, la configuraci\u00f3n de energ\u00eda de la m\u00e1quina. Nuestras m\u00e1quinas pueden utilizar motores de gasolina y motores di\u00e9sel. Si el mismo modelo utiliza potencia diferente, los precios de las m\u00e1quinas tambi\u00e9n son diferentes. Adem\u00e1s, el ancho de cosecha de la m\u00e1quina. El precio de la m\u00e1quina, naturalmente, es diferente seg\u00fan los diferentes anchos de cosecha que deseen los clientes.<\/p>    <p>En resumen, elija la m\u00e1quina adecuada para usted. \u00a1Tambi\u00e9n puedes pedir ayuda a nuestro profesional y \u00e9l te recomendar\u00e1 el m\u00e1s adecuado para ti!<\/p>    <h2 class=\"wp-block-heading\"><strong>Par\u00e1metros t\u00e9cnicos de la m\u00e1quina Taizy Reaper a la venta<\/strong><\/h2>    <figure class=\"wp-block-table\"><table><tbody><tr><td>Modelo<\/td><td>Carpeta segadora 4GK-90<\/td><td>segadora 4G-100<\/td><td>segadora 4G-120<\/td><td>segadora 4G-120A<\/td><td>segadora 4G-150<\/td><\/tr><tr><td>Ancho de cosecha (mm) <\/td><td>900 <\/td><td>1000 <\/td><td>1200 <\/td><td>1200 <\/td><td>1500 <\/td><\/tr><tr><td>Mini altura de corte (mm)<\/td><td>\u226550 <\/td><td>\u226550 <\/td><td>\u226550 <\/td><td>\u226550 <\/td><td>\u226550 <\/td><\/tr><tr><td>Tipo de colocaci\u00f3n<\/td><td>Agrupaci\u00f3n lateral colocada<\/td><td>Colocado lateralmente<\/td><td>Colocado lateralmente<\/td><td>Colocado lateralmente<\/td><td>Colocado lateralmente<\/td><\/tr><tr><td>\u00c1ngulo de colocaci\u00f3n (grados)<\/td><td>\/<\/td><td>90\u00b120 <\/td><td>90\u00b120 <\/td><td>90\u00b120 <\/td><td>90\u00b120 <\/td><\/tr><tr><td>Capacidad (mu\/hora)<\/td><td>2-3<\/td><td>2.5-4<\/td><td>3-5<\/td><td>3-5<\/td><td>3.5-5.5<\/td><\/tr><tr><td>Poder igualado<\/td><td>R175\/6,6 CV <\/td><td>170F\/4,5 caballos de fuerza <\/td><td>170F\/6,6 caballos de fuerza <\/td><td>170F\/4.4hp <\/td><td>R175\/6,6 CV <\/td><\/tr><tr><td>Peso neto \/ kg)<\/td><td>330<\/td><td>210<\/td><td>230<\/td><td>216<\/td><td>230<\/td><\/tr><tr><td>Peso bruto (kg)<\/td><td>380<\/td><td>250<\/td><td>270<\/td><td>260<\/td><td>300<\/td><\/tr><tr><td>Tama\u00f1o del embalaje (largo x ancho x alto) (m)<\/td><td>1.55*1.35*0.9<\/td><td>1.3*1.07*0.65<\/td><td>1.47*1.07*0.65<\/td><td>1.47*1.07*0.65<\/td><td>1.8*1.07*0.65<\/td><\/tr><tr><td>Dimensi\u00f3n de la m\u00e1quina (L*W*H)(m)<\/td><td>\/<\/td><td>2.1*1.25*1.0<\/td><td>2.15*1.5*1.1<\/td><td>2.15*1.5*1.1<\/td><td>2.25*1.85*1.1<\/td><\/tr><tr><td>Tasa de p\u00e9rdida(%)<\/td><td>&lt;1<\/td><td>&lt;1<\/td><td>&lt;1<\/td><td>&lt;1<\/td><td>&lt;1<\/td><\/tr><tr><td>Tasa de corte y agrupaci\u00f3n (%)<\/td><td>90<\/td><td>\/<\/td><td>\/<\/td><td>\/<\/td><td>\/<\/td><\/tr><\/tbody><\/table><\/figure>    <p>Nuestra cosechadora segadora puede funcionar con motores di\u00e9sel o de gasolina, y el ancho de cosecha es diferente, dependiendo de las necesidades del cliente.<\/p>    <h2 class=\"wp-block-heading\"><strong>Video de trabajo de la m\u00e1quina Taizy Reaper a la venta<\/strong><\/h2>    <figure class=\"wp-block-embed is-type-video is-provider-youtube wp-block-embed-youtube wp-embed-aspect-16-9 wp-has-aspect-ratio\"><div class=\"wp-block-embed__wrapper\"> <iframe loading=\"lazy\" title=\"Great Reaper Aglutinante para Cosechar Ma\u00edz, Arroz, Trigo, Sorgo, Soja, Pasto, Alfalfa, etc #reaper\" width=\"500\" height=\"281\" src=\"https:\/\/www.youtube.com\/embed\/6N6YqNMlX24?feature=oembed\" frameborder=\"0\" allow=\"accelerometer; autoplay; clipboard-write; encrypted-media; gyroscope; picture-in-picture; web-share\" referrerpolicy=\"strict-origin-when-cross-origin\" allowfullscreen><\/iframe> <\/div><\/figure>    <figure class=\"wp-block-embed is-type-video is-provider-youtube wp-block-embed-youtube wp-embed-aspect-16-9 wp-has-aspect-ratio\"><div class=\"wp-block-embed__wrapper\"> <iframe loading=\"lazy\" title=\"La mejor m\u00e1quina segadora de Taizy - M\u00e1quina segadora manual para agricultura - M\u00e1quina cosechadora segadora\" width=\"500\" height=\"281\" src=\"https:\/\/www.youtube.com\/embed\/50z7cpO7OIs?feature=oembed\" frameborder=\"0\" allow=\"accelerometer; autoplay; clipboard-write; encrypted-media; gyroscope; picture-in-picture; web-share\" referrerpolicy=\"strict-origin-when-cross-origin\" allowfullscreen><\/iframe> <\/div><\/figure>","protected":false},"excerpt":{"rendered":"<p>The reaper machine is an economical machine specially designed for harvesting various crops. It has the characteristics of high cost performance, easy operation, and high applicability. Therefore, many customers buy our hand reaper machine as a whole and become dealers or retailers of our machines. What is the Reaper Harvester? The specific function is to [&hellip;]<\/p>\n","protected":false},"author":1,"featured_media":4705,"parent":0,"template":"","tags":[213],"product-type":[22],"class_list":["post-4700","product","type-product","status-publish","has-post-thumbnail","hentry","tag-reaper-machine","product-type-others"],"_links":{"self":[{"href":"https:\/\/taizyagromachine.com\/es\/wp-json\/wp\/v2\/product\/4700","targetHints":{"allow":["GET"]}}],"collection":[{"href":"https:\/\/taizyagromachine.com\/es\/wp-json\/wp\/v2\/product"}],"about":[{"href":"https:\/\/taizyagromachine.com\/es\/wp-json\/wp\/v2\/types\/product"}],"author":[{"embeddable":true,"href":"https:\/\/taizyagromachine.com\/es\/wp-json\/wp\/v2\/users\/1"}],"wp:featuredmedia":[{"embeddable":true,"href":"https:\/\/taizyagromachine.com\/es\/wp-json\/wp\/v2\/media\/4705"}],"wp:attachment":[{"href":"https:\/\/taizyagromachine.com\/es\/wp-json\/wp\/v2\/media?parent=4700"}],"wp:term":[{"taxonomy":"post_tag","embeddable":true,"href":"https:\/\/taizyagromachine.com\/es\/wp-json\/wp\/v2\/tags?post=4700"},{"taxonomy":"product-type","embeddable":true,"href":"https:\/\/taizyagromachine.com\/es\/wp-json\/wp\/v2\/product-type?post=4700"}],"curies":[{"name":"wp","href":"https:\/\/api.w.org\/{rel}","templated":true}]}}