{"id":4760,"date":"2023-03-09T15:35:40","date_gmt":"2023-03-09T07:35:40","guid":{"rendered":"https:\/\/taizyagromachine.com\/?post_type=product&#038;p=4760"},"modified":"2023-03-09T17:32:18","modified_gmt":"2023-03-09T09:32:18","slug":"peanut-harvester-machine","status":"publish","type":"product","link":"https:\/\/taizyagromachine.com\/es\/product\/peanut-harvester-machine\/","title":{"rendered":"M\u00e1quina cosechadora de man\u00ed tipo cadena a la venta"},"content":{"rendered":"<p>Este tipo de m\u00e1quina cosechadora de man\u00ed es un nuevo tipo de m\u00e1quina desarrollada espec\u00edficamente para realizar la recolecci\u00f3n de man\u00ed en el campo, trabajando con el tractor. En realidad, la m\u00e1quina cosechadora de man\u00ed tiene caracter\u00edsticas de buen rendimiento, alta eficiencia, ahorro de tiempo y esfuerzo y f\u00e1cil operaci\u00f3n. <\/p>    <p class=\"translation-block\">Adem\u00e1s, nuestras m\u00e1quinas para cacahuetes no se limitan a la cosechadora de cacahuetes, sino tambi\u00e9n a la <a href=\"https:\/\/taizyagromachine.com\/es\/product\/4-row-groundnut-sowing-machine\/\" target=\"_blank\" rel=\"noreferrer noopener\">sembradora de cacahuetes<\/a>, la <a href=\"https:\/\/taizyagromachine.com\/es\/product\/combined-groundnut-shelling-and-cleaning-machine\/\" target=\"_blank\" rel=\"noreferrer noopener\">descascaradora de cacahuetes<\/a> y la <a href=\"https:\/\/taizyagromachine.com\/es\/product\/small-groundnut-picker-for-sale\/\" target=\"_blank\" rel=\"noreferrer noopener\">recolectora de cacahuetes<\/a>. No importa qu\u00e9 m\u00e1quina para cacahuetes le interese, \u00a1bienvenido a contactarnos!<\/p>    <h2 class=\"wp-block-heading\"><strong>Tipo 1: M\u00e1quina cosechadora de man\u00ed HS-800<\/strong><\/h2>    <figure class=\"wp-block-gallery aligncenter has-nested-images columns-default is-cropped wp-block-gallery-2 is-layout-flex wp-block-gallery-is-layout-flex\"> <figure class=\"wp-block-image size-large\"><img loading=\"lazy\" decoding=\"async\" width=\"720\" height=\"540\" data-id=\"4766\" src=\"https:\/\/taizyagromachine.com\/wp-content\/uploads\/2023\/03\/peanut-harvester-machine.webp\" alt=\"m\u00e1quina cosechadora de man\u00ed\" class=\"wp-image-4766\"\/><figcaption class=\"wp-element-caption\">m\u00e1quina cosechadora de man\u00ed<\/figcaption><\/figure>    <figure class=\"wp-block-image size-large\"><img loading=\"lazy\" decoding=\"async\" width=\"720\" height=\"540\" data-id=\"4767\" src=\"https:\/\/taizyagromachine.com\/wp-content\/uploads\/2023\/03\/peanut-harvester.webp\" alt=\"cosechadora de man\u00ed \" class=\"wp-image-4767\"\/><figcaption class=\"wp-element-caption\">cosechadora de man\u00ed <\/figcaption><\/figure> <\/figure>    <p>La nueva generaci\u00f3n de m\u00e1quina cosechadora de man\u00ed Taizy es una m\u00e1quina cosechadora de cultivos que completa las operaciones de excavaci\u00f3n, separaci\u00f3n de tierra, colocaci\u00f3n de tiras, recolecci\u00f3n, recolecci\u00f3n de frutas y limpieza en el proceso de recolecci\u00f3n de man\u00ed. Y la m\u00e1quina cosechadora de man\u00ed cuenta con un dise\u00f1o \u00fanico de cadena de sujeci\u00f3n, que puede hacer que el proceso de cosecha sea m\u00e1s eficiente y con un efecto de cosecha perfecto.  <\/p>    <h3 class=\"wp-block-heading\">Aspectos destacados de la m\u00e1quina cosechadora de man\u00ed HS-800<\/h3>    <figure class=\"wp-block-gallery aligncenter has-nested-images columns-default is-cropped wp-block-gallery-3 is-layout-flex wp-block-gallery-is-layout-flex\"> <figure class=\"wp-block-image size-large\"><img loading=\"lazy\" decoding=\"async\" width=\"720\" height=\"540\" data-id=\"4775\" src=\"https:\/\/taizyagromachine.com\/wp-content\/uploads\/2023\/03\/advantages-of-peanut-harvesting-machine.webp\" alt=\"ventajas de la m\u00e1quina cosechadora de man\u00ed\" class=\"wp-image-4775\"\/><figcaption class=\"wp-element-caption\">ventajas de la m\u00e1quina cosechadora de man\u00ed<\/figcaption><\/figure>    <figure class=\"wp-block-image size-large\"><img loading=\"lazy\" decoding=\"async\" width=\"720\" height=\"540\" data-id=\"4774\" src=\"https:\/\/taizyagromachine.com\/wp-content\/uploads\/2023\/03\/strength-of-peanut-harvester-machine.webp\" alt=\"Fuerza de la m\u00e1quina cosechadora de man\u00ed.\" class=\"wp-image-4774\"\/><figcaption class=\"wp-element-caption\">Fuerza de la m\u00e1quina cosechadora de man\u00ed.<\/figcaption><\/figure> <\/figure>    <figure class=\"wp-block-table\"><table><tbody><tr><td>S\/N<\/td><td>Reflejos<\/td><\/tr><tr><td>1<\/td><td>Cadena trepadora: transporte de man\u00ed cosechado<\/td><\/tr><tr><td>2<\/td><td>Criba vibratoria adicional: almacenamiento de cacahuetes ca\u00eddos sin recogida manual<\/td><\/tr><tr><td>3<\/td><td>Cuchilla m\u00f3vil: minimiza la resistencia a la cosecha<\/td><\/tr><tr><td>4<\/td><td>Rodillo de presi\u00f3n frontal: suelta la tierra para facilitar la cosecha<\/td><\/tr><tr><td>5<\/td><td>Caja de cambios \u2013 conexi\u00f3n de salida trasera del tractor<\/td><\/tr><tr><td>6<\/td><td>Espiral trasera: gire las pl\u00e1ntulas de man\u00ed cuidadosamente y col\u00f3quelas de manera ordenada<\/td><\/tr><\/tbody><\/table><\/figure>    <h3 class=\"wp-block-heading\"><strong>Par\u00e1metros t\u00e9cnicos de la m\u00e1quina cosechadora de man\u00ed<\/strong><\/h3>    <figure class=\"wp-block-table\"><table><tbody><tr><td>Modelo<\/td><td>HS-800<\/td><\/tr><tr><td>Eficiencia<\/td><td>1300-2000\u33a1\/d\u00eda<\/td><\/tr><tr><td>Tasa de cosecha<\/td><td>\u226598%<\/td><\/tr><tr><td>Tasa de ruptura<\/td><td>\u22641%<\/td><\/tr><tr><td>Tasa de limpieza<\/td><td>\u226595%<\/td><\/tr><tr><td>Peso<\/td><td>280 kilos<\/td><\/tr><tr><td>Caballo de fuerza<\/td><td>30HP<\/td><\/tr><tr><td>Ancho de la cosechadora<\/td><td>dos filas<\/td><\/tr><tr><td>Distancia entre filas<\/td><td>750-800 mm<\/td><\/tr><tr><td>Distancia entre filas<\/td><td>180-250 mm<\/td><\/tr><tr><td>Dimensi\u00f3n<\/td><td>2100*1050*1030mm<\/td><\/tr><\/tbody><\/table><\/figure>    <h2 class=\"wp-block-heading\"><strong>Tipo 2: M\u00e1quina cosechadora de man\u00ed HS-1500<\/strong><\/h2>    <figure class=\"wp-block-gallery aligncenter has-nested-images columns-default is-cropped wp-block-gallery-4 is-layout-flex wp-block-gallery-is-layout-flex\"> <figure class=\"wp-block-image size-large\"><img loading=\"lazy\" decoding=\"async\" width=\"720\" height=\"540\" data-id=\"4769\" src=\"https:\/\/taizyagromachine.com\/wp-content\/uploads\/2023\/03\/groundnut-harvesting-machine.webp\" alt=\"m\u00e1quina cosechadora de man\u00ed\" class=\"wp-image-4769\"\/><figcaption class=\"wp-element-caption\">m\u00e1quina cosechadora de man\u00ed<\/figcaption><\/figure>    <figure class=\"wp-block-image size-large\"><img loading=\"lazy\" decoding=\"async\" width=\"720\" height=\"540\" data-id=\"4770\" src=\"https:\/\/taizyagromachine.com\/wp-content\/uploads\/2023\/03\/peanut-harvesting-machine.webp\" alt=\"m\u00e1quina cosechadora de man\u00ed\" class=\"wp-image-4770\"\/><figcaption class=\"wp-element-caption\">m\u00e1quina cosechadora de man\u00ed<\/figcaption><\/figure> <\/figure>    <p class=\"translation-block\">En la producci\u00f3n real, de acuerdo con las propias necesidades de los clientes y las caracter\u00edsticas de la m\u00e1quina de cosecha de cacahuetes, se puede elegir la m\u00e1quina adecuada. El equipo de cosecha de cacahuetes puede completar una vez la <a href=\"https:\/\/en.wikipedia.org\/wiki\/Peanut\" target=\"_blank\" rel=\"noreferrer noopener\">excavaci\u00f3n de cacahuetes<\/a>, eliminaci\u00f3n de tierra, recolecci\u00f3n de frutos, limpieza, recolecci\u00f3n de frutos y otras operaciones, con alta eficiencia de producci\u00f3n, menos p\u00e9rdidas operativas, velocidad de transferencia r\u00e1pida y uso seguro y fiable.<\/p>    <h3 class=\"wp-block-heading\"><strong>Caracter\u00edsticas de la m\u00e1quina cosechadora de man\u00ed<\/strong><\/h3>    <ol class=\"wp-block-list\"> <li>El proceso de operaci\u00f3n es completo y ordenado, durante la operaci\u00f3n para completar el soporte de las pl\u00e1ntulas, excavar, triturar, sacudir la tierra y colocar man\u00ed.<\/li>    <li>Baja tasa de p\u00e9rdidas, alta eficiencia operativa y bajo costo de recolecci\u00f3n.<\/li>    <li>El tiempo de recolecci\u00f3n del man\u00ed es corto y el costo de recolecci\u00f3n es menor.<\/li>    <li>Una amplia gama de aplicaciones. La m\u00e1quina cosechadora de man\u00ed es aplicable a una variedad de suelos, plantaciones planas y monop\u00f3licas de tierras de man\u00ed.<\/li> <\/ol>    <h3 class=\"wp-block-heading\"><strong>Par\u00e1metros t\u00e9cnicos del equipo de recolecci\u00f3n de man\u00ed<\/strong><\/h3>    <figure class=\"wp-block-table\"><table><tbody><tr><td>Modelo<\/td><td>HS-1500<\/td><\/tr><tr><td>Fuerza<\/td><td>tractor \u226580HP<\/td><\/tr><tr><td>toma de fuerza<\/td><td>splines 6 u 8<\/td><\/tr><tr><td>Anchura de trabajo<\/td><td>1500 mm<\/td><\/tr><tr><td>Tama\u00f1o<\/td><td>3140*1770*1150mm<\/td><\/tr><tr><td>Peso<\/td><td>498 kilos<\/td><\/tr><\/tbody><\/table><\/figure>    <h2 class=\"wp-block-heading\"><strong>\u00bfQu\u00e9 tal el precio de la m\u00e1quina cosechadora de man\u00ed?<\/strong><\/h2>    <p class=\"translation-block\">Como <a href=\"https:\/\/taizyagromachine.com\/es\/\" target=\"_blank\" rel=\"noreferrer noopener\">fabricante y proveedor profesional de maquinaria agr\u00edcola<\/a>, nuestras m\u00e1quinas agr\u00edcolas cubren todos los aspectos, y tambi\u00e9n la <a href=\"https:\/\/taizyagromachine.com\/es\/product\/peanut-machine\/\" target=\"_blank\" rel=\"noreferrer noopener\">maquinaria para cacahuetes<\/a>. La cosechadora de cacahuetes producida por Taizy tiene precios de f\u00e1brica, por lo que el precio de la cosechadora de cacahuetes es muy ventajoso. Pero esto no significa que la calidad de la m\u00e1quina no sea buena. <\/p>    <p>Porque somos una f\u00e1brica, nosotros mismos en el negocio del comercio exterior, as\u00ed que ahorramos un costo intermedio. Adem\u00e1s, contamos con nuestro propio sistema de control de calidad para producir la m\u00e1quina, y la m\u00e1quina producida tiene una calidad excelente. Por lo tanto, nuestras m\u00e1quinas Taizy son de buena calidad y precio bajo. Si est\u00e1 interesado, no dude en contactarnos y visitar nuestra f\u00e1brica.<\/p>    <h2 class=\"wp-block-heading\"><strong>Casos exitosos de la m\u00e1quina cosechadora de man\u00ed Taizy<\/strong><\/h2>    <p>Nuestra excavadora de man\u00ed se ha exportado a muchos pa\u00edses extranjeros, como Senegal, Nigeria, Alemania, Italia, EE. UU., Zimbabwe, Turkmenist\u00e1n, etc. Se enumera el \u00faltimo caso estadounidense para su referencia que se ha cerrado.<\/p>    <figure class=\"wp-block-embed is-type-wp-embed is-provider-taizyagromachine-com wp-block-embed-taizyagromachine-com\"><div class=\"wp-block-embed__wrapper\"> <blockquote class=\"wp-embedded-content\" data-secret=\"NMjLVa3kCY\"><a href=\"https:\/\/taizyagromachine.com\/sw\/info\/peanut-harvester-usa\/\">Cosechadora de man\u00ed y sembradora de man\u00ed de 4 hileras a la venta en EE. UU.<\/a><\/blockquote><iframe loading=\"lazy\" class=\"wp-embedded-content\" sandbox=\"allow-scripts\" security=\"restricted\" style=\"position: absolute; clip: rect(1px, 1px, 1px, 1px);\" title=\"&quot;Cosechadora de man\u00ed y sembradora de man\u00ed de 4 hileras a la venta en EE. UU.&quot; \u2014 taizyagromachine.com\" src=\"https:\/\/taizyagromachine.com\/sw\/info\/peanut-harvester-usa\/embed\/#?secret=97eZYTO8Gm#?secret=NMjLVa3kCY\" data-secret=\"NMjLVa3kCY\" width=\"500\" height=\"282\" frameborder=\"0\" marginwidth=\"0\" marginheight=\"0\" scrolling=\"no\"><\/iframe> <\/div><\/figure>    <h2 class=\"wp-block-heading\"><strong>Paquete y entrega del nuevo tipo de m\u00e1quina cosechadora de man\u00ed<\/strong><\/h2>    <figure class=\"wp-block-gallery aligncenter has-nested-images columns-default is-cropped wp-block-gallery-5 is-layout-flex wp-block-gallery-is-layout-flex\"> <figure class=\"wp-block-image size-full\"><img loading=\"lazy\" decoding=\"async\" width=\"850\" height=\"540\" data-id=\"4785\" src=\"https:\/\/taizyagromachine.com\/wp-content\/uploads\/2023\/03\/peanut-harvester-in-the-wooden-case.webp\" alt=\"Cosechadora de man\u00ed en caja de madera.\" class=\"wp-image-4785\"\/><figcaption class=\"wp-element-caption\">Cosechadora de man\u00ed en caja de madera.<\/figcaption><\/figure>    <figure class=\"wp-block-image size-full\"><img loading=\"lazy\" decoding=\"async\" width=\"850\" height=\"540\" data-id=\"4786\" src=\"https:\/\/taizyagromachine.com\/wp-content\/uploads\/2023\/03\/load-in-the-container-for-delivery.webp\" alt=\"cargar en el contenedor para la entrega\" class=\"wp-image-4786\"\/><figcaption class=\"wp-element-caption\">cargar en el contenedor para la entrega<\/figcaption><\/figure> <\/figure>    <p>Una vez producida la m\u00e1quina cosechadora de man\u00ed, es necesario prepararla para su entrega al cliente, que generalmente se realiza por mar. Antes del env\u00edo, envolveremos la m\u00e1quina en una caja de madera de acuerdo con los requisitos del cliente y luego organizaremos su carga en un contenedor. Finalmente, la log\u00edstica enviar\u00e1 la mercanc\u00eda al puerto correspondiente para su env\u00edo.<\/p>    <h2 class=\"wp-block-heading\"><strong>Buenos comentarios de los clientes sobre la m\u00e1quina cosechadora de man\u00ed<\/strong><\/h2>    <p>Esta cosechadora de man\u00ed de Taizy se exporta a todo el mundo. Debido al buen rendimiento y la calidad de la m\u00e1quina, hemos recibido buenos comentarios de clientes de todo el mundo. La siguiente imagen es parte de los comentarios recopilados de los clientes. Si est\u00e1 interesado en nuestras m\u00e1quinas para hacer man\u00ed, \u00a1p\u00f3ngase en contacto con nosotros y visite nuestra f\u00e1brica!<\/p>   <div class=\"wp-block-image\"> <figure class=\"aligncenter size-full\"><img loading=\"lazy\" decoding=\"async\" width=\"750\" height=\"816\" src=\"https:\/\/taizyagromachine.com\/wp-content\/uploads\/2023\/03\/client-feedback.webp\" alt=\"comentarios del cliente\" class=\"wp-image-4763\"\/><figcaption class=\"wp-element-caption\">comentarios del cliente<\/figcaption><\/figure> <\/div>   <h2 class=\"wp-block-heading\"><strong>V\u00eddeo de la m\u00e1quina cosechadora de man\u00ed: \u00bfc\u00f3mo funciona una excavadora de man\u00ed?<\/strong><\/h2>    <figure class=\"wp-block-embed is-type-video is-provider-youtube wp-block-embed-youtube wp-embed-aspect-16-9 wp-has-aspect-ratio\"><div class=\"wp-block-embed__wrapper\"> <iframe loading=\"lazy\" title=\"Nuevo tipo de m\u00e1quina cosechadora de man\u00ed - Venta de m\u00e1quina cosechadora de man\u00ed - \u00bfC\u00f3mo cosechar man\u00ed?\" width=\"500\" height=\"281\" src=\"https:\/\/www.youtube.com\/embed\/wRYBLEBXfQY?feature=oembed\" frameborder=\"0\" allow=\"accelerometer; autoplay; clipboard-write; encrypted-media; gyroscope; picture-in-picture; web-share\" referrerpolicy=\"strict-origin-when-cross-origin\" allowfullscreen><\/iframe> <\/div><\/figure>","protected":false},"excerpt":{"rendered":"<p>This kind of peanut harvester machine is a new type of machine developed specifically to carry out groundnut harvesting in the fields, working with the tractor. Actually, the groundnut harvesting machine has features of good performance, high efficiency, time and effort saving, and easy operation. Besides, our peanut machines are not limited to the peanut [&hellip;]<\/p>\n","protected":false},"author":1,"featured_media":4778,"parent":0,"template":"","tags":[214],"product-type":[21],"class_list":["post-4760","product","type-product","status-publish","has-post-thumbnail","hentry","tag-peanut-harvester-machine","product-type-peanut-machine"],"_links":{"self":[{"href":"https:\/\/taizyagromachine.com\/es\/wp-json\/wp\/v2\/product\/4760","targetHints":{"allow":["GET"]}}],"collection":[{"href":"https:\/\/taizyagromachine.com\/es\/wp-json\/wp\/v2\/product"}],"about":[{"href":"https:\/\/taizyagromachine.com\/es\/wp-json\/wp\/v2\/types\/product"}],"author":[{"embeddable":true,"href":"https:\/\/taizyagromachine.com\/es\/wp-json\/wp\/v2\/users\/1"}],"wp:featuredmedia":[{"embeddable":true,"href":"https:\/\/taizyagromachine.com\/es\/wp-json\/wp\/v2\/media\/4778"}],"wp:attachment":[{"href":"https:\/\/taizyagromachine.com\/es\/wp-json\/wp\/v2\/media?parent=4760"}],"wp:term":[{"taxonomy":"post_tag","embeddable":true,"href":"https:\/\/taizyagromachine.com\/es\/wp-json\/wp\/v2\/tags?post=4760"},{"taxonomy":"product-type","embeddable":true,"href":"https:\/\/taizyagromachine.com\/es\/wp-json\/wp\/v2\/product-type?post=4760"}],"curies":[{"name":"wp","href":"https:\/\/api.w.org\/{rel}","templated":true}]}}