{"id":4805,"date":"2023-03-16T14:52:19","date_gmt":"2023-03-16T06:52:19","guid":{"rendered":"https:\/\/taizyagromachine.com\/?post_type=product&#038;p=4805"},"modified":"2023-03-16T17:13:23","modified_gmt":"2023-03-16T09:13:23","slug":"grain-milling-machine-for-corn-chilli-beans-grass","status":"publish","type":"product","link":"https:\/\/taizyagromachine.com\/es\/product\/grain-milling-machine-for-corn-chilli-beans-grass\/","title":{"rendered":"Fresadora de granos de acero inoxidable para ma\u00edz, chile, frijoles y pasto"},"content":{"rendered":"<p class=\"translation-block\">Esta m\u00e1quina de moler granos de acero inoxidable est\u00e1 especialmente dise\u00f1ada para moler varios granos con el fin de obtener un polvo fino. Y este <a href=\"https:\/\/taizyagromachine.com\/es\/product\/disk-mill-machine\/\" target=\"_blank\" rel=\"noreferrer noopener\">molino de granos<\/a> se utiliza para una amplia gama de aplicaciones, como ma\u00edz, trigo, arroz, especias, chile, pimienta negra, frijoles, granos de caf\u00e9, jengibre, hierbas, caramelos, etc. <\/p>    <p> Nuestro molino de ma\u00edz es de buen rendimiento y calidad, simple y f\u00e1cil de operar, y muy f\u00e1cil de usar. Adem\u00e1s, nuestra fresadora de ma\u00edz a menudo se exporta al por mayor, y los distribuidores y minoristas a menudo las importan de nuestra parte para ventas locales y actividades minoristas, como en Nigeria. Entonces, si se dedica a actividades relacionadas, no dude en contactarnos y le ofreceremos la mejor oferta.<\/p>    <h2 class=\"wp-block-heading\"><strong>Tipos de fresadoras de granos de Taizy Machinery<\/strong><\/h2>    <p class=\"translation-block\">Como <a href=\"https:\/\/taizyagromachine.com\/es\/\" target=\"_blank\" rel=\"noreferrer noopener\">fabricante y proveedor profesional de m\u00e1quinas de moler<\/a>, tenemos diferentes tipos de molinos de ma\u00edz a la venta. A continuaci\u00f3n se muestran un molino de granos el\u00e9ctrico, un molino de ma\u00edz a gasolina y una peque\u00f1a m\u00e1quina trituradora para su referencia.<\/p>    <p class=\"translation-block\"><strong>M\u00e1quina de moler granos de ma\u00edz a gasolina<\/strong>:<\/p>    <figure class=\"wp-block-gallery aligncenter has-nested-images columns-4 is-cropped wp-block-gallery-2 is-layout-flex wp-block-gallery-is-layout-flex\"> <figure class=\"wp-block-image size-large\"><img loading=\"lazy\" decoding=\"async\" width=\"540\" height=\"720\" data-id=\"4835\" src=\"https:\/\/taizyagromachine.com\/wp-content\/uploads\/2023\/03\/gasoline-grain-grinding-machine-1.webp\" alt=\"trituradora-de-granos-de-gasolina-1\" class=\"wp-image-4835\"\/><figcaption class=\"wp-element-caption\">trituradora de granos de gasolina-1<\/figcaption><\/figure>    <figure class=\"wp-block-image size-large\"><img loading=\"lazy\" decoding=\"async\" width=\"540\" height=\"720\" data-id=\"4836\" src=\"https:\/\/taizyagromachine.com\/wp-content\/uploads\/2023\/03\/gasoline-grain-grinding-machine-2.webp\" alt=\"trituradora de granos de gasolina-2\" class=\"wp-image-4836\"\/><figcaption class=\"wp-element-caption\">trituradora de granos de gasolina-2<\/figcaption><\/figure>    <figure class=\"wp-block-image size-large\"><img loading=\"lazy\" decoding=\"async\" width=\"540\" height=\"720\" data-id=\"4838\" src=\"https:\/\/taizyagromachine.com\/wp-content\/uploads\/2023\/03\/gasoline-grain-grinding-machine-3.webp\" alt=\"trituradora de granos de gasolina-3\" class=\"wp-image-4838\"\/><figcaption class=\"wp-element-caption\">trituradora de granos de gasolina-3<\/figcaption><\/figure>    <figure class=\"wp-block-image size-large\"><img loading=\"lazy\" decoding=\"async\" width=\"540\" height=\"720\" data-id=\"4837\" src=\"https:\/\/taizyagromachine.com\/wp-content\/uploads\/2023\/03\/gasoline-grain-grinding-machine-4.webp\" alt=\"trituradora de granos de gasolina-4\" class=\"wp-image-4837\"\/><figcaption class=\"wp-element-caption\">trituradora de granos de gasolina-4<\/figcaption><\/figure> <\/figure>    <p class=\"translation-block\"><strong>M\u00e1quina de moler granos de acero inoxidable el\u00e9ctrica<\/strong>:<\/p>   <div class=\"wp-block-image\"> <figure class=\"aligncenter size-full\"><img loading=\"lazy\" decoding=\"async\" width=\"720\" height=\"540\" src=\"https:\/\/taizyagromachine.com\/wp-content\/uploads\/2023\/03\/electric-driven-milling-machine.webp\" alt=\"fresadora el\u00e9ctrica\" class=\"wp-image-4842\"\/><figcaption class=\"wp-element-caption\">fresadora el\u00e9ctrica<\/figcaption><\/figure> <\/div>   <p class=\"translation-block\"><strong>Peque\u00f1o molino de ma\u00edz al por mayor<\/strong>:<\/p>   <div class=\"wp-block-image\"> <figure class=\"aligncenter size-full\"><img loading=\"lazy\" decoding=\"async\" width=\"720\" height=\"540\" src=\"https:\/\/taizyagromachine.com\/wp-content\/uploads\/2023\/03\/mini-grain-milling-machine.webp\" alt=\"mini fresadora de granos\" class=\"wp-image-4844\"\/><figcaption class=\"wp-element-caption\">mini fresadora de granos<\/figcaption><\/figure> <\/div>   <h2 class=\"wp-block-heading\"><strong>Estructura de la fresadora de granos comercial a la venta<\/strong><\/h2>    <div class=\"wp-block-media-text alignwide is-stacked-on-mobile\"><figure class=\"wp-block-media-text__media\"><img loading=\"lazy\" decoding=\"async\" width=\"720\" height=\"540\" src=\"https:\/\/taizyagromachine.com\/wp-content\/uploads\/2023\/03\/structure-of-maize-milling-machine.webp\" alt=\"estructura de la fresadora de ma\u00edz\" class=\"wp-image-4827 size-full\"\/><\/figure><div class=\"wp-block-media-text__content\"> <p class=\"translation-block\">La estructura general de la <a href=\"https:\/\/cornmachines.com\/disk-mill-machine\/\" target=\"_blank\" rel=\"noreferrer noopener\">m\u00e1quina de moler ma\u00edz<\/a> es muy simple y clara, el usuario puede entender f\u00e1cilmente c\u00f3mo operarla.<\/p>    <figure class=\"wp-block-table\"><table><tbody><tr><td>S\/N<\/td><td>Nombre de la pieza de la m\u00e1quina<\/td><\/tr><tr><td>1<\/td><td>Entrada<\/td><\/tr><tr><td>2<\/td><td>Ajuste de velocidad<\/td><\/tr><tr><td>3<\/td><td>Tuerca suelta<\/td><\/tr><tr><td>4<\/td><td>Cavidad de trituraci\u00f3n<\/td><\/tr><tr><td>5<\/td><td>Boton interruptor<\/td><\/tr><tr><td>6<\/td><td>Salida<\/td><\/tr><\/tbody><\/table><\/figure> <\/div><\/div>    <h2 class=\"wp-block-heading\"><strong>Aplicaciones del Molinillo El\u00e9ctrico de Granos<\/strong><\/h2>    <figure class=\"wp-block-gallery aligncenter has-nested-images columns-default is-cropped wp-block-gallery-3 is-layout-flex wp-block-gallery-is-layout-flex\"> <figure class=\"wp-block-image size-large\"><img loading=\"lazy\" decoding=\"async\" width=\"720\" height=\"540\" data-id=\"4824\" src=\"https:\/\/taizyagromachine.com\/wp-content\/uploads\/2023\/03\/applications-of-grain-corn-milling-machine.webp\" alt=\"Aplicaciones de la fresadora de ma\u00edz en grano.\" class=\"wp-image-4824\"\/><figcaption class=\"wp-element-caption\">Aplicaciones de la fresadora de ma\u00edz en grano.<\/figcaption><\/figure>    <figure class=\"wp-block-image size-large\"><img loading=\"lazy\" decoding=\"async\" width=\"720\" height=\"540\" data-id=\"4823\" src=\"https:\/\/taizyagromachine.com\/wp-content\/uploads\/2023\/03\/applications-of-milling-machine.webp\" alt=\"aplicaciones de la fresadora\" class=\"wp-image-4823\"\/><figcaption class=\"wp-element-caption\">aplicaciones de la fresadora<\/figcaption><\/figure> <\/figure>    <p>Esta fresadora de granos tiene una amplia gama de aplicaciones, como frijoles, pimienta negra, chile, granos de cacao, jengibre, condimentos, ma\u00edz, pasto, trigo, arroz, hierbas, etc. <\/p>    <p>Puede haber otros que no est\u00e9n listados, en definitiva, si deseas triturar materiales, puedes utilizar nuestro molinillo. Si tienes tal necesidad, \u00a1cont\u00e1ctanos ahora!<\/p>    <h2 class=\"wp-block-heading\"><strong>Principio de funcionamiento de la m\u00e1quina trituradora de granos Taizy<\/strong><\/h2>    <p>Con alta velocidad, esta m\u00e1quina rectificadora comercial utiliza el movimiento relativo entre el disco de dientes m\u00f3viles y el disco de dientes fijos para triturar los materiales mediante impacto, cizallamiento, fricci\u00f3n y colisi\u00f3n de los dientes.<\/p>    <figure class=\"wp-block-gallery aligncenter has-nested-images columns-default is-cropped wp-block-gallery-4 is-layout-flex wp-block-gallery-is-layout-flex\"> <figure class=\"wp-block-image size-full\"><img loading=\"lazy\" decoding=\"async\" width=\"720\" height=\"540\" data-id=\"4833\" src=\"https:\/\/taizyagromachine.com\/wp-content\/uploads\/2023\/03\/blades-of-grain-maize-milling-machine.webp\" alt=\"Cuchillas de fresadora de ma\u00edz en grano.\" class=\"wp-image-4833\"\/><figcaption class=\"wp-element-caption\">Cuchillas de fresadora de ma\u00edz en grano.<\/figcaption><\/figure>    <figure class=\"wp-block-image size-full\"><img loading=\"lazy\" decoding=\"async\" width=\"720\" height=\"540\" data-id=\"4831\" src=\"https:\/\/taizyagromachine.com\/wp-content\/uploads\/2023\/03\/internal-part-of-grain-milling-machine.webp\" alt=\"parte-interna-de-la-fresadora-de-grano\" class=\"wp-image-4831\"\/><figcaption class=\"wp-element-caption\">parte interna de la fresadora de granos<\/figcaption><\/figure> <\/figure>   <div class=\"wp-block-image\"> <figure class=\"aligncenter size-full\"><img loading=\"lazy\" decoding=\"async\" width=\"720\" height=\"400\" src=\"https:\/\/taizyagromachine.com\/wp-content\/uploads\/2023\/03\/sieves.webp\" alt=\"tamices\" class=\"wp-image-4834\"\/><figcaption class=\"wp-element-caption\">tamices<\/figcaption><\/figure> <\/div>   <p>Esta m\u00e1quina tiene una estructura simple, funcionamiento suave, bajo nivel de ruido y buen efecto de trituraci\u00f3n. Despu\u00e9s de la trituraci\u00f3n, se descarga el material directamente de la c\u00e1mara de trituraci\u00f3n. El tama\u00f1o del tama\u00f1o de part\u00edcula se puede lograr seleccionando diferentes pantallas.<\/p>    <h2 class=\"wp-block-heading\"><strong>\u00bfQu\u00e9 tal el precio de la fresadora de granos? <\/strong><\/h2>    <p>Contamos con varios tipos de m\u00e1quinas trituradoras de cormo de grano y podemos moler varios tipos de granos. Si desea conocer el precio de este tipo de m\u00e1quinas, primero debe saber qu\u00e9 tipo de material desea triturar. Debido a que los productos son diferentes, la fresadora de ma\u00edz\/trigo elegida ser\u00e1 diferente. El precio de la fresadora de granos tambi\u00e9n es diferente. <\/p>    <p>En segundo lugar, el prop\u00f3sito, como molinillo de ma\u00edz para alimentaci\u00f3n de pollos. Seg\u00fan el uso diferente del cliente, nuestro profesional recomienda la m\u00e1quina que coincida con los clientes, diferentes configuraciones de pantalla para diferentes m\u00e1quinas, por lo que el precio, naturalmente, no es el mismo. <\/p>    <p>Adem\u00e1s, el pa\u00eds de destino. Esto se ve afectado principalmente por el flete de env\u00edo internacional; al mismo tiempo, el flete de diferentes destinos tambi\u00e9n es diferente, por lo que el precio general de la m\u00e1quina tambi\u00e9n es diferente.<\/p>    <p>Por supuesto, el precio de la fresadora de granos tambi\u00e9n se ve afectado por otros aspectos, como la compra de accesorios de la m\u00e1quina, el tiempo para comprar la m\u00e1quina, la cantidad de compra de la m\u00e1quina, etc. Si est\u00e1 interesado en esta fresadora de ma\u00edz , \u00a1No dude en ponerse en contacto con nosotros! Le proporcionaremos la mejor soluci\u00f3n.<\/p>    <h2 class=\"wp-block-heading\"><strong>Preguntas frecuentes sobre la fresadora de granos a la venta<\/strong><\/h2>   <div id=\"rank-math-faq\" class=\"rank-math-block\"> <div class=\"rank-math-list\"> <div id=\"faq-question-1678949494900\" class=\"rank-math-list-item\"> <h3 class=\"rank-math-question\">1. \u00bfCu\u00e1les pueden ser las materias primas para el molinillo de ma\u00edz en grano?<\/h3> <div class=\"rank-math-answer\">  <p>Granos y cereales, chiles y otras categor\u00edas de condimentos, \u00f1ame y otros ingredientes s\u00f3lidos.<\/p>  <\/div> <\/div> <div id=\"faq-question-1678949592861\" class=\"rank-math-list-item\"> <h3 class=\"rank-math-question\">2. \u00bfCu\u00e1l es el grosor del producto terminado?<\/h3> <div class=\"rank-math-answer\">  <p>Generalmente en malla 20-40.<\/p>  <\/div> <\/div> <div id=\"faq-question-1678949651997\" class=\"rank-math-list-item\"> <h3 class=\"rank-math-question\">3. \u00bfQu\u00e9 tal el material de la m\u00e1quina trituradora de granos?<\/h3> <div class=\"rank-math-answer\">  <p>Acero inoxidable 304.<\/p>  <\/div> <\/div> <div id=\"faq-question-1678949760637\" class=\"rank-math-list-item\"> <h3 class=\"rank-math-question\">4. Si el voltaje no coincide con el de mi pa\u00eds, \u00bfpueden cambiarlo?<\/h3> <div class=\"rank-math-answer\">  <p>S\u00ed, claro. Podemos personalizar el voltaje de la m\u00e1quina para su uso conveniente. <\/p>  <\/div> <\/div> <div id=\"faq-question-1678949842052\" class=\"rank-math-list-item\"> <h3 class=\"rank-math-question\">5. \u00bfCu\u00e1l es la capacidad de la m\u00e1quina trituradora de granos?<\/h3> <div class=\"rank-math-answer\">  <p>Existen muchas capacidades de producci\u00f3n, y podemos asesorarle la adecuada seg\u00fan sus necesidades.<\/p>  <\/div> <\/div> <\/div> <\/div>   <h2 class=\"wp-block-heading\"><strong>Par\u00e1metros t\u00e9cnicos del molino de grano <\/strong><\/h2>    <figure class=\"wp-block-gallery aligncenter has-nested-images columns-default is-cropped wp-block-gallery-5 is-layout-flex wp-block-gallery-is-layout-flex\"> <figure class=\"wp-block-image size-large\"><img loading=\"lazy\" decoding=\"async\" width=\"720\" height=\"540\" data-id=\"4813\" src=\"https:\/\/taizyagromachine.com\/wp-content\/uploads\/2023\/03\/small-corn-milling-machine.webp\" alt=\"peque\u00f1a fresadora de ma\u00edz\" class=\"wp-image-4813\"\/><figcaption class=\"wp-element-caption\">peque\u00f1a fresadora de ma\u00edz<\/figcaption><\/figure>    <figure class=\"wp-block-image size-large\"><img loading=\"lazy\" decoding=\"async\" width=\"720\" height=\"540\" data-id=\"4812\" src=\"https:\/\/taizyagromachine.com\/wp-content\/uploads\/2023\/03\/electric-grain-grinding-machine.webp\" alt=\"trituradora de granos electrica\" class=\"wp-image-4812\"\/><figcaption class=\"wp-element-caption\">trituradora de granos electrica<\/figcaption><\/figure> <\/figure>    <figure class=\"wp-block-table\"><table><tbody><tr><td><strong>Modelo<\/strong><strong><\/strong><\/td><td><strong>HAO-1200<\/strong><strong><\/strong><\/td><td><strong>HAO-2200<\/strong><strong><\/strong><\/td><td><strong>HAO-3000<\/strong><strong><\/strong><\/td><\/tr><tr><td>Potencia (kW)<\/td><td>1. 1<\/td><td>2.2<\/td><td>3<\/td><\/tr><tr><td>Velocidad de rotaci\u00f3n<\/td><td>1400 rpm<\/td><td>1420 rpm<\/td><td>1420 rpm<\/td><\/tr><tr><td>\u00a0Finura (malla)<\/td><td>\u00a050-200<\/td><td>\u00a050-200<\/td><td>\u00a050-200<\/td><\/tr><tr><td>Capacidad (kg\/h)<\/td><td>15-40<\/td><td>30-50<\/td><td>30-60<\/td><\/tr><tr><td>Finura (malla)<\/td><td>50-200<\/td><td>50-200<\/td><td>50-200<\/td><\/tr><tr><td>Tama\u00f1o (cm)<\/td><td>47*22*34<\/td><td>55*28*41<\/td><td>60*30*46<\/td><\/tr><tr><td>Peso (kg)<\/td><td>30<\/td><td>40<\/td><td>48<\/td><\/tr><\/tbody><\/table><figcaption class=\"wp-element-caption\">Especificaciones de la peque\u00f1a trituradora de granos de acero inoxidable.<\/figcaption><\/figure>   <div class=\"wp-block-image\"> <figure class=\"aligncenter size-full\"><img loading=\"lazy\" decoding=\"async\" width=\"1000\" height=\"350\" src=\"https:\/\/taizyagromachine.com\/wp-content\/uploads\/2023\/03\/grain-milling-machine-for-sale.webp\" alt=\"venta de fresadora de granos\" class=\"wp-image-4815\"\/><figcaption class=\"wp-element-caption\">venta de fresadora de granos<\/figcaption><\/figure> <\/div>   <figure class=\"wp-block-table\"><table><tbody><tr><td><strong>Modelo<\/strong><strong><\/strong><\/td><td><strong>15B<\/strong><strong><\/strong><\/td><td><strong>20B<\/strong><strong><\/strong><\/td><td><strong>30B<\/strong><strong><\/strong><\/td><td><strong>40B<\/strong><strong><\/strong><\/td><td><strong>50B<\/strong><strong><\/strong><\/td><\/tr><tr><td>Material<\/td><td>SUS 304<\/td><td>SUS 304<\/td><td>SUS 304<\/td><td>SUS 304<\/td><td>SUS 304<\/td><\/tr><tr><td>Capacidad (kg\/h)<\/td><td>10-60<\/td><td>60-150<\/td><td>100-300<\/td><td>160-800<\/td><td>500-1500<\/td><\/tr><tr><td>Tama\u00f1o del material (mm)<\/td><td>&lt;8<\/td><td>&lt;8<\/td><td>&lt;10<\/td><td>&lt;12<\/td><td>&lt;14<\/td><\/tr><tr><td>Finura (malla)<\/td><td>20-120<\/td><td>20-120<\/td><td>20-120<\/td><td>20-120<\/td><td>20-120<\/td><\/tr><tr><td>Potencia (kW)<\/td><td>2.2<\/td><td>4<\/td><td>7.5<\/td><td>11<\/td><td>18.5<\/td><\/tr><tr><td>Velocidad de rotaci\u00f3n (r\/min)<\/td><td>6000<\/td><td>4500<\/td><td>3800<\/td><td>3400<\/td><td>3200<\/td><\/tr><tr><td>Tama\u00f1o (mm)<\/td><td>550*6000*1000<\/td><td>600*550*1250<\/td><td>700*600*1450<\/td><td>900*800*1550<\/td><td>1000*900*1680<\/td><\/tr><tr><td>Peso (kg)<\/td><td>150<\/td><td>280<\/td><td>340<\/td><td>450<\/td><td>530<\/td><\/tr><\/tbody><\/table><figcaption class=\"wp-element-caption\">especificaciones de la fresadora de granos<\/figcaption><\/figure>    <h2 class=\"wp-block-heading\"><strong>Video de la m\u00e1quina de molino de harina de grano Taizy: \u00bfC\u00f3mo moler granos hasta obtener un polvo fino?<\/strong><\/h2>    <figure class=\"wp-block-embed is-type-video is-provider-youtube wp-block-embed-youtube wp-embed-aspect-16-9 wp-has-aspect-ratio\"><div class=\"wp-block-embed__wrapper\"> <iframe loading=\"lazy\" title=\"2023 Excelente molinillo de acero inoxidable para ma\u00edz, pimienta, pasto, granos de caf\u00e9, etc. \u00a1Obtenga un polvo fino!\" width=\"500\" height=\"281\" src=\"https:\/\/www.youtube.com\/embed\/kJSP-Rn9kTM?start=17&#038;feature=oembed\" frameborder=\"0\" allow=\"accelerometer; autoplay; clipboard-write; encrypted-media; gyroscope; picture-in-picture; web-share\" referrerpolicy=\"strict-origin-when-cross-origin\" allowfullscreen><\/iframe> <\/div><\/figure>    <p><\/p>","protected":false},"excerpt":{"rendered":"<p>This stainless steel grain milling machine is specially designed for grinding various grains in order to obtain a fine powder. And this grain mill grinder is used for a wide arrange of applications, such as corn, wheat, rice, spices, chili, black pepper, beans, coffee beans, ginger, herbs, candy, etc. Our corn mill machine is of [&hellip;]<\/p>\n","protected":false},"author":1,"featured_media":4820,"parent":0,"template":"","tags":[216],"product-type":[17],"class_list":["post-4805","product","type-product","status-publish","has-post-thumbnail","hentry","tag-grain-milling-machine","product-type-corn-machine"],"_links":{"self":[{"href":"https:\/\/taizyagromachine.com\/es\/wp-json\/wp\/v2\/product\/4805","targetHints":{"allow":["GET"]}}],"collection":[{"href":"https:\/\/taizyagromachine.com\/es\/wp-json\/wp\/v2\/product"}],"about":[{"href":"https:\/\/taizyagromachine.com\/es\/wp-json\/wp\/v2\/types\/product"}],"author":[{"embeddable":true,"href":"https:\/\/taizyagromachine.com\/es\/wp-json\/wp\/v2\/users\/1"}],"wp:featuredmedia":[{"embeddable":true,"href":"https:\/\/taizyagromachine.com\/es\/wp-json\/wp\/v2\/media\/4820"}],"wp:attachment":[{"href":"https:\/\/taizyagromachine.com\/es\/wp-json\/wp\/v2\/media?parent=4805"}],"wp:term":[{"taxonomy":"post_tag","embeddable":true,"href":"https:\/\/taizyagromachine.com\/es\/wp-json\/wp\/v2\/tags?post=4805"},{"taxonomy":"product-type","embeddable":true,"href":"https:\/\/taizyagromachine.com\/es\/wp-json\/wp\/v2\/product-type?post=4805"}],"curies":[{"name":"wp","href":"https:\/\/api.w.org\/{rel}","templated":true}]}}