{"id":5581,"date":"2023-07-06T14:19:40","date_gmt":"2023-07-06T06:19:40","guid":{"rendered":"https:\/\/taizyagromachine.com\/?post_type=product&#038;p=5581"},"modified":"2023-07-06T15:08:49","modified_gmt":"2023-07-06T07:08:49","slug":"multi-purpose-corn-shelling-machine","status":"publish","type":"product","link":"https:\/\/taizyagromachine.com\/es\/product\/multi-purpose-corn-shelling-machine\/","title":{"rendered":"M\u00e1quina descascaradora de ma\u00edz multiusos"},"content":{"rendered":"<p class=\"translation-block\">La desgranadora de ma\u00edz multiprop\u00f3sito desempe\u00f1a un papel importante en el campo del trillado de cultivos como equipo de procesamiento agr\u00edcola eficiente y multifuncional. Tiene las ventajas de alta eficiencia y velocidad, versatilidad, facilidad de operaci\u00f3n y fiabilidad y durabilidad, lo que no solo mejora la productividad y el rendimiento, sino que tambi\u00e9n ahorra costes y recursos humanos. La <a href=\"https:\/\/taizyagromachine.com\/es\/product\/multifunctional-thresher\/\" target=\"_blank\" rel=\"noreferrer noopener\">trilladora multifuncional<\/a> tambi\u00e9n proporciona a los agricultores flexibilidad y soporte t\u00e9cnico para ayudarles a lograr un mayor \u00e9xito en la producci\u00f3n agr\u00edcola.<\/p>    <h2 class=\"wp-block-heading\"><strong>V\u00eddeo de introducci\u00f3n de la m\u00e1quina descascaradora de ma\u00edz multifuncional<\/strong><\/h2>    <figure class=\"wp-block-embed is-type-video is-provider-youtube wp-block-embed-youtube wp-embed-aspect-16-9 wp-has-aspect-ratio\"><div class=\"wp-block-embed__wrapper\"> <iframe loading=\"lazy\" title=\"\u00a1Nueva trilladora multifuncional! \u00a1Para ma\u00edz, soja, sorgo, mijo y cereales! 1TP5Etiquetamaquinaria agr\u00edcola\" width=\"500\" height=\"281\" src=\"https:\/\/www.youtube.com\/embed\/8Sj62tTGXfY?feature=oembed\" frameborder=\"0\" allow=\"accelerometer; autoplay; clipboard-write; encrypted-media; gyroscope; picture-in-picture; web-share\" referrerpolicy=\"strict-origin-when-cross-origin\" allowfullscreen><\/iframe> <\/div><\/figure>    <h2 class=\"wp-block-heading\"><strong>\u00bfQu\u00e9 es la m\u00e1quina descascaradora de ma\u00edz multiusos?<\/strong><\/h2>    <p class=\"translation-block\">La desgranadora de ma\u00edz multifuncional es un dispositivo mec\u00e1nico para trillar cultivos con m\u00faltiples funciones y aplicaciones. Su funci\u00f3n principal es separar el grano de la mazorca entera y eliminar las cubiertas e impurezas para obtener un producto de grano puro. Se utiliza ampliamente para trillar ma\u00edz, trigo, soja, mijo y muchos otros granos. La <a href=\"https:\/\/taizyagromachine.com\/es\/product\/corn-threshing-machine\/\" target=\"_blank\" rel=\"noreferrer noopener\">trilladora multigrano<\/a> puede mejorar significativamente la eficiencia del trillado y ahorrar costes de mano de obra y tiempo. Es una buena ayuda para la mayor\u00eda de los agricultores en el trillado.<\/p>    <figure class=\"wp-block-gallery aligncenter has-nested-images columns-4 is-cropped wp-block-gallery-2 is-layout-flex wp-block-gallery-is-layout-flex\"> <figure class=\"wp-block-image size-large\"><img loading=\"lazy\" decoding=\"async\" width=\"720\" height=\"540\" data-id=\"5593\" src=\"https:\/\/taizyagromachine.com\/wp-content\/uploads\/2023\/07\/multi-purpose-corn-sheller-machine.webp\" alt=\"Desgranadora de ma\u00edz multiusos\" class=\"wp-image-5593\"\/><figcaption class=\"wp-element-caption\">Desgranadora de ma\u00edz multiusos<\/figcaption><\/figure>    <figure class=\"wp-block-image size-large\"><img loading=\"lazy\" decoding=\"async\" width=\"720\" height=\"540\" data-id=\"5592\" src=\"https:\/\/taizyagromachine.com\/wp-content\/uploads\/2023\/07\/multifunctional-corn-shelling-machine.webp\" alt=\"m\u00e1quina descascaradora de ma\u00edz multifuncional\" class=\"wp-image-5592\"\/><figcaption class=\"wp-element-caption\">m\u00e1quina descascaradora de ma\u00edz multifuncional<\/figcaption><\/figure>    <figure class=\"wp-block-image size-large\"><img loading=\"lazy\" decoding=\"async\" width=\"720\" height=\"540\" data-id=\"5590\" src=\"https:\/\/taizyagromachine.com\/wp-content\/uploads\/2023\/07\/multifunctional-corn-thresher.webp\" alt=\"trilladora de ma\u00edz multifuncional\" class=\"wp-image-5590\"\/><figcaption class=\"wp-element-caption\">trilladora de ma\u00edz multifuncional<\/figcaption><\/figure>    <figure class=\"wp-block-image size-large\"><img loading=\"lazy\" decoding=\"async\" width=\"720\" height=\"540\" data-id=\"5591\" src=\"https:\/\/taizyagromachine.com\/wp-content\/uploads\/2023\/07\/multifunctional-thresher.webp\" alt=\"trilladora multifuncional\" class=\"wp-image-5591\"\/><figcaption class=\"wp-element-caption\">trilladora multifuncional<\/figcaption><\/figure> <\/figure>    <p>Este tipo de m\u00e1quina tiene disponibles MT-860 y MT-1200, que tienen las mismas funciones y aplicaciones. Pero la capacidad es diferente. Adem\u00e1s, estos dos tipos pueden utilizar el motor di\u00e9sel, el motor el\u00e9ctrico y el motor de gasolina para hacer funcionar la m\u00e1quina.<\/p>    <h2 class=\"wp-block-heading\"><strong>Estructura de la m\u00e1quina trilladora de granos m\u00faltiples<\/strong><\/h2>   <div class=\"wp-block-image\"> <figure class=\"aligncenter size-full\"><img loading=\"lazy\" decoding=\"async\" width=\"720\" height=\"540\" src=\"https:\/\/taizyagromachine.com\/wp-content\/uploads\/2023\/07\/structure-of-multi-corn-shelling-machine.webp\" alt=\"Estructura de la m\u00e1quina descascaradora de ma\u00edz m\u00faltiple.\" class=\"wp-image-5586\"\/><figcaption class=\"wp-element-caption\">Estructura de la m\u00e1quina descascaradora de ma\u00edz m\u00faltiple.<\/figcaption><\/figure> <\/div>   <figure class=\"wp-block-table\"><table><tbody><tr><td>S\/N<\/td><td>Nombre de la pieza de la m\u00e1quina<\/td><\/tr><tr><td>1<\/td><td>Entrada de ma\u00edz<\/td><\/tr><tr><td>2<\/td><td>Salida de mazorcas y c\u00e1scaras de ma\u00edz<\/td><\/tr><tr><td>3<\/td><td>Motor diesel<\/td><\/tr><tr><td>4<\/td><td>Marco<\/td><\/tr><tr><td>5<\/td><td>Ruedas grandes<\/td><\/tr><tr><td>6<\/td><td>Salida de semillas de ma\u00edz<\/td><\/tr><tr><td>7<\/td><td>Salida de impurezas<\/td><\/tr><\/tbody><\/table><figcaption class=\"wp-element-caption\">composici\u00f3n de la trilladora multifuncional<\/figcaption><\/figure>    <h2 class=\"wp-block-heading\"><strong>Dise\u00f1o de m\u00e1quina desgranadora de ma\u00edz multifuncional<\/strong><\/h2>    <p class=\"translation-block\">Esta m\u00e1quina est\u00e1 dise\u00f1ada para satisfacer las necesidades del cliente, y los aspectos m\u00e1s destacados son las ruedas grandes y el bastidor. El dise\u00f1o de la rueda grande y el bastidor mejora la estabilidad y la movilidad de la <a href=\"https:\/\/taizyagromachine.com\/es\/product\/multifunctional-thresher\/\" target=\"_blank\" rel=\"noreferrer noopener\">trilladora multifuncional<\/a>. <\/p>    <div class=\"wp-block-columns is-layout-flex wp-container-core-columns-is-layout-9d6595d7 wp-block-columns-is-layout-flex\"> <div class=\"wp-block-column is-layout-flow wp-block-column-is-layout-flow\"> <p class=\"has-cyan-bluish-gray-background-color has-background\">Las ruedas grandes se pueden adaptar a diferentes terrenos y proporcionan una gran distancia al suelo, lo que facilita el movimiento de la m\u00e1quina en terrenos agr\u00edcolas irregulares.<\/p> <\/div>    <div class=\"wp-block-column is-layout-flow wp-block-column-is-layout-flow\"> <p class=\"has-cyan-bluish-gray-background-color has-background\">La estructura del bastidor puede proporcionar soporte y equilibrio estables, lo que hace que la m\u00e1quina sea m\u00e1s fuerte y segura al trabajar.<\/p> <\/div> <\/div>    <p><\/p>    <h2 class=\"wp-block-heading\"><strong>Piezas de desgaste para la m\u00e1quina desgranadora de ma\u00edz multifuncional Taizy<\/strong><\/h2>   <div class=\"wp-block-image\"> <figure class=\"aligncenter size-full\"><img loading=\"lazy\" decoding=\"async\" width=\"720\" height=\"350\" src=\"https:\/\/taizyagromachine.com\/wp-content\/uploads\/2023\/07\/screen-for-multifunctional-thresher-machine.webp\" alt=\"Criba para trilladora multifuncional.\" class=\"wp-image-5601\"\/><figcaption class=\"wp-element-caption\">Criba para trilladora multifuncional.<\/figcaption><\/figure> <\/div>   <p>Las piezas de desgaste de la trilladora multifuncional incluyen principalmente cribas, correas, cadenas y otros componentes. Con el uso prolongado, estas piezas pueden desgastarse y es necesario revisarlas y reemplazarlas peri\u00f3dicamente. Un mantenimiento razonable y el reemplazo oportuno de las piezas de desgaste pueden prolongar la vida \u00fatil de la trilladora multifuncional y garantizar su trabajo continuo y eficiente.<\/p>    <h2 class=\"wp-block-heading\"><strong>Ventajas de la m\u00e1quina descascaradora de ma\u00edz multiusos<\/strong><\/h2>    <ol class=\"wp-block-list\"> <li>Alta eficiencia y velocidad: la trilladora multifuncional puede trillar cultivos a alta velocidad y eficiencia, lo que mejora enormemente la productividad y el rendimiento.<\/li>    <li>Versatilidad: Adem\u00e1s de la funci\u00f3n de trilla, la desgranadora mazie multifuncional Taizy generalmente tambi\u00e9n tiene funciones como desgranar y separar impurezas, que pueden satisfacer las necesidades de procesamiento de diferentes cultivos.<\/li>    <li>Garant\u00eda de calidad: La trilladora multigrano puede separar eficientemente c\u00e1scaras, impurezas y granos para garantizar la calidad y pureza del producto final.<\/li>    <li>Flexibilidad: La m\u00e1quina descascaradora de ma\u00edz multifuncional generalmente tiene tres motores disponibles, que pueden usar motores combinados para funcionar seg\u00fan la situaci\u00f3n local. <\/li>    <li>Ahorro de costos: la alta eficiencia y multifuncionalidad de la trilladora multifuncional pueden ahorrar costos de mano de obra y tiempo, mejorar la eficiencia de producci\u00f3n y reducir los costos de procesamiento.<\/li>    <li>Fiabilidad y durabilidad: la m\u00e1quina descascaradora de ma\u00edz Taizy utiliza materiales de alta calidad y procesos de fabricaci\u00f3n de precisi\u00f3n, que tienen buena durabilidad y estabilidad y pueden funcionar de manera estable durante mucho tiempo.<\/li> <\/ol>    <h2 class=\"wp-block-heading\"><strong>\u00bfQu\u00e9 afecta el precio de la m\u00e1quina descascaradora de ma\u00edz m\u00faltiple?<\/strong><\/h2>    <p class=\"translation-block\">El precio de la <a href=\"https:\/\/cornmachines.com\/multifunctional-thresher-machine\/\" target=\"_blank\" rel=\"noreferrer noopener\">trilladora de ma\u00edz multifuncional<\/a> se ve afectado por muchos aspectos, como el modelo de la m\u00e1quina, la marca, etc. El primero son el modelo y las especificaciones de la m\u00e1quina; el precio de una desgranadora de ma\u00edz multifuncional variar\u00e1 de una especificaci\u00f3n a otra. El segundo son la marca y el fabricante de la m\u00e1quina. Los productos de marcas conocidas y fabricantes de alta calidad suelen tener precios relativamente m\u00e1s altos. <\/p>    <figure class=\"wp-block-gallery aligncenter has-nested-images columns-default is-cropped wp-block-gallery-3 is-layout-flex wp-block-gallery-is-layout-flex\"> <figure class=\"wp-block-image size-full\"><img loading=\"lazy\" decoding=\"async\" width=\"720\" height=\"540\" data-id=\"5608\" src=\"https:\/\/taizyagromachine.com\/wp-content\/uploads\/2023\/07\/multifunctional-threshing-machine.webp\" alt=\"trilladora multifuncional\" class=\"wp-image-5608\"\/><figcaption class=\"wp-element-caption\">trilladora multifuncional<\/figcaption><\/figure>    <figure class=\"wp-block-image size-full\"><img loading=\"lazy\" decoding=\"async\" width=\"720\" height=\"540\" data-id=\"5607\" src=\"https:\/\/taizyagromachine.com\/wp-content\/uploads\/2023\/07\/multi-purpose-thresher-1.webp\" alt=\"trilladora multiusos\" class=\"wp-image-5607\"\/><figcaption class=\"wp-element-caption\">trilladora multiusos<\/figcaption><\/figure> <\/figure>    <p>Adem\u00e1s, la oferta y demanda del mercado, el coste de las materias primas, la distancia de transporte, etc. tambi\u00e9n tendr\u00e1n un impacto en el precio. Si desea conocer m\u00e1s detalles, \u00a1cont\u00e1ctenos para obtener m\u00e1s detalles!<\/p>    <h2 class=\"wp-block-heading\"><strong>Servicio sobre la trilladora multifuncional Taizy<\/strong><\/h2>    <p>Taizy, como buena m\u00e1quina desgranadora de ma\u00edz multiuso con marcas reconocidas, ofrecemos soporte t\u00e9cnico y servicio postventa. El soporte t\u00e9cnico integral y el servicio posventa pueden garantizar que obtenga orientaci\u00f3n y soluciones profesionales. Adem\u00e1s, podemos brindarle asistencia en l\u00ednea, asistencia en video, manual, etc. Todo puede ayudarlo a utilizar la m\u00e1quina descascaradora de ma\u00edz sin problemas.  <\/p>    <h2 class=\"wp-block-heading\"><strong>Producci\u00f3n, empaquetado y entrega de m\u00e1quina desgranadora de ma\u00edz multiusos<\/strong><\/h2>    <p>El proceso de producci\u00f3n de la trilladora multifuncional se lleva a cabo normalmente en un taller especial. En el taller, los trabajadores procesan y ensamblan los componentes de acuerdo con el proceso de producci\u00f3n y los requisitos t\u00e9cnicos para garantizar que la calidad y el rendimiento de la m\u00e1quina cumplan con los est\u00e1ndares. <\/p>    <figure class=\"wp-block-gallery has-nested-images columns-default is-cropped wp-block-gallery-4 is-layout-flex wp-block-gallery-is-layout-flex\"> <figure class=\"wp-block-image size-full\"><img loading=\"lazy\" decoding=\"async\" width=\"720\" height=\"540\" data-id=\"5604\" src=\"https:\/\/taizyagromachine.com\/wp-content\/uploads\/2023\/07\/machine-production.webp\" alt=\"producci\u00f3n de m\u00e1quinas\" class=\"wp-image-5604\"\/><figcaption class=\"wp-element-caption\">producci\u00f3n de m\u00e1quinas<\/figcaption><\/figure>    <figure class=\"wp-block-image size-large\"><img loading=\"lazy\" decoding=\"async\" width=\"720\" height=\"540\" data-id=\"5603\" src=\"https:\/\/taizyagromachine.com\/wp-content\/uploads\/2023\/07\/machine-loading.webp\" alt=\"carga de la m\u00e1quina\" class=\"wp-image-5603\"\/><figcaption class=\"wp-element-caption\">carga de la m\u00e1quina<\/figcaption><\/figure>    <figure class=\"wp-block-image size-full\"><img loading=\"lazy\" decoding=\"async\" width=\"720\" height=\"540\" data-id=\"5605\" src=\"https:\/\/taizyagromachine.com\/wp-content\/uploads\/2023\/07\/loaded-machine-.webp\" alt=\"maquina cargada\" class=\"wp-image-5605\"\/><figcaption class=\"wp-element-caption\">maquina cargada<\/figcaption><\/figure> <\/figure>    <p>Una vez que se completa la producci\u00f3n, la m\u00e1quina desgranadora de ma\u00edz multifuncional se empaqueta cuidadosamente. La forma com\u00fan de embalaje es utilizar cajas de madera resistentes para proteger la m\u00e1quina de da\u00f1os y vibraciones. Durante el transporte, la trilladora multifuncional generalmente se env\u00eda entera en un contenedor para garantizar una entrega segura a su destino. Este m\u00e9todo de env\u00edo integral reduce el riesgo de da\u00f1os y facilita las operaciones de carga y descarga.<\/p>","protected":false},"excerpt":{"rendered":"<p>The multi purpose corn shelling machine plays an important role in the field of crop threshing as an efficient and multifunctional agricultural processing equipment. It has the advantages of high efficiency and speed, versatility, ease of operation and reliability and durability, which not only improves productivity and output, but also saves cost and human resources. [&hellip;]<\/p>\n","protected":false},"author":1,"featured_media":5584,"parent":0,"template":"","tags":[217],"product-type":[17],"class_list":["post-5581","product","type-product","status-publish","has-post-thumbnail","hentry","tag-corn-shelling-machine","product-type-corn-machine"],"_links":{"self":[{"href":"https:\/\/taizyagromachine.com\/es\/wp-json\/wp\/v2\/product\/5581","targetHints":{"allow":["GET"]}}],"collection":[{"href":"https:\/\/taizyagromachine.com\/es\/wp-json\/wp\/v2\/product"}],"about":[{"href":"https:\/\/taizyagromachine.com\/es\/wp-json\/wp\/v2\/types\/product"}],"author":[{"embeddable":true,"href":"https:\/\/taizyagromachine.com\/es\/wp-json\/wp\/v2\/users\/1"}],"wp:featuredmedia":[{"embeddable":true,"href":"https:\/\/taizyagromachine.com\/es\/wp-json\/wp\/v2\/media\/5584"}],"wp:attachment":[{"href":"https:\/\/taizyagromachine.com\/es\/wp-json\/wp\/v2\/media?parent=5581"}],"wp:term":[{"taxonomy":"post_tag","embeddable":true,"href":"https:\/\/taizyagromachine.com\/es\/wp-json\/wp\/v2\/tags?post=5581"},{"taxonomy":"product-type","embeddable":true,"href":"https:\/\/taizyagromachine.com\/es\/wp-json\/wp\/v2\/product-type?post=5581"}],"curies":[{"name":"wp","href":"https:\/\/api.w.org\/{rel}","templated":true}]}}