{"id":6061,"date":"2023-12-04T17:45:32","date_gmt":"2023-12-04T09:45:32","guid":{"rendered":"https:\/\/taizyagromachine.com\/?post_type=product&#038;p=6061"},"modified":"2023-12-04T17:45:34","modified_gmt":"2023-12-04T09:45:34","slug":"rice-combine-harvester","status":"publish","type":"product","link":"https:\/\/taizyagromachine.com\/es\/product\/rice-combine-harvester\/","title":{"rendered":"Cosechadora de arroz para arroz con c\u00e1scara de trigo con trilladora"},"content":{"rendered":"<p class=\"translation-block\">Esta <strong>cosechadora combinada de arroz<\/strong> (tambi\u00e9n llamada cosechadora combinada de trigo, cosechadora combinada peque\u00f1a) es un equipo agr\u00edcola multifuncional que no solo cosecha eficientemente cultivos como el arroz y el trigo, sino que tambi\u00e9n tiene una funci\u00f3n de trillado que separa las semillas de la c\u00e1scara mediante una trilladora incorporada. Esta m\u00e1quina mejora la productividad agr\u00edcola debido a su flexibilidad de ajuste que le permite adaptarse a la cosecha en condiciones de colinas. Adem\u00e1s de esta cosechadora peque\u00f1a, tambi\u00e9n disponemos de <a href=\"https:\/\/taizyagromachine.com\/es\/product\/wheat-thresher\/\">m\u00e1quinas trilladoras para trigo y arroz<\/a>. \u00a1Si est\u00e1 interesado, bienvenido a contactarnos para m\u00e1s detalles!<\/p>    <h2 class=\"wp-block-heading\"><strong>\u00bfConoce las partes y funciones de la cosechadora de arroz?<\/strong><\/h2>    <figure class=\"wp-block-gallery aligncenter has-nested-images columns-default is-cropped wp-block-gallery-2 is-layout-flex wp-block-gallery-is-layout-flex\"> <figure class=\"wp-block-image size-large\"><img loading=\"lazy\" decoding=\"async\" width=\"720\" height=\"540\" data-id=\"6064\" src=\"https:\/\/taizyagromachine.com\/wp-content\/uploads\/2023\/12\/rice-wheat-combine-harvester-structure.webp\" alt=\"estructura de la cosechadora de trigo y arroz\" class=\"wp-image-6064\"\/><figcaption class=\"wp-element-caption\">estructura de la cosechadora de trigo y arroz<\/figcaption><\/figure>    <figure class=\"wp-block-image size-large\"><img loading=\"lazy\" decoding=\"async\" width=\"720\" height=\"540\" data-id=\"6063\" src=\"https:\/\/taizyagromachine.com\/wp-content\/uploads\/2023\/12\/rice-combine-harvester-parts.webp\" alt=\"piezas de cosechadora de arroz\" class=\"wp-image-6063\"\/><figcaption class=\"wp-element-caption\">piezas de cosechadora de arroz<\/figcaption><\/figure> <\/figure>    <figure class=\"wp-block-table\"><table><tbody><tr><td>Partes de m\u00e1quina<\/td><td>Funci\u00f3n<\/td><\/tr><tr><td><strong>Sistema de poder<\/strong><\/td><td>Combinado con un motor di\u00e9sel de marca mundial<br>Alta potencia, gran potencia<br>Alta eficiencia en cosecha, trilla y desplazamiento.<\/td><\/tr><tr><td><strong>Sistema de viaje<\/strong><\/td><td>Pistas m\u00e1s largas y anchas, efecto antiatrapamiento\/antiderrape m\u00e1s destacado<br>Equipado con faro LED s\u00faper brillante para cosecha nocturna<br>Resistente al agua y a la arena, duradero<\/td><\/tr><tr><td><strong>Sistema de transporte<\/strong><\/td><td>Tambor de alimentaci\u00f3n m\u00e1s alto para reducir derrames<br>Mesa de corte rebajada 8 cm para facilitar la cosecha de arroz y trigo enanos<br>Estructura de alimentaci\u00f3n y transporte, evitando escupitajos y atascos en el transporte.<\/td><\/tr><tr><td><strong>Sistema de trilla<\/strong><\/td><td>El tambor de trilla adopta un dise\u00f1o gradual, sin atascos y con mayor eficiencia de trilla<br>Excelente dise\u00f1o de apertura de descarga de paja, descarga de paja m\u00e1s suave<br>Dise\u00f1o de pantalla de formato graduado, reduce los derrames y reduce la tasa de impurezas.<\/td><\/tr><tr><td><strong>Sistema operativo<\/strong><\/td><td>Dise\u00f1o \u00fanico, estructura simple, operaci\u00f3n m\u00e1s segura<br>Estructura de varias velocidades, m\u00e1s f\u00e1cil de operar<br>El efecto de estacionamiento en pendientes pronunciadas es mejor, no patina al subir pendientes<\/td><\/tr><\/tbody><\/table><figcaption class=\"wp-element-caption\">Componentes y funciones de la cosechadora de trigo y arroz.<\/figcaption><\/figure>    <h2 class=\"wp-block-heading\"><strong>Especificaciones de la cosechadora de arroz<\/strong><\/h2>    <p>Como fabricante profesional de equipos agr\u00edcolas, nuestra mini cosechadora para trigo y arroz se divide en diferentes modelos seg\u00fan las diferentes v\u00edas, pero todos ellos pueden usarse para cosechar y trillar arroz y trigo, los siguientes son los par\u00e1metros espec\u00edficos para su referencia.<\/p>    <figure class=\"wp-block-table\"><table><tbody><tr><td>Modelo<\/td><td>4LZ-1.05C<\/td><td>4LZ-1.05D<\/td><\/tr><tr><td>Tipo de oruga<\/td><td>oruga plana<\/td><td>Oruga triangular<\/td><\/tr><tr><td>Ancho de corte<\/td><td>1100 mm<\/td><td>1100 mm<\/td><\/tr><tr><td>Distancia m\u00ednima al suelo<\/td><td>190 mm<\/td><td>190 mm<\/td><\/tr><tr><td>Presi\u00f3n media del suelo<\/td><td>10,9 KPA<\/td><td>10,9 KPA<\/td><\/tr><tr><td>Volumen de alimentaci\u00f3n<\/td><td>1,05 kg\/s<\/td><td>1,05 kg\/s<\/td><\/tr><tr><td>Tama\u00f1o <\/td><td>3100*1440*1630mm<\/td><td>3100*1440*1630mm<\/td><\/tr><tr><td>Peso<\/td><td>570 kilos<\/td><td>570 kilos<\/td><\/tr><tr><td>Modelo de motor<\/td><td>KD1100FB DIESEL<\/td><td>KD1100FB DIESEL<\/td><\/tr><tr><td>M\u00e9todo de inicio<\/td><td>arranque electrico<\/td><td>arranque electrico<\/td><\/tr><\/tbody><\/table><figcaption class=\"wp-element-caption\">mini cosechadora de trigo y arroz<\/figcaption><\/figure>    <figure class=\"wp-block-gallery aligncenter has-nested-images columns-default is-cropped wp-block-gallery-3 is-layout-flex wp-block-gallery-is-layout-flex\"> <figure class=\"wp-block-image size-large\"><img loading=\"lazy\" decoding=\"async\" width=\"720\" height=\"540\" data-id=\"6066\" src=\"https:\/\/taizyagromachine.com\/wp-content\/uploads\/2023\/12\/wheat-combine-harvester-for-sale.webp\" alt=\"Vendo cosechadora de trigo\" class=\"wp-image-6066\"\/><figcaption class=\"wp-element-caption\">Vendo cosechadora de trigo<\/figcaption><\/figure>    <figure class=\"wp-block-image size-large\"><img loading=\"lazy\" decoding=\"async\" width=\"720\" height=\"540\" data-id=\"6065\" src=\"https:\/\/taizyagromachine.com\/wp-content\/uploads\/2023\/12\/rice-combine-harvester-for-sale.webp\" alt=\"Se vende cosechadora de arroz\" class=\"wp-image-6065\"\/><figcaption class=\"wp-element-caption\">Se vende cosechadora de arroz<\/figcaption><\/figure> <\/figure>    <h2 class=\"wp-block-heading\"><strong>Caracter\u00edsticas de la peque\u00f1a cosechadora de trigo y arroz.<\/strong><\/h2>    <ul class=\"wp-block-list\"> <li><strong>Dise\u00f1o compacto<\/strong>: Debido a que la cosechadora es peque\u00f1a, esta cosechadora de trigo se adapta a tierras cultivables limitadas. Su construcci\u00f3n relativamente liviana facilita su uso en campos reducidos.<\/li>    <li><strong>Versatilidad<\/strong>: Esta mini cosechadora de arroz es multifuncional y se puede utilizar para cosechar arroz y trigo, lo que aumenta la utilizaci\u00f3n de la m\u00e1quina.<\/li>    <li><strong>Capacidad eficiente<\/strong>: A pesar de su peque\u00f1o tama\u00f1o, las cosechadoras de arroz peque\u00f1as suelen ser muy eficientes. Puede completar la cosecha en un per\u00edodo relativamente corto, aumentando la productividad.<\/li>    <li><strong>F\u00e1cil de operar<\/strong>: La cosechadora de trigo peque\u00f1a suele estar dise\u00f1ada para que sea f\u00e1cil de operar para los agricultores que no tienen habilidades especializadas. Los controles y sistemas operativos simplificados reducen la carga para el usuario.<\/li>    <li><strong>Adaptable<\/strong>: Gracias a su relativa ligereza y movilidad, las cosechadoras se desempe\u00f1an bien en diferentes tipos de suelo y terreno, aumentando su flexibilidad de aplicaci\u00f3n.<\/li>    <li><strong>Asequible<\/strong>: En comparaci\u00f3n con las cosechadoras combinadas m\u00e1s grandes, esta m\u00e1quina cosechadora de arroz suele ser m\u00e1s asequible. Esto hace que el equipo sea m\u00e1s accesible para los agricultores y mejora el nivel tecnol\u00f3gico de las peque\u00f1as explotaciones.<\/li>    <li><strong>Bajos costos de mantenimiento<\/strong>: Debido a su estructura mec\u00e1nica relativamente simple, la mini cosechadora de trigo y arroz generalmente tiene bajos costos de mantenimiento, lo que reduce la carga para los agricultores.<\/li> <\/ul>    <figure class=\"wp-block-gallery aligncenter has-nested-images columns-default is-cropped wp-block-gallery-4 is-layout-flex wp-block-gallery-is-layout-flex\"> <figure class=\"wp-block-image size-large\"><img loading=\"lazy\" decoding=\"async\" width=\"720\" height=\"540\" data-id=\"6067\" src=\"https:\/\/taizyagromachine.com\/wp-content\/uploads\/2023\/12\/mini-rice-combine-harvester-working-scene.webp\" alt=\"escena de trabajo de mini cosechadora de arroz\" class=\"wp-image-6067\"\/><figcaption class=\"wp-element-caption\">escena de trabajo de mini cosechadora de arroz<\/figcaption><\/figure>    <figure class=\"wp-block-image size-large\"><img loading=\"lazy\" decoding=\"async\" width=\"720\" height=\"540\" data-id=\"6068\" src=\"https:\/\/taizyagromachine.com\/wp-content\/uploads\/2023\/12\/rice-combine-harvester-machine-working-in-the-paddy-field.webp\" alt=\"M\u00e1quina cosechadora de arroz trabajando en los arrozales\" class=\"wp-image-6068\"\/><figcaption class=\"wp-element-caption\">M\u00e1quina cosechadora de arroz trabajando en los arrozales<\/figcaption><\/figure> <\/figure>    <h2 class=\"wp-block-heading\"><strong>\u00bfC\u00f3mo cosechar arroz de trigo con una cosechadora peque\u00f1a?<\/strong><\/h2>   <div id=\"rank-math-howto\" class=\"rank-math-block\" > <div class=\"rank-math-howto-description\">  <\/div>  <div class=\"rank-math-steps\"> <div id=\"howto-step-1701671535865\" class=\"rank-math-step\"> <h3 class=\"rank-math-step-title\">Poner en marcha la cosechadora de trigo y arroz.<\/h3> <div class=\"rank-math-step-content\"><p>El operador enciende la peque\u00f1a cosechadora de arroz y se asegura de que todos los sistemas funcionen correctamente. Esto incluye el motor, el sistema de corte, la cinta transportadora, etc.<\/p> <\/div> <\/div> <div id=\"howto-step-1701671671829\" class=\"rank-math-step\"> <h3 class=\"rank-math-step-title\">Navegar al campo<\/h3> <div class=\"rank-math-step-content\"><p>Navegue con la mini cosechadora de arroz hasta el campo a cosechar. Durante el movimiento, el operador debe tener cuidado para evitar obst\u00e1culos y asegurarse de que la m\u00e1quina funcione sin problemas.<\/p> <\/div> <\/div> <div id=\"howto-step-1701671710110\" class=\"rank-math-step\"> <h3 class=\"rank-math-step-title\">Empezar a cosechar<\/h3> <div class=\"rank-math-step-content\"><p>Una vez que la m\u00e1quina ha alcanzado la posici\u00f3n adecuada, el operador comienza a cosechar. Una cosechadora de trigo generalmente cosecha las plantas moviendo el cabezal de corte lateralmente y transfiri\u00e9ndolas dentro de la m\u00e1quina para su posterior procesamiento.<\/p> <\/div> <\/div> <div id=\"howto-step-1701671788720\" class=\"rank-math-step\"> <h3 class=\"rank-math-step-title\">Trilla y limpieza<\/h3> <div class=\"rank-math-step-content\"><p class=\"translation-block\">Dentro de la m\u00e1quina, el trigo o el <a href=\"https:\/\/en.wikipedia.org\/wiki\/Rice\" target=\"_blank\" rel=\"noopener\">arroz<\/a> pasan por un sistema de trillado que separa el grano de la planta. La paja y las malas hierbas restantes generalmente se descargan a trav\u00e9s de un sistema de limpieza.<\/p> <\/div> <\/div> <div id=\"howto-step-1701671966245\" class=\"rank-math-step\"> <h3 class=\"rank-math-step-title\">Recolecci\u00f3n y almacenamiento<\/h3> <div class=\"rank-math-step-content\"><p>El grano trillado se recoge y almacena en sacos preparados previamente. Cuando est\u00e1n llenos, los granos se pueden descargar para transferirlos a instalaciones de almacenamiento o veh\u00edculos de transporte.<\/p> <\/div> <\/div> <div id=\"howto-step-1701672719682\" class=\"rank-math-step\"> <h3 class=\"rank-math-step-title\">Seguimiento y ajuste<\/h3> <div class=\"rank-math-step-content\"><p>El operador debe monitorear constantemente el rendimiento de la m\u00e1quina y realizar los ajustes necesarios para garantizar un proceso de recolecci\u00f3n eficiente.<\/p> <\/div> <\/div> <div id=\"howto-step-1701672734499\" class=\"rank-math-step\"> <h3 class=\"rank-math-step-title\">Fin de la cosecha<\/h3> <div class=\"rank-math-step-content\"><p>Cuando el campo ha sido completamente cosechado, el operador detiene la m\u00e1quina para realizar las tareas finales de limpieza y mantenimiento.<\/p> <\/div> <\/div> <\/div> <\/div>       <h2 class=\"wp-block-heading\"><strong>\u00bfQu\u00e9 tal el precio de la cosechadora de arroz?<\/strong><\/h2>    <p>El precio de la cosechadora de trigo y arroz se ve afectado por la marca, el modelo, el rendimiento, la configuraci\u00f3n y el \u00e1rea de mercado. Generalmente, las m\u00e1quinas combinadoras de arroz m\u00e1s grandes y avanzadas son relativamente caras, mientras que los modelos m\u00e1s peque\u00f1os o b\u00e1sicos son m\u00e1s econ\u00f3micos. De manera similar, las m\u00e1quinas con calidad garantizada suelen costar m\u00e1s. <\/p>    <figure class=\"wp-block-gallery aligncenter has-nested-images columns-default is-cropped wp-block-gallery-5 is-layout-flex wp-block-gallery-is-layout-flex\"> <figure class=\"wp-block-image size-large\"><img loading=\"lazy\" decoding=\"async\" width=\"720\" height=\"540\" data-id=\"6069\" src=\"https:\/\/taizyagromachine.com\/wp-content\/uploads\/2023\/12\/flat-crawler-combine-harvester-for-rice-wheat.webp\" alt=\"Cosechadora de orugas planas para trigo y arroz\" class=\"wp-image-6069\"\/><figcaption class=\"wp-element-caption\">Cosechadora de orugas planas para trigo y arroz<\/figcaption><\/figure>    <figure class=\"wp-block-image size-large\"><img loading=\"lazy\" decoding=\"async\" width=\"720\" height=\"540\" data-id=\"6070\" src=\"https:\/\/taizyagromachine.com\/wp-content\/uploads\/2023\/12\/triangular-crawler-small-rice-combine-harvester.webp\" alt=\"Cosechadora de arroz peque\u00f1a con orugas triangulares\" class=\"wp-image-6070\"\/><figcaption class=\"wp-element-caption\">Cosechadora de arroz peque\u00f1a con orugas triangulares<\/figcaption><\/figure> <\/figure>    <p>Por ejemplo, nuestra mini cosechadora de arroz tiene precios diferentes para diferentes configuraciones del mismo modelo. El precio tambi\u00e9n es diferente debido a la diferencia en las orugas, una oruga plana y una oruga triangular. Entonces, para obtener el precio exacto de la cosechadora de arroz, cont\u00e1ctenos directamente y le proporcionaremos una cotizaci\u00f3n detallada y comprenderemos los modelos disponibles y sus caracter\u00edsticas.<\/p>    <h2 class=\"wp-block-heading\"><strong>Fabricante y proveedor acreditado de mini cosechadoras de arroz<\/strong><\/h2>    <p>Somos un fabricante y proveedor acreditado de mini cosechadoras de arroz, dedicados a brindarle soluciones agr\u00edcolas confiables. Conocidos por su alta eficiencia, eficiencia energ\u00e9tica y durabilidad, nuestros productos est\u00e1n meticulosamente dise\u00f1ados para adaptarse a una amplia gama de condiciones agr\u00edcolas. Adem\u00e1s de eso, nos centramos en la calidad de nuestros productos y utilizamos tecnolog\u00eda avanzada y materiales de calidad para garantizar un rendimiento superior y una larga vida \u00fatil de nuestras m\u00e1quinas.<\/p>    <figure class=\"wp-block-gallery aligncenter has-nested-images columns-default is-cropped wp-block-gallery-6 is-layout-flex wp-block-gallery-is-layout-flex\"> <figure class=\"wp-block-image size-large\"><img loading=\"lazy\" decoding=\"async\" width=\"720\" height=\"540\" data-id=\"6074\" src=\"https:\/\/taizyagromachine.com\/wp-content\/uploads\/2023\/12\/small-rice-combine-harvester-machine-manufacturer.webp\" alt=\"fabricante de m\u00e1quinas cosechadoras de arroz peque\u00f1as\" class=\"wp-image-6074\"\/><figcaption class=\"wp-element-caption\">fabricante de m\u00e1quinas cosechadoras de arroz peque\u00f1as<\/figcaption><\/figure>    <figure class=\"wp-block-image size-large\"><img loading=\"lazy\" decoding=\"async\" width=\"720\" height=\"540\" data-id=\"6073\" src=\"https:\/\/taizyagromachine.com\/wp-content\/uploads\/2023\/12\/mini-combine-harvester-for-wheat-rice-in-stock.webp\" alt=\"Mini cosechadora para arroz de trigo en stock\" class=\"wp-image-6073\"\/><figcaption class=\"wp-element-caption\">Mini cosechadora para arroz de trigo en stock<\/figcaption><\/figure> <\/figure>    <p>Adem\u00e1s, ofrecemos un completo servicio postventa. Nuestro equipo de servicio est\u00e1 formado por t\u00e9cnicos experimentados que siempre est\u00e1n listos para apoyarlo y resolver problemas. Brindamos servicios de mantenimiento regulares para garantizar que las m\u00e1quinas funcionen de manera estable durante mucho tiempo. Para las necesidades y problemas de los clientes, tomamos respuestas y soluciones oportunas y estamos comprometidos a brindarles la mejor experiencia.<\/p>    <h2 class=\"wp-block-heading\"><strong>Paquete y entrega de m\u00e1quina cosechadora de arroz a la venta<\/strong><\/h2>    <p>Una vez que el cliente ha cooperado con nosotros, tomamos una serie de medidas para garantizar que la cosechadora de arroz sea segura y no sufra da\u00f1os durante el transporte. Podemos embalar la m\u00e1quina en una caja de madera o enviarla directamente, seg\u00fan las necesidades del cliente.<\/p>    <figure class=\"wp-block-gallery aligncenter has-nested-images columns-default is-cropped wp-block-gallery-7 is-layout-flex wp-block-gallery-is-layout-flex\"> <figure class=\"wp-block-image size-large\"><img loading=\"lazy\" decoding=\"async\" width=\"720\" height=\"540\" data-id=\"6072\" src=\"https:\/\/taizyagromachine.com\/wp-content\/uploads\/2023\/12\/wooden-package-of-mini-wheat-rice-combine-harvester.webp\" alt=\"Paquete de madera de mini cosechadora de arroz y trigo.\" class=\"wp-image-6072\"\/><figcaption class=\"wp-element-caption\">Paquete de madera de mini cosechadora de arroz y trigo.<\/figcaption><\/figure>    <figure class=\"wp-block-image size-large\"><img loading=\"lazy\" decoding=\"async\" width=\"720\" height=\"540\" data-id=\"6071\" src=\"https:\/\/taizyagromachine.com\/wp-content\/uploads\/2023\/12\/loading-combine-harvester-machine-to-the-truck.webp\" alt=\"Cargando la m\u00e1quina cosechadora al cami\u00f3n.\" class=\"wp-image-6071\"\/><figcaption class=\"wp-element-caption\">Cargando la m\u00e1quina cosechadora al cami\u00f3n.<\/figcaption><\/figure> <\/figure>    <p class=\"translation-block\"><strong>Embalaje en caja de madera<\/strong>: Nuestro equipo empaqueta cuidadosamente para garantizar que cada parte cr\u00edtica est\u00e9 debidamente protegida. Para las cajas de madera, nuestro equipo empaqueta cuidadosamente y garantiza que cada parte cr\u00edtica est\u00e9 debidamente protegida. Marcamos etiquetas claras y preparamos la documentaci\u00f3n necesaria para garantizar un proceso de despacho de aduanas sin problemas.<\/p>    <p class=\"translation-block\"><strong>Entrega<\/strong>: El modo de transporte se organiza seg\u00fan las necesidades del cliente, incluyendo transporte terrestre, mar\u00edtimo o a\u00e9reo. Proporcionamos informaci\u00f3n de seguimiento del env\u00edo para garantizar que el cliente conozca la ubicaci\u00f3n y la hora de llegada de la m\u00e1quina.<\/p>    <p>Nuestro objetivo es brindar un servicio de embalaje y env\u00edo seguro y eficiente para garantizar que nuestros clientes reciban una cosechadora de arroz de calidad.<\/p>    <h2 class=\"wp-block-heading\"><strong>Consejos para elegir una cosechadora de arroz<\/strong><\/h2>   <div class=\"wp-block-image\"> <figure class=\"aligncenter size-full\"><img loading=\"lazy\" decoding=\"async\" width=\"720\" height=\"540\" src=\"https:\/\/taizyagromachine.com\/wp-content\/uploads\/2023\/12\/paddy-rice-fields.webp\" alt=\"campos de arroz con c\u00e1scara\" class=\"wp-image-6075\"\/><figcaption class=\"wp-element-caption\">campos de arroz con c\u00e1scara<\/figcaption><\/figure> <\/div>   <p>Seleccione cuidadosamente la cosechadora de arroz adecuada seg\u00fan las condiciones y necesidades reales de la granja. Debe considerar el entorno en el que se cultiva el arroz al hacer su selecci\u00f3n para garantizar que la cosechadora de arroz funcione bien en diferentes condiciones. A continuaci\u00f3n le presentamos algunas sugerencias que puede considerar en funci\u00f3n de las diferentes caracter\u00edsticas de nuestras m\u00e1quinas sobre orugas:<\/p>    <p>Si sus campos son predominantemente secos y no demasiado embarrados, el tipo de oruga triangular puede ser una buena opci\u00f3n ya que ofrece una mejor estabilidad.<\/p>    <p>En \u00e1reas embarradas o con bases profundas de barro, el tipo de oruga plana es m\u00e1s adecuado ya que reduce el impacto de las bondades en el suelo y reduce el riesgo para su m\u00e1quina.<\/p>    <h2 class=\"wp-block-heading\"><strong>Proceso de pedido de m\u00e1quina cosechadora<\/strong><\/h2>    <ol class=\"wp-block-list\"> <li><strong>Cont\u00e1ctenos para preguntar precio<\/strong>: Primero debe contactarnos para contarnos sus necesidades y le asignaremos un gerente profesional para brindarle informaci\u00f3n detallada.<\/li>    <li><strong>Conozca la m\u00e1quina en detalle<\/strong>: Durante sus conversaciones con el gerente profesional, gradualmente se familiarizar\u00e1 m\u00e1s con la m\u00e1quina combinadora de arroz y comprender\u00e1 sus necesidades.<\/li>    <li><strong>determinar la maquina<\/strong>: Con base en lo anterior, puede indicarnos muy claramente el tipo de m\u00e1quina que desea, los detalles de la m\u00e1quina, etc.<\/li>    <li><strong>Firma el contrato y paga el dep\u00f3sito.<\/strong>: Despu\u00e9s de decidir realizar el pedido, ambos firmaremos el contrato y usted deber\u00e1 pagar el anticipo (normalmente 30%).<\/li>    <li><strong>producci\u00f3n de m\u00e1quinas<\/strong>: Despu\u00e9s de recibir el dep\u00f3sito, nuestra f\u00e1brica comienza a producir la m\u00e1quina y lo mantendremos informado sobre el progreso de la producci\u00f3n de la m\u00e1quina.<\/li>    <li><strong>Confirmaci\u00f3n de finalizaci\u00f3n de la m\u00e1quina y pago final.<\/strong>: Al completar la mini m\u00e1quina cosechadora de arroz, le daremos fotos y video de confirmaci\u00f3n y deber\u00e1 pagar el saldo y luego empacar la m\u00e1quina para la entrega.<\/li>    <li><strong>Paquete y env\u00edo<\/strong>: Las m\u00e1quinas normalmente se embalan y env\u00edan a su destino por v\u00eda mar\u00edtima (en casos especiales, esto se puede coordinar entre ambas partes).<\/li> <\/ol>","protected":false},"excerpt":{"rendered":"<p>This rice combine harvester (also called wheat combine harvester, small combine harvester )is multifunctional agricultural equipment that not only efficiently harvests crops such as rice and wheat, but also has a threshing function that separates the seeds from the husk using an inbuilt thresher. This machine improves agricultural productivity due to its flexible adjustability that [&hellip;]<\/p>\n","protected":false},"author":1,"featured_media":6062,"parent":0,"template":"","tags":[218,219],"product-type":[20],"class_list":["post-6061","product","type-product","status-publish","has-post-thumbnail","hentry","tag-rice","tag-wheat","product-type-rice-and-wheat-machine"],"_links":{"self":[{"href":"https:\/\/taizyagromachine.com\/es\/wp-json\/wp\/v2\/product\/6061","targetHints":{"allow":["GET"]}}],"collection":[{"href":"https:\/\/taizyagromachine.com\/es\/wp-json\/wp\/v2\/product"}],"about":[{"href":"https:\/\/taizyagromachine.com\/es\/wp-json\/wp\/v2\/types\/product"}],"author":[{"embeddable":true,"href":"https:\/\/taizyagromachine.com\/es\/wp-json\/wp\/v2\/users\/1"}],"wp:featuredmedia":[{"embeddable":true,"href":"https:\/\/taizyagromachine.com\/es\/wp-json\/wp\/v2\/media\/6062"}],"wp:attachment":[{"href":"https:\/\/taizyagromachine.com\/es\/wp-json\/wp\/v2\/media?parent=6061"}],"wp:term":[{"taxonomy":"post_tag","embeddable":true,"href":"https:\/\/taizyagromachine.com\/es\/wp-json\/wp\/v2\/tags?post=6061"},{"taxonomy":"product-type","embeddable":true,"href":"https:\/\/taizyagromachine.com\/es\/wp-json\/wp\/v2\/product-type?post=6061"}],"curies":[{"name":"wp","href":"https:\/\/api.w.org\/{rel}","templated":true}]}}