{"id":6523,"date":"2024-01-26T16:59:23","date_gmt":"2024-01-26T08:59:23","guid":{"rendered":"https:\/\/taizyagromachine.com\/?post_type=product&#038;p=6523"},"modified":"2025-11-04T13:50:08","modified_gmt":"2025-11-04T05:50:08","slug":"mobile-grain-dryer","status":"publish","type":"product","link":"https:\/\/taizyagromachine.com\/es\/product\/mobile-grain-dryer\/","title":{"rendered":"Secador de granos m\u00f3vil para secado de ma\u00edz, trigo y arroz"},"content":{"rendered":"<p class=\"translation-block\">Our <strong>mobile grain dryer<\/strong> is specially designed for various crops drying, such as rice, wheat, maize, soybeans, etc. The main function is to quickly and effectively remove water from newly harvested grain to ensure that the grain reaches a safe moisture content before warehousing and storage to prevent losses such as mould, germination and insect damage.<\/p>    <p>Nuestra secadora de granos port\u00e1til est\u00e1 disponible en contenedores simples y dobles, con producciones que var\u00edan de 10 a 240 toneladas por 24 horas. Si desea obtener m\u00e1s informaci\u00f3n, bienvenido a contactarnos ahora.<\/p>    <figure class=\"wp-block-embed is-type-video is-provider-youtube wp-block-embed-youtube wp-embed-aspect-16-9 wp-has-aspect-ratio\"><div class=\"wp-block-embed__wrapper\"> <iframe loading=\"lazy\" title=\"Secador de granos m\u00f3vil en acci\u00f3n: secado eficiente de ma\u00edz en la granja | Secador de ma\u00edz #dryer #graindryer\" width=\"500\" height=\"281\" src=\"https:\/\/www.youtube.com\/embed\/AJ6ZaE6ASIE?feature=oembed\" frameborder=\"0\" allow=\"accelerometer; autoplay; clipboard-write; encrypted-media; gyroscope; picture-in-picture; web-share\" referrerpolicy=\"strict-origin-when-cross-origin\" allowfullscreen><\/iframe> <\/div><figcaption class=\"wp-element-caption\">Video de trabajo del secador de granos m\u00f3vil.<\/figcaption><\/figure>    <h2 class=\"wp-block-heading\"><strong>Tipos disponibles de secadora de granos m\u00f3vil a la venta<\/strong><\/h2>    <p class=\"translation-block\"><strong>Grain dryer with single silo<\/strong><\/p>    <figure class=\"wp-block-table\"><table class=\"has-fixed-layout\"><tbody><tr><td><strong>Silo <\/strong><strong>Volumen <\/strong><strong><\/strong><\/td><td><strong>Tama\u00f1o total (L*W*H)mm<\/strong><\/td><td><strong>Peso (toneladas)<\/strong><\/td><td><strong>Potencia del transportador de tornillo<\/strong><\/td><td><strong>Potencia del ventilador principal<\/strong><\/td><td><strong>Ventilador de tiro inducido<\/strong><\/td><td><strong>Env\u00edo<\/strong><\/td><\/tr><tr><td>2 toneladas<\/td><td>4000*1800*3800<\/td><td>2.8<\/td><td>4KW<\/td><td>3kw<\/td><td>0.75KW<\/td><td>20GP<\/td><\/tr><tr><td>4 toneladas<\/td><td>4200*2200*4600<\/td><td>4.5<\/td><td>7,5 kw<\/td><td>5.5kw<\/td><td>0.75KW<\/td><td>40HQ<\/td><\/tr><tr><td>6 toneladas<\/td><td>4600*2400*5000<\/td><td>5.3<\/td><td>7,5 kw<\/td><td>7,5 kw<\/td><td>0.75KW<\/td><td>40HQ<\/td><\/tr><tr><td>8 toneladas<\/td><td>4800*2400*5600<\/td><td>6.5<\/td><td>7,5 kw<\/td><td>7,5 kw<\/td><td>0.75KW<\/td><td>40HQ<\/td><\/tr><tr><td>10 toneladas<\/td><td>4800*2500*6200<\/td><td>7.4<\/td><td>7,5 kw<\/td><td>11kw<\/td><td>1.5KW<\/td><td>40HQ<\/td><\/tr><\/tbody><\/table><figcaption class=\"wp-element-caption\">Especificaciones t\u00e9cnicas de los secadores de granos peque\u00f1os con un solo contenedor.<\/figcaption><\/figure>    <p>\u00a0Observaci\u00f3n: esta m\u00e1quina de secado de granos puede usar carb\u00f3n, di\u00e9sel, gas o electricidad como combustible para el horno de combusti\u00f3n.<\/p>   <div class=\"wp-block-image\"> <figure class=\"aligncenter size-full\"><img loading=\"lazy\" decoding=\"async\" width=\"720\" height=\"540\" src=\"https:\/\/taizyagromachine.com\/wp-content\/uploads\/2024\/01\/mobile-corn-maize-drying-machine.webp\" alt=\"secadora de ma\u00edz m\u00f3vil\" class=\"wp-image-6528\"\/><figcaption class=\"wp-element-caption\">secadora de ma\u00edz m\u00f3vil<\/figcaption><\/figure> <\/div>   <p class=\"translation-block\"><strong>Difference between single bin and double bins<\/strong>:<\/p>    <ul class=\"wp-block-list\"> <li><strong>contenedor individual<\/strong>: El tiempo de secado para cada contenedor es de 2,5 a 3 horas (porque hay un tiempo de alimentaci\u00f3n y descarga de grano). Cada contenedor desperdiciar\u00e1 el exceso de calor. El coste del secado es ligeramente mayor. Ocupa una superficie reducida, es de tama\u00f1o reducido, compacto y ligero.<\/li>    <li><strong>Contenedores dobles<\/strong>: El tiempo de secado de cada contenedor es de 2 horas. Dos contenedores cargan y liberan el grano alternativamente sin ning\u00fan intervalo. El rendimiento es alto y el calor se utiliza por completo, lo que reduce en gran medida el costo de secado.<\/li> <\/ul>    <h2 class=\"wp-block-heading\"><strong>Cultivos aplicables que se secar\u00e1n con una secadora de granos m\u00f3vil.<\/strong><\/h2>    <p>Nuestro secador de granos por lotes a la venta es ideal para secar trigo, sorgo, ma\u00edz, arroz, granos, colza y frijoles.<\/p>   <div class=\"wp-block-image\"> <figure class=\"aligncenter size-full\"><img loading=\"lazy\" decoding=\"async\" width=\"720\" height=\"540\" src=\"https:\/\/taizyagromachine.com\/wp-content\/uploads\/2024\/01\/crops-that-can-be-dried-by-small-grain-dryer.webp\" alt=\"cultivos que se pueden secar con un secador de granos peque\u00f1os\" class=\"wp-image-6527\"\/><figcaption class=\"wp-element-caption\">cultivos que se pueden secar con un secador de granos peque\u00f1os<\/figcaption><\/figure> <\/div>   <h2 class=\"wp-block-heading\"><strong><strong>Recomendaci\u00f3n de temperatura de secado para varios cultivos<\/strong><\/strong><\/h2>    <figure class=\"wp-block-table\"><table class=\"has-fixed-layout\"><tbody><tr><td><strong>Grano <\/strong><strong><\/strong><\/td><td><strong>Temperatura de secado<\/strong><strong><\/strong><\/td><\/tr><tr><td>Ma\u00edz<\/td><td>100-140\u2103<\/td><\/tr><tr><td>Trigo<\/td><td>80\u201390\u2103<\/td><\/tr><tr><td>Arroz<\/td><td>60-70\u2103<\/td><\/tr><tr><td>Sorgo<\/td><td>100-140\u2103<\/td><\/tr><tr><td>Frijoles<\/td><td>100\u2103<\/td><\/tr><tr><td>Mijo<\/td><td>80\u2103<\/td><\/tr><tr><td>Colza<\/td><td>100\u2103<\/td><\/tr><\/tbody><\/table><figcaption class=\"wp-element-caption\">temperatura de secado de cultivos<\/figcaption><\/figure>    <h2 class=\"wp-block-heading\"><strong>Dise\u00f1o de secador de cultivos comercial.<\/strong><\/h2>    <p>Este tipo de secador de granos m\u00f3vil consta de silo, escalera, puerto de alimentaci\u00f3n, horno, cicl\u00f3n, remolque, contenedor, ruedas, ventiladores, etc.<\/p>   <div class=\"wp-block-image\"> <figure class=\"aligncenter size-full\"><img loading=\"lazy\" decoding=\"async\" width=\"720\" height=\"540\" src=\"https:\/\/taizyagromachine.com\/wp-content\/uploads\/2024\/01\/structure-of-mobile-grain-drying-machine.jpg\" alt=\"Estructura de la secadora de granos m\u00f3vil.\" class=\"wp-image-6526\"\/><figcaption class=\"wp-element-caption\">Estructura de la secadora de granos m\u00f3vil.<\/figcaption><\/figure> <\/div>   <p>Los silos de grano son todos de acero inoxidable, las ventajas de los silos de acero inoxidable:<\/p>    <ul class=\"wp-block-list\"> <li>Sin miedo a la niebla y la corrosi\u00f3n del agua, alta dureza y resistencia al desgaste.<\/li>    <li>No se oxidar\u00e1 ni provocar\u00e1 manchas de \u00f3xido en grandes \u00e1reas y no afectar\u00e1 la calidad del grano.<\/li>    <li>Despu\u00e9s de usarlo durante un a\u00f1o, \u00a1el acero inoxidable del pr\u00f3ximo a\u00f1o sigue tan nuevo como siempre!<br><\/li> <\/ul>    <h2 class=\"wp-block-heading\"><strong>Diferencias entre secadora de granos m\u00f3vil y secadora de granos de torre<\/strong><\/h2>    <figure class=\"wp-block-table\"><table><tbody><tr><td>Tipos<\/td><td>Secador de cultivos m\u00f3vil<\/td><td><a href=\"https:\/\/taizyagromachine.com\/es\/product\/paddy-dryer\/\">Secadora de granos de torre<\/a><\/td><\/tr><tr><td>Ruido al trabajar<\/td><td>Peque\u00f1o<\/td><td>Grande<\/td><\/tr><tr><td>Ocupando espacio<\/td><td>Bajo<\/td><td>Alto<\/td><\/tr><tr><td>C\u00f3modo para moverse<\/td><td>Tiene ruedas, f\u00e1cil de mover.<\/td><td>Una vez instalado, es dif\u00edcil moverse.<\/td><\/tr><tr><td>Costo de mantenimiento<\/td><td>F\u00e1cil de mover, protegido del viento y la lluvia, relativamente bajo<\/td><td>Est\u00e1 expuesto al viento y al sol durante todo el a\u00f1o y el coste de mantenimiento anual es muy elevado.<\/td><\/tr><\/tbody><\/table><figcaption class=\"wp-element-caption\">Lista de diferencias de dos tipos de secadores de granos.<\/figcaption><\/figure>    <figure class=\"wp-block-gallery aligncenter has-nested-images columns-default is-cropped wp-block-gallery-2 is-layout-flex wp-block-gallery-is-layout-flex\"> <figure class=\"wp-block-image size-full\"><img loading=\"lazy\" decoding=\"async\" width=\"720\" height=\"750\" data-id=\"6533\" src=\"https:\/\/taizyagromachine.com\/wp-content\/uploads\/2024\/01\/Taizy-crop-dryer-for-sale.webp\" alt=\"Secadora de cultivos Taizy a la venta\" class=\"wp-image-6533\"\/><figcaption class=\"wp-element-caption\">Secadora de cultivos Taizy a la venta<\/figcaption><\/figure>    <figure class=\"wp-block-image size-large\"><img loading=\"lazy\" decoding=\"async\" width=\"640\" height=\"640\" data-id=\"6424\" src=\"https:\/\/taizyagromachine.com\/wp-content\/uploads\/2022\/02\/paddy-dryer-machine-for-corn.webp\" alt=\"M\u00e1quina secadora de arroz para ma\u00edz.\" class=\"wp-image-6424\"\/><figcaption class=\"wp-element-caption\">M\u00e1quina secadora de arroz para ma\u00edz.<\/figcaption><\/figure> <\/figure>    <h2 class=\"wp-block-heading\"><strong>\u00bfQu\u00e9 tal el precio del secador de granos m\u00f3vil?<\/strong><\/h2>    <p>El precio de un secador de granos m\u00f3vil se ve afectado por varios factores, entre los que se incluyen el modelo de m\u00e1quina, la capacidad de producci\u00f3n, el tipo de quemador y si est\u00e1 personalizado o no.<\/p>    <ul class=\"wp-block-list\"> <li><strong>Modelos y capacidades: <\/strong>El precio de los diferentes modelos y capacidades de secadores de ma\u00edz var\u00eda significativamente debido al costo de los materiales de fabricaci\u00f3n, el nivel t\u00e9cnico y la capacidad de procesamiento. En t\u00e9rminos generales, los secadores de arroz grandes y de alta producci\u00f3n tendr\u00e1n un precio de venta m\u00e1s alto debido a su alta eficiencia y dise\u00f1o de gran capacidad.<\/li>    <li><strong>Combustible para quemar el horno.<\/strong>: La selecci\u00f3n del tipo de quemador tambi\u00e9n afectar\u00e1 el precio, como por ejemplo el uso de gas, diesel, electricidad o combustible de biomasa, existe una diferencia en los costos de operaci\u00f3n, desempe\u00f1o ambiental y costos de adquisici\u00f3n de equipos.<\/li>    <li><strong>Personalizaci\u00f3n<\/strong>: Si el secador de granos m\u00f3vil brinda un servicio de personalizaci\u00f3n personalizado tambi\u00e9n es un indicador importante para determinar su precio. Opciones de personalizaci\u00f3n adicionales, como un sistema de control inteligente, un sistema preciso de monitoreo de la humedad o materiales duraderos para entornos de uso especial, har\u00e1n que el precio aumente.<\/li> <\/ul>    <figure class=\"wp-block-gallery aligncenter has-nested-images columns-default is-cropped wp-block-gallery-3 is-layout-flex wp-block-gallery-is-layout-flex\"> <figure class=\"wp-block-image size-large\"><img loading=\"lazy\" decoding=\"async\" width=\"720\" height=\"750\" data-id=\"6529\" src=\"https:\/\/taizyagromachine.com\/wp-content\/uploads\/2024\/01\/mobile-grain-dryer-machine.webp\" alt=\"secadora de granos m\u00f3vil\" class=\"wp-image-6529\"\/><figcaption class=\"wp-element-caption\">secadora de granos m\u00f3vil<\/figcaption><\/figure>    <figure class=\"wp-block-image size-large\"><img loading=\"lazy\" decoding=\"async\" width=\"720\" height=\"750\" data-id=\"6530\" src=\"https:\/\/taizyagromachine.com\/wp-content\/uploads\/2024\/01\/small-batch-grain-dryer-for-sale.webp\" alt=\"Se vende secador de granos de lotes peque\u00f1os\" class=\"wp-image-6530\"\/><figcaption class=\"wp-element-caption\">Se vende secador de granos de lotes peque\u00f1os<\/figcaption><\/figure> <\/figure>    <p>En resumen, al comprar secadores de granos m\u00f3viles, debe considerar sus propias necesidades de producci\u00f3n, la eficiencia esperada, los costos de consumo de energ\u00eda y las configuraciones personalizadas para garantizar que satisface las necesidades reales y al mismo tiempo controla razonablemente los costos de inversi\u00f3n.<\/p>    <h2 class=\"wp-block-heading\"><strong>Taizy: un acreditado fabricante de secadores de granos<\/strong><\/h2>    <p>Con su tecnolog\u00eda profesional, amplia gama de productos, est\u00e1ndares de alta calidad, capacidad de personalizaci\u00f3n flexible y sistema integral de servicio posventa, nos convertimos en un proveedor confiable de secadores de granos en los campos agr\u00edcolas nacionales e internacionales.<\/p>    <ul class=\"wp-block-list\"> <li><strong>Fuerza t\u00e9cnica profesional<\/strong>: Taizy cuenta con un s\u00f3lido equipo t\u00e9cnico de investigaci\u00f3n y desarrollo y un proceso de fabricaci\u00f3n avanzado, innovaci\u00f3n continua y optimizaci\u00f3n del dise\u00f1o del producto, para garantizar que la producci\u00f3n de secadores de granos m\u00f3viles en t\u00e9rminos de rendimiento, eficiencia y ahorro de energ\u00eda haya alcanzado el nivel l\u00edder de la industria.<\/li>    <li><strong>Servicio personalizado personalizado<\/strong>: Somos buenos en dise\u00f1os personalizados de acuerdo con las condiciones y necesidades espec\u00edficas de los clientes, incluida la selecci\u00f3n del tipo de quemador, la combinaci\u00f3n de fuentes de calor, la configuraci\u00f3n del sistema de control inteligente, etc., para satisfacer las necesidades de mercados diversificados.<\/li>    <li><strong>Servicio postventa perfecto<\/strong>: Taizy promete brindar a los clientes una experiencia de servicio sin preocupaciones, que incluye, entre otros, instalaci\u00f3n y puesta en servicio, capacitaci\u00f3n operativa, mantenimiento posventa y soporte t\u00e9cnico, para garantizar que el secador de ma\u00edz funcione de manera eficiente y estable durante todo el ciclo de uso.<\/li>    <li><strong>Reconocimiento y cooperaci\u00f3n internacional<\/strong>: Como marca de renombre, Taizy no solo ha establecido una posici\u00f3n s\u00f3lida en el mercado nacional, sino que tambi\u00e9n ha obtenido un gran reconocimiento en el mercado internacional. Ha establecido una cooperaci\u00f3n a largo plazo con empresas de muchos pa\u00edses y regiones, lo que demuestra la competitividad de sus productos y su visi\u00f3n internacional.<\/li> <\/ul>    <figure class=\"wp-block-gallery aligncenter has-nested-images columns-default is-cropped wp-block-gallery-4 is-layout-flex wp-block-gallery-is-layout-flex\"> <figure class=\"wp-block-image size-large\"><img loading=\"lazy\" decoding=\"async\" width=\"720\" height=\"750\" data-id=\"6531\" src=\"https:\/\/taizyagromachine.com\/wp-content\/uploads\/2024\/01\/mobile-grain-dryer-for-rice-wheat-corn.webp\" alt=\"Secador de granos m\u00f3vil para arroz, trigo, ma\u00edz.\" class=\"wp-image-6531\"\/><figcaption class=\"wp-element-caption\">Secador de granos m\u00f3vil para arroz, trigo, ma\u00edz.<\/figcaption><\/figure>    <figure class=\"wp-block-image size-large\"><img loading=\"lazy\" decoding=\"async\" width=\"720\" height=\"750\" data-id=\"6532\" src=\"https:\/\/taizyagromachine.com\/wp-content\/uploads\/2024\/01\/portable-grain-dryer-for-maize.webp\" alt=\"secador de granos port\u00e1til para ma\u00edz\" class=\"wp-image-6532\"\/><figcaption class=\"wp-element-caption\">secador de granos port\u00e1til para ma\u00edz<\/figcaption><\/figure> <\/figure>    <h2 class=\"wp-block-heading\"><strong>Preguntas frecuentes sobre la secadora de granos m\u00f3vil<\/strong><\/h2>   <div id=\"rank-math-faq\" class=\"rank-math-block\"> <div class=\"rank-math-list\"> <div id=\"faq-question-1706252443000\" class=\"rank-math-list-item\"> <h3 class=\"rank-math-question\"><strong>\u00bfDe qu\u00e9 material es el secador de cereales?<\/strong><\/h3> <div class=\"rank-math-answer\">  <p>El contenedor de granos m\u00f3vil es de acero inoxidable. La parte calefactora es de acero al carbono.<\/p>  <\/div> <\/div> <div id=\"faq-question-1706252513798\" class=\"rank-math-list-item\"> <h3 class=\"rank-math-question\"><strong>\u00bfQu\u00e9 tal las ventajas del acero inoxidable y el acero galvanizado?<\/strong><\/h3> <div class=\"rank-math-answer\">  <p class=\"translation-block\"><strong>Beneficios del acero inoxidable<\/strong>: Cuando la m\u00e1quina est\u00e1 en funcionamiento, saldr\u00e1 vapor de agua. El acero inoxidable no teme a la corrosi\u00f3n y no tendr\u00e1 manchas de \u00f3xido. Incluso si se usa este a\u00f1o, estar\u00e1 bien para el segundo a\u00f1o despu\u00e9s de guardar la m\u00e1quina.<br \/><strong>Beneficios del acero galvanizado<\/strong>: Es barato pero se oxida.<\/p>  <\/div> <\/div> <div id=\"faq-question-1706255494220\" class=\"rank-math-list-item\"> <h3 class=\"rank-math-question\"><strong>\u00bfQu\u00e9 cultivos pueden secarse? \u00bfCuantos grados es la temperatura? \u00bfSe puede controlar el control de temperatura?<\/strong><\/h3> <div class=\"rank-math-answer\">  <p class=\"translation-block\">Nuestra secadora m\u00f3vil de grano puede secar ma\u00edz, trigo, frijoles, arroz, sorgo y colza.<br \/>Nuestras secadoras son de secado con aire caliente y no destruir\u00e1n la calidad del grano. No afectan el color. Los <a href=\"https:\/\/en.wikipedia.org\/wiki\/Grain\" target=\"_blank\" rel=\"noopener\">granos<\/a> se pueden comer.<br \/><strong>Temperatura del ma\u00edz<\/strong>: 100-140 grados<br \/><strong>Temperatura del trigo<\/strong>: 80-90 grados<br \/><strong>Temperatura del arroz<\/strong>: 60-70 grados<br \/><strong>Temperatura del sorgo<\/strong>: 100-140 grados<br \/><strong>Temperatura de los frijoles<\/strong>: 100 grados<br \/><strong>Temperatura del grano<\/strong>: 80 grados (con malla de 1 mm)<br \/><strong>Temperatura de la colza<\/strong>: 100 grados (con malla de 1 mm)<\/p>  <\/div> <\/div> <div id=\"faq-question-1706256407163\" class=\"rank-math-list-item\"> <h3 class=\"rank-math-question\"><strong>\u00bfQu\u00e9 se puede utilizar como fuente de calor?<\/strong><\/h3> <div class=\"rank-math-answer\">  <p>Carb\u00f3n, di\u00e9sel, metanol, biomasa, electricidad.<\/p>  <\/div> <\/div> <div id=\"faq-question-1706256430292\" class=\"rank-math-list-item\"> <h3 class=\"rank-math-question\"><strong>Cu\u00e1nto dura la garant\u00eda?<\/strong><\/h3> <div class=\"rank-math-answer\">  <p>Toda la garant\u00eda de la m\u00e1quina de un a\u00f1o.<\/p>  <\/div> <\/div> <div id=\"faq-question-1706256454820\" class=\"rank-math-list-item\"> <h3 class=\"rank-math-question\"><strong>Si no s\u00e9 c\u00f3mo usarlo, \u00bfpueden venir a mi f\u00e1brica a instalarlo?<\/strong><\/h3> <div class=\"rank-math-answer\">  <p>Si no sabes c\u00f3mo usarlo, realizamos instalaci\u00f3n y depuraci\u00f3n puerta a puerta, pero para reembolsarte los gastos de viaje y alimentaci\u00f3n y alojamiento b\u00e1sicos.<\/p>  <\/div> <\/div> <\/div> <\/div>","protected":false},"excerpt":{"rendered":"<p>Our mobile grain dryer is specially designed for various crops drying, such as rice, wheat, maize, soybeans, etc. The main function is to quickly and effectively remove water from newly harvested grain to ensure that the grain reaches a safe moisture content before warehousing and storage to prevent losses such as mould, germination and insect [&hellip;]<\/p>\n","protected":false},"author":1,"featured_media":6524,"parent":0,"template":"","tags":[223],"product-type":[30],"class_list":["post-6523","product","type-product","status-publish","has-post-thumbnail","hentry","tag-grain-drying","product-type-grain-dryer"],"_links":{"self":[{"href":"https:\/\/taizyagromachine.com\/es\/wp-json\/wp\/v2\/product\/6523","targetHints":{"allow":["GET"]}}],"collection":[{"href":"https:\/\/taizyagromachine.com\/es\/wp-json\/wp\/v2\/product"}],"about":[{"href":"https:\/\/taizyagromachine.com\/es\/wp-json\/wp\/v2\/types\/product"}],"author":[{"embeddable":true,"href":"https:\/\/taizyagromachine.com\/es\/wp-json\/wp\/v2\/users\/1"}],"wp:featuredmedia":[{"embeddable":true,"href":"https:\/\/taizyagromachine.com\/es\/wp-json\/wp\/v2\/media\/6524"}],"wp:attachment":[{"href":"https:\/\/taizyagromachine.com\/es\/wp-json\/wp\/v2\/media?parent=6523"}],"wp:term":[{"taxonomy":"post_tag","embeddable":true,"href":"https:\/\/taizyagromachine.com\/es\/wp-json\/wp\/v2\/tags?post=6523"},{"taxonomy":"product-type","embeddable":true,"href":"https:\/\/taizyagromachine.com\/es\/wp-json\/wp\/v2\/product-type?post=6523"}],"curies":[{"name":"wp","href":"https:\/\/api.w.org\/{rel}","templated":true}]}}